{"id":21423,"date":"2025-10-16T15:53:36","date_gmt":"2025-10-16T15:53:36","guid":{"rendered":"https:\/\/www.ghostysky.com\/?post_type=product&#038;p=21423"},"modified":"2026-01-10T08:13:44","modified_gmt":"2026-01-10T08:13:44","slug":"unitree-h1","status":"publish","type":"product","link":"https:\/\/www.ghostysky.com\/pt\/product\/unitree-h1\/","title":{"rendered":"Unitree H1"},"content":{"rendered":"<h3>Principais recursos e desempenho<\/h3>\n<ul>\n<li><b>Mobilidade de classe mundial:<\/b><span class=\"citation-590 citation-end-590\"> O H1 possui uma marcha est\u00e1vel e capacidades de movimento excepcionalmente flex\u00edveis, permitindo que ele ande e corra de forma aut\u00f4noma em terrenos complexos.<sup class=\"superscript\" data-turn-source-index=\"2\">2<\/sup><\/span> <span class=\"citation-589\">Possui uma confirmada <\/span><b><span class=\"citation-589\">velocidade de movimento recorde mundial de 3,3 m\/s (7,38 mph)<\/span><\/b><span class=\"citation-589 citation-end-589\">, com mobilidade potencial superior a 5 m\/s.<sup class=\"superscript\" data-turn-source-index=\"3\">3<\/sup><\/span> <span class=\"citation-588 citation-end-588\">\u00c9 tamb\u00e9m o primeiro humanoide el\u00e9trico a realizar um mortal para tr\u00e1s em p\u00e9.<\/span><\/li>\n<li><b>Alta pot\u00eancia e destreza:<\/b><span class=\"citation-587\"> Em p\u00e9 aproximadamente <\/span><b><span class=\"citation-587\">180 cm de altura<\/span><\/b><span class=\"citation-587\"> e pesando em torno de <\/span><b><span class=\"citation-587\">47 kg<\/span><\/b><span class=\"citation-587 citation-end-587\">, o H1 foi projetado para alto desempenho.<sup class=\"superscript\" data-turn-source-index=\"5\">5<\/sup><\/span> <span class=\"citation-586\">Ele utiliza o desenvolvimento pr\u00f3prio da Unitree <\/span><b><span class=\"citation-586\">Motores de junta M107<\/span><\/b><span class=\"citation-586\">, proporcionando um torque m\u00e1ximo de articula\u00e7\u00e3o de at\u00e9 <\/span><b><span class=\"citation-586\">360 N\u00b7m<\/span><\/b><span class=\"citation-586 citation-end-586\"> no joelho e uma densidade de torque de pico de <sup class=\"superscript\" data-turn-source-index=\"6\">6<\/sup><\/span><span class=\"math-inline\" data-math=\"189 N \\cdot m\/kg\">$189 N \\cdot m\/kg$<\/span><span class=\"citation-585 citation-end-585\">.<\/span><\/li>\n<li><b><span class=\"citation-584\">Percep\u00e7\u00e3o Avan\u00e7ada:<\/span><\/b><span class=\"citation-584\"> Equipado com um sofisticado <\/span><b><span class=\"citation-584\">LiDAR 3D<\/span><\/b><span class=\"citation-584\"> e um <\/span><b><span class=\"citation-584\">c\u00e2mera de profundidade<\/span><\/b><span class=\"citation-584 citation-end-584\">, o rob\u00f4 alcan\u00e7a <sup class=\"superscript\" data-turn-source-index=\"8\">8<\/sup><\/span><span class=\"math-inline\" data-math=\"360^{\\circ}\">$360^{\\circ}$<\/span><span class=\"citation-583 citation-end-583\"> percep\u00e7\u00e3o de profundidade, permitindo a aquisi\u00e7\u00e3o em tempo real de dados espaciais de alta precis\u00e3o e varredura panor\u00e2mica para navega\u00e7\u00e3o inteligente e intera\u00e7\u00e3o ambiental.<\/span><\/li>\n<li><b><span class=\"citation-582\">Design robusto e modular:<\/span><\/b><span class=\"citation-582 citation-end-582\"> Constru\u00eddo com ligas de alum\u00ednio de n\u00edvel de avia\u00e7\u00e3o e fibra de carbono para uma estrutura leve, por\u00e9m forte.<sup class=\"superscript\" data-turn-source-index=\"10\">10<\/sup><\/span> <span class=\"citation-581 citation-end-581\">Apresenta um <sup class=\"superscript\" data-turn-source-index=\"11\">11<\/sup><\/span><span class=\"math-inline\" data-math=\"864 Wh\">$864 Wh$<\/span><span class=\"citation-580 citation-end-580\"> bateria de r\u00e1pida substitui\u00e7\u00e3o para maior durabilidade operacional.<\/span><\/li>\n<li><b>Pronto para desenvolvimento:<\/b><span class=\"citation-579 citation-end-579\"> O H1 \u00e9 uma plataforma definitiva para P&amp;D s\u00e9rio, pesquisa acad\u00eamica e educa\u00e7\u00e3o.<sup class=\"superscript\" data-turn-source-index=\"13\">13<\/sup><\/span> <span class=\"citation-578 citation-end-578\">Ele oferece suporte a um amplo ecossistema de desenvolvimento, incluindo simula\u00e7\u00e3o (MuJoCo, Isaac Lab), teleopera\u00e7\u00e3o e programa\u00e7\u00e3o de SDK em C++, Python e ROS2.<sup class=\"superscript\" data-turn-source-index=\"14\">14<\/sup><\/span> <span class=\"citation-577\">O controle e a percep\u00e7\u00e3o s\u00e3o alimentados por alto desempenho <\/span><b><span class=\"citation-577\">Processadores Intel Core i5\/i7<\/span><\/b><span class=\"citation-577 citation-end-577\"> (com configura\u00e7\u00f5es opcionais dispon\u00edveis).<\/span><\/li>\n<li><b>Aplica\u00e7\u00f5es vers\u00e1teis:<\/b><span class=\"citation-576 citation-end-576\"> Projetado para uma ampla gama de aplica\u00e7\u00f5es, incluindo automa\u00e7\u00e3o industrial, log\u00edstica, assist\u00eancia domiciliar, inspe\u00e7\u00e3o, seguran\u00e7a e pesquisa geral em IA incorporada.<\/span><\/li>\n<\/ul>\n<p><span class=\"citation-575 citation-end-575\">O Unitree H1 \u00e9 uma verdadeira representa\u00e7\u00e3o da pr\u00f3xima revolu\u00e7\u00e3o industrial, unindo desempenho de ponta, tecnologia avan\u00e7ada e IA universal para redefinir o que um rob\u00f4 humanoide de uso geral pode alcan\u00e7ar.<\/span><\/p>","protected":false},"excerpt":{"rendered":"<p><span class=\"citation-591\">Apresentando o <\/span><b><span class=\"citation-591\">Unitree H1 (Rob\u00f4 Humanoide Universal)<\/span><\/b><span class=\"citation-591 citation-end-591\">\u2014um rob\u00f4 b\u00edpede inovador e de tamanho real que estabelece um novo padr\u00e3o de desempenho, agilidade e pot\u00eancia em rob\u00f3tica humanoide de uso geral.<\/span><\/p>","protected":false},"featured_media":23612,"comment_status":"open","ping_status":"closed","template":"","meta":[],"product_brand":[1087],"product_cat":[1038,1037,1103],"product_tag":[1088,1104,1105],"class_list":{"0":"post-21423","1":"product","2":"type-product","3":"status-publish","4":"has-post-thumbnail","6":"product_brand-unitree","7":"product_cat-humanoid","8":"product_cat-robotics","9":"product_cat-unitree-hum-robots","10":"product_tag-unitree","11":"product_tag-unitree-h1-series","12":"product_tag-unitree-humanoid","14":"first","15":"onbackorder","16":"taxable","17":"shipping-taxable","18":"product-type-simple"},"yoast_head":"<!-- This site is optimized with the Yoast SEO plugin v27.4 - https:\/\/yoast.com\/product\/yoast-seo-wordpress\/ -->\n<title>Unitree H1 - Ghostysky<\/title>\n<meta name=\"description\" content=\"Introducing the Unitree H1 (Universal Humanoid Robot)\u2014a groundbreaking, full-size bipedal robot that sets a new standard for performance, agility, and power in general-purpose humanoid robotics.\" \/>\n<meta name=\"robots\" content=\"index, follow, max-snippet:-1, max-image-preview:large, max-video-preview:-1\" \/>\n<link rel=\"canonical\" href=\"https:\/\/www.ghostysky.com\/pt\/produto-2\/unitree-h1\/\" \/>\n<meta property=\"og:locale\" content=\"pt_PT\" \/>\n<meta property=\"og:type\" content=\"article\" \/>\n<meta property=\"og:title\" content=\"Unitree H1 - Ghostysky\" \/>\n<meta property=\"og:description\" content=\"Introducing the Unitree H1 (Universal Humanoid Robot)\u2014a groundbreaking, full-size bipedal robot that sets a new standard for performance, agility, and power in general-purpose humanoid robotics.\" \/>\n<meta property=\"og:url\" content=\"https:\/\/www.ghostysky.com\/pt\/produto-2\/unitree-h1\/\" \/>\n<meta property=\"og:site_name\" content=\"Ghostysky\" \/>\n<meta property=\"article:publisher\" content=\"https:\/\/www.facebook.com\/people\/Ghostysky\/100057676170234\/\" \/>\n<meta property=\"article:modified_time\" content=\"2026-01-10T08:13:44+00:00\" \/>\n<meta property=\"og:image\" content=\"https:\/\/www.ghostysky.com\/wp-content\/uploads\/2025\/10\/GH_Unitree_H1_1.jpg\" \/>\n\t<meta property=\"og:image:width\" content=\"2048\" \/>\n\t<meta property=\"og:image:height\" content=\"1536\" \/>\n\t<meta property=\"og:image:type\" content=\"image\/jpeg\" \/>\n<meta name=\"twitter:card\" content=\"summary_large_image\" \/>\n<meta name=\"twitter:site\" content=\"@Gh0stysky\" \/>\n<meta name=\"twitter:label1\" content=\"Tempo estimado de leitura\" \/>\n\t<meta name=\"twitter:data1\" content=\"2 minutos\" \/>\n<script type=\"application\/ld+json\" class=\"yoast-schema-graph\">{\"@context\":\"https:\\\/\\\/schema.org\",\"@graph\":[{\"@type\":\"WebPage\",\"@id\":\"https:\\\/\\\/www.ghostysky.com\\\/product\\\/unitree-h1\\\/\",\"url\":\"https:\\\/\\\/www.ghostysky.com\\\/product\\\/unitree-h1\\\/\",\"name\":\"Unitree H1 - Ghostysky\",\"isPartOf\":{\"@id\":\"https:\\\/\\\/www.ghostysky.com\\\/#website\"},\"primaryImageOfPage\":{\"@id\":\"https:\\\/\\\/www.ghostysky.com\\\/product\\\/unitree-h1\\\/#primaryimage\"},\"image\":{\"@id\":\"https:\\\/\\\/www.ghostysky.com\\\/product\\\/unitree-h1\\\/#primaryimage\"},\"thumbnailUrl\":\"https:\\\/\\\/www.ghostysky.com\\\/wp-content\\\/uploads\\\/2025\\\/10\\\/GH_Unitree_H1_1.jpg\",\"datePublished\":\"2025-10-16T15:53:36+00:00\",\"dateModified\":\"2026-01-10T08:13:44+00:00\",\"description\":\"Introducing the Unitree H1 (Universal Humanoid Robot)\u2014a groundbreaking, full-size bipedal robot that sets a new standard for performance, agility, and power in general-purpose humanoid robotics.\",\"breadcrumb\":{\"@id\":\"https:\\\/\\\/www.ghostysky.com\\\/product\\\/unitree-h1\\\/#breadcrumb\"},\"inLanguage\":\"pt-PT\",\"potentialAction\":[{\"@type\":\"ReadAction\",\"target\":[\"https:\\\/\\\/www.ghostysky.com\\\/product\\\/unitree-h1\\\/\"]}]},{\"@type\":\"ImageObject\",\"inLanguage\":\"pt-PT\",\"@id\":\"https:\\\/\\\/www.ghostysky.com\\\/product\\\/unitree-h1\\\/#primaryimage\",\"url\":\"https:\\\/\\\/www.ghostysky.com\\\/wp-content\\\/uploads\\\/2025\\\/10\\\/GH_Unitree_H1_1.jpg\",\"contentUrl\":\"https:\\\/\\\/www.ghostysky.com\\\/wp-content\\\/uploads\\\/2025\\\/10\\\/GH_Unitree_H1_1.jpg\",\"width\":2048,\"height\":1536},{\"@type\":\"BreadcrumbList\",\"@id\":\"https:\\\/\\\/www.ghostysky.com\\\/product\\\/unitree-h1\\\/#breadcrumb\",\"itemListElement\":[{\"@type\":\"ListItem\",\"position\":1,\"name\":\"Home\",\"item\":\"https:\\\/\\\/www.ghostysky.com\\\/\"},{\"@type\":\"ListItem\",\"position\":2,\"name\":\"Shop\",\"item\":\"https:\\\/\\\/www.ghostysky.com\\\/shop\\\/\"},{\"@type\":\"ListItem\",\"position\":3,\"name\":\"Unitree H1\"}]},{\"@type\":\"WebSite\",\"@id\":\"https:\\\/\\\/www.ghostysky.com\\\/#website\",\"url\":\"https:\\\/\\\/www.ghostysky.com\\\/\",\"name\":\"Ghostysky\",\"description\":\"Delivering professional drones and services\",\"publisher\":{\"@id\":\"https:\\\/\\\/www.ghostysky.com\\\/#organization\"},\"potentialAction\":[{\"@type\":\"SearchAction\",\"target\":{\"@type\":\"EntryPoint\",\"urlTemplate\":\"https:\\\/\\\/www.ghostysky.com\\\/?s={search_term_string}\"},\"query-input\":{\"@type\":\"PropertyValueSpecification\",\"valueRequired\":true,\"valueName\":\"search_term_string\"}}],\"inLanguage\":\"pt-PT\"},{\"@type\":\"Organization\",\"@id\":\"https:\\\/\\\/www.ghostysky.com\\\/#organization\",\"name\":\"Ghostysky\",\"url\":\"https:\\\/\\\/www.ghostysky.com\\\/\",\"logo\":{\"@type\":\"ImageObject\",\"inLanguage\":\"pt-PT\",\"@id\":\"https:\\\/\\\/www.ghostysky.com\\\/#\\\/schema\\\/logo\\\/image\\\/\",\"url\":\"https:\\\/\\\/www.ghostysky.com\\\/wp-content\\\/uploads\\\/2020\\\/06\\\/cropped-ghostyskylogo_text_white2.png\",\"contentUrl\":\"https:\\\/\\\/www.ghostysky.com\\\/wp-content\\\/uploads\\\/2020\\\/06\\\/cropped-ghostyskylogo_text_white2.png\",\"width\":169,\"height\":56,\"caption\":\"Ghostysky\"},\"image\":{\"@id\":\"https:\\\/\\\/www.ghostysky.com\\\/#\\\/schema\\\/logo\\\/image\\\/\"},\"sameAs\":[\"https:\\\/\\\/www.facebook.com\\\/people\\\/Ghostysky\\\/100057676170234\\\/\",\"https:\\\/\\\/x.com\\\/Gh0stysky\",\"https:\\\/\\\/www.linkedin.com\\\/company\\\/34739653\",\"https:\\\/\\\/www.instagram.com\\\/gh0stysky\"]}]}<\/script>\n<!-- \/ Yoast SEO plugin. -->","yoast_head_json":{"title":"Unitree H1 - C\u00e9u Fantasmag\u00f3rico","description":"Apresentando o Unitree H1 (Universal Humanoid Robot) \u2014 um rob\u00f4 b\u00edpede inovador em tamanho real que estabelece um novo padr\u00e3o de desempenho, agilidade e pot\u00eancia em rob\u00f3tica humanoide de uso geral.","robots":{"index":"index","follow":"follow","max-snippet":"max-snippet:-1","max-image-preview":"max-image-preview:large","max-video-preview":"max-video-preview:-1"},"canonical":"https:\/\/www.ghostysky.com\/pt\/produto-2\/unitree-h1\/","og_locale":"pt_PT","og_type":"article","og_title":"Unitree H1 - Ghostysky","og_description":"Introducing the Unitree H1 (Universal Humanoid Robot)\u2014a groundbreaking, full-size bipedal robot that sets a new standard for performance, agility, and power in general-purpose humanoid robotics.","og_url":"https:\/\/www.ghostysky.com\/pt\/produto-2\/unitree-h1\/","og_site_name":"Ghostysky","article_publisher":"https:\/\/www.facebook.com\/people\/Ghostysky\/100057676170234\/","article_modified_time":"2026-01-10T08:13:44+00:00","og_image":[{"width":2048,"height":1536,"url":"https:\/\/www.ghostysky.com\/wp-content\/uploads\/2025\/10\/GH_Unitree_H1_1.jpg","type":"image\/jpeg"}],"twitter_card":"summary_large_image","twitter_site":"@Gh0stysky","twitter_misc":{"Tempo estimado de leitura":"2 minutos"},"schema":{"@context":"https:\/\/schema.org","@graph":[{"@type":"WebPage","@id":"https:\/\/www.ghostysky.com\/product\/unitree-h1\/","url":"https:\/\/www.ghostysky.com\/product\/unitree-h1\/","name":"Unitree H1 - C\u00e9u Fantasmag\u00f3rico","isPartOf":{"@id":"https:\/\/www.ghostysky.com\/#website"},"primaryImageOfPage":{"@id":"https:\/\/www.ghostysky.com\/product\/unitree-h1\/#primaryimage"},"image":{"@id":"https:\/\/www.ghostysky.com\/product\/unitree-h1\/#primaryimage"},"thumbnailUrl":"https:\/\/www.ghostysky.com\/wp-content\/uploads\/2025\/10\/GH_Unitree_H1_1.jpg","datePublished":"2025-10-16T15:53:36+00:00","dateModified":"2026-01-10T08:13:44+00:00","description":"Apresentando o Unitree H1 (Universal Humanoid Robot) \u2014 um rob\u00f4 b\u00edpede inovador em tamanho real que estabelece um novo padr\u00e3o de desempenho, agilidade e pot\u00eancia em rob\u00f3tica humanoide de uso geral.","breadcrumb":{"@id":"https:\/\/www.ghostysky.com\/product\/unitree-h1\/#breadcrumb"},"inLanguage":"pt-PT","potentialAction":[{"@type":"ReadAction","target":["https:\/\/www.ghostysky.com\/product\/unitree-h1\/"]}]},{"@type":"ImageObject","inLanguage":"pt-PT","@id":"https:\/\/www.ghostysky.com\/product\/unitree-h1\/#primaryimage","url":"https:\/\/www.ghostysky.com\/wp-content\/uploads\/2025\/10\/GH_Unitree_H1_1.jpg","contentUrl":"https:\/\/www.ghostysky.com\/wp-content\/uploads\/2025\/10\/GH_Unitree_H1_1.jpg","width":2048,"height":1536},{"@type":"BreadcrumbList","@id":"https:\/\/www.ghostysky.com\/product\/unitree-h1\/#breadcrumb","itemListElement":[{"@type":"ListItem","position":1,"name":"Home","item":"https:\/\/www.ghostysky.com\/"},{"@type":"ListItem","position":2,"name":"Shop","item":"https:\/\/www.ghostysky.com\/shop\/"},{"@type":"ListItem","position":3,"name":"Unitree H1"}]},{"@type":"WebSite","@id":"https:\/\/www.ghostysky.com\/#website","url":"https:\/\/www.ghostysky.com\/","name":"Ghostysky","description":"Fornecendo drones e servi\u00e7os profissionais","publisher":{"@id":"https:\/\/www.ghostysky.com\/#organization"},"potentialAction":[{"@type":"SearchAction","target":{"@type":"EntryPoint","urlTemplate":"https:\/\/www.ghostysky.com\/?s={search_term_string}"},"query-input":{"@type":"PropertyValueSpecification","valueRequired":true,"valueName":"search_term_string"}}],"inLanguage":"pt-PT"},{"@type":"Organization","@id":"https:\/\/www.ghostysky.com\/#organization","name":"Ghostysky","url":"https:\/\/www.ghostysky.com\/","logo":{"@type":"ImageObject","inLanguage":"pt-PT","@id":"https:\/\/www.ghostysky.com\/#\/schema\/logo\/image\/","url":"https:\/\/www.ghostysky.com\/wp-content\/uploads\/2020\/06\/cropped-ghostyskylogo_text_white2.png","contentUrl":"https:\/\/www.ghostysky.com\/wp-content\/uploads\/2020\/06\/cropped-ghostyskylogo_text_white2.png","width":169,"height":56,"caption":"Ghostysky"},"image":{"@id":"https:\/\/www.ghostysky.com\/#\/schema\/logo\/image\/"},"sameAs":["https:\/\/www.facebook.com\/people\/Ghostysky\/100057676170234\/","https:\/\/x.com\/Gh0stysky","https:\/\/www.linkedin.com\/company\/34739653","https:\/\/www.instagram.com\/gh0stysky"]}]}},"_links":{"self":[{"href":"https:\/\/www.ghostysky.com\/pt\/wp-json\/wp\/v2\/product\/21423","targetHints":{"allow":["GET"]}}],"collection":[{"href":"https:\/\/www.ghostysky.com\/pt\/wp-json\/wp\/v2\/product"}],"about":[{"href":"https:\/\/www.ghostysky.com\/pt\/wp-json\/wp\/v2\/types\/product"}],"replies":[{"embeddable":true,"href":"https:\/\/www.ghostysky.com\/pt\/wp-json\/wp\/v2\/comments?post=21423"}],"version-history":[{"count":0,"href":"https:\/\/www.ghostysky.com\/pt\/wp-json\/wp\/v2\/product\/21423\/revisions"}],"wp:featuredmedia":[{"embeddable":true,"href":"https:\/\/www.ghostysky.com\/pt\/wp-json\/wp\/v2\/media\/23612"}],"wp:attachment":[{"href":"https:\/\/www.ghostysky.com\/pt\/wp-json\/wp\/v2\/media?parent=21423"}],"wp:term":[{"taxonomy":"product_brand","embeddable":true,"href":"https:\/\/www.ghostysky.com\/pt\/wp-json\/wp\/v2\/product_brand?post=21423"},{"taxonomy":"product_cat","embeddable":true,"href":"https:\/\/www.ghostysky.com\/pt\/wp-json\/wp\/v2\/product_cat?post=21423"},{"taxonomy":"product_tag","embeddable":true,"href":"https:\/\/www.ghostysky.com\/pt\/wp-json\/wp\/v2\/product_tag?post=21423"}],"curies":[{"name":"wp","href":"https:\/\/api.w.org\/{rel}","templated":true}]}}