{"id":21509,"date":"2025-10-16T16:29:38","date_gmt":"2025-10-16T16:29:38","guid":{"rendered":"https:\/\/www.ghostysky.com\/?post_type=product&#038;p=21509"},"modified":"2026-01-10T08:11:11","modified_gmt":"2026-01-10T08:11:11","slug":"h1-2-3rd-party-hands","status":"publish","type":"product","link":"https:\/\/www.ghostysky.com\/pt\/product\/h1-2-3rd-party-hands\/","title":{"rendered":"H1-2 M\u00e3os de Terceiros"},"content":{"rendered":"<div id=\"model-response-message-contentr_e4d8d26172f473a0\" class=\"markdown markdown-main-panel stronger enable-updated-hr-color\" dir=\"ltr\">\n<h3>Principais destaques do produto (com base em op\u00e7\u00f5es como o Unitree Dex5-1 ou o Inspire Hands)<\/h3>\n<ul>\n<li><b>Destreza Excepcional:<\/b><span class=\"citation-676 citation-end-676\"> Obtenha manipula\u00e7\u00e3o semelhante \u00e0 humana com m\u00e3os com v\u00e1rios graus de liberdade (por exemplo, at\u00e9 20 graus de liberdade com o Dex5-1 ou 6 graus de liberdade com o Inspire Hand), permitindo uma pegada complexa, manuseio de objetos e uso de ferramentas.<\/span><\/li>\n<li><b>Controle ultrapreciso:<\/b><span class=\"citation-675 citation-end-675\"> Beneficie-se da precis\u00e3o de posicionamento superior, essencial para pesquisas detalhadas, montagens de precis\u00e3o e intera\u00e7\u00f5es complexas.<\/span> <span class=\"citation-674 citation-end-674\">Por exemplo, o Inspire Hand apresenta uma precis\u00e3o de posicionamento de repeti\u00e7\u00e3o de <\/span><span class=\"math-inline\" data-math=\"\\pm0.20 \\text{ mm}\"><span class=\"katex\"><span class=\"katex-html\" aria-hidden=\"true\"><span class=\"base\"><span class=\"mord\">\u00b1<\/span><span class=\"mord\">0.20<\/span><span class=\"mord text\"><span class=\"mord\">\u00a0mil\u00edmetros<\/span><\/span><\/span><\/span><\/span><\/span><span class=\"citation-673 citation-end-673\">.<\/span><\/li>\n<li><b><span class=\"citation-672\">Detec\u00e7\u00e3o avan\u00e7ada (dependente do modelo):<\/span><\/b><span class=\"citation-672 citation-end-672\"> Certos modelos, como o Dex5-1 Tactile Hand, s\u00e3o equipados com v\u00e1rios sensores t\u00e1teis integrados (at\u00e9 94 por m\u00e3o), fornecendo feedback perceptivo em tempo real para controle de for\u00e7a e propriocep\u00e7\u00e3o ajustados, cruciais para aprendizado de refor\u00e7o e opera\u00e7\u00f5es delicadas.<\/span><\/li>\n<li><b><span class=\"citation-671\">Atua\u00e7\u00e3o robusta e responsiva:<\/span><\/b><span class=\"citation-671 citation-end-671\"> Utilize motores de alta velocidade e alta densidade de pot\u00eancia e sistemas de transmiss\u00e3o sofisticados para reflexos r\u00e1pidos e movimentos suaves e reversos, eliminando a sensa\u00e7\u00e3o de &quot;m\u00e3o dura&quot; comum em manipuladores menos avan\u00e7ados.<\/span><\/li>\n<li><b><span class=\"citation-670\">For\u00e7a e finesse vers\u00e1teis:<\/span><\/b><span class=\"citation-670 citation-end-670\"> Forne\u00e7a a for\u00e7a necess\u00e1ria para tarefas pr\u00e1ticas, mantendo a resolu\u00e7\u00e3o para um controle delicado.<\/span> M\u00e3os h\u00e1beis podem oferecer for\u00e7as de preens\u00e3o de at\u00e9 <span class=\"math-inline\" data-math=\"10 \\text{ N}\"><span class=\"katex\"><span class=\"katex-html\" aria-hidden=\"true\"><span class=\"base\"><span class=\"mord\">10<\/span><span class=\"mord text\"><span class=\"mord\">\u00a0N<\/span><\/span><\/span><\/span><\/span><\/span> (Dex5-1) nas pontas dos dedos, juntamente com resolu\u00e7\u00f5es de for\u00e7a at\u00e9 <span class=\"math-inline\" data-math=\"0.50 \\text{ N}\"><span class=\"katex\"><span class=\"katex-html\" aria-hidden=\"true\"><span class=\"base\"><span class=\"mord\">0.50<\/span><span class=\"mord text\"><span class=\"mord\">\u00a0N<\/span><\/span><\/span><\/span><\/span><\/span> (Inspire a M\u00e3o).<\/li>\n<li><b><span class=\"citation-669\">Integra\u00e7\u00e3o perfeita:<\/span><\/b><span class=\"citation-669 citation-end-669\"> Projetado para ser um complemento de alta fidelidade para a plataforma Unitree H1\/H1-2, suportando altas taxas de comunica\u00e7\u00e3o (por exemplo, <\/span><span class=\"math-inline\" data-math=\"1000 \\text{ Hz}\"><span class=\"katex\"><span class=\"katex-html\" aria-hidden=\"true\"><span class=\"base\"><span class=\"mord\">1000<\/span><span class=\"mord text\"><span class=\"mord\">\u00a0Hz<\/span><\/span><\/span><\/span><\/span><\/span><span class=\"citation-668 citation-end-668\">) e fornecendo uma grande quantidade de dados em tempo real, incluindo posi\u00e7\u00e3o da articula\u00e7\u00e3o, torque, rigidez e dados de IMU.<\/span><\/li>\n<\/ul>\n<p>Quer voc\u00ea esteja conduzindo pesquisas de rob\u00f3tica de ponta, desenvolvendo algoritmos avan\u00e7ados de manipula\u00e7\u00e3o de IA ou buscando uma solu\u00e7\u00e3o completa para tarefas de manuseio e inspe\u00e7\u00e3o do mundo real, essas m\u00e3os h\u00e1beis de terceiros liberam todo o potencial da sua plataforma Unitree H1-2.<\/p>\n<\/div>","protected":false},"excerpt":{"rendered":"<p>Aumente as capacidades de manipula\u00e7\u00e3o do seu rob\u00f4 humanoide Unitree H1 ou H1-2 com recursos avan\u00e7ados <b>M\u00e3os h\u00e1beis de terceiros<\/b>. <span class=\"citation-677 citation-end-677\">Esses efetores finais opcionais de alto desempenho s\u00e3o projetados especificamente para se integrar perfeitamente ao bra\u00e7o do rob\u00f4, transformando-o em uma ferramenta vers\u00e1til para tarefas complexas e delicadas.<\/span><\/p>","protected":false},"featured_media":21510,"comment_status":"open","ping_status":"closed","template":"","meta":[],"product_brand":[1087],"product_cat":[1038,1037,1102],"product_tag":[1088,1107,1108,1105],"class_list":{"0":"post-21509","1":"product","2":"type-product","3":"status-publish","4":"has-post-thumbnail","6":"product_brand-unitree","7":"product_cat-humanoid","8":"product_cat-robotics","9":"product_cat-unitree-hum-accessories","10":"product_tag-unitree","11":"product_tag-unitree-h1","12":"product_tag-unitree-h1-accessories","13":"product_tag-unitree-humanoid","15":"first","16":"onbackorder","17":"taxable","18":"shipping-taxable","19":"product-type-simple"},"yoast_head":"<!-- This site is optimized with the Yoast SEO plugin v27.4 - https:\/\/yoast.com\/product\/yoast-seo-wordpress\/ -->\n<title>H1-2 3rd Party Hands - Ghostysky<\/title>\n<meta name=\"description\" content=\"Elevate the manipulation capabilities of your Unitree H1 or H1-2 humanoid robot with advanced 3rd Party Dexterous Hands. These optional, high-performance end-effectors are specifically engineered to integrate seamlessly with the robot&#039;s arm, transforming it into a versatile tool for complex and delicate tasks.\" \/>\n<meta name=\"robots\" content=\"index, follow, max-snippet:-1, max-image-preview:large, max-video-preview:-1\" \/>\n<link rel=\"canonical\" href=\"https:\/\/www.ghostysky.com\/pt\/produto-2\/h1-2-3rd-party-hands\/\" \/>\n<meta property=\"og:locale\" content=\"pt_PT\" \/>\n<meta property=\"og:type\" content=\"article\" \/>\n<meta property=\"og:title\" content=\"H1-2 3rd Party Hands - Ghostysky\" \/>\n<meta property=\"og:description\" content=\"Elevate the manipulation capabilities of your Unitree H1 or H1-2 humanoid robot with advanced 3rd Party Dexterous Hands. These optional, high-performance end-effectors are specifically engineered to integrate seamlessly with the robot&#039;s arm, transforming it into a versatile tool for complex and delicate tasks.\" \/>\n<meta property=\"og:url\" content=\"https:\/\/www.ghostysky.com\/pt\/produto-2\/h1-2-3rd-party-hands\/\" \/>\n<meta property=\"og:site_name\" content=\"Ghostysky\" \/>\n<meta property=\"article:publisher\" content=\"https:\/\/www.facebook.com\/people\/Ghostysky\/100057676170234\/\" \/>\n<meta property=\"article:modified_time\" content=\"2026-01-10T08:11:11+00:00\" \/>\n<meta property=\"og:image\" content=\"https:\/\/www.ghostysky.com\/wp-content\/uploads\/2025\/10\/GH_H1-2-3rd-Party-Hands_1.webp\" \/>\n\t<meta property=\"og:image:width\" content=\"600\" \/>\n\t<meta property=\"og:image:height\" content=\"600\" \/>\n\t<meta property=\"og:image:type\" content=\"image\/webp\" \/>\n<meta name=\"twitter:card\" content=\"summary_large_image\" \/>\n<meta name=\"twitter:site\" content=\"@Gh0stysky\" \/>\n<meta name=\"twitter:label1\" content=\"Tempo estimado de leitura\" \/>\n\t<meta name=\"twitter:data1\" content=\"2 minutos\" \/>\n<script type=\"application\/ld+json\" class=\"yoast-schema-graph\">{\"@context\":\"https:\\\/\\\/schema.org\",\"@graph\":[{\"@type\":\"WebPage\",\"@id\":\"https:\\\/\\\/www.ghostysky.com\\\/product\\\/h1-2-3rd-party-hands\\\/\",\"url\":\"https:\\\/\\\/www.ghostysky.com\\\/product\\\/h1-2-3rd-party-hands\\\/\",\"name\":\"H1-2 3rd Party Hands - Ghostysky\",\"isPartOf\":{\"@id\":\"https:\\\/\\\/www.ghostysky.com\\\/#website\"},\"primaryImageOfPage\":{\"@id\":\"https:\\\/\\\/www.ghostysky.com\\\/product\\\/h1-2-3rd-party-hands\\\/#primaryimage\"},\"image\":{\"@id\":\"https:\\\/\\\/www.ghostysky.com\\\/product\\\/h1-2-3rd-party-hands\\\/#primaryimage\"},\"thumbnailUrl\":\"https:\\\/\\\/www.ghostysky.com\\\/wp-content\\\/uploads\\\/2025\\\/10\\\/GH_H1-2-3rd-Party-Hands_1.webp\",\"datePublished\":\"2025-10-16T16:29:38+00:00\",\"dateModified\":\"2026-01-10T08:11:11+00:00\",\"description\":\"Elevate the manipulation capabilities of your Unitree H1 or H1-2 humanoid robot with advanced 3rd Party Dexterous Hands. These optional, high-performance end-effectors are specifically engineered to integrate seamlessly with the robot's arm, transforming it into a versatile tool for complex and delicate tasks.\",\"breadcrumb\":{\"@id\":\"https:\\\/\\\/www.ghostysky.com\\\/product\\\/h1-2-3rd-party-hands\\\/#breadcrumb\"},\"inLanguage\":\"pt-PT\",\"potentialAction\":[{\"@type\":\"ReadAction\",\"target\":[\"https:\\\/\\\/www.ghostysky.com\\\/product\\\/h1-2-3rd-party-hands\\\/\"]}]},{\"@type\":\"ImageObject\",\"inLanguage\":\"pt-PT\",\"@id\":\"https:\\\/\\\/www.ghostysky.com\\\/product\\\/h1-2-3rd-party-hands\\\/#primaryimage\",\"url\":\"https:\\\/\\\/www.ghostysky.com\\\/wp-content\\\/uploads\\\/2025\\\/10\\\/GH_H1-2-3rd-Party-Hands_1.webp\",\"contentUrl\":\"https:\\\/\\\/www.ghostysky.com\\\/wp-content\\\/uploads\\\/2025\\\/10\\\/GH_H1-2-3rd-Party-Hands_1.webp\",\"width\":600,\"height\":600},{\"@type\":\"BreadcrumbList\",\"@id\":\"https:\\\/\\\/www.ghostysky.com\\\/product\\\/h1-2-3rd-party-hands\\\/#breadcrumb\",\"itemListElement\":[{\"@type\":\"ListItem\",\"position\":1,\"name\":\"Home\",\"item\":\"https:\\\/\\\/www.ghostysky.com\\\/\"},{\"@type\":\"ListItem\",\"position\":2,\"name\":\"Shop\",\"item\":\"https:\\\/\\\/www.ghostysky.com\\\/shop\\\/\"},{\"@type\":\"ListItem\",\"position\":3,\"name\":\"H1-2 3rd Party Hands\"}]},{\"@type\":\"WebSite\",\"@id\":\"https:\\\/\\\/www.ghostysky.com\\\/#website\",\"url\":\"https:\\\/\\\/www.ghostysky.com\\\/\",\"name\":\"Ghostysky\",\"description\":\"Delivering professional drones and robotics solutions\",\"publisher\":{\"@id\":\"https:\\\/\\\/www.ghostysky.com\\\/#organization\"},\"potentialAction\":[{\"@type\":\"SearchAction\",\"target\":{\"@type\":\"EntryPoint\",\"urlTemplate\":\"https:\\\/\\\/www.ghostysky.com\\\/?s={search_term_string}\"},\"query-input\":{\"@type\":\"PropertyValueSpecification\",\"valueRequired\":true,\"valueName\":\"search_term_string\"}}],\"inLanguage\":\"pt-PT\"},{\"@type\":\"Organization\",\"@id\":\"https:\\\/\\\/www.ghostysky.com\\\/#organization\",\"name\":\"Ghostysky\",\"url\":\"https:\\\/\\\/www.ghostysky.com\\\/\",\"logo\":{\"@type\":\"ImageObject\",\"inLanguage\":\"pt-PT\",\"@id\":\"https:\\\/\\\/www.ghostysky.com\\\/#\\\/schema\\\/logo\\\/image\\\/\",\"url\":\"https:\\\/\\\/www.ghostysky.com\\\/wp-content\\\/uploads\\\/2020\\\/06\\\/cropped-ghostyskylogo_text_white2.png\",\"contentUrl\":\"https:\\\/\\\/www.ghostysky.com\\\/wp-content\\\/uploads\\\/2020\\\/06\\\/cropped-ghostyskylogo_text_white2.png\",\"width\":169,\"height\":56,\"caption\":\"Ghostysky\"},\"image\":{\"@id\":\"https:\\\/\\\/www.ghostysky.com\\\/#\\\/schema\\\/logo\\\/image\\\/\"},\"sameAs\":[\"https:\\\/\\\/www.facebook.com\\\/people\\\/Ghostysky\\\/100057676170234\\\/\",\"https:\\\/\\\/x.com\\\/Gh0stysky\",\"https:\\\/\\\/www.linkedin.com\\\/company\\\/34739653\",\"https:\\\/\\\/www.instagram.com\\\/gh0stysky\"]}]}<\/script>\n<!-- \/ Yoast SEO plugin. -->","yoast_head_json":{"title":"H1-2 M\u00e3os de Terceiros - Ghostysky","description":"Eleve as capacidades de manipula\u00e7\u00e3o do seu rob\u00f4 humanoide Unitree H1 ou H1-2 com as avan\u00e7adas M\u00e3os Destras de terceiros. Esses efetores finais opcionais de alto desempenho s\u00e3o projetados especificamente para se integrar perfeitamente ao bra\u00e7o do rob\u00f4, transformando-o em uma ferramenta vers\u00e1til para tarefas complexas e delicadas.","robots":{"index":"index","follow":"follow","max-snippet":"max-snippet:-1","max-image-preview":"max-image-preview:large","max-video-preview":"max-video-preview:-1"},"canonical":"https:\/\/www.ghostysky.com\/pt\/produto-2\/h1-2-3rd-party-hands\/","og_locale":"pt_PT","og_type":"article","og_title":"H1-2 3rd Party Hands - Ghostysky","og_description":"Elevate the manipulation capabilities of your Unitree H1 or H1-2 humanoid robot with advanced 3rd Party Dexterous Hands. These optional, high-performance end-effectors are specifically engineered to integrate seamlessly with the robot's arm, transforming it into a versatile tool for complex and delicate tasks.","og_url":"https:\/\/www.ghostysky.com\/pt\/produto-2\/h1-2-3rd-party-hands\/","og_site_name":"Ghostysky","article_publisher":"https:\/\/www.facebook.com\/people\/Ghostysky\/100057676170234\/","article_modified_time":"2026-01-10T08:11:11+00:00","og_image":[{"width":600,"height":600,"url":"https:\/\/www.ghostysky.com\/wp-content\/uploads\/2025\/10\/GH_H1-2-3rd-Party-Hands_1.webp","type":"image\/webp"}],"twitter_card":"summary_large_image","twitter_site":"@Gh0stysky","twitter_misc":{"Tempo estimado de leitura":"2 minutos"},"schema":{"@context":"https:\/\/schema.org","@graph":[{"@type":"WebPage","@id":"https:\/\/www.ghostysky.com\/product\/h1-2-3rd-party-hands\/","url":"https:\/\/www.ghostysky.com\/product\/h1-2-3rd-party-hands\/","name":"H1-2 M\u00e3os de Terceiros - Ghostysky","isPartOf":{"@id":"https:\/\/www.ghostysky.com\/#website"},"primaryImageOfPage":{"@id":"https:\/\/www.ghostysky.com\/product\/h1-2-3rd-party-hands\/#primaryimage"},"image":{"@id":"https:\/\/www.ghostysky.com\/product\/h1-2-3rd-party-hands\/#primaryimage"},"thumbnailUrl":"https:\/\/www.ghostysky.com\/wp-content\/uploads\/2025\/10\/GH_H1-2-3rd-Party-Hands_1.webp","datePublished":"2025-10-16T16:29:38+00:00","dateModified":"2026-01-10T08:11:11+00:00","description":"Eleve as capacidades de manipula\u00e7\u00e3o do seu rob\u00f4 humanoide Unitree H1 ou H1-2 com as avan\u00e7adas M\u00e3os Destras de terceiros. Esses efetores finais opcionais de alto desempenho s\u00e3o projetados especificamente para se integrar perfeitamente ao bra\u00e7o do rob\u00f4, transformando-o em uma ferramenta vers\u00e1til para tarefas complexas e delicadas.","breadcrumb":{"@id":"https:\/\/www.ghostysky.com\/product\/h1-2-3rd-party-hands\/#breadcrumb"},"inLanguage":"pt-PT","potentialAction":[{"@type":"ReadAction","target":["https:\/\/www.ghostysky.com\/product\/h1-2-3rd-party-hands\/"]}]},{"@type":"ImageObject","inLanguage":"pt-PT","@id":"https:\/\/www.ghostysky.com\/product\/h1-2-3rd-party-hands\/#primaryimage","url":"https:\/\/www.ghostysky.com\/wp-content\/uploads\/2025\/10\/GH_H1-2-3rd-Party-Hands_1.webp","contentUrl":"https:\/\/www.ghostysky.com\/wp-content\/uploads\/2025\/10\/GH_H1-2-3rd-Party-Hands_1.webp","width":600,"height":600},{"@type":"BreadcrumbList","@id":"https:\/\/www.ghostysky.com\/product\/h1-2-3rd-party-hands\/#breadcrumb","itemListElement":[{"@type":"ListItem","position":1,"name":"Home","item":"https:\/\/www.ghostysky.com\/"},{"@type":"ListItem","position":2,"name":"Shop","item":"https:\/\/www.ghostysky.com\/shop\/"},{"@type":"ListItem","position":3,"name":"H1-2 3rd Party Hands"}]},{"@type":"WebSite","@id":"https:\/\/www.ghostysky.com\/#website","url":"https:\/\/www.ghostysky.com\/","name":"Ghostysky","description":"Fornecendo solu\u00e7\u00f5es profissionais em drones e rob\u00f3tica.","publisher":{"@id":"https:\/\/www.ghostysky.com\/#organization"},"potentialAction":[{"@type":"SearchAction","target":{"@type":"EntryPoint","urlTemplate":"https:\/\/www.ghostysky.com\/?s={search_term_string}"},"query-input":{"@type":"PropertyValueSpecification","valueRequired":true,"valueName":"search_term_string"}}],"inLanguage":"pt-PT"},{"@type":"Organization","@id":"https:\/\/www.ghostysky.com\/#organization","name":"Ghostysky","url":"https:\/\/www.ghostysky.com\/","logo":{"@type":"ImageObject","inLanguage":"pt-PT","@id":"https:\/\/www.ghostysky.com\/#\/schema\/logo\/image\/","url":"https:\/\/www.ghostysky.com\/wp-content\/uploads\/2020\/06\/cropped-ghostyskylogo_text_white2.png","contentUrl":"https:\/\/www.ghostysky.com\/wp-content\/uploads\/2020\/06\/cropped-ghostyskylogo_text_white2.png","width":169,"height":56,"caption":"Ghostysky"},"image":{"@id":"https:\/\/www.ghostysky.com\/#\/schema\/logo\/image\/"},"sameAs":["https:\/\/www.facebook.com\/people\/Ghostysky\/100057676170234\/","https:\/\/x.com\/Gh0stysky","https:\/\/www.linkedin.com\/company\/34739653","https:\/\/www.instagram.com\/gh0stysky"]}]}},"_links":{"self":[{"href":"https:\/\/www.ghostysky.com\/pt\/wp-json\/wp\/v2\/product\/21509","targetHints":{"allow":["GET"]}}],"collection":[{"href":"https:\/\/www.ghostysky.com\/pt\/wp-json\/wp\/v2\/product"}],"about":[{"href":"https:\/\/www.ghostysky.com\/pt\/wp-json\/wp\/v2\/types\/product"}],"replies":[{"embeddable":true,"href":"https:\/\/www.ghostysky.com\/pt\/wp-json\/wp\/v2\/comments?post=21509"}],"version-history":[{"count":0,"href":"https:\/\/www.ghostysky.com\/pt\/wp-json\/wp\/v2\/product\/21509\/revisions"}],"wp:featuredmedia":[{"embeddable":true,"href":"https:\/\/www.ghostysky.com\/pt\/wp-json\/wp\/v2\/media\/21510"}],"wp:attachment":[{"href":"https:\/\/www.ghostysky.com\/pt\/wp-json\/wp\/v2\/media?parent=21509"}],"wp:term":[{"taxonomy":"product_brand","embeddable":true,"href":"https:\/\/www.ghostysky.com\/pt\/wp-json\/wp\/v2\/product_brand?post=21509"},{"taxonomy":"product_cat","embeddable":true,"href":"https:\/\/www.ghostysky.com\/pt\/wp-json\/wp\/v2\/product_cat?post=21509"},{"taxonomy":"product_tag","embeddable":true,"href":"https:\/\/www.ghostysky.com\/pt\/wp-json\/wp\/v2\/product_tag?post=21509"}],"curies":[{"name":"wp","href":"https:\/\/api.w.org\/{rel}","templated":true}]}}