{"id":21513,"date":"2025-10-16T16:40:27","date_gmt":"2025-10-16T16:40:27","guid":{"rendered":"https:\/\/www.ghostysky.com\/?post_type=product&#038;p=21513"},"modified":"2025-10-16T16:43:48","modified_gmt":"2025-10-16T16:43:48","slug":"unitree-depth-camera","status":"publish","type":"product","link":"https:\/\/www.ghostysky.com\/pt\/product\/unitree-depth-camera\/","title":{"rendered":"C\u00e2mera de profundidade Unitree"},"content":{"rendered":"<div id=\"model-response-message-contentr_e4d8d26172f473a0\" class=\"markdown markdown-main-panel stronger enable-updated-hr-color\" dir=\"ltr\">\n<div id=\"model-response-message-contentr_c8fa68b62b6ed58b\" class=\"markdown markdown-main-panel stronger enable-updated-hr-color\" dir=\"ltr\">\n<p><b>Principais recursos e capacidades:<\/b><\/p>\n<ul>\n<li><b>Mapeamento ambiental 3D preciso:<\/b><span class=\"citation-736 citation-end-736\"> Captura dados precisos de profundidade, permitindo que o rob\u00f4 crie mapas 3D em tempo real (SLAM) de seus arredores para navega\u00e7\u00e3o.<\/span><\/li>\n<li><b><span class=\"citation-735\">Preven\u00e7\u00e3o Inteligente de Obst\u00e1culos:<\/span><\/b><span class=\"citation-735 citation-end-735\"> Essencial para detectar obst\u00e1culos, calcular sua dist\u00e2ncia e posi\u00e7\u00e3o e ajustar a trajet\u00f3ria de movimento do rob\u00f4 para uma travessia segura e din\u00e2mica.<\/span><\/li>\n<li><b>Imagens de alta resolu\u00e7\u00e3o:<\/b><span class=\"citation-734 citation-end-734\"> Oferece profundidade n\u00edtida e fluxos visuais, geralmente com resolu\u00e7\u00f5es de at\u00e9 <\/span><span class=\"math-inline\" data-math=\"1280 \\times 720\"><span class=\"katex\"><span class=\"katex-html\" aria-hidden=\"true\"><span class=\"base\"><span class=\"mord\">1280<\/span><span class=\"mbin\">\u00d7<\/span><\/span><span class=\"base\"><span class=\"mord\">720<\/span><\/span><\/span><\/span><\/span><span class=\"citation-733 citation-end-733\"> no <\/span><span class=\"math-inline\" data-math=\"30\\text{fps}\"><span class=\"katex\"><span class=\"katex-html\" aria-hidden=\"true\"><span class=\"base\"><span class=\"mord\">30<\/span><span class=\"mord text\"><span class=\"mord\">fps<\/span><\/span><\/span><\/span><\/span><\/span><span class=\"citation-732 citation-end-732\"> (ou superior, dependendo do modelo\/integra\u00e7\u00e3o espec\u00edfica, como a variante Intel RealSense D435i).<\/span><\/li>\n<li><b><span class=\"citation-731\">Amplo campo de vis\u00e3o (FOV):<\/span><\/b><span class=\"citation-731 citation-end-731\"> Fornece ampla cobertura espacial, minimizando \u201cpontos cegos\u201d e garantindo que o rob\u00f4 possa perceber uma grande \u00e1rea de forma eficaz para uma consci\u00eancia situacional abrangente.<\/span><\/li>\n<li><b>Autonomia Rob\u00f3tica Aprimorada:<\/b> Os dados de profundidade s\u00e3o fundamentais para aplica\u00e7\u00f5es rob\u00f3ticas complexas, incluindo:\n<ul>\n<li><b>Seguimento Aut\u00f4nomo Baseado em Vis\u00e3o<\/b><\/li>\n<li><b>Reconhecimento e intera\u00e7\u00e3o de objetos<\/b><\/li>\n<li><b>Manipula\u00e7\u00e3o de Rob\u00f4s Humanoides<\/b> (para modelos como o G1)<\/li>\n<\/ul>\n<\/li>\n<li><b><span class=\"citation-730\">Integra\u00e7\u00e3o perfeita:<\/span><\/b><span class=\"citation-730 citation-end-730\"> Projetado para funcionar com os sistemas de controle Unitree, muitas vezes aproveitando tecnologia robusta e comprovada (como a s\u00e9rie Intel RealSense) para aquisi\u00e7\u00e3o confi\u00e1vel de dados.<\/span><\/li>\n<li><b>Pronto para desenvolvimento:<\/b><span class=\"citation-729 citation-end-729\"> Oferece suporte ao desenvolvimento secund\u00e1rio e \u00e0 integra\u00e7\u00e3o por meio de SDKs e APIs do Unitree, tornando-se uma ferramenta indispens\u00e1vel para pesquisadores e desenvolvedores em rob\u00f3tica, IA e vis\u00e3o computacional.<\/span><\/li>\n<\/ul>\n<p><span class=\"citation-728 citation-end-728\">N\u00e3o importa se o seu rob\u00f4 Unitree est\u00e1 realizando inspe\u00e7\u00f5es, pesquisas ou manobras complexas, a Depth Camera fornece a base visual para que ele entenda e navegue com habilidade no mundo real.<\/span><\/p>\n<div class=\"source-inline-chip-container ng-star-inserted\"><\/div>\n<\/div>\n<\/div>","protected":false},"excerpt":{"rendered":"<p><span class=\"citation-738\">Desbloqueie a consci\u00eancia espacial avan\u00e7ada e a autonomia de alto n\u00edvel para o seu rob\u00f4 Unitree com o integrado <\/span><b><span class=\"citation-738\">C\u00e2mera de profundidade Unitree<\/span><\/b><span class=\"citation-738 citation-end-738\">.<\/span> <span class=\"citation-737 citation-end-737\">Este sensor essencial fornece os dados cr\u00edticos de percep\u00e7\u00e3o 3D necess\u00e1rios para navega\u00e7\u00e3o, intera\u00e7\u00e3o e desenvolvimento sofisticados.<\/span><\/p>","protected":false},"featured_media":21514,"comment_status":"open","ping_status":"closed","template":"","meta":[],"product_brand":[1087],"product_cat":[1038,1037,1102],"product_tag":[1088,1107,1108,1105],"class_list":{"0":"post-21513","1":"product","2":"type-product","3":"status-publish","4":"has-post-thumbnail","6":"product_brand-unitree","7":"product_cat-humanoid","8":"product_cat-robotics","9":"product_cat-unitree-hum-accessories","10":"product_tag-unitree","11":"product_tag-unitree-h1","12":"product_tag-unitree-h1-accessories","13":"product_tag-unitree-humanoid","15":"first","16":"onbackorder","17":"taxable","18":"shipping-taxable","19":"purchasable","20":"product-type-simple"},"yoast_head":"<!-- This site is optimized with the Yoast SEO plugin v27.4 - https:\/\/yoast.com\/product\/yoast-seo-wordpress\/ -->\n<title>Unitree Depth Camera - Ghostysky<\/title>\n<meta name=\"description\" content=\"Unlock advanced spatial awareness and high-level autonomy for your Unitree robot with the integrated Unitree Depth Camera. This essential sensor provides the critical 3D perception data needed for sophisticated navigation, interaction, and development.\" \/>\n<meta name=\"robots\" content=\"index, follow, max-snippet:-1, max-image-preview:large, max-video-preview:-1\" \/>\n<link rel=\"canonical\" href=\"https:\/\/www.ghostysky.com\/pt\/produto-2\/unitree-depth-camera\/\" \/>\n<meta property=\"og:locale\" content=\"pt_PT\" \/>\n<meta property=\"og:type\" content=\"article\" \/>\n<meta property=\"og:title\" content=\"Unitree Depth Camera - Ghostysky\" \/>\n<meta property=\"og:description\" content=\"Unlock advanced spatial awareness and high-level autonomy for your Unitree robot with the integrated Unitree Depth Camera. This essential sensor provides the critical 3D perception data needed for sophisticated navigation, interaction, and development.\" \/>\n<meta property=\"og:url\" content=\"https:\/\/www.ghostysky.com\/pt\/produto-2\/unitree-depth-camera\/\" \/>\n<meta property=\"og:site_name\" content=\"Ghostysky\" \/>\n<meta property=\"article:publisher\" content=\"https:\/\/www.facebook.com\/people\/Ghostysky\/100057676170234\/\" \/>\n<meta property=\"article:modified_time\" content=\"2025-10-16T16:43:48+00:00\" \/>\n<meta property=\"og:image\" content=\"https:\/\/www.ghostysky.com\/wp-content\/uploads\/2025\/10\/GH_Depth-Camera_1.webp\" \/>\n\t<meta property=\"og:image:width\" content=\"1000\" \/>\n\t<meta property=\"og:image:height\" content=\"1000\" \/>\n\t<meta property=\"og:image:type\" content=\"image\/webp\" \/>\n<meta name=\"twitter:card\" content=\"summary_large_image\" \/>\n<meta name=\"twitter:site\" content=\"@Gh0stysky\" \/>\n<meta name=\"twitter:label1\" content=\"Tempo estimado de leitura\" \/>\n\t<meta name=\"twitter:data1\" content=\"2 minutos\" \/>\n<script type=\"application\/ld+json\" class=\"yoast-schema-graph\">{\"@context\":\"https:\\\/\\\/schema.org\",\"@graph\":[{\"@type\":\"WebPage\",\"@id\":\"https:\\\/\\\/www.ghostysky.com\\\/product\\\/unitree-depth-camera\\\/\",\"url\":\"https:\\\/\\\/www.ghostysky.com\\\/product\\\/unitree-depth-camera\\\/\",\"name\":\"Unitree Depth Camera - Ghostysky\",\"isPartOf\":{\"@id\":\"https:\\\/\\\/www.ghostysky.com\\\/#website\"},\"primaryImageOfPage\":{\"@id\":\"https:\\\/\\\/www.ghostysky.com\\\/product\\\/unitree-depth-camera\\\/#primaryimage\"},\"image\":{\"@id\":\"https:\\\/\\\/www.ghostysky.com\\\/product\\\/unitree-depth-camera\\\/#primaryimage\"},\"thumbnailUrl\":\"https:\\\/\\\/www.ghostysky.com\\\/wp-content\\\/uploads\\\/2025\\\/10\\\/GH_Depth-Camera_1.webp\",\"datePublished\":\"2025-10-16T16:40:27+00:00\",\"dateModified\":\"2025-10-16T16:43:48+00:00\",\"description\":\"Unlock advanced spatial awareness and high-level autonomy for your Unitree robot with the integrated Unitree Depth Camera. This essential sensor provides the critical 3D perception data needed for sophisticated navigation, interaction, and development.\",\"breadcrumb\":{\"@id\":\"https:\\\/\\\/www.ghostysky.com\\\/product\\\/unitree-depth-camera\\\/#breadcrumb\"},\"inLanguage\":\"pt-PT\",\"potentialAction\":[{\"@type\":\"ReadAction\",\"target\":[\"https:\\\/\\\/www.ghostysky.com\\\/product\\\/unitree-depth-camera\\\/\"]}]},{\"@type\":\"ImageObject\",\"inLanguage\":\"pt-PT\",\"@id\":\"https:\\\/\\\/www.ghostysky.com\\\/product\\\/unitree-depth-camera\\\/#primaryimage\",\"url\":\"https:\\\/\\\/www.ghostysky.com\\\/wp-content\\\/uploads\\\/2025\\\/10\\\/GH_Depth-Camera_1.webp\",\"contentUrl\":\"https:\\\/\\\/www.ghostysky.com\\\/wp-content\\\/uploads\\\/2025\\\/10\\\/GH_Depth-Camera_1.webp\",\"width\":1000,\"height\":1000},{\"@type\":\"BreadcrumbList\",\"@id\":\"https:\\\/\\\/www.ghostysky.com\\\/product\\\/unitree-depth-camera\\\/#breadcrumb\",\"itemListElement\":[{\"@type\":\"ListItem\",\"position\":1,\"name\":\"Home\",\"item\":\"https:\\\/\\\/www.ghostysky.com\\\/\"},{\"@type\":\"ListItem\",\"position\":2,\"name\":\"Shop\",\"item\":\"https:\\\/\\\/www.ghostysky.com\\\/shop\\\/\"},{\"@type\":\"ListItem\",\"position\":3,\"name\":\"Unitree Depth Camera\"}]},{\"@type\":\"WebSite\",\"@id\":\"https:\\\/\\\/www.ghostysky.com\\\/#website\",\"url\":\"https:\\\/\\\/www.ghostysky.com\\\/\",\"name\":\"Ghostysky\",\"description\":\"Delivering professional drones and services\",\"publisher\":{\"@id\":\"https:\\\/\\\/www.ghostysky.com\\\/#organization\"},\"potentialAction\":[{\"@type\":\"SearchAction\",\"target\":{\"@type\":\"EntryPoint\",\"urlTemplate\":\"https:\\\/\\\/www.ghostysky.com\\\/?s={search_term_string}\"},\"query-input\":{\"@type\":\"PropertyValueSpecification\",\"valueRequired\":true,\"valueName\":\"search_term_string\"}}],\"inLanguage\":\"pt-PT\"},{\"@type\":\"Organization\",\"@id\":\"https:\\\/\\\/www.ghostysky.com\\\/#organization\",\"name\":\"Ghostysky\",\"url\":\"https:\\\/\\\/www.ghostysky.com\\\/\",\"logo\":{\"@type\":\"ImageObject\",\"inLanguage\":\"pt-PT\",\"@id\":\"https:\\\/\\\/www.ghostysky.com\\\/#\\\/schema\\\/logo\\\/image\\\/\",\"url\":\"https:\\\/\\\/www.ghostysky.com\\\/wp-content\\\/uploads\\\/2020\\\/06\\\/cropped-ghostyskylogo_text_white2.png\",\"contentUrl\":\"https:\\\/\\\/www.ghostysky.com\\\/wp-content\\\/uploads\\\/2020\\\/06\\\/cropped-ghostyskylogo_text_white2.png\",\"width\":169,\"height\":56,\"caption\":\"Ghostysky\"},\"image\":{\"@id\":\"https:\\\/\\\/www.ghostysky.com\\\/#\\\/schema\\\/logo\\\/image\\\/\"},\"sameAs\":[\"https:\\\/\\\/www.facebook.com\\\/people\\\/Ghostysky\\\/100057676170234\\\/\",\"https:\\\/\\\/x.com\\\/Gh0stysky\",\"https:\\\/\\\/www.linkedin.com\\\/company\\\/34739653\",\"https:\\\/\\\/www.instagram.com\\\/gh0stysky\"]}]}<\/script>\n<!-- \/ Yoast SEO plugin. -->","yoast_head_json":{"title":"C\u00e2mera de profundidade Unitree - Ghostysky","description":"Desbloqueie consci\u00eancia espacial avan\u00e7ada e autonomia de alto n\u00edvel para o seu rob\u00f4 Unitree com a C\u00e2mera de Profundidade Unitree integrada. Este sensor essencial fornece os dados de percep\u00e7\u00e3o 3D essenciais para navega\u00e7\u00e3o, intera\u00e7\u00e3o e desenvolvimento sofisticados.","robots":{"index":"index","follow":"follow","max-snippet":"max-snippet:-1","max-image-preview":"max-image-preview:large","max-video-preview":"max-video-preview:-1"},"canonical":"https:\/\/www.ghostysky.com\/pt\/produto-2\/unitree-depth-camera\/","og_locale":"pt_PT","og_type":"article","og_title":"Unitree Depth Camera - Ghostysky","og_description":"Unlock advanced spatial awareness and high-level autonomy for your Unitree robot with the integrated Unitree Depth Camera. This essential sensor provides the critical 3D perception data needed for sophisticated navigation, interaction, and development.","og_url":"https:\/\/www.ghostysky.com\/pt\/produto-2\/unitree-depth-camera\/","og_site_name":"Ghostysky","article_publisher":"https:\/\/www.facebook.com\/people\/Ghostysky\/100057676170234\/","article_modified_time":"2025-10-16T16:43:48+00:00","og_image":[{"width":1000,"height":1000,"url":"https:\/\/www.ghostysky.com\/wp-content\/uploads\/2025\/10\/GH_Depth-Camera_1.webp","type":"image\/webp"}],"twitter_card":"summary_large_image","twitter_site":"@Gh0stysky","twitter_misc":{"Tempo estimado de leitura":"2 minutos"},"schema":{"@context":"https:\/\/schema.org","@graph":[{"@type":"WebPage","@id":"https:\/\/www.ghostysky.com\/product\/unitree-depth-camera\/","url":"https:\/\/www.ghostysky.com\/product\/unitree-depth-camera\/","name":"C\u00e2mera de profundidade Unitree - Ghostysky","isPartOf":{"@id":"https:\/\/www.ghostysky.com\/#website"},"primaryImageOfPage":{"@id":"https:\/\/www.ghostysky.com\/product\/unitree-depth-camera\/#primaryimage"},"image":{"@id":"https:\/\/www.ghostysky.com\/product\/unitree-depth-camera\/#primaryimage"},"thumbnailUrl":"https:\/\/www.ghostysky.com\/wp-content\/uploads\/2025\/10\/GH_Depth-Camera_1.webp","datePublished":"2025-10-16T16:40:27+00:00","dateModified":"2025-10-16T16:43:48+00:00","description":"Desbloqueie consci\u00eancia espacial avan\u00e7ada e autonomia de alto n\u00edvel para o seu rob\u00f4 Unitree com a C\u00e2mera de Profundidade Unitree integrada. Este sensor essencial fornece os dados de percep\u00e7\u00e3o 3D essenciais para navega\u00e7\u00e3o, intera\u00e7\u00e3o e desenvolvimento sofisticados.","breadcrumb":{"@id":"https:\/\/www.ghostysky.com\/product\/unitree-depth-camera\/#breadcrumb"},"inLanguage":"pt-PT","potentialAction":[{"@type":"ReadAction","target":["https:\/\/www.ghostysky.com\/product\/unitree-depth-camera\/"]}]},{"@type":"ImageObject","inLanguage":"pt-PT","@id":"https:\/\/www.ghostysky.com\/product\/unitree-depth-camera\/#primaryimage","url":"https:\/\/www.ghostysky.com\/wp-content\/uploads\/2025\/10\/GH_Depth-Camera_1.webp","contentUrl":"https:\/\/www.ghostysky.com\/wp-content\/uploads\/2025\/10\/GH_Depth-Camera_1.webp","width":1000,"height":1000},{"@type":"BreadcrumbList","@id":"https:\/\/www.ghostysky.com\/product\/unitree-depth-camera\/#breadcrumb","itemListElement":[{"@type":"ListItem","position":1,"name":"Home","item":"https:\/\/www.ghostysky.com\/"},{"@type":"ListItem","position":2,"name":"Shop","item":"https:\/\/www.ghostysky.com\/shop\/"},{"@type":"ListItem","position":3,"name":"Unitree Depth Camera"}]},{"@type":"WebSite","@id":"https:\/\/www.ghostysky.com\/#website","url":"https:\/\/www.ghostysky.com\/","name":"Ghostysky","description":"Fornecendo drones e servi\u00e7os profissionais","publisher":{"@id":"https:\/\/www.ghostysky.com\/#organization"},"potentialAction":[{"@type":"SearchAction","target":{"@type":"EntryPoint","urlTemplate":"https:\/\/www.ghostysky.com\/?s={search_term_string}"},"query-input":{"@type":"PropertyValueSpecification","valueRequired":true,"valueName":"search_term_string"}}],"inLanguage":"pt-PT"},{"@type":"Organization","@id":"https:\/\/www.ghostysky.com\/#organization","name":"Ghostysky","url":"https:\/\/www.ghostysky.com\/","logo":{"@type":"ImageObject","inLanguage":"pt-PT","@id":"https:\/\/www.ghostysky.com\/#\/schema\/logo\/image\/","url":"https:\/\/www.ghostysky.com\/wp-content\/uploads\/2020\/06\/cropped-ghostyskylogo_text_white2.png","contentUrl":"https:\/\/www.ghostysky.com\/wp-content\/uploads\/2020\/06\/cropped-ghostyskylogo_text_white2.png","width":169,"height":56,"caption":"Ghostysky"},"image":{"@id":"https:\/\/www.ghostysky.com\/#\/schema\/logo\/image\/"},"sameAs":["https:\/\/www.facebook.com\/people\/Ghostysky\/100057676170234\/","https:\/\/x.com\/Gh0stysky","https:\/\/www.linkedin.com\/company\/34739653","https:\/\/www.instagram.com\/gh0stysky"]}]}},"_links":{"self":[{"href":"https:\/\/www.ghostysky.com\/pt\/wp-json\/wp\/v2\/product\/21513","targetHints":{"allow":["GET"]}}],"collection":[{"href":"https:\/\/www.ghostysky.com\/pt\/wp-json\/wp\/v2\/product"}],"about":[{"href":"https:\/\/www.ghostysky.com\/pt\/wp-json\/wp\/v2\/types\/product"}],"replies":[{"embeddable":true,"href":"https:\/\/www.ghostysky.com\/pt\/wp-json\/wp\/v2\/comments?post=21513"}],"version-history":[{"count":0,"href":"https:\/\/www.ghostysky.com\/pt\/wp-json\/wp\/v2\/product\/21513\/revisions"}],"wp:featuredmedia":[{"embeddable":true,"href":"https:\/\/www.ghostysky.com\/pt\/wp-json\/wp\/v2\/media\/21514"}],"wp:attachment":[{"href":"https:\/\/www.ghostysky.com\/pt\/wp-json\/wp\/v2\/media?parent=21513"}],"wp:term":[{"taxonomy":"product_brand","embeddable":true,"href":"https:\/\/www.ghostysky.com\/pt\/wp-json\/wp\/v2\/product_brand?post=21513"},{"taxonomy":"product_cat","embeddable":true,"href":"https:\/\/www.ghostysky.com\/pt\/wp-json\/wp\/v2\/product_cat?post=21513"},{"taxonomy":"product_tag","embeddable":true,"href":"https:\/\/www.ghostysky.com\/pt\/wp-json\/wp\/v2\/product_tag?post=21513"}],"curies":[{"name":"wp","href":"https:\/\/api.w.org\/{rel}","templated":true}]}}