{"id":21526,"date":"2025-10-16T16:57:08","date_gmt":"2025-10-16T16:57:08","guid":{"rendered":"https:\/\/www.ghostysky.com\/?post_type=product&#038;p=21526"},"modified":"2026-03-19T11:51:03","modified_gmt":"2026-03-19T11:51:03","slug":"unitree-g1-edu-u1","status":"publish","type":"product","link":"https:\/\/www.ghostysky.com\/pt\/product\/unitree-g1-edu-u1\/","title":{"rendered":"Unitree G1 EDU Standard (U1)"},"content":{"rendered":"<h3 data-path-to-node=\"3\">Principais recursos e capacidades<\/h3>\n<ul data-path-to-node=\"4\">\n<li>\n<p id=\"p-rc_feef3f731a749aec-31\" data-path-to-node=\"4,0,0\"><b data-path-to-node=\"4,0,0\" data-index-in-node=\"0\">Plataforma de Desenvolvimento Aberto:<\/b><span class=\"citation-59\"> Ao contr\u00e1rio do modelo b\u00e1sico G1 para o consumidor final, o EDU U1 oferece acesso completo ao SDK, com suporte a <\/span><b data-path-to-node=\"4,0,0\" data-index-in-node=\"104\"><span class=\"citation-59\">ROS 2, Python e C++<\/span><\/b><span class=\"citation-59 citation-end-59\">.<\/span> <span class=\"citation-58 citation-end-58\">Isso permite que os pesquisadores programem algoritmos personalizados de locomo\u00e7\u00e3o, percep\u00e7\u00e3o e intera\u00e7\u00e3o.<\/span><\/p>\n<\/li>\n<li>\n<p id=\"p-rc_feef3f731a749aec-32\" data-path-to-node=\"4,1,0\"><b data-path-to-node=\"4,1,0\" data-index-in-node=\"0\"><span class=\"citation-57\">C\u00e9rebro de IA de Alto Desempenho:<\/span><\/b><span class=\"citation-57\"> \u00c9 alimentado por um <\/span><b data-path-to-node=\"4,1,0\" data-index-in-node=\"47\"><span class=\"citation-57\">NVIDIA Jetson Orin<\/span><\/b><span class=\"citation-57\"> m\u00f3dulo (16 GB), fornecendo <\/span><b data-path-to-node=\"4,1,0\" data-index-in-node=\"92\"><span class=\"citation-57\">100 TOPS<\/span><\/b><span class=\"citation-57 citation-end-57\"> de poder computacional de IA para vis\u00e3o computacional em tempo real e aprendizado por refor\u00e7o.<\/span><\/p>\n<\/li>\n<li>\n<p id=\"p-rc_feef3f731a749aec-33\" data-path-to-node=\"4,2,0\"><b data-path-to-node=\"4,2,0\" data-index-in-node=\"0\">Mobilidade superior:<\/b><span class=\"citation-56\"> O U1 apresenta <\/span><b data-path-to-node=\"4,2,0\" data-index-in-node=\"35\"><span class=\"citation-56\">23 Graus de Liberdade (GDL)<\/span><\/b><span class=\"citation-56 citation-end-56\">.<\/span> <span class=\"citation-55\">Embora n\u00e3o possua a destreza manual dos modelos EDU de n\u00edvel superior (U2\/U3), utiliza &quot;motores articulares&quot; de alto torque com um torque m\u00e1ximo no joelho de <\/span><b data-path-to-node=\"4,2,0\" data-index-in-node=\"197\"><span class=\"citation-55\">120 N\u00b7m<\/span><\/b><span class=\"citation-55\">, permitindo movimentos \u00e1geis, semelhantes aos humanos, e uma velocidade m\u00e1xima de <\/span><b data-path-to-node=\"4,2,0\" data-index-in-node=\"265\"><span class=\"citation-55\">2 m\/s<\/span><\/b><span class=\"citation-55 citation-end-55\">.<\/span><\/p>\n<\/li>\n<li>\n<p id=\"p-rc_feef3f731a749aec-34\" data-path-to-node=\"4,3,0\"><b data-path-to-node=\"4,3,0\" data-index-in-node=\"0\"><span class=\"citation-54\">Percep\u00e7\u00e3o Avan\u00e7ada:<\/span><\/b><span class=\"citation-54\"> Est\u00e1 equipado com um <\/span><b data-path-to-node=\"4,3,0\" data-index-in-node=\"43\"><span class=\"citation-54\">LiDAR 360\u00b0<\/span><\/b><span class=\"citation-54\"> (Livox MID-360) e um <\/span><b data-path-to-node=\"4,3,0\" data-index-in-node=\"77\"><span class=\"citation-54\">C\u00e2mera de profundidade Intel RealSense D435i<\/span><\/b><span class=\"citation-54 citation-end-54\">, conferindo-lhe plena consci\u00eancia espacial e capacidade de evitar obst\u00e1culos.<\/span><\/p>\n<div class=\"source-inline-chip-container ng-star-inserted\"><\/div>\n<p>&nbsp;<\/li>\n<\/ul>\n<h3 data-path-to-node=\"6\">Especifica\u00e7\u00f5es t\u00e9cnicas (modelo U1)<\/h3>\n<table data-path-to-node=\"7\">\n<thead>\n<tr>\n<td><strong>Recurso<\/strong><\/td>\n<td><strong>Especifica\u00e7\u00f5es<\/strong><\/td>\n<\/tr>\n<\/thead>\n<tbody>\n<tr>\n<td><span data-path-to-node=\"7,1,0,0\"><b data-path-to-node=\"7,1,0,0\" data-index-in-node=\"0\">Altura \/ Peso<\/b><\/span><\/td>\n<td><span data-path-to-node=\"7,1,1,0\">132 cm (em p\u00e9) \/ ~35 kg<\/span><\/td>\n<\/tr>\n<tr>\n<td><span data-path-to-node=\"7,2,0,0\"><b data-path-to-node=\"7,2,0,0\" data-index-in-node=\"0\">Graus de Liberdade<\/b><\/span><\/td>\n<td><span data-path-to-node=\"7,2,1,0\">23 (6 por perna, 5 por bra\u00e7o, 1 na cintura)<\/span><\/td>\n<\/tr>\n<tr>\n<td><span data-path-to-node=\"7,3,0,0\"><b data-path-to-node=\"7,3,0,0\" data-index-in-node=\"0\">Computa\u00e7\u00e3o<\/b><\/span><\/td>\n<td><span data-path-to-node=\"7,3,1,0\">CPU de 8 n\u00facleos + NVIDIA Jetson Orin (100 TOPS)<\/span><\/td>\n<\/tr>\n<tr>\n<td><span data-path-to-node=\"7,4,0,0\"><b data-path-to-node=\"7,4,0,0\" data-index-in-node=\"0\">Digita\u00e7\u00e3o manual<\/b><\/span><\/td>\n<td><span data-path-to-node=\"7,4,1,0\">\u201cM\u00e3os \u201dfalsas\u201d (fixas\/n\u00e3o acionadas)<\/span><\/td>\n<\/tr>\n<tr>\n<td><span data-path-to-node=\"7,5,0,0\"><b data-path-to-node=\"7,5,0,0\" data-index-in-node=\"0\">Torque m\u00e1ximo do joelho<\/b><\/span><\/td>\n<td><span data-path-to-node=\"7,5,1,0\">120 N\u00b7m (alto torque de especifica\u00e7\u00e3o EDU)<\/span><\/td>\n<\/tr>\n<tr>\n<td><span data-path-to-node=\"7,6,0,0\"><b data-path-to-node=\"7,6,0,0\" data-index-in-node=\"0\">Carga \u00fatil m\u00e1xima do bra\u00e7o<\/b><\/span><\/td>\n<td><span data-path-to-node=\"7,6,1,0\">~3 kg<\/span><\/td>\n<\/tr>\n<tr>\n<td><span data-path-to-node=\"7,7,0,0\"><b data-path-to-node=\"7,7,0,0\" data-index-in-node=\"0\">Dura\u00e7\u00e3o da bateria<\/b><\/span><\/td>\n<td><span data-path-to-node=\"7,7,1,0\">~2 horas (bateria de libera\u00e7\u00e3o r\u00e1pida de 9000 mAh)<\/span><\/td>\n<\/tr>\n<tr>\n<td><span data-path-to-node=\"7,8,0,0\"><b data-path-to-node=\"7,8,0,0\" data-index-in-node=\"0\">Sensores<\/b><\/span><\/td>\n<td><span data-path-to-node=\"7,8,1,0\">LiDAR 3D, c\u00e2mera de profundidade, conjunto de 4 microfones, IMU<\/span><\/td>\n<\/tr>\n<tr>\n<td><span data-path-to-node=\"7,9,0,0\"><b data-path-to-node=\"7,9,0,0\" data-index-in-node=\"0\">Conectividade<\/b><\/span><\/td>\n<td><span data-path-to-node=\"7,9,1,0\">Wi-Fi 6, Bluetooth 5.2<\/span><\/td>\n<\/tr>\n<\/tbody>\n<\/table>\n<p>&nbsp;<\/p>\n<p>&nbsp;<\/p>\n<h3 data-path-to-node=\"9\">Por que escolher o EDU U1?<\/h3>\n<p id=\"p-rc_feef3f731a749aec-35\" data-path-to-node=\"10\">O U1 \u00e9 a forma mais econ\u00f4mica de obter um <b data-path-to-node=\"10\" data-index-in-node=\"47\">program\u00e1vel<\/b> Humanoide uni\u00e1rvore. <span class=\"citation-53 citation-end-53\">Como o hardware (motores e fia\u00e7\u00e3o) difere entre os modelos B\u00e1sico e EDU, n\u00e3o \u00e9 poss\u00edvel simplesmente &quot;atualizar o software&quot; de um modelo B\u00e1sico posteriormente.<\/span> O U1 \u00e9 a op\u00e7\u00e3o m\u00ednima vi\u00e1vel para laborat\u00f3rios focados em:<\/p>\n<ul data-path-to-node=\"11\">\n<li>\n<p id=\"p-rc_feef3f731a749aec-36\" data-path-to-node=\"11,0,0\"><b data-path-to-node=\"11,0,0\" data-index-in-node=\"0\"><span class=\"citation-52\">Locomo\u00e7\u00e3o b\u00edpede:<\/span><\/b><span class=\"citation-52 citation-end-52\"> Testando algoritmos de equil\u00edbrio e marcha.<\/span><\/p>\n<\/li>\n<li>\n<p id=\"p-rc_feef3f731a749aec-37\" data-path-to-node=\"11,1,0\"><b data-path-to-node=\"11,1,0\" data-index-in-node=\"0\"><span class=\"citation-51\">Navega\u00e7\u00e3o e SLAM:<\/span><\/b><span class=\"citation-51 citation-end-51\"> Utilizando LiDAR e c\u00e2mera de profundidade para mapeamento aut\u00f4nomo.<\/span><\/p>\n<\/li>\n<li>\n<p id=\"p-rc_feef3f731a749aec-38\" data-path-to-node=\"11,2,0\"><b data-path-to-node=\"11,2,0\" data-index-in-node=\"0\">Intera\u00e7\u00e3o Humano-Rob\u00f4 (HRI):<\/b><span class=\"citation-50 citation-end-50\"> Utilizando o conjunto de 4 microfones e o alto-falante de 5W para projetos de IA baseados em voz.<\/span><\/p>\n<\/li>\n<\/ul>\n<blockquote data-path-to-node=\"12\">\n<p id=\"p-rc_feef3f731a749aec-39\" data-path-to-node=\"12,0\"><b data-path-to-node=\"12,0\" data-index-in-node=\"0\">Observa\u00e7\u00e3o:<\/b><span class=\"citation-49 citation-end-49\"> O U1 vem com &quot;m\u00e3os de manequim&quot;.\u201c<\/span> <span class=\"citation-48\">Se sua pesquisa exigir preens\u00e3o de objetos ou feedback t\u00e1til, voc\u00ea precisar\u00e1 analisar o <\/span><b data-path-to-node=\"12,0\" data-index-in-node=\"132\"><span class=\"citation-48\">EDU U2<\/span><\/b><span class=\"citation-48\"> ou <\/span><b data-path-to-node=\"12,0\" data-index-in-node=\"142\"><span class=\"citation-48\">U3<\/span><\/b><span class=\"citation-48 citation-end-48\"> vers\u00f5es, que adicionam m\u00e3os ativas e h\u00e1beis e articula\u00e7\u00f5es extras nos pulsos\/cintura.<\/span><\/p>\n<\/blockquote>","protected":false},"excerpt":{"rendered":"<p id=\"p-rc_feef3f731a749aec-29\" data-path-to-node=\"0\"><span class=\"citation-62\">O <\/span><b data-path-to-node=\"0\" data-index-in-node=\"4\"><span class=\"citation-62\">Unitree G1 EDU Standard (U1)<\/span><\/b><span class=\"citation-62 citation-end-62\"> \u00c9 um rob\u00f4 humanoide b\u00edpede compacto, projetado especificamente para pesquisa avan\u00e7ada, educa\u00e7\u00e3o e desenvolvimento de IA.<\/span> <span class=\"citation-61\">Embora o G1 \u201cPadr\u00e3o\u201d seja frequentemente usado para demonstra\u00e7\u00f5es, o <\/span><b data-path-to-node=\"0\" data-index-in-node=\"208\"><span class=\"citation-61\">EDU U1<\/span><\/b><span class=\"citation-61 citation-end-61\"> A variante \u00e9 o modelo profissional de &quot;n\u00edvel b\u00e1sico&quot; que desbloqueia todas as funcionalidades de desenvolvimento secund\u00e1rio.<\/span><\/p>\n<p id=\"p-rc_feef3f731a749aec-30\" data-path-to-node=\"1\"><span class=\"citation-60\">Tem aproximadamente a seguinte altura: <\/span><b data-path-to-node=\"1\" data-index-in-node=\"18\"><span class=\"citation-60\">1,32 metros<\/span><\/b><span class=\"citation-60 citation-end-60\"> (4&#039;4\u2033) de altura e apresenta um design dobr\u00e1vel exclusivo que o torna altamente port\u00e1til em compara\u00e7\u00e3o com humanoides de tamanho normal.<\/span><\/p>","protected":false},"featured_media":21524,"comment_status":"open","ping_status":"closed","template":"","meta":[],"product_brand":[1087],"product_cat":[1038,1037,1103],"product_tag":[1088,1110,1109,1105],"class_list":{"0":"post-21526","1":"product","2":"type-product","3":"status-publish","4":"has-post-thumbnail","6":"product_brand-unitree","7":"product_cat-humanoid","8":"product_cat-robotics","9":"product_cat-unitree-hum-robots","10":"product_tag-unitree","11":"product_tag-unitree-g1-robot","12":"product_tag-unitree-g1-series","13":"product_tag-unitree-humanoid","15":"first","16":"onbackorder","17":"taxable","18":"shipping-taxable","19":"purchasable","20":"product-type-simple"},"yoast_head":"<!-- This site is optimized with the Yoast SEO plugin v27.1.1 - https:\/\/yoast.com\/product\/yoast-seo-wordpress\/ -->\n<title>Unitree G1 EDU Standard (U1) - Ghostysky<\/title>\n<meta name=\"description\" content=\"The Unitree G1 EDU Standard (U1) is a compact, bipedal humanoid robot designed specifically for advanced research, education, and AI development. While the &quot;Standard&quot; G1 is often used for demonstrations, the EDU U1 variant is the &quot;entry-level&quot; professional model that unlocks full secondary development capabilities.It stands roughly 1.32 meters (4&#039;4&quot;) tall and features a unique folding design that makes it highly portable compared to full-sized humanoids.\" \/>\n<meta name=\"robots\" content=\"index, follow, max-snippet:-1, max-image-preview:large, max-video-preview:-1\" \/>\n<link rel=\"canonical\" href=\"https:\/\/www.ghostysky.com\/pt\/produto-2\/unitree-g1-edu-u1\/\" \/>\n<meta property=\"og:locale\" content=\"pt_PT\" \/>\n<meta property=\"og:type\" content=\"article\" \/>\n<meta property=\"og:title\" content=\"Unitree G1 EDU Standard (U1) - Ghostysky\" \/>\n<meta property=\"og:description\" content=\"The Unitree G1 EDU Standard (U1) is a compact, bipedal humanoid robot designed specifically for advanced research, education, and AI development. While the &quot;Standard&quot; G1 is often used for demonstrations, the EDU U1 variant is the &quot;entry-level&quot; professional model that unlocks full secondary development capabilities.It stands roughly 1.32 meters (4&#039;4&quot;) tall and features a unique folding design that makes it highly portable compared to full-sized humanoids.\" \/>\n<meta property=\"og:url\" content=\"https:\/\/www.ghostysky.com\/pt\/produto-2\/unitree-g1-edu-u1\/\" \/>\n<meta property=\"og:site_name\" content=\"Ghostysky\" \/>\n<meta property=\"article:publisher\" content=\"https:\/\/www.facebook.com\/people\/Ghostysky\/100057676170234\/\" \/>\n<meta property=\"article:modified_time\" content=\"2026-03-19T11:51:03+00:00\" \/>\n<meta property=\"og:image\" content=\"https:\/\/www.ghostysky.com\/wp-content\/uploads\/2025\/10\/GH_G1-Humanoid_1.png\" \/>\n\t<meta property=\"og:image:width\" content=\"650\" \/>\n\t<meta property=\"og:image:height\" content=\"650\" \/>\n\t<meta property=\"og:image:type\" content=\"image\/png\" \/>\n<meta name=\"twitter:card\" content=\"summary_large_image\" \/>\n<meta name=\"twitter:site\" content=\"@Gh0stysky\" \/>\n<meta name=\"twitter:label1\" content=\"Tempo estimado de leitura\" \/>\n\t<meta name=\"twitter:data1\" content=\"2 minutos\" \/>\n<script type=\"application\/ld+json\" class=\"yoast-schema-graph\">{\"@context\":\"https:\/\/schema.org\",\"@graph\":[{\"@type\":\"WebPage\",\"@id\":\"https:\/\/www.ghostysky.com\/product\/unitree-g1-edu-u1\/\",\"url\":\"https:\/\/www.ghostysky.com\/product\/unitree-g1-edu-u1\/\",\"name\":\"Unitree G1 EDU Standard (U1) - Ghostysky\",\"isPartOf\":{\"@id\":\"https:\/\/www.ghostysky.com\/#website\"},\"primaryImageOfPage\":{\"@id\":\"https:\/\/www.ghostysky.com\/product\/unitree-g1-edu-u1\/#primaryimage\"},\"image\":{\"@id\":\"https:\/\/www.ghostysky.com\/product\/unitree-g1-edu-u1\/#primaryimage\"},\"thumbnailUrl\":\"https:\/\/www.ghostysky.com\/wp-content\/uploads\/2025\/10\/GH_G1-Humanoid_1.png\",\"datePublished\":\"2025-10-16T16:57:08+00:00\",\"dateModified\":\"2026-03-19T11:51:03+00:00\",\"description\":\"The Unitree G1 EDU Standard (U1) is a compact, bipedal humanoid robot designed specifically for advanced research, education, and AI development. While the \\\"Standard\\\" G1 is often used for demonstrations, the EDU U1 variant is the \\\"entry-level\\\" professional model that unlocks full secondary development capabilities.It stands roughly 1.32 meters (4'4\\\") tall and features a unique folding design that makes it highly portable compared to full-sized humanoids.\",\"breadcrumb\":{\"@id\":\"https:\/\/www.ghostysky.com\/product\/unitree-g1-edu-u1\/#breadcrumb\"},\"inLanguage\":\"pt-PT\",\"potentialAction\":[{\"@type\":\"ReadAction\",\"target\":[\"https:\/\/www.ghostysky.com\/product\/unitree-g1-edu-u1\/\"]}]},{\"@type\":\"ImageObject\",\"inLanguage\":\"pt-PT\",\"@id\":\"https:\/\/www.ghostysky.com\/product\/unitree-g1-edu-u1\/#primaryimage\",\"url\":\"https:\/\/www.ghostysky.com\/wp-content\/uploads\/2025\/10\/GH_G1-Humanoid_1.png\",\"contentUrl\":\"https:\/\/www.ghostysky.com\/wp-content\/uploads\/2025\/10\/GH_G1-Humanoid_1.png\",\"width\":650,\"height\":650},{\"@type\":\"BreadcrumbList\",\"@id\":\"https:\/\/www.ghostysky.com\/product\/unitree-g1-edu-u1\/#breadcrumb\",\"itemListElement\":[{\"@type\":\"ListItem\",\"position\":1,\"name\":\"Home\",\"item\":\"https:\/\/www.ghostysky.com\/\"},{\"@type\":\"ListItem\",\"position\":2,\"name\":\"Shop\",\"item\":\"https:\/\/www.ghostysky.com\/shop\/\"},{\"@type\":\"ListItem\",\"position\":3,\"name\":\"Unitree G1 EDU Standard (U1)\"}]},{\"@type\":\"WebSite\",\"@id\":\"https:\/\/www.ghostysky.com\/#website\",\"url\":\"https:\/\/www.ghostysky.com\/\",\"name\":\"Ghostysky\",\"description\":\"Delivering professional drones and services\",\"publisher\":{\"@id\":\"https:\/\/www.ghostysky.com\/#organization\"},\"potentialAction\":[{\"@type\":\"SearchAction\",\"target\":{\"@type\":\"EntryPoint\",\"urlTemplate\":\"https:\/\/www.ghostysky.com\/?s={search_term_string}\"},\"query-input\":{\"@type\":\"PropertyValueSpecification\",\"valueRequired\":true,\"valueName\":\"search_term_string\"}}],\"inLanguage\":\"pt-PT\"},{\"@type\":\"Organization\",\"@id\":\"https:\/\/www.ghostysky.com\/#organization\",\"name\":\"Ghostysky\",\"url\":\"https:\/\/www.ghostysky.com\/\",\"logo\":{\"@type\":\"ImageObject\",\"inLanguage\":\"pt-PT\",\"@id\":\"https:\/\/www.ghostysky.com\/#\/schema\/logo\/image\/\",\"url\":\"https:\/\/www.ghostysky.com\/wp-content\/uploads\/2020\/06\/cropped-ghostyskylogo_text_white2.png\",\"contentUrl\":\"https:\/\/www.ghostysky.com\/wp-content\/uploads\/2020\/06\/cropped-ghostyskylogo_text_white2.png\",\"width\":169,\"height\":56,\"caption\":\"Ghostysky\"},\"image\":{\"@id\":\"https:\/\/www.ghostysky.com\/#\/schema\/logo\/image\/\"},\"sameAs\":[\"https:\/\/www.facebook.com\/people\/Ghostysky\/100057676170234\/\",\"https:\/\/x.com\/Gh0stysky\",\"https:\/\/www.linkedin.com\/company\/34739653\",\"https:\/\/www.instagram.com\/gh0stysky\"]}]}<\/script>\n<!-- \/ Yoast SEO plugin. -->","yoast_head_json":{"title":"Padr\u00e3o Unitree G1 EDU (U1) - Ghostysky","description":"O Unitree G1 EDU Standard (U1) \u00e9 um rob\u00f4 humanoide b\u00edpede compacto, projetado especificamente para pesquisa avan\u00e7ada, educa\u00e7\u00e3o e desenvolvimento de IA. Enquanto o G1 &quot;Standard&quot; \u00e9 frequentemente usado para demonstra\u00e7\u00f5es, a variante EDU U1 \u00e9 o modelo profissional &quot;de entrada&quot; que desbloqueia todas as capacidades de desenvolvimento secund\u00e1rio. Ele tem aproximadamente 1,32 metros de altura e apresenta um design dobr\u00e1vel exclusivo que o torna altamente port\u00e1til em compara\u00e7\u00e3o com humanoides de tamanho normal.","robots":{"index":"index","follow":"follow","max-snippet":"max-snippet:-1","max-image-preview":"max-image-preview:large","max-video-preview":"max-video-preview:-1"},"canonical":"https:\/\/www.ghostysky.com\/pt\/produto-2\/unitree-g1-edu-u1\/","og_locale":"pt_PT","og_type":"article","og_title":"Unitree G1 EDU Standard (U1) - Ghostysky","og_description":"The Unitree G1 EDU Standard (U1) is a compact, bipedal humanoid robot designed specifically for advanced research, education, and AI development. While the \"Standard\" G1 is often used for demonstrations, the EDU U1 variant is the \"entry-level\" professional model that unlocks full secondary development capabilities.It stands roughly 1.32 meters (4'4\") tall and features a unique folding design that makes it highly portable compared to full-sized humanoids.","og_url":"https:\/\/www.ghostysky.com\/pt\/produto-2\/unitree-g1-edu-u1\/","og_site_name":"Ghostysky","article_publisher":"https:\/\/www.facebook.com\/people\/Ghostysky\/100057676170234\/","article_modified_time":"2026-03-19T11:51:03+00:00","og_image":[{"width":650,"height":650,"url":"https:\/\/www.ghostysky.com\/wp-content\/uploads\/2025\/10\/GH_G1-Humanoid_1.png","type":"image\/png"}],"twitter_card":"summary_large_image","twitter_site":"@Gh0stysky","twitter_misc":{"Tempo estimado de leitura":"2 minutos"},"schema":{"@context":"https:\/\/schema.org","@graph":[{"@type":"WebPage","@id":"https:\/\/www.ghostysky.com\/product\/unitree-g1-edu-u1\/","url":"https:\/\/www.ghostysky.com\/product\/unitree-g1-edu-u1\/","name":"Padr\u00e3o Unitree G1 EDU (U1) - Ghostysky","isPartOf":{"@id":"https:\/\/www.ghostysky.com\/#website"},"primaryImageOfPage":{"@id":"https:\/\/www.ghostysky.com\/product\/unitree-g1-edu-u1\/#primaryimage"},"image":{"@id":"https:\/\/www.ghostysky.com\/product\/unitree-g1-edu-u1\/#primaryimage"},"thumbnailUrl":"https:\/\/www.ghostysky.com\/wp-content\/uploads\/2025\/10\/GH_G1-Humanoid_1.png","datePublished":"2025-10-16T16:57:08+00:00","dateModified":"2026-03-19T11:51:03+00:00","description":"O Unitree G1 EDU Standard (U1) \u00e9 um rob\u00f4 humanoide b\u00edpede compacto, projetado especificamente para pesquisa avan\u00e7ada, educa\u00e7\u00e3o e desenvolvimento de IA. Enquanto o G1 &quot;Standard&quot; \u00e9 frequentemente usado para demonstra\u00e7\u00f5es, a variante EDU U1 \u00e9 o modelo profissional &quot;de entrada&quot; que desbloqueia todas as capacidades de desenvolvimento secund\u00e1rio. Ele tem aproximadamente 1,32 metros de altura e apresenta um design dobr\u00e1vel exclusivo que o torna altamente port\u00e1til em compara\u00e7\u00e3o com humanoides de tamanho normal.","breadcrumb":{"@id":"https:\/\/www.ghostysky.com\/product\/unitree-g1-edu-u1\/#breadcrumb"},"inLanguage":"pt-PT","potentialAction":[{"@type":"ReadAction","target":["https:\/\/www.ghostysky.com\/product\/unitree-g1-edu-u1\/"]}]},{"@type":"ImageObject","inLanguage":"pt-PT","@id":"https:\/\/www.ghostysky.com\/product\/unitree-g1-edu-u1\/#primaryimage","url":"https:\/\/www.ghostysky.com\/wp-content\/uploads\/2025\/10\/GH_G1-Humanoid_1.png","contentUrl":"https:\/\/www.ghostysky.com\/wp-content\/uploads\/2025\/10\/GH_G1-Humanoid_1.png","width":650,"height":650},{"@type":"BreadcrumbList","@id":"https:\/\/www.ghostysky.com\/product\/unitree-g1-edu-u1\/#breadcrumb","itemListElement":[{"@type":"ListItem","position":1,"name":"Home","item":"https:\/\/www.ghostysky.com\/"},{"@type":"ListItem","position":2,"name":"Shop","item":"https:\/\/www.ghostysky.com\/shop\/"},{"@type":"ListItem","position":3,"name":"Unitree G1 EDU Standard (U1)"}]},{"@type":"WebSite","@id":"https:\/\/www.ghostysky.com\/#website","url":"https:\/\/www.ghostysky.com\/","name":"Ghostysky","description":"Fornecendo drones e servi\u00e7os profissionais","publisher":{"@id":"https:\/\/www.ghostysky.com\/#organization"},"potentialAction":[{"@type":"SearchAction","target":{"@type":"EntryPoint","urlTemplate":"https:\/\/www.ghostysky.com\/?s={search_term_string}"},"query-input":{"@type":"PropertyValueSpecification","valueRequired":true,"valueName":"search_term_string"}}],"inLanguage":"pt-PT"},{"@type":"Organization","@id":"https:\/\/www.ghostysky.com\/#organization","name":"Ghostysky","url":"https:\/\/www.ghostysky.com\/","logo":{"@type":"ImageObject","inLanguage":"pt-PT","@id":"https:\/\/www.ghostysky.com\/#\/schema\/logo\/image\/","url":"https:\/\/www.ghostysky.com\/wp-content\/uploads\/2020\/06\/cropped-ghostyskylogo_text_white2.png","contentUrl":"https:\/\/www.ghostysky.com\/wp-content\/uploads\/2020\/06\/cropped-ghostyskylogo_text_white2.png","width":169,"height":56,"caption":"Ghostysky"},"image":{"@id":"https:\/\/www.ghostysky.com\/#\/schema\/logo\/image\/"},"sameAs":["https:\/\/www.facebook.com\/people\/Ghostysky\/100057676170234\/","https:\/\/x.com\/Gh0stysky","https:\/\/www.linkedin.com\/company\/34739653","https:\/\/www.instagram.com\/gh0stysky"]}]}},"_links":{"self":[{"href":"https:\/\/www.ghostysky.com\/pt\/wp-json\/wp\/v2\/product\/21526","targetHints":{"allow":["GET"]}}],"collection":[{"href":"https:\/\/www.ghostysky.com\/pt\/wp-json\/wp\/v2\/product"}],"about":[{"href":"https:\/\/www.ghostysky.com\/pt\/wp-json\/wp\/v2\/types\/product"}],"replies":[{"embeddable":true,"href":"https:\/\/www.ghostysky.com\/pt\/wp-json\/wp\/v2\/comments?post=21526"}],"wp:featuredmedia":[{"embeddable":true,"href":"https:\/\/www.ghostysky.com\/pt\/wp-json\/wp\/v2\/media\/21524"}],"wp:attachment":[{"href":"https:\/\/www.ghostysky.com\/pt\/wp-json\/wp\/v2\/media?parent=21526"}],"wp:term":[{"taxonomy":"product_brand","embeddable":true,"href":"https:\/\/www.ghostysky.com\/pt\/wp-json\/wp\/v2\/product_brand?post=21526"},{"taxonomy":"product_cat","embeddable":true,"href":"https:\/\/www.ghostysky.com\/pt\/wp-json\/wp\/v2\/product_cat?post=21526"},{"taxonomy":"product_tag","embeddable":true,"href":"https:\/\/www.ghostysky.com\/pt\/wp-json\/wp\/v2\/product_tag?post=21526"}],"curies":[{"name":"wp","href":"https:\/\/api.w.org\/{rel}","templated":true}]}}