{"id":21527,"date":"2025-10-16T17:00:44","date_gmt":"2025-10-16T17:00:44","guid":{"rendered":"https:\/\/www.ghostysky.com\/?post_type=product&#038;p=21527"},"modified":"2026-03-16T09:22:13","modified_gmt":"2026-03-16T09:22:13","slug":"unitree-g1-edu-u2","status":"publish","type":"product","link":"https:\/\/www.ghostysky.com\/pt\/product\/unitree-g1-edu-u2\/","title":{"rendered":"Unitree G1 Edu Plus (U2)"},"content":{"rendered":"<h3 data-path-to-node=\"2\">Especifica\u00e7\u00f5es principais<\/h3>\n<table data-path-to-node=\"3\">\n<thead>\n<tr>\n<td><strong>Recurso<\/strong><\/td>\n<td><strong>Especifica\u00e7\u00f5es<\/strong><\/td>\n<\/tr>\n<\/thead>\n<tbody>\n<tr>\n<td><span data-path-to-node=\"3,1,0,0\"><b data-path-to-node=\"3,1,0,0\" data-index-in-node=\"0\">Altura<\/b><\/span><\/td>\n<td><span data-path-to-node=\"3,1,1,0\">1320 mm (em p\u00e9) \/ 690 mm (dobrado)<\/span><\/td>\n<\/tr>\n<tr>\n<td><span data-path-to-node=\"3,2,0,0\"><b data-path-to-node=\"3,2,0,0\" data-index-in-node=\"0\">Peso<\/b><\/span><\/td>\n<td><span data-path-to-node=\"3,2,1,0\">Aproximadamente 35 kg (incluindo a bateria)<\/span><\/td>\n<\/tr>\n<tr>\n<td><span data-path-to-node=\"3,3,0,0\"><b data-path-to-node=\"3,3,0,0\" data-index-in-node=\"0\">Graus de Liberdade (DoF)<\/b><\/span><\/td>\n<td><span data-path-to-node=\"3,3,1,0\"><b data-path-to-node=\"3,3,1,0\" data-index-in-node=\"0\">28 no total<\/b> (Aprimorado a partir do modelo base de 23 graus de liberdade)<\/span><\/td>\n<\/tr>\n<tr>\n<td><span data-path-to-node=\"3,4,0,0\"><b data-path-to-node=\"3,4,0,0\" data-index-in-node=\"0\">Poder computacional<\/b><\/span><\/td>\n<td><span data-path-to-node=\"3,4,1,0\"><b data-path-to-node=\"3,4,1,0\" data-index-in-node=\"0\">NVIDIA Jetson Orin NX<\/b> (100 TOPS) + CPU de 8 n\u00facleos<\/span><\/td>\n<\/tr>\n<tr>\n<td><span data-path-to-node=\"3,5,0,0\"><b data-path-to-node=\"3,5,0,0\" data-index-in-node=\"0\">Carga \u00fatil<\/b><\/span><\/td>\n<td><span data-path-to-node=\"3,5,1,0\">~3 kg (Carga no bra\u00e7o)<\/span><\/td>\n<\/tr>\n<tr>\n<td><span data-path-to-node=\"3,6,0,0\"><b data-path-to-node=\"3,6,0,0\" data-index-in-node=\"0\">Torque m\u00e1ximo<\/b><\/span><\/td>\n<td><span data-path-to-node=\"3,6,1,0\">120 N\u00b7m (articula\u00e7\u00e3o do joelho)<\/span><\/td>\n<\/tr>\n<tr>\n<td><span data-path-to-node=\"3,7,0,0\"><b data-path-to-node=\"3,7,0,0\" data-index-in-node=\"0\">Dura\u00e7\u00e3o da bateria<\/b><\/span><\/td>\n<td><span data-path-to-node=\"3,7,1,0\">~2 horas (bateria de 9000 mAh com libera\u00e7\u00e3o r\u00e1pida)<\/span><\/td>\n<\/tr>\n<tr>\n<td><span data-path-to-node=\"3,8,0,0\"><b data-path-to-node=\"3,8,0,0\" data-index-in-node=\"0\">Conectividade<\/b><\/span><\/td>\n<td><span data-path-to-node=\"3,8,1,0\">Wi-Fi 6, Bluetooth 5.2<\/span><\/td>\n<\/tr>\n<\/tbody>\n<\/table>\n<p>&nbsp;<\/p>\n<p>&nbsp;<\/p>\n<h3 data-path-to-node=\"5\">Principais caracter\u00edsticas do modelo EDU Plus (U2)<\/h3>\n<ul data-path-to-node=\"6\">\n<li>\n<p id=\"p-rc_bed7b236485c79ab-20\" data-path-to-node=\"6,0,0\"><b data-path-to-node=\"6,0,0\" data-index-in-node=\"0\"><span class=\"citation-12\">Articula\u00e7\u00e3o aprimorada (28 graus de liberdade):<\/span><\/b><span class=\"citation-12\"> Em compara\u00e7\u00e3o com a vers\u00e3o b\u00e1sica G1, a vers\u00e3o U2 geralmente apresenta um <\/span><b data-path-to-node=\"6,0,0\" data-index-in-node=\"93\"><span class=\"citation-12\">cintura de 3 graus de liberdade<\/span><\/b><span class=\"citation-12\"> (permitindo inclina\u00e7\u00e3o, rota\u00e7\u00e3o e guinada) e <\/span><b data-path-to-node=\"6,0,0\" data-index-in-node=\"145\"><span class=\"citation-12\">articula\u00e7\u00e3o do pulso<\/span><\/b><span class=\"citation-12 citation-end-12\">, o que melhora significativamente a coordena\u00e7\u00e3o da parte superior do corpo e a capacidade do rob\u00f4 de executar tarefas em espa\u00e7os restritos.<\/span><\/p>\n<\/li>\n<li>\n<p id=\"p-rc_bed7b236485c79ab-21\" data-path-to-node=\"6,1,0\"><b data-path-to-node=\"6,1,0\" data-index-in-node=\"0\">Percep\u00e7\u00e3o avan\u00e7ada de IA:<\/b><\/p>\n<p id=\"p-rc_bed7b236485c79ab-21\" data-path-to-node=\"6,1,0\"><span class=\"citation-11\">Equipado com um <\/span><b data-path-to-node=\"6,1,0\" data-index-in-node=\"40\"><span class=\"citation-11\">Livox MID-360 3D LiDAR<\/span><\/b><span class=\"citation-11\"> e um <\/span><b data-path-to-node=\"6,1,0\" data-index-in-node=\"70\"><span class=\"citation-11\">C\u00e2mera de profundidade Intel RealSense D435i<\/span><\/b><span class=\"citation-11 citation-end-11\">, O U2 oferece mapeamento ambiental de 360 graus e percep\u00e7\u00e3o espacial precisa para navega\u00e7\u00e3o aut\u00f4noma.<\/span><\/p>\n<\/li>\n<li>\n<p id=\"p-rc_bed7b236485c79ab-22\" data-path-to-node=\"6,2,0\"><b data-path-to-node=\"6,2,0\" data-index-in-node=\"0\">Plataforma de desenvolvimento secund\u00e1ria:<\/b><\/p>\n<p id=\"p-rc_bed7b236485c79ab-22\" data-path-to-node=\"6,2,0\">O G1 EDU Plus \u00e9 uma plataforma aberta. <span class=\"citation-10\">Ele suporta <\/span><b data-path-to-node=\"6,2,0\" data-index-in-node=\"81\"><span class=\"citation-10\">ROS, Python e C++<\/span><\/b><span class=\"citation-10 citation-end-10\">, permitindo que pesquisadores implementem algoritmos personalizados de aprendizado por refor\u00e7o, aprendizado por imita\u00e7\u00e3o e &quot;Modelo do Mundo Rob\u00f3tico&quot; (UnifoLM).<\/span><\/p>\n<\/li>\n<li>\n<p id=\"p-rc_bed7b236485c79ab-23\" data-path-to-node=\"6,3,0\"><b data-path-to-node=\"6,3,0\" data-index-in-node=\"0\">Hardware para m\u00e3os habilidosas (m\u00e3os padr\u00e3o):<\/b><\/p>\n<p id=\"p-rc_bed7b236485c79ab-23\" data-path-to-node=\"6,3,0\"><span class=\"citation-9\">O U2 geralmente vem com <\/span><b data-path-to-node=\"6,3,0\" data-index-in-node=\"63\"><span class=\"citation-9\">M\u00e3os de manequim com pulsos<\/span><\/b><span class=\"citation-9 citation-end-9\">.<\/span> Embora seja compat\u00edvel com os dedos controlados por for\u00e7a Dex3-1 da Unitree como um acess\u00f3rio adicional, a estrutura mec\u00e2nica do U2 \u00e9 especificamente refor\u00e7ada para suportar essas melhorias melhor do que o modelo b\u00e1sico.<\/p>\n<\/li>\n<li>\n<p id=\"p-rc_bed7b236485c79ab-24\" data-path-to-node=\"6,4,0\"><b data-path-to-node=\"6,4,0\" data-index-in-node=\"0\">Intera\u00e7\u00e3o por \u00e1udio:<\/b><\/p>\n<p id=\"p-rc_bed7b236485c79ab-24\" data-path-to-node=\"6,4,0\"><span class=\"citation-8 citation-end-8\">Inclui um conjunto de 4 microfones (com cancelamento de ru\u00eddo e eco) e um alto-falante est\u00e9reo de 5W, permitindo o reconhecimento de voz e o feedback de fala.<\/span><\/p>\n<div class=\"source-inline-chip-container ng-star-inserted\"><\/div>\n<p>&nbsp;<\/li>\n<\/ul>\n<h3 data-path-to-node=\"8\">Por que escolher a configura\u00e7\u00e3o U2?<\/h3>\n<p id=\"p-rc_bed7b236485c79ab-25\" data-path-to-node=\"9\">O <b data-path-to-node=\"9\" data-index-in-node=\"4\">U2 (EDU Plus)<\/b> \u00c9 o ponto ideal para laborat\u00f3rios universit\u00e1rios e startups de P&amp;D. <span class=\"citation-7\">Ele fornece o <\/span><b data-path-to-node=\"9\" data-index-in-node=\"92\"><span class=\"citation-7\">computa\u00e7\u00e3o de alto desempenho (Orin NX)<\/span><\/b><span class=\"citation-7 citation-end-7\"> Necess\u00e1rio para vis\u00e3o de IA em tempo real e controle de movimento, algo que o G1 de n\u00edvel consumidor n\u00e3o possui, ao mesmo tempo que oferece mais liberdade de movimento na cintura e nos pulsos para tarefas de manipula\u00e7\u00e3o mais eficientes.<\/span><\/p>\n<blockquote data-path-to-node=\"10\">\n<p data-path-to-node=\"10,0\"><b data-path-to-node=\"10,0\" data-index-in-node=\"0\">Observa\u00e7\u00e3o:<\/b> No in\u00edcio de 2026, a s\u00e9rie G1 recebeu atualiza\u00e7\u00f5es de firmware (v3.2+) que permitem o comando de tarefas em linguagem natural por meio da integra\u00e7\u00e3o do LLM, otimizadas especificamente para os modelos educacionais.<\/p>\n<\/blockquote>","protected":false},"excerpt":{"rendered":"<p><span class=\"\">O <\/span><b class=\"\" data-path-to-node=\"0\" data-index-in-node=\"4\">Unitree G1 EDU Plus (U2)<\/b><span class=\"\"> \u00e9 o n\u00edvel profissional intermedi\u00e1rio da s\u00e9rie humanoide G1,<\/span><span class=\"\"> Projetado especificamente para pesquisa de IA de alto n\u00edvel,<\/span><span class=\"\"> desenvolvimento secund\u00e1rio,<\/span><span class=\"\"> e planejamento de movimentos complexos.<\/span><span class=\"\"> Embora o G1 \u201cStandard\u201d seja projetado para mobilidade b\u00e1sica,<\/span><span class=\"\"> a <\/span><b class=\"\" data-path-to-node=\"0\" data-index-in-node=\"255\">EDU Plus (U2)<\/b><span class=\"\"> Aprimora o hardware e a capacidade de processamento para suportar uma intera\u00e7\u00e3o humano-rob\u00f4 mais sofisticada.<\/span><\/p>","protected":false},"featured_media":21524,"comment_status":"open","ping_status":"closed","template":"","meta":[],"product_brand":[1087],"product_cat":[1038,1037,1103],"product_tag":[1088,1110,1109,1105],"class_list":{"0":"post-21527","1":"product","2":"type-product","3":"status-publish","4":"has-post-thumbnail","6":"product_brand-unitree","7":"product_cat-humanoid","8":"product_cat-robotics","9":"product_cat-unitree-hum-robots","10":"product_tag-unitree","11":"product_tag-unitree-g1-robot","12":"product_tag-unitree-g1-series","13":"product_tag-unitree-humanoid","15":"first","16":"onbackorder","17":"taxable","18":"shipping-taxable","19":"purchasable","20":"product-type-simple"},"yoast_head":"<!-- This site is optimized with the Yoast SEO plugin v27.1.1 - https:\/\/yoast.com\/product\/yoast-seo-wordpress\/ -->\n<title>Unitree G1 Edu Plus (U2) - Ghostysky<\/title>\n<meta name=\"description\" content=\"The Unitree G1 EDU Plus (U2) is the intermediate professional tier of the G1 humanoid series, specifically engineered for high-level AI research, secondary development, and complex motion planning. While the &quot;Standard&quot; G1 is built for basic mobility, the EDU Plus (U2) upgrades the hardware and computing power to support more sophisticated human-robot interaction.\" \/>\n<meta name=\"robots\" content=\"index, follow, max-snippet:-1, max-image-preview:large, max-video-preview:-1\" \/>\n<link rel=\"canonical\" href=\"https:\/\/www.ghostysky.com\/pt\/produto-2\/unitree-g1-edu-u2\/\" \/>\n<meta property=\"og:locale\" content=\"pt_PT\" \/>\n<meta property=\"og:type\" content=\"article\" \/>\n<meta property=\"og:title\" content=\"Unitree G1 Edu Plus (U2) - Ghostysky\" \/>\n<meta property=\"og:description\" content=\"The Unitree G1 EDU Plus (U2) is the intermediate professional tier of the G1 humanoid series, specifically engineered for high-level AI research, secondary development, and complex motion planning. While the &quot;Standard&quot; G1 is built for basic mobility, the EDU Plus (U2) upgrades the hardware and computing power to support more sophisticated human-robot interaction.\" \/>\n<meta property=\"og:url\" content=\"https:\/\/www.ghostysky.com\/pt\/produto-2\/unitree-g1-edu-u2\/\" \/>\n<meta property=\"og:site_name\" content=\"Ghostysky\" \/>\n<meta property=\"article:publisher\" content=\"https:\/\/www.facebook.com\/people\/Ghostysky\/100057676170234\/\" \/>\n<meta property=\"article:modified_time\" content=\"2026-03-16T09:22:13+00:00\" \/>\n<meta property=\"og:image\" content=\"https:\/\/www.ghostysky.com\/wp-content\/uploads\/2025\/10\/GH_G1-Humanoid_1.png\" \/>\n\t<meta property=\"og:image:width\" content=\"650\" \/>\n\t<meta property=\"og:image:height\" content=\"650\" \/>\n\t<meta property=\"og:image:type\" content=\"image\/png\" \/>\n<meta name=\"twitter:card\" content=\"summary_large_image\" \/>\n<meta name=\"twitter:site\" content=\"@Gh0stysky\" \/>\n<meta name=\"twitter:label1\" content=\"Tempo estimado de leitura\" \/>\n\t<meta name=\"twitter:data1\" content=\"2 minutos\" \/>\n<script type=\"application\/ld+json\" class=\"yoast-schema-graph\">{\"@context\":\"https:\/\/schema.org\",\"@graph\":[{\"@type\":\"WebPage\",\"@id\":\"https:\/\/www.ghostysky.com\/product\/unitree-g1-edu-u2\/\",\"url\":\"https:\/\/www.ghostysky.com\/product\/unitree-g1-edu-u2\/\",\"name\":\"Unitree G1 Edu Plus (U2) - Ghostysky\",\"isPartOf\":{\"@id\":\"https:\/\/www.ghostysky.com\/#website\"},\"primaryImageOfPage\":{\"@id\":\"https:\/\/www.ghostysky.com\/product\/unitree-g1-edu-u2\/#primaryimage\"},\"image\":{\"@id\":\"https:\/\/www.ghostysky.com\/product\/unitree-g1-edu-u2\/#primaryimage\"},\"thumbnailUrl\":\"https:\/\/www.ghostysky.com\/wp-content\/uploads\/2025\/10\/GH_G1-Humanoid_1.png\",\"datePublished\":\"2025-10-16T17:00:44+00:00\",\"dateModified\":\"2026-03-16T09:22:13+00:00\",\"description\":\"The Unitree G1 EDU Plus (U2) is the intermediate professional tier of the G1 humanoid series, specifically engineered for high-level AI research, secondary development, and complex motion planning. While the \\\"Standard\\\" G1 is built for basic mobility, the EDU Plus (U2) upgrades the hardware and computing power to support more sophisticated human-robot interaction.\",\"breadcrumb\":{\"@id\":\"https:\/\/www.ghostysky.com\/product\/unitree-g1-edu-u2\/#breadcrumb\"},\"inLanguage\":\"pt-PT\",\"potentialAction\":[{\"@type\":\"ReadAction\",\"target\":[\"https:\/\/www.ghostysky.com\/product\/unitree-g1-edu-u2\/\"]}]},{\"@type\":\"ImageObject\",\"inLanguage\":\"pt-PT\",\"@id\":\"https:\/\/www.ghostysky.com\/product\/unitree-g1-edu-u2\/#primaryimage\",\"url\":\"https:\/\/www.ghostysky.com\/wp-content\/uploads\/2025\/10\/GH_G1-Humanoid_1.png\",\"contentUrl\":\"https:\/\/www.ghostysky.com\/wp-content\/uploads\/2025\/10\/GH_G1-Humanoid_1.png\",\"width\":650,\"height\":650},{\"@type\":\"BreadcrumbList\",\"@id\":\"https:\/\/www.ghostysky.com\/product\/unitree-g1-edu-u2\/#breadcrumb\",\"itemListElement\":[{\"@type\":\"ListItem\",\"position\":1,\"name\":\"Home\",\"item\":\"https:\/\/www.ghostysky.com\/\"},{\"@type\":\"ListItem\",\"position\":2,\"name\":\"Shop\",\"item\":\"https:\/\/www.ghostysky.com\/shop\/\"},{\"@type\":\"ListItem\",\"position\":3,\"name\":\"Unitree G1 Edu Plus (U2)\"}]},{\"@type\":\"WebSite\",\"@id\":\"https:\/\/www.ghostysky.com\/#website\",\"url\":\"https:\/\/www.ghostysky.com\/\",\"name\":\"Ghostysky\",\"description\":\"Delivering professional drones and services\",\"publisher\":{\"@id\":\"https:\/\/www.ghostysky.com\/#organization\"},\"potentialAction\":[{\"@type\":\"SearchAction\",\"target\":{\"@type\":\"EntryPoint\",\"urlTemplate\":\"https:\/\/www.ghostysky.com\/?s={search_term_string}\"},\"query-input\":{\"@type\":\"PropertyValueSpecification\",\"valueRequired\":true,\"valueName\":\"search_term_string\"}}],\"inLanguage\":\"pt-PT\"},{\"@type\":\"Organization\",\"@id\":\"https:\/\/www.ghostysky.com\/#organization\",\"name\":\"Ghostysky\",\"url\":\"https:\/\/www.ghostysky.com\/\",\"logo\":{\"@type\":\"ImageObject\",\"inLanguage\":\"pt-PT\",\"@id\":\"https:\/\/www.ghostysky.com\/#\/schema\/logo\/image\/\",\"url\":\"https:\/\/www.ghostysky.com\/wp-content\/uploads\/2020\/06\/cropped-ghostyskylogo_text_white2.png\",\"contentUrl\":\"https:\/\/www.ghostysky.com\/wp-content\/uploads\/2020\/06\/cropped-ghostyskylogo_text_white2.png\",\"width\":169,\"height\":56,\"caption\":\"Ghostysky\"},\"image\":{\"@id\":\"https:\/\/www.ghostysky.com\/#\/schema\/logo\/image\/\"},\"sameAs\":[\"https:\/\/www.facebook.com\/people\/Ghostysky\/100057676170234\/\",\"https:\/\/x.com\/Gh0stysky\",\"https:\/\/www.linkedin.com\/company\/34739653\",\"https:\/\/www.instagram.com\/gh0stysky\"]}]}<\/script>\n<!-- \/ Yoast SEO plugin. -->","yoast_head_json":{"title":"Unitree G1 Edu Plus (U2) - Ghostysky","description":"O Unitree G1 EDU Plus (U2) \u00e9 o modelo profissional intermedi\u00e1rio da s\u00e9rie de humanoides G1, projetado especificamente para pesquisa avan\u00e7ada em IA, desenvolvimento secund\u00e1rio e planejamento de movimentos complexos. Enquanto o G1 &quot;Standard&quot; \u00e9 constru\u00eddo para mobilidade b\u00e1sica, o EDU Plus (U2) aprimora o hardware e o poder de processamento para suportar intera\u00e7\u00f5es humano-rob\u00f4 mais sofisticadas.","robots":{"index":"index","follow":"follow","max-snippet":"max-snippet:-1","max-image-preview":"max-image-preview:large","max-video-preview":"max-video-preview:-1"},"canonical":"https:\/\/www.ghostysky.com\/pt\/produto-2\/unitree-g1-edu-u2\/","og_locale":"pt_PT","og_type":"article","og_title":"Unitree G1 Edu Plus (U2) - Ghostysky","og_description":"The Unitree G1 EDU Plus (U2) is the intermediate professional tier of the G1 humanoid series, specifically engineered for high-level AI research, secondary development, and complex motion planning. While the \"Standard\" G1 is built for basic mobility, the EDU Plus (U2) upgrades the hardware and computing power to support more sophisticated human-robot interaction.","og_url":"https:\/\/www.ghostysky.com\/pt\/produto-2\/unitree-g1-edu-u2\/","og_site_name":"Ghostysky","article_publisher":"https:\/\/www.facebook.com\/people\/Ghostysky\/100057676170234\/","article_modified_time":"2026-03-16T09:22:13+00:00","og_image":[{"width":650,"height":650,"url":"https:\/\/www.ghostysky.com\/wp-content\/uploads\/2025\/10\/GH_G1-Humanoid_1.png","type":"image\/png"}],"twitter_card":"summary_large_image","twitter_site":"@Gh0stysky","twitter_misc":{"Tempo estimado de leitura":"2 minutos"},"schema":{"@context":"https:\/\/schema.org","@graph":[{"@type":"WebPage","@id":"https:\/\/www.ghostysky.com\/product\/unitree-g1-edu-u2\/","url":"https:\/\/www.ghostysky.com\/product\/unitree-g1-edu-u2\/","name":"Unitree G1 Edu Plus (U2) - Ghostysky","isPartOf":{"@id":"https:\/\/www.ghostysky.com\/#website"},"primaryImageOfPage":{"@id":"https:\/\/www.ghostysky.com\/product\/unitree-g1-edu-u2\/#primaryimage"},"image":{"@id":"https:\/\/www.ghostysky.com\/product\/unitree-g1-edu-u2\/#primaryimage"},"thumbnailUrl":"https:\/\/www.ghostysky.com\/wp-content\/uploads\/2025\/10\/GH_G1-Humanoid_1.png","datePublished":"2025-10-16T17:00:44+00:00","dateModified":"2026-03-16T09:22:13+00:00","description":"O Unitree G1 EDU Plus (U2) \u00e9 o modelo profissional intermedi\u00e1rio da s\u00e9rie de humanoides G1, projetado especificamente para pesquisa avan\u00e7ada em IA, desenvolvimento secund\u00e1rio e planejamento de movimentos complexos. Enquanto o G1 &quot;Standard&quot; \u00e9 constru\u00eddo para mobilidade b\u00e1sica, o EDU Plus (U2) aprimora o hardware e o poder de processamento para suportar intera\u00e7\u00f5es humano-rob\u00f4 mais sofisticadas.","breadcrumb":{"@id":"https:\/\/www.ghostysky.com\/product\/unitree-g1-edu-u2\/#breadcrumb"},"inLanguage":"pt-PT","potentialAction":[{"@type":"ReadAction","target":["https:\/\/www.ghostysky.com\/product\/unitree-g1-edu-u2\/"]}]},{"@type":"ImageObject","inLanguage":"pt-PT","@id":"https:\/\/www.ghostysky.com\/product\/unitree-g1-edu-u2\/#primaryimage","url":"https:\/\/www.ghostysky.com\/wp-content\/uploads\/2025\/10\/GH_G1-Humanoid_1.png","contentUrl":"https:\/\/www.ghostysky.com\/wp-content\/uploads\/2025\/10\/GH_G1-Humanoid_1.png","width":650,"height":650},{"@type":"BreadcrumbList","@id":"https:\/\/www.ghostysky.com\/product\/unitree-g1-edu-u2\/#breadcrumb","itemListElement":[{"@type":"ListItem","position":1,"name":"Home","item":"https:\/\/www.ghostysky.com\/"},{"@type":"ListItem","position":2,"name":"Shop","item":"https:\/\/www.ghostysky.com\/shop\/"},{"@type":"ListItem","position":3,"name":"Unitree G1 Edu Plus (U2)"}]},{"@type":"WebSite","@id":"https:\/\/www.ghostysky.com\/#website","url":"https:\/\/www.ghostysky.com\/","name":"Ghostysky","description":"Fornecendo drones e servi\u00e7os profissionais","publisher":{"@id":"https:\/\/www.ghostysky.com\/#organization"},"potentialAction":[{"@type":"SearchAction","target":{"@type":"EntryPoint","urlTemplate":"https:\/\/www.ghostysky.com\/?s={search_term_string}"},"query-input":{"@type":"PropertyValueSpecification","valueRequired":true,"valueName":"search_term_string"}}],"inLanguage":"pt-PT"},{"@type":"Organization","@id":"https:\/\/www.ghostysky.com\/#organization","name":"Ghostysky","url":"https:\/\/www.ghostysky.com\/","logo":{"@type":"ImageObject","inLanguage":"pt-PT","@id":"https:\/\/www.ghostysky.com\/#\/schema\/logo\/image\/","url":"https:\/\/www.ghostysky.com\/wp-content\/uploads\/2020\/06\/cropped-ghostyskylogo_text_white2.png","contentUrl":"https:\/\/www.ghostysky.com\/wp-content\/uploads\/2020\/06\/cropped-ghostyskylogo_text_white2.png","width":169,"height":56,"caption":"Ghostysky"},"image":{"@id":"https:\/\/www.ghostysky.com\/#\/schema\/logo\/image\/"},"sameAs":["https:\/\/www.facebook.com\/people\/Ghostysky\/100057676170234\/","https:\/\/x.com\/Gh0stysky","https:\/\/www.linkedin.com\/company\/34739653","https:\/\/www.instagram.com\/gh0stysky"]}]}},"_links":{"self":[{"href":"https:\/\/www.ghostysky.com\/pt\/wp-json\/wp\/v2\/product\/21527","targetHints":{"allow":["GET"]}}],"collection":[{"href":"https:\/\/www.ghostysky.com\/pt\/wp-json\/wp\/v2\/product"}],"about":[{"href":"https:\/\/www.ghostysky.com\/pt\/wp-json\/wp\/v2\/types\/product"}],"replies":[{"embeddable":true,"href":"https:\/\/www.ghostysky.com\/pt\/wp-json\/wp\/v2\/comments?post=21527"}],"wp:featuredmedia":[{"embeddable":true,"href":"https:\/\/www.ghostysky.com\/pt\/wp-json\/wp\/v2\/media\/21524"}],"wp:attachment":[{"href":"https:\/\/www.ghostysky.com\/pt\/wp-json\/wp\/v2\/media?parent=21527"}],"wp:term":[{"taxonomy":"product_brand","embeddable":true,"href":"https:\/\/www.ghostysky.com\/pt\/wp-json\/wp\/v2\/product_brand?post=21527"},{"taxonomy":"product_cat","embeddable":true,"href":"https:\/\/www.ghostysky.com\/pt\/wp-json\/wp\/v2\/product_cat?post=21527"},{"taxonomy":"product_tag","embeddable":true,"href":"https:\/\/www.ghostysky.com\/pt\/wp-json\/wp\/v2\/product_tag?post=21527"}],"curies":[{"name":"wp","href":"https:\/\/api.w.org\/{rel}","templated":true}]}}