{"id":21533,"date":"2025-10-16T17:11:55","date_gmt":"2025-10-16T17:11:55","guid":{"rendered":"https:\/\/www.ghostysky.com\/?post_type=product&#038;p=21533"},"modified":"2026-03-16T09:43:17","modified_gmt":"2026-03-16T09:43:17","slug":"unitree-g1-edu-u5","status":"publish","type":"product","link":"https:\/\/www.ghostysky.com\/pt\/product\/unitree-g1-edu-u5\/","title":{"rendered":"Unitree G1 EDU Ultimate C (U5)"},"content":{"rendered":"<div id=\"model-response-message-contentr_c0565deda99f03ad\" class=\"markdown markdown-main-panel stronger enable-updated-hr-color\" dir=\"ltr\">\n<div id=\"model-response-message-contentr_0f28adeca7555db0\" class=\"markdown markdown-main-panel stronger enable-updated-hr-color\" dir=\"ltr\">\n<h3 data-path-to-node=\"2\">Vis\u00e3o geral do produto principal<\/h3>\n<p id=\"p-rc_17813a2e2e535ba1-43\" data-path-to-node=\"3\"><span class=\"citation-119\">O <\/span><b data-path-to-node=\"3\" data-index-in-node=\"4\"><span class=\"citation-119\">G1 EDU Ultimate C (U5)<\/span><\/b><span class=\"citation-119\"> \u00e9 um humanoide b\u00edpede compacto com aproximadamente <\/span><b data-path-to-node=\"3\" data-index-in-node=\"80\"><span class=\"citation-119\">132 cm<\/span><\/b><span class=\"citation-119 citation-end-119\"> alto.<\/span> <span class=\"citation-118\">\u00c9 distingu\u00edvel por sua <\/span><b data-path-to-node=\"3\" data-index-in-node=\"119\"><span class=\"citation-118\">41 graus de liberdade (DoF)<\/span><\/b><span class=\"citation-118\"> e a inclus\u00e3o de dual <\/span><b data-path-to-node=\"3\" data-index-in-node=\"173\"><span class=\"citation-118\">Inspire m\u00e3os h\u00e1beis de 5 dedos<\/span><\/b><span class=\"citation-118 citation-end-118\"> Equipado com sensores t\u00e1teis.<\/span> <span class=\"citation-117 citation-end-117\">Este modelo foi projetado para laborat\u00f3rios e desenvolvedores com foco em habilidades motoras finas, aprendizagem por imita\u00e7\u00e3o e intera\u00e7\u00e3o complexa entre humanos e rob\u00f4s.<\/span><\/p>\n<p>&nbsp;<\/p>\n<h3 data-path-to-node=\"4\">Especifica\u00e7\u00f5es principais<\/h3>\n<table data-path-to-node=\"5\">\n<thead>\n<tr>\n<td><strong>Recurso<\/strong><\/td>\n<td><strong>Detalhes<\/strong><\/td>\n<\/tr>\n<\/thead>\n<tbody>\n<tr>\n<td><span data-path-to-node=\"5,1,0,0\"><b data-path-to-node=\"5,1,0,0\" data-index-in-node=\"0\">Altura \/ Peso<\/b><\/span><\/td>\n<td><span data-path-to-node=\"5,1,1,0\">1320 mm (em p\u00e9) \/ ~35 kg<\/span><\/td>\n<\/tr>\n<tr>\n<td><span data-path-to-node=\"5,2,0,0\"><b data-path-to-node=\"5,2,0,0\" data-index-in-node=\"0\">Graus de Liberdade<\/b><\/span><\/td>\n<td><span data-path-to-node=\"5,2,1,0\">41 no total (6 por perna, 3 na cintura, 7 por bra\u00e7o, 6 ou mais por m\u00e3o)<\/span><\/td>\n<\/tr>\n<tr>\n<td><span data-path-to-node=\"5,3,0,0\"><b data-path-to-node=\"5,3,0,0\" data-index-in-node=\"0\">Poder computacional<\/b><\/span><\/td>\n<td><span data-path-to-node=\"5,3,1,0\">NVIDIA Jetson Orin (100 TOPS) + CPU de 8 n\u00facleos<\/span><\/td>\n<\/tr>\n<tr>\n<td><span data-path-to-node=\"5,4,0,0\"><b data-path-to-node=\"5,4,0,0\" data-index-in-node=\"0\">Atuadores<\/b><\/span><\/td>\n<td><span data-path-to-node=\"5,4,1,0\">Motores de alto torque (Joelho: 120 N\u00b7m)<\/span><\/td>\n<\/tr>\n<tr>\n<td><span data-path-to-node=\"5,5,0,0\"><b data-path-to-node=\"5,5,0,0\" data-index-in-node=\"0\">Carga \u00fatil m\u00e1xima<\/b><\/span><\/td>\n<td><span data-path-to-node=\"5,5,1,0\">~3kg (Capacidade de carga do bra\u00e7o)<\/span><\/td>\n<\/tr>\n<tr>\n<td><span data-path-to-node=\"5,6,0,0\"><b data-path-to-node=\"5,6,0,0\" data-index-in-node=\"0\">Dura\u00e7\u00e3o da bateria<\/b><\/span><\/td>\n<td><span data-path-to-node=\"5,6,1,0\">~2 horas (bateria inteligente de libera\u00e7\u00e3o r\u00e1pida de 9000mAh)<\/span><\/td>\n<\/tr>\n<tr>\n<td><span data-path-to-node=\"5,7,0,0\"><b data-path-to-node=\"5,7,0,0\" data-index-in-node=\"0\">Vis\u00e3o e sensores<\/b><\/span><\/td>\n<td><span data-path-to-node=\"5,7,1,0\">LiDAR 3D (Livox Mid-360) + C\u00e2mera de Profundidade (Intel RealSense D435i)<\/span><\/td>\n<\/tr>\n<\/tbody>\n<\/table>\n<p>&nbsp;<\/p>\n<p>&nbsp;<\/p>\n<h3 data-path-to-node=\"7\">Destaques t\u00e9cnicos<\/h3>\n<h3 data-path-to-node=\"8\">1. Destreza semelhante \u00e0 humana<\/h3>\n<p data-path-to-node=\"9\">A designa\u00e7\u00e3o \u201cUltimate C\u201d refere-se especificamente \u00e0 configura\u00e7\u00e3o da m\u00e3o. Ao contr\u00e1rio do Ultimate A (3 dedos) ou do Ultimate B (3 dedos t\u00e1til), o <b data-path-to-node=\"9\" data-index-in-node=\"147\">U5<\/b> caracter\u00edsticas:<\/p>\n<ul data-path-to-node=\"10\">\n<li>\n<p id=\"p-rc_17813a2e2e535ba1-44\" data-path-to-node=\"10,0,0\"><b data-path-to-node=\"10,0,0\" data-index-in-node=\"0\"><span class=\"citation-116\">M\u00e3os Inspire Duplas:<\/span><\/b><span class=\"citation-116 citation-end-116\"> Design antropom\u00f3rfico completo com 5 dedos.<\/span><\/p>\n<\/li>\n<li>\n<p id=\"p-rc_17813a2e2e535ba1-45\" data-path-to-node=\"10,1,0\"><b data-path-to-node=\"10,1,0\" data-index-in-node=\"0\"><span class=\"citation-115\">Feedback t\u00e1til:<\/span><\/b><span class=\"citation-115 citation-end-115\"> Matrizes de sensores integradas nas pontas dos dedos para manuseio delicado de objetos e tarefas que exigem for\u00e7a.<\/span><\/p>\n<\/li>\n<li>\n<p id=\"p-rc_17813a2e2e535ba1-46\" data-path-to-node=\"10,2,0\"><b data-path-to-node=\"10,2,0\" data-index-in-node=\"0\"><span class=\"citation-114\">Bra\u00e7os com 7 graus de liberdade:<\/span><\/b><span class=\"citation-114 citation-end-114\"> Maior amplitude de movimento em compara\u00e7\u00e3o com os bra\u00e7os de 5 graus de liberdade encontrados nos modelos EDU de n\u00edvel b\u00e1sico.<\/span><\/p>\n<p>&nbsp;<\/li>\n<\/ul>\n<h3 data-path-to-node=\"11\">2. IA e SDK de n\u00edvel de pesquisa<\/h3>\n<p id=\"p-rc_17813a2e2e535ba1-47\" data-path-to-node=\"12\"><span class=\"citation-113 citation-end-113\">O U5 \u00e9 um modelo \u201cEDU\u201d, o que significa que est\u00e1 totalmente desbloqueado para desenvolvimento no ensino secund\u00e1rio:<\/span><\/p>\n<ul data-path-to-node=\"13\">\n<li>\n<p id=\"p-rc_17813a2e2e535ba1-48\" data-path-to-node=\"13,0,0\"><b data-path-to-node=\"13,0,0\" data-index-in-node=\"0\"><span class=\"citation-112\">M\u00f3dulo de IA 100 TOPS:<\/span><\/b><span class=\"citation-112 citation-end-112\"> Equipado com NVIDIA Jetson Orin, permitindo aprendizado por refor\u00e7o em tempo real e vis\u00e3o computacional integrados.<\/span><\/p>\n<\/li>\n<li>\n<p id=\"p-rc_17813a2e2e535ba1-49\" data-path-to-node=\"13,1,0\"><b data-path-to-node=\"13,1,0\" data-index-in-node=\"0\"><span class=\"citation-111\">Suporte completo ao SDK:<\/span><\/b><span class=\"citation-111\"> Compat\u00edvel com <\/span><b data-path-to-node=\"13,1,0\" data-index-in-node=\"34\"><span class=\"citation-111\">ROS 2, Python e C++<\/span><\/b><span class=\"citation-111 citation-end-111\">, proporcionando acesso de baixo n\u00edvel ao controle conjunto do motor e aos dados de sensores de alto n\u00edvel.<\/span><\/p>\n<\/li>\n<li>\n<p id=\"p-rc_17813a2e2e535ba1-50\" data-path-to-node=\"13,2,0\"><b data-path-to-node=\"13,2,0\" data-index-in-node=\"0\"><span class=\"citation-110\">Intera\u00e7\u00e3o por \u00e1udio:<\/span><\/b><span class=\"citation-110 citation-end-110\"> Um conjunto de 4 microfones e um alto-falante de 5W permitem a integra\u00e7\u00e3o de comandos de voz e pesquisas de localiza\u00e7\u00e3o sonora.<\/span><\/p>\n<p>&nbsp;<\/li>\n<\/ul>\n<h3 data-path-to-node=\"14\">3. Mobilidade e Constru\u00e7\u00e3o<\/h3>\n<ul data-path-to-node=\"15\">\n<li>\n<p id=\"p-rc_17813a2e2e535ba1-51\" data-path-to-node=\"15,0,0\"><b data-path-to-node=\"15,0,0\" data-index-in-node=\"0\"><span class=\"citation-109\">Design dobr\u00e1vel:<\/span><\/b><span class=\"citation-109\"> O rob\u00f4 desaba em <\/span><b data-path-to-node=\"15,0,0\" data-index-in-node=\"40\"><span class=\"citation-109\">690 x 450 x 300 mm<\/span><\/b><span class=\"citation-109 citation-end-109\">, tornando-o port\u00e1til o suficiente para caber em uma mala grande.<\/span><\/p>\n<\/li>\n<li>\n<p id=\"p-rc_17813a2e2e535ba1-52\" data-path-to-node=\"15,1,0\"><b data-path-to-node=\"15,1,0\" data-index-in-node=\"0\">Fia\u00e7\u00e3o com junta oca:<\/b><span class=\"citation-108 citation-end-108\"> Garante que nenhum cabo externo fique exposto, reduzindo o risco de emaranhamentos durante movimentos complexos.<\/span><\/p>\n<\/li>\n<li>\n<p id=\"p-rc_17813a2e2e535ba1-53\" data-path-to-node=\"15,2,0\"><b data-path-to-node=\"15,2,0\" data-index-in-node=\"0\">Equil\u00edbrio din\u00e2mico:<\/b><span class=\"citation-107\"> Capaz de caminhar a velocidades de at\u00e9 <\/span><b data-path-to-node=\"15,2,0\" data-index-in-node=\"52\"><span class=\"citation-107\">2,0 m\/s<\/span><\/b><span class=\"citation-107 citation-end-107\"> e se recuperar de impactos ou terrenos irregulares.<\/span><\/p>\n<div class=\"source-inline-chip-container ng-star-inserted\"><\/div>\n<p>&nbsp;<\/li>\n<\/ul>\n<blockquote data-path-to-node=\"17\">\n<p id=\"p-rc_17813a2e2e535ba1-54\" data-path-to-node=\"17,0\"><b data-path-to-node=\"17,0\" data-index-in-node=\"0\">Nota sobre a disponibilidade em 2026:<\/b><span class=\"citation-106 citation-end-106\"> A partir de mar\u00e7o de 2026, a s\u00e9rie G1 recebeu atualiza\u00e7\u00f5es significativas de firmware (v3.2+) que melhoraram a estabilidade de caminhada e introduziram suporte nativo para Modelos de Linguagem Grandes (LLMs) para facilitar a execu\u00e7\u00e3o de tarefas em linguagem natural.<\/span><\/p>\n<\/blockquote>\n<\/div>\n<\/div>","protected":false},"excerpt":{"rendered":"<p><span class=\"citation-121\">O <\/span><b data-path-to-node=\"0\" data-index-in-node=\"4\"><span class=\"citation-121\">Unitree G1 EDU Ultimate C (U5)<\/span><\/b><span class=\"citation-121 citation-end-121\"> Representa o auge da s\u00e9rie humanoide G1, projetado especificamente para pesquisa de alto n\u00edvel em destreza t\u00e1til e manipula\u00e7\u00e3o guiada por IA.<\/span> <span class=\"citation-120\">Embora o G1 b\u00e1sico tenha como objetivo a mobilidade geral, o <\/span><b data-path-to-node=\"0\" data-index-in-node=\"231\"><span class=\"citation-120\">U5<\/span><\/b><span class=\"citation-120 citation-end-120\"> A Variant \u00e9 uma plataforma especializada que apresenta m\u00e3os avan\u00e7adas de 5 dedos e um conjunto de recursos computacionais de alto desempenho.<\/span><\/p>","protected":false},"featured_media":21524,"comment_status":"open","ping_status":"closed","template":"","meta":[],"product_brand":[1087],"product_cat":[1038,1037,1103],"product_tag":[1088,1110,1109,1105],"class_list":{"0":"post-21533","1":"product","2":"type-product","3":"status-publish","4":"has-post-thumbnail","6":"product_brand-unitree","7":"product_cat-humanoid","8":"product_cat-robotics","9":"product_cat-unitree-hum-robots","10":"product_tag-unitree","11":"product_tag-unitree-g1-robot","12":"product_tag-unitree-g1-series","13":"product_tag-unitree-humanoid","15":"first","16":"onbackorder","17":"taxable","18":"shipping-taxable","19":"purchasable","20":"product-type-simple"},"yoast_head":"<!-- This site is optimized with the Yoast SEO plugin v27.1.1 - https:\/\/yoast.com\/product\/yoast-seo-wordpress\/ -->\n<title>Unitree G1 EDU Ultimate C (U5) - Ghostysky<\/title>\n<meta name=\"description\" content=\"The Unitree G1 EDU Ultimate C (U5) represents the pinnacle of the G1 humanoid series, specifically engineered for high-level research in tactile dexterity and AI-driven manipulation. While the base G1 targets general mobility, the U5 variant is a specialized platform featuring advanced 5-finger hands and a high-performance computing suite.\" \/>\n<meta name=\"robots\" content=\"index, follow, max-snippet:-1, max-image-preview:large, max-video-preview:-1\" \/>\n<link rel=\"canonical\" href=\"https:\/\/www.ghostysky.com\/pt\/produto-2\/unitree-g1-edu-u5\/\" \/>\n<meta property=\"og:locale\" content=\"pt_PT\" \/>\n<meta property=\"og:type\" content=\"article\" \/>\n<meta property=\"og:title\" content=\"Unitree G1 EDU Ultimate C (U5) - Ghostysky\" \/>\n<meta property=\"og:description\" content=\"The Unitree G1 EDU Ultimate C (U5) represents the pinnacle of the G1 humanoid series, specifically engineered for high-level research in tactile dexterity and AI-driven manipulation. While the base G1 targets general mobility, the U5 variant is a specialized platform featuring advanced 5-finger hands and a high-performance computing suite.\" \/>\n<meta property=\"og:url\" content=\"https:\/\/www.ghostysky.com\/pt\/produto-2\/unitree-g1-edu-u5\/\" \/>\n<meta property=\"og:site_name\" content=\"Ghostysky\" \/>\n<meta property=\"article:publisher\" content=\"https:\/\/www.facebook.com\/people\/Ghostysky\/100057676170234\/\" \/>\n<meta property=\"article:modified_time\" content=\"2026-03-16T09:43:17+00:00\" \/>\n<meta property=\"og:image\" content=\"https:\/\/www.ghostysky.com\/wp-content\/uploads\/2025\/10\/GH_G1-Humanoid_1.png\" \/>\n\t<meta property=\"og:image:width\" content=\"650\" \/>\n\t<meta property=\"og:image:height\" content=\"650\" \/>\n\t<meta property=\"og:image:type\" content=\"image\/png\" \/>\n<meta name=\"twitter:card\" content=\"summary_large_image\" \/>\n<meta name=\"twitter:site\" content=\"@Gh0stysky\" \/>\n<meta name=\"twitter:label1\" content=\"Tempo estimado de leitura\" \/>\n\t<meta name=\"twitter:data1\" content=\"2 minutos\" \/>\n<script type=\"application\/ld+json\" class=\"yoast-schema-graph\">{\"@context\":\"https:\/\/schema.org\",\"@graph\":[{\"@type\":\"WebPage\",\"@id\":\"https:\/\/www.ghostysky.com\/product\/unitree-g1-edu-u5\/\",\"url\":\"https:\/\/www.ghostysky.com\/product\/unitree-g1-edu-u5\/\",\"name\":\"Unitree G1 EDU Ultimate C (U5) - Ghostysky\",\"isPartOf\":{\"@id\":\"https:\/\/www.ghostysky.com\/#website\"},\"primaryImageOfPage\":{\"@id\":\"https:\/\/www.ghostysky.com\/product\/unitree-g1-edu-u5\/#primaryimage\"},\"image\":{\"@id\":\"https:\/\/www.ghostysky.com\/product\/unitree-g1-edu-u5\/#primaryimage\"},\"thumbnailUrl\":\"https:\/\/www.ghostysky.com\/wp-content\/uploads\/2025\/10\/GH_G1-Humanoid_1.png\",\"datePublished\":\"2025-10-16T17:11:55+00:00\",\"dateModified\":\"2026-03-16T09:43:17+00:00\",\"description\":\"The Unitree G1 EDU Ultimate C (U5) represents the pinnacle of the G1 humanoid series, specifically engineered for high-level research in tactile dexterity and AI-driven manipulation. While the base G1 targets general mobility, the U5 variant is a specialized platform featuring advanced 5-finger hands and a high-performance computing suite.\",\"breadcrumb\":{\"@id\":\"https:\/\/www.ghostysky.com\/product\/unitree-g1-edu-u5\/#breadcrumb\"},\"inLanguage\":\"pt-PT\",\"potentialAction\":[{\"@type\":\"ReadAction\",\"target\":[\"https:\/\/www.ghostysky.com\/product\/unitree-g1-edu-u5\/\"]}]},{\"@type\":\"ImageObject\",\"inLanguage\":\"pt-PT\",\"@id\":\"https:\/\/www.ghostysky.com\/product\/unitree-g1-edu-u5\/#primaryimage\",\"url\":\"https:\/\/www.ghostysky.com\/wp-content\/uploads\/2025\/10\/GH_G1-Humanoid_1.png\",\"contentUrl\":\"https:\/\/www.ghostysky.com\/wp-content\/uploads\/2025\/10\/GH_G1-Humanoid_1.png\",\"width\":650,\"height\":650},{\"@type\":\"BreadcrumbList\",\"@id\":\"https:\/\/www.ghostysky.com\/product\/unitree-g1-edu-u5\/#breadcrumb\",\"itemListElement\":[{\"@type\":\"ListItem\",\"position\":1,\"name\":\"Home\",\"item\":\"https:\/\/www.ghostysky.com\/\"},{\"@type\":\"ListItem\",\"position\":2,\"name\":\"Shop\",\"item\":\"https:\/\/www.ghostysky.com\/shop\/\"},{\"@type\":\"ListItem\",\"position\":3,\"name\":\"Unitree G1 EDU Ultimate C (U5)\"}]},{\"@type\":\"WebSite\",\"@id\":\"https:\/\/www.ghostysky.com\/#website\",\"url\":\"https:\/\/www.ghostysky.com\/\",\"name\":\"Ghostysky\",\"description\":\"Delivering professional drones and services\",\"publisher\":{\"@id\":\"https:\/\/www.ghostysky.com\/#organization\"},\"potentialAction\":[{\"@type\":\"SearchAction\",\"target\":{\"@type\":\"EntryPoint\",\"urlTemplate\":\"https:\/\/www.ghostysky.com\/?s={search_term_string}\"},\"query-input\":{\"@type\":\"PropertyValueSpecification\",\"valueRequired\":true,\"valueName\":\"search_term_string\"}}],\"inLanguage\":\"pt-PT\"},{\"@type\":\"Organization\",\"@id\":\"https:\/\/www.ghostysky.com\/#organization\",\"name\":\"Ghostysky\",\"url\":\"https:\/\/www.ghostysky.com\/\",\"logo\":{\"@type\":\"ImageObject\",\"inLanguage\":\"pt-PT\",\"@id\":\"https:\/\/www.ghostysky.com\/#\/schema\/logo\/image\/\",\"url\":\"https:\/\/www.ghostysky.com\/wp-content\/uploads\/2020\/06\/cropped-ghostyskylogo_text_white2.png\",\"contentUrl\":\"https:\/\/www.ghostysky.com\/wp-content\/uploads\/2020\/06\/cropped-ghostyskylogo_text_white2.png\",\"width\":169,\"height\":56,\"caption\":\"Ghostysky\"},\"image\":{\"@id\":\"https:\/\/www.ghostysky.com\/#\/schema\/logo\/image\/\"},\"sameAs\":[\"https:\/\/www.facebook.com\/people\/Ghostysky\/100057676170234\/\",\"https:\/\/x.com\/Gh0stysky\",\"https:\/\/www.linkedin.com\/company\/34739653\",\"https:\/\/www.instagram.com\/gh0stysky\"]}]}<\/script>\n<!-- \/ Yoast SEO plugin. -->","yoast_head_json":{"title":"Unitree G1 EDU Ultimate C (U5) - Ghostysky","description":"O Unitree G1 EDU Ultimate C (U5) representa o \u00e1pice da s\u00e9rie humanoide G1, projetado especificamente para pesquisa de alto n\u00edvel em destreza t\u00e1til e manipula\u00e7\u00e3o guiada por IA. Enquanto o G1 b\u00e1sico visa a mobilidade geral, a variante U5 \u00e9 uma plataforma especializada com m\u00e3os avan\u00e7adas de 5 dedos e um conjunto de computa\u00e7\u00e3o de alto desempenho.","robots":{"index":"index","follow":"follow","max-snippet":"max-snippet:-1","max-image-preview":"max-image-preview:large","max-video-preview":"max-video-preview:-1"},"canonical":"https:\/\/www.ghostysky.com\/pt\/produto-2\/unitree-g1-edu-u5\/","og_locale":"pt_PT","og_type":"article","og_title":"Unitree G1 EDU Ultimate C (U5) - Ghostysky","og_description":"The Unitree G1 EDU Ultimate C (U5) represents the pinnacle of the G1 humanoid series, specifically engineered for high-level research in tactile dexterity and AI-driven manipulation. While the base G1 targets general mobility, the U5 variant is a specialized platform featuring advanced 5-finger hands and a high-performance computing suite.","og_url":"https:\/\/www.ghostysky.com\/pt\/produto-2\/unitree-g1-edu-u5\/","og_site_name":"Ghostysky","article_publisher":"https:\/\/www.facebook.com\/people\/Ghostysky\/100057676170234\/","article_modified_time":"2026-03-16T09:43:17+00:00","og_image":[{"width":650,"height":650,"url":"https:\/\/www.ghostysky.com\/wp-content\/uploads\/2025\/10\/GH_G1-Humanoid_1.png","type":"image\/png"}],"twitter_card":"summary_large_image","twitter_site":"@Gh0stysky","twitter_misc":{"Tempo estimado de leitura":"2 minutos"},"schema":{"@context":"https:\/\/schema.org","@graph":[{"@type":"WebPage","@id":"https:\/\/www.ghostysky.com\/product\/unitree-g1-edu-u5\/","url":"https:\/\/www.ghostysky.com\/product\/unitree-g1-edu-u5\/","name":"Unitree G1 EDU Ultimate C (U5) - Ghostysky","isPartOf":{"@id":"https:\/\/www.ghostysky.com\/#website"},"primaryImageOfPage":{"@id":"https:\/\/www.ghostysky.com\/product\/unitree-g1-edu-u5\/#primaryimage"},"image":{"@id":"https:\/\/www.ghostysky.com\/product\/unitree-g1-edu-u5\/#primaryimage"},"thumbnailUrl":"https:\/\/www.ghostysky.com\/wp-content\/uploads\/2025\/10\/GH_G1-Humanoid_1.png","datePublished":"2025-10-16T17:11:55+00:00","dateModified":"2026-03-16T09:43:17+00:00","description":"O Unitree G1 EDU Ultimate C (U5) representa o \u00e1pice da s\u00e9rie humanoide G1, projetado especificamente para pesquisa de alto n\u00edvel em destreza t\u00e1til e manipula\u00e7\u00e3o guiada por IA. Enquanto o G1 b\u00e1sico visa a mobilidade geral, a variante U5 \u00e9 uma plataforma especializada com m\u00e3os avan\u00e7adas de 5 dedos e um conjunto de computa\u00e7\u00e3o de alto desempenho.","breadcrumb":{"@id":"https:\/\/www.ghostysky.com\/product\/unitree-g1-edu-u5\/#breadcrumb"},"inLanguage":"pt-PT","potentialAction":[{"@type":"ReadAction","target":["https:\/\/www.ghostysky.com\/product\/unitree-g1-edu-u5\/"]}]},{"@type":"ImageObject","inLanguage":"pt-PT","@id":"https:\/\/www.ghostysky.com\/product\/unitree-g1-edu-u5\/#primaryimage","url":"https:\/\/www.ghostysky.com\/wp-content\/uploads\/2025\/10\/GH_G1-Humanoid_1.png","contentUrl":"https:\/\/www.ghostysky.com\/wp-content\/uploads\/2025\/10\/GH_G1-Humanoid_1.png","width":650,"height":650},{"@type":"BreadcrumbList","@id":"https:\/\/www.ghostysky.com\/product\/unitree-g1-edu-u5\/#breadcrumb","itemListElement":[{"@type":"ListItem","position":1,"name":"Home","item":"https:\/\/www.ghostysky.com\/"},{"@type":"ListItem","position":2,"name":"Shop","item":"https:\/\/www.ghostysky.com\/shop\/"},{"@type":"ListItem","position":3,"name":"Unitree G1 EDU Ultimate C (U5)"}]},{"@type":"WebSite","@id":"https:\/\/www.ghostysky.com\/#website","url":"https:\/\/www.ghostysky.com\/","name":"Ghostysky","description":"Fornecendo drones e servi\u00e7os profissionais","publisher":{"@id":"https:\/\/www.ghostysky.com\/#organization"},"potentialAction":[{"@type":"SearchAction","target":{"@type":"EntryPoint","urlTemplate":"https:\/\/www.ghostysky.com\/?s={search_term_string}"},"query-input":{"@type":"PropertyValueSpecification","valueRequired":true,"valueName":"search_term_string"}}],"inLanguage":"pt-PT"},{"@type":"Organization","@id":"https:\/\/www.ghostysky.com\/#organization","name":"Ghostysky","url":"https:\/\/www.ghostysky.com\/","logo":{"@type":"ImageObject","inLanguage":"pt-PT","@id":"https:\/\/www.ghostysky.com\/#\/schema\/logo\/image\/","url":"https:\/\/www.ghostysky.com\/wp-content\/uploads\/2020\/06\/cropped-ghostyskylogo_text_white2.png","contentUrl":"https:\/\/www.ghostysky.com\/wp-content\/uploads\/2020\/06\/cropped-ghostyskylogo_text_white2.png","width":169,"height":56,"caption":"Ghostysky"},"image":{"@id":"https:\/\/www.ghostysky.com\/#\/schema\/logo\/image\/"},"sameAs":["https:\/\/www.facebook.com\/people\/Ghostysky\/100057676170234\/","https:\/\/x.com\/Gh0stysky","https:\/\/www.linkedin.com\/company\/34739653","https:\/\/www.instagram.com\/gh0stysky"]}]}},"_links":{"self":[{"href":"https:\/\/www.ghostysky.com\/pt\/wp-json\/wp\/v2\/product\/21533","targetHints":{"allow":["GET"]}}],"collection":[{"href":"https:\/\/www.ghostysky.com\/pt\/wp-json\/wp\/v2\/product"}],"about":[{"href":"https:\/\/www.ghostysky.com\/pt\/wp-json\/wp\/v2\/types\/product"}],"replies":[{"embeddable":true,"href":"https:\/\/www.ghostysky.com\/pt\/wp-json\/wp\/v2\/comments?post=21533"}],"wp:featuredmedia":[{"embeddable":true,"href":"https:\/\/www.ghostysky.com\/pt\/wp-json\/wp\/v2\/media\/21524"}],"wp:attachment":[{"href":"https:\/\/www.ghostysky.com\/pt\/wp-json\/wp\/v2\/media?parent=21533"}],"wp:term":[{"taxonomy":"product_brand","embeddable":true,"href":"https:\/\/www.ghostysky.com\/pt\/wp-json\/wp\/v2\/product_brand?post=21533"},{"taxonomy":"product_cat","embeddable":true,"href":"https:\/\/www.ghostysky.com\/pt\/wp-json\/wp\/v2\/product_cat?post=21533"},{"taxonomy":"product_tag","embeddable":true,"href":"https:\/\/www.ghostysky.com\/pt\/wp-json\/wp\/v2\/product_tag?post=21533"}],"curies":[{"name":"wp","href":"https:\/\/api.w.org\/{rel}","templated":true}]}}