{"id":21534,"date":"2025-10-16T17:15:40","date_gmt":"2025-10-16T17:15:40","guid":{"rendered":"https:\/\/www.ghostysky.com\/?post_type=product&#038;p=21534"},"modified":"2026-03-16T09:46:24","modified_gmt":"2026-03-16T09:46:24","slug":"unitree-g1-edu-u6","status":"publish","type":"product","link":"https:\/\/www.ghostysky.com\/pt\/product\/unitree-g1-edu-u6\/","title":{"rendered":"Unitree G1 EDU Ultimate D (U6)"},"content":{"rendered":"<div id=\"model-response-message-contentr_c0565deda99f03ad\" class=\"markdown markdown-main-panel stronger enable-updated-hr-color\" dir=\"ltr\">\n<div id=\"model-response-message-contentr_0f28adeca7555db0\" class=\"markdown markdown-main-panel stronger enable-updated-hr-color\" dir=\"ltr\">\n<div id=\"model-response-message-contentr_2df5e3d7da0ab85d\" class=\"markdown markdown-main-panel stronger enable-updated-hr-color\" dir=\"ltr\">\n<h3 data-path-to-node=\"1\">Principais especifica\u00e7\u00f5es t\u00e9cnicas<\/h3>\n<p id=\"p-rc_366a1770d96e6a3a-56\" data-path-to-node=\"2\"><span class=\"citation-158 citation-end-158\">A designa\u00e7\u00e3o \u201cU6\u201d significa uma configura\u00e7\u00e3o espec\u00edfica na linha EDU, com \u00eanfase na m\u00e1xima mobilidade e feedback sensorial.<\/span><\/p>\n<table data-path-to-node=\"3\">\n<thead>\n<tr>\n<td><strong>Recurso<\/strong><\/td>\n<td><strong>Especifica\u00e7\u00f5es<\/strong><\/td>\n<\/tr>\n<\/thead>\n<tbody>\n<tr>\n<td><span data-path-to-node=\"3,1,0,0\"><b data-path-to-node=\"3,1,0,0\" data-index-in-node=\"0\">Graus de Liberdade (DoF)<\/b><\/span><\/td>\n<td><span data-path-to-node=\"3,1,1,0\">At\u00e9 <b data-path-to-node=\"3,1,1,0\" data-index-in-node=\"6\">43 graus de liberdade<\/b> (incluindo uma cintura com 3 graus de liberdade para flexibilidade semelhante \u00e0 humana)<\/span><\/td>\n<\/tr>\n<tr>\n<td><span data-path-to-node=\"3,2,0,0\"><b data-path-to-node=\"3,2,0,0\" data-index-in-node=\"0\">Poder computacional<\/b><\/span><\/td>\n<td><span data-path-to-node=\"3,2,1,0\"><b data-path-to-node=\"3,2,1,0\" data-index-in-node=\"0\">100 TOPS<\/b> via NVIDIA Jetson Orin NX (processamento nativo de IA)<\/span><\/td>\n<\/tr>\n<tr>\n<td><span data-path-to-node=\"3,3,0,0\"><b data-path-to-node=\"3,3,0,0\" data-index-in-node=\"0\">Efetores finais<\/b><\/span><\/td>\n<td><span data-path-to-node=\"3,3,1,0\">Dual <b data-path-to-node=\"3,3,1,0\" data-index-in-node=\"5\">M\u00e3os t\u00e1teis Inspire de 5 dedos<\/b> (sens\u00edvel \u00e0 press\u00e3o)<\/span><\/td>\n<\/tr>\n<tr>\n<td><span data-path-to-node=\"3,4,0,0\"><b data-path-to-node=\"3,4,0,0\" data-index-in-node=\"0\">Velocidade\/Torque m\u00e1ximo<\/b><\/span><\/td>\n<td><span data-path-to-node=\"3,4,1,0\">Velocidade m\u00e1xima de 2,0 m\/s | Torque m\u00e1ximo no joelho de 120 N\u00b7m<\/span><\/td>\n<\/tr>\n<tr>\n<td><span data-path-to-node=\"3,5,0,0\"><b data-path-to-node=\"3,5,0,0\" data-index-in-node=\"0\">Conjunto de sensores<\/b><\/span><\/td>\n<td><span data-path-to-node=\"3,5,1,0\">LiDAR 3D (Livox Mid-360), c\u00e2mera de profundidade (Intel RealSense), IMU<\/span><\/td>\n<\/tr>\n<tr>\n<td><span data-path-to-node=\"3,6,0,0\"><b data-path-to-node=\"3,6,0,0\" data-index-in-node=\"0\">Dura\u00e7\u00e3o da bateria<\/b><\/span><\/td>\n<td><span data-path-to-node=\"3,6,1,0\">Aproximadamente 2 horas (bateria de l\u00edtio de 9000mAh com libera\u00e7\u00e3o r\u00e1pida)<\/span><\/td>\n<\/tr>\n<tr>\n<td><span data-path-to-node=\"3,7,0,0\"><b data-path-to-node=\"3,7,0,0\" data-index-in-node=\"0\">Suporte de software<\/b><\/span><\/td>\n<td><span data-path-to-node=\"3,7,1,0\">SDK completo, ROS\/ROS2, Python e C++ para desenvolvimento secund\u00e1rio.<\/span><\/td>\n<\/tr>\n<\/tbody>\n<\/table>\n<p>&nbsp;<\/p>\n<p>&nbsp;<\/p>\n<h3 data-path-to-node=\"5\">Por que o \u201cUltimate D\u201d se destaca<\/h3>\n<ul data-path-to-node=\"6\">\n<li>\n<p id=\"p-rc_366a1770d96e6a3a-57\" data-path-to-node=\"6,0,0\"><b data-path-to-node=\"6,0,0\" data-index-in-node=\"0\">Destreza em n\u00edvel humano:<\/b><span class=\"citation-157 citation-end-157\"> Ao contr\u00e1rio dos modelos padr\u00e3o que utilizam garras b\u00e1sicas, o U6 apresenta m\u00e3os de 5 dedos equipadas com m\u00faltiplos sensores t\u00e1teis.<\/span> <span class=\"citation-156 citation-end-156\">Isso permite que o rob\u00f4 manipule objetos fr\u00e1geis \u2014 como um ovo \u2014 ou utilize ferramentas complexas com alta precis\u00e3o.<\/span><\/p>\n<\/li>\n<li>\n<p id=\"p-rc_366a1770d96e6a3a-58\" data-path-to-node=\"6,1,0\"><b data-path-to-node=\"6,1,0\" data-index-in-node=\"0\"><span class=\"citation-155\">Dom\u00ednio da cintura em 3 graus de liberdade:<\/span><\/b><span class=\"citation-155 citation-end-155\"> A maioria dos rob\u00f4s humanoides possui uma cintura r\u00edgida ou com eixo \u00fanico.<\/span> <span class=\"citation-154 citation-end-154\">A cintura com 3 graus de liberdade do Ultimate D permite que ele gire, incline e estabilize seu centro de gravidade, o que \u00e9 fundamental para tarefas complexas como subir escadas ou carregar cargas irregulares.<\/span><\/p>\n<\/li>\n<li>\n<p id=\"p-rc_366a1770d96e6a3a-59\" data-path-to-node=\"6,2,0\"><b data-path-to-node=\"6,2,0\" data-index-in-node=\"0\">Aprendizado avan\u00e7ado de IA:<\/b><span class=\"citation-153\"> Constru\u00eddo para suportar <\/span><b data-path-to-node=\"6,2,0\" data-index-in-node=\"39\"><span class=\"citation-153\">Aprendizagem por Refor\u00e7o<\/span><\/b><span class=\"citation-153\"> e <\/span><b data-path-to-node=\"6,2,0\" data-index-in-node=\"66\"><span class=\"citation-153\">Aprendizagem por imita\u00e7\u00e3o<\/span><\/b><span class=\"citation-153 citation-end-153\">, O m\u00f3dulo 100 TOPS integrado permite que o rob\u00f4 processe dados ambientais localmente, possibilitando o aprendizado de novas tarefas por meio de demonstra\u00e7\u00e3o f\u00edsica ou simula\u00e7\u00e3o.<\/span><\/p>\n<\/li>\n<li>\n<p id=\"p-rc_366a1770d96e6a3a-60\" data-path-to-node=\"6,3,0\"><b data-path-to-node=\"6,3,0\" data-index-in-node=\"0\"><span class=\"citation-152\">Durabilidade de n\u00edvel industrial:<\/span><\/b><span class=\"citation-152 citation-end-152\"> Constru\u00eddo com ligas de alta resist\u00eancia e rolamentos de rolos cruzados de n\u00edvel industrial, ele foi projetado para suportar os rigores de testes intensos em laborat\u00f3rio e locomo\u00e7\u00e3o ao ar livre.<\/span><\/p>\n<div class=\"source-inline-chip-container ng-star-inserted\"><\/div>\n<\/li>\n<\/ul>\n<h3 data-path-to-node=\"7\">\u00c1reas de aplica\u00e7\u00e3o<\/h3>\n<ul data-path-to-node=\"8\">\n<li>\n<p id=\"p-rc_366a1770d96e6a3a-61\" data-path-to-node=\"8,0,0\"><b data-path-to-node=\"8,0,0\" data-index-in-node=\"0\"><span class=\"citation-151\">Pesquisa Acad\u00eamica:<\/span><\/b><span class=\"citation-151 citation-end-151\"> Estudo do equil\u00edbrio b\u00edpede, biomec\u00e2nica e intera\u00e7\u00e3o humano-rob\u00f4 (IHR).<\/span><\/p>\n<\/li>\n<li>\n<p id=\"p-rc_366a1770d96e6a3a-62\" data-path-to-node=\"8,1,0\"><b data-path-to-node=\"8,1,0\" data-index-in-node=\"0\"><span class=\"citation-150\">Assist\u00eancia m\u00e9dica:<\/span><\/b><span class=\"citation-150 citation-end-150\"> Assistentes de prototipagem para cuidados com o paciente ou manuseio de equipamentos cir\u00fargicos.<\/span><\/p>\n<\/li>\n<li>\n<p id=\"p-rc_366a1770d96e6a3a-63\" data-path-to-node=\"8,2,0\"><b data-path-to-node=\"8,2,0\" data-index-in-node=\"0\"><span class=\"citation-149\">Ambientes Perigosos:<\/span><\/b><span class=\"citation-149 citation-end-149\"> Reconhecimento remoto e manipula\u00e7\u00e3o de objetos em \u00e1reas inseguras para humanos.<\/span><\/p>\n<\/li>\n<\/ul>\n<\/div>\n<\/div>\n<\/div>","protected":false},"excerpt":{"rendered":"<p><span class=\"citation-159\">O <\/span><b data-path-to-node=\"0\" data-index-in-node=\"4\"><span class=\"citation-159\">Unitree G1 EDU Ultimate D (U6)<\/span><\/b><span class=\"citation-159 citation-end-159\"> \u00c9 um rob\u00f4 humanoide de \u00faltima gera\u00e7\u00e3o, projetado especificamente para pesquisa avan\u00e7ada em IA, laborat\u00f3rios universit\u00e1rios e P&amp;D industrial de ponta.<\/span> Com 127 cm de altura e pesando aproximadamente 35 kg, o Ultimate D representa o auge da s\u00e9rie G1 EDU, distinguindo-se principalmente pela inclus\u00e3o de <b data-path-to-node=\"0\" data-index-in-node=\"329\">m\u00e3os h\u00e1beis com 5 dedos e capacidade t\u00e1til<\/b>.<\/p>","protected":false},"featured_media":21524,"comment_status":"open","ping_status":"closed","template":"","meta":[],"product_brand":[1087],"product_cat":[1038,1037,1103],"product_tag":[1088,1110,1109,1105],"class_list":{"0":"post-21534","1":"product","2":"type-product","3":"status-publish","4":"has-post-thumbnail","6":"product_brand-unitree","7":"product_cat-humanoid","8":"product_cat-robotics","9":"product_cat-unitree-hum-robots","10":"product_tag-unitree","11":"product_tag-unitree-g1-robot","12":"product_tag-unitree-g1-series","13":"product_tag-unitree-humanoid","15":"first","16":"onbackorder","17":"taxable","18":"shipping-taxable","19":"purchasable","20":"product-type-simple"},"yoast_head":"<!-- This site is optimized with the Yoast SEO plugin v27.4 - https:\/\/yoast.com\/product\/yoast-seo-wordpress\/ -->\n<title>Unitree G1 EDU Ultimate D (U6) - Ghostysky<\/title>\n<meta name=\"description\" content=\"The Unitree G1 EDU Ultimate D (U6) is a flagship-tier humanoid robot designed specifically for advanced AI research, university laboratories, and high-end industrial R&amp;D. Standing at 127 cm and weighing approximately 35 kg, the Ultimate D represents the pinnacle of the G1 EDU series, distinguished primarily by its inclusion of tactile-enabled 5-finger dexterous hands.\" \/>\n<meta name=\"robots\" content=\"index, follow, max-snippet:-1, max-image-preview:large, max-video-preview:-1\" \/>\n<link rel=\"canonical\" href=\"https:\/\/www.ghostysky.com\/pt\/produto-2\/unitree-g1-edu-u6\/\" \/>\n<meta property=\"og:locale\" content=\"pt_PT\" \/>\n<meta property=\"og:type\" content=\"article\" \/>\n<meta property=\"og:title\" content=\"Unitree G1 EDU Ultimate D (U6) - Ghostysky\" \/>\n<meta property=\"og:description\" content=\"The Unitree G1 EDU Ultimate D (U6) is a flagship-tier humanoid robot designed specifically for advanced AI research, university laboratories, and high-end industrial R&amp;D. Standing at 127 cm and weighing approximately 35 kg, the Ultimate D represents the pinnacle of the G1 EDU series, distinguished primarily by its inclusion of tactile-enabled 5-finger dexterous hands.\" \/>\n<meta property=\"og:url\" content=\"https:\/\/www.ghostysky.com\/pt\/produto-2\/unitree-g1-edu-u6\/\" \/>\n<meta property=\"og:site_name\" content=\"Ghostysky\" \/>\n<meta property=\"article:publisher\" content=\"https:\/\/www.facebook.com\/people\/Ghostysky\/100057676170234\/\" \/>\n<meta property=\"article:modified_time\" content=\"2026-03-16T09:46:24+00:00\" \/>\n<meta property=\"og:image\" content=\"https:\/\/www.ghostysky.com\/wp-content\/uploads\/2025\/10\/GH_G1-Humanoid_1.png\" \/>\n\t<meta property=\"og:image:width\" content=\"650\" \/>\n\t<meta property=\"og:image:height\" content=\"650\" \/>\n\t<meta property=\"og:image:type\" content=\"image\/png\" \/>\n<meta name=\"twitter:card\" content=\"summary_large_image\" \/>\n<meta name=\"twitter:site\" content=\"@Gh0stysky\" \/>\n<meta name=\"twitter:label1\" content=\"Tempo estimado de leitura\" \/>\n\t<meta name=\"twitter:data1\" content=\"2 minutos\" \/>\n<script type=\"application\/ld+json\" class=\"yoast-schema-graph\">{\"@context\":\"https:\\\/\\\/schema.org\",\"@graph\":[{\"@type\":\"WebPage\",\"@id\":\"https:\\\/\\\/www.ghostysky.com\\\/product\\\/unitree-g1-edu-u6\\\/\",\"url\":\"https:\\\/\\\/www.ghostysky.com\\\/product\\\/unitree-g1-edu-u6\\\/\",\"name\":\"Unitree G1 EDU Ultimate D (U6) - Ghostysky\",\"isPartOf\":{\"@id\":\"https:\\\/\\\/www.ghostysky.com\\\/#website\"},\"primaryImageOfPage\":{\"@id\":\"https:\\\/\\\/www.ghostysky.com\\\/product\\\/unitree-g1-edu-u6\\\/#primaryimage\"},\"image\":{\"@id\":\"https:\\\/\\\/www.ghostysky.com\\\/product\\\/unitree-g1-edu-u6\\\/#primaryimage\"},\"thumbnailUrl\":\"https:\\\/\\\/www.ghostysky.com\\\/wp-content\\\/uploads\\\/2025\\\/10\\\/GH_G1-Humanoid_1.png\",\"datePublished\":\"2025-10-16T17:15:40+00:00\",\"dateModified\":\"2026-03-16T09:46:24+00:00\",\"description\":\"The Unitree G1 EDU Ultimate D (U6) is a flagship-tier humanoid robot designed specifically for advanced AI research, university laboratories, and high-end industrial R&D. Standing at 127 cm and weighing approximately 35 kg, the Ultimate D represents the pinnacle of the G1 EDU series, distinguished primarily by its inclusion of tactile-enabled 5-finger dexterous hands.\",\"breadcrumb\":{\"@id\":\"https:\\\/\\\/www.ghostysky.com\\\/product\\\/unitree-g1-edu-u6\\\/#breadcrumb\"},\"inLanguage\":\"pt-PT\",\"potentialAction\":[{\"@type\":\"ReadAction\",\"target\":[\"https:\\\/\\\/www.ghostysky.com\\\/product\\\/unitree-g1-edu-u6\\\/\"]}]},{\"@type\":\"ImageObject\",\"inLanguage\":\"pt-PT\",\"@id\":\"https:\\\/\\\/www.ghostysky.com\\\/product\\\/unitree-g1-edu-u6\\\/#primaryimage\",\"url\":\"https:\\\/\\\/www.ghostysky.com\\\/wp-content\\\/uploads\\\/2025\\\/10\\\/GH_G1-Humanoid_1.png\",\"contentUrl\":\"https:\\\/\\\/www.ghostysky.com\\\/wp-content\\\/uploads\\\/2025\\\/10\\\/GH_G1-Humanoid_1.png\",\"width\":650,\"height\":650},{\"@type\":\"BreadcrumbList\",\"@id\":\"https:\\\/\\\/www.ghostysky.com\\\/product\\\/unitree-g1-edu-u6\\\/#breadcrumb\",\"itemListElement\":[{\"@type\":\"ListItem\",\"position\":1,\"name\":\"Home\",\"item\":\"https:\\\/\\\/www.ghostysky.com\\\/\"},{\"@type\":\"ListItem\",\"position\":2,\"name\":\"Shop\",\"item\":\"https:\\\/\\\/www.ghostysky.com\\\/shop\\\/\"},{\"@type\":\"ListItem\",\"position\":3,\"name\":\"Unitree G1 EDU Ultimate D (U6)\"}]},{\"@type\":\"WebSite\",\"@id\":\"https:\\\/\\\/www.ghostysky.com\\\/#website\",\"url\":\"https:\\\/\\\/www.ghostysky.com\\\/\",\"name\":\"Ghostysky\",\"description\":\"Delivering professional drones and services\",\"publisher\":{\"@id\":\"https:\\\/\\\/www.ghostysky.com\\\/#organization\"},\"potentialAction\":[{\"@type\":\"SearchAction\",\"target\":{\"@type\":\"EntryPoint\",\"urlTemplate\":\"https:\\\/\\\/www.ghostysky.com\\\/?s={search_term_string}\"},\"query-input\":{\"@type\":\"PropertyValueSpecification\",\"valueRequired\":true,\"valueName\":\"search_term_string\"}}],\"inLanguage\":\"pt-PT\"},{\"@type\":\"Organization\",\"@id\":\"https:\\\/\\\/www.ghostysky.com\\\/#organization\",\"name\":\"Ghostysky\",\"url\":\"https:\\\/\\\/www.ghostysky.com\\\/\",\"logo\":{\"@type\":\"ImageObject\",\"inLanguage\":\"pt-PT\",\"@id\":\"https:\\\/\\\/www.ghostysky.com\\\/#\\\/schema\\\/logo\\\/image\\\/\",\"url\":\"https:\\\/\\\/www.ghostysky.com\\\/wp-content\\\/uploads\\\/2020\\\/06\\\/cropped-ghostyskylogo_text_white2.png\",\"contentUrl\":\"https:\\\/\\\/www.ghostysky.com\\\/wp-content\\\/uploads\\\/2020\\\/06\\\/cropped-ghostyskylogo_text_white2.png\",\"width\":169,\"height\":56,\"caption\":\"Ghostysky\"},\"image\":{\"@id\":\"https:\\\/\\\/www.ghostysky.com\\\/#\\\/schema\\\/logo\\\/image\\\/\"},\"sameAs\":[\"https:\\\/\\\/www.facebook.com\\\/people\\\/Ghostysky\\\/100057676170234\\\/\",\"https:\\\/\\\/x.com\\\/Gh0stysky\",\"https:\\\/\\\/www.linkedin.com\\\/company\\\/34739653\",\"https:\\\/\\\/www.instagram.com\\\/gh0stysky\"]}]}<\/script>\n<!-- \/ Yoast SEO plugin. -->","yoast_head_json":{"title":"Unitree G1 EDU Ultimate D (U6) - Ghostysky","description":"O Unitree G1 EDU Ultimate D (U6) \u00e9 um rob\u00f4 humanoide de \u00faltima gera\u00e7\u00e3o, projetado especificamente para pesquisa avan\u00e7ada em IA, laborat\u00f3rios universit\u00e1rios e P&amp;D industrial de ponta. Com 127 cm de altura e pesando aproximadamente 35 kg, o Ultimate D representa o \u00e1pice da s\u00e9rie G1 EDU, distinguindo-se principalmente pela inclus\u00e3o de m\u00e3os dextras com 5 dedos e capacidade t\u00e1til.","robots":{"index":"index","follow":"follow","max-snippet":"max-snippet:-1","max-image-preview":"max-image-preview:large","max-video-preview":"max-video-preview:-1"},"canonical":"https:\/\/www.ghostysky.com\/pt\/produto-2\/unitree-g1-edu-u6\/","og_locale":"pt_PT","og_type":"article","og_title":"Unitree G1 EDU Ultimate D (U6) - Ghostysky","og_description":"The Unitree G1 EDU Ultimate D (U6) is a flagship-tier humanoid robot designed specifically for advanced AI research, university laboratories, and high-end industrial R&D. Standing at 127 cm and weighing approximately 35 kg, the Ultimate D represents the pinnacle of the G1 EDU series, distinguished primarily by its inclusion of tactile-enabled 5-finger dexterous hands.","og_url":"https:\/\/www.ghostysky.com\/pt\/produto-2\/unitree-g1-edu-u6\/","og_site_name":"Ghostysky","article_publisher":"https:\/\/www.facebook.com\/people\/Ghostysky\/100057676170234\/","article_modified_time":"2026-03-16T09:46:24+00:00","og_image":[{"width":650,"height":650,"url":"https:\/\/www.ghostysky.com\/wp-content\/uploads\/2025\/10\/GH_G1-Humanoid_1.png","type":"image\/png"}],"twitter_card":"summary_large_image","twitter_site":"@Gh0stysky","twitter_misc":{"Tempo estimado de leitura":"2 minutos"},"schema":{"@context":"https:\/\/schema.org","@graph":[{"@type":"WebPage","@id":"https:\/\/www.ghostysky.com\/product\/unitree-g1-edu-u6\/","url":"https:\/\/www.ghostysky.com\/product\/unitree-g1-edu-u6\/","name":"Unitree G1 EDU Ultimate D (U6) - Ghostysky","isPartOf":{"@id":"https:\/\/www.ghostysky.com\/#website"},"primaryImageOfPage":{"@id":"https:\/\/www.ghostysky.com\/product\/unitree-g1-edu-u6\/#primaryimage"},"image":{"@id":"https:\/\/www.ghostysky.com\/product\/unitree-g1-edu-u6\/#primaryimage"},"thumbnailUrl":"https:\/\/www.ghostysky.com\/wp-content\/uploads\/2025\/10\/GH_G1-Humanoid_1.png","datePublished":"2025-10-16T17:15:40+00:00","dateModified":"2026-03-16T09:46:24+00:00","description":"O Unitree G1 EDU Ultimate D (U6) \u00e9 um rob\u00f4 humanoide de \u00faltima gera\u00e7\u00e3o, projetado especificamente para pesquisa avan\u00e7ada em IA, laborat\u00f3rios universit\u00e1rios e P&amp;D industrial de ponta. Com 127 cm de altura e pesando aproximadamente 35 kg, o Ultimate D representa o \u00e1pice da s\u00e9rie G1 EDU, distinguindo-se principalmente pela inclus\u00e3o de m\u00e3os dextras com 5 dedos e capacidade t\u00e1til.","breadcrumb":{"@id":"https:\/\/www.ghostysky.com\/product\/unitree-g1-edu-u6\/#breadcrumb"},"inLanguage":"pt-PT","potentialAction":[{"@type":"ReadAction","target":["https:\/\/www.ghostysky.com\/product\/unitree-g1-edu-u6\/"]}]},{"@type":"ImageObject","inLanguage":"pt-PT","@id":"https:\/\/www.ghostysky.com\/product\/unitree-g1-edu-u6\/#primaryimage","url":"https:\/\/www.ghostysky.com\/wp-content\/uploads\/2025\/10\/GH_G1-Humanoid_1.png","contentUrl":"https:\/\/www.ghostysky.com\/wp-content\/uploads\/2025\/10\/GH_G1-Humanoid_1.png","width":650,"height":650},{"@type":"BreadcrumbList","@id":"https:\/\/www.ghostysky.com\/product\/unitree-g1-edu-u6\/#breadcrumb","itemListElement":[{"@type":"ListItem","position":1,"name":"Home","item":"https:\/\/www.ghostysky.com\/"},{"@type":"ListItem","position":2,"name":"Shop","item":"https:\/\/www.ghostysky.com\/shop\/"},{"@type":"ListItem","position":3,"name":"Unitree G1 EDU Ultimate D (U6)"}]},{"@type":"WebSite","@id":"https:\/\/www.ghostysky.com\/#website","url":"https:\/\/www.ghostysky.com\/","name":"Ghostysky","description":"Fornecendo drones e servi\u00e7os profissionais","publisher":{"@id":"https:\/\/www.ghostysky.com\/#organization"},"potentialAction":[{"@type":"SearchAction","target":{"@type":"EntryPoint","urlTemplate":"https:\/\/www.ghostysky.com\/?s={search_term_string}"},"query-input":{"@type":"PropertyValueSpecification","valueRequired":true,"valueName":"search_term_string"}}],"inLanguage":"pt-PT"},{"@type":"Organization","@id":"https:\/\/www.ghostysky.com\/#organization","name":"Ghostysky","url":"https:\/\/www.ghostysky.com\/","logo":{"@type":"ImageObject","inLanguage":"pt-PT","@id":"https:\/\/www.ghostysky.com\/#\/schema\/logo\/image\/","url":"https:\/\/www.ghostysky.com\/wp-content\/uploads\/2020\/06\/cropped-ghostyskylogo_text_white2.png","contentUrl":"https:\/\/www.ghostysky.com\/wp-content\/uploads\/2020\/06\/cropped-ghostyskylogo_text_white2.png","width":169,"height":56,"caption":"Ghostysky"},"image":{"@id":"https:\/\/www.ghostysky.com\/#\/schema\/logo\/image\/"},"sameAs":["https:\/\/www.facebook.com\/people\/Ghostysky\/100057676170234\/","https:\/\/x.com\/Gh0stysky","https:\/\/www.linkedin.com\/company\/34739653","https:\/\/www.instagram.com\/gh0stysky"]}]}},"_links":{"self":[{"href":"https:\/\/www.ghostysky.com\/pt\/wp-json\/wp\/v2\/product\/21534","targetHints":{"allow":["GET"]}}],"collection":[{"href":"https:\/\/www.ghostysky.com\/pt\/wp-json\/wp\/v2\/product"}],"about":[{"href":"https:\/\/www.ghostysky.com\/pt\/wp-json\/wp\/v2\/types\/product"}],"replies":[{"embeddable":true,"href":"https:\/\/www.ghostysky.com\/pt\/wp-json\/wp\/v2\/comments?post=21534"}],"wp:featuredmedia":[{"embeddable":true,"href":"https:\/\/www.ghostysky.com\/pt\/wp-json\/wp\/v2\/media\/21524"}],"wp:attachment":[{"href":"https:\/\/www.ghostysky.com\/pt\/wp-json\/wp\/v2\/media?parent=21534"}],"wp:term":[{"taxonomy":"product_brand","embeddable":true,"href":"https:\/\/www.ghostysky.com\/pt\/wp-json\/wp\/v2\/product_brand?post=21534"},{"taxonomy":"product_cat","embeddable":true,"href":"https:\/\/www.ghostysky.com\/pt\/wp-json\/wp\/v2\/product_cat?post=21534"},{"taxonomy":"product_tag","embeddable":true,"href":"https:\/\/www.ghostysky.com\/pt\/wp-json\/wp\/v2\/product_tag?post=21534"}],"curies":[{"name":"wp","href":"https:\/\/api.w.org\/{rel}","templated":true}]}}