{"id":21551,"date":"2025-10-17T06:04:10","date_gmt":"2025-10-17T06:04:10","guid":{"rendered":"https:\/\/www.ghostysky.com\/?post_type=product&#038;p=21551"},"modified":"2026-02-24T10:39:12","modified_gmt":"2026-02-24T10:39:12","slug":"unitree-g1-battery","status":"publish","type":"product","link":"https:\/\/www.ghostysky.com\/pt\/product\/unitree-g1-battery\/","title":{"rendered":"Bateria Unitree G1"},"content":{"rendered":"<div id=\"model-response-message-contentr_d92c9b4f1f5f8dc0\" class=\"markdown markdown-main-panel stronger enable-updated-hr-color\" dir=\"ltr\">\n<div id=\"model-response-message-contentr_3a463d4df71a25de\" class=\"markdown markdown-main-panel stronger enable-updated-hr-color\" dir=\"ltr\">\n<h3><b>Caracter\u00edsticas principais<\/b><\/h3>\n<ul>\n<li><b>Alta capacidade:<\/b><span class=\"citation-1394\"> Um robusto <\/span><b><span class=\"citation-1394\">9000mAh<\/span><\/b><span class=\"citation-1394\"> a capacidade nominal fornece pot\u00eancia substancial, permitindo que o rob\u00f4 G1 alcance um tempo operacional de aproximadamente <\/span><b><span class=\"citation-1394\">2 horas<\/span><\/b><span class=\"citation-1394 citation-end-1394\"> com uma \u00fanica carga, dependendo da intensidade da tarefa.<\/span><\/li>\n<li><b><span class=\"citation-1393\">Design de libera\u00e7\u00e3o r\u00e1pida:<\/span><\/b><span class=\"citation-1393\"> Permite <\/span><b><span class=\"citation-1393\">troca de bateria f\u00e1cil e r\u00e1pida<\/span><\/b><span class=\"citation-1393 citation-end-1393\">, minimizando o tempo de inatividade e maximizando a produtividade do rob\u00f4 em aplica\u00e7\u00f5es exigentes.<\/span><\/li>\n<li><b><span class=\"citation-1392\">Sistema de gerenciamento de bateria (BMS) desenvolvido por n\u00f3s mesmos:<\/span><\/b><span class=\"citation-1392\"> O BMS inteligente integrado \u00e9 uma tecnologia propriet\u00e1ria da Unitree, que oferece <\/span><b><span class=\"citation-1392\">prote\u00e7\u00e3o e gest\u00e3o abrangentes<\/span><\/b><span class=\"citation-1392 citation-end-1392\"> para a seguran\u00e7a e longevidade da bateria.<\/span> Isso inclui:\n<ul>\n<li><span class=\"citation-1391 citation-end-1391\">Prote\u00e7\u00e3o contra sobrecarga e descarga excessiva<\/span><\/li>\n<li>Prote\u00e7\u00e3o contra curto-circuito<\/li>\n<li><span class=\"citation-1390 citation-end-1390\">Detec\u00e7\u00e3o e otimiza\u00e7\u00e3o de carga de bateria<\/span><\/li>\n<li>Prote\u00e7\u00e3o de Carregamento de Saldo<\/li>\n<li><span class=\"citation-1389 citation-end-1389\">Prote\u00e7\u00e3o autom\u00e1tica contra autodescarga durante o armazenamento para manter a sa\u00fade das c\u00e9lulas.<\/span><\/li>\n<\/ul>\n<\/li>\n<li><b>Fonte de energia:<\/b><span class=\"citation-1388\"> \u00c9 um <\/span><b><span class=\"citation-1388\">Bateria de l\u00edtio de 13 cordas<\/span><\/b><span class=\"citation-1388 citation-end-1388\"> pacote, projetado para integrar-se perfeitamente ao sistema de energia do G1 para uma sa\u00edda est\u00e1vel e confi\u00e1vel.<\/span><\/li>\n<li><b><span class=\"citation-1387\">Dimens\u00f5es compactas:<\/span><\/b><span class=\"citation-1387 citation-end-1387\"> Medindo aproximadamente <\/span><b><span class=\"math-inline\" data-math=\"120 \\text{mm} \\times 80 \\text{mm} \\times 182 \\text{mm}\"><span class=\"katex\"><span class=\"katex-html\" aria-hidden=\"true\"><span class=\"base\"><span class=\"mord\">120<\/span><span class=\"mord text\"><span class=\"mord\">mil\u00edmetros<\/span><\/span><span class=\"mbin\">\u00d7<\/span><\/span><span class=\"base\"><span class=\"mord\">80<\/span><span class=\"mord text\"><span class=\"mord\">mil\u00edmetros<\/span><\/span><span class=\"mbin\">\u00d7<\/span><\/span><span class=\"base\"><span class=\"mord\">182<\/span><span class=\"mord text\"><span class=\"mord\">mil\u00edmetros<\/span><\/span><\/span><\/span><\/span><\/span><\/b><span class=\"citation-1386 citation-end-1386\">, seu tamanho \u00e9 otimizado para o formato simplificado do G1.<\/span><\/li>\n<\/ul>\n<p><span class=\"citation-1385 citation-end-1385\">Um componente vital para aplica\u00e7\u00f5es de pesquisa, educa\u00e7\u00e3o e entretenimento, a bateria Unitree G1 oferece a pot\u00eancia e a intelig\u00eancia necess\u00e1rias para que o G1 execute movimentos e tarefas complexas com confian\u00e7a.<\/span><\/p>\n<div class=\"source-inline-chip-container ng-star-inserted\"><\/div>\n<\/div>\n<\/div>","protected":false},"excerpt":{"rendered":"<p><span class=\"citation-1395\">O <\/span><b><span class=\"citation-1395\">Bateria inteligente de alto desempenho Unitree G1<\/span><\/b><span class=\"citation-1395 citation-end-1395\"> \u00e9 a fonte de energia propriet\u00e1ria projetada especificamente para o rob\u00f4 humanoide Unitree G1, garantindo a resist\u00eancia e a confiabilidade necess\u00e1rias para suas opera\u00e7\u00f5es avan\u00e7adas.<\/span><\/p>","protected":false},"featured_media":21552,"comment_status":"open","ping_status":"closed","template":"","meta":[],"product_brand":[1087],"product_cat":[1038,1037,1102],"product_tag":[1088,1111,1109,1105],"class_list":{"0":"post-21551","1":"product","2":"type-product","3":"status-publish","4":"has-post-thumbnail","6":"product_brand-unitree","7":"product_cat-humanoid","8":"product_cat-robotics","9":"product_cat-unitree-hum-accessories","10":"product_tag-unitree","11":"product_tag-unitree-g1-accessories","12":"product_tag-unitree-g1-series","13":"product_tag-unitree-humanoid","15":"first","16":"onbackorder","17":"taxable","18":"shipping-taxable","19":"purchasable","20":"product-type-simple"},"yoast_head":"<!-- This site is optimized with the Yoast SEO plugin v27.1.1 - https:\/\/yoast.com\/product\/yoast-seo-wordpress\/ -->\n<title>Unitree G1 Battery - Ghostysky<\/title>\n<meta name=\"description\" content=\"The Unitree G1 High-Performance Smart Battery is the proprietary power source engineered specifically for the Unitree G1 Humanoid Robot, ensuring the necessary endurance and reliability for its advanced operations.\" \/>\n<meta name=\"robots\" content=\"index, follow, max-snippet:-1, max-image-preview:large, max-video-preview:-1\" \/>\n<link rel=\"canonical\" href=\"https:\/\/www.ghostysky.com\/pt\/produto-2\/unitree-g1-battery\/\" \/>\n<meta property=\"og:locale\" content=\"pt_PT\" \/>\n<meta property=\"og:type\" content=\"article\" \/>\n<meta property=\"og:title\" content=\"Unitree G1 Battery - Ghostysky\" \/>\n<meta property=\"og:description\" content=\"The Unitree G1 High-Performance Smart Battery is the proprietary power source engineered specifically for the Unitree G1 Humanoid Robot, ensuring the necessary endurance and reliability for its advanced operations.\" \/>\n<meta property=\"og:url\" content=\"https:\/\/www.ghostysky.com\/pt\/produto-2\/unitree-g1-battery\/\" \/>\n<meta property=\"og:site_name\" content=\"Ghostysky\" \/>\n<meta property=\"article:publisher\" content=\"https:\/\/www.facebook.com\/people\/Ghostysky\/100057676170234\/\" \/>\n<meta property=\"article:modified_time\" content=\"2026-02-24T10:39:12+00:00\" \/>\n<meta property=\"og:image\" content=\"https:\/\/www.ghostysky.com\/wp-content\/uploads\/2025\/10\/GH_Unitree_G1-Battery_1.webp\" \/>\n\t<meta property=\"og:image:width\" content=\"650\" \/>\n\t<meta property=\"og:image:height\" content=\"650\" \/>\n\t<meta property=\"og:image:type\" content=\"image\/webp\" \/>\n<meta name=\"twitter:card\" content=\"summary_large_image\" \/>\n<meta name=\"twitter:site\" content=\"@Gh0stysky\" \/>\n<meta name=\"twitter:label1\" content=\"Tempo estimado de leitura\" \/>\n\t<meta name=\"twitter:data1\" content=\"1 minuto\" \/>\n<script type=\"application\/ld+json\" class=\"yoast-schema-graph\">{\"@context\":\"https:\/\/schema.org\",\"@graph\":[{\"@type\":\"WebPage\",\"@id\":\"https:\/\/www.ghostysky.com\/product\/unitree-g1-battery\/\",\"url\":\"https:\/\/www.ghostysky.com\/product\/unitree-g1-battery\/\",\"name\":\"Unitree G1 Battery - Ghostysky\",\"isPartOf\":{\"@id\":\"https:\/\/www.ghostysky.com\/#website\"},\"primaryImageOfPage\":{\"@id\":\"https:\/\/www.ghostysky.com\/product\/unitree-g1-battery\/#primaryimage\"},\"image\":{\"@id\":\"https:\/\/www.ghostysky.com\/product\/unitree-g1-battery\/#primaryimage\"},\"thumbnailUrl\":\"https:\/\/www.ghostysky.com\/wp-content\/uploads\/2025\/10\/GH_Unitree_G1-Battery_1.webp\",\"datePublished\":\"2025-10-17T06:04:10+00:00\",\"dateModified\":\"2026-02-24T10:39:12+00:00\",\"description\":\"The Unitree G1 High-Performance Smart Battery is the proprietary power source engineered specifically for the Unitree G1 Humanoid Robot, ensuring the necessary endurance and reliability for its advanced operations.\",\"breadcrumb\":{\"@id\":\"https:\/\/www.ghostysky.com\/product\/unitree-g1-battery\/#breadcrumb\"},\"inLanguage\":\"pt-PT\",\"potentialAction\":[{\"@type\":\"ReadAction\",\"target\":[\"https:\/\/www.ghostysky.com\/product\/unitree-g1-battery\/\"]}]},{\"@type\":\"ImageObject\",\"inLanguage\":\"pt-PT\",\"@id\":\"https:\/\/www.ghostysky.com\/product\/unitree-g1-battery\/#primaryimage\",\"url\":\"https:\/\/www.ghostysky.com\/wp-content\/uploads\/2025\/10\/GH_Unitree_G1-Battery_1.webp\",\"contentUrl\":\"https:\/\/www.ghostysky.com\/wp-content\/uploads\/2025\/10\/GH_Unitree_G1-Battery_1.webp\",\"width\":650,\"height\":650},{\"@type\":\"BreadcrumbList\",\"@id\":\"https:\/\/www.ghostysky.com\/product\/unitree-g1-battery\/#breadcrumb\",\"itemListElement\":[{\"@type\":\"ListItem\",\"position\":1,\"name\":\"Home\",\"item\":\"https:\/\/www.ghostysky.com\/\"},{\"@type\":\"ListItem\",\"position\":2,\"name\":\"Shop\",\"item\":\"https:\/\/www.ghostysky.com\/shop\/\"},{\"@type\":\"ListItem\",\"position\":3,\"name\":\"Unitree G1 Battery\"}]},{\"@type\":\"WebSite\",\"@id\":\"https:\/\/www.ghostysky.com\/#website\",\"url\":\"https:\/\/www.ghostysky.com\/\",\"name\":\"Ghostysky\",\"description\":\"Delivering professional drones and services\",\"publisher\":{\"@id\":\"https:\/\/www.ghostysky.com\/#organization\"},\"potentialAction\":[{\"@type\":\"SearchAction\",\"target\":{\"@type\":\"EntryPoint\",\"urlTemplate\":\"https:\/\/www.ghostysky.com\/?s={search_term_string}\"},\"query-input\":{\"@type\":\"PropertyValueSpecification\",\"valueRequired\":true,\"valueName\":\"search_term_string\"}}],\"inLanguage\":\"pt-PT\"},{\"@type\":\"Organization\",\"@id\":\"https:\/\/www.ghostysky.com\/#organization\",\"name\":\"Ghostysky\",\"url\":\"https:\/\/www.ghostysky.com\/\",\"logo\":{\"@type\":\"ImageObject\",\"inLanguage\":\"pt-PT\",\"@id\":\"https:\/\/www.ghostysky.com\/#\/schema\/logo\/image\/\",\"url\":\"https:\/\/www.ghostysky.com\/wp-content\/uploads\/2020\/06\/cropped-ghostyskylogo_text_white2.png\",\"contentUrl\":\"https:\/\/www.ghostysky.com\/wp-content\/uploads\/2020\/06\/cropped-ghostyskylogo_text_white2.png\",\"width\":169,\"height\":56,\"caption\":\"Ghostysky\"},\"image\":{\"@id\":\"https:\/\/www.ghostysky.com\/#\/schema\/logo\/image\/\"},\"sameAs\":[\"https:\/\/www.facebook.com\/people\/Ghostysky\/100057676170234\/\",\"https:\/\/x.com\/Gh0stysky\",\"https:\/\/www.linkedin.com\/company\/34739653\",\"https:\/\/www.instagram.com\/gh0stysky\"]}]}<\/script>\n<!-- \/ Yoast SEO plugin. -->","yoast_head_json":{"title":"Bateria Unitree G1 - Ghostysky","description":"A bateria inteligente de alto desempenho Unitree G1 \u00e9 a fonte de energia patenteada projetada especificamente para o rob\u00f4 humanoide Unitree G1, garantindo a resist\u00eancia e a confiabilidade necess\u00e1rias para suas opera\u00e7\u00f5es avan\u00e7adas.","robots":{"index":"index","follow":"follow","max-snippet":"max-snippet:-1","max-image-preview":"max-image-preview:large","max-video-preview":"max-video-preview:-1"},"canonical":"https:\/\/www.ghostysky.com\/pt\/produto-2\/unitree-g1-battery\/","og_locale":"pt_PT","og_type":"article","og_title":"Unitree G1 Battery - Ghostysky","og_description":"The Unitree G1 High-Performance Smart Battery is the proprietary power source engineered specifically for the Unitree G1 Humanoid Robot, ensuring the necessary endurance and reliability for its advanced operations.","og_url":"https:\/\/www.ghostysky.com\/pt\/produto-2\/unitree-g1-battery\/","og_site_name":"Ghostysky","article_publisher":"https:\/\/www.facebook.com\/people\/Ghostysky\/100057676170234\/","article_modified_time":"2026-02-24T10:39:12+00:00","og_image":[{"width":650,"height":650,"url":"https:\/\/www.ghostysky.com\/wp-content\/uploads\/2025\/10\/GH_Unitree_G1-Battery_1.webp","type":"image\/webp"}],"twitter_card":"summary_large_image","twitter_site":"@Gh0stysky","twitter_misc":{"Tempo estimado de leitura":"1 minuto"},"schema":{"@context":"https:\/\/schema.org","@graph":[{"@type":"WebPage","@id":"https:\/\/www.ghostysky.com\/product\/unitree-g1-battery\/","url":"https:\/\/www.ghostysky.com\/product\/unitree-g1-battery\/","name":"Bateria Unitree G1 - Ghostysky","isPartOf":{"@id":"https:\/\/www.ghostysky.com\/#website"},"primaryImageOfPage":{"@id":"https:\/\/www.ghostysky.com\/product\/unitree-g1-battery\/#primaryimage"},"image":{"@id":"https:\/\/www.ghostysky.com\/product\/unitree-g1-battery\/#primaryimage"},"thumbnailUrl":"https:\/\/www.ghostysky.com\/wp-content\/uploads\/2025\/10\/GH_Unitree_G1-Battery_1.webp","datePublished":"2025-10-17T06:04:10+00:00","dateModified":"2026-02-24T10:39:12+00:00","description":"A bateria inteligente de alto desempenho Unitree G1 \u00e9 a fonte de energia patenteada projetada especificamente para o rob\u00f4 humanoide Unitree G1, garantindo a resist\u00eancia e a confiabilidade necess\u00e1rias para suas opera\u00e7\u00f5es avan\u00e7adas.","breadcrumb":{"@id":"https:\/\/www.ghostysky.com\/product\/unitree-g1-battery\/#breadcrumb"},"inLanguage":"pt-PT","potentialAction":[{"@type":"ReadAction","target":["https:\/\/www.ghostysky.com\/product\/unitree-g1-battery\/"]}]},{"@type":"ImageObject","inLanguage":"pt-PT","@id":"https:\/\/www.ghostysky.com\/product\/unitree-g1-battery\/#primaryimage","url":"https:\/\/www.ghostysky.com\/wp-content\/uploads\/2025\/10\/GH_Unitree_G1-Battery_1.webp","contentUrl":"https:\/\/www.ghostysky.com\/wp-content\/uploads\/2025\/10\/GH_Unitree_G1-Battery_1.webp","width":650,"height":650},{"@type":"BreadcrumbList","@id":"https:\/\/www.ghostysky.com\/product\/unitree-g1-battery\/#breadcrumb","itemListElement":[{"@type":"ListItem","position":1,"name":"Home","item":"https:\/\/www.ghostysky.com\/"},{"@type":"ListItem","position":2,"name":"Shop","item":"https:\/\/www.ghostysky.com\/shop\/"},{"@type":"ListItem","position":3,"name":"Unitree G1 Battery"}]},{"@type":"WebSite","@id":"https:\/\/www.ghostysky.com\/#website","url":"https:\/\/www.ghostysky.com\/","name":"Ghostysky","description":"Fornecendo drones e servi\u00e7os profissionais","publisher":{"@id":"https:\/\/www.ghostysky.com\/#organization"},"potentialAction":[{"@type":"SearchAction","target":{"@type":"EntryPoint","urlTemplate":"https:\/\/www.ghostysky.com\/?s={search_term_string}"},"query-input":{"@type":"PropertyValueSpecification","valueRequired":true,"valueName":"search_term_string"}}],"inLanguage":"pt-PT"},{"@type":"Organization","@id":"https:\/\/www.ghostysky.com\/#organization","name":"Ghostysky","url":"https:\/\/www.ghostysky.com\/","logo":{"@type":"ImageObject","inLanguage":"pt-PT","@id":"https:\/\/www.ghostysky.com\/#\/schema\/logo\/image\/","url":"https:\/\/www.ghostysky.com\/wp-content\/uploads\/2020\/06\/cropped-ghostyskylogo_text_white2.png","contentUrl":"https:\/\/www.ghostysky.com\/wp-content\/uploads\/2020\/06\/cropped-ghostyskylogo_text_white2.png","width":169,"height":56,"caption":"Ghostysky"},"image":{"@id":"https:\/\/www.ghostysky.com\/#\/schema\/logo\/image\/"},"sameAs":["https:\/\/www.facebook.com\/people\/Ghostysky\/100057676170234\/","https:\/\/x.com\/Gh0stysky","https:\/\/www.linkedin.com\/company\/34739653","https:\/\/www.instagram.com\/gh0stysky"]}]}},"_links":{"self":[{"href":"https:\/\/www.ghostysky.com\/pt\/wp-json\/wp\/v2\/product\/21551","targetHints":{"allow":["GET"]}}],"collection":[{"href":"https:\/\/www.ghostysky.com\/pt\/wp-json\/wp\/v2\/product"}],"about":[{"href":"https:\/\/www.ghostysky.com\/pt\/wp-json\/wp\/v2\/types\/product"}],"replies":[{"embeddable":true,"href":"https:\/\/www.ghostysky.com\/pt\/wp-json\/wp\/v2\/comments?post=21551"}],"wp:featuredmedia":[{"embeddable":true,"href":"https:\/\/www.ghostysky.com\/pt\/wp-json\/wp\/v2\/media\/21552"}],"wp:attachment":[{"href":"https:\/\/www.ghostysky.com\/pt\/wp-json\/wp\/v2\/media?parent=21551"}],"wp:term":[{"taxonomy":"product_brand","embeddable":true,"href":"https:\/\/www.ghostysky.com\/pt\/wp-json\/wp\/v2\/product_brand?post=21551"},{"taxonomy":"product_cat","embeddable":true,"href":"https:\/\/www.ghostysky.com\/pt\/wp-json\/wp\/v2\/product_cat?post=21551"},{"taxonomy":"product_tag","embeddable":true,"href":"https:\/\/www.ghostysky.com\/pt\/wp-json\/wp\/v2\/product_tag?post=21551"}],"curies":[{"name":"wp","href":"https:\/\/api.w.org\/{rel}","templated":true}]}}