{"id":21557,"date":"2025-10-17T06:14:52","date_gmt":"2025-10-17T06:14:52","guid":{"rendered":"https:\/\/www.ghostysky.com\/?post_type=product&#038;p=21557"},"modified":"2026-02-24T10:33:47","modified_gmt":"2026-02-24T10:33:47","slug":"unitree-g1-remote-control","status":"publish","type":"product","link":"https:\/\/www.ghostysky.com\/pt\/product\/unitree-g1-remote-control\/","title":{"rendered":"Controle remoto Unitree G1"},"content":{"rendered":"<div id=\"model-response-message-contentr_d92c9b4f1f5f8dc0\" class=\"markdown markdown-main-panel stronger enable-updated-hr-color\" dir=\"ltr\">\n<div id=\"model-response-message-contentr_3a463d4df71a25de\" class=\"markdown markdown-main-panel stronger enable-updated-hr-color\" dir=\"ltr\">\n<div id=\"model-response-message-contentr_184e190d988257fa\" class=\"markdown markdown-main-panel stronger enable-updated-hr-color\" dir=\"ltr\">\n<div id=\"model-response-message-contentr_7200d7ec45283428\" class=\"markdown markdown-main-panel stronger enable-updated-hr-color\" dir=\"ltr\">\n<h3><b>Caracter\u00edsticas principais<\/b><\/h3>\n<ul>\n<li><b><span class=\"citation-1437\">Controle preciso em tempo real:<\/span><\/b><span class=\"citation-1437 citation-end-1437\"> Projetado para o Unitree G1, este controlador permite manobras suaves e eficazes, incluindo controle sobre a postura do rob\u00f4, movimento (para frente, para tr\u00e1s, girando, caminhando em padr\u00f5es definidos) e ajustes de altura.<\/span><\/li>\n<li><b><span class=\"citation-1436\">M\u00e9todos de comunica\u00e7\u00e3o dupla:<\/span><\/b><span class=\"citation-1436 citation-end-1436\"> Garante conectividade confi\u00e1vel com o rob\u00f4 por meio de dois m\u00e9todos sem fio robustos:<\/span>\n<ul>\n<li><b><span class=\"citation-1435\">M\u00f3dulo de transmiss\u00e3o digital de 2,4 GHz:<\/span><\/b><span class=\"citation-1435 citation-end-1435\"> Fornece uma conex\u00e3o est\u00e1vel e de longo alcance.<\/span><\/li>\n<li><b><span class=\"citation-1434\">Bluetooth:<\/span><\/b><span class=\"citation-1434 citation-end-1434\"> Oferece mais conveni\u00eancia e op\u00e7\u00f5es de conectividade.<\/span><\/li>\n<\/ul>\n<\/li>\n<li><b>Faixa operacional estendida:<\/b><span class=\"citation-1433\"> Mantenha o controle do seu Unitree G1 a uma dist\u00e2ncia de <\/span><b><span class=\"citation-1433\">mais de 100 metros<\/span><\/b><span class=\"citation-1433 citation-end-1433\"> em espa\u00e7o aberto.<\/span><\/li>\n<li><b><span class=\"citation-1432\">Design ergon\u00f4mico:<\/span><\/b><span class=\"citation-1432 citation-end-1432\"> O cabo adota um design ergon\u00f4mico para uma pegada confort\u00e1vel e segura durante uso prolongado.<\/span><\/li>\n<li><b><span class=\"citation-1431\">Bateria de longa dura\u00e7\u00e3o:<\/span><\/b><span class=\"citation-1431\"> Possui uma bateria integrada que fornece aproximadamente <\/span><b><span class=\"citation-1431\">4,5 horas<\/span><\/b><span class=\"citation-1431 citation-end-1431\"> de tempo de execu\u00e7\u00e3o cont\u00ednua com uma \u00fanica carga.<\/span><\/li>\n<\/ul>\n<h4><b>Especifica\u00e7\u00f5es t\u00e9cnicas<\/b><\/h4>\n<ul>\n<li><b><span class=\"citation-1430\">Dist\u00e2ncia do controle remoto:<\/span><\/b> <span class=\"math-inline\" data-math=\"\\geq 100 \\text{ m}\"><span class=\"katex\"><span class=\"katex-html\" aria-hidden=\"true\"><span class=\"base\"><span class=\"mrel\">\u2265<\/span><\/span><span class=\"base\"><span class=\"mord\">100<\/span><span class=\"mord text\"><span class=\"mord\">\u00a0m<\/span><\/span><\/span><\/span><\/span><\/span><\/li>\n<li><b>Frequ\u00eancia:<\/b> <span class=\"math-inline\" data-math=\"2.4 \\text{ GHz}\"><span class=\"katex\"><span class=\"katex-html\" aria-hidden=\"true\"><span class=\"base\"><span class=\"mord\">2.4<\/span><span class=\"mord text\"><span class=\"mord\">\u00a0GHz<\/span><\/span><\/span><\/span><\/span><\/span><\/li>\n<li><b><span class=\"citation-1428\">Comunica\u00e7\u00e3o:<\/span><\/b><span class=\"citation-1428 citation-end-1428\"> M\u00f3dulo de Transmiss\u00e3o de Dados + Bluetooth<\/span><\/li>\n<li><b><span class=\"citation-1427\">Tempo de execu\u00e7\u00e3o (dura\u00e7\u00e3o da bateria):<\/span><\/b> <span class=\"math-inline\" data-math=\"\\sim 4.5 \\text{ hours}\"><span class=\"katex\"><span class=\"katex-html\" aria-hidden=\"true\"><span class=\"base\"><span class=\"mrel\">\u223c<\/span><\/span><span class=\"base\"><span class=\"mord\">4.5<\/span><span class=\"mord text\"><span class=\"mord\">\u00a0horas<\/span><\/span><\/span><\/span><\/span><\/span><\/li>\n<li><b><span class=\"citation-1426\">Tens\u00e3o de carga:<\/span><\/b> <span class=\"math-inline\" data-math=\"5 \\text{ V}\"><span class=\"katex\"><span class=\"katex-html\" aria-hidden=\"true\"><span class=\"base\"><span class=\"mord\">5<\/span><span class=\"mord text\"><span class=\"mord\">\u00a0V<\/span><\/span><\/span><\/span><\/span><\/span><\/li>\n<li><b>Corrente de carga:<\/b> <span class=\"math-inline\" data-math=\"2 \\text{ A}\"><span class=\"katex\"><span class=\"katex-html\" aria-hidden=\"true\"><span class=\"base\"><span class=\"mord\">2<\/span><span class=\"mord text\"><span class=\"mord\">\u00a0UMA<\/span><\/span><\/span><\/span><\/span><\/span><\/li>\n<li><b>Compatibilidade:<\/b><span class=\"citation-1424 citation-end-1424\"> Padr\u00e3o na vers\u00e3o G1 EDU e dispon\u00edvel como opcional para o G1 Air e G1 Pro.<\/span><\/li>\n<\/ul>\n<\/div>\n<\/div>\n<\/div>\n<\/div>","protected":false},"excerpt":{"rendered":"<p><span class=\"citation-1439 citation-end-1439\">O controle remoto Unitree G1 \u00e9 o controlador essencial para duas m\u00e3os, projetado para opera\u00e7\u00e3o intuitiva e precisa do rob\u00f4 humanoide Unitree G1.<\/span> <span class=\"citation-1438 citation-end-1438\">Ele fornece aos usu\u00e1rios comandos responsivos e em tempo real, seja para aplica\u00e7\u00f5es educacionais, de pesquisa ou de campo.<\/span><\/p>","protected":false},"featured_media":21558,"comment_status":"open","ping_status":"closed","template":"","meta":[],"product_brand":[1087],"product_cat":[1038,1037,1102],"product_tag":[1088,1111,1109,1105],"class_list":{"0":"post-21557","1":"product","2":"type-product","3":"status-publish","4":"has-post-thumbnail","6":"product_brand-unitree","7":"product_cat-humanoid","8":"product_cat-robotics","9":"product_cat-unitree-hum-accessories","10":"product_tag-unitree","11":"product_tag-unitree-g1-accessories","12":"product_tag-unitree-g1-series","13":"product_tag-unitree-humanoid","15":"first","16":"instock","17":"taxable","18":"shipping-taxable","19":"purchasable","20":"product-type-simple"},"yoast_head":"<!-- This site is optimized with the Yoast SEO plugin v27.1.1 - https:\/\/yoast.com\/product\/yoast-seo-wordpress\/ -->\n<title>Unitree G1 Remote Control - Ghostysky<\/title>\n<meta name=\"description\" content=\"The Unitree G1 Remote Control is the essential two-handed controller designed for intuitive and precise operation of the Unitree G1 Humanoid Robot. It provides users with responsive, real-time command, whether for educational, research, or field applications.\" \/>\n<meta name=\"robots\" content=\"index, follow, max-snippet:-1, max-image-preview:large, max-video-preview:-1\" \/>\n<link rel=\"canonical\" href=\"https:\/\/www.ghostysky.com\/pt\/produto-2\/unitree-g1-remote-control\/\" \/>\n<meta property=\"og:locale\" content=\"pt_PT\" \/>\n<meta property=\"og:type\" content=\"article\" \/>\n<meta property=\"og:title\" content=\"Unitree G1 Remote Control - Ghostysky\" \/>\n<meta property=\"og:description\" content=\"The Unitree G1 Remote Control is the essential two-handed controller designed for intuitive and precise operation of the Unitree G1 Humanoid Robot. It provides users with responsive, real-time command, whether for educational, research, or field applications.\" \/>\n<meta property=\"og:url\" content=\"https:\/\/www.ghostysky.com\/pt\/produto-2\/unitree-g1-remote-control\/\" \/>\n<meta property=\"og:site_name\" content=\"Ghostysky\" \/>\n<meta property=\"article:publisher\" content=\"https:\/\/www.facebook.com\/people\/Ghostysky\/100057676170234\/\" \/>\n<meta property=\"article:modified_time\" content=\"2026-02-24T10:33:47+00:00\" \/>\n<meta property=\"og:image\" content=\"https:\/\/www.ghostysky.com\/wp-content\/uploads\/2025\/10\/GH_-Unitree_G1-Remote-Control_1.webp\" \/>\n\t<meta property=\"og:image:width\" content=\"1920\" \/>\n\t<meta property=\"og:image:height\" content=\"1920\" \/>\n\t<meta property=\"og:image:type\" content=\"image\/webp\" \/>\n<meta name=\"twitter:card\" content=\"summary_large_image\" \/>\n<meta name=\"twitter:site\" content=\"@Gh0stysky\" \/>\n<meta name=\"twitter:label1\" content=\"Tempo estimado de leitura\" \/>\n\t<meta name=\"twitter:data1\" content=\"1 minuto\" \/>\n<script type=\"application\/ld+json\" class=\"yoast-schema-graph\">{\"@context\":\"https:\/\/schema.org\",\"@graph\":[{\"@type\":\"WebPage\",\"@id\":\"https:\/\/www.ghostysky.com\/product\/unitree-g1-remote-control\/\",\"url\":\"https:\/\/www.ghostysky.com\/product\/unitree-g1-remote-control\/\",\"name\":\"Unitree G1 Remote Control - Ghostysky\",\"isPartOf\":{\"@id\":\"https:\/\/www.ghostysky.com\/#website\"},\"primaryImageOfPage\":{\"@id\":\"https:\/\/www.ghostysky.com\/product\/unitree-g1-remote-control\/#primaryimage\"},\"image\":{\"@id\":\"https:\/\/www.ghostysky.com\/product\/unitree-g1-remote-control\/#primaryimage\"},\"thumbnailUrl\":\"https:\/\/www.ghostysky.com\/wp-content\/uploads\/2025\/10\/GH_-Unitree_G1-Remote-Control_1.webp\",\"datePublished\":\"2025-10-17T06:14:52+00:00\",\"dateModified\":\"2026-02-24T10:33:47+00:00\",\"description\":\"The Unitree G1 Remote Control is the essential two-handed controller designed for intuitive and precise operation of the Unitree G1 Humanoid Robot. It provides users with responsive, real-time command, whether for educational, research, or field applications.\",\"breadcrumb\":{\"@id\":\"https:\/\/www.ghostysky.com\/product\/unitree-g1-remote-control\/#breadcrumb\"},\"inLanguage\":\"pt-PT\",\"potentialAction\":[{\"@type\":\"ReadAction\",\"target\":[\"https:\/\/www.ghostysky.com\/product\/unitree-g1-remote-control\/\"]}]},{\"@type\":\"ImageObject\",\"inLanguage\":\"pt-PT\",\"@id\":\"https:\/\/www.ghostysky.com\/product\/unitree-g1-remote-control\/#primaryimage\",\"url\":\"https:\/\/www.ghostysky.com\/wp-content\/uploads\/2025\/10\/GH_-Unitree_G1-Remote-Control_1.webp\",\"contentUrl\":\"https:\/\/www.ghostysky.com\/wp-content\/uploads\/2025\/10\/GH_-Unitree_G1-Remote-Control_1.webp\",\"width\":1920,\"height\":1920},{\"@type\":\"BreadcrumbList\",\"@id\":\"https:\/\/www.ghostysky.com\/product\/unitree-g1-remote-control\/#breadcrumb\",\"itemListElement\":[{\"@type\":\"ListItem\",\"position\":1,\"name\":\"Home\",\"item\":\"https:\/\/www.ghostysky.com\/\"},{\"@type\":\"ListItem\",\"position\":2,\"name\":\"Shop\",\"item\":\"https:\/\/www.ghostysky.com\/shop\/\"},{\"@type\":\"ListItem\",\"position\":3,\"name\":\"Unitree G1 Remote Control\"}]},{\"@type\":\"WebSite\",\"@id\":\"https:\/\/www.ghostysky.com\/#website\",\"url\":\"https:\/\/www.ghostysky.com\/\",\"name\":\"Ghostysky\",\"description\":\"Delivering professional drones and services\",\"publisher\":{\"@id\":\"https:\/\/www.ghostysky.com\/#organization\"},\"potentialAction\":[{\"@type\":\"SearchAction\",\"target\":{\"@type\":\"EntryPoint\",\"urlTemplate\":\"https:\/\/www.ghostysky.com\/?s={search_term_string}\"},\"query-input\":{\"@type\":\"PropertyValueSpecification\",\"valueRequired\":true,\"valueName\":\"search_term_string\"}}],\"inLanguage\":\"pt-PT\"},{\"@type\":\"Organization\",\"@id\":\"https:\/\/www.ghostysky.com\/#organization\",\"name\":\"Ghostysky\",\"url\":\"https:\/\/www.ghostysky.com\/\",\"logo\":{\"@type\":\"ImageObject\",\"inLanguage\":\"pt-PT\",\"@id\":\"https:\/\/www.ghostysky.com\/#\/schema\/logo\/image\/\",\"url\":\"https:\/\/www.ghostysky.com\/wp-content\/uploads\/2020\/06\/cropped-ghostyskylogo_text_white2.png\",\"contentUrl\":\"https:\/\/www.ghostysky.com\/wp-content\/uploads\/2020\/06\/cropped-ghostyskylogo_text_white2.png\",\"width\":169,\"height\":56,\"caption\":\"Ghostysky\"},\"image\":{\"@id\":\"https:\/\/www.ghostysky.com\/#\/schema\/logo\/image\/\"},\"sameAs\":[\"https:\/\/www.facebook.com\/people\/Ghostysky\/100057676170234\/\",\"https:\/\/x.com\/Gh0stysky\",\"https:\/\/www.linkedin.com\/company\/34739653\",\"https:\/\/www.instagram.com\/gh0stysky\"]}]}<\/script>\n<!-- \/ Yoast SEO plugin. -->","yoast_head_json":{"title":"Controle remoto Unitree G1 - Ghostysky","description":"O Controle Remoto Unitree G1 \u00e9 o controlador bimanual essencial, projetado para a opera\u00e7\u00e3o intuitiva e precisa do Rob\u00f4 Humanoide Unitree G1. Ele fornece aos usu\u00e1rios comandos responsivos e em tempo real, seja para aplica\u00e7\u00f5es educacionais, de pesquisa ou de campo.","robots":{"index":"index","follow":"follow","max-snippet":"max-snippet:-1","max-image-preview":"max-image-preview:large","max-video-preview":"max-video-preview:-1"},"canonical":"https:\/\/www.ghostysky.com\/pt\/produto-2\/unitree-g1-remote-control\/","og_locale":"pt_PT","og_type":"article","og_title":"Unitree G1 Remote Control - Ghostysky","og_description":"The Unitree G1 Remote Control is the essential two-handed controller designed for intuitive and precise operation of the Unitree G1 Humanoid Robot. It provides users with responsive, real-time command, whether for educational, research, or field applications.","og_url":"https:\/\/www.ghostysky.com\/pt\/produto-2\/unitree-g1-remote-control\/","og_site_name":"Ghostysky","article_publisher":"https:\/\/www.facebook.com\/people\/Ghostysky\/100057676170234\/","article_modified_time":"2026-02-24T10:33:47+00:00","og_image":[{"width":1920,"height":1920,"url":"https:\/\/www.ghostysky.com\/wp-content\/uploads\/2025\/10\/GH_-Unitree_G1-Remote-Control_1.webp","type":"image\/webp"}],"twitter_card":"summary_large_image","twitter_site":"@Gh0stysky","twitter_misc":{"Tempo estimado de leitura":"1 minuto"},"schema":{"@context":"https:\/\/schema.org","@graph":[{"@type":"WebPage","@id":"https:\/\/www.ghostysky.com\/product\/unitree-g1-remote-control\/","url":"https:\/\/www.ghostysky.com\/product\/unitree-g1-remote-control\/","name":"Controle remoto Unitree G1 - Ghostysky","isPartOf":{"@id":"https:\/\/www.ghostysky.com\/#website"},"primaryImageOfPage":{"@id":"https:\/\/www.ghostysky.com\/product\/unitree-g1-remote-control\/#primaryimage"},"image":{"@id":"https:\/\/www.ghostysky.com\/product\/unitree-g1-remote-control\/#primaryimage"},"thumbnailUrl":"https:\/\/www.ghostysky.com\/wp-content\/uploads\/2025\/10\/GH_-Unitree_G1-Remote-Control_1.webp","datePublished":"2025-10-17T06:14:52+00:00","dateModified":"2026-02-24T10:33:47+00:00","description":"O Controle Remoto Unitree G1 \u00e9 o controlador bimanual essencial, projetado para a opera\u00e7\u00e3o intuitiva e precisa do Rob\u00f4 Humanoide Unitree G1. Ele fornece aos usu\u00e1rios comandos responsivos e em tempo real, seja para aplica\u00e7\u00f5es educacionais, de pesquisa ou de campo.","breadcrumb":{"@id":"https:\/\/www.ghostysky.com\/product\/unitree-g1-remote-control\/#breadcrumb"},"inLanguage":"pt-PT","potentialAction":[{"@type":"ReadAction","target":["https:\/\/www.ghostysky.com\/product\/unitree-g1-remote-control\/"]}]},{"@type":"ImageObject","inLanguage":"pt-PT","@id":"https:\/\/www.ghostysky.com\/product\/unitree-g1-remote-control\/#primaryimage","url":"https:\/\/www.ghostysky.com\/wp-content\/uploads\/2025\/10\/GH_-Unitree_G1-Remote-Control_1.webp","contentUrl":"https:\/\/www.ghostysky.com\/wp-content\/uploads\/2025\/10\/GH_-Unitree_G1-Remote-Control_1.webp","width":1920,"height":1920},{"@type":"BreadcrumbList","@id":"https:\/\/www.ghostysky.com\/product\/unitree-g1-remote-control\/#breadcrumb","itemListElement":[{"@type":"ListItem","position":1,"name":"Home","item":"https:\/\/www.ghostysky.com\/"},{"@type":"ListItem","position":2,"name":"Shop","item":"https:\/\/www.ghostysky.com\/shop\/"},{"@type":"ListItem","position":3,"name":"Unitree G1 Remote Control"}]},{"@type":"WebSite","@id":"https:\/\/www.ghostysky.com\/#website","url":"https:\/\/www.ghostysky.com\/","name":"Ghostysky","description":"Fornecendo drones e servi\u00e7os profissionais","publisher":{"@id":"https:\/\/www.ghostysky.com\/#organization"},"potentialAction":[{"@type":"SearchAction","target":{"@type":"EntryPoint","urlTemplate":"https:\/\/www.ghostysky.com\/?s={search_term_string}"},"query-input":{"@type":"PropertyValueSpecification","valueRequired":true,"valueName":"search_term_string"}}],"inLanguage":"pt-PT"},{"@type":"Organization","@id":"https:\/\/www.ghostysky.com\/#organization","name":"Ghostysky","url":"https:\/\/www.ghostysky.com\/","logo":{"@type":"ImageObject","inLanguage":"pt-PT","@id":"https:\/\/www.ghostysky.com\/#\/schema\/logo\/image\/","url":"https:\/\/www.ghostysky.com\/wp-content\/uploads\/2020\/06\/cropped-ghostyskylogo_text_white2.png","contentUrl":"https:\/\/www.ghostysky.com\/wp-content\/uploads\/2020\/06\/cropped-ghostyskylogo_text_white2.png","width":169,"height":56,"caption":"Ghostysky"},"image":{"@id":"https:\/\/www.ghostysky.com\/#\/schema\/logo\/image\/"},"sameAs":["https:\/\/www.facebook.com\/people\/Ghostysky\/100057676170234\/","https:\/\/x.com\/Gh0stysky","https:\/\/www.linkedin.com\/company\/34739653","https:\/\/www.instagram.com\/gh0stysky"]}]}},"_links":{"self":[{"href":"https:\/\/www.ghostysky.com\/pt\/wp-json\/wp\/v2\/product\/21557","targetHints":{"allow":["GET"]}}],"collection":[{"href":"https:\/\/www.ghostysky.com\/pt\/wp-json\/wp\/v2\/product"}],"about":[{"href":"https:\/\/www.ghostysky.com\/pt\/wp-json\/wp\/v2\/types\/product"}],"replies":[{"embeddable":true,"href":"https:\/\/www.ghostysky.com\/pt\/wp-json\/wp\/v2\/comments?post=21557"}],"wp:featuredmedia":[{"embeddable":true,"href":"https:\/\/www.ghostysky.com\/pt\/wp-json\/wp\/v2\/media\/21558"}],"wp:attachment":[{"href":"https:\/\/www.ghostysky.com\/pt\/wp-json\/wp\/v2\/media?parent=21557"}],"wp:term":[{"taxonomy":"product_brand","embeddable":true,"href":"https:\/\/www.ghostysky.com\/pt\/wp-json\/wp\/v2\/product_brand?post=21557"},{"taxonomy":"product_cat","embeddable":true,"href":"https:\/\/www.ghostysky.com\/pt\/wp-json\/wp\/v2\/product_cat?post=21557"},{"taxonomy":"product_tag","embeddable":true,"href":"https:\/\/www.ghostysky.com\/pt\/wp-json\/wp\/v2\/product_tag?post=21557"}],"curies":[{"name":"wp","href":"https:\/\/api.w.org\/{rel}","templated":true}]}}