{"id":21559,"date":"2025-10-17T06:28:14","date_gmt":"2025-10-17T06:28:14","guid":{"rendered":"https:\/\/www.ghostysky.com\/?post_type=product&#038;p=21559"},"modified":"2026-01-10T08:57:37","modified_gmt":"2026-01-10T08:57:37","slug":"unitree-r1-basic-version","status":"publish","type":"product","link":"https:\/\/www.ghostysky.com\/pt\/product\/unitree-r1-basic-version\/","title":{"rendered":"Vers\u00e3o b\u00e1sica do Unitree R1"},"content":{"rendered":"<h3><b>Caracter\u00edsticas principais<\/b><\/h3>\n<ul>\n<li><b>Humanoide acess\u00edvel e acess\u00edvel:<\/b><span class=\"citation-1462 citation-end-1462\"> Posicionado como um dos rob\u00f4s humanoides mais acess\u00edveis, ele oferece uma plataforma para explorar a locomo\u00e7\u00e3o b\u00edpede e a intera\u00e7\u00e3o com IA a um pre\u00e7o inicial significativamente mais baixo.<\/span><\/li>\n<li><b><span class=\"citation-1461\">Design \u00e1gil e leve:<\/span><\/b><span class=\"citation-1461\"> Pesando aproximadamente <\/span><b><span class=\"citation-1461\">25 kg<\/span><\/b><span class=\"citation-1461\"> e parado ao redor <\/span><b><span class=\"citation-1461\">1,21 metros<\/span><\/b><span class=\"citation-1461 citation-end-1461\"> alto, seu formato compacto e peso leve o tornam f\u00e1cil de implantar e transportar.<\/span><\/li>\n<li><b>Altos Graus de Liberdade (GDL):<\/b><span class=\"citation-1460\"> Caracter\u00edsticas ao redor <\/span><b><span class=\"citation-1460\">26 articula\u00e7\u00f5es<\/span><\/b><span class=\"citation-1460 citation-end-1460\"> (incluindo 6 DoF por perna, 5 DoF por bra\u00e7o e 2 DoF na cintura\/cabe\u00e7a), permitindo uma ampla gama de movimentos semelhantes aos humanos e manobras din\u00e2micas, como corrida, cambalhotas e paradas de m\u00e3o.<\/span><\/li>\n<li><b><span class=\"citation-1459\">Integra\u00e7\u00e3o de IA multimodal:<\/span><\/b><span class=\"citation-1459\"> O R1 est\u00e1 equipado com um sistema de alto desempenho <\/span><b><span class=\"citation-1459\">CPU de 8 n\u00facleos<\/span><\/b><span class=\"citation-1459\"> e integra um <\/span><b><span class=\"citation-1459\">Grande Modelo Multimodal<\/span><\/b><span class=\"citation-1459 citation-end-1459\"> para intera\u00e7\u00e3o em tempo real, apresentando:<\/span>\n<ul>\n<li><b><span class=\"citation-1458\">Vis\u00e3o:<\/span><\/b><span class=\"citation-1458 citation-end-1458\"> C\u00e2mera binocular humanoide para percep\u00e7\u00e3o visual.<\/span><\/li>\n<li><b>\u00c1udio:<\/b><span class=\"citation-1457 citation-end-1457\"> Conjunto de microfones e alto-falantes para reconhecimento de voz e comunica\u00e7\u00e3o.<\/span><\/li>\n<\/ul>\n<\/li>\n<li><b><span class=\"citation-1456\">Design focado no movimento:<\/span><\/b><span class=\"citation-1456 citation-end-1456\"> A vers\u00e3o b\u00e1sica se concentra na mobilidade din\u00e2mica e na demonstra\u00e7\u00e3o de capacidades avan\u00e7adas de locomo\u00e7\u00e3o.<\/span> <span class=\"citation-1455 citation-end-1455\">Ele normalmente \u00e9 equipado com m\u00e3os simples e n\u00e3o h\u00e1beis (como m\u00e3os fixas em \u201cpunho\u201d) no modelo b\u00e1sico.<\/span><\/li>\n<li><b>Plataforma Aberta para Desenvolvimento (Vers\u00e3o EDU):<\/b><span class=\"citation-1454\"> Embora a vers\u00e3o b\u00e1sica esteja em grande parte \u201cpronta para uso\u201d para demonstra\u00e7\u00f5es, a arquitetura R1 oferece suporte total <\/span><b><span class=\"citation-1454\">interfaces de controle abertas<\/span><\/b><span class=\"citation-1454 citation-end-1454\"> para articula\u00e7\u00f5es e sensores, com uma vers\u00e3o EDU dedicada dispon\u00edvel para programa\u00e7\u00e3o completa e desenvolvimento secund\u00e1rio.<\/span><\/li>\n<li><b><span class=\"citation-1453\">Especifica\u00e7\u00f5es pr\u00e1ticas:<\/span><\/b><span class=\"citation-1453\"> Inclui uma bateria de l\u00edtio facilmente substitu\u00edvel, fornecendo aproximadamente <\/span><b><span class=\"citation-1453\">1 hora de dura\u00e7\u00e3o<\/span><\/b><span class=\"citation-1453\">, <\/span><b><span class=\"citation-1453\">Wi-Fi 6<\/span><\/b><span class=\"citation-1453\"> e <\/span><b><span class=\"citation-1453\">Bluetooth 5.2<\/span><\/b><span class=\"citation-1453 citation-end-1453\"> conectividade e suporte para atualiza\u00e7\u00f5es inteligentes Over-The-Air (OTA).<\/span><\/li>\n<\/ul>\n<p><span class=\"citation-1452 citation-end-1452\">A vers\u00e3o b\u00e1sica do Unitree R1 \u00e9 um ponto de partida ideal para quem quer entrar no mundo da rob\u00f3tica b\u00edpede complexa, oferecendo agilidade de alto n\u00edvel e recursos modernos de IA em um pacote surpreendentemente acess\u00edvel.<\/span><\/p>","protected":false},"excerpt":{"rendered":"<p><span class=\"citation-1463\">O <\/span><b><span class=\"citation-1463\">Vers\u00e3o b\u00e1sica do Unitree R1<\/span><\/b><span class=\"citation-1463 citation-end-1463\"> \u00e9 um rob\u00f4 humanoide ultraleve e altamente \u00e1gil, projetado para democratizar a rob\u00f3tica avan\u00e7ada para pesquisadores, educadores, desenvolvedores e entusiastas.<\/span><\/p>","protected":false},"featured_media":21562,"comment_status":"open","ping_status":"closed","template":"","meta":[],"product_brand":[1087],"product_cat":[1038,1037,1103],"product_tag":[1088,1105,1112,1113],"class_list":{"0":"post-21559","1":"product","2":"type-product","3":"status-publish","4":"has-post-thumbnail","6":"product_brand-unitree","7":"product_cat-humanoid","8":"product_cat-robotics","9":"product_cat-unitree-hum-robots","10":"product_tag-unitree","11":"product_tag-unitree-humanoid","12":"product_tag-unitree-r1","13":"product_tag-unitree-r1-series","15":"first","16":"onbackorder","17":"taxable","18":"shipping-taxable","19":"purchasable","20":"product-type-simple"},"yoast_head":"<!-- This site is optimized with the Yoast SEO plugin v27.4 - https:\/\/yoast.com\/product\/yoast-seo-wordpress\/ -->\n<title>Unitree R1 Basic Version - Ghostysky<\/title>\n<meta name=\"description\" content=\"The Unitree R1 Basic Version is an ultra-lightweight and highly agile humanoid robot designed to democratize advanced robotics for researchers, educators, developers, and enthusiasts.\" \/>\n<meta name=\"robots\" content=\"index, follow, max-snippet:-1, max-image-preview:large, max-video-preview:-1\" \/>\n<link rel=\"canonical\" href=\"https:\/\/www.ghostysky.com\/pt\/produto-2\/unitree-r1-basic-version\/\" \/>\n<meta property=\"og:locale\" content=\"pt_PT\" \/>\n<meta property=\"og:type\" content=\"article\" \/>\n<meta property=\"og:title\" content=\"Unitree R1 Basic Version - Ghostysky\" \/>\n<meta property=\"og:description\" content=\"The Unitree R1 Basic Version is an ultra-lightweight and highly agile humanoid robot designed to democratize advanced robotics for researchers, educators, developers, and enthusiasts.\" \/>\n<meta property=\"og:url\" content=\"https:\/\/www.ghostysky.com\/pt\/produto-2\/unitree-r1-basic-version\/\" \/>\n<meta property=\"og:site_name\" content=\"Ghostysky\" \/>\n<meta property=\"article:publisher\" content=\"https:\/\/www.facebook.com\/people\/Ghostysky\/100057676170234\/\" \/>\n<meta property=\"article:modified_time\" content=\"2026-01-10T08:57:37+00:00\" \/>\n<meta property=\"og:image\" content=\"https:\/\/www.ghostysky.com\/wp-content\/uploads\/2025\/10\/GH_R1-Basic-Version_1.jpg\" \/>\n\t<meta property=\"og:image:width\" content=\"225\" \/>\n\t<meta property=\"og:image:height\" content=\"225\" \/>\n\t<meta property=\"og:image:type\" content=\"image\/jpeg\" \/>\n<meta name=\"twitter:card\" content=\"summary_large_image\" \/>\n<meta name=\"twitter:site\" content=\"@Gh0stysky\" \/>\n<meta name=\"twitter:label1\" content=\"Tempo estimado de leitura\" \/>\n\t<meta name=\"twitter:data1\" content=\"2 minutos\" \/>\n<script type=\"application\/ld+json\" class=\"yoast-schema-graph\">{\"@context\":\"https:\\\/\\\/schema.org\",\"@graph\":[{\"@type\":\"WebPage\",\"@id\":\"https:\\\/\\\/www.ghostysky.com\\\/product\\\/unitree-r1-basic-version\\\/\",\"url\":\"https:\\\/\\\/www.ghostysky.com\\\/product\\\/unitree-r1-basic-version\\\/\",\"name\":\"Unitree R1 Basic Version - Ghostysky\",\"isPartOf\":{\"@id\":\"https:\\\/\\\/www.ghostysky.com\\\/#website\"},\"primaryImageOfPage\":{\"@id\":\"https:\\\/\\\/www.ghostysky.com\\\/product\\\/unitree-r1-basic-version\\\/#primaryimage\"},\"image\":{\"@id\":\"https:\\\/\\\/www.ghostysky.com\\\/product\\\/unitree-r1-basic-version\\\/#primaryimage\"},\"thumbnailUrl\":\"https:\\\/\\\/www.ghostysky.com\\\/wp-content\\\/uploads\\\/2025\\\/10\\\/GH_R1-Basic-Version_1.jpg\",\"datePublished\":\"2025-10-17T06:28:14+00:00\",\"dateModified\":\"2026-01-10T08:57:37+00:00\",\"description\":\"The Unitree R1 Basic Version is an ultra-lightweight and highly agile humanoid robot designed to democratize advanced robotics for researchers, educators, developers, and enthusiasts.\",\"breadcrumb\":{\"@id\":\"https:\\\/\\\/www.ghostysky.com\\\/product\\\/unitree-r1-basic-version\\\/#breadcrumb\"},\"inLanguage\":\"pt-PT\",\"potentialAction\":[{\"@type\":\"ReadAction\",\"target\":[\"https:\\\/\\\/www.ghostysky.com\\\/product\\\/unitree-r1-basic-version\\\/\"]}]},{\"@type\":\"ImageObject\",\"inLanguage\":\"pt-PT\",\"@id\":\"https:\\\/\\\/www.ghostysky.com\\\/product\\\/unitree-r1-basic-version\\\/#primaryimage\",\"url\":\"https:\\\/\\\/www.ghostysky.com\\\/wp-content\\\/uploads\\\/2025\\\/10\\\/GH_R1-Basic-Version_1.jpg\",\"contentUrl\":\"https:\\\/\\\/www.ghostysky.com\\\/wp-content\\\/uploads\\\/2025\\\/10\\\/GH_R1-Basic-Version_1.jpg\",\"width\":225,\"height\":225},{\"@type\":\"BreadcrumbList\",\"@id\":\"https:\\\/\\\/www.ghostysky.com\\\/product\\\/unitree-r1-basic-version\\\/#breadcrumb\",\"itemListElement\":[{\"@type\":\"ListItem\",\"position\":1,\"name\":\"Home\",\"item\":\"https:\\\/\\\/www.ghostysky.com\\\/\"},{\"@type\":\"ListItem\",\"position\":2,\"name\":\"Shop\",\"item\":\"https:\\\/\\\/www.ghostysky.com\\\/shop\\\/\"},{\"@type\":\"ListItem\",\"position\":3,\"name\":\"Unitree R1 Basic Version\"}]},{\"@type\":\"WebSite\",\"@id\":\"https:\\\/\\\/www.ghostysky.com\\\/#website\",\"url\":\"https:\\\/\\\/www.ghostysky.com\\\/\",\"name\":\"Ghostysky\",\"description\":\"Delivering professional drones and robotics solutions\",\"publisher\":{\"@id\":\"https:\\\/\\\/www.ghostysky.com\\\/#organization\"},\"potentialAction\":[{\"@type\":\"SearchAction\",\"target\":{\"@type\":\"EntryPoint\",\"urlTemplate\":\"https:\\\/\\\/www.ghostysky.com\\\/?s={search_term_string}\"},\"query-input\":{\"@type\":\"PropertyValueSpecification\",\"valueRequired\":true,\"valueName\":\"search_term_string\"}}],\"inLanguage\":\"pt-PT\"},{\"@type\":\"Organization\",\"@id\":\"https:\\\/\\\/www.ghostysky.com\\\/#organization\",\"name\":\"Ghostysky\",\"url\":\"https:\\\/\\\/www.ghostysky.com\\\/\",\"logo\":{\"@type\":\"ImageObject\",\"inLanguage\":\"pt-PT\",\"@id\":\"https:\\\/\\\/www.ghostysky.com\\\/#\\\/schema\\\/logo\\\/image\\\/\",\"url\":\"https:\\\/\\\/www.ghostysky.com\\\/wp-content\\\/uploads\\\/2020\\\/06\\\/cropped-ghostyskylogo_text_white2.png\",\"contentUrl\":\"https:\\\/\\\/www.ghostysky.com\\\/wp-content\\\/uploads\\\/2020\\\/06\\\/cropped-ghostyskylogo_text_white2.png\",\"width\":169,\"height\":56,\"caption\":\"Ghostysky\"},\"image\":{\"@id\":\"https:\\\/\\\/www.ghostysky.com\\\/#\\\/schema\\\/logo\\\/image\\\/\"},\"sameAs\":[\"https:\\\/\\\/www.facebook.com\\\/people\\\/Ghostysky\\\/100057676170234\\\/\",\"https:\\\/\\\/x.com\\\/Gh0stysky\",\"https:\\\/\\\/www.linkedin.com\\\/company\\\/34739653\",\"https:\\\/\\\/www.instagram.com\\\/gh0stysky\"]}]}<\/script>\n<!-- \/ Yoast SEO plugin. -->","yoast_head_json":{"title":"Unitree R1 Vers\u00e3o B\u00e1sica - Ghostysky","description":"O Unitree R1 Basic Version \u00e9 um rob\u00f4 humanoide ultraleve e altamente \u00e1gil, projetado para democratizar a rob\u00f3tica avan\u00e7ada para pesquisadores, educadores, desenvolvedores e entusiastas.","robots":{"index":"index","follow":"follow","max-snippet":"max-snippet:-1","max-image-preview":"max-image-preview:large","max-video-preview":"max-video-preview:-1"},"canonical":"https:\/\/www.ghostysky.com\/pt\/produto-2\/unitree-r1-basic-version\/","og_locale":"pt_PT","og_type":"article","og_title":"Unitree R1 Basic Version - Ghostysky","og_description":"The Unitree R1 Basic Version is an ultra-lightweight and highly agile humanoid robot designed to democratize advanced robotics for researchers, educators, developers, and enthusiasts.","og_url":"https:\/\/www.ghostysky.com\/pt\/produto-2\/unitree-r1-basic-version\/","og_site_name":"Ghostysky","article_publisher":"https:\/\/www.facebook.com\/people\/Ghostysky\/100057676170234\/","article_modified_time":"2026-01-10T08:57:37+00:00","og_image":[{"width":225,"height":225,"url":"https:\/\/www.ghostysky.com\/wp-content\/uploads\/2025\/10\/GH_R1-Basic-Version_1.jpg","type":"image\/jpeg"}],"twitter_card":"summary_large_image","twitter_site":"@Gh0stysky","twitter_misc":{"Tempo estimado de leitura":"2 minutos"},"schema":{"@context":"https:\/\/schema.org","@graph":[{"@type":"WebPage","@id":"https:\/\/www.ghostysky.com\/product\/unitree-r1-basic-version\/","url":"https:\/\/www.ghostysky.com\/product\/unitree-r1-basic-version\/","name":"Unitree R1 Vers\u00e3o B\u00e1sica - Ghostysky","isPartOf":{"@id":"https:\/\/www.ghostysky.com\/#website"},"primaryImageOfPage":{"@id":"https:\/\/www.ghostysky.com\/product\/unitree-r1-basic-version\/#primaryimage"},"image":{"@id":"https:\/\/www.ghostysky.com\/product\/unitree-r1-basic-version\/#primaryimage"},"thumbnailUrl":"https:\/\/www.ghostysky.com\/wp-content\/uploads\/2025\/10\/GH_R1-Basic-Version_1.jpg","datePublished":"2025-10-17T06:28:14+00:00","dateModified":"2026-01-10T08:57:37+00:00","description":"O Unitree R1 Basic Version \u00e9 um rob\u00f4 humanoide ultraleve e altamente \u00e1gil, projetado para democratizar a rob\u00f3tica avan\u00e7ada para pesquisadores, educadores, desenvolvedores e entusiastas.","breadcrumb":{"@id":"https:\/\/www.ghostysky.com\/product\/unitree-r1-basic-version\/#breadcrumb"},"inLanguage":"pt-PT","potentialAction":[{"@type":"ReadAction","target":["https:\/\/www.ghostysky.com\/product\/unitree-r1-basic-version\/"]}]},{"@type":"ImageObject","inLanguage":"pt-PT","@id":"https:\/\/www.ghostysky.com\/product\/unitree-r1-basic-version\/#primaryimage","url":"https:\/\/www.ghostysky.com\/wp-content\/uploads\/2025\/10\/GH_R1-Basic-Version_1.jpg","contentUrl":"https:\/\/www.ghostysky.com\/wp-content\/uploads\/2025\/10\/GH_R1-Basic-Version_1.jpg","width":225,"height":225},{"@type":"BreadcrumbList","@id":"https:\/\/www.ghostysky.com\/product\/unitree-r1-basic-version\/#breadcrumb","itemListElement":[{"@type":"ListItem","position":1,"name":"Home","item":"https:\/\/www.ghostysky.com\/"},{"@type":"ListItem","position":2,"name":"Shop","item":"https:\/\/www.ghostysky.com\/shop\/"},{"@type":"ListItem","position":3,"name":"Unitree R1 Basic Version"}]},{"@type":"WebSite","@id":"https:\/\/www.ghostysky.com\/#website","url":"https:\/\/www.ghostysky.com\/","name":"Ghostysky","description":"Fornecendo solu\u00e7\u00f5es profissionais em drones e rob\u00f3tica.","publisher":{"@id":"https:\/\/www.ghostysky.com\/#organization"},"potentialAction":[{"@type":"SearchAction","target":{"@type":"EntryPoint","urlTemplate":"https:\/\/www.ghostysky.com\/?s={search_term_string}"},"query-input":{"@type":"PropertyValueSpecification","valueRequired":true,"valueName":"search_term_string"}}],"inLanguage":"pt-PT"},{"@type":"Organization","@id":"https:\/\/www.ghostysky.com\/#organization","name":"Ghostysky","url":"https:\/\/www.ghostysky.com\/","logo":{"@type":"ImageObject","inLanguage":"pt-PT","@id":"https:\/\/www.ghostysky.com\/#\/schema\/logo\/image\/","url":"https:\/\/www.ghostysky.com\/wp-content\/uploads\/2020\/06\/cropped-ghostyskylogo_text_white2.png","contentUrl":"https:\/\/www.ghostysky.com\/wp-content\/uploads\/2020\/06\/cropped-ghostyskylogo_text_white2.png","width":169,"height":56,"caption":"Ghostysky"},"image":{"@id":"https:\/\/www.ghostysky.com\/#\/schema\/logo\/image\/"},"sameAs":["https:\/\/www.facebook.com\/people\/Ghostysky\/100057676170234\/","https:\/\/x.com\/Gh0stysky","https:\/\/www.linkedin.com\/company\/34739653","https:\/\/www.instagram.com\/gh0stysky"]}]}},"_links":{"self":[{"href":"https:\/\/www.ghostysky.com\/pt\/wp-json\/wp\/v2\/product\/21559","targetHints":{"allow":["GET"]}}],"collection":[{"href":"https:\/\/www.ghostysky.com\/pt\/wp-json\/wp\/v2\/product"}],"about":[{"href":"https:\/\/www.ghostysky.com\/pt\/wp-json\/wp\/v2\/types\/product"}],"replies":[{"embeddable":true,"href":"https:\/\/www.ghostysky.com\/pt\/wp-json\/wp\/v2\/comments?post=21559"}],"version-history":[{"count":0,"href":"https:\/\/www.ghostysky.com\/pt\/wp-json\/wp\/v2\/product\/21559\/revisions"}],"wp:featuredmedia":[{"embeddable":true,"href":"https:\/\/www.ghostysky.com\/pt\/wp-json\/wp\/v2\/media\/21562"}],"wp:attachment":[{"href":"https:\/\/www.ghostysky.com\/pt\/wp-json\/wp\/v2\/media?parent=21559"}],"wp:term":[{"taxonomy":"product_brand","embeddable":true,"href":"https:\/\/www.ghostysky.com\/pt\/wp-json\/wp\/v2\/product_brand?post=21559"},{"taxonomy":"product_cat","embeddable":true,"href":"https:\/\/www.ghostysky.com\/pt\/wp-json\/wp\/v2\/product_cat?post=21559"},{"taxonomy":"product_tag","embeddable":true,"href":"https:\/\/www.ghostysky.com\/pt\/wp-json\/wp\/v2\/product_tag?post=21559"}],"curies":[{"name":"wp","href":"https:\/\/api.w.org\/{rel}","templated":true}]}}