{"id":21563,"date":"2025-10-17T06:29:38","date_gmt":"2025-10-17T06:29:38","guid":{"rendered":"https:\/\/www.ghostysky.com\/?post_type=product&#038;p=21563"},"modified":"2026-03-19T12:04:35","modified_gmt":"2026-03-19T12:04:35","slug":"unitree-r1-edu-u1","status":"publish","type":"product","link":"https:\/\/www.ghostysky.com\/pt\/product\/unitree-r1-edu-u1\/","title":{"rendered":"Unitree R1 EDU Standard (U1)"},"content":{"rendered":"<div id=\"model-response-message-contentr_ac6a3d62169ccad2\" class=\"markdown markdown-main-panel stronger enable-updated-hr-color\" dir=\"ltr\">\n<h3 data-path-to-node=\"3\">Especifica\u00e7\u00f5es principais e desempenho<\/h3>\n<table data-path-to-node=\"4\">\n<thead>\n<tr>\n<td><strong>Recurso<\/strong><\/td>\n<td><strong>Especifica\u00e7\u00f5es<\/strong><\/td>\n<\/tr>\n<\/thead>\n<tbody>\n<tr>\n<td><span data-path-to-node=\"4,1,0,0\"><b data-path-to-node=\"4,1,0,0\" data-index-in-node=\"0\">Altura \/ Peso<\/b><\/span><\/td>\n<td><span data-path-to-node=\"4,1,1,0\">~127 cm (4,1 p\u00e9s) \/ ~35 kg<\/span><\/td>\n<\/tr>\n<tr>\n<td><span data-path-to-node=\"4,2,0,0\"><b data-path-to-node=\"4,2,0,0\" data-index-in-node=\"0\">Graus de Liberdade<\/b><\/span><\/td>\n<td><span data-path-to-node=\"4,2,1,0\">23 (padr\u00e3o) a 43 (com ponteiros opcionais)<\/span><\/td>\n<\/tr>\n<tr>\n<td><span data-path-to-node=\"4,3,0,0\"><b data-path-to-node=\"4,3,0,0\" data-index-in-node=\"0\">Torque da junta<\/b><\/span><\/td>\n<td><span data-path-to-node=\"4,3,1,0\">At\u00e9 120 N\u00b7m (Joelho)<\/span><\/td>\n<\/tr>\n<tr>\n<td><span data-path-to-node=\"4,4,0,0\"><b data-path-to-node=\"4,4,0,0\" data-index-in-node=\"0\">Dura\u00e7\u00e3o da bateria<\/b><\/span><\/td>\n<td><span data-path-to-node=\"4,4,1,0\">Aproximadamente 2 horas (design de libera\u00e7\u00e3o r\u00e1pida)<\/span><\/td>\n<\/tr>\n<tr>\n<td><span data-path-to-node=\"4,5,0,0\"><b data-path-to-node=\"4,5,0,0\" data-index-in-node=\"0\">Conectividade<\/b><\/span><\/td>\n<td><span data-path-to-node=\"4,5,1,0\">Wi-Fi 6, Bluetooth 5.2, Gigabit Ethernet<\/span><\/td>\n<\/tr>\n<\/tbody>\n<\/table>\n<\/div>\n<h3 data-path-to-node=\"6\"><\/h3>\n<h3 data-path-to-node=\"6\">Caracter\u00edsticas principais<\/h3>\n<ul data-path-to-node=\"7\">\n<li>\n<p data-path-to-node=\"7,0,0\"><b data-path-to-node=\"7,0,0\" data-index-in-node=\"0\">Agilidade semelhante \u00e0 humana:<\/b> Equipado com os motores de alto torque patenteados da Unitree, o R1 pode executar tarefas complexas como saltar, caminhar em terrenos irregulares e at\u00e9 mesmo se endireitar sozinho em caso de queda.<\/p>\n<\/li>\n<li>\n<p id=\"p-rc_5b814bd7999b4c33-42\" data-path-to-node=\"7,1,0\"><b data-path-to-node=\"7,1,0\" data-index-in-node=\"0\"><span class=\"citation-93\">Percep\u00e7\u00e3o Avan\u00e7ada:<\/span><\/b><span class=\"citation-93 citation-end-93\"> Possui um LiDAR 3D (sensoriamento de 360\u00b0) e uma c\u00e2mera de profundidade, permitindo SLAM (localiza\u00e7\u00e3o e mapeamento simult\u00e2neos) em tempo real e um sistema sofisticado de desvio de obst\u00e1culos.<\/span><\/p>\n<\/li>\n<li>\n<p data-path-to-node=\"7,2,0\"><b data-path-to-node=\"7,2,0\" data-index-in-node=\"0\">Dobr\u00e1vel e port\u00e1til:<\/b> Ao contr\u00e1rio da maioria dos humanoides volumosos, o R1 apresenta um design dobr\u00e1vel inovador, permitindo que seja comprimido em um formato compacto para facilitar o transporte em um ve\u00edculo padr\u00e3o.<\/p>\n<\/li>\n<li>\n<p id=\"p-rc_5b814bd7999b4c33-43\" data-path-to-node=\"7,3,0\"><b data-path-to-node=\"7,3,0\" data-index-in-node=\"0\">A vantagem \u201cEDU\u201d:<\/b><span class=\"citation-92\"> Esta vers\u00e3o fornece acesso completo ao <\/span><b data-path-to-node=\"7,3,0\" data-index-in-node=\"62\"><span class=\"citation-92\">SDK de rob\u00f4 Unitree<\/span><\/b><span class=\"citation-92 citation-end-92\">.<\/span> <span class=\"citation-91 citation-end-91\">Ele oferece suporte a ROS 2, C++ e Python, permitindo que pesquisadores programem padr\u00f5es de marcha personalizados, comportamentos de IA e navega\u00e7\u00e3o aut\u00f4noma.<\/span><\/p>\n<div class=\"source-inline-chip-container ng-star-inserted\"><\/div>\n<p>&nbsp;<\/li>\n<\/ul>\n<h3 data-path-to-node=\"9\">Intelig\u00eancia e Computa\u00e7\u00e3o<\/h3>\n<p id=\"p-rc_5b814bd7999b4c33-44\" data-path-to-node=\"10\">O R1 EDU \u00e9 uma pot\u00eancia para o desenvolvimento de IA. <span class=\"citation-90 citation-end-90\">Ele \u00e9 equipado com um m\u00f3dulo de computa\u00e7\u00e3o integrado de alto desempenho (normalmente alimentado por NVIDIA Orin) para lidar com tarefas de aprendizado por refor\u00e7o em tempo real e vis\u00e3o computacional.<\/span><\/p>\n<blockquote data-path-to-node=\"11\">\n<p id=\"p-rc_5b814bd7999b4c33-45\" data-path-to-node=\"11,0\"><b data-path-to-node=\"11,0\" data-index-in-node=\"0\">Nota do desenvolvedor:<\/b><span class=\"citation-89\"> O R1 EDU \u00e9 particularmente eficaz para treinamento. <\/span><b data-path-to-node=\"11,0\" data-index-in-node=\"66\"><span class=\"citation-89\">Modelos de funda\u00e7\u00e3o<\/span><\/b><span class=\"citation-89 citation-end-89\"> Para rob\u00f3tica, pois fornece feedback de alta fidelidade a partir de seus sensores e encoders de motor.<\/span><\/p>\n<div class=\"source-inline-chip-container ng-star-inserted\"><\/div>\n<p>&nbsp;<\/p><\/blockquote>\n<h3 data-path-to-node=\"13\">Casos de Uso<\/h3>\n<ul data-path-to-node=\"14\">\n<li>\n<p id=\"p-rc_5b814bd7999b4c33-46\" data-path-to-node=\"14,0,0\"><b data-path-to-node=\"14,0,0\" data-index-in-node=\"0\"><span class=\"citation-88\">Pesquisa Acad\u00eamica:<\/span><\/b><span class=\"citation-88 citation-end-88\"> Ideal para estudar a locomo\u00e7\u00e3o b\u00edpede e a intera\u00e7\u00e3o humano-rob\u00f4.<\/span><\/p>\n<\/li>\n<li>\n<p id=\"p-rc_5b814bd7999b4c33-47\" data-path-to-node=\"14,1,0\"><b data-path-to-node=\"14,1,0\" data-index-in-node=\"0\">Treinamento de IA:<\/b><span class=\"citation-87 citation-end-87\"> Um agente f\u00edsico ideal para testar Modelos de Linguagem de Grande Porte (LLMs) e modelos de Vis\u00e3o-Linguagem-A\u00e7\u00e3o (VLA).<\/span><\/p>\n<\/li>\n<li>\n<p data-path-to-node=\"14,2,0\"><b data-path-to-node=\"14,2,0\" data-index-in-node=\"0\">Exposi\u00e7\u00e3o e Branding:<\/b> Sua est\u00e9tica elegante e futurista a torna uma pe\u00e7a central para vitrines de tecnologia e demonstra\u00e7\u00f5es de alta qualidade.<\/p>\n<\/li>\n<\/ul>","protected":false},"excerpt":{"rendered":"<p data-path-to-node=\"0\"><span class=\"citation-95\">O <\/span><b data-path-to-node=\"0\" data-index-in-node=\"4\"><span class=\"citation-95\">Unitree R1 EDU Standard (U1)<\/span><\/b><span class=\"citation-95 citation-end-95\"> \u00c9 um rob\u00f4 humanoide de alto desempenho e uso geral, projetado para preencher a lacuna entre a pesquisa avan\u00e7ada em rob\u00f3tica e a aplica\u00e7\u00e3o no mundo real.<\/span> Como parte da evolu\u00e7\u00e3o do &quot;Humanoide Universal&quot; da Unitree, o R1 (tamb\u00e9m conhecido como G1 em sua vers\u00e3o voltada para o consumidor) foi projetado para agilidade, intelig\u00eancia e durabilidade.<\/p>\n<p id=\"p-rc_5b814bd7999b4c33-41\" data-path-to-node=\"1\"><span class=\"citation-94 citation-end-94\">A designa\u00e7\u00e3o \u201cEDU\u201d significa que esta vers\u00e3o est\u00e1 especificamente desbloqueada e otimizada para o desenvolvimento no ensino secund\u00e1rio, tornando-a o padr\u00e3o ouro para universidades, laborat\u00f3rios de IA e inovadores tecnol\u00f3gicos.<\/span><\/p>","protected":false},"featured_media":21562,"comment_status":"open","ping_status":"closed","template":"","meta":[],"product_brand":[1087],"product_cat":[1038,1037,1103],"product_tag":[1088,1105,1112,1113],"class_list":{"0":"post-21563","1":"product","2":"type-product","3":"status-publish","4":"has-post-thumbnail","6":"product_brand-unitree","7":"product_cat-humanoid","8":"product_cat-robotics","9":"product_cat-unitree-hum-robots","10":"product_tag-unitree","11":"product_tag-unitree-humanoid","12":"product_tag-unitree-r1","13":"product_tag-unitree-r1-series","15":"first","16":"onbackorder","17":"taxable","18":"shipping-taxable","19":"purchasable","20":"product-type-simple"},"yoast_head":"<!-- This site is optimized with the Yoast SEO plugin v27.4 - https:\/\/yoast.com\/product\/yoast-seo-wordpress\/ -->\n<title>Unitree R1 EDU Standard (U1) - Ghostysky<\/title>\n<meta name=\"description\" content=\"The Unitree R1 EDU Standard (U1) is a high-performance, general-purpose humanoid robot designed to bridge the gap between advanced robotics research and real-world application. As part of Unitree\u2019s &quot;Universal Humanoid&quot; evolution, the R1 (also known as the G1 in its consumer-facing iteration) is built for agility, intelligence, and durability.The &quot;EDU&quot; designation means this version is specifically unlocked and optimized for secondary development, making it the gold standard for universities, AI labs, and tech innovators.\" \/>\n<meta name=\"robots\" content=\"index, follow, max-snippet:-1, max-image-preview:large, max-video-preview:-1\" \/>\n<link rel=\"canonical\" href=\"https:\/\/www.ghostysky.com\/pt\/produto-2\/unitree-r1-edu-u1\/\" \/>\n<meta property=\"og:locale\" content=\"pt_PT\" \/>\n<meta property=\"og:type\" content=\"article\" \/>\n<meta property=\"og:title\" content=\"Unitree R1 EDU Standard (U1) - Ghostysky\" \/>\n<meta property=\"og:description\" content=\"The Unitree R1 EDU Standard (U1) is a high-performance, general-purpose humanoid robot designed to bridge the gap between advanced robotics research and real-world application. As part of Unitree\u2019s &quot;Universal Humanoid&quot; evolution, the R1 (also known as the G1 in its consumer-facing iteration) is built for agility, intelligence, and durability.The &quot;EDU&quot; designation means this version is specifically unlocked and optimized for secondary development, making it the gold standard for universities, AI labs, and tech innovators.\" \/>\n<meta property=\"og:url\" content=\"https:\/\/www.ghostysky.com\/pt\/produto-2\/unitree-r1-edu-u1\/\" \/>\n<meta property=\"og:site_name\" content=\"Ghostysky\" \/>\n<meta property=\"article:publisher\" content=\"https:\/\/www.facebook.com\/people\/Ghostysky\/100057676170234\/\" \/>\n<meta property=\"article:modified_time\" content=\"2026-03-19T12:04:35+00:00\" \/>\n<meta property=\"og:image\" content=\"https:\/\/www.ghostysky.com\/wp-content\/uploads\/2025\/10\/GH_R1-Basic-Version_1.jpg\" \/>\n\t<meta property=\"og:image:width\" content=\"225\" \/>\n\t<meta property=\"og:image:height\" content=\"225\" \/>\n\t<meta property=\"og:image:type\" content=\"image\/jpeg\" \/>\n<meta name=\"twitter:card\" content=\"summary_large_image\" \/>\n<meta name=\"twitter:site\" content=\"@Gh0stysky\" \/>\n<meta name=\"twitter:label1\" content=\"Tempo estimado de leitura\" \/>\n\t<meta name=\"twitter:data1\" content=\"2 minutos\" \/>\n<script type=\"application\/ld+json\" class=\"yoast-schema-graph\">{\"@context\":\"https:\\\/\\\/schema.org\",\"@graph\":[{\"@type\":\"WebPage\",\"@id\":\"https:\\\/\\\/www.ghostysky.com\\\/product\\\/unitree-r1-edu-u1\\\/\",\"url\":\"https:\\\/\\\/www.ghostysky.com\\\/product\\\/unitree-r1-edu-u1\\\/\",\"name\":\"Unitree R1 EDU Standard (U1) - Ghostysky\",\"isPartOf\":{\"@id\":\"https:\\\/\\\/www.ghostysky.com\\\/#website\"},\"primaryImageOfPage\":{\"@id\":\"https:\\\/\\\/www.ghostysky.com\\\/product\\\/unitree-r1-edu-u1\\\/#primaryimage\"},\"image\":{\"@id\":\"https:\\\/\\\/www.ghostysky.com\\\/product\\\/unitree-r1-edu-u1\\\/#primaryimage\"},\"thumbnailUrl\":\"https:\\\/\\\/www.ghostysky.com\\\/wp-content\\\/uploads\\\/2025\\\/10\\\/GH_R1-Basic-Version_1.jpg\",\"datePublished\":\"2025-10-17T06:29:38+00:00\",\"dateModified\":\"2026-03-19T12:04:35+00:00\",\"description\":\"The Unitree R1 EDU Standard (U1) is a high-performance, general-purpose humanoid robot designed to bridge the gap between advanced robotics research and real-world application. As part of Unitree\u2019s \\\"Universal Humanoid\\\" evolution, the R1 (also known as the G1 in its consumer-facing iteration) is built for agility, intelligence, and durability.The \\\"EDU\\\" designation means this version is specifically unlocked and optimized for secondary development, making it the gold standard for universities, AI labs, and tech innovators.\",\"breadcrumb\":{\"@id\":\"https:\\\/\\\/www.ghostysky.com\\\/product\\\/unitree-r1-edu-u1\\\/#breadcrumb\"},\"inLanguage\":\"pt-PT\",\"potentialAction\":[{\"@type\":\"ReadAction\",\"target\":[\"https:\\\/\\\/www.ghostysky.com\\\/product\\\/unitree-r1-edu-u1\\\/\"]}]},{\"@type\":\"ImageObject\",\"inLanguage\":\"pt-PT\",\"@id\":\"https:\\\/\\\/www.ghostysky.com\\\/product\\\/unitree-r1-edu-u1\\\/#primaryimage\",\"url\":\"https:\\\/\\\/www.ghostysky.com\\\/wp-content\\\/uploads\\\/2025\\\/10\\\/GH_R1-Basic-Version_1.jpg\",\"contentUrl\":\"https:\\\/\\\/www.ghostysky.com\\\/wp-content\\\/uploads\\\/2025\\\/10\\\/GH_R1-Basic-Version_1.jpg\",\"width\":225,\"height\":225},{\"@type\":\"BreadcrumbList\",\"@id\":\"https:\\\/\\\/www.ghostysky.com\\\/product\\\/unitree-r1-edu-u1\\\/#breadcrumb\",\"itemListElement\":[{\"@type\":\"ListItem\",\"position\":1,\"name\":\"Home\",\"item\":\"https:\\\/\\\/www.ghostysky.com\\\/\"},{\"@type\":\"ListItem\",\"position\":2,\"name\":\"Shop\",\"item\":\"https:\\\/\\\/www.ghostysky.com\\\/shop\\\/\"},{\"@type\":\"ListItem\",\"position\":3,\"name\":\"Unitree R1 EDU Standard (U1)\"}]},{\"@type\":\"WebSite\",\"@id\":\"https:\\\/\\\/www.ghostysky.com\\\/#website\",\"url\":\"https:\\\/\\\/www.ghostysky.com\\\/\",\"name\":\"Ghostysky\",\"description\":\"Delivering professional drones and robotics solutions\",\"publisher\":{\"@id\":\"https:\\\/\\\/www.ghostysky.com\\\/#organization\"},\"potentialAction\":[{\"@type\":\"SearchAction\",\"target\":{\"@type\":\"EntryPoint\",\"urlTemplate\":\"https:\\\/\\\/www.ghostysky.com\\\/?s={search_term_string}\"},\"query-input\":{\"@type\":\"PropertyValueSpecification\",\"valueRequired\":true,\"valueName\":\"search_term_string\"}}],\"inLanguage\":\"pt-PT\"},{\"@type\":\"Organization\",\"@id\":\"https:\\\/\\\/www.ghostysky.com\\\/#organization\",\"name\":\"Ghostysky\",\"url\":\"https:\\\/\\\/www.ghostysky.com\\\/\",\"logo\":{\"@type\":\"ImageObject\",\"inLanguage\":\"pt-PT\",\"@id\":\"https:\\\/\\\/www.ghostysky.com\\\/#\\\/schema\\\/logo\\\/image\\\/\",\"url\":\"https:\\\/\\\/www.ghostysky.com\\\/wp-content\\\/uploads\\\/2020\\\/06\\\/cropped-ghostyskylogo_text_white2.png\",\"contentUrl\":\"https:\\\/\\\/www.ghostysky.com\\\/wp-content\\\/uploads\\\/2020\\\/06\\\/cropped-ghostyskylogo_text_white2.png\",\"width\":169,\"height\":56,\"caption\":\"Ghostysky\"},\"image\":{\"@id\":\"https:\\\/\\\/www.ghostysky.com\\\/#\\\/schema\\\/logo\\\/image\\\/\"},\"sameAs\":[\"https:\\\/\\\/www.facebook.com\\\/people\\\/Ghostysky\\\/100057676170234\\\/\",\"https:\\\/\\\/x.com\\\/Gh0stysky\",\"https:\\\/\\\/www.linkedin.com\\\/company\\\/34739653\",\"https:\\\/\\\/www.instagram.com\\\/gh0stysky\"]}]}<\/script>\n<!-- \/ Yoast SEO plugin. -->","yoast_head_json":{"title":"Padr\u00e3o Unitree R1 EDU (U1) - Ghostysky","description":"O Unitree R1 EDU Standard (U1) \u00e9 um rob\u00f4 humanoide de alto desempenho e uso geral, projetado para preencher a lacuna entre a pesquisa avan\u00e7ada em rob\u00f3tica e a aplica\u00e7\u00e3o no mundo real. Como parte da evolu\u00e7\u00e3o do &quot;Humanoide Universal&quot; da Unitree, o R1 (tamb\u00e9m conhecido como G1 em sua vers\u00e3o voltada para o consumidor) foi constru\u00eddo para agilidade, intelig\u00eancia e durabilidade. A designa\u00e7\u00e3o &quot;EDU&quot; significa que esta vers\u00e3o \u00e9 especificamente desbloqueada e otimizada para desenvolvimento secund\u00e1rio, tornando-a o padr\u00e3o ouro para universidades, laborat\u00f3rios de IA e inovadores tecnol\u00f3gicos.","robots":{"index":"index","follow":"follow","max-snippet":"max-snippet:-1","max-image-preview":"max-image-preview:large","max-video-preview":"max-video-preview:-1"},"canonical":"https:\/\/www.ghostysky.com\/pt\/produto-2\/unitree-r1-edu-u1\/","og_locale":"pt_PT","og_type":"article","og_title":"Unitree R1 EDU Standard (U1) - Ghostysky","og_description":"The Unitree R1 EDU Standard (U1) is a high-performance, general-purpose humanoid robot designed to bridge the gap between advanced robotics research and real-world application. As part of Unitree\u2019s \"Universal Humanoid\" evolution, the R1 (also known as the G1 in its consumer-facing iteration) is built for agility, intelligence, and durability.The \"EDU\" designation means this version is specifically unlocked and optimized for secondary development, making it the gold standard for universities, AI labs, and tech innovators.","og_url":"https:\/\/www.ghostysky.com\/pt\/produto-2\/unitree-r1-edu-u1\/","og_site_name":"Ghostysky","article_publisher":"https:\/\/www.facebook.com\/people\/Ghostysky\/100057676170234\/","article_modified_time":"2026-03-19T12:04:35+00:00","og_image":[{"width":225,"height":225,"url":"https:\/\/www.ghostysky.com\/wp-content\/uploads\/2025\/10\/GH_R1-Basic-Version_1.jpg","type":"image\/jpeg"}],"twitter_card":"summary_large_image","twitter_site":"@Gh0stysky","twitter_misc":{"Tempo estimado de leitura":"2 minutos"},"schema":{"@context":"https:\/\/schema.org","@graph":[{"@type":"WebPage","@id":"https:\/\/www.ghostysky.com\/product\/unitree-r1-edu-u1\/","url":"https:\/\/www.ghostysky.com\/product\/unitree-r1-edu-u1\/","name":"Padr\u00e3o Unitree R1 EDU (U1) - Ghostysky","isPartOf":{"@id":"https:\/\/www.ghostysky.com\/#website"},"primaryImageOfPage":{"@id":"https:\/\/www.ghostysky.com\/product\/unitree-r1-edu-u1\/#primaryimage"},"image":{"@id":"https:\/\/www.ghostysky.com\/product\/unitree-r1-edu-u1\/#primaryimage"},"thumbnailUrl":"https:\/\/www.ghostysky.com\/wp-content\/uploads\/2025\/10\/GH_R1-Basic-Version_1.jpg","datePublished":"2025-10-17T06:29:38+00:00","dateModified":"2026-03-19T12:04:35+00:00","description":"O Unitree R1 EDU Standard (U1) \u00e9 um rob\u00f4 humanoide de alto desempenho e uso geral, projetado para preencher a lacuna entre a pesquisa avan\u00e7ada em rob\u00f3tica e a aplica\u00e7\u00e3o no mundo real. Como parte da evolu\u00e7\u00e3o do &quot;Humanoide Universal&quot; da Unitree, o R1 (tamb\u00e9m conhecido como G1 em sua vers\u00e3o voltada para o consumidor) foi constru\u00eddo para agilidade, intelig\u00eancia e durabilidade. A designa\u00e7\u00e3o &quot;EDU&quot; significa que esta vers\u00e3o \u00e9 especificamente desbloqueada e otimizada para desenvolvimento secund\u00e1rio, tornando-a o padr\u00e3o ouro para universidades, laborat\u00f3rios de IA e inovadores tecnol\u00f3gicos.","breadcrumb":{"@id":"https:\/\/www.ghostysky.com\/product\/unitree-r1-edu-u1\/#breadcrumb"},"inLanguage":"pt-PT","potentialAction":[{"@type":"ReadAction","target":["https:\/\/www.ghostysky.com\/product\/unitree-r1-edu-u1\/"]}]},{"@type":"ImageObject","inLanguage":"pt-PT","@id":"https:\/\/www.ghostysky.com\/product\/unitree-r1-edu-u1\/#primaryimage","url":"https:\/\/www.ghostysky.com\/wp-content\/uploads\/2025\/10\/GH_R1-Basic-Version_1.jpg","contentUrl":"https:\/\/www.ghostysky.com\/wp-content\/uploads\/2025\/10\/GH_R1-Basic-Version_1.jpg","width":225,"height":225},{"@type":"BreadcrumbList","@id":"https:\/\/www.ghostysky.com\/product\/unitree-r1-edu-u1\/#breadcrumb","itemListElement":[{"@type":"ListItem","position":1,"name":"Home","item":"https:\/\/www.ghostysky.com\/"},{"@type":"ListItem","position":2,"name":"Shop","item":"https:\/\/www.ghostysky.com\/shop\/"},{"@type":"ListItem","position":3,"name":"Unitree R1 EDU Standard (U1)"}]},{"@type":"WebSite","@id":"https:\/\/www.ghostysky.com\/#website","url":"https:\/\/www.ghostysky.com\/","name":"Ghostysky","description":"Fornecendo solu\u00e7\u00f5es profissionais em drones e rob\u00f3tica.","publisher":{"@id":"https:\/\/www.ghostysky.com\/#organization"},"potentialAction":[{"@type":"SearchAction","target":{"@type":"EntryPoint","urlTemplate":"https:\/\/www.ghostysky.com\/?s={search_term_string}"},"query-input":{"@type":"PropertyValueSpecification","valueRequired":true,"valueName":"search_term_string"}}],"inLanguage":"pt-PT"},{"@type":"Organization","@id":"https:\/\/www.ghostysky.com\/#organization","name":"Ghostysky","url":"https:\/\/www.ghostysky.com\/","logo":{"@type":"ImageObject","inLanguage":"pt-PT","@id":"https:\/\/www.ghostysky.com\/#\/schema\/logo\/image\/","url":"https:\/\/www.ghostysky.com\/wp-content\/uploads\/2020\/06\/cropped-ghostyskylogo_text_white2.png","contentUrl":"https:\/\/www.ghostysky.com\/wp-content\/uploads\/2020\/06\/cropped-ghostyskylogo_text_white2.png","width":169,"height":56,"caption":"Ghostysky"},"image":{"@id":"https:\/\/www.ghostysky.com\/#\/schema\/logo\/image\/"},"sameAs":["https:\/\/www.facebook.com\/people\/Ghostysky\/100057676170234\/","https:\/\/x.com\/Gh0stysky","https:\/\/www.linkedin.com\/company\/34739653","https:\/\/www.instagram.com\/gh0stysky"]}]}},"_links":{"self":[{"href":"https:\/\/www.ghostysky.com\/pt\/wp-json\/wp\/v2\/product\/21563","targetHints":{"allow":["GET"]}}],"collection":[{"href":"https:\/\/www.ghostysky.com\/pt\/wp-json\/wp\/v2\/product"}],"about":[{"href":"https:\/\/www.ghostysky.com\/pt\/wp-json\/wp\/v2\/types\/product"}],"replies":[{"embeddable":true,"href":"https:\/\/www.ghostysky.com\/pt\/wp-json\/wp\/v2\/comments?post=21563"}],"version-history":[{"count":1,"href":"https:\/\/www.ghostysky.com\/pt\/wp-json\/wp\/v2\/product\/21563\/revisions"}],"predecessor-version":[{"id":24437,"href":"https:\/\/www.ghostysky.com\/pt\/wp-json\/wp\/v2\/product\/21563\/revisions\/24437"}],"wp:featuredmedia":[{"embeddable":true,"href":"https:\/\/www.ghostysky.com\/pt\/wp-json\/wp\/v2\/media\/21562"}],"wp:attachment":[{"href":"https:\/\/www.ghostysky.com\/pt\/wp-json\/wp\/v2\/media?parent=21563"}],"wp:term":[{"taxonomy":"product_brand","embeddable":true,"href":"https:\/\/www.ghostysky.com\/pt\/wp-json\/wp\/v2\/product_brand?post=21563"},{"taxonomy":"product_cat","embeddable":true,"href":"https:\/\/www.ghostysky.com\/pt\/wp-json\/wp\/v2\/product_cat?post=21563"},{"taxonomy":"product_tag","embeddable":true,"href":"https:\/\/www.ghostysky.com\/pt\/wp-json\/wp\/v2\/product_tag?post=21563"}],"curies":[{"name":"wp","href":"https:\/\/api.w.org\/{rel}","templated":true}]}}