{"id":21564,"date":"2025-10-17T06:33:19","date_gmt":"2025-10-17T06:33:19","guid":{"rendered":"https:\/\/www.ghostysky.com\/?post_type=product&#038;p=21564"},"modified":"2026-03-20T11:30:53","modified_gmt":"2026-03-20T11:30:53","slug":"unitree-r1-edu-u2","status":"publish","type":"product","link":"https:\/\/www.ghostysky.com\/pt\/product\/unitree-r1-edu-u2\/","title":{"rendered":"Unitree R1 Edu Smart (U2)"},"content":{"rendered":"<div id=\"model-response-message-contentr_ac6a3d62169ccad2\" class=\"markdown markdown-main-panel stronger enable-updated-hr-color\" dir=\"ltr\">\n<div id=\"model-response-message-contentr_ec72f52c99aa473d\" class=\"markdown markdown-main-panel stronger enable-updated-hr-color\" dir=\"ltr\">\n<h3 data-path-to-node=\"3\">Principais recursos e capacidades<\/h3>\n<ul data-path-to-node=\"4\">\n<li>\n<p id=\"p-rc_9c59a3d208fda979-21\" data-path-to-node=\"4,0,0\"><b data-path-to-node=\"4,0,0\" data-index-in-node=\"0\"><span class=\"citation-18\">Articula\u00e7\u00e3o avan\u00e7ada (26 graus de liberdade):<\/span><\/b><span class=\"citation-18\"> A vers\u00e3o do U2 apresenta <\/span><b data-path-to-node=\"4,0,0\" data-index-in-node=\"56\"><span class=\"citation-18\">26 graus de liberdade<\/span><\/b><span class=\"citation-18\">, incluindo um <\/span><b data-path-to-node=\"4,0,0\" data-index-in-node=\"91\"><span class=\"citation-18\">pesco\u00e7o de 2 graus de liberdade<\/span><\/b><span class=\"citation-18 citation-end-18\">, que est\u00e1 ausente na vers\u00e3o Air.<\/span> <span class=\"citation-17 citation-end-17\">Isso permite movimentos de cabe\u00e7a mais semelhantes aos humanos e uma melhor varredura do ambiente.<\/span><\/p>\n<\/li>\n<li>\n<p id=\"p-rc_9c59a3d208fda979-22\" data-path-to-node=\"4,1,0\"><b data-path-to-node=\"4,1,0\" data-index-in-node=\"0\"><span class=\"citation-16\">C\u00e9rebro de IA de Alto Desempenho:<\/span><\/b><span class=\"citation-16\"> Ele \u00e9 equipado com uma CPU de 8 n\u00facleos e uma op\u00e7\u00e3o <\/span><b data-path-to-node=\"4,1,0\" data-index-in-node=\"77\"><span class=\"citation-16\">NVIDIA Jetson Orin<\/span><\/b><span class=\"citation-16\"> m\u00f3dulo, fornecendo at\u00e9 <\/span><b data-path-to-node=\"4,1,0\" data-index-in-node=\"121\"><span class=\"citation-16\">100 TOPS<\/span><\/b><span class=\"citation-16 citation-end-16\"> do poder de computa\u00e7\u00e3o da IA.<\/span> Isso possibilita o processamento em tempo real para aprendizado profundo, vis\u00e3o computacional e intera\u00e7\u00f5es de Modelos Multimodais de Grande Porte (LMM).<\/p>\n<\/li>\n<li>\n<p id=\"p-rc_9c59a3d208fda979-23\" data-path-to-node=\"4,2,0\"><b data-path-to-node=\"4,2,0\" data-index-in-node=\"0\">Su\u00edte Percep\u00e7\u00e3o:<\/b><span class=\"citation-15\"> O rob\u00f4 usa um <\/span><b data-path-to-node=\"4,2,0\" data-index-in-node=\"35\"><span class=\"citation-15\">c\u00e2mera binocular humanoide<\/span><\/b><span class=\"citation-15 citation-end-15\"> Para percep\u00e7\u00e3o de profundidade 3D e vis\u00e3o ultra grande angular, combinado com um conjunto de 4 microfones e alto-falantes est\u00e9reo para intera\u00e7\u00e3o por voz.<\/span><\/p>\n<\/li>\n<li>\n<p id=\"p-rc_9c59a3d208fda979-24\" data-path-to-node=\"4,3,0\"><b data-path-to-node=\"4,3,0\" data-index-in-node=\"0\"><span class=\"citation-14\">Desenvolvimento Secund\u00e1rio (Exclusivo para Educa\u00e7\u00e3o):<\/span><\/b><span class=\"citation-14\"> A designa\u00e7\u00e3o \u201cEdu\u201d significa que suporta programa\u00e7\u00e3o de alto e baixo n\u00edvel por meio de <\/span><b data-path-to-node=\"4,3,0\" data-index-in-node=\"120\"><span class=\"citation-14\">ROS, Python e C++<\/span><\/b><span class=\"citation-14 citation-end-14\">, permitindo que os pesquisadores escrevam seus pr\u00f3prios algoritmos de controle.<\/span><\/p>\n<div class=\"source-inline-chip-container ng-star-inserted\"><\/div>\n<\/li>\n<\/ul>\n<h3 data-path-to-node=\"6\">Especifica\u00e7\u00f5es t\u00e9cnicas<\/h3>\n<table data-path-to-node=\"7\">\n<thead>\n<tr>\n<td><strong>Recurso<\/strong><\/td>\n<td><strong>Especifica\u00e7\u00f5es<\/strong><\/td>\n<\/tr>\n<\/thead>\n<tbody>\n<tr>\n<td><span data-path-to-node=\"7,1,0,0\"><b data-path-to-node=\"7,1,0,0\" data-index-in-node=\"0\">Altura \/ Peso<\/b><\/span><\/td>\n<td><span data-path-to-node=\"7,1,1,0\">121 cm \/ aprox. 29 kg<\/span><\/td>\n<\/tr>\n<tr>\n<td><span data-path-to-node=\"7,2,0,0\"><b data-path-to-node=\"7,2,0,0\" data-index-in-node=\"0\">Graus de Liberdade<\/b><\/span><\/td>\n<td><span data-path-to-node=\"7,2,1,0\">26 (Pernas: 12, Bra\u00e7os: 10, Cintura: 2, Cabe\u00e7a: 2)<\/span><\/td>\n<\/tr>\n<tr>\n<td><span data-path-to-node=\"7,3,0,0\"><b data-path-to-node=\"7,3,0,0\" data-index-in-node=\"0\">Carga \u00fatil m\u00e1xima<\/b><\/span><\/td>\n<td><span data-path-to-node=\"7,3,1,0\">Aproximadamente 2 kg por bra\u00e7o<\/span><\/td>\n<\/tr>\n<tr>\n<td><span data-path-to-node=\"7,4,0,0\"><b data-path-to-node=\"7,4,0,0\" data-index-in-node=\"0\">Poder computacional<\/b><\/span><\/td>\n<td><span data-path-to-node=\"7,4,1,0\">CPU de alto desempenho com 8 n\u00facleos + Jetson Orin opcional (40\u2013100 TOPS)<\/span><\/td>\n<\/tr>\n<tr>\n<td><span data-path-to-node=\"7,5,0,0\"><b data-path-to-node=\"7,5,0,0\" data-index-in-node=\"0\">Sensores<\/b><\/span><\/td>\n<td><span data-path-to-node=\"7,5,1,0\">C\u00e2mera de profundidade binocular, conjunto de 4 microfones, codificadores duplos por articula\u00e7\u00e3o<\/span><\/td>\n<\/tr>\n<tr>\n<td><span data-path-to-node=\"7,6,0,0\"><b data-path-to-node=\"7,6,0,0\" data-index-in-node=\"0\">Dura\u00e7\u00e3o da bateria<\/b><\/span><\/td>\n<td><span data-path-to-node=\"7,6,1,0\">Aproximadamente 1 hora (bateria de l\u00edtio de libera\u00e7\u00e3o r\u00e1pida)<\/span><\/td>\n<\/tr>\n<tr>\n<td><span data-path-to-node=\"7,7,0,0\"><b data-path-to-node=\"7,7,0,0\" data-index-in-node=\"0\">Conectividade<\/b><\/span><\/td>\n<td><span data-path-to-node=\"7,7,1,0\">Wi-Fi 6, Bluetooth 5.2<\/span><\/td>\n<\/tr>\n<\/tbody>\n<\/table>\n<\/div>\n<\/div>\n<p>&nbsp;<\/p>\n<p>&nbsp;<\/p>\n<div id=\"model-response-message-contentr_ac6a3d62169ccad2\" class=\"markdown markdown-main-panel stronger enable-updated-hr-color\" dir=\"ltr\">\n<div id=\"model-response-message-contentr_ec72f52c99aa473d\" class=\"markdown markdown-main-panel stronger enable-updated-hr-color\" dir=\"ltr\">\n<h3 data-path-to-node=\"9\">Por que escolher a vers\u00e3o inteligente do U2?<\/h3>\n<p data-path-to-node=\"10\">O U2 \u00e9 a op\u00e7\u00e3o ideal para quem precisa de um humanoide program\u00e1vel, mas n\u00e3o necessita das m\u00e3os \u00e1geis e sofisticadas dos modelos Pro (U3\u2013U6). Ele foi projetado para oferecer o melhor desempenho:<\/p>\n<ul data-path-to-node=\"11\">\n<li>\n<p id=\"p-rc_9c59a3d208fda979-25\" data-path-to-node=\"11,0,0\"><b data-path-to-node=\"11,0,0\" data-index-in-node=\"0\"><span class=\"citation-13\">Locomo\u00e7\u00e3o din\u00e2mica:<\/span><\/b><span class=\"citation-13 citation-end-13\"> Capaz de correr, saltar e recuperar de quedas.<\/span><\/p>\n<\/li>\n<li>\n<p id=\"p-rc_9c59a3d208fda979-26\" data-path-to-node=\"11,1,0\"><b data-path-to-node=\"11,1,0\" data-index-in-node=\"0\"><span class=\"citation-12\">Intera\u00e7\u00e3o com IA:<\/span><\/b><span class=\"citation-12 citation-end-12\"> Pode ser integrado a modelos do tipo ChatGPT para responder a comandos de voz e reconhecer objetos.<\/span><\/p>\n<\/li>\n<li>\n<p data-path-to-node=\"11,2,0\"><b data-path-to-node=\"11,2,0\" data-index-in-node=\"0\">Suporte de simula\u00e7\u00e3o:<\/b> Totalmente compat\u00edvel com plataformas como o NVIDIA Isaac Gym para treinar modelos de aprendizado por refor\u00e7o antes de implant\u00e1-los no rob\u00f4 f\u00edsico.<\/p>\n<\/li>\n<\/ul>\n<blockquote data-path-to-node=\"12\">\n<p id=\"p-rc_9c59a3d208fda979-27\" data-path-to-node=\"12,0\"><b data-path-to-node=\"12,0\" data-index-in-node=\"0\"><span class=\"citation-11\">Observa\u00e7\u00e3o:<\/span><\/b><span class=\"citation-11 citation-end-11\"> A partir do in\u00edcio de 2026, a s\u00e9rie R1 come\u00e7ar\u00e1 a ser entregue em fases.<\/span> Se voc\u00ea procura uma unidade para implanta\u00e7\u00e3o imediata com especifica\u00e7\u00f5es ainda mais avan\u00e7adas (como LiDAR 3D), talvez tamb\u00e9m deva considerar o <b data-path-to-node=\"12,0\" data-index-in-node=\"194\">Unitree G1<\/b>.<\/p>\n<\/blockquote>\n<\/div>\n<\/div>","protected":false},"excerpt":{"rendered":"<p class=\"first-token\" data-path-to-node=\"0\"><span class=\"\">O <\/span><b class=\"\" data-path-to-node=\"0\" data-index-in-node=\"4\">Unitree R1 Edu Smart (U2)<\/b><span class=\"\"> \u00e9 especializado,<\/span><span class=\"\"> Vers\u00e3o educacional de n\u00edvel intermedi\u00e1rio da s\u00e9rie de rob\u00f4s humanoides R1.<\/span><span class=\"\"> Posicionado como uma \u201cponte\u201d entre o R1 Air de n\u00edvel b\u00e1sico e o G1 de alto desempenho,<\/span><span class=\"\"> O U2 foi projetado especificamente para laborat\u00f3rios de pesquisa.,<\/span><span class=\"\"> desenvolvedores de IA,<\/span><span class=\"\"> e educa\u00e7\u00e3o STEM avan\u00e7ada.<\/span><\/p>\n<p data-path-to-node=\"1\"><span class=\"\">Ao contr\u00e1rio do modelo b\u00e1sico focado no consumidor,<\/span><span class=\"\"> A variante \u201cSmart U2\u201d fornece o hardware necess\u00e1rio e o software de acesso aberto para desenvolver comportamentos de IA personalizados.<\/span><\/p>","protected":false},"featured_media":21562,"comment_status":"open","ping_status":"closed","template":"","meta":[],"product_brand":[1087],"product_cat":[1038,1037,1103],"product_tag":[1088,1105,1112,1113],"class_list":{"0":"post-21564","1":"product","2":"type-product","3":"status-publish","4":"has-post-thumbnail","6":"product_brand-unitree","7":"product_cat-humanoid","8":"product_cat-robotics","9":"product_cat-unitree-hum-robots","10":"product_tag-unitree","11":"product_tag-unitree-humanoid","12":"product_tag-unitree-r1","13":"product_tag-unitree-r1-series","15":"first","16":"onbackorder","17":"taxable","18":"shipping-taxable","19":"purchasable","20":"product-type-simple"},"yoast_head":"<!-- This site is optimized with the Yoast SEO plugin v27.4 - https:\/\/yoast.com\/product\/yoast-seo-wordpress\/ -->\n<title>Unitree R1 Edu Smart (U2) - Ghostysky<\/title>\n<meta name=\"description\" content=\"The Unitree R1 Edu Smart (U2) is a specialized, mid-tier education version of the R1 humanoid series. Positioned as a &quot;bridge&quot; between the entry-level R1 Air and the high-performance G1, the U2 is designed specifically for research labs, AI developers, and advanced STEM education.Unlike the consumer-focused base model, the &quot;Smart U2&quot; variant provides the necessary hardware and open-access software to develop custom AI behaviors.\" \/>\n<meta name=\"robots\" content=\"index, follow, max-snippet:-1, max-image-preview:large, max-video-preview:-1\" \/>\n<link rel=\"canonical\" href=\"https:\/\/www.ghostysky.com\/pt\/produto-2\/unitree-r1-edu-u2\/\" \/>\n<meta property=\"og:locale\" content=\"pt_PT\" \/>\n<meta property=\"og:type\" content=\"article\" \/>\n<meta property=\"og:title\" content=\"Unitree R1 Edu Smart (U2) - Ghostysky\" \/>\n<meta property=\"og:description\" content=\"The Unitree R1 Edu Smart (U2) is a specialized, mid-tier education version of the R1 humanoid series. Positioned as a &quot;bridge&quot; between the entry-level R1 Air and the high-performance G1, the U2 is designed specifically for research labs, AI developers, and advanced STEM education.Unlike the consumer-focused base model, the &quot;Smart U2&quot; variant provides the necessary hardware and open-access software to develop custom AI behaviors.\" \/>\n<meta property=\"og:url\" content=\"https:\/\/www.ghostysky.com\/pt\/produto-2\/unitree-r1-edu-u2\/\" \/>\n<meta property=\"og:site_name\" content=\"Ghostysky\" \/>\n<meta property=\"article:publisher\" content=\"https:\/\/www.facebook.com\/people\/Ghostysky\/100057676170234\/\" \/>\n<meta property=\"article:modified_time\" content=\"2026-03-20T11:30:53+00:00\" \/>\n<meta property=\"og:image\" content=\"https:\/\/www.ghostysky.com\/wp-content\/uploads\/2025\/10\/GH_R1-Basic-Version_1.jpg\" \/>\n\t<meta property=\"og:image:width\" content=\"225\" \/>\n\t<meta property=\"og:image:height\" content=\"225\" \/>\n\t<meta property=\"og:image:type\" content=\"image\/jpeg\" \/>\n<meta name=\"twitter:card\" content=\"summary_large_image\" \/>\n<meta name=\"twitter:site\" content=\"@Gh0stysky\" \/>\n<meta name=\"twitter:label1\" content=\"Tempo estimado de leitura\" \/>\n\t<meta name=\"twitter:data1\" content=\"2 minutos\" \/>\n<script type=\"application\/ld+json\" class=\"yoast-schema-graph\">{\"@context\":\"https:\\\/\\\/schema.org\",\"@graph\":[{\"@type\":\"WebPage\",\"@id\":\"https:\\\/\\\/www.ghostysky.com\\\/product\\\/unitree-r1-edu-u2\\\/\",\"url\":\"https:\\\/\\\/www.ghostysky.com\\\/product\\\/unitree-r1-edu-u2\\\/\",\"name\":\"Unitree R1 Edu Smart (U2) - Ghostysky\",\"isPartOf\":{\"@id\":\"https:\\\/\\\/www.ghostysky.com\\\/#website\"},\"primaryImageOfPage\":{\"@id\":\"https:\\\/\\\/www.ghostysky.com\\\/product\\\/unitree-r1-edu-u2\\\/#primaryimage\"},\"image\":{\"@id\":\"https:\\\/\\\/www.ghostysky.com\\\/product\\\/unitree-r1-edu-u2\\\/#primaryimage\"},\"thumbnailUrl\":\"https:\\\/\\\/www.ghostysky.com\\\/wp-content\\\/uploads\\\/2025\\\/10\\\/GH_R1-Basic-Version_1.jpg\",\"datePublished\":\"2025-10-17T06:33:19+00:00\",\"dateModified\":\"2026-03-20T11:30:53+00:00\",\"description\":\"The Unitree R1 Edu Smart (U2) is a specialized, mid-tier education version of the R1 humanoid series. Positioned as a \\\"bridge\\\" between the entry-level R1 Air and the high-performance G1, the U2 is designed specifically for research labs, AI developers, and advanced STEM education.Unlike the consumer-focused base model, the \\\"Smart U2\\\" variant provides the necessary hardware and open-access software to develop custom AI behaviors.\",\"breadcrumb\":{\"@id\":\"https:\\\/\\\/www.ghostysky.com\\\/product\\\/unitree-r1-edu-u2\\\/#breadcrumb\"},\"inLanguage\":\"pt-PT\",\"potentialAction\":[{\"@type\":\"ReadAction\",\"target\":[\"https:\\\/\\\/www.ghostysky.com\\\/product\\\/unitree-r1-edu-u2\\\/\"]}]},{\"@type\":\"ImageObject\",\"inLanguage\":\"pt-PT\",\"@id\":\"https:\\\/\\\/www.ghostysky.com\\\/product\\\/unitree-r1-edu-u2\\\/#primaryimage\",\"url\":\"https:\\\/\\\/www.ghostysky.com\\\/wp-content\\\/uploads\\\/2025\\\/10\\\/GH_R1-Basic-Version_1.jpg\",\"contentUrl\":\"https:\\\/\\\/www.ghostysky.com\\\/wp-content\\\/uploads\\\/2025\\\/10\\\/GH_R1-Basic-Version_1.jpg\",\"width\":225,\"height\":225},{\"@type\":\"BreadcrumbList\",\"@id\":\"https:\\\/\\\/www.ghostysky.com\\\/product\\\/unitree-r1-edu-u2\\\/#breadcrumb\",\"itemListElement\":[{\"@type\":\"ListItem\",\"position\":1,\"name\":\"Home\",\"item\":\"https:\\\/\\\/www.ghostysky.com\\\/\"},{\"@type\":\"ListItem\",\"position\":2,\"name\":\"Shop\",\"item\":\"https:\\\/\\\/www.ghostysky.com\\\/shop\\\/\"},{\"@type\":\"ListItem\",\"position\":3,\"name\":\"Unitree R1 Edu Smart (U2)\"}]},{\"@type\":\"WebSite\",\"@id\":\"https:\\\/\\\/www.ghostysky.com\\\/#website\",\"url\":\"https:\\\/\\\/www.ghostysky.com\\\/\",\"name\":\"Ghostysky\",\"description\":\"Delivering professional drones and services\",\"publisher\":{\"@id\":\"https:\\\/\\\/www.ghostysky.com\\\/#organization\"},\"potentialAction\":[{\"@type\":\"SearchAction\",\"target\":{\"@type\":\"EntryPoint\",\"urlTemplate\":\"https:\\\/\\\/www.ghostysky.com\\\/?s={search_term_string}\"},\"query-input\":{\"@type\":\"PropertyValueSpecification\",\"valueRequired\":true,\"valueName\":\"search_term_string\"}}],\"inLanguage\":\"pt-PT\"},{\"@type\":\"Organization\",\"@id\":\"https:\\\/\\\/www.ghostysky.com\\\/#organization\",\"name\":\"Ghostysky\",\"url\":\"https:\\\/\\\/www.ghostysky.com\\\/\",\"logo\":{\"@type\":\"ImageObject\",\"inLanguage\":\"pt-PT\",\"@id\":\"https:\\\/\\\/www.ghostysky.com\\\/#\\\/schema\\\/logo\\\/image\\\/\",\"url\":\"https:\\\/\\\/www.ghostysky.com\\\/wp-content\\\/uploads\\\/2020\\\/06\\\/cropped-ghostyskylogo_text_white2.png\",\"contentUrl\":\"https:\\\/\\\/www.ghostysky.com\\\/wp-content\\\/uploads\\\/2020\\\/06\\\/cropped-ghostyskylogo_text_white2.png\",\"width\":169,\"height\":56,\"caption\":\"Ghostysky\"},\"image\":{\"@id\":\"https:\\\/\\\/www.ghostysky.com\\\/#\\\/schema\\\/logo\\\/image\\\/\"},\"sameAs\":[\"https:\\\/\\\/www.facebook.com\\\/people\\\/Ghostysky\\\/100057676170234\\\/\",\"https:\\\/\\\/x.com\\\/Gh0stysky\",\"https:\\\/\\\/www.linkedin.com\\\/company\\\/34739653\",\"https:\\\/\\\/www.instagram.com\\\/gh0stysky\"]}]}<\/script>\n<!-- \/ Yoast SEO plugin. -->","yoast_head_json":{"title":"Unitree R1 Edu Smart (U2) - Ghostysky","description":"O Unitree R1 Edu Smart (U2) \u00e9 uma vers\u00e3o educacional especializada de n\u00edvel intermedi\u00e1rio da s\u00e9rie de humanoides R1. Posicionado como uma &quot;ponte&quot; entre o R1 Air de n\u00edvel b\u00e1sico e o G1 de alto desempenho, o U2 foi projetado especificamente para laborat\u00f3rios de pesquisa, desenvolvedores de IA e educa\u00e7\u00e3o STEM avan\u00e7ada. Ao contr\u00e1rio do modelo b\u00e1sico voltado para o consumidor, a variante &quot;Smart U2&quot; fornece o hardware necess\u00e1rio e o software de acesso aberto para desenvolver comportamentos de IA personalizados.","robots":{"index":"index","follow":"follow","max-snippet":"max-snippet:-1","max-image-preview":"max-image-preview:large","max-video-preview":"max-video-preview:-1"},"canonical":"https:\/\/www.ghostysky.com\/pt\/produto-2\/unitree-r1-edu-u2\/","og_locale":"pt_PT","og_type":"article","og_title":"Unitree R1 Edu Smart (U2) - Ghostysky","og_description":"The Unitree R1 Edu Smart (U2) is a specialized, mid-tier education version of the R1 humanoid series. Positioned as a \"bridge\" between the entry-level R1 Air and the high-performance G1, the U2 is designed specifically for research labs, AI developers, and advanced STEM education.Unlike the consumer-focused base model, the \"Smart U2\" variant provides the necessary hardware and open-access software to develop custom AI behaviors.","og_url":"https:\/\/www.ghostysky.com\/pt\/produto-2\/unitree-r1-edu-u2\/","og_site_name":"Ghostysky","article_publisher":"https:\/\/www.facebook.com\/people\/Ghostysky\/100057676170234\/","article_modified_time":"2026-03-20T11:30:53+00:00","og_image":[{"width":225,"height":225,"url":"https:\/\/www.ghostysky.com\/wp-content\/uploads\/2025\/10\/GH_R1-Basic-Version_1.jpg","type":"image\/jpeg"}],"twitter_card":"summary_large_image","twitter_site":"@Gh0stysky","twitter_misc":{"Tempo estimado de leitura":"2 minutos"},"schema":{"@context":"https:\/\/schema.org","@graph":[{"@type":"WebPage","@id":"https:\/\/www.ghostysky.com\/product\/unitree-r1-edu-u2\/","url":"https:\/\/www.ghostysky.com\/product\/unitree-r1-edu-u2\/","name":"Unitree R1 Edu Smart (U2) - Ghostysky","isPartOf":{"@id":"https:\/\/www.ghostysky.com\/#website"},"primaryImageOfPage":{"@id":"https:\/\/www.ghostysky.com\/product\/unitree-r1-edu-u2\/#primaryimage"},"image":{"@id":"https:\/\/www.ghostysky.com\/product\/unitree-r1-edu-u2\/#primaryimage"},"thumbnailUrl":"https:\/\/www.ghostysky.com\/wp-content\/uploads\/2025\/10\/GH_R1-Basic-Version_1.jpg","datePublished":"2025-10-17T06:33:19+00:00","dateModified":"2026-03-20T11:30:53+00:00","description":"O Unitree R1 Edu Smart (U2) \u00e9 uma vers\u00e3o educacional especializada de n\u00edvel intermedi\u00e1rio da s\u00e9rie de humanoides R1. Posicionado como uma &quot;ponte&quot; entre o R1 Air de n\u00edvel b\u00e1sico e o G1 de alto desempenho, o U2 foi projetado especificamente para laborat\u00f3rios de pesquisa, desenvolvedores de IA e educa\u00e7\u00e3o STEM avan\u00e7ada. Ao contr\u00e1rio do modelo b\u00e1sico voltado para o consumidor, a variante &quot;Smart U2&quot; fornece o hardware necess\u00e1rio e o software de acesso aberto para desenvolver comportamentos de IA personalizados.","breadcrumb":{"@id":"https:\/\/www.ghostysky.com\/product\/unitree-r1-edu-u2\/#breadcrumb"},"inLanguage":"pt-PT","potentialAction":[{"@type":"ReadAction","target":["https:\/\/www.ghostysky.com\/product\/unitree-r1-edu-u2\/"]}]},{"@type":"ImageObject","inLanguage":"pt-PT","@id":"https:\/\/www.ghostysky.com\/product\/unitree-r1-edu-u2\/#primaryimage","url":"https:\/\/www.ghostysky.com\/wp-content\/uploads\/2025\/10\/GH_R1-Basic-Version_1.jpg","contentUrl":"https:\/\/www.ghostysky.com\/wp-content\/uploads\/2025\/10\/GH_R1-Basic-Version_1.jpg","width":225,"height":225},{"@type":"BreadcrumbList","@id":"https:\/\/www.ghostysky.com\/product\/unitree-r1-edu-u2\/#breadcrumb","itemListElement":[{"@type":"ListItem","position":1,"name":"Home","item":"https:\/\/www.ghostysky.com\/"},{"@type":"ListItem","position":2,"name":"Shop","item":"https:\/\/www.ghostysky.com\/shop\/"},{"@type":"ListItem","position":3,"name":"Unitree R1 Edu Smart (U2)"}]},{"@type":"WebSite","@id":"https:\/\/www.ghostysky.com\/#website","url":"https:\/\/www.ghostysky.com\/","name":"Ghostysky","description":"Fornecendo drones e servi\u00e7os profissionais","publisher":{"@id":"https:\/\/www.ghostysky.com\/#organization"},"potentialAction":[{"@type":"SearchAction","target":{"@type":"EntryPoint","urlTemplate":"https:\/\/www.ghostysky.com\/?s={search_term_string}"},"query-input":{"@type":"PropertyValueSpecification","valueRequired":true,"valueName":"search_term_string"}}],"inLanguage":"pt-PT"},{"@type":"Organization","@id":"https:\/\/www.ghostysky.com\/#organization","name":"Ghostysky","url":"https:\/\/www.ghostysky.com\/","logo":{"@type":"ImageObject","inLanguage":"pt-PT","@id":"https:\/\/www.ghostysky.com\/#\/schema\/logo\/image\/","url":"https:\/\/www.ghostysky.com\/wp-content\/uploads\/2020\/06\/cropped-ghostyskylogo_text_white2.png","contentUrl":"https:\/\/www.ghostysky.com\/wp-content\/uploads\/2020\/06\/cropped-ghostyskylogo_text_white2.png","width":169,"height":56,"caption":"Ghostysky"},"image":{"@id":"https:\/\/www.ghostysky.com\/#\/schema\/logo\/image\/"},"sameAs":["https:\/\/www.facebook.com\/people\/Ghostysky\/100057676170234\/","https:\/\/x.com\/Gh0stysky","https:\/\/www.linkedin.com\/company\/34739653","https:\/\/www.instagram.com\/gh0stysky"]}]}},"_links":{"self":[{"href":"https:\/\/www.ghostysky.com\/pt\/wp-json\/wp\/v2\/product\/21564","targetHints":{"allow":["GET"]}}],"collection":[{"href":"https:\/\/www.ghostysky.com\/pt\/wp-json\/wp\/v2\/product"}],"about":[{"href":"https:\/\/www.ghostysky.com\/pt\/wp-json\/wp\/v2\/types\/product"}],"replies":[{"embeddable":true,"href":"https:\/\/www.ghostysky.com\/pt\/wp-json\/wp\/v2\/comments?post=21564"}],"version-history":[{"count":1,"href":"https:\/\/www.ghostysky.com\/pt\/wp-json\/wp\/v2\/product\/21564\/revisions"}],"predecessor-version":[{"id":24494,"href":"https:\/\/www.ghostysky.com\/pt\/wp-json\/wp\/v2\/product\/21564\/revisions\/24494"}],"wp:featuredmedia":[{"embeddable":true,"href":"https:\/\/www.ghostysky.com\/pt\/wp-json\/wp\/v2\/media\/21562"}],"wp:attachment":[{"href":"https:\/\/www.ghostysky.com\/pt\/wp-json\/wp\/v2\/media?parent=21564"}],"wp:term":[{"taxonomy":"product_brand","embeddable":true,"href":"https:\/\/www.ghostysky.com\/pt\/wp-json\/wp\/v2\/product_brand?post=21564"},{"taxonomy":"product_cat","embeddable":true,"href":"https:\/\/www.ghostysky.com\/pt\/wp-json\/wp\/v2\/product_cat?post=21564"},{"taxonomy":"product_tag","embeddable":true,"href":"https:\/\/www.ghostysky.com\/pt\/wp-json\/wp\/v2\/product_tag?post=21564"}],"curies":[{"name":"wp","href":"https:\/\/api.w.org\/{rel}","templated":true}]}}