{"id":21565,"date":"2025-10-17T06:36:32","date_gmt":"2025-10-17T06:36:32","guid":{"rendered":"https:\/\/www.ghostysky.com\/?post_type=product&#038;p=21565"},"modified":"2026-03-20T11:33:59","modified_gmt":"2026-03-20T11:33:59","slug":"unitree-r1-edu-u3","status":"publish","type":"product","link":"https:\/\/www.ghostysky.com\/pt\/product\/unitree-r1-edu-u3\/","title":{"rendered":"Unitree R1 Edu Pro A (U3)"},"content":{"rendered":"<div id=\"model-response-message-contentr_ac6a3d62169ccad2\" class=\"markdown markdown-main-panel stronger enable-updated-hr-color\" dir=\"ltr\">\n<div id=\"model-response-message-contentr_ec72f52c99aa473d\" class=\"markdown markdown-main-panel stronger enable-updated-hr-color\" dir=\"ltr\">\n<div id=\"model-response-message-contentr_35753a61cf4863b3\" class=\"markdown markdown-main-panel stronger enable-updated-hr-color\" dir=\"ltr\">\n<h3 data-path-to-node=\"1\">Vis\u00e3o geral principal<\/h3>\n<p id=\"p-rc_c7719494f1e005f2-40\" data-path-to-node=\"2\"><span class=\"citation-61 citation-end-61 interactive-span-hovered\">O R1 Edu Pro A \u00e9 uma plataforma b\u00edpede \u00e1gil e ultraleve.<\/span> <span class=\"citation-60\">Ao contr\u00e1rio dos modelos b\u00e1sicos R1 destinados ao entretenimento, o <\/span><b data-path-to-node=\"2\" data-index-in-node=\"125\"><span class=\"citation-60\">variante U3<\/span><\/b><span class=\"citation-60 citation-end-60\"> \u00c9 totalmente program\u00e1vel, apresentando um elevado n\u00famero de graus de liberdade (DOF) e m\u00e3os articuladas integradas para tarefas de manipula\u00e7\u00e3o complexas.<\/span><\/p>\n<\/div>\n<\/div>\n<\/div>\n<div class=\"source-inline-chip-container ng-star-inserted\"><\/div>\n<div><\/div>\n<div id=\"model-response-message-contentr_ac6a3d62169ccad2\" class=\"markdown markdown-main-panel stronger enable-updated-hr-color\" dir=\"ltr\">\n<div id=\"model-response-message-contentr_ec72f52c99aa473d\" class=\"markdown markdown-main-panel stronger enable-updated-hr-color\" dir=\"ltr\">\n<div id=\"model-response-message-contentr_35753a61cf4863b3\" class=\"markdown markdown-main-panel stronger enable-updated-hr-color\" dir=\"ltr\">\n<h3 data-path-to-node=\"4\">Especifica\u00e7\u00f5es principais<\/h3>\n<table data-path-to-node=\"5\">\n<thead>\n<tr>\n<td><strong>Recurso<\/strong><\/td>\n<td><strong>Especifica\u00e7\u00f5es<\/strong><\/td>\n<\/tr>\n<\/thead>\n<tbody>\n<tr>\n<td><span data-path-to-node=\"5,1,0,0\"><b data-path-to-node=\"5,1,0,0\" data-index-in-node=\"0\">Graus de liberdade totais<\/b><\/span><\/td>\n<td><span data-path-to-node=\"5,1,1,0\"><b data-path-to-node=\"5,1,1,0\" data-index-in-node=\"0\">40<\/b> (Inclui corpo, cabe\u00e7a e m\u00e3os)<\/span><\/td>\n<\/tr>\n<tr>\n<td><span data-path-to-node=\"5,2,0,0\"><b data-path-to-node=\"5,2,0,0\" data-index-in-node=\"0\">Altura \/ Peso<\/b><\/span><\/td>\n<td><span data-path-to-node=\"5,2,1,0\">121 cm (aproximadamente 4 p\u00e9s) \/ ~25 kg (55 libras)<\/span><\/td>\n<\/tr>\n<tr>\n<td><span data-path-to-node=\"5,3,0,0\"><b data-path-to-node=\"5,3,0,0\" data-index-in-node=\"0\">M\u00e3os h\u00e1beis<\/b><\/span><\/td>\n<td><span data-path-to-node=\"5,3,1,0\"><b data-path-to-node=\"5,3,1,0\" data-index-in-node=\"0\">2x Dex3-1<\/b> M\u00e3os de 3 dedos controladas por for\u00e7a (7 graus de liberdade por m\u00e3o)<\/span><\/td>\n<\/tr>\n<tr>\n<td><span data-path-to-node=\"5,4,0,0\"><b data-path-to-node=\"5,4,0,0\" data-index-in-node=\"0\">Poder computacional<\/b><\/span><\/td>\n<td><span data-path-to-node=\"5,4,1,0\">CPU de 8 n\u00facleos + <b data-path-to-node=\"5,4,1,0\" data-index-in-node=\"13\">NVIDIA Jetson Orin (100 TOPS)<\/b><\/span><\/td>\n<\/tr>\n<tr>\n<td><span data-path-to-node=\"5,5,0,0\"><b data-path-to-node=\"5,5,0,0\" data-index-in-node=\"0\">Vis\u00e3o e \u00e1udio<\/b><\/span><\/td>\n<td><span data-path-to-node=\"5,5,1,0\">C\u00e2mera est\u00e9reo binocular + conjunto de 4 microfones + alto-falante<\/span><\/td>\n<\/tr>\n<tr>\n<td><span data-path-to-node=\"5,6,0,0\"><b data-path-to-node=\"5,6,0,0\" data-index-in-node=\"0\">Dura\u00e7\u00e3o da bateria<\/b><\/span><\/td>\n<td><span data-path-to-node=\"5,6,1,0\">Aproximadamente 1 hora (bateria de l\u00edtio de libera\u00e7\u00e3o r\u00e1pida)<\/span><\/td>\n<\/tr>\n<tr>\n<td><span data-path-to-node=\"5,7,0,0\"><b data-path-to-node=\"5,7,0,0\" data-index-in-node=\"0\">Velocidade m\u00e1xima<\/b><\/span><\/td>\n<td><span data-path-to-node=\"5,7,1,0\">At\u00e9 9 km\/h (capacidade de corrida\/sprint)<\/span><\/td>\n<\/tr>\n<tr>\n<td><span data-path-to-node=\"5,8,0,0\"><b data-path-to-node=\"5,8,0,0\" data-index-in-node=\"0\">Conectividade<\/b><\/span><\/td>\n<td><span data-path-to-node=\"5,8,1,0\">Wi-Fi 6, Bluetooth 5.2<\/span><\/td>\n<\/tr>\n<\/tbody>\n<\/table>\n<\/div>\n<\/div>\n<\/div>\n<p>&nbsp;<\/p>\n<p>&nbsp;<\/p>\n<div id=\"model-response-message-contentr_ac6a3d62169ccad2\" class=\"markdown markdown-main-panel stronger enable-updated-hr-color\" dir=\"ltr\">\n<div id=\"model-response-message-contentr_ec72f52c99aa473d\" class=\"markdown markdown-main-panel stronger enable-updated-hr-color\" dir=\"ltr\">\n<div id=\"model-response-message-contentr_35753a61cf4863b3\" class=\"markdown markdown-main-panel stronger enable-updated-hr-color\" dir=\"ltr\">\n<h3 data-path-to-node=\"7\">Principais recursos e funcionalidades<\/h3>\n<ul data-path-to-node=\"8\">\n<li>\n<p id=\"p-rc_c7719494f1e005f2-41\" data-path-to-node=\"8,0,0\"><b data-path-to-node=\"8,0,0\" data-index-in-node=\"0\"><span class=\"citation-59\">Destreza Excepcional:<\/span><\/b><span class=\"citation-59 citation-end-59\"> Com um total de 40 articula\u00e7\u00f5es \u2014 incluindo 7 graus de liberdade por m\u00e3o \u2014 o U3 pode executar tarefas complexas como agarrar, classificar e at\u00e9 mesmo simular &quot;boxe&quot; ou fazer gestos expressivos.<\/span><\/p>\n<\/li>\n<li>\n<p id=\"p-rc_c7719494f1e005f2-42\" data-path-to-node=\"8,1,0\"><b data-path-to-node=\"8,1,0\" data-index-in-node=\"0\"><span class=\"citation-58\">Intelig\u00eancia Artificial e Intera\u00e7\u00e3o Multimodal:<\/span><\/b><span class=\"citation-58 citation-end-58\"> Integrado a um Modelo Multimodal Amplo (LMM), ele suporta reconhecimento de voz e imagem em tempo real, permitindo uma intera\u00e7\u00e3o natural entre humanos e rob\u00f4s.<\/span><\/p>\n<\/li>\n<li>\n<p id=\"p-rc_c7719494f1e005f2-43\" data-path-to-node=\"8,2,0\"><b data-path-to-node=\"8,2,0\" data-index-in-node=\"0\">Apoio ao Desenvolvimento Secund\u00e1rio:<\/b><span class=\"citation-57 citation-end-57\"> Esta \u00e9 uma m\u00e1quina pensada &quot;prioritariamente para desenvolvedores&quot;.<\/span> <span class=\"citation-56\">Ele fornece um SDK completo baseado em Linux, interfaces ROS 2 e suporta ambientes de simula\u00e7\u00e3o como... <\/span><b data-path-to-node=\"8,2,0\" data-index-in-node=\"164\"><span class=\"citation-56\">NVIDIA Isaac Sim<\/span><\/b><span class=\"citation-56 citation-end-56\">.<\/span><\/p>\n<\/li>\n<li>\n<p id=\"p-rc_c7719494f1e005f2-44\" data-path-to-node=\"8,3,0\"><b data-path-to-node=\"8,3,0\" data-index-in-node=\"0\"><span class=\"citation-55\">Mobilidade Din\u00e2mica:<\/span><\/b><span class=\"citation-55 citation-end-55\"> Apesar de sua forma humanoide, \u00e9 notavelmente atl\u00e9tico.<\/span> <span class=\"citation-54 citation-end-54\">\u00c9 capaz de realizar manobras avan\u00e7adas, como estrelas, paradas de m\u00e3o e recupera\u00e7\u00e3o r\u00e1pida de quedas.<\/span><\/p>\n<\/li>\n<li>\n<p id=\"p-rc_c7719494f1e005f2-45\" data-path-to-node=\"8,4,0\"><b data-path-to-node=\"8,4,0\" data-index-in-node=\"0\"><span class=\"citation-53\">Design personaliz\u00e1vel:<\/span><\/b><span class=\"citation-53 citation-end-53\"> O R1 apresenta um m\u00f3dulo no estilo &quot;mochila&quot; para seu c\u00e9rebro e uma estrutura modular que pode ser personalizada para diferentes est\u00e9ticas ou cargas \u00fateis de sensores.<\/span><\/p>\n<div class=\"source-inline-chip-container ng-star-inserted\"><\/div>\n<p>&nbsp;<\/li>\n<\/ul>\n<h3 data-path-to-node=\"10\">Casos de uso ideais<\/h3>\n<ol start=\"1\" data-path-to-node=\"11\">\n<li>\n<p id=\"p-rc_c7719494f1e005f2-46\" data-path-to-node=\"11,0,0\"><b data-path-to-node=\"11,0,0\" data-index-in-node=\"0\"><span class=\"citation-52\">Laborat\u00f3rios universit\u00e1rios:<\/span><\/b><span class=\"citation-52 citation-end-52\"> Ideal para ensinar Aprendizagem por Refor\u00e7o (AR) e locomo\u00e7\u00e3o b\u00edpede.<\/span><\/p>\n<\/li>\n<li>\n<p id=\"p-rc_c7719494f1e005f2-47\" data-path-to-node=\"11,1,0\"><b data-path-to-node=\"11,1,0\" data-index-in-node=\"0\">Pesquisa em IA:<\/b><span class=\"citation-51 citation-end-51\"> O Jetson Orin de 100 TOPS permite computa\u00e7\u00e3o de borda intensiva para vis\u00e3o computacional e SLAM.<\/span><\/p>\n<\/li>\n<li>\n<p id=\"p-rc_c7719494f1e005f2-48\" data-path-to-node=\"11,2,0\"><b data-path-to-node=\"11,2,0\" data-index-in-node=\"0\"><span class=\"citation-50\">Estudos de intera\u00e7\u00e3o humano-rob\u00f4:<\/span><\/b><span class=\"citation-50 citation-end-50\"> Pesquisadores da \u00e1rea de intera\u00e7\u00e3o humano-rob\u00f4 se beneficiam da cabe\u00e7a m\u00f3vel de 2 graus de liberdade (panor\u00e2mica\/inclina\u00e7\u00e3o) e das m\u00e3os expressivas.<\/span><\/p>\n<\/li>\n<\/ol>\n<blockquote data-path-to-node=\"12\">\n<p id=\"p-rc_c7719494f1e005f2-49\" data-path-to-node=\"12,0\"><b data-path-to-node=\"12,0\" data-index-in-node=\"0\">Observa\u00e7\u00e3o:<\/b><span class=\"citation-49 interactive-span-hovered\"> O \u201cPro A (U3)\u201d apresenta especificamente o <\/span><b data-path-to-node=\"12,0\" data-index-in-node=\"49\"><span class=\"citation-49 interactive-span-hovered\">M\u00e3os Dex3-1 de 3 dedos<\/span><\/b><span class=\"citation-49 citation-end-49 interactive-span-hovered\">.<\/span> <span class=\"citation-48\">Se sua pesquisa exigir manipula\u00e7\u00e3o com os cinco dedos semelhante \u00e0 humana, voc\u00ea normalmente analisaria o <\/span><i data-path-to-node=\"12,0\" data-index-in-node=\"164\"><span class=\"citation-48\">Pro C (U5)<\/span><\/i><span class=\"citation-48\"> ou <\/span><i data-path-to-node=\"12,0\" data-index-in-node=\"178\"><span class=\"citation-48\">Pro D (U6)<\/span><\/i><span class=\"citation-48 citation-end-48\"> variantes que utilizam os ponteiros Brainco Revo.<\/span><\/p>\n<\/blockquote>\n<\/div>\n<\/div>\n<\/div>","protected":false},"excerpt":{"rendered":"<p><span class=\"citation-62\">O <\/span><b data-path-to-node=\"0\" data-index-in-node=\"4\"><span class=\"citation-62\">Unitree R1 Edu Pro A (U3)<\/span><\/b><span class=\"citation-62 citation-end-62\"> \u00c9 um rob\u00f4 humanoide de m\u00e9dio porte e alto desempenho, projetado especificamente para pesquisa avan\u00e7ada, educa\u00e7\u00e3o de n\u00edvel universit\u00e1rio e desenvolvimento de IA.<\/span> Ele ocupa o topo da s\u00e9rie R1 \u201cEdu\u201d, preenchendo a lacuna entre rob\u00f4s humanoides acess\u00edveis ao consumidor e plataformas de pesquisa industrial de ponta.<\/p>","protected":false},"featured_media":21562,"comment_status":"open","ping_status":"closed","template":"","meta":[],"product_brand":[1087],"product_cat":[1038,1037,1103],"product_tag":[1088,1105,1112,1113],"class_list":{"0":"post-21565","1":"product","2":"type-product","3":"status-publish","4":"has-post-thumbnail","6":"product_brand-unitree","7":"product_cat-humanoid","8":"product_cat-robotics","9":"product_cat-unitree-hum-robots","10":"product_tag-unitree","11":"product_tag-unitree-humanoid","12":"product_tag-unitree-r1","13":"product_tag-unitree-r1-series","15":"first","16":"onbackorder","17":"taxable","18":"shipping-taxable","19":"purchasable","20":"product-type-simple"},"yoast_head":"<!-- This site is optimized with the Yoast SEO plugin v27.1.1 - https:\/\/yoast.com\/product\/yoast-seo-wordpress\/ -->\n<title>Unitree R1 Edu Pro A (U3) - Ghostysky<\/title>\n<meta name=\"description\" content=\"The Unitree R1 Edu Pro A (U3) is a high-performance, mid-sized humanoid robot designed specifically for advanced research, university-level education, and AI development. It sits at the top of the R1 &quot;Edu&quot; series, bridging the gap between affordable consumer humanoids and high-end industrial research platforms.\" \/>\n<meta name=\"robots\" content=\"index, follow, max-snippet:-1, max-image-preview:large, max-video-preview:-1\" \/>\n<link rel=\"canonical\" href=\"https:\/\/www.ghostysky.com\/pt\/produto-2\/unitree-r1-edu-u3\/\" \/>\n<meta property=\"og:locale\" content=\"pt_PT\" \/>\n<meta property=\"og:type\" content=\"article\" \/>\n<meta property=\"og:title\" content=\"Unitree R1 Edu Pro A (U3) - Ghostysky\" \/>\n<meta property=\"og:description\" content=\"The Unitree R1 Edu Pro A (U3) is a high-performance, mid-sized humanoid robot designed specifically for advanced research, university-level education, and AI development. It sits at the top of the R1 &quot;Edu&quot; series, bridging the gap between affordable consumer humanoids and high-end industrial research platforms.\" \/>\n<meta property=\"og:url\" content=\"https:\/\/www.ghostysky.com\/pt\/produto-2\/unitree-r1-edu-u3\/\" \/>\n<meta property=\"og:site_name\" content=\"Ghostysky\" \/>\n<meta property=\"article:publisher\" content=\"https:\/\/www.facebook.com\/people\/Ghostysky\/100057676170234\/\" \/>\n<meta property=\"article:modified_time\" content=\"2026-03-20T11:33:59+00:00\" \/>\n<meta property=\"og:image\" content=\"https:\/\/www.ghostysky.com\/wp-content\/uploads\/2025\/10\/GH_R1-Basic-Version_1.jpg\" \/>\n\t<meta property=\"og:image:width\" content=\"225\" \/>\n\t<meta property=\"og:image:height\" content=\"225\" \/>\n\t<meta property=\"og:image:type\" content=\"image\/jpeg\" \/>\n<meta name=\"twitter:card\" content=\"summary_large_image\" \/>\n<meta name=\"twitter:site\" content=\"@Gh0stysky\" \/>\n<meta name=\"twitter:label1\" content=\"Tempo estimado de leitura\" \/>\n\t<meta name=\"twitter:data1\" content=\"2 minutos\" \/>\n<script type=\"application\/ld+json\" class=\"yoast-schema-graph\">{\"@context\":\"https:\/\/schema.org\",\"@graph\":[{\"@type\":\"WebPage\",\"@id\":\"https:\/\/www.ghostysky.com\/product\/unitree-r1-edu-u3\/\",\"url\":\"https:\/\/www.ghostysky.com\/product\/unitree-r1-edu-u3\/\",\"name\":\"Unitree R1 Edu Pro A (U3) - Ghostysky\",\"isPartOf\":{\"@id\":\"https:\/\/www.ghostysky.com\/#website\"},\"primaryImageOfPage\":{\"@id\":\"https:\/\/www.ghostysky.com\/product\/unitree-r1-edu-u3\/#primaryimage\"},\"image\":{\"@id\":\"https:\/\/www.ghostysky.com\/product\/unitree-r1-edu-u3\/#primaryimage\"},\"thumbnailUrl\":\"https:\/\/www.ghostysky.com\/wp-content\/uploads\/2025\/10\/GH_R1-Basic-Version_1.jpg\",\"datePublished\":\"2025-10-17T06:36:32+00:00\",\"dateModified\":\"2026-03-20T11:33:59+00:00\",\"description\":\"The Unitree R1 Edu Pro A (U3) is a high-performance, mid-sized humanoid robot designed specifically for advanced research, university-level education, and AI development. It sits at the top of the R1 \\\"Edu\\\" series, bridging the gap between affordable consumer humanoids and high-end industrial research platforms.\",\"breadcrumb\":{\"@id\":\"https:\/\/www.ghostysky.com\/product\/unitree-r1-edu-u3\/#breadcrumb\"},\"inLanguage\":\"pt-PT\",\"potentialAction\":[{\"@type\":\"ReadAction\",\"target\":[\"https:\/\/www.ghostysky.com\/product\/unitree-r1-edu-u3\/\"]}]},{\"@type\":\"ImageObject\",\"inLanguage\":\"pt-PT\",\"@id\":\"https:\/\/www.ghostysky.com\/product\/unitree-r1-edu-u3\/#primaryimage\",\"url\":\"https:\/\/www.ghostysky.com\/wp-content\/uploads\/2025\/10\/GH_R1-Basic-Version_1.jpg\",\"contentUrl\":\"https:\/\/www.ghostysky.com\/wp-content\/uploads\/2025\/10\/GH_R1-Basic-Version_1.jpg\",\"width\":225,\"height\":225},{\"@type\":\"BreadcrumbList\",\"@id\":\"https:\/\/www.ghostysky.com\/product\/unitree-r1-edu-u3\/#breadcrumb\",\"itemListElement\":[{\"@type\":\"ListItem\",\"position\":1,\"name\":\"Home\",\"item\":\"https:\/\/www.ghostysky.com\/\"},{\"@type\":\"ListItem\",\"position\":2,\"name\":\"Shop\",\"item\":\"https:\/\/www.ghostysky.com\/shop\/\"},{\"@type\":\"ListItem\",\"position\":3,\"name\":\"Unitree R1 Edu Pro A (U3)\"}]},{\"@type\":\"WebSite\",\"@id\":\"https:\/\/www.ghostysky.com\/#website\",\"url\":\"https:\/\/www.ghostysky.com\/\",\"name\":\"Ghostysky\",\"description\":\"Delivering professional drones and services\",\"publisher\":{\"@id\":\"https:\/\/www.ghostysky.com\/#organization\"},\"potentialAction\":[{\"@type\":\"SearchAction\",\"target\":{\"@type\":\"EntryPoint\",\"urlTemplate\":\"https:\/\/www.ghostysky.com\/?s={search_term_string}\"},\"query-input\":{\"@type\":\"PropertyValueSpecification\",\"valueRequired\":true,\"valueName\":\"search_term_string\"}}],\"inLanguage\":\"pt-PT\"},{\"@type\":\"Organization\",\"@id\":\"https:\/\/www.ghostysky.com\/#organization\",\"name\":\"Ghostysky\",\"url\":\"https:\/\/www.ghostysky.com\/\",\"logo\":{\"@type\":\"ImageObject\",\"inLanguage\":\"pt-PT\",\"@id\":\"https:\/\/www.ghostysky.com\/#\/schema\/logo\/image\/\",\"url\":\"https:\/\/www.ghostysky.com\/wp-content\/uploads\/2020\/06\/cropped-ghostyskylogo_text_white2.png\",\"contentUrl\":\"https:\/\/www.ghostysky.com\/wp-content\/uploads\/2020\/06\/cropped-ghostyskylogo_text_white2.png\",\"width\":169,\"height\":56,\"caption\":\"Ghostysky\"},\"image\":{\"@id\":\"https:\/\/www.ghostysky.com\/#\/schema\/logo\/image\/\"},\"sameAs\":[\"https:\/\/www.facebook.com\/people\/Ghostysky\/100057676170234\/\",\"https:\/\/x.com\/Gh0stysky\",\"https:\/\/www.linkedin.com\/company\/34739653\",\"https:\/\/www.instagram.com\/gh0stysky\"]}]}<\/script>\n<!-- \/ Yoast SEO plugin. -->","yoast_head_json":{"title":"Unitree R1 Edu Pro A (U3) - Ghostysky","description":"O Unitree R1 Edu Pro A (U3) \u00e9 um rob\u00f4 humanoide de m\u00e9dio porte e alto desempenho, projetado especificamente para pesquisa avan\u00e7ada, educa\u00e7\u00e3o universit\u00e1ria e desenvolvimento de IA. Ele ocupa o topo da s\u00e9rie R1 &quot;Edu&quot;, preenchendo a lacuna entre humanoides acess\u00edveis para o consumidor e plataformas de pesquisa industrial de ponta.","robots":{"index":"index","follow":"follow","max-snippet":"max-snippet:-1","max-image-preview":"max-image-preview:large","max-video-preview":"max-video-preview:-1"},"canonical":"https:\/\/www.ghostysky.com\/pt\/produto-2\/unitree-r1-edu-u3\/","og_locale":"pt_PT","og_type":"article","og_title":"Unitree R1 Edu Pro A (U3) - Ghostysky","og_description":"The Unitree R1 Edu Pro A (U3) is a high-performance, mid-sized humanoid robot designed specifically for advanced research, university-level education, and AI development. It sits at the top of the R1 \"Edu\" series, bridging the gap between affordable consumer humanoids and high-end industrial research platforms.","og_url":"https:\/\/www.ghostysky.com\/pt\/produto-2\/unitree-r1-edu-u3\/","og_site_name":"Ghostysky","article_publisher":"https:\/\/www.facebook.com\/people\/Ghostysky\/100057676170234\/","article_modified_time":"2026-03-20T11:33:59+00:00","og_image":[{"width":225,"height":225,"url":"https:\/\/www.ghostysky.com\/wp-content\/uploads\/2025\/10\/GH_R1-Basic-Version_1.jpg","type":"image\/jpeg"}],"twitter_card":"summary_large_image","twitter_site":"@Gh0stysky","twitter_misc":{"Tempo estimado de leitura":"2 minutos"},"schema":{"@context":"https:\/\/schema.org","@graph":[{"@type":"WebPage","@id":"https:\/\/www.ghostysky.com\/product\/unitree-r1-edu-u3\/","url":"https:\/\/www.ghostysky.com\/product\/unitree-r1-edu-u3\/","name":"Unitree R1 Edu Pro A (U3) - Ghostysky","isPartOf":{"@id":"https:\/\/www.ghostysky.com\/#website"},"primaryImageOfPage":{"@id":"https:\/\/www.ghostysky.com\/product\/unitree-r1-edu-u3\/#primaryimage"},"image":{"@id":"https:\/\/www.ghostysky.com\/product\/unitree-r1-edu-u3\/#primaryimage"},"thumbnailUrl":"https:\/\/www.ghostysky.com\/wp-content\/uploads\/2025\/10\/GH_R1-Basic-Version_1.jpg","datePublished":"2025-10-17T06:36:32+00:00","dateModified":"2026-03-20T11:33:59+00:00","description":"O Unitree R1 Edu Pro A (U3) \u00e9 um rob\u00f4 humanoide de m\u00e9dio porte e alto desempenho, projetado especificamente para pesquisa avan\u00e7ada, educa\u00e7\u00e3o universit\u00e1ria e desenvolvimento de IA. Ele ocupa o topo da s\u00e9rie R1 &quot;Edu&quot;, preenchendo a lacuna entre humanoides acess\u00edveis para o consumidor e plataformas de pesquisa industrial de ponta.","breadcrumb":{"@id":"https:\/\/www.ghostysky.com\/product\/unitree-r1-edu-u3\/#breadcrumb"},"inLanguage":"pt-PT","potentialAction":[{"@type":"ReadAction","target":["https:\/\/www.ghostysky.com\/product\/unitree-r1-edu-u3\/"]}]},{"@type":"ImageObject","inLanguage":"pt-PT","@id":"https:\/\/www.ghostysky.com\/product\/unitree-r1-edu-u3\/#primaryimage","url":"https:\/\/www.ghostysky.com\/wp-content\/uploads\/2025\/10\/GH_R1-Basic-Version_1.jpg","contentUrl":"https:\/\/www.ghostysky.com\/wp-content\/uploads\/2025\/10\/GH_R1-Basic-Version_1.jpg","width":225,"height":225},{"@type":"BreadcrumbList","@id":"https:\/\/www.ghostysky.com\/product\/unitree-r1-edu-u3\/#breadcrumb","itemListElement":[{"@type":"ListItem","position":1,"name":"Home","item":"https:\/\/www.ghostysky.com\/"},{"@type":"ListItem","position":2,"name":"Shop","item":"https:\/\/www.ghostysky.com\/shop\/"},{"@type":"ListItem","position":3,"name":"Unitree R1 Edu Pro A (U3)"}]},{"@type":"WebSite","@id":"https:\/\/www.ghostysky.com\/#website","url":"https:\/\/www.ghostysky.com\/","name":"Ghostysky","description":"Fornecendo drones e servi\u00e7os profissionais","publisher":{"@id":"https:\/\/www.ghostysky.com\/#organization"},"potentialAction":[{"@type":"SearchAction","target":{"@type":"EntryPoint","urlTemplate":"https:\/\/www.ghostysky.com\/?s={search_term_string}"},"query-input":{"@type":"PropertyValueSpecification","valueRequired":true,"valueName":"search_term_string"}}],"inLanguage":"pt-PT"},{"@type":"Organization","@id":"https:\/\/www.ghostysky.com\/#organization","name":"Ghostysky","url":"https:\/\/www.ghostysky.com\/","logo":{"@type":"ImageObject","inLanguage":"pt-PT","@id":"https:\/\/www.ghostysky.com\/#\/schema\/logo\/image\/","url":"https:\/\/www.ghostysky.com\/wp-content\/uploads\/2020\/06\/cropped-ghostyskylogo_text_white2.png","contentUrl":"https:\/\/www.ghostysky.com\/wp-content\/uploads\/2020\/06\/cropped-ghostyskylogo_text_white2.png","width":169,"height":56,"caption":"Ghostysky"},"image":{"@id":"https:\/\/www.ghostysky.com\/#\/schema\/logo\/image\/"},"sameAs":["https:\/\/www.facebook.com\/people\/Ghostysky\/100057676170234\/","https:\/\/x.com\/Gh0stysky","https:\/\/www.linkedin.com\/company\/34739653","https:\/\/www.instagram.com\/gh0stysky"]}]}},"_links":{"self":[{"href":"https:\/\/www.ghostysky.com\/pt\/wp-json\/wp\/v2\/product\/21565","targetHints":{"allow":["GET"]}}],"collection":[{"href":"https:\/\/www.ghostysky.com\/pt\/wp-json\/wp\/v2\/product"}],"about":[{"href":"https:\/\/www.ghostysky.com\/pt\/wp-json\/wp\/v2\/types\/product"}],"replies":[{"embeddable":true,"href":"https:\/\/www.ghostysky.com\/pt\/wp-json\/wp\/v2\/comments?post=21565"}],"wp:featuredmedia":[{"embeddable":true,"href":"https:\/\/www.ghostysky.com\/pt\/wp-json\/wp\/v2\/media\/21562"}],"wp:attachment":[{"href":"https:\/\/www.ghostysky.com\/pt\/wp-json\/wp\/v2\/media?parent=21565"}],"wp:term":[{"taxonomy":"product_brand","embeddable":true,"href":"https:\/\/www.ghostysky.com\/pt\/wp-json\/wp\/v2\/product_brand?post=21565"},{"taxonomy":"product_cat","embeddable":true,"href":"https:\/\/www.ghostysky.com\/pt\/wp-json\/wp\/v2\/product_cat?post=21565"},{"taxonomy":"product_tag","embeddable":true,"href":"https:\/\/www.ghostysky.com\/pt\/wp-json\/wp\/v2\/product_tag?post=21565"}],"curies":[{"name":"wp","href":"https:\/\/api.w.org\/{rel}","templated":true}]}}