{"id":21568,"date":"2025-10-17T06:44:45","date_gmt":"2025-10-17T06:44:45","guid":{"rendered":"https:\/\/www.ghostysky.com\/?post_type=product&#038;p=21568"},"modified":"2026-03-20T11:40:47","modified_gmt":"2026-03-20T11:40:47","slug":"unitree-r1-edu-u5","status":"publish","type":"product","link":"https:\/\/www.ghostysky.com\/pt\/product\/unitree-r1-edu-u5\/","title":{"rendered":"Unitree R1 Edu Pro C (U5)"},"content":{"rendered":"<div id=\"model-response-message-contentr_ac6a3d62169ccad2\" class=\"markdown markdown-main-panel stronger enable-updated-hr-color\" dir=\"ltr\">\n<div id=\"model-response-message-contentr_ec72f52c99aa473d\" class=\"markdown markdown-main-panel stronger enable-updated-hr-color\" dir=\"ltr\">\n<div id=\"model-response-message-contentr_35753a61cf4863b3\" class=\"markdown markdown-main-panel stronger enable-updated-hr-color\" dir=\"ltr\">\n<div id=\"model-response-message-contentr_5e8ec58436797f36\" class=\"markdown markdown-main-panel stronger enable-updated-hr-color\" dir=\"ltr\">\n<h3 data-path-to-node=\"3\"><b data-path-to-node=\"3\" data-index-in-node=\"0\">Vis\u00e3o geral do Unitree R1 Edu Pro C (U5)<\/b><\/h3>\n<p id=\"p-rc_be2073fe8361ae15-64\" data-path-to-node=\"4\"><span class=\"citation-137\">O <\/span><b data-path-to-node=\"4\" data-index-in-node=\"4\"><span class=\"citation-137\">U5 (Pro C)<\/span><\/b><span class=\"citation-137 citation-end-137\"> O modelo foi projetado especificamente para manipula\u00e7\u00e3o de precis\u00e3o e processamento de IA de alta intensidade.<\/span> <span class=\"citation-136 citation-end-136\">Diferentemente dos modelos \u201cB\u00e1sico\u201d ou \u201cAir\u201d, o U5 inclui m\u00e3os articuladas avan\u00e7adas e uma unidade de computa\u00e7\u00e3o de alto desempenho, tornando-o um \u201claborat\u00f3rio vivo\u201d para IA incorporada.<\/span><\/p>\n<p>&nbsp;<\/p>\n<h3 data-path-to-node=\"5\"><b data-path-to-node=\"5\" data-index-in-node=\"0\">Principais especifica\u00e7\u00f5es t\u00e9cnicas<\/b><\/h3>\n<table data-path-to-node=\"6\">\n<thead>\n<tr>\n<td><strong>Recurso<\/strong><\/td>\n<td><strong>Especifica\u00e7\u00f5es<\/strong><\/td>\n<\/tr>\n<\/thead>\n<tbody>\n<tr>\n<td><span data-path-to-node=\"6,1,0,0\"><b data-path-to-node=\"6,1,0,0\" data-index-in-node=\"0\">Altura \/ Peso<\/b><\/span><\/td>\n<td><span data-path-to-node=\"6,1,1,0\">121\u2013123 cm<\/span><\/td>\n<\/tr>\n<tr>\n<td><span data-path-to-node=\"6,2,0,0\"><b data-path-to-node=\"6,2,0,0\" data-index-in-node=\"0\">Graus de liberdade totais<\/b><\/span><\/td>\n<td><span data-path-to-node=\"6,2,1,0\"><b data-path-to-node=\"6,2,1,0\" data-index-in-node=\"0\">38 graus de liberdade<\/b> (inclui 26 graus de liberdade no corpo + m\u00e3os h\u00e1beis)<\/span><\/td>\n<\/tr>\n<tr>\n<td><span data-path-to-node=\"6,3,0,0\"><b data-path-to-node=\"6,3,0,0\" data-index-in-node=\"0\">Computa\u00e7\u00e3o de bordo<\/b><\/span><\/td>\n<td><span data-path-to-node=\"6,3,1,0\">NVIDIA Jetson Orin (At\u00e9 <b data-path-to-node=\"6,3,1,0\" data-index-in-node=\"26\">100 TOPS<\/b>)<\/span><\/td>\n<\/tr>\n<tr>\n<td><span data-path-to-node=\"6,4,0,0\"><b data-path-to-node=\"6,4,0,0\" data-index-in-node=\"0\">Manipula\u00e7\u00e3o<\/b><\/span><\/td>\n<td><span data-path-to-node=\"6,4,1,0\">2x M\u00e3os H\u00e1beis (6-7 graus de liberdade por m\u00e3o)<\/span><\/td>\n<\/tr>\n<tr>\n<td><span data-path-to-node=\"6,5,0,0\"><b data-path-to-node=\"6,5,0,0\" data-index-in-node=\"0\">Capacidade de carga \u00fatil<\/b><\/span><\/td>\n<td><span data-path-to-node=\"6,5,1,0\">Aproximadamente 2 kg por bra\u00e7o<\/span><\/td>\n<\/tr>\n<tr>\n<td><span data-path-to-node=\"6,6,0,0\"><b data-path-to-node=\"6,6,0,0\" data-index-in-node=\"0\">Sensa\u00e7\u00e3o<\/b><\/span><\/td>\n<td><span data-path-to-node=\"6,6,1,0\">C\u00e2mera de profundidade binocular + conjunto de 4 microfones + codificadores duplos<\/span><\/td>\n<\/tr>\n<tr>\n<td><span data-path-to-node=\"6,7,0,0\"><b data-path-to-node=\"6,7,0,0\" data-index-in-node=\"0\">Conectividade<\/b><\/span><\/td>\n<td><span data-path-to-node=\"6,7,1,0\">Wi-Fi 6, Bluetooth 5.2, USB 3.0 (Tipo C)<\/span><\/td>\n<\/tr>\n<tr>\n<td><span data-path-to-node=\"6,8,0,0\"><b data-path-to-node=\"6,8,0,0\" data-index-in-node=\"0\">Dura\u00e7\u00e3o da bateria<\/b><\/span><\/td>\n<td><span data-path-to-node=\"6,8,1,0\">Aproximadamente 1 hora (Libera\u00e7\u00e3o r\u00e1pida \/ Troca a quente)<\/span><\/td>\n<\/tr>\n<\/tbody>\n<\/table>\n<\/div>\n<\/div>\n<\/div>\n<\/div>\n<p>&nbsp;<\/p>\n<p>&nbsp;<\/p>\n<div id=\"model-response-message-contentr_ac6a3d62169ccad2\" class=\"markdown markdown-main-panel stronger enable-updated-hr-color\" dir=\"ltr\">\n<div id=\"model-response-message-contentr_ec72f52c99aa473d\" class=\"markdown markdown-main-panel stronger enable-updated-hr-color\" dir=\"ltr\">\n<div id=\"model-response-message-contentr_35753a61cf4863b3\" class=\"markdown markdown-main-panel stronger enable-updated-hr-color\" dir=\"ltr\">\n<div id=\"model-response-message-contentr_5e8ec58436797f36\" class=\"markdown markdown-main-panel stronger enable-updated-hr-color\" dir=\"ltr\">\n<h3 data-path-to-node=\"8\"><b data-path-to-node=\"8\" data-index-in-node=\"0\">Principais caracter\u00edsticas<\/b><\/h3>\n<ul data-path-to-node=\"9\">\n<li>\n<p id=\"p-rc_be2073fe8361ae15-65\" data-path-to-node=\"9,0,0\"><b data-path-to-node=\"9,0,0\" data-index-in-node=\"0\"><span class=\"citation-135\">Manipula\u00e7\u00e3o Destra:<\/span><\/b><span class=\"citation-135 citation-end-135\"> A configura\u00e7\u00e3o \u201cPro C\u201d distingue-se pelas suas m\u00e3os de alta precis\u00e3o, capazes de simular movimentos semelhantes aos humanos para tarefas como a classifica\u00e7\u00e3o de objetos, a utiliza\u00e7\u00e3o de ferramentas e a intera\u00e7\u00e3o baseada em gestos.<\/span><\/p>\n<\/li>\n<li>\n<p id=\"p-rc_be2073fe8361ae15-66\" data-path-to-node=\"9,1,0\"><b data-path-to-node=\"9,1,0\" data-index-in-node=\"0\"><span class=\"citation-134\">Integra\u00e7\u00e3o de IA Incorporada e LLM:<\/span><\/b><span class=\"citation-134\"> O rob\u00f4 opera o Unitree&#039;s <\/span><b data-path-to-node=\"9,1,0\" data-index-in-node=\"56\"><span class=\"citation-134\">Uniforme<\/span><\/b><span class=\"citation-134 citation-end-134\"> (Modelo Unificado de Rob\u00f4 Grande), permitindo que ele entenda comandos de voz e cenas visuais nativamente.<\/span> <span class=\"citation-133 citation-end-133\">Ele consegue reconhecer rostos, gestos e instru\u00e7\u00f5es complexas em linguagem natural.<\/span><\/p>\n<\/li>\n<li>\n<p id=\"p-rc_be2073fe8361ae15-67\" data-path-to-node=\"9,2,0\"><b data-path-to-node=\"9,2,0\" data-index-in-node=\"0\">C\u00e9rebro de alto desempenho:<\/b><span class=\"citation-132\"> Equipado com o <\/span><b data-path-to-node=\"9,2,0\" data-index-in-node=\"44\"><span class=\"citation-132\">NVIDIA Jetson Orin<\/span><\/b><span class=\"citation-132 citation-end-132\"> O m\u00f3dulo U5 oferece os 100 TOPS de desempenho de IA necess\u00e1rios para aprendizado por refor\u00e7o em tempo real, SLAM (Localiza\u00e7\u00e3o e Mapeamento Simult\u00e2neos) e desvio de obst\u00e1culos complexos.<\/span><\/p>\n<\/li>\n<li>\n<p data-path-to-node=\"9,3,0\"><b data-path-to-node=\"9,3,0\" data-index-in-node=\"0\">Ecossistema com foco no desenvolvedor:<\/b><\/p>\n<ul data-path-to-node=\"9,3,1\">\n<li>\n<p id=\"p-rc_be2073fe8361ae15-68\" data-path-to-node=\"9,3,1,0,0\"><b data-path-to-node=\"9,3,1,0,0\" data-index-in-node=\"0\"><span class=\"citation-131\">Suporte completo ao SDK:<\/span><\/b><span class=\"citation-131 citation-end-131\"> Acesso ao controle de baixo e alto n\u00edvel via C++ e Python.<\/span><\/p>\n<\/li>\n<li>\n<p data-path-to-node=\"9,3,1,1,0\"><b data-path-to-node=\"9,3,1,1,0\" data-index-in-node=\"0\">Simula\u00e7\u00e3o pronta:<\/b> Totalmente compat\u00edvel com NVIDIA Isaac Sim e ROS 2.<\/p>\n<\/li>\n<li>\n<p id=\"p-rc_be2073fe8361ae15-69\" data-path-to-node=\"9,3,1,2,0\"><b data-path-to-node=\"9,3,1,2,0\" data-index-in-node=\"0\">Pronto para expans\u00e3o:<\/b><span class=\"citation-130 citation-end-130\"> Inclui uma base de expans\u00e3o computacional e fia\u00e7\u00e3o interna (design de eixo oco) para adicionar sensores ou hardware personalizados.<\/span><\/p>\n<p>&nbsp;<\/li>\n<\/ul>\n<\/li>\n<\/ul>\n<h3 data-path-to-node=\"10\"><b data-path-to-node=\"10\" data-index-in-node=\"0\">Casos de uso ideais<\/b><\/h3>\n<ol start=\"1\" data-path-to-node=\"11\">\n<li>\n<p data-path-to-node=\"11,0,0\"><b data-path-to-node=\"11,0,0\" data-index-in-node=\"0\">Pesquisa universit\u00e1ria:<\/b> Ideal para laborat\u00f3rios focados em locomo\u00e7\u00e3o b\u00edpede, intera\u00e7\u00e3o humano-rob\u00f4 (IHR) e feedback t\u00e1til.<\/p>\n<\/li>\n<li>\n<p id=\"p-rc_be2073fe8361ae15-70\" data-path-to-node=\"11,1,0\"><b data-path-to-node=\"11,1,0\" data-index-in-node=\"0\">Prototipagem com IA:<\/b><span class=\"citation-129 citation-end-129\"> Desenvolvimento de modelos de IA localizados que exigem intera\u00e7\u00e3o f\u00edsica sem lat\u00eancia na nuvem.<\/span><\/p>\n<\/li>\n<li>\n<p data-path-to-node=\"11,2,0\"><b data-path-to-node=\"11,2,0\" data-index-in-node=\"0\">Servi\u00e7o e Hospitalidade:<\/b> Testando a assist\u00eancia aut\u00f4noma em ambientes internos estruturados, como museus ou escrit\u00f3rios.<\/p>\n<\/li>\n<\/ol>\n<hr data-path-to-node=\"12\" \/>\n<blockquote data-path-to-node=\"13\">\n<p id=\"p-rc_be2073fe8361ae15-71\" data-path-to-node=\"13,0\"><b data-path-to-node=\"13,0\" data-index-in-node=\"0\">Nota sobre disponibilidade:<\/b><span class=\"citation-128 citation-end-128\"> A partir de mar\u00e7o de 2026, a s\u00e9rie R1 come\u00e7ou a ser enviada em fases.<\/span> As vers\u00f5es EDU geralmente exigem um or\u00e7amento direto ou compra atrav\u00e9s de distribuidores de pesquisa autorizados devido ao SDK especializado e \u00e0s atualiza\u00e7\u00f5es de hardware.<\/p>\n<\/blockquote>\n<\/div>\n<\/div>\n<\/div>\n<\/div>","protected":false},"excerpt":{"rendered":"<p data-path-to-node=\"0\"><span class=\"citation-138\">O <\/span><b data-path-to-node=\"0\" data-index-in-node=\"4\"><span class=\"citation-138\">Unitree R1 Edu Pro C (U5)<\/span><\/b><span class=\"citation-138 citation-end-138\"> \u00c9 um rob\u00f4 humanoide de alto desempenho, voltado para desenvolvedores, projetado para pesquisa avan\u00e7ada, desenvolvimento de IA e explora\u00e7\u00e3o acad\u00eamica.<\/span> A partir de 2026, representar\u00e1 o n\u00edvel &quot;Pro&quot; da s\u00e9rie R1, preenchendo a lacuna entre a rob\u00f3tica de consumo e as plataformas industriais de ponta.<\/p>\n<p data-path-to-node=\"1\">A seguir, apresentamos uma descri\u00e7\u00e3o detalhada das especifica\u00e7\u00f5es e caracter\u00edsticas do produto.<\/p>","protected":false},"featured_media":21562,"comment_status":"open","ping_status":"closed","template":"","meta":[],"product_brand":[1087],"product_cat":[1038,1037,1103],"product_tag":[1088,1105,1112,1113],"class_list":{"0":"post-21568","1":"product","2":"type-product","3":"status-publish","4":"has-post-thumbnail","6":"product_brand-unitree","7":"product_cat-humanoid","8":"product_cat-robotics","9":"product_cat-unitree-hum-robots","10":"product_tag-unitree","11":"product_tag-unitree-humanoid","12":"product_tag-unitree-r1","13":"product_tag-unitree-r1-series","15":"first","16":"onbackorder","17":"taxable","18":"shipping-taxable","19":"purchasable","20":"product-type-simple"},"yoast_head":"<!-- This site is optimized with the Yoast SEO plugin v27.1.1 - https:\/\/yoast.com\/product\/yoast-seo-wordpress\/ -->\n<title>Unitree R1 Edu Pro C (U5) - Ghostysky<\/title>\n<meta name=\"description\" content=\"The Unitree R1 Edu Pro C (U5) is a high-performance, developer-focused humanoid robot designed for advanced research, AI development, and academic exploration. As of 2026, it represents the &quot;Pro&quot; tier of the R1 series, bridging the gap between consumer-grade robotics and high-end industrial platforms.Below is a detailed breakdown of the product&#039;s specifications and features.\" \/>\n<meta name=\"robots\" content=\"index, follow, max-snippet:-1, max-image-preview:large, max-video-preview:-1\" \/>\n<link rel=\"canonical\" href=\"https:\/\/www.ghostysky.com\/pt\/produto-2\/unitree-r1-edu-u5\/\" \/>\n<meta property=\"og:locale\" content=\"pt_PT\" \/>\n<meta property=\"og:type\" content=\"article\" \/>\n<meta property=\"og:title\" content=\"Unitree R1 Edu Pro C (U5) - Ghostysky\" \/>\n<meta property=\"og:description\" content=\"The Unitree R1 Edu Pro C (U5) is a high-performance, developer-focused humanoid robot designed for advanced research, AI development, and academic exploration. As of 2026, it represents the &quot;Pro&quot; tier of the R1 series, bridging the gap between consumer-grade robotics and high-end industrial platforms.Below is a detailed breakdown of the product&#039;s specifications and features.\" \/>\n<meta property=\"og:url\" content=\"https:\/\/www.ghostysky.com\/pt\/produto-2\/unitree-r1-edu-u5\/\" \/>\n<meta property=\"og:site_name\" content=\"Ghostysky\" \/>\n<meta property=\"article:publisher\" content=\"https:\/\/www.facebook.com\/people\/Ghostysky\/100057676170234\/\" \/>\n<meta property=\"article:modified_time\" content=\"2026-03-20T11:40:47+00:00\" \/>\n<meta property=\"og:image\" content=\"https:\/\/www.ghostysky.com\/wp-content\/uploads\/2025\/10\/GH_R1-Basic-Version_1.jpg\" \/>\n\t<meta property=\"og:image:width\" content=\"225\" \/>\n\t<meta property=\"og:image:height\" content=\"225\" \/>\n\t<meta property=\"og:image:type\" content=\"image\/jpeg\" \/>\n<meta name=\"twitter:card\" content=\"summary_large_image\" \/>\n<meta name=\"twitter:site\" content=\"@Gh0stysky\" \/>\n<meta name=\"twitter:label1\" content=\"Tempo estimado de leitura\" \/>\n\t<meta name=\"twitter:data1\" content=\"2 minutos\" \/>\n<script type=\"application\/ld+json\" class=\"yoast-schema-graph\">{\"@context\":\"https:\/\/schema.org\",\"@graph\":[{\"@type\":\"WebPage\",\"@id\":\"https:\/\/www.ghostysky.com\/product\/unitree-r1-edu-u5\/\",\"url\":\"https:\/\/www.ghostysky.com\/product\/unitree-r1-edu-u5\/\",\"name\":\"Unitree R1 Edu Pro C (U5) - Ghostysky\",\"isPartOf\":{\"@id\":\"https:\/\/www.ghostysky.com\/#website\"},\"primaryImageOfPage\":{\"@id\":\"https:\/\/www.ghostysky.com\/product\/unitree-r1-edu-u5\/#primaryimage\"},\"image\":{\"@id\":\"https:\/\/www.ghostysky.com\/product\/unitree-r1-edu-u5\/#primaryimage\"},\"thumbnailUrl\":\"https:\/\/www.ghostysky.com\/wp-content\/uploads\/2025\/10\/GH_R1-Basic-Version_1.jpg\",\"datePublished\":\"2025-10-17T06:44:45+00:00\",\"dateModified\":\"2026-03-20T11:40:47+00:00\",\"description\":\"The Unitree R1 Edu Pro C (U5) is a high-performance, developer-focused humanoid robot designed for advanced research, AI development, and academic exploration. As of 2026, it represents the \\\"Pro\\\" tier of the R1 series, bridging the gap between consumer-grade robotics and high-end industrial platforms.Below is a detailed breakdown of the product's specifications and features.\",\"breadcrumb\":{\"@id\":\"https:\/\/www.ghostysky.com\/product\/unitree-r1-edu-u5\/#breadcrumb\"},\"inLanguage\":\"pt-PT\",\"potentialAction\":[{\"@type\":\"ReadAction\",\"target\":[\"https:\/\/www.ghostysky.com\/product\/unitree-r1-edu-u5\/\"]}]},{\"@type\":\"ImageObject\",\"inLanguage\":\"pt-PT\",\"@id\":\"https:\/\/www.ghostysky.com\/product\/unitree-r1-edu-u5\/#primaryimage\",\"url\":\"https:\/\/www.ghostysky.com\/wp-content\/uploads\/2025\/10\/GH_R1-Basic-Version_1.jpg\",\"contentUrl\":\"https:\/\/www.ghostysky.com\/wp-content\/uploads\/2025\/10\/GH_R1-Basic-Version_1.jpg\",\"width\":225,\"height\":225},{\"@type\":\"BreadcrumbList\",\"@id\":\"https:\/\/www.ghostysky.com\/product\/unitree-r1-edu-u5\/#breadcrumb\",\"itemListElement\":[{\"@type\":\"ListItem\",\"position\":1,\"name\":\"Home\",\"item\":\"https:\/\/www.ghostysky.com\/\"},{\"@type\":\"ListItem\",\"position\":2,\"name\":\"Shop\",\"item\":\"https:\/\/www.ghostysky.com\/shop\/\"},{\"@type\":\"ListItem\",\"position\":3,\"name\":\"Unitree R1 Edu Pro C (U5)\"}]},{\"@type\":\"WebSite\",\"@id\":\"https:\/\/www.ghostysky.com\/#website\",\"url\":\"https:\/\/www.ghostysky.com\/\",\"name\":\"Ghostysky\",\"description\":\"Delivering professional drones and services\",\"publisher\":{\"@id\":\"https:\/\/www.ghostysky.com\/#organization\"},\"potentialAction\":[{\"@type\":\"SearchAction\",\"target\":{\"@type\":\"EntryPoint\",\"urlTemplate\":\"https:\/\/www.ghostysky.com\/?s={search_term_string}\"},\"query-input\":{\"@type\":\"PropertyValueSpecification\",\"valueRequired\":true,\"valueName\":\"search_term_string\"}}],\"inLanguage\":\"pt-PT\"},{\"@type\":\"Organization\",\"@id\":\"https:\/\/www.ghostysky.com\/#organization\",\"name\":\"Ghostysky\",\"url\":\"https:\/\/www.ghostysky.com\/\",\"logo\":{\"@type\":\"ImageObject\",\"inLanguage\":\"pt-PT\",\"@id\":\"https:\/\/www.ghostysky.com\/#\/schema\/logo\/image\/\",\"url\":\"https:\/\/www.ghostysky.com\/wp-content\/uploads\/2020\/06\/cropped-ghostyskylogo_text_white2.png\",\"contentUrl\":\"https:\/\/www.ghostysky.com\/wp-content\/uploads\/2020\/06\/cropped-ghostyskylogo_text_white2.png\",\"width\":169,\"height\":56,\"caption\":\"Ghostysky\"},\"image\":{\"@id\":\"https:\/\/www.ghostysky.com\/#\/schema\/logo\/image\/\"},\"sameAs\":[\"https:\/\/www.facebook.com\/people\/Ghostysky\/100057676170234\/\",\"https:\/\/x.com\/Gh0stysky\",\"https:\/\/www.linkedin.com\/company\/34739653\",\"https:\/\/www.instagram.com\/gh0stysky\"]}]}<\/script>\n<!-- \/ Yoast SEO plugin. -->","yoast_head_json":{"title":"Unitree R1 Edu Pro C (U5) - Ghostysky","description":"O Unitree R1 Edu Pro C (U5) \u00e9 um rob\u00f4 humanoide de alto desempenho, voltado para desenvolvedores, projetado para pesquisa avan\u00e7ada, desenvolvimento de IA e explora\u00e7\u00e3o acad\u00eamica. A partir de 2026, ele representa o n\u00edvel &quot;Pro&quot; da s\u00e9rie R1, preenchendo a lacuna entre a rob\u00f3tica de consumo e as plataformas industriais de ponta. Abaixo, voc\u00ea encontrar\u00e1 uma descri\u00e7\u00e3o detalhada das especifica\u00e7\u00f5es e recursos do produto.","robots":{"index":"index","follow":"follow","max-snippet":"max-snippet:-1","max-image-preview":"max-image-preview:large","max-video-preview":"max-video-preview:-1"},"canonical":"https:\/\/www.ghostysky.com\/pt\/produto-2\/unitree-r1-edu-u5\/","og_locale":"pt_PT","og_type":"article","og_title":"Unitree R1 Edu Pro C (U5) - Ghostysky","og_description":"The Unitree R1 Edu Pro C (U5) is a high-performance, developer-focused humanoid robot designed for advanced research, AI development, and academic exploration. As of 2026, it represents the \"Pro\" tier of the R1 series, bridging the gap between consumer-grade robotics and high-end industrial platforms.Below is a detailed breakdown of the product's specifications and features.","og_url":"https:\/\/www.ghostysky.com\/pt\/produto-2\/unitree-r1-edu-u5\/","og_site_name":"Ghostysky","article_publisher":"https:\/\/www.facebook.com\/people\/Ghostysky\/100057676170234\/","article_modified_time":"2026-03-20T11:40:47+00:00","og_image":[{"width":225,"height":225,"url":"https:\/\/www.ghostysky.com\/wp-content\/uploads\/2025\/10\/GH_R1-Basic-Version_1.jpg","type":"image\/jpeg"}],"twitter_card":"summary_large_image","twitter_site":"@Gh0stysky","twitter_misc":{"Tempo estimado de leitura":"2 minutos"},"schema":{"@context":"https:\/\/schema.org","@graph":[{"@type":"WebPage","@id":"https:\/\/www.ghostysky.com\/product\/unitree-r1-edu-u5\/","url":"https:\/\/www.ghostysky.com\/product\/unitree-r1-edu-u5\/","name":"Unitree R1 Edu Pro C (U5) - Ghostysky","isPartOf":{"@id":"https:\/\/www.ghostysky.com\/#website"},"primaryImageOfPage":{"@id":"https:\/\/www.ghostysky.com\/product\/unitree-r1-edu-u5\/#primaryimage"},"image":{"@id":"https:\/\/www.ghostysky.com\/product\/unitree-r1-edu-u5\/#primaryimage"},"thumbnailUrl":"https:\/\/www.ghostysky.com\/wp-content\/uploads\/2025\/10\/GH_R1-Basic-Version_1.jpg","datePublished":"2025-10-17T06:44:45+00:00","dateModified":"2026-03-20T11:40:47+00:00","description":"O Unitree R1 Edu Pro C (U5) \u00e9 um rob\u00f4 humanoide de alto desempenho, voltado para desenvolvedores, projetado para pesquisa avan\u00e7ada, desenvolvimento de IA e explora\u00e7\u00e3o acad\u00eamica. A partir de 2026, ele representa o n\u00edvel &quot;Pro&quot; da s\u00e9rie R1, preenchendo a lacuna entre a rob\u00f3tica de consumo e as plataformas industriais de ponta. Abaixo, voc\u00ea encontrar\u00e1 uma descri\u00e7\u00e3o detalhada das especifica\u00e7\u00f5es e recursos do produto.","breadcrumb":{"@id":"https:\/\/www.ghostysky.com\/product\/unitree-r1-edu-u5\/#breadcrumb"},"inLanguage":"pt-PT","potentialAction":[{"@type":"ReadAction","target":["https:\/\/www.ghostysky.com\/product\/unitree-r1-edu-u5\/"]}]},{"@type":"ImageObject","inLanguage":"pt-PT","@id":"https:\/\/www.ghostysky.com\/product\/unitree-r1-edu-u5\/#primaryimage","url":"https:\/\/www.ghostysky.com\/wp-content\/uploads\/2025\/10\/GH_R1-Basic-Version_1.jpg","contentUrl":"https:\/\/www.ghostysky.com\/wp-content\/uploads\/2025\/10\/GH_R1-Basic-Version_1.jpg","width":225,"height":225},{"@type":"BreadcrumbList","@id":"https:\/\/www.ghostysky.com\/product\/unitree-r1-edu-u5\/#breadcrumb","itemListElement":[{"@type":"ListItem","position":1,"name":"Home","item":"https:\/\/www.ghostysky.com\/"},{"@type":"ListItem","position":2,"name":"Shop","item":"https:\/\/www.ghostysky.com\/shop\/"},{"@type":"ListItem","position":3,"name":"Unitree R1 Edu Pro C (U5)"}]},{"@type":"WebSite","@id":"https:\/\/www.ghostysky.com\/#website","url":"https:\/\/www.ghostysky.com\/","name":"Ghostysky","description":"Fornecendo drones e servi\u00e7os profissionais","publisher":{"@id":"https:\/\/www.ghostysky.com\/#organization"},"potentialAction":[{"@type":"SearchAction","target":{"@type":"EntryPoint","urlTemplate":"https:\/\/www.ghostysky.com\/?s={search_term_string}"},"query-input":{"@type":"PropertyValueSpecification","valueRequired":true,"valueName":"search_term_string"}}],"inLanguage":"pt-PT"},{"@type":"Organization","@id":"https:\/\/www.ghostysky.com\/#organization","name":"Ghostysky","url":"https:\/\/www.ghostysky.com\/","logo":{"@type":"ImageObject","inLanguage":"pt-PT","@id":"https:\/\/www.ghostysky.com\/#\/schema\/logo\/image\/","url":"https:\/\/www.ghostysky.com\/wp-content\/uploads\/2020\/06\/cropped-ghostyskylogo_text_white2.png","contentUrl":"https:\/\/www.ghostysky.com\/wp-content\/uploads\/2020\/06\/cropped-ghostyskylogo_text_white2.png","width":169,"height":56,"caption":"Ghostysky"},"image":{"@id":"https:\/\/www.ghostysky.com\/#\/schema\/logo\/image\/"},"sameAs":["https:\/\/www.facebook.com\/people\/Ghostysky\/100057676170234\/","https:\/\/x.com\/Gh0stysky","https:\/\/www.linkedin.com\/company\/34739653","https:\/\/www.instagram.com\/gh0stysky"]}]}},"_links":{"self":[{"href":"https:\/\/www.ghostysky.com\/pt\/wp-json\/wp\/v2\/product\/21568","targetHints":{"allow":["GET"]}}],"collection":[{"href":"https:\/\/www.ghostysky.com\/pt\/wp-json\/wp\/v2\/product"}],"about":[{"href":"https:\/\/www.ghostysky.com\/pt\/wp-json\/wp\/v2\/types\/product"}],"replies":[{"embeddable":true,"href":"https:\/\/www.ghostysky.com\/pt\/wp-json\/wp\/v2\/comments?post=21568"}],"wp:featuredmedia":[{"embeddable":true,"href":"https:\/\/www.ghostysky.com\/pt\/wp-json\/wp\/v2\/media\/21562"}],"wp:attachment":[{"href":"https:\/\/www.ghostysky.com\/pt\/wp-json\/wp\/v2\/media?parent=21568"}],"wp:term":[{"taxonomy":"product_brand","embeddable":true,"href":"https:\/\/www.ghostysky.com\/pt\/wp-json\/wp\/v2\/product_brand?post=21568"},{"taxonomy":"product_cat","embeddable":true,"href":"https:\/\/www.ghostysky.com\/pt\/wp-json\/wp\/v2\/product_cat?post=21568"},{"taxonomy":"product_tag","embeddable":true,"href":"https:\/\/www.ghostysky.com\/pt\/wp-json\/wp\/v2\/product_tag?post=21568"}],"curies":[{"name":"wp","href":"https:\/\/api.w.org\/{rel}","templated":true}]}}