{"id":21569,"date":"2025-10-17T06:48:20","date_gmt":"2025-10-17T06:48:20","guid":{"rendered":"https:\/\/www.ghostysky.com\/?post_type=product&#038;p=21569"},"modified":"2026-03-20T11:44:42","modified_gmt":"2026-03-20T11:44:42","slug":"unitree-r1-edu-u6","status":"publish","type":"product","link":"https:\/\/www.ghostysky.com\/pt\/product\/unitree-r1-edu-u6\/","title":{"rendered":"Unitree R1 Edu Pro D (U6)"},"content":{"rendered":"<div id=\"model-response-message-contentr_ac6a3d62169ccad2\" class=\"markdown markdown-main-panel stronger enable-updated-hr-color\" dir=\"ltr\">\n<div id=\"model-response-message-contentr_ec72f52c99aa473d\" class=\"markdown markdown-main-panel stronger enable-updated-hr-color\" dir=\"ltr\">\n<div id=\"model-response-message-contentr_35753a61cf4863b3\" class=\"markdown markdown-main-panel stronger enable-updated-hr-color\" dir=\"ltr\">\n<div id=\"model-response-message-contentr_5e8ec58436797f36\" class=\"markdown markdown-main-panel stronger enable-updated-hr-color\" dir=\"ltr\">\n<h3 data-path-to-node=\"1\">Vis\u00e3o geral principal<\/h3>\n<p id=\"p-rc_7beb2f5076c56c5d-73\" data-path-to-node=\"2\"><span class=\"citation-170\">Em p\u00e9 <\/span><b data-path-to-node=\"2\" data-index-in-node=\"12\"><span class=\"citation-170\">1,21 metros<\/span><\/b><span class=\"citation-170\"> e pesando aproximadamente <\/span><b data-path-to-node=\"2\" data-index-in-node=\"51\"><span class=\"citation-170\">25 kg<\/span><\/b><span class=\"citation-170 citation-end-170\">, O R1 Edu Pro D \u00e9 uma plataforma b\u00edpede ultraleve.<\/span> <span class=\"citation-169\">Ao contr\u00e1rio dos modelos b\u00e1sicos, o U6 est\u00e1 equipado com <\/span><b data-path-to-node=\"2\" data-index-in-node=\"166\"><span class=\"citation-169\">38 graus de liberdade (DOF)<\/span><\/b><span class=\"citation-169 citation-end-169\">, proporcionando-lhe destreza semelhante \u00e0 humana e a mobilidade necess\u00e1ria para tarefas complexas como correr, subir escadas e at\u00e9 manobras din\u00e2micas como cambalhotas ou simula\u00e7\u00f5es de &quot;boxe&quot;.<\/span><\/p>\n<div class=\"source-inline-chip-container ng-star-inserted\"><\/div>\n<p>&nbsp;<\/p>\n<h3 data-path-to-node=\"4\">Principais especifica\u00e7\u00f5es e recursos<\/h3>\n<table data-path-to-node=\"5\">\n<thead>\n<tr>\n<td><strong>Recurso<\/strong><\/td>\n<td><strong>Especifica\u00e7\u00f5es<\/strong><\/td>\n<\/tr>\n<\/thead>\n<tbody>\n<tr>\n<td><span data-path-to-node=\"5,1,0,0\"><b data-path-to-node=\"5,1,0,0\" data-index-in-node=\"0\">Graus de liberdade totais<\/b><\/span><\/td>\n<td><span data-path-to-node=\"5,1,1,0\">38 (Pernas: 12, Bra\u00e7os: 10, Cintura: 2, Cabe\u00e7a: 2, M\u00e3os: 12)<\/span><\/td>\n<\/tr>\n<tr>\n<td><span data-path-to-node=\"5,2,0,0\"><b data-path-to-node=\"5,2,0,0\" data-index-in-node=\"0\">M\u00e3os h\u00e1beis<\/b><\/span><\/td>\n<td><span data-path-to-node=\"5,2,1,0\">2x <b data-path-to-node=\"5,2,1,0\" data-index-in-node=\"3\">BrianCo Revo 2 Touch<\/b> (5 dedos com sensores t\u00e1teis)<\/span><\/td>\n<\/tr>\n<tr>\n<td><span data-path-to-node=\"5,3,0,0\"><b data-path-to-node=\"5,3,0,0\" data-index-in-node=\"0\">Poder computacional da IA<\/b><\/span><\/td>\n<td><span data-path-to-node=\"5,3,1,0\"><b data-path-to-node=\"5,3,1,0\" data-index-in-node=\"0\">NVIDIA Jetson Orin<\/b> (100 TOPS)<\/span><\/td>\n<\/tr>\n<tr>\n<td><span data-path-to-node=\"5,4,0,0\"><b data-path-to-node=\"5,4,0,0\" data-index-in-node=\"0\">Vis\u00e3o e \u00e1udio<\/b><\/span><\/td>\n<td><span data-path-to-node=\"5,4,1,0\">C\u00e2mera est\u00e9reo binocular, conjunto de 4 microfones, alto-falante est\u00e9reo de 5 W<\/span><\/td>\n<\/tr>\n<tr>\n<td><span data-path-to-node=\"5,5,0,0\"><b data-path-to-node=\"5,5,0,0\" data-index-in-node=\"0\">Bateria e autonomia<\/b><\/span><\/td>\n<td><span data-path-to-node=\"5,5,1,0\">Bateria de l\u00edtio de libera\u00e7\u00e3o r\u00e1pida de 9000 mAh (autonomia de aproximadamente 1 hora)<\/span><\/td>\n<\/tr>\n<tr>\n<td><span data-path-to-node=\"5,6,0,0\"><b data-path-to-node=\"5,6,0,0\" data-index-in-node=\"0\">Conectividade<\/b><\/span><\/td>\n<td><span data-path-to-node=\"5,6,1,0\">Wi-Fi 6, Bluetooth 5.2, SDK de Desenvolvimento Secund\u00e1rio<\/span><\/td>\n<\/tr>\n<\/tbody>\n<\/table>\n<p>&nbsp;<\/p>\n<p>&nbsp;<\/p>\n<h3 data-path-to-node=\"7\">Por que a vers\u00e3o \u201cU6\u201d?<\/h3>\n<p id=\"p-rc_7beb2f5076c56c5d-74\" data-path-to-node=\"8\"><span class=\"citation-168\">A s\u00e9rie R1 \u00e9 dividida em v\u00e1rios n\u00edveis (U1 a U6). <\/span><b data-path-to-node=\"8\" data-index-in-node=\"58\"><span class=\"citation-168\">Edu Pro D (U6)<\/span><\/b><span class=\"citation-168 citation-end-168\"> Destaca-se devido a duas melhorias cruciais:<\/span><\/p>\n<ul data-path-to-node=\"9\">\n<li>\n<p id=\"p-rc_7beb2f5076c56c5d-75\" data-path-to-node=\"9,0,0\"><b data-path-to-node=\"9,0,0\" data-index-in-node=\"0\"><span class=\"citation-167\">Manipula\u00e7\u00e3o habilitada pelo tato:<\/span><\/b><span class=\"citation-167\"> Ele apresenta o <\/span><b data-path-to-node=\"9,0,0\" data-index-in-node=\"46\"><span class=\"citation-167\">BrianCo Revo 2 Touch<\/span><\/b><span class=\"citation-167 citation-end-167\"> m\u00e3os.<\/span> Trata-se de m\u00e3os h\u00e1beis com cinco dedos, equipadas com conjuntos avan\u00e7ados de sensores t\u00e1teis, que permitem ao rob\u00f4 &quot;sentir&quot; objetos e executar tarefas de precis\u00e3o que exigem um controle delicado da for\u00e7a.<\/p>\n<\/li>\n<li>\n<p id=\"p-rc_7beb2f5076c56c5d-76\" data-path-to-node=\"9,1,0\"><b data-path-to-node=\"9,1,0\" data-index-in-node=\"0\">Computa\u00e7\u00e3o m\u00e1xima:<\/b><span class=\"citation-166\"> Ele utiliza o m\u00f3dulo de IA integrado mais avan\u00e7ado dispon\u00edvel (<\/span><b data-path-to-node=\"9,1,0\" data-index-in-node=\"70\"><span class=\"citation-166\">100 TOPS<\/span><\/b><span class=\"citation-166 citation-end-166\">), permitindo que ele execute grandes modelos multimodais (LMMs) e algoritmos complexos de vis\u00e3o computacional localmente, sem depender inteiramente da nuvem.<\/span><\/p>\n<p>&nbsp;<\/li>\n<\/ul>\n<h3 data-path-to-node=\"10\">Desempenho e constru\u00e7\u00e3o<\/h3>\n<ul data-path-to-node=\"11\">\n<li>\n<p id=\"p-rc_7beb2f5076c56c5d-77\" data-path-to-node=\"11,0,0\"><b data-path-to-node=\"11,0,0\" data-index-in-node=\"0\">Mobilidade \u00c1gil:<\/b> Equipado com motores PMSM de rotor interno de baixa in\u00e9rcia e alta velocidade, o R1 pode atingir velocidades de at\u00e9 <b data-path-to-node=\"11,0,0\" data-index-in-node=\"109\">2,5 m\/s<\/b>. <span class=\"citation-165 citation-end-165\">Seu sistema de fia\u00e7\u00e3o com juntas ocas e design com refrigera\u00e7\u00e3o a ar garantem que o rob\u00f4 permane\u00e7a compacto e dur\u00e1vel durante testes intensivos.<\/span><\/p>\n<\/li>\n<li>\n<p id=\"p-rc_7beb2f5076c56c5d-78\" data-path-to-node=\"11,1,0\"><b data-path-to-node=\"11,1,0\" data-index-in-node=\"0\">Pronto para pesquisa:<\/b><span class=\"citation-164 citation-end-164\"> A designa\u00e7\u00e3o \u201cEdu\u201d significa que \u00e9 totalmente program\u00e1vel.<\/span> <span class=\"citation-163\">Ele suporta <\/span><b data-path-to-node=\"11,1,0\" data-index-in-node=\"82\"><span class=\"citation-163\">ROS, Python e C++<\/span><\/b><span class=\"citation-163\">, e \u00e9 compat\u00edvel com ambientes de simula\u00e7\u00e3o como <\/span><b data-path-to-node=\"11,1,0\" data-index-in-node=\"156\"><span class=\"citation-163\">NVIDIA Isaac Sim<\/span><\/b><span class=\"citation-163 citation-end-163\">, criando uma ponte perfeita entre algoritmos digitais e a realidade f\u00edsica.<\/span><\/p>\n<\/li>\n<li>\n<p id=\"p-rc_7beb2f5076c56c5d-79\" data-path-to-node=\"11,2,0\"><b data-path-to-node=\"11,2,0\" data-index-in-node=\"0\"><span class=\"citation-162\">Intera\u00e7\u00e3o inteligente:<\/span><\/b><span class=\"citation-162 citation-end-162\"> Integrado a um amplo modelo de linguagem multimodal, o U6 consegue processar simultaneamente entradas de voz e visuais, permitindo intera\u00e7\u00f5es naturais e responsivas com o ambiente.<\/span><\/p>\n<\/li>\n<\/ul>\n<blockquote data-path-to-node=\"12\">\n<p id=\"p-rc_7beb2f5076c56c5d-80\" data-path-to-node=\"12,0\"><b data-path-to-node=\"12,0\" data-index-in-node=\"0\"><span class=\"citation-161\">Observa\u00e7\u00e3o:<\/span><\/b><span class=\"citation-161 citation-end-161\"> A partir do in\u00edcio de 2026, a s\u00e9rie Unitree R1 entrar\u00e1 em fase de implementa\u00e7\u00e3o global.<\/span> Devido \u00e0 sua complexidade, \u00e9 recomendado para usu\u00e1rios com experi\u00eancia em rob\u00f3tica ou pesquisa em IA.<\/p>\n<\/blockquote>\n<\/div>\n<\/div>\n<\/div>\n<\/div>","protected":false},"excerpt":{"rendered":"<p><span class=\"citation-171\">O <\/span><b data-path-to-node=\"0\" data-index-in-node=\"4\"><span class=\"citation-171\">Unitree R1 Edu Pro D (U6)<\/span><\/b><span class=\"citation-171 citation-end-171\"> \u00c9 a configura\u00e7\u00e3o principal da s\u00e9rie de humanoides R1, projetada especificamente para pesquisa de ponta, desenvolvimento de IA e intera\u00e7\u00e3o humano-rob\u00f4 avan\u00e7ada (HRI).<\/span> Como variante \u201cU6\u201d, representa a vers\u00e3o mais completa da plataforma R1 em termos de funcionalidades, distinguindo-se pela sua sensibilidade t\u00e1til de alta fidelidade e poder de computa\u00e7\u00e3o de borda superior.<\/p>","protected":false},"featured_media":21562,"comment_status":"open","ping_status":"closed","template":"","meta":[],"product_brand":[1087],"product_cat":[1038,1037,1103],"product_tag":[1088,1105,1112,1113],"class_list":{"0":"post-21569","1":"product","2":"type-product","3":"status-publish","4":"has-post-thumbnail","6":"product_brand-unitree","7":"product_cat-humanoid","8":"product_cat-robotics","9":"product_cat-unitree-hum-robots","10":"product_tag-unitree","11":"product_tag-unitree-humanoid","12":"product_tag-unitree-r1","13":"product_tag-unitree-r1-series","15":"first","16":"onbackorder","17":"taxable","18":"shipping-taxable","19":"purchasable","20":"product-type-simple"},"yoast_head":"<!-- This site is optimized with the Yoast SEO plugin v27.1.1 - https:\/\/yoast.com\/product\/yoast-seo-wordpress\/ -->\n<title>Unitree R1 Edu Pro D (U6) - Ghostysky<\/title>\n<meta name=\"description\" content=\"The Unitree R1 Edu Pro D (U6) is the flagship configuration of the R1 humanoid series, specifically engineered for high-end research, AI development, and advanced human-robot interaction (HRI). As the &quot;U6&quot; variant, it represents the most feature-complete version of the R1 platform, distinguished by its high-fidelity tactile sensing and superior edge computing power.\" \/>\n<meta name=\"robots\" content=\"index, follow, max-snippet:-1, max-image-preview:large, max-video-preview:-1\" \/>\n<link rel=\"canonical\" href=\"https:\/\/www.ghostysky.com\/pt\/produto-2\/unitree-r1-edu-u6\/\" \/>\n<meta property=\"og:locale\" content=\"pt_PT\" \/>\n<meta property=\"og:type\" content=\"article\" \/>\n<meta property=\"og:title\" content=\"Unitree R1 Edu Pro D (U6) - Ghostysky\" \/>\n<meta property=\"og:description\" content=\"The Unitree R1 Edu Pro D (U6) is the flagship configuration of the R1 humanoid series, specifically engineered for high-end research, AI development, and advanced human-robot interaction (HRI). As the &quot;U6&quot; variant, it represents the most feature-complete version of the R1 platform, distinguished by its high-fidelity tactile sensing and superior edge computing power.\" \/>\n<meta property=\"og:url\" content=\"https:\/\/www.ghostysky.com\/pt\/produto-2\/unitree-r1-edu-u6\/\" \/>\n<meta property=\"og:site_name\" content=\"Ghostysky\" \/>\n<meta property=\"article:publisher\" content=\"https:\/\/www.facebook.com\/people\/Ghostysky\/100057676170234\/\" \/>\n<meta property=\"article:modified_time\" content=\"2026-03-20T11:44:42+00:00\" \/>\n<meta property=\"og:image\" content=\"https:\/\/www.ghostysky.com\/wp-content\/uploads\/2025\/10\/GH_R1-Basic-Version_1.jpg\" \/>\n\t<meta property=\"og:image:width\" content=\"225\" \/>\n\t<meta property=\"og:image:height\" content=\"225\" \/>\n\t<meta property=\"og:image:type\" content=\"image\/jpeg\" \/>\n<meta name=\"twitter:card\" content=\"summary_large_image\" \/>\n<meta name=\"twitter:site\" content=\"@Gh0stysky\" \/>\n<meta name=\"twitter:label1\" content=\"Tempo estimado de leitura\" \/>\n\t<meta name=\"twitter:data1\" content=\"2 minutos\" \/>\n<script type=\"application\/ld+json\" class=\"yoast-schema-graph\">{\"@context\":\"https:\/\/schema.org\",\"@graph\":[{\"@type\":\"WebPage\",\"@id\":\"https:\/\/www.ghostysky.com\/product\/unitree-r1-edu-u6\/\",\"url\":\"https:\/\/www.ghostysky.com\/product\/unitree-r1-edu-u6\/\",\"name\":\"Unitree R1 Edu Pro D (U6) - Ghostysky\",\"isPartOf\":{\"@id\":\"https:\/\/www.ghostysky.com\/#website\"},\"primaryImageOfPage\":{\"@id\":\"https:\/\/www.ghostysky.com\/product\/unitree-r1-edu-u6\/#primaryimage\"},\"image\":{\"@id\":\"https:\/\/www.ghostysky.com\/product\/unitree-r1-edu-u6\/#primaryimage\"},\"thumbnailUrl\":\"https:\/\/www.ghostysky.com\/wp-content\/uploads\/2025\/10\/GH_R1-Basic-Version_1.jpg\",\"datePublished\":\"2025-10-17T06:48:20+00:00\",\"dateModified\":\"2026-03-20T11:44:42+00:00\",\"description\":\"The Unitree R1 Edu Pro D (U6) is the flagship configuration of the R1 humanoid series, specifically engineered for high-end research, AI development, and advanced human-robot interaction (HRI). As the \\\"U6\\\" variant, it represents the most feature-complete version of the R1 platform, distinguished by its high-fidelity tactile sensing and superior edge computing power.\",\"breadcrumb\":{\"@id\":\"https:\/\/www.ghostysky.com\/product\/unitree-r1-edu-u6\/#breadcrumb\"},\"inLanguage\":\"pt-PT\",\"potentialAction\":[{\"@type\":\"ReadAction\",\"target\":[\"https:\/\/www.ghostysky.com\/product\/unitree-r1-edu-u6\/\"]}]},{\"@type\":\"ImageObject\",\"inLanguage\":\"pt-PT\",\"@id\":\"https:\/\/www.ghostysky.com\/product\/unitree-r1-edu-u6\/#primaryimage\",\"url\":\"https:\/\/www.ghostysky.com\/wp-content\/uploads\/2025\/10\/GH_R1-Basic-Version_1.jpg\",\"contentUrl\":\"https:\/\/www.ghostysky.com\/wp-content\/uploads\/2025\/10\/GH_R1-Basic-Version_1.jpg\",\"width\":225,\"height\":225},{\"@type\":\"BreadcrumbList\",\"@id\":\"https:\/\/www.ghostysky.com\/product\/unitree-r1-edu-u6\/#breadcrumb\",\"itemListElement\":[{\"@type\":\"ListItem\",\"position\":1,\"name\":\"Home\",\"item\":\"https:\/\/www.ghostysky.com\/\"},{\"@type\":\"ListItem\",\"position\":2,\"name\":\"Shop\",\"item\":\"https:\/\/www.ghostysky.com\/shop\/\"},{\"@type\":\"ListItem\",\"position\":3,\"name\":\"Unitree R1 Edu Pro D (U6)\"}]},{\"@type\":\"WebSite\",\"@id\":\"https:\/\/www.ghostysky.com\/#website\",\"url\":\"https:\/\/www.ghostysky.com\/\",\"name\":\"Ghostysky\",\"description\":\"Delivering professional drones and services\",\"publisher\":{\"@id\":\"https:\/\/www.ghostysky.com\/#organization\"},\"potentialAction\":[{\"@type\":\"SearchAction\",\"target\":{\"@type\":\"EntryPoint\",\"urlTemplate\":\"https:\/\/www.ghostysky.com\/?s={search_term_string}\"},\"query-input\":{\"@type\":\"PropertyValueSpecification\",\"valueRequired\":true,\"valueName\":\"search_term_string\"}}],\"inLanguage\":\"pt-PT\"},{\"@type\":\"Organization\",\"@id\":\"https:\/\/www.ghostysky.com\/#organization\",\"name\":\"Ghostysky\",\"url\":\"https:\/\/www.ghostysky.com\/\",\"logo\":{\"@type\":\"ImageObject\",\"inLanguage\":\"pt-PT\",\"@id\":\"https:\/\/www.ghostysky.com\/#\/schema\/logo\/image\/\",\"url\":\"https:\/\/www.ghostysky.com\/wp-content\/uploads\/2020\/06\/cropped-ghostyskylogo_text_white2.png\",\"contentUrl\":\"https:\/\/www.ghostysky.com\/wp-content\/uploads\/2020\/06\/cropped-ghostyskylogo_text_white2.png\",\"width\":169,\"height\":56,\"caption\":\"Ghostysky\"},\"image\":{\"@id\":\"https:\/\/www.ghostysky.com\/#\/schema\/logo\/image\/\"},\"sameAs\":[\"https:\/\/www.facebook.com\/people\/Ghostysky\/100057676170234\/\",\"https:\/\/x.com\/Gh0stysky\",\"https:\/\/www.linkedin.com\/company\/34739653\",\"https:\/\/www.instagram.com\/gh0stysky\"]}]}<\/script>\n<!-- \/ Yoast SEO plugin. -->","yoast_head_json":{"title":"Unitree R1 Edu Pro D (U6) - Ghostysky","description":"O Unitree R1 Edu Pro D (U6) \u00e9 a configura\u00e7\u00e3o principal da s\u00e9rie de humanoides R1, projetada especificamente para pesquisa de ponta, desenvolvimento de IA e intera\u00e7\u00e3o humano-rob\u00f4 (IHR) avan\u00e7ada. Como variante &quot;U6&quot;, representa a vers\u00e3o mais completa da plataforma R1, destacando-se pela alta fidelidade de seus sensores t\u00e1teis e pelo poder superior de computa\u00e7\u00e3o de borda.","robots":{"index":"index","follow":"follow","max-snippet":"max-snippet:-1","max-image-preview":"max-image-preview:large","max-video-preview":"max-video-preview:-1"},"canonical":"https:\/\/www.ghostysky.com\/pt\/produto-2\/unitree-r1-edu-u6\/","og_locale":"pt_PT","og_type":"article","og_title":"Unitree R1 Edu Pro D (U6) - Ghostysky","og_description":"The Unitree R1 Edu Pro D (U6) is the flagship configuration of the R1 humanoid series, specifically engineered for high-end research, AI development, and advanced human-robot interaction (HRI). As the \"U6\" variant, it represents the most feature-complete version of the R1 platform, distinguished by its high-fidelity tactile sensing and superior edge computing power.","og_url":"https:\/\/www.ghostysky.com\/pt\/produto-2\/unitree-r1-edu-u6\/","og_site_name":"Ghostysky","article_publisher":"https:\/\/www.facebook.com\/people\/Ghostysky\/100057676170234\/","article_modified_time":"2026-03-20T11:44:42+00:00","og_image":[{"width":225,"height":225,"url":"https:\/\/www.ghostysky.com\/wp-content\/uploads\/2025\/10\/GH_R1-Basic-Version_1.jpg","type":"image\/jpeg"}],"twitter_card":"summary_large_image","twitter_site":"@Gh0stysky","twitter_misc":{"Tempo estimado de leitura":"2 minutos"},"schema":{"@context":"https:\/\/schema.org","@graph":[{"@type":"WebPage","@id":"https:\/\/www.ghostysky.com\/product\/unitree-r1-edu-u6\/","url":"https:\/\/www.ghostysky.com\/product\/unitree-r1-edu-u6\/","name":"Unitree R1 Edu Pro D (U6) - Ghostysky","isPartOf":{"@id":"https:\/\/www.ghostysky.com\/#website"},"primaryImageOfPage":{"@id":"https:\/\/www.ghostysky.com\/product\/unitree-r1-edu-u6\/#primaryimage"},"image":{"@id":"https:\/\/www.ghostysky.com\/product\/unitree-r1-edu-u6\/#primaryimage"},"thumbnailUrl":"https:\/\/www.ghostysky.com\/wp-content\/uploads\/2025\/10\/GH_R1-Basic-Version_1.jpg","datePublished":"2025-10-17T06:48:20+00:00","dateModified":"2026-03-20T11:44:42+00:00","description":"O Unitree R1 Edu Pro D (U6) \u00e9 a configura\u00e7\u00e3o principal da s\u00e9rie de humanoides R1, projetada especificamente para pesquisa de ponta, desenvolvimento de IA e intera\u00e7\u00e3o humano-rob\u00f4 (IHR) avan\u00e7ada. Como variante &quot;U6&quot;, representa a vers\u00e3o mais completa da plataforma R1, destacando-se pela alta fidelidade de seus sensores t\u00e1teis e pelo poder superior de computa\u00e7\u00e3o de borda.","breadcrumb":{"@id":"https:\/\/www.ghostysky.com\/product\/unitree-r1-edu-u6\/#breadcrumb"},"inLanguage":"pt-PT","potentialAction":[{"@type":"ReadAction","target":["https:\/\/www.ghostysky.com\/product\/unitree-r1-edu-u6\/"]}]},{"@type":"ImageObject","inLanguage":"pt-PT","@id":"https:\/\/www.ghostysky.com\/product\/unitree-r1-edu-u6\/#primaryimage","url":"https:\/\/www.ghostysky.com\/wp-content\/uploads\/2025\/10\/GH_R1-Basic-Version_1.jpg","contentUrl":"https:\/\/www.ghostysky.com\/wp-content\/uploads\/2025\/10\/GH_R1-Basic-Version_1.jpg","width":225,"height":225},{"@type":"BreadcrumbList","@id":"https:\/\/www.ghostysky.com\/product\/unitree-r1-edu-u6\/#breadcrumb","itemListElement":[{"@type":"ListItem","position":1,"name":"Home","item":"https:\/\/www.ghostysky.com\/"},{"@type":"ListItem","position":2,"name":"Shop","item":"https:\/\/www.ghostysky.com\/shop\/"},{"@type":"ListItem","position":3,"name":"Unitree R1 Edu Pro D (U6)"}]},{"@type":"WebSite","@id":"https:\/\/www.ghostysky.com\/#website","url":"https:\/\/www.ghostysky.com\/","name":"Ghostysky","description":"Fornecendo drones e servi\u00e7os profissionais","publisher":{"@id":"https:\/\/www.ghostysky.com\/#organization"},"potentialAction":[{"@type":"SearchAction","target":{"@type":"EntryPoint","urlTemplate":"https:\/\/www.ghostysky.com\/?s={search_term_string}"},"query-input":{"@type":"PropertyValueSpecification","valueRequired":true,"valueName":"search_term_string"}}],"inLanguage":"pt-PT"},{"@type":"Organization","@id":"https:\/\/www.ghostysky.com\/#organization","name":"Ghostysky","url":"https:\/\/www.ghostysky.com\/","logo":{"@type":"ImageObject","inLanguage":"pt-PT","@id":"https:\/\/www.ghostysky.com\/#\/schema\/logo\/image\/","url":"https:\/\/www.ghostysky.com\/wp-content\/uploads\/2020\/06\/cropped-ghostyskylogo_text_white2.png","contentUrl":"https:\/\/www.ghostysky.com\/wp-content\/uploads\/2020\/06\/cropped-ghostyskylogo_text_white2.png","width":169,"height":56,"caption":"Ghostysky"},"image":{"@id":"https:\/\/www.ghostysky.com\/#\/schema\/logo\/image\/"},"sameAs":["https:\/\/www.facebook.com\/people\/Ghostysky\/100057676170234\/","https:\/\/x.com\/Gh0stysky","https:\/\/www.linkedin.com\/company\/34739653","https:\/\/www.instagram.com\/gh0stysky"]}]}},"_links":{"self":[{"href":"https:\/\/www.ghostysky.com\/pt\/wp-json\/wp\/v2\/product\/21569","targetHints":{"allow":["GET"]}}],"collection":[{"href":"https:\/\/www.ghostysky.com\/pt\/wp-json\/wp\/v2\/product"}],"about":[{"href":"https:\/\/www.ghostysky.com\/pt\/wp-json\/wp\/v2\/types\/product"}],"replies":[{"embeddable":true,"href":"https:\/\/www.ghostysky.com\/pt\/wp-json\/wp\/v2\/comments?post=21569"}],"wp:featuredmedia":[{"embeddable":true,"href":"https:\/\/www.ghostysky.com\/pt\/wp-json\/wp\/v2\/media\/21562"}],"wp:attachment":[{"href":"https:\/\/www.ghostysky.com\/pt\/wp-json\/wp\/v2\/media?parent=21569"}],"wp:term":[{"taxonomy":"product_brand","embeddable":true,"href":"https:\/\/www.ghostysky.com\/pt\/wp-json\/wp\/v2\/product_brand?post=21569"},{"taxonomy":"product_cat","embeddable":true,"href":"https:\/\/www.ghostysky.com\/pt\/wp-json\/wp\/v2\/product_cat?post=21569"},{"taxonomy":"product_tag","embeddable":true,"href":"https:\/\/www.ghostysky.com\/pt\/wp-json\/wp\/v2\/product_tag?post=21569"}],"curies":[{"name":"wp","href":"https:\/\/api.w.org\/{rel}","templated":true}]}}