{"id":21728,"date":"2025-10-17T13:35:17","date_gmt":"2025-10-17T13:35:17","guid":{"rendered":"https:\/\/www.ghostysky.com\/?post_type=product&#038;p=21728"},"modified":"2025-10-17T13:35:49","modified_gmt":"2025-10-17T13:35:49","slug":"dji-matrice-4td-worry-free-flagship-combo-without-battery","status":"publish","type":"product","link":"https:\/\/www.ghostysky.com\/pt\/product\/dji-matrice-4td-worry-free-flagship-combo-without-battery\/","title":{"rendered":"Combo principal sem preocupa\u00e7\u00f5es DJI Matrice 4TD (sem bateria)"},"content":{"rendered":"<div id=\"model-response-message-contentr_dad66f8cedfc2587\" class=\"markdown markdown-main-panel stronger enable-updated-hr-color\" dir=\"ltr\">\n<h3><b>Principais recursos do DJI Matrice 4TD<\/b><\/h3>\n<ul>\n<li><b>Carga \u00fatil multissensor avan\u00e7ada:<\/b><span class=\"citation-996 citation-end-996\"> O Matrice 4TD \u00e9 equipado com um sistema de c\u00e2mera abrangente para captura vers\u00e1til de dados:<\/span>\n<ul>\n<li><b><span class=\"citation-995\">C\u00e2mera grande angular:<\/span><\/b><span class=\"citation-995 citation-end-995\"> 48 MP, CMOS de 1\/1,3 polegada.<\/span><\/li>\n<li><b><span class=\"citation-994\">Telec\u00e2mera m\u00e9dia:<\/span><\/b><span class=\"citation-994 citation-end-994\"> 48 MP, CMOS de 1\/1,3 polegadas para inspe\u00e7\u00f5es de m\u00e9dio alcance.<\/span><\/li>\n<li><b><span class=\"citation-993\">Telec\u00e2mera:<\/span><\/b><span class=\"citation-993 citation-end-993\"> 48 MP, CMOS de 1\/1,5 polegada, capaz de capturar detalhes finos de longas dist\u00e2ncias (at\u00e9 250 m).<\/span><\/li>\n<li><b><span class=\"citation-992\">C\u00e2mera t\u00e9rmica infravermelha:<\/span><\/b><span class=\"citation-992 citation-end-992\"> Alta resolu\u00e7\u00e3o <\/span><span class=\"math-inline\" data-math=\"640 \\times 512\"><span class=\"katex\"><span class=\"katex-html\" aria-hidden=\"true\"><span class=\"base\"><span class=\"mord\">640<\/span><span class=\"mbin\">\u00d7<\/span><\/span><span class=\"base\"><span class=\"mord\">512<\/span><\/span><\/span><\/span><\/span><span class=\"citation-991 citation-end-991\"> resolu\u00e7\u00e3o (compat\u00edvel com modo de imagem infravermelha UHR at\u00e9 <\/span><span class=\"math-inline\" data-math=\"1280 \\times 1024\"><span class=\"katex\"><span class=\"katex-html\" aria-hidden=\"true\"><span class=\"base\"><span class=\"mord\">1280<\/span><span class=\"mbin\">\u00d7<\/span><\/span><span class=\"base\"><span class=\"mord\">1024<\/span><\/span><\/span><\/span><\/span><span class=\"citation-990 citation-end-990\">) para leituras precisas de temperatura e an\u00e1lise t\u00e9rmica.<\/span><\/li>\n<li><b><span class=\"citation-989\">Tel\u00eametro a laser:<\/span><\/b><span class=\"citation-989 citation-end-989\"> Mede dist\u00e2ncias de at\u00e9 1800 m para posicionamento e dados precisos.<\/span><\/li>\n<li><b><span class=\"citation-988\">Luz Auxiliar NIR:<\/span><\/b><span class=\"citation-988 citation-end-988\"> Uma fonte de luz infravermelha pr\u00f3xima para melhor visibilidade em condi\u00e7\u00f5es de pouca luz, cobrindo dist\u00e2ncias de at\u00e9 100 m.<\/span><\/li>\n<\/ul>\n<\/li>\n<li><b>Desempenho robusto e confi\u00e1vel:<\/b>\n<ul>\n<li><b><span class=\"citation-987\">Classifica\u00e7\u00e3o IP55:<\/span><\/b><span class=\"citation-987 citation-end-987\"> Oferece impressionante resist\u00eancia \u00e0 poeira e \u00e0 \u00e1gua, permitindo opera\u00e7\u00f5es em condi\u00e7\u00f5es clim\u00e1ticas adversas.<\/span><\/li>\n<li><b>Tempo de voo prolongado:<\/b><span class=\"citation-986 citation-end-986\"> Oferece at\u00e9 54 minutos de voo para frente (ou 47 minutos pairando) para maior resist\u00eancia da miss\u00e3o.<\/span><\/li>\n<li><b><span class=\"citation-985\">H\u00e9lices anti-gelo:<\/span><\/b><span class=\"citation-985 citation-end-985\"> Vem de f\u00e1brica com h\u00e9lices antigelo de baixo ru\u00eddo, garantindo um voo est\u00e1vel mesmo em condi\u00e7\u00f5es de chuva congelante.<\/span><\/li>\n<\/ul>\n<\/li>\n<li><b>Seguran\u00e7a e autonomia aprimoradas:<\/b>\n<ul>\n<li><b>Detec\u00e7\u00e3o avan\u00e7ada de obst\u00e1culos:<\/b><span class=\"citation-984\"> Utiliza uma combina\u00e7\u00e3o de rota\u00e7\u00e3o <\/span><b><span class=\"citation-984\">LiDAR<\/span><\/b><span class=\"citation-984\"> e <\/span><b><span class=\"citation-984\">radar de ondas milim\u00e9tricas<\/span><\/b><span class=\"citation-984 citation-end-984\"> tecnologia para evitar obst\u00e1culos de forma precisa e em todas as dire\u00e7\u00f5es, detectando at\u00e9 mesmo fios finos.<\/span><\/li>\n<li><b>Excelente em condi\u00e7\u00f5es de pouca luz:<\/b><span class=\"citation-983\"> Apresenta um <\/span><b><span class=\"citation-983\">Modo Cena Noturna<\/span><\/b><span class=\"citation-983\"> para vis\u00e3o noturna em cores, e o Matrice 4TD inclui especificamente um <\/span><b><span class=\"citation-983\">Filtro de corte infravermelho<\/span><\/b><span class=\"citation-983 citation-end-983\"> para opera\u00e7\u00f5es confi\u00e1veis 24 horas por dia, 7 dias por semana, na escurid\u00e3o total.<\/span><\/li>\n<li><b>Revezamento a\u00e9reo cont\u00ednuo:<\/b><span class=\"citation-982\"> O drone pode operar com o <\/span><b><span class=\"citation-982\">DJI RC Plus 2 Enterprise<\/span><\/b><span class=\"citation-982 citation-end-982\"> controlador e possui uma fun\u00e7\u00e3o de rel\u00e9 integrada, permitindo que um drone voe alto como um rel\u00e9 para estender o alcance de comunica\u00e7\u00e3o para outro, ideal para terrenos montanhosos.<\/span><\/li>\n<\/ul>\n<\/li>\n<\/ul>\n<p>O <b>Combo principal sem preocupa\u00e7\u00f5es<\/b> inclui este drone de \u00faltima gera\u00e7\u00e3o com acess\u00f3rios essenciais e um plano de servi\u00e7o, garantindo que os profissionais tenham as ferramentas e o suporte necess\u00e1rios para opera\u00e7\u00f5es cr\u00edticas, em qualquer clima e 24 horas por dia, 7 dias por semana.<\/p>\n<h4>Na caixa<\/h4>\n<p>1x Matriz 4TD<br \/>\n1x H\u00e9lices sobressalentes antigelo de baixo ru\u00eddo DJI Matrice s\u00e9rie 4D (par)<br \/>\n1x Conjunto de chaves de fenda<br \/>\n1x Cabo de dados USB-A para USB-C<br \/>\n6 parafusos de h\u00e9lice M2.5<br \/>\n6x arruelas de borracha (para h\u00e9lices)<br \/>\n4 parafusos M1.6 para compartimento de m\u00f3dulo celular de aeronave<\/p>\n<\/div>","protected":false},"excerpt":{"rendered":"<p><span class=\"citation-997 citation-end-997\">O DJI Matrice 4TD Worry-Free Flagship Combo \u00e9 uma solu\u00e7\u00e3o de drone de alto desempenho e resistente \u00e0s intemp\u00e9ries, projetada para aplica\u00e7\u00f5es empresariais exigentes, como inspe\u00e7\u00e3o de infraestrutura, resposta a emerg\u00eancias, seguran\u00e7a p\u00fablica e levantamento a\u00e9reo detalhado.<\/span> O \u201cCombo principal sem preocupa\u00e7\u00f5es\u201d normalmente inclui o pr\u00f3prio drone, o controle remoto de n\u00edvel profissional, baterias, equipamento de carregamento e, muitas vezes, um n\u00edvel de <b>DJI Care Enterprise Plus<\/b> para maior tranquilidade.<\/p>","protected":false},"featured_media":21732,"comment_status":"open","ping_status":"closed","template":"","meta":[],"product_brand":[1031],"product_cat":[37,1118,1117],"product_tag":[42,1121,1120],"class_list":{"0":"post-21728","1":"product","2":"type-product","3":"status-publish","4":"has-post-thumbnail","6":"product_brand-dji","7":"product_cat-dji","8":"product_cat-dji-matrice-4-drones","9":"product_cat-matrice-4","10":"product_tag-dji","11":"product_tag-dji-matrice-4-drone","12":"product_tag-dji-matrice-4-series","14":"first","15":"onbackorder","16":"taxable","17":"shipping-taxable","18":"purchasable","19":"product-type-simple"},"yoast_head":"<!-- This site is optimized with the Yoast SEO plugin v27.1.1 - https:\/\/yoast.com\/product\/yoast-seo-wordpress\/ -->\n<title>DJI Matrice 4TD Worry-Free Flagship Combo (without Battery) - Ghostysky<\/title>\n<meta name=\"description\" content=\"The DJI Matrice 4TD Worry-Free Flagship Combo is a high-performance, weather-resistant drone solution designed for demanding enterprise applications such as infrastructure inspection, emergency response, public safety, and detailed aerial surveying. The &quot;Worry-Free Flagship Combo&quot; typically includes the drone itself, the professional-grade remote controller, batteries, charging equipment, and often a level of DJI Care Enterprise Plus for added peace of mind.\" \/>\n<meta name=\"robots\" content=\"index, follow, max-snippet:-1, max-image-preview:large, max-video-preview:-1\" \/>\n<link rel=\"canonical\" href=\"https:\/\/www.ghostysky.com\/pt\/produto-2\/dji-matrice-4td-worry-free-flagship-combo-without-battery\/\" \/>\n<meta property=\"og:locale\" content=\"pt_PT\" \/>\n<meta property=\"og:type\" content=\"article\" \/>\n<meta property=\"og:title\" content=\"DJI Matrice 4TD Worry-Free Flagship Combo (without Battery) - Ghostysky\" \/>\n<meta property=\"og:description\" content=\"The DJI Matrice 4TD Worry-Free Flagship Combo is a high-performance, weather-resistant drone solution designed for demanding enterprise applications such as infrastructure inspection, emergency response, public safety, and detailed aerial surveying. The &quot;Worry-Free Flagship Combo&quot; typically includes the drone itself, the professional-grade remote controller, batteries, charging equipment, and often a level of DJI Care Enterprise Plus for added peace of mind.\" \/>\n<meta property=\"og:url\" content=\"https:\/\/www.ghostysky.com\/pt\/produto-2\/dji-matrice-4td-worry-free-flagship-combo-without-battery\/\" \/>\n<meta property=\"og:site_name\" content=\"Ghostysky\" \/>\n<meta property=\"article:publisher\" content=\"https:\/\/www.facebook.com\/people\/Ghostysky\/100057676170234\/\" \/>\n<meta property=\"article:modified_time\" content=\"2025-10-17T13:35:49+00:00\" \/>\n<meta property=\"og:image\" content=\"https:\/\/www.ghostysky.com\/wp-content\/uploads\/2025\/10\/GH_DJI-Matrice-4TD-Worry-Free-Flagship-Combo-without-Battery_1.jpg\" \/>\n\t<meta property=\"og:image:width\" content=\"800\" \/>\n\t<meta property=\"og:image:height\" content=\"800\" \/>\n\t<meta property=\"og:image:type\" content=\"image\/jpeg\" \/>\n<meta name=\"twitter:card\" content=\"summary_large_image\" \/>\n<meta name=\"twitter:site\" content=\"@Gh0stysky\" \/>\n<meta name=\"twitter:label1\" content=\"Tempo estimado de leitura\" \/>\n\t<meta name=\"twitter:data1\" content=\"2 minutos\" \/>\n<script type=\"application\/ld+json\" class=\"yoast-schema-graph\">{\"@context\":\"https:\/\/schema.org\",\"@graph\":[{\"@type\":\"WebPage\",\"@id\":\"https:\/\/www.ghostysky.com\/product\/dji-matrice-4td-worry-free-flagship-combo-without-battery\/\",\"url\":\"https:\/\/www.ghostysky.com\/product\/dji-matrice-4td-worry-free-flagship-combo-without-battery\/\",\"name\":\"DJI Matrice 4TD Worry-Free Flagship Combo (without Battery) - Ghostysky\",\"isPartOf\":{\"@id\":\"https:\/\/www.ghostysky.com\/#website\"},\"primaryImageOfPage\":{\"@id\":\"https:\/\/www.ghostysky.com\/product\/dji-matrice-4td-worry-free-flagship-combo-without-battery\/#primaryimage\"},\"image\":{\"@id\":\"https:\/\/www.ghostysky.com\/product\/dji-matrice-4td-worry-free-flagship-combo-without-battery\/#primaryimage\"},\"thumbnailUrl\":\"https:\/\/www.ghostysky.com\/wp-content\/uploads\/2025\/10\/GH_DJI-Matrice-4TD-Worry-Free-Flagship-Combo-without-Battery_1.jpg\",\"datePublished\":\"2025-10-17T13:35:17+00:00\",\"dateModified\":\"2025-10-17T13:35:49+00:00\",\"description\":\"The DJI Matrice 4TD Worry-Free Flagship Combo is a high-performance, weather-resistant drone solution designed for demanding enterprise applications such as infrastructure inspection, emergency response, public safety, and detailed aerial surveying. The \\\"Worry-Free Flagship Combo\\\" typically includes the drone itself, the professional-grade remote controller, batteries, charging equipment, and often a level of DJI Care Enterprise Plus for added peace of mind.\",\"breadcrumb\":{\"@id\":\"https:\/\/www.ghostysky.com\/product\/dji-matrice-4td-worry-free-flagship-combo-without-battery\/#breadcrumb\"},\"inLanguage\":\"pt-PT\",\"potentialAction\":[{\"@type\":\"ReadAction\",\"target\":[\"https:\/\/www.ghostysky.com\/product\/dji-matrice-4td-worry-free-flagship-combo-without-battery\/\"]}]},{\"@type\":\"ImageObject\",\"inLanguage\":\"pt-PT\",\"@id\":\"https:\/\/www.ghostysky.com\/product\/dji-matrice-4td-worry-free-flagship-combo-without-battery\/#primaryimage\",\"url\":\"https:\/\/www.ghostysky.com\/wp-content\/uploads\/2025\/10\/GH_DJI-Matrice-4TD-Worry-Free-Flagship-Combo-without-Battery_1.jpg\",\"contentUrl\":\"https:\/\/www.ghostysky.com\/wp-content\/uploads\/2025\/10\/GH_DJI-Matrice-4TD-Worry-Free-Flagship-Combo-without-Battery_1.jpg\",\"width\":800,\"height\":800},{\"@type\":\"BreadcrumbList\",\"@id\":\"https:\/\/www.ghostysky.com\/product\/dji-matrice-4td-worry-free-flagship-combo-without-battery\/#breadcrumb\",\"itemListElement\":[{\"@type\":\"ListItem\",\"position\":1,\"name\":\"Home\",\"item\":\"https:\/\/www.ghostysky.com\/\"},{\"@type\":\"ListItem\",\"position\":2,\"name\":\"Shop\",\"item\":\"https:\/\/www.ghostysky.com\/shop\/\"},{\"@type\":\"ListItem\",\"position\":3,\"name\":\"DJI Matrice 4TD Worry-Free Flagship Combo (without Battery)\"}]},{\"@type\":\"WebSite\",\"@id\":\"https:\/\/www.ghostysky.com\/#website\",\"url\":\"https:\/\/www.ghostysky.com\/\",\"name\":\"Ghostysky\",\"description\":\"Delivering professional drones and services\",\"publisher\":{\"@id\":\"https:\/\/www.ghostysky.com\/#organization\"},\"potentialAction\":[{\"@type\":\"SearchAction\",\"target\":{\"@type\":\"EntryPoint\",\"urlTemplate\":\"https:\/\/www.ghostysky.com\/?s={search_term_string}\"},\"query-input\":{\"@type\":\"PropertyValueSpecification\",\"valueRequired\":true,\"valueName\":\"search_term_string\"}}],\"inLanguage\":\"pt-PT\"},{\"@type\":\"Organization\",\"@id\":\"https:\/\/www.ghostysky.com\/#organization\",\"name\":\"Ghostysky\",\"url\":\"https:\/\/www.ghostysky.com\/\",\"logo\":{\"@type\":\"ImageObject\",\"inLanguage\":\"pt-PT\",\"@id\":\"https:\/\/www.ghostysky.com\/#\/schema\/logo\/image\/\",\"url\":\"https:\/\/www.ghostysky.com\/wp-content\/uploads\/2020\/06\/cropped-ghostyskylogo_text_white2.png\",\"contentUrl\":\"https:\/\/www.ghostysky.com\/wp-content\/uploads\/2020\/06\/cropped-ghostyskylogo_text_white2.png\",\"width\":169,\"height\":56,\"caption\":\"Ghostysky\"},\"image\":{\"@id\":\"https:\/\/www.ghostysky.com\/#\/schema\/logo\/image\/\"},\"sameAs\":[\"https:\/\/www.facebook.com\/people\/Ghostysky\/100057676170234\/\",\"https:\/\/x.com\/Gh0stysky\",\"https:\/\/www.linkedin.com\/company\/34739653\",\"https:\/\/www.instagram.com\/gh0stysky\"]}]}<\/script>\n<!-- \/ Yoast SEO plugin. -->","yoast_head_json":{"title":"DJI Matrice 4TD Worry-Free Flagship Combo (sem bateria) - Ghostysky","description":"O DJI Matrice 4TD Worry-Free Flagship Combo \u00e9 uma solu\u00e7\u00e3o de drone de alto desempenho e resistente \u00e0s intemp\u00e9ries, projetada para aplica\u00e7\u00f5es empresariais exigentes, como inspe\u00e7\u00e3o de infraestrutura, resposta a emerg\u00eancias, seguran\u00e7a p\u00fablica e levantamento a\u00e9reo detalhado. O &quot;Worry-Free Flagship Combo&quot; normalmente inclui o pr\u00f3prio drone, o controle remoto de n\u00edvel profissional, baterias, equipamento de carregamento e, muitas vezes, um n\u00edvel de DJI Care Enterprise Plus para maior tranquilidade.","robots":{"index":"index","follow":"follow","max-snippet":"max-snippet:-1","max-image-preview":"max-image-preview:large","max-video-preview":"max-video-preview:-1"},"canonical":"https:\/\/www.ghostysky.com\/pt\/produto-2\/dji-matrice-4td-worry-free-flagship-combo-without-battery\/","og_locale":"pt_PT","og_type":"article","og_title":"DJI Matrice 4TD Worry-Free Flagship Combo (without Battery) - Ghostysky","og_description":"The DJI Matrice 4TD Worry-Free Flagship Combo is a high-performance, weather-resistant drone solution designed for demanding enterprise applications such as infrastructure inspection, emergency response, public safety, and detailed aerial surveying. The \"Worry-Free Flagship Combo\" typically includes the drone itself, the professional-grade remote controller, batteries, charging equipment, and often a level of DJI Care Enterprise Plus for added peace of mind.","og_url":"https:\/\/www.ghostysky.com\/pt\/produto-2\/dji-matrice-4td-worry-free-flagship-combo-without-battery\/","og_site_name":"Ghostysky","article_publisher":"https:\/\/www.facebook.com\/people\/Ghostysky\/100057676170234\/","article_modified_time":"2025-10-17T13:35:49+00:00","og_image":[{"width":800,"height":800,"url":"https:\/\/www.ghostysky.com\/wp-content\/uploads\/2025\/10\/GH_DJI-Matrice-4TD-Worry-Free-Flagship-Combo-without-Battery_1.jpg","type":"image\/jpeg"}],"twitter_card":"summary_large_image","twitter_site":"@Gh0stysky","twitter_misc":{"Tempo estimado de leitura":"2 minutos"},"schema":{"@context":"https:\/\/schema.org","@graph":[{"@type":"WebPage","@id":"https:\/\/www.ghostysky.com\/product\/dji-matrice-4td-worry-free-flagship-combo-without-battery\/","url":"https:\/\/www.ghostysky.com\/product\/dji-matrice-4td-worry-free-flagship-combo-without-battery\/","name":"DJI Matrice 4TD Worry-Free Flagship Combo (sem bateria) - Ghostysky","isPartOf":{"@id":"https:\/\/www.ghostysky.com\/#website"},"primaryImageOfPage":{"@id":"https:\/\/www.ghostysky.com\/product\/dji-matrice-4td-worry-free-flagship-combo-without-battery\/#primaryimage"},"image":{"@id":"https:\/\/www.ghostysky.com\/product\/dji-matrice-4td-worry-free-flagship-combo-without-battery\/#primaryimage"},"thumbnailUrl":"https:\/\/www.ghostysky.com\/wp-content\/uploads\/2025\/10\/GH_DJI-Matrice-4TD-Worry-Free-Flagship-Combo-without-Battery_1.jpg","datePublished":"2025-10-17T13:35:17+00:00","dateModified":"2025-10-17T13:35:49+00:00","description":"O DJI Matrice 4TD Worry-Free Flagship Combo \u00e9 uma solu\u00e7\u00e3o de drone de alto desempenho e resistente \u00e0s intemp\u00e9ries, projetada para aplica\u00e7\u00f5es empresariais exigentes, como inspe\u00e7\u00e3o de infraestrutura, resposta a emerg\u00eancias, seguran\u00e7a p\u00fablica e levantamento a\u00e9reo detalhado. O &quot;Worry-Free Flagship Combo&quot; normalmente inclui o pr\u00f3prio drone, o controle remoto de n\u00edvel profissional, baterias, equipamento de carregamento e, muitas vezes, um n\u00edvel de DJI Care Enterprise Plus para maior tranquilidade.","breadcrumb":{"@id":"https:\/\/www.ghostysky.com\/product\/dji-matrice-4td-worry-free-flagship-combo-without-battery\/#breadcrumb"},"inLanguage":"pt-PT","potentialAction":[{"@type":"ReadAction","target":["https:\/\/www.ghostysky.com\/product\/dji-matrice-4td-worry-free-flagship-combo-without-battery\/"]}]},{"@type":"ImageObject","inLanguage":"pt-PT","@id":"https:\/\/www.ghostysky.com\/product\/dji-matrice-4td-worry-free-flagship-combo-without-battery\/#primaryimage","url":"https:\/\/www.ghostysky.com\/wp-content\/uploads\/2025\/10\/GH_DJI-Matrice-4TD-Worry-Free-Flagship-Combo-without-Battery_1.jpg","contentUrl":"https:\/\/www.ghostysky.com\/wp-content\/uploads\/2025\/10\/GH_DJI-Matrice-4TD-Worry-Free-Flagship-Combo-without-Battery_1.jpg","width":800,"height":800},{"@type":"BreadcrumbList","@id":"https:\/\/www.ghostysky.com\/product\/dji-matrice-4td-worry-free-flagship-combo-without-battery\/#breadcrumb","itemListElement":[{"@type":"ListItem","position":1,"name":"Home","item":"https:\/\/www.ghostysky.com\/"},{"@type":"ListItem","position":2,"name":"Shop","item":"https:\/\/www.ghostysky.com\/shop\/"},{"@type":"ListItem","position":3,"name":"DJI Matrice 4TD Worry-Free Flagship Combo (without Battery)"}]},{"@type":"WebSite","@id":"https:\/\/www.ghostysky.com\/#website","url":"https:\/\/www.ghostysky.com\/","name":"Ghostysky","description":"Fornecendo drones e servi\u00e7os profissionais","publisher":{"@id":"https:\/\/www.ghostysky.com\/#organization"},"potentialAction":[{"@type":"SearchAction","target":{"@type":"EntryPoint","urlTemplate":"https:\/\/www.ghostysky.com\/?s={search_term_string}"},"query-input":{"@type":"PropertyValueSpecification","valueRequired":true,"valueName":"search_term_string"}}],"inLanguage":"pt-PT"},{"@type":"Organization","@id":"https:\/\/www.ghostysky.com\/#organization","name":"Ghostysky","url":"https:\/\/www.ghostysky.com\/","logo":{"@type":"ImageObject","inLanguage":"pt-PT","@id":"https:\/\/www.ghostysky.com\/#\/schema\/logo\/image\/","url":"https:\/\/www.ghostysky.com\/wp-content\/uploads\/2020\/06\/cropped-ghostyskylogo_text_white2.png","contentUrl":"https:\/\/www.ghostysky.com\/wp-content\/uploads\/2020\/06\/cropped-ghostyskylogo_text_white2.png","width":169,"height":56,"caption":"Ghostysky"},"image":{"@id":"https:\/\/www.ghostysky.com\/#\/schema\/logo\/image\/"},"sameAs":["https:\/\/www.facebook.com\/people\/Ghostysky\/100057676170234\/","https:\/\/x.com\/Gh0stysky","https:\/\/www.linkedin.com\/company\/34739653","https:\/\/www.instagram.com\/gh0stysky"]}]}},"_links":{"self":[{"href":"https:\/\/www.ghostysky.com\/pt\/wp-json\/wp\/v2\/product\/21728","targetHints":{"allow":["GET"]}}],"collection":[{"href":"https:\/\/www.ghostysky.com\/pt\/wp-json\/wp\/v2\/product"}],"about":[{"href":"https:\/\/www.ghostysky.com\/pt\/wp-json\/wp\/v2\/types\/product"}],"replies":[{"embeddable":true,"href":"https:\/\/www.ghostysky.com\/pt\/wp-json\/wp\/v2\/comments?post=21728"}],"wp:featuredmedia":[{"embeddable":true,"href":"https:\/\/www.ghostysky.com\/pt\/wp-json\/wp\/v2\/media\/21732"}],"wp:attachment":[{"href":"https:\/\/www.ghostysky.com\/pt\/wp-json\/wp\/v2\/media?parent=21728"}],"wp:term":[{"taxonomy":"product_brand","embeddable":true,"href":"https:\/\/www.ghostysky.com\/pt\/wp-json\/wp\/v2\/product_brand?post=21728"},{"taxonomy":"product_cat","embeddable":true,"href":"https:\/\/www.ghostysky.com\/pt\/wp-json\/wp\/v2\/product_cat?post=21728"},{"taxonomy":"product_tag","embeddable":true,"href":"https:\/\/www.ghostysky.com\/pt\/wp-json\/wp\/v2\/product_tag?post=21728"}],"curies":[{"name":"wp","href":"https:\/\/api.w.org\/{rel}","templated":true}]}}