{"id":21735,"date":"2025-10-17T13:37:41","date_gmt":"2025-10-17T13:37:41","guid":{"rendered":"https:\/\/www.ghostysky.com\/?post_type=product&#038;p=21735"},"modified":"2025-10-17T13:45:49","modified_gmt":"2025-10-17T13:45:49","slug":"dji-matrice-4d-worry-free-flagship-combo","status":"publish","type":"product","link":"https:\/\/www.ghostysky.com\/pt\/product\/dji-matrice-4d-worry-free-flagship-combo\/","title":{"rendered":"Combo principal sem preocupa\u00e7\u00f5es DJI Matrice 4D"},"content":{"rendered":"<div id=\"model-response-message-contentr_55bc02040a3d26f8\" class=\"markdown markdown-main-panel stronger enable-updated-hr-color\" dir=\"ltr\">\n<h3><b>Principais recursos e benef\u00edcios<\/b><\/h3>\n<ul>\n<li><b><span class=\"citation-1043\">Sistema de imagem poderoso:<\/span><\/b><span class=\"citation-1043 citation-end-1043\"> O Matrice 4D est\u00e1 equipado com uma carga visual de alto desempenho, incluindo:<\/span>\n<ul>\n<li><span class=\"citation-1042\">UMA <\/span><b><span class=\"citation-1042\">C\u00e2mera grande angular de 20 MP<\/span><\/b><span class=\"citation-1042 citation-end-1042\"> com um sensor CMOS 4\/3 para imagens a\u00e9reas de alta resolu\u00e7\u00e3o.<\/span><\/li>\n<li><span class=\"citation-1041\">UMA <\/span><b><span class=\"citation-1041\">C\u00e2mera Tele de 48MP M\u00e9dia<\/span><\/b><span class=\"citation-1041 citation-end-1041\"> (equivalente a 70 mm) para inspe\u00e7\u00e3o detalhada de m\u00e9dio alcance.<\/span><\/li>\n<li><span class=\"citation-1040\">UMA <\/span><b><span class=\"citation-1040\">C\u00e2mera teleobjetiva de 48 MP<\/span><\/b><span class=\"citation-1040 citation-end-1040\"> (equivalente a 168 mm) para capturar detalhes finos \u00e0 dist\u00e2ncia (at\u00e9 <\/span><span class=\"math-inline\" data-math=\"250\\text{ m}\"><span class=\"katex\"><span class=\"katex-html\" aria-hidden=\"true\"><span class=\"base\"><span class=\"mord\">250<\/span><span class=\"mord text\"><span class=\"mord\">\u00a0m<\/span><\/span><\/span><\/span><\/span><\/span><span class=\"citation-1039 citation-end-1039\">), com estabiliza\u00e7\u00e3o de primeiro plano aprimorada.<\/span><\/li>\n<li><span class=\"citation-1038\">Um integrado <\/span><b><span class=\"citation-1038\">Tel\u00eametro a laser<\/span><\/b><span class=\"citation-1038 citation-end-1038\"> para medi\u00e7\u00e3o precisa de dist\u00e2ncia e captura de dados.<\/span><\/li>\n<\/ul>\n<\/li>\n<li><b>Opera\u00e7\u00e3o sem preocupa\u00e7\u00f5es:<\/b> O aspecto \u201cWorry-Free\u201d destaca sua robustez e recursos avan\u00e7ados de seguran\u00e7a:\n<ul>\n<li><b>Tempo de voo prolongado:<\/b><span class=\"citation-1037 citation-end-1037\"> Oferece at\u00e9 <\/span><span class=\"math-inline\" data-math=\"54\\text{ minutes}\"><span class=\"katex\"><span class=\"katex-html\" aria-hidden=\"true\"><span class=\"base\"><span class=\"mord\">54<\/span><span class=\"mord text\"><span class=\"mord\">\u00a0minutos<\/span><\/span><\/span><\/span><\/span><\/span><span class=\"citation-1036 citation-end-1036\"> de tempo de voo para a frente ou <\/span><span class=\"math-inline\" data-math=\"47\\text{ minutes}\"><span class=\"katex\"><span class=\"katex-html\" aria-hidden=\"true\"><span class=\"base\"><span class=\"mord\">47<\/span><span class=\"mord text\"><span class=\"mord\">\u00a0minutos<\/span><\/span><\/span><\/span><\/span><\/span><span class=\"citation-1035 citation-end-1035\"> de tempo de pairar (com bateria Matrice S\u00e9rie 4D).<\/span><\/li>\n<li><b>Classifica\u00e7\u00e3o de prote\u00e7\u00e3o IP55:<\/b><span class=\"citation-1034 citation-end-1034\"> Garante resist\u00eancia robusta \u00e0 poeira e \u00e0 \u00e1gua, permitindo uma opera\u00e7\u00e3o confi\u00e1vel em diversas condi\u00e7\u00f5es clim\u00e1ticas.<\/span><\/li>\n<li><b>Detec\u00e7\u00e3o avan\u00e7ada de obst\u00e1culos:<\/b><span class=\"citation-1033\"> O M\u00f3dulo de Detec\u00e7\u00e3o de Obst\u00e1culos combina <\/span><b><span class=\"citation-1033\">LiDAR rotativo<\/span><\/b><span class=\"citation-1033\"> e <\/span><b><span class=\"citation-1033\">radar de ondas milim\u00e9tricas<\/span><\/b><span class=\"citation-1033 citation-end-1033\"> para precis\u00e3o, <\/span><span class=\"math-inline\" data-math=\"12\\text{ mm}\"><span class=\"katex\"><span class=\"katex-html\" aria-hidden=\"true\"><span class=\"base\"><span class=\"mord\">12<\/span><span class=\"mord text\"><span class=\"mord\">\u00a0mil\u00edmetros<\/span><\/span><\/span><\/span><\/span><\/span><span class=\"citation-1032 citation-end-1032\"> preven\u00e7\u00e3o de obst\u00e1culos em n\u00edvel de fio, mesmo em velocidades de at\u00e9 <\/span><span class=\"math-inline\" data-math=\"15\\text{ m\/s}\"><span class=\"katex\"><span class=\"katex-html\" aria-hidden=\"true\"><span class=\"base\"><span class=\"mord\">15<\/span><span class=\"mord text\"><span class=\"mord\">\u00a0EM<\/span><\/span><\/span><\/span><\/span><\/span><span class=\"citation-1031 citation-end-1031\"> e em condi\u00e7\u00f5es de pouca luz.<\/span><\/li>\n<\/ul>\n<\/li>\n<li><b>Desempenho excepcional em condi\u00e7\u00f5es de pouca luz:<\/b><span class=\"citation-1030 citation-end-1030\"> Possui quatro lentes olho de peixe de alta resolu\u00e7\u00e3o e baixa luminosidade para melhor posicionamento visual e detec\u00e7\u00e3o de obst\u00e1culos.<\/span> O novo <b>Modo Cena Noturna<\/b> fornece vis\u00e3o noturna em cores para capacidade de miss\u00e3o 24 horas por dia, 7 dias por semana.<\/li>\n<li><b><span class=\"citation-1029\">Mapeamento e inspe\u00e7\u00e3o profissional:<\/span><\/b><span class=\"citation-1029 citation-end-1029\"> Destaca-se em mapeamento de alta precis\u00e3o com fun\u00e7\u00f5es como uma nova fotografia obl\u00edqua de 5 dire\u00e7\u00f5es, ortofotografia de 3 dire\u00e7\u00f5es e acompanhamento de terreno em tempo real.<\/span> <span class=\"citation-1028 citation-end-1028\">Ele suporta recursos inteligentes como detec\u00e7\u00e3o de ve\u00edculos e embarca\u00e7\u00f5es via DJI Pilot 2.<\/span><\/li>\n<li><b><span class=\"citation-1027\">Revezamento a\u00e9reo cont\u00ednuo:<\/span><\/b><span class=\"citation-1027\"> Quando usado com o <\/span><b><span class=\"citation-1027\">DJI RC Plus 2 Enterprise<\/span><\/b><span class=\"citation-1027 citation-end-1027\"> controle remoto (inclu\u00eddo), um drone pode voar alto para atuar como um retransmissor, estendendo significativamente o alcance da transmiss\u00e3o para miss\u00f5es em terrenos montanhosos ou obstru\u00eddos.<\/span>\n<div class=\"source-inline-chip-container ng-star-inserted\"><\/div>\n<\/li>\n<\/ul>\n<p><b>O que est\u00e1 inclu\u00eddo no combo:<\/b><\/p>\n<p>O Flagship Combo \u00e9 abrangente, normalmente incluindo tudo o que \u00e9 necess\u00e1rio para uma opera\u00e7\u00e3o profissional e aut\u00f4noma, como:<\/p>\n<ul>\n<li>Aeronave DJI Matrice 4D<\/li>\n<li><span class=\"citation-1026 citation-end-1026\">Bateria DJI Matrice S\u00e9rie 4D<\/span><\/li>\n<li><span class=\"citation-1025 citation-end-1025\">Controle remoto empresarial DJI RC Plus 2<\/span><\/li>\n<li><span class=\"citation-1024 citation-end-1024\">H\u00e9lices sobressalentes antigelo de baixo ru\u00eddo DJI Matrice s\u00e9rie 4D (par)<\/span><\/li>\n<li><span class=\"citation-1023 citation-end-1023\">Adaptador de energia e hub de carregamento DJI 240 W<\/span><\/li>\n<li><span class=\"citation-1022 citation-end-1022\">Estojo de armazenamento e al\u00e7a para estojo de transporte DJI Matrice 4D Series<\/span><\/li>\n<li>V\u00e1rios cabos e pequenas ferramentas.<\/li>\n<\/ul>\n<p>O <b>Combo principal sem preocupa\u00e7\u00f5es DJI Matrice 4D<\/b> \u00e9 o pacote completo para profissionais que buscam uma plataforma dur\u00e1vel e de alta qualidade para inspe\u00e7\u00f5es detalhadas, levantamentos e mapeamentos, oferecendo tranquilidade com seus sistemas de seguran\u00e7a avan\u00e7ados e capacidade para todas as condi\u00e7\u00f5es clim\u00e1ticas.<\/p>\n<\/div>\n<h4>NA CAIXA<\/h4>\n<p>1x DJI Matrice 4D<br \/>\n1 bateria DJI Matrice s\u00e9rie 4D<br \/>\n1x DJI RC Plus 2 Enterprise<br \/>\n1x H\u00e9lices sobressalentes antigelo de baixo ru\u00eddo DJI Matrice s\u00e9rie 4D (par)<br \/>\n1x Adaptador de energia DJI 240W<br \/>\n1x Hub de carregamento DJI Matrice 4D Series 240W<br \/>\n1x Estojo de armazenamento DJI Matrice s\u00e9rie 4D<br \/>\n1x Al\u00e7a de estojo de transporte DJI Matrice S\u00e9rie 4<br \/>\n1x Conjunto de chaves de fenda<br \/>\n1x Chave de fenda (para controle remoto)<br \/>\n1x Cabo de dados USB-C para USB-C<br \/>\n1x Cabo de dados USB-A para USB-C<br \/>\n1x Cabo de carregamento r\u00e1pido DJI Power para drones<br \/>\n1x Protector de gimbal<br \/>\n1x cart\u00e3o microSD<\/p>","protected":false},"excerpt":{"rendered":"<p><span class=\"citation-1045\">O <\/span><b><span class=\"citation-1045\">Combo principal sem preocupa\u00e7\u00f5es DJI Matrice 4D<\/span><\/b><span class=\"citation-1045 citation-end-1045\"> \u00e9 uma solu\u00e7\u00e3o avan\u00e7ada e completa de drones industriais projetada para mapeamento profissional de alta precis\u00e3o e inspe\u00e7\u00f5es detalhadas de superf\u00edcies.<\/span> <span class=\"citation-1044 citation-end-1044\">Este pacote principal foi projetado para confiabilidade, opera\u00e7\u00e3o prolongada e seguran\u00e7a em ambientes desafiadores.<\/span><\/p>","protected":false},"featured_media":21736,"comment_status":"open","ping_status":"closed","template":"","meta":[],"product_brand":[1031],"product_cat":[37,1118,1117],"product_tag":[42,1121,1120],"class_list":{"0":"post-21735","1":"product","2":"type-product","3":"status-publish","4":"has-post-thumbnail","6":"product_brand-dji","7":"product_cat-dji","8":"product_cat-dji-matrice-4-drones","9":"product_cat-matrice-4","10":"product_tag-dji","11":"product_tag-dji-matrice-4-drone","12":"product_tag-dji-matrice-4-series","14":"first","15":"onbackorder","16":"taxable","17":"shipping-taxable","18":"purchasable","19":"product-type-simple"},"yoast_head":"<!-- This site is optimized with the Yoast SEO plugin v27.1.1 - https:\/\/yoast.com\/product\/yoast-seo-wordpress\/ -->\n<title>DJI Matrice 4D Worry-Free Flagship Combo - Ghostysky<\/title>\n<meta name=\"description\" content=\"The DJI Matrice 4D Worry-Free Flagship Combo is an advanced, all-in-one industrial drone solution designed for professional high-precision mapping and detailed surface inspections. This flagship package is engineered for reliability, extended operation, and safety in challenging environments.\" \/>\n<meta name=\"robots\" content=\"index, follow, max-snippet:-1, max-image-preview:large, max-video-preview:-1\" \/>\n<link rel=\"canonical\" href=\"https:\/\/www.ghostysky.com\/pt\/produto-2\/dji-matrice-4d-worry-free-flagship-combo\/\" \/>\n<meta property=\"og:locale\" content=\"pt_PT\" \/>\n<meta property=\"og:type\" content=\"article\" \/>\n<meta property=\"og:title\" content=\"DJI Matrice 4D Worry-Free Flagship Combo - Ghostysky\" \/>\n<meta property=\"og:description\" content=\"The DJI Matrice 4D Worry-Free Flagship Combo is an advanced, all-in-one industrial drone solution designed for professional high-precision mapping and detailed surface inspections. This flagship package is engineered for reliability, extended operation, and safety in challenging environments.\" \/>\n<meta property=\"og:url\" content=\"https:\/\/www.ghostysky.com\/pt\/produto-2\/dji-matrice-4d-worry-free-flagship-combo\/\" \/>\n<meta property=\"og:site_name\" content=\"Ghostysky\" \/>\n<meta property=\"article:publisher\" content=\"https:\/\/www.facebook.com\/people\/Ghostysky\/100057676170234\/\" \/>\n<meta property=\"article:modified_time\" content=\"2025-10-17T13:45:49+00:00\" \/>\n<meta property=\"og:image\" content=\"https:\/\/www.ghostysky.com\/wp-content\/uploads\/2025\/10\/GH_DJI-Matrice-4D-Worry-Free-Flagship-Combo_1.jpg\" \/>\n\t<meta property=\"og:image:width\" content=\"800\" \/>\n\t<meta property=\"og:image:height\" content=\"800\" \/>\n\t<meta property=\"og:image:type\" content=\"image\/jpeg\" \/>\n<meta name=\"twitter:card\" content=\"summary_large_image\" \/>\n<meta name=\"twitter:site\" content=\"@Gh0stysky\" \/>\n<meta name=\"twitter:label1\" content=\"Tempo estimado de leitura\" \/>\n\t<meta name=\"twitter:data1\" content=\"3 minutos\" \/>\n<script type=\"application\/ld+json\" class=\"yoast-schema-graph\">{\"@context\":\"https:\/\/schema.org\",\"@graph\":[{\"@type\":\"WebPage\",\"@id\":\"https:\/\/www.ghostysky.com\/product\/dji-matrice-4d-worry-free-flagship-combo\/\",\"url\":\"https:\/\/www.ghostysky.com\/product\/dji-matrice-4d-worry-free-flagship-combo\/\",\"name\":\"DJI Matrice 4D Worry-Free Flagship Combo - Ghostysky\",\"isPartOf\":{\"@id\":\"https:\/\/www.ghostysky.com\/#website\"},\"primaryImageOfPage\":{\"@id\":\"https:\/\/www.ghostysky.com\/product\/dji-matrice-4d-worry-free-flagship-combo\/#primaryimage\"},\"image\":{\"@id\":\"https:\/\/www.ghostysky.com\/product\/dji-matrice-4d-worry-free-flagship-combo\/#primaryimage\"},\"thumbnailUrl\":\"https:\/\/www.ghostysky.com\/wp-content\/uploads\/2025\/10\/GH_DJI-Matrice-4D-Worry-Free-Flagship-Combo_1.jpg\",\"datePublished\":\"2025-10-17T13:37:41+00:00\",\"dateModified\":\"2025-10-17T13:45:49+00:00\",\"description\":\"The DJI Matrice 4D Worry-Free Flagship Combo is an advanced, all-in-one industrial drone solution designed for professional high-precision mapping and detailed surface inspections. This flagship package is engineered for reliability, extended operation, and safety in challenging environments.\",\"breadcrumb\":{\"@id\":\"https:\/\/www.ghostysky.com\/product\/dji-matrice-4d-worry-free-flagship-combo\/#breadcrumb\"},\"inLanguage\":\"pt-PT\",\"potentialAction\":[{\"@type\":\"ReadAction\",\"target\":[\"https:\/\/www.ghostysky.com\/product\/dji-matrice-4d-worry-free-flagship-combo\/\"]}]},{\"@type\":\"ImageObject\",\"inLanguage\":\"pt-PT\",\"@id\":\"https:\/\/www.ghostysky.com\/product\/dji-matrice-4d-worry-free-flagship-combo\/#primaryimage\",\"url\":\"https:\/\/www.ghostysky.com\/wp-content\/uploads\/2025\/10\/GH_DJI-Matrice-4D-Worry-Free-Flagship-Combo_1.jpg\",\"contentUrl\":\"https:\/\/www.ghostysky.com\/wp-content\/uploads\/2025\/10\/GH_DJI-Matrice-4D-Worry-Free-Flagship-Combo_1.jpg\",\"width\":800,\"height\":800},{\"@type\":\"BreadcrumbList\",\"@id\":\"https:\/\/www.ghostysky.com\/product\/dji-matrice-4d-worry-free-flagship-combo\/#breadcrumb\",\"itemListElement\":[{\"@type\":\"ListItem\",\"position\":1,\"name\":\"Home\",\"item\":\"https:\/\/www.ghostysky.com\/\"},{\"@type\":\"ListItem\",\"position\":2,\"name\":\"Shop\",\"item\":\"https:\/\/www.ghostysky.com\/shop\/\"},{\"@type\":\"ListItem\",\"position\":3,\"name\":\"DJI Matrice 4D Worry-Free Flagship Combo\"}]},{\"@type\":\"WebSite\",\"@id\":\"https:\/\/www.ghostysky.com\/#website\",\"url\":\"https:\/\/www.ghostysky.com\/\",\"name\":\"Ghostysky\",\"description\":\"Delivering professional drones and services\",\"publisher\":{\"@id\":\"https:\/\/www.ghostysky.com\/#organization\"},\"potentialAction\":[{\"@type\":\"SearchAction\",\"target\":{\"@type\":\"EntryPoint\",\"urlTemplate\":\"https:\/\/www.ghostysky.com\/?s={search_term_string}\"},\"query-input\":{\"@type\":\"PropertyValueSpecification\",\"valueRequired\":true,\"valueName\":\"search_term_string\"}}],\"inLanguage\":\"pt-PT\"},{\"@type\":\"Organization\",\"@id\":\"https:\/\/www.ghostysky.com\/#organization\",\"name\":\"Ghostysky\",\"url\":\"https:\/\/www.ghostysky.com\/\",\"logo\":{\"@type\":\"ImageObject\",\"inLanguage\":\"pt-PT\",\"@id\":\"https:\/\/www.ghostysky.com\/#\/schema\/logo\/image\/\",\"url\":\"https:\/\/www.ghostysky.com\/wp-content\/uploads\/2020\/06\/cropped-ghostyskylogo_text_white2.png\",\"contentUrl\":\"https:\/\/www.ghostysky.com\/wp-content\/uploads\/2020\/06\/cropped-ghostyskylogo_text_white2.png\",\"width\":169,\"height\":56,\"caption\":\"Ghostysky\"},\"image\":{\"@id\":\"https:\/\/www.ghostysky.com\/#\/schema\/logo\/image\/\"},\"sameAs\":[\"https:\/\/www.facebook.com\/people\/Ghostysky\/100057676170234\/\",\"https:\/\/x.com\/Gh0stysky\",\"https:\/\/www.linkedin.com\/company\/34739653\",\"https:\/\/www.instagram.com\/gh0stysky\"]}]}<\/script>\n<!-- \/ Yoast SEO plugin. -->","yoast_head_json":{"title":"Combo carro-chefe sem preocupa\u00e7\u00f5es DJI Matrice 4D - Ghostysky","description":"O DJI Matrice 4D Worry-Free Flagship Combo \u00e9 uma solu\u00e7\u00e3o avan\u00e7ada e completa para drones industriais, projetada para mapeamento profissional de alta precis\u00e3o e inspe\u00e7\u00f5es detalhadas de superf\u00edcies. Este pacote emblem\u00e1tico foi projetado para oferecer confiabilidade, opera\u00e7\u00e3o prolongada e seguran\u00e7a em ambientes desafiadores.","robots":{"index":"index","follow":"follow","max-snippet":"max-snippet:-1","max-image-preview":"max-image-preview:large","max-video-preview":"max-video-preview:-1"},"canonical":"https:\/\/www.ghostysky.com\/pt\/produto-2\/dji-matrice-4d-worry-free-flagship-combo\/","og_locale":"pt_PT","og_type":"article","og_title":"DJI Matrice 4D Worry-Free Flagship Combo - Ghostysky","og_description":"The DJI Matrice 4D Worry-Free Flagship Combo is an advanced, all-in-one industrial drone solution designed for professional high-precision mapping and detailed surface inspections. This flagship package is engineered for reliability, extended operation, and safety in challenging environments.","og_url":"https:\/\/www.ghostysky.com\/pt\/produto-2\/dji-matrice-4d-worry-free-flagship-combo\/","og_site_name":"Ghostysky","article_publisher":"https:\/\/www.facebook.com\/people\/Ghostysky\/100057676170234\/","article_modified_time":"2025-10-17T13:45:49+00:00","og_image":[{"width":800,"height":800,"url":"https:\/\/www.ghostysky.com\/wp-content\/uploads\/2025\/10\/GH_DJI-Matrice-4D-Worry-Free-Flagship-Combo_1.jpg","type":"image\/jpeg"}],"twitter_card":"summary_large_image","twitter_site":"@Gh0stysky","twitter_misc":{"Tempo estimado de leitura":"3 minutos"},"schema":{"@context":"https:\/\/schema.org","@graph":[{"@type":"WebPage","@id":"https:\/\/www.ghostysky.com\/product\/dji-matrice-4d-worry-free-flagship-combo\/","url":"https:\/\/www.ghostysky.com\/product\/dji-matrice-4d-worry-free-flagship-combo\/","name":"Combo carro-chefe sem preocupa\u00e7\u00f5es DJI Matrice 4D - Ghostysky","isPartOf":{"@id":"https:\/\/www.ghostysky.com\/#website"},"primaryImageOfPage":{"@id":"https:\/\/www.ghostysky.com\/product\/dji-matrice-4d-worry-free-flagship-combo\/#primaryimage"},"image":{"@id":"https:\/\/www.ghostysky.com\/product\/dji-matrice-4d-worry-free-flagship-combo\/#primaryimage"},"thumbnailUrl":"https:\/\/www.ghostysky.com\/wp-content\/uploads\/2025\/10\/GH_DJI-Matrice-4D-Worry-Free-Flagship-Combo_1.jpg","datePublished":"2025-10-17T13:37:41+00:00","dateModified":"2025-10-17T13:45:49+00:00","description":"O DJI Matrice 4D Worry-Free Flagship Combo \u00e9 uma solu\u00e7\u00e3o avan\u00e7ada e completa para drones industriais, projetada para mapeamento profissional de alta precis\u00e3o e inspe\u00e7\u00f5es detalhadas de superf\u00edcies. Este pacote emblem\u00e1tico foi projetado para oferecer confiabilidade, opera\u00e7\u00e3o prolongada e seguran\u00e7a em ambientes desafiadores.","breadcrumb":{"@id":"https:\/\/www.ghostysky.com\/product\/dji-matrice-4d-worry-free-flagship-combo\/#breadcrumb"},"inLanguage":"pt-PT","potentialAction":[{"@type":"ReadAction","target":["https:\/\/www.ghostysky.com\/product\/dji-matrice-4d-worry-free-flagship-combo\/"]}]},{"@type":"ImageObject","inLanguage":"pt-PT","@id":"https:\/\/www.ghostysky.com\/product\/dji-matrice-4d-worry-free-flagship-combo\/#primaryimage","url":"https:\/\/www.ghostysky.com\/wp-content\/uploads\/2025\/10\/GH_DJI-Matrice-4D-Worry-Free-Flagship-Combo_1.jpg","contentUrl":"https:\/\/www.ghostysky.com\/wp-content\/uploads\/2025\/10\/GH_DJI-Matrice-4D-Worry-Free-Flagship-Combo_1.jpg","width":800,"height":800},{"@type":"BreadcrumbList","@id":"https:\/\/www.ghostysky.com\/product\/dji-matrice-4d-worry-free-flagship-combo\/#breadcrumb","itemListElement":[{"@type":"ListItem","position":1,"name":"Home","item":"https:\/\/www.ghostysky.com\/"},{"@type":"ListItem","position":2,"name":"Shop","item":"https:\/\/www.ghostysky.com\/shop\/"},{"@type":"ListItem","position":3,"name":"DJI Matrice 4D Worry-Free Flagship Combo"}]},{"@type":"WebSite","@id":"https:\/\/www.ghostysky.com\/#website","url":"https:\/\/www.ghostysky.com\/","name":"Ghostysky","description":"Fornecendo drones e servi\u00e7os profissionais","publisher":{"@id":"https:\/\/www.ghostysky.com\/#organization"},"potentialAction":[{"@type":"SearchAction","target":{"@type":"EntryPoint","urlTemplate":"https:\/\/www.ghostysky.com\/?s={search_term_string}"},"query-input":{"@type":"PropertyValueSpecification","valueRequired":true,"valueName":"search_term_string"}}],"inLanguage":"pt-PT"},{"@type":"Organization","@id":"https:\/\/www.ghostysky.com\/#organization","name":"Ghostysky","url":"https:\/\/www.ghostysky.com\/","logo":{"@type":"ImageObject","inLanguage":"pt-PT","@id":"https:\/\/www.ghostysky.com\/#\/schema\/logo\/image\/","url":"https:\/\/www.ghostysky.com\/wp-content\/uploads\/2020\/06\/cropped-ghostyskylogo_text_white2.png","contentUrl":"https:\/\/www.ghostysky.com\/wp-content\/uploads\/2020\/06\/cropped-ghostyskylogo_text_white2.png","width":169,"height":56,"caption":"Ghostysky"},"image":{"@id":"https:\/\/www.ghostysky.com\/#\/schema\/logo\/image\/"},"sameAs":["https:\/\/www.facebook.com\/people\/Ghostysky\/100057676170234\/","https:\/\/x.com\/Gh0stysky","https:\/\/www.linkedin.com\/company\/34739653","https:\/\/www.instagram.com\/gh0stysky"]}]}},"_links":{"self":[{"href":"https:\/\/www.ghostysky.com\/pt\/wp-json\/wp\/v2\/product\/21735","targetHints":{"allow":["GET"]}}],"collection":[{"href":"https:\/\/www.ghostysky.com\/pt\/wp-json\/wp\/v2\/product"}],"about":[{"href":"https:\/\/www.ghostysky.com\/pt\/wp-json\/wp\/v2\/types\/product"}],"replies":[{"embeddable":true,"href":"https:\/\/www.ghostysky.com\/pt\/wp-json\/wp\/v2\/comments?post=21735"}],"wp:featuredmedia":[{"embeddable":true,"href":"https:\/\/www.ghostysky.com\/pt\/wp-json\/wp\/v2\/media\/21736"}],"wp:attachment":[{"href":"https:\/\/www.ghostysky.com\/pt\/wp-json\/wp\/v2\/media?parent=21735"}],"wp:term":[{"taxonomy":"product_brand","embeddable":true,"href":"https:\/\/www.ghostysky.com\/pt\/wp-json\/wp\/v2\/product_brand?post=21735"},{"taxonomy":"product_cat","embeddable":true,"href":"https:\/\/www.ghostysky.com\/pt\/wp-json\/wp\/v2\/product_cat?post=21735"},{"taxonomy":"product_tag","embeddable":true,"href":"https:\/\/www.ghostysky.com\/pt\/wp-json\/wp\/v2\/product_tag?post=21735"}],"curies":[{"name":"wp","href":"https:\/\/api.w.org\/{rel}","templated":true}]}}