{"id":21741,"date":"2025-10-17T13:57:48","date_gmt":"2025-10-17T13:57:48","guid":{"rendered":"https:\/\/www.ghostysky.com\/?post_type=product&#038;p=21741"},"modified":"2025-10-17T14:09:32","modified_gmt":"2025-10-17T14:09:32","slug":"dji-matrice-4e-worry-free-plus-combo","status":"publish","type":"product","link":"https:\/\/www.ghostysky.com\/pt\/product\/dji-matrice-4e-worry-free-plus-combo\/","title":{"rendered":"Combo DJI Matrice 4E Worry-Free Plus"},"content":{"rendered":"<div id=\"model-response-message-contentr_55bc02040a3d26f8\" class=\"markdown markdown-main-panel stronger enable-updated-hr-color\" dir=\"ltr\">\n<div id=\"model-response-message-contentr_7d191a1853b28634\" class=\"markdown markdown-main-panel stronger enable-updated-hr-color\" dir=\"ltr\">\n<div id=\"model-response-message-contentr_14a4e76b7af9c430\" class=\"markdown markdown-main-panel stronger enable-updated-hr-color\" dir=\"ltr\">\n<h3>Principais recursos do Matrice 4E<\/h3>\n<ul>\n<li><b>Carga \u00fatil multissensor:<\/b><span class=\"citation-1108 citation-end-1108\"> O Matrice 4E est\u00e1 equipado para captura de dados de precis\u00e3o:<\/span>\n<ul>\n<li><b><span class=\"citation-1107\">C\u00e2mera grande angular:<\/span><\/b><span class=\"citation-1107\"> 4\/3\u2033 CMOS, 20MP, com uma <\/span><b><span class=\"citation-1107\">obturador mec\u00e2nico<\/span><\/b><span class=\"citation-1107\"> para mapeamento de alta precis\u00e3o e r\u00e1pido <\/span><b><span class=\"citation-1107\">Intervalo de disparo de 0,5 segundo<\/span><\/b><span class=\"citation-1107 citation-end-1107\">.<\/span><\/li>\n<li><b><span class=\"citation-1106\">Telec\u00e2mera m\u00e9dia:<\/span><\/b><span class=\"citation-1106 citation-end-1106\"> 48 MP para tarefas de inspe\u00e7\u00e3o de m\u00e9dio alcance, permitindo a detec\u00e7\u00e3o de pequenos detalhes, como parafusos e rachaduras, \u00e0 dist\u00e2ncia.<\/span><\/li>\n<li><b><span class=\"citation-1105\">Telec\u00e2mera:<\/span><\/b><span class=\"citation-1105 citation-end-1105\"> 48 MP para capturar detalhes incr\u00edveis de longe com zoom h\u00edbrido de at\u00e9 56x.<\/span><\/li>\n<li><b>Tel\u00eametro a laser:<\/b><span class=\"citation-1104 citation-end-1104\"> Permite medi\u00e7\u00f5es precisas em tempo real, com um alcance de medi\u00e7\u00e3o de at\u00e9 1800 m.<\/span>\n<div class=\"source-inline-chip-container ng-star-inserted\"><\/div>\n<\/li>\n<\/ul>\n<\/li>\n<li><b>Opera\u00e7\u00f5es Inteligentes:<\/b>\n<ul>\n<li><b><span class=\"citation-1103\">Poder da IA para opera\u00e7\u00f5es mais inteligentes:<\/span><\/b><span class=\"citation-1103 citation-end-1103\"> Modelos de IA integrados podem identificar ve\u00edculos, embarca\u00e7\u00f5es e indiv\u00edduos durante buscas e salvamentos ou voos de rotina.<\/span><\/li>\n<li><b>Mapeamento de alta efici\u00eancia:<\/b><span class=\"citation-1102 citation-end-1102\"> Suporta nova captura obl\u00edqua de 5 dire\u00e7\u00f5es, o que aumenta significativamente a efici\u00eancia do mapeamento.<\/span><\/li>\n<li><b><span class=\"citation-1101\">Captura 3D inteligente:<\/span><\/b><span class=\"citation-1101 citation-end-1101\"> Permite a cria\u00e7\u00e3o de modelos aproximados no controle remoto para gerar rotas de mapeamento precisas para estruturas complexas e irregulares.<\/span>\n<div class=\"source-inline-chip-container ng-star-inserted\"><\/div>\n<\/li>\n<\/ul>\n<\/li>\n<li><b>Excelente em ambientes com pouca luz:<\/b>\n<ul>\n<li><b>Modo Cena Noturna:<\/b><span class=\"citation-1100 citation-end-1100\"> Suporta vis\u00e3o noturna colorida, combinada com um filtro de corte de infravermelho, para opera\u00e7\u00f5es ao anoitecer e \u00e0 noite.<\/span><\/li>\n<li><b>Detec\u00e7\u00e3o omnidirecional olho de peixe com pouca luz:<\/b><span class=\"citation-1099 citation-end-1099\"> Seis sensores olho de peixe de alta defini\u00e7\u00e3o para baixa luminosidade melhoram o posicionamento visual e a preven\u00e7\u00e3o de obst\u00e1culos em ambientes urbanos escuros.<\/span>\n<div class=\"source-inline-chip-container ng-star-inserted\"><\/div>\n<\/li>\n<\/ul>\n<\/li>\n<li><b>Desempenho e seguran\u00e7a de voo aprimorados:<\/b>\n<ul>\n<li><b><span class=\"citation-1098\">Tempo m\u00e1ximo de voo<\/span><\/b><span class=\"citation-1098 citation-end-1098\"> de at\u00e9 49 minutos (sem vento).<\/span><\/li>\n<li><b>Posicionamento de fus\u00e3o:<\/b><span class=\"citation-1097 citation-end-1097\"> M\u00f3dulo RTK integrado e posicionamento de fus\u00e3o GNSS+Vision para pairar de alta precis\u00e3o e retorno confi\u00e1vel ao ponto inicial, mesmo sem sinais GNSS fortes.<\/span><\/li>\n<li><b><span class=\"citation-1096\">Detec\u00e7\u00e3o de obst\u00e1culos omnidirecional:<\/span><\/b><span class=\"citation-1096 citation-end-1096\"> Oferece seguran\u00e7a abrangente durante trajet\u00f3rias de voo complexas.<\/span>\n<div class=\"source-inline-chip-container ng-star-inserted\"><\/div>\n<\/li>\n<\/ul>\n<\/li>\n<\/ul>\n<p>&nbsp;<\/p>\n<h3>Inclus\u00e3o do Combo Worry-Free Plus:<\/h3>\n<p><span class=\"citation-1095\">O \u201cWorry-Free Plus Combo\u201d inclui a aeronave e acess\u00f3rios essenciais, juntamente com <\/span><b><span class=\"citation-1095\">DJI Care Plus<\/span><\/b><span class=\"citation-1095 citation-end-1095\"> para maior tranquilidade, normalmente oferecendo dois anos de cobertura com reparos gratuitos ilimitados dentro do limite de cobertura, garantindo o m\u00e1ximo tempo de atividade para uso profissional.<\/span><\/p>\n<div class=\"source-inline-chip-container ng-star-inserted\"><\/div>\n<hr \/>\n<p><b>O DJI Matrice 4E Worry-Free Plus Combo \u00e9 a plataforma a\u00e9rea ideal para empresas que exigem precis\u00e3o suprema, recursos avan\u00e7ados de IA e a confiabilidade de um plano de prote\u00e7\u00e3o abrangente para suas opera\u00e7\u00f5es di\u00e1rias.<\/b><\/p>\n<\/div>\n<h4>NA CAIXA<\/h4>\n<p>1x DJI Matrice 4E<br \/>\n1x Bateria DJI Matrice S\u00e9rie 4<br \/>\n1x DJI RC Plus 2 Enterprise<br \/>\n1x Adaptador de energia DJI 100W USB-C<br \/>\n1x Hub de carregamento DJI Matrice S\u00e9rie 4<br \/>\n1x cart\u00e3o MicroSD<br \/>\n1x Protetor de Gimbal DJI Matrice 4E<br \/>\n1x Dongle Celular DJI 2 Barra de Alavanca<br \/>\n3 h\u00e9lices DJI Matrice S\u00e9rie 4<br \/>\n1x CA Cabo adaptador de alimenta\u00e7\u00e3o 100 W<br \/>\n1x Cabo de dados USB-C para USB-C<br \/>\n1x Cabo de dados USB-A para USB-C<br \/>\n1x estojo de armazenamento DJI Matrice s\u00e9rie 4<br \/>\n1x Estojo de armazenamento DJI Matrice S\u00e9rie 4 com al\u00e7a de ombro<\/p>\n<\/div>\n<\/div>","protected":false},"excerpt":{"rendered":"<p><span class=\"citation-1109\">O <\/span><b><span class=\"citation-1109\">Combo DJI Matrice 4E Worry-Free Plus<\/span><\/b><span class=\"citation-1109\"> \u00e9 um drone multissensor compacto e inteligente de n\u00edvel profissional, projetado para aplica\u00e7\u00f5es empresariais de alta efici\u00eancia, especialmente em <\/span><b><span class=\"citation-1109\">topografia, mapeamento, constru\u00e7\u00e3o e minera\u00e7\u00e3o<\/span><\/b><span class=\"citation-1109 citation-end-1109\">.<\/span><\/p>\n<p>Esta combina\u00e7\u00e3o \u00e9 uma solu\u00e7\u00e3o completa que combina a aeronave avan\u00e7ada Matrice 4E com prote\u00e7\u00e3o estendida e acess\u00f3rios essenciais, garantindo opera\u00e7\u00f5es confi\u00e1veis e precisas.<\/p>","protected":false},"featured_media":21745,"comment_status":"open","ping_status":"closed","template":"","meta":[],"product_brand":[1031],"product_cat":[37,1118,1117],"product_tag":[42,1121,1120],"class_list":{"0":"post-21741","1":"product","2":"type-product","3":"status-publish","4":"has-post-thumbnail","6":"product_brand-dji","7":"product_cat-dji","8":"product_cat-dji-matrice-4-drones","9":"product_cat-matrice-4","10":"product_tag-dji","11":"product_tag-dji-matrice-4-drone","12":"product_tag-dji-matrice-4-series","14":"first","15":"onbackorder","16":"taxable","17":"shipping-taxable","18":"purchasable","19":"product-type-simple"},"yoast_head":"<!-- This site is optimized with the Yoast SEO plugin v27.1.1 - https:\/\/yoast.com\/product\/yoast-seo-wordpress\/ -->\n<title>DJI Matrice 4E Worry-Free Plus Combo - Ghostysky<\/title>\n<meta name=\"description\" content=\"The DJI Matrice 4E Worry-Free Plus Combo is a professional-grade, compact, and intelligent multi-sensor drone designed for high-efficiency enterprise applications, particularly in surveying, mapping, construction, and mining.This combo is an all-in-one solution that pairs the advanced Matrice 4E aircraft with extended protection and essential accessories, ensuring reliable and precise operations.\" \/>\n<meta name=\"robots\" content=\"index, follow, max-snippet:-1, max-image-preview:large, max-video-preview:-1\" \/>\n<link rel=\"canonical\" href=\"https:\/\/www.ghostysky.com\/pt\/produto-2\/dji-matrice-4e-worry-free-plus-combo\/\" \/>\n<meta property=\"og:locale\" content=\"pt_PT\" \/>\n<meta property=\"og:type\" content=\"article\" \/>\n<meta property=\"og:title\" content=\"DJI Matrice 4E Worry-Free Plus Combo - Ghostysky\" \/>\n<meta property=\"og:description\" content=\"The DJI Matrice 4E Worry-Free Plus Combo is a professional-grade, compact, and intelligent multi-sensor drone designed for high-efficiency enterprise applications, particularly in surveying, mapping, construction, and mining.This combo is an all-in-one solution that pairs the advanced Matrice 4E aircraft with extended protection and essential accessories, ensuring reliable and precise operations.\" \/>\n<meta property=\"og:url\" content=\"https:\/\/www.ghostysky.com\/pt\/produto-2\/dji-matrice-4e-worry-free-plus-combo\/\" \/>\n<meta property=\"og:site_name\" content=\"Ghostysky\" \/>\n<meta property=\"article:publisher\" content=\"https:\/\/www.facebook.com\/people\/Ghostysky\/100057676170234\/\" \/>\n<meta property=\"article:modified_time\" content=\"2025-10-17T14:09:32+00:00\" \/>\n<meta property=\"og:image\" content=\"https:\/\/www.ghostysky.com\/wp-content\/uploads\/2025\/10\/GH_DJI-Matrice-4E-Worry-Free-Plus-Combo_1.jpg\" \/>\n\t<meta property=\"og:image:width\" content=\"800\" \/>\n\t<meta property=\"og:image:height\" content=\"800\" \/>\n\t<meta property=\"og:image:type\" content=\"image\/jpeg\" \/>\n<meta name=\"twitter:card\" content=\"summary_large_image\" \/>\n<meta name=\"twitter:site\" content=\"@Gh0stysky\" \/>\n<meta name=\"twitter:label1\" content=\"Tempo estimado de leitura\" \/>\n\t<meta name=\"twitter:data1\" content=\"2 minutos\" \/>\n<script type=\"application\/ld+json\" class=\"yoast-schema-graph\">{\"@context\":\"https:\/\/schema.org\",\"@graph\":[{\"@type\":\"WebPage\",\"@id\":\"https:\/\/www.ghostysky.com\/product\/dji-matrice-4e-worry-free-plus-combo\/\",\"url\":\"https:\/\/www.ghostysky.com\/product\/dji-matrice-4e-worry-free-plus-combo\/\",\"name\":\"DJI Matrice 4E Worry-Free Plus Combo - Ghostysky\",\"isPartOf\":{\"@id\":\"https:\/\/www.ghostysky.com\/#website\"},\"primaryImageOfPage\":{\"@id\":\"https:\/\/www.ghostysky.com\/product\/dji-matrice-4e-worry-free-plus-combo\/#primaryimage\"},\"image\":{\"@id\":\"https:\/\/www.ghostysky.com\/product\/dji-matrice-4e-worry-free-plus-combo\/#primaryimage\"},\"thumbnailUrl\":\"https:\/\/www.ghostysky.com\/wp-content\/uploads\/2025\/10\/GH_DJI-Matrice-4E-Worry-Free-Plus-Combo_1.jpg\",\"datePublished\":\"2025-10-17T13:57:48+00:00\",\"dateModified\":\"2025-10-17T14:09:32+00:00\",\"description\":\"The DJI Matrice 4E Worry-Free Plus Combo is a professional-grade, compact, and intelligent multi-sensor drone designed for high-efficiency enterprise applications, particularly in surveying, mapping, construction, and mining.This combo is an all-in-one solution that pairs the advanced Matrice 4E aircraft with extended protection and essential accessories, ensuring reliable and precise operations.\",\"breadcrumb\":{\"@id\":\"https:\/\/www.ghostysky.com\/product\/dji-matrice-4e-worry-free-plus-combo\/#breadcrumb\"},\"inLanguage\":\"pt-PT\",\"potentialAction\":[{\"@type\":\"ReadAction\",\"target\":[\"https:\/\/www.ghostysky.com\/product\/dji-matrice-4e-worry-free-plus-combo\/\"]}]},{\"@type\":\"ImageObject\",\"inLanguage\":\"pt-PT\",\"@id\":\"https:\/\/www.ghostysky.com\/product\/dji-matrice-4e-worry-free-plus-combo\/#primaryimage\",\"url\":\"https:\/\/www.ghostysky.com\/wp-content\/uploads\/2025\/10\/GH_DJI-Matrice-4E-Worry-Free-Plus-Combo_1.jpg\",\"contentUrl\":\"https:\/\/www.ghostysky.com\/wp-content\/uploads\/2025\/10\/GH_DJI-Matrice-4E-Worry-Free-Plus-Combo_1.jpg\",\"width\":800,\"height\":800},{\"@type\":\"BreadcrumbList\",\"@id\":\"https:\/\/www.ghostysky.com\/product\/dji-matrice-4e-worry-free-plus-combo\/#breadcrumb\",\"itemListElement\":[{\"@type\":\"ListItem\",\"position\":1,\"name\":\"Home\",\"item\":\"https:\/\/www.ghostysky.com\/\"},{\"@type\":\"ListItem\",\"position\":2,\"name\":\"Shop\",\"item\":\"https:\/\/www.ghostysky.com\/shop\/\"},{\"@type\":\"ListItem\",\"position\":3,\"name\":\"DJI Matrice 4E Worry-Free Plus Combo\"}]},{\"@type\":\"WebSite\",\"@id\":\"https:\/\/www.ghostysky.com\/#website\",\"url\":\"https:\/\/www.ghostysky.com\/\",\"name\":\"Ghostysky\",\"description\":\"Delivering professional drones and services\",\"publisher\":{\"@id\":\"https:\/\/www.ghostysky.com\/#organization\"},\"potentialAction\":[{\"@type\":\"SearchAction\",\"target\":{\"@type\":\"EntryPoint\",\"urlTemplate\":\"https:\/\/www.ghostysky.com\/?s={search_term_string}\"},\"query-input\":{\"@type\":\"PropertyValueSpecification\",\"valueRequired\":true,\"valueName\":\"search_term_string\"}}],\"inLanguage\":\"pt-PT\"},{\"@type\":\"Organization\",\"@id\":\"https:\/\/www.ghostysky.com\/#organization\",\"name\":\"Ghostysky\",\"url\":\"https:\/\/www.ghostysky.com\/\",\"logo\":{\"@type\":\"ImageObject\",\"inLanguage\":\"pt-PT\",\"@id\":\"https:\/\/www.ghostysky.com\/#\/schema\/logo\/image\/\",\"url\":\"https:\/\/www.ghostysky.com\/wp-content\/uploads\/2020\/06\/cropped-ghostyskylogo_text_white2.png\",\"contentUrl\":\"https:\/\/www.ghostysky.com\/wp-content\/uploads\/2020\/06\/cropped-ghostyskylogo_text_white2.png\",\"width\":169,\"height\":56,\"caption\":\"Ghostysky\"},\"image\":{\"@id\":\"https:\/\/www.ghostysky.com\/#\/schema\/logo\/image\/\"},\"sameAs\":[\"https:\/\/www.facebook.com\/people\/Ghostysky\/100057676170234\/\",\"https:\/\/x.com\/Gh0stysky\",\"https:\/\/www.linkedin.com\/company\/34739653\",\"https:\/\/www.instagram.com\/gh0stysky\"]}]}<\/script>\n<!-- \/ Yoast SEO plugin. -->","yoast_head_json":{"title":"DJI Matrice 4E Worry-Free Plus Combo - Ghostysky","description":"O DJI Matrice 4E Worry-Free Plus Combo \u00e9 um drone multissensor inteligente, compacto e de n\u00edvel profissional, projetado para aplica\u00e7\u00f5es empresariais de alta efici\u00eancia, especialmente em levantamento topogr\u00e1fico, mapeamento, constru\u00e7\u00e3o e minera\u00e7\u00e3o. Este combo \u00e9 uma solu\u00e7\u00e3o completa que combina a aeronave avan\u00e7ada Matrice 4E com prote\u00e7\u00e3o estendida e acess\u00f3rios essenciais, garantindo opera\u00e7\u00f5es confi\u00e1veis e precisas.","robots":{"index":"index","follow":"follow","max-snippet":"max-snippet:-1","max-image-preview":"max-image-preview:large","max-video-preview":"max-video-preview:-1"},"canonical":"https:\/\/www.ghostysky.com\/pt\/produto-2\/dji-matrice-4e-worry-free-plus-combo\/","og_locale":"pt_PT","og_type":"article","og_title":"DJI Matrice 4E Worry-Free Plus Combo - Ghostysky","og_description":"The DJI Matrice 4E Worry-Free Plus Combo is a professional-grade, compact, and intelligent multi-sensor drone designed for high-efficiency enterprise applications, particularly in surveying, mapping, construction, and mining.This combo is an all-in-one solution that pairs the advanced Matrice 4E aircraft with extended protection and essential accessories, ensuring reliable and precise operations.","og_url":"https:\/\/www.ghostysky.com\/pt\/produto-2\/dji-matrice-4e-worry-free-plus-combo\/","og_site_name":"Ghostysky","article_publisher":"https:\/\/www.facebook.com\/people\/Ghostysky\/100057676170234\/","article_modified_time":"2025-10-17T14:09:32+00:00","og_image":[{"width":800,"height":800,"url":"https:\/\/www.ghostysky.com\/wp-content\/uploads\/2025\/10\/GH_DJI-Matrice-4E-Worry-Free-Plus-Combo_1.jpg","type":"image\/jpeg"}],"twitter_card":"summary_large_image","twitter_site":"@Gh0stysky","twitter_misc":{"Tempo estimado de leitura":"2 minutos"},"schema":{"@context":"https:\/\/schema.org","@graph":[{"@type":"WebPage","@id":"https:\/\/www.ghostysky.com\/product\/dji-matrice-4e-worry-free-plus-combo\/","url":"https:\/\/www.ghostysky.com\/product\/dji-matrice-4e-worry-free-plus-combo\/","name":"DJI Matrice 4E Worry-Free Plus Combo - Ghostysky","isPartOf":{"@id":"https:\/\/www.ghostysky.com\/#website"},"primaryImageOfPage":{"@id":"https:\/\/www.ghostysky.com\/product\/dji-matrice-4e-worry-free-plus-combo\/#primaryimage"},"image":{"@id":"https:\/\/www.ghostysky.com\/product\/dji-matrice-4e-worry-free-plus-combo\/#primaryimage"},"thumbnailUrl":"https:\/\/www.ghostysky.com\/wp-content\/uploads\/2025\/10\/GH_DJI-Matrice-4E-Worry-Free-Plus-Combo_1.jpg","datePublished":"2025-10-17T13:57:48+00:00","dateModified":"2025-10-17T14:09:32+00:00","description":"O DJI Matrice 4E Worry-Free Plus Combo \u00e9 um drone multissensor inteligente, compacto e de n\u00edvel profissional, projetado para aplica\u00e7\u00f5es empresariais de alta efici\u00eancia, especialmente em levantamento topogr\u00e1fico, mapeamento, constru\u00e7\u00e3o e minera\u00e7\u00e3o. Este combo \u00e9 uma solu\u00e7\u00e3o completa que combina a aeronave avan\u00e7ada Matrice 4E com prote\u00e7\u00e3o estendida e acess\u00f3rios essenciais, garantindo opera\u00e7\u00f5es confi\u00e1veis e precisas.","breadcrumb":{"@id":"https:\/\/www.ghostysky.com\/product\/dji-matrice-4e-worry-free-plus-combo\/#breadcrumb"},"inLanguage":"pt-PT","potentialAction":[{"@type":"ReadAction","target":["https:\/\/www.ghostysky.com\/product\/dji-matrice-4e-worry-free-plus-combo\/"]}]},{"@type":"ImageObject","inLanguage":"pt-PT","@id":"https:\/\/www.ghostysky.com\/product\/dji-matrice-4e-worry-free-plus-combo\/#primaryimage","url":"https:\/\/www.ghostysky.com\/wp-content\/uploads\/2025\/10\/GH_DJI-Matrice-4E-Worry-Free-Plus-Combo_1.jpg","contentUrl":"https:\/\/www.ghostysky.com\/wp-content\/uploads\/2025\/10\/GH_DJI-Matrice-4E-Worry-Free-Plus-Combo_1.jpg","width":800,"height":800},{"@type":"BreadcrumbList","@id":"https:\/\/www.ghostysky.com\/product\/dji-matrice-4e-worry-free-plus-combo\/#breadcrumb","itemListElement":[{"@type":"ListItem","position":1,"name":"Home","item":"https:\/\/www.ghostysky.com\/"},{"@type":"ListItem","position":2,"name":"Shop","item":"https:\/\/www.ghostysky.com\/shop\/"},{"@type":"ListItem","position":3,"name":"DJI Matrice 4E Worry-Free Plus Combo"}]},{"@type":"WebSite","@id":"https:\/\/www.ghostysky.com\/#website","url":"https:\/\/www.ghostysky.com\/","name":"Ghostysky","description":"Fornecendo drones e servi\u00e7os profissionais","publisher":{"@id":"https:\/\/www.ghostysky.com\/#organization"},"potentialAction":[{"@type":"SearchAction","target":{"@type":"EntryPoint","urlTemplate":"https:\/\/www.ghostysky.com\/?s={search_term_string}"},"query-input":{"@type":"PropertyValueSpecification","valueRequired":true,"valueName":"search_term_string"}}],"inLanguage":"pt-PT"},{"@type":"Organization","@id":"https:\/\/www.ghostysky.com\/#organization","name":"Ghostysky","url":"https:\/\/www.ghostysky.com\/","logo":{"@type":"ImageObject","inLanguage":"pt-PT","@id":"https:\/\/www.ghostysky.com\/#\/schema\/logo\/image\/","url":"https:\/\/www.ghostysky.com\/wp-content\/uploads\/2020\/06\/cropped-ghostyskylogo_text_white2.png","contentUrl":"https:\/\/www.ghostysky.com\/wp-content\/uploads\/2020\/06\/cropped-ghostyskylogo_text_white2.png","width":169,"height":56,"caption":"Ghostysky"},"image":{"@id":"https:\/\/www.ghostysky.com\/#\/schema\/logo\/image\/"},"sameAs":["https:\/\/www.facebook.com\/people\/Ghostysky\/100057676170234\/","https:\/\/x.com\/Gh0stysky","https:\/\/www.linkedin.com\/company\/34739653","https:\/\/www.instagram.com\/gh0stysky"]}]}},"_links":{"self":[{"href":"https:\/\/www.ghostysky.com\/pt\/wp-json\/wp\/v2\/product\/21741","targetHints":{"allow":["GET"]}}],"collection":[{"href":"https:\/\/www.ghostysky.com\/pt\/wp-json\/wp\/v2\/product"}],"about":[{"href":"https:\/\/www.ghostysky.com\/pt\/wp-json\/wp\/v2\/types\/product"}],"replies":[{"embeddable":true,"href":"https:\/\/www.ghostysky.com\/pt\/wp-json\/wp\/v2\/comments?post=21741"}],"wp:featuredmedia":[{"embeddable":true,"href":"https:\/\/www.ghostysky.com\/pt\/wp-json\/wp\/v2\/media\/21745"}],"wp:attachment":[{"href":"https:\/\/www.ghostysky.com\/pt\/wp-json\/wp\/v2\/media?parent=21741"}],"wp:term":[{"taxonomy":"product_brand","embeddable":true,"href":"https:\/\/www.ghostysky.com\/pt\/wp-json\/wp\/v2\/product_brand?post=21741"},{"taxonomy":"product_cat","embeddable":true,"href":"https:\/\/www.ghostysky.com\/pt\/wp-json\/wp\/v2\/product_cat?post=21741"},{"taxonomy":"product_tag","embeddable":true,"href":"https:\/\/www.ghostysky.com\/pt\/wp-json\/wp\/v2\/product_tag?post=21741"}],"curies":[{"name":"wp","href":"https:\/\/api.w.org\/{rel}","templated":true}]}}