{"id":21751,"date":"2025-10-17T14:15:24","date_gmt":"2025-10-17T14:15:24","guid":{"rendered":"https:\/\/www.ghostysky.com\/?post_type=product&#038;p=21751"},"modified":"2025-10-18T04:10:44","modified_gmt":"2025-10-18T04:10:44","slug":"dji-d-rtk-3-multifunctional-station","status":"publish","type":"product","link":"https:\/\/www.ghostysky.com\/pt\/product\/dji-d-rtk-3-multifunctional-station\/","title":{"rendered":"Esta\u00e7\u00e3o multifuncional DJI D-RTK 3"},"content":{"rendered":"<h3><b>Principais recursos e modos de opera\u00e7\u00e3o<\/b><\/h3>\n<ul>\n<li><b>Posicionamento em n\u00edvel centim\u00e9trico:<\/b><span class=\"citation-1149 citation-end-1149\"> Equipado para rastrear e resolver dados de todos os principais sistemas globais de navega\u00e7\u00e3o por sat\u00e9lite (GPS, GLONASS, BeiDou, Galileo, QZSS, Banda L) em v\u00e1rias frequ\u00eancias.<sup class=\"superscript\" data-turn-source-index=\"3\">3<\/sup><\/span> <span class=\"citation-1148\">Isso garante um posicionamento de alta precis\u00e3o, proporcionando <\/span><b><span class=\"citation-1148 citation-end-1148\">Precis\u00e3o horizontal de <sup class=\"superscript\" data-turn-source-index=\"4\">4<\/sup><\/span><span class=\"math-inline\" data-math=\"0.8 \\text{ cm} + 1 \\text{ ppm (RMS)}\">$0,8 \\texto{ cm} + 1 \\texto{ ppm (RMS)}$<\/span><\/b><span class=\"citation-1147\"> e <\/span><b><span class=\"citation-1147 citation-end-1147\">Precis\u00e3o vertical de <sup class=\"superscript\" data-turn-source-index=\"5\">5<\/sup><\/span><span class=\"math-inline\" data-math=\"1.5 \\text{ cm} + 1 \\text{ ppm (RMS)}\">$1,5 \\texto{ cm} + 1 \\texto{ ppm (RMS)}$<\/span><\/b><span class=\"citation-1146 citation-end-1146\"> no modo RTK.<\/span><\/li>\n<li><b>Tr\u00eas modos de opera\u00e7\u00e3o para versatilidade:<\/b>\n<ul>\n<li><b><span class=\"citation-1145\">Modo de esta\u00e7\u00e3o base (transmiss\u00e3o):<\/span><\/b><span class=\"citation-1145\"> Fornece corre\u00e7\u00f5es de posicionamento em n\u00edvel de cent\u00edmetros em tempo real para <\/span><b><span class=\"citation-1145\">v\u00e1rios drones DJI compat\u00edveis simultaneamente<\/span><\/b><span class=\"citation-1145 citation-end-1145\">, maximizando a efici\u00eancia das opera\u00e7\u00f5es da frota sem configura\u00e7\u00e3o extra.<\/span><\/li>\n<li><b><span class=\"citation-1144\">Modo de esta\u00e7\u00e3o de retransmiss\u00e3o:<\/span><\/b><span class=\"citation-1144 citation-end-1144\"> Amplia a transmiss\u00e3o de v\u00eddeo e o alcance operacional de drones compat\u00edveis, como o Matrice S\u00e9rie 4, particularmente \u00fatil em ambientes com obstru\u00e7\u00f5es de sinal, como \u00e1reas urbanas ou vales.<sup class=\"superscript\" data-turn-source-index=\"8\">8<\/sup><\/span> <span class=\"citation-1143 citation-end-1143\">Pode melhorar significativamente a estabilidade e a cobertura da comunica\u00e7\u00e3o.<\/span><\/li>\n<li><b>Modo de esta\u00e7\u00e3o Rover:<\/b><span class=\"citation-1142\"> Transforma o D-RTK 3 em uma solu\u00e7\u00e3o m\u00f3vel para coleta de dados de alta precis\u00e3o <\/span><b><span class=\"citation-1142\">Ponto de Controle Terrestre (GCP)<\/span><\/b><span class=\"citation-1142 citation-end-1142\"> coordenadas.<sup class=\"superscript\" data-turn-source-index=\"10\">10<\/sup><\/span> <span class=\"citation-1141\">Quando emparelhado com o aplicativo DJI ENTERPRISE e DJI Terra, ele suporta <\/span><b><span class=\"citation-1141\">compensa\u00e7\u00e3o de inclina\u00e7\u00e3o<\/span><\/b><span class=\"citation-1141 citation-end-1141\">, permitindo medi\u00e7\u00f5es precisas mesmo quando o mastro de levantamento n\u00e3o est\u00e1 perfeitamente vertical (precis\u00e3o de inclina\u00e7\u00e3o <sup class=\"superscript\" data-turn-source-index=\"11\">11<\/sup><\/span><span class=\"math-inline\" data-math=\"&lt;2 \\text{ cm}\">$&lt;2 \\texto{ cm}$<\/span><span class=\"citation-1140 citation-end-1140\"> dentro de <sup class=\"superscript\" data-turn-source-index=\"12\">12<\/sup><\/span><span class=\"math-inline\" data-math=\"30^\\circ\">$30^\\circ$<\/span><span class=\"citation-1139 citation-end-1139\"> \u00e2ngulo de inclina\u00e7\u00e3o).<\/span>\n<p>&nbsp;<\/li>\n<\/ul>\n<\/li>\n<li><b>Design robusto e confi\u00e1vel:<\/b>\n<ul>\n<li><b><span class=\"citation-1138\">Classifica\u00e7\u00e3o de prote\u00e7\u00e3o IP67<\/span><\/b><span class=\"citation-1138 citation-end-1138\"> (somente esta\u00e7\u00e3o) garante durabilidade e resist\u00eancia \u00e0 poeira e \u00e1gua, tornando-o adequado para ambientes externos desafiadores.<\/span><\/li>\n<li>Possui uma antena diel\u00e9trica de ar de alto desempenho com um design de filtragem f\u00edsica para forte resist\u00eancia \u00e0 interfer\u00eancia de m\u00faltiplos caminhos e rastreamento eficaz de sat\u00e9lites de baixa eleva\u00e7\u00e3o.\n<div class=\"source-inline-chip-container ng-star-inserted\"><\/div>\n<\/li>\n<\/ul>\n<\/li>\n<li><b><span class=\"citation-1136\">Integra\u00e7\u00e3o empresarial perfeita:<\/span><\/b><span class=\"citation-1136\"> O D-RTK 3 integra-se perfeitamente ao ecossistema empresarial da DJI, trabalhando com o <\/span><b><span class=\"citation-1136\">Aplicativo DJI ENTERPRISE<\/span><\/b><span class=\"citation-1136\"> para configura\u00e7\u00e3o simplificada do GCP e com <\/span><b><span class=\"citation-1136\">DJI Terra<\/span><\/b><span class=\"citation-1136 citation-end-1136\"> para p\u00f3s-processamento eficiente, incluindo fluxos de trabalho PPK (Cinem\u00e1tica P\u00f3s-Processada) e RTK (Cinem\u00e1tica em Tempo Real).<\/span>\n<div class=\"source-inline-chip-container ng-star-inserted\"><\/div>\n<\/li>\n<\/ul>\n<h3><b>Casos de uso ideais<\/b><\/h3>\n<p>A esta\u00e7\u00e3o multifuncional DJI D-RTK 3 \u00e9 uma ferramenta indispens\u00e1vel para profissionais de setores que exigem dados de alta precis\u00e3o, incluindo:<\/p>\n<ul>\n<li><b>Topografia e Mapeamento:<\/b><span class=\"citation-1135 citation-end-1135\"> Cria\u00e7\u00e3o de mapas topogr\u00e1ficos de alta precis\u00e3o, modelos 3D e gera\u00e7\u00e3o de dados geoespaciais altamente precisos.<\/span><\/li>\n<li><b><span class=\"citation-1134\">Constru\u00e7\u00e3o e BIM:<\/span><\/b><span class=\"citation-1134 citation-end-1134\"> Monitorar o andamento da constru\u00e7\u00e3o, realizar levantamentos de obras e garantir a execu\u00e7\u00e3o precisa do projeto.<\/span><\/li>\n<li><b>Agricultura de Precis\u00e3o:<\/b><span class=\"citation-1133 citation-end-1133\"> Gerando mapas detalhados de culturas para gerenciamento eficaz de recursos.<\/span><\/li>\n<li><b><span class=\"citation-1132\">Inspe\u00e7\u00e3o de Infraestrutura:<\/span><\/b><span class=\"citation-1132 citation-end-1132\"> Fornecendo posicionamento est\u00e1vel e preciso para inspe\u00e7\u00e3o detalhada de linhas de energia, dutos e outras infraestruturas cr\u00edticas.<\/span><\/li>\n<li><b>Seguran\u00e7a P\u00fablica:<\/b><span class=\"citation-1131 citation-end-1131\"> Oferecendo suporte \u00e0 busca e resgate ou reconstru\u00e7\u00e3o de acidentes com comunica\u00e7\u00e3o confi\u00e1vel de longo alcance e posicionamento preciso.<\/span><\/li>\n<\/ul>\n<h4>NA CAIXA<\/h4>\n<p>1x Esta\u00e7\u00e3o Multifuncional D-RTK 3<br \/>\n4 antenas direcionais OcuSync sobressalentes<br \/>\n1 cabo USB-A para USB-C<\/p>","protected":false},"excerpt":{"rendered":"<p><span class=\"citation-1151\">O <\/span><b><span class=\"citation-1151\">Esta\u00e7\u00e3o multifuncional DJI D-RTK 3<\/span><\/b><span class=\"citation-1151 citation-end-1151\"> \u00e9 uma solu\u00e7\u00e3o GNSS avan\u00e7ada e de alta precis\u00e3o projetada para opera\u00e7\u00f5es profissionais de drones empresariais.<\/span> <span class=\"citation-1150 citation-end-1150\">\u00c9 um sistema vers\u00e1til que integra antenas de alto desempenho, m\u00f3dulos receptores e uma Unidade de Medi\u00e7\u00e3o Inercial (IMU) integrada para fornecer precis\u00e3o centim\u00e9trica e alcance operacional aprimorado em v\u00e1rios tipos de miss\u00e3o.<\/span><\/p>","protected":false},"featured_media":21754,"comment_status":"open","ping_status":"closed","template":"","meta":[],"product_brand":[1031],"product_cat":[37,1119,29,1117,1125,1127],"product_tag":[42,1122,1123,1120],"class_list":{"0":"post-21751","1":"product","2":"type-product","3":"status-publish","4":"has-post-thumbnail","6":"product_brand-dji","7":"product_cat-dji","8":"product_cat-dji-matrice-4-accessories","9":"product_cat-drones","10":"product_cat-matrice-4","11":"product_cat-matrice-400","12":"product_cat-matrice-400-accessories","13":"product_tag-dji","14":"product_tag-dji-dji-d-rtk-3-multifunctional-station","15":"product_tag-dji-matrice-4-accessories","16":"product_tag-dji-matrice-4-series","18":"first","19":"onbackorder","20":"taxable","21":"shipping-taxable","22":"purchasable","23":"product-type-simple"},"yoast_head":"<!-- This site is optimized with the Yoast SEO plugin v27.1.1 - https:\/\/yoast.com\/product\/yoast-seo-wordpress\/ -->\n<title>DJI D-RTK 3 Multifunctional Station - Ghostysky<\/title>\n<meta name=\"description\" content=\"The DJI D-RTK 3 Multifunctional Station is an advanced, high-precision GNSS solution designed for professional enterprise drone operations. It is a versatile system that integrates high-performance antennas, receiver modules, and a built-in Inertial Measurement Unit (IMU) to provide centimeter-level accuracy and enhanced operational range across various mission types.\" \/>\n<meta name=\"robots\" content=\"index, follow, max-snippet:-1, max-image-preview:large, max-video-preview:-1\" \/>\n<link rel=\"canonical\" href=\"https:\/\/www.ghostysky.com\/pt\/produto-2\/dji-d-rtk-3-multifunctional-station\/\" \/>\n<meta property=\"og:locale\" content=\"pt_PT\" \/>\n<meta property=\"og:type\" content=\"article\" \/>\n<meta property=\"og:title\" content=\"DJI D-RTK 3 Multifunctional Station - Ghostysky\" \/>\n<meta property=\"og:description\" content=\"The DJI D-RTK 3 Multifunctional Station is an advanced, high-precision GNSS solution designed for professional enterprise drone operations. It is a versatile system that integrates high-performance antennas, receiver modules, and a built-in Inertial Measurement Unit (IMU) to provide centimeter-level accuracy and enhanced operational range across various mission types.\" \/>\n<meta property=\"og:url\" content=\"https:\/\/www.ghostysky.com\/pt\/produto-2\/dji-d-rtk-3-multifunctional-station\/\" \/>\n<meta property=\"og:site_name\" content=\"Ghostysky\" \/>\n<meta property=\"article:publisher\" content=\"https:\/\/www.facebook.com\/people\/Ghostysky\/100057676170234\/\" \/>\n<meta property=\"article:modified_time\" content=\"2025-10-18T04:10:44+00:00\" \/>\n<meta property=\"og:image\" content=\"https:\/\/www.ghostysky.com\/wp-content\/uploads\/2025\/10\/GH_DJI-D-RTK-3-Multifunctional-Station_1.jpg\" \/>\n\t<meta property=\"og:image:width\" content=\"800\" \/>\n\t<meta property=\"og:image:height\" content=\"800\" \/>\n\t<meta property=\"og:image:type\" content=\"image\/jpeg\" \/>\n<meta name=\"twitter:card\" content=\"summary_large_image\" \/>\n<meta name=\"twitter:site\" content=\"@Gh0stysky\" \/>\n<meta name=\"twitter:label1\" content=\"Tempo estimado de leitura\" \/>\n\t<meta name=\"twitter:data1\" content=\"2 minutos\" \/>\n<script type=\"application\/ld+json\" class=\"yoast-schema-graph\">{\"@context\":\"https:\/\/schema.org\",\"@graph\":[{\"@type\":\"WebPage\",\"@id\":\"https:\/\/www.ghostysky.com\/product\/dji-d-rtk-3-multifunctional-station\/\",\"url\":\"https:\/\/www.ghostysky.com\/product\/dji-d-rtk-3-multifunctional-station\/\",\"name\":\"DJI D-RTK 3 Multifunctional Station - Ghostysky\",\"isPartOf\":{\"@id\":\"https:\/\/www.ghostysky.com\/#website\"},\"primaryImageOfPage\":{\"@id\":\"https:\/\/www.ghostysky.com\/product\/dji-d-rtk-3-multifunctional-station\/#primaryimage\"},\"image\":{\"@id\":\"https:\/\/www.ghostysky.com\/product\/dji-d-rtk-3-multifunctional-station\/#primaryimage\"},\"thumbnailUrl\":\"https:\/\/www.ghostysky.com\/wp-content\/uploads\/2025\/10\/GH_DJI-D-RTK-3-Multifunctional-Station_1.jpg\",\"datePublished\":\"2025-10-17T14:15:24+00:00\",\"dateModified\":\"2025-10-18T04:10:44+00:00\",\"description\":\"The DJI D-RTK 3 Multifunctional Station is an advanced, high-precision GNSS solution designed for professional enterprise drone operations. It is a versatile system that integrates high-performance antennas, receiver modules, and a built-in Inertial Measurement Unit (IMU) to provide centimeter-level accuracy and enhanced operational range across various mission types.\",\"breadcrumb\":{\"@id\":\"https:\/\/www.ghostysky.com\/product\/dji-d-rtk-3-multifunctional-station\/#breadcrumb\"},\"inLanguage\":\"pt-PT\",\"potentialAction\":[{\"@type\":\"ReadAction\",\"target\":[\"https:\/\/www.ghostysky.com\/product\/dji-d-rtk-3-multifunctional-station\/\"]}]},{\"@type\":\"ImageObject\",\"inLanguage\":\"pt-PT\",\"@id\":\"https:\/\/www.ghostysky.com\/product\/dji-d-rtk-3-multifunctional-station\/#primaryimage\",\"url\":\"https:\/\/www.ghostysky.com\/wp-content\/uploads\/2025\/10\/GH_DJI-D-RTK-3-Multifunctional-Station_1.jpg\",\"contentUrl\":\"https:\/\/www.ghostysky.com\/wp-content\/uploads\/2025\/10\/GH_DJI-D-RTK-3-Multifunctional-Station_1.jpg\",\"width\":800,\"height\":800},{\"@type\":\"BreadcrumbList\",\"@id\":\"https:\/\/www.ghostysky.com\/product\/dji-d-rtk-3-multifunctional-station\/#breadcrumb\",\"itemListElement\":[{\"@type\":\"ListItem\",\"position\":1,\"name\":\"Home\",\"item\":\"https:\/\/www.ghostysky.com\/\"},{\"@type\":\"ListItem\",\"position\":2,\"name\":\"Shop\",\"item\":\"https:\/\/www.ghostysky.com\/shop\/\"},{\"@type\":\"ListItem\",\"position\":3,\"name\":\"DJI D-RTK 3 Multifunctional Station\"}]},{\"@type\":\"WebSite\",\"@id\":\"https:\/\/www.ghostysky.com\/#website\",\"url\":\"https:\/\/www.ghostysky.com\/\",\"name\":\"Ghostysky\",\"description\":\"Delivering professional drones and services\",\"publisher\":{\"@id\":\"https:\/\/www.ghostysky.com\/#organization\"},\"potentialAction\":[{\"@type\":\"SearchAction\",\"target\":{\"@type\":\"EntryPoint\",\"urlTemplate\":\"https:\/\/www.ghostysky.com\/?s={search_term_string}\"},\"query-input\":{\"@type\":\"PropertyValueSpecification\",\"valueRequired\":true,\"valueName\":\"search_term_string\"}}],\"inLanguage\":\"pt-PT\"},{\"@type\":\"Organization\",\"@id\":\"https:\/\/www.ghostysky.com\/#organization\",\"name\":\"Ghostysky\",\"url\":\"https:\/\/www.ghostysky.com\/\",\"logo\":{\"@type\":\"ImageObject\",\"inLanguage\":\"pt-PT\",\"@id\":\"https:\/\/www.ghostysky.com\/#\/schema\/logo\/image\/\",\"url\":\"https:\/\/www.ghostysky.com\/wp-content\/uploads\/2020\/06\/cropped-ghostyskylogo_text_white2.png\",\"contentUrl\":\"https:\/\/www.ghostysky.com\/wp-content\/uploads\/2020\/06\/cropped-ghostyskylogo_text_white2.png\",\"width\":169,\"height\":56,\"caption\":\"Ghostysky\"},\"image\":{\"@id\":\"https:\/\/www.ghostysky.com\/#\/schema\/logo\/image\/\"},\"sameAs\":[\"https:\/\/www.facebook.com\/people\/Ghostysky\/100057676170234\/\",\"https:\/\/x.com\/Gh0stysky\",\"https:\/\/www.linkedin.com\/company\/34739653\",\"https:\/\/www.instagram.com\/gh0stysky\"]}]}<\/script>\n<!-- \/ Yoast SEO plugin. -->","yoast_head_json":{"title":"Esta\u00e7\u00e3o multifuncional DJI D-RTK 3 - Ghostysky","description":"A Esta\u00e7\u00e3o Multifuncional DJI D-RTK 3 \u00e9 uma solu\u00e7\u00e3o GNSS avan\u00e7ada e de alta precis\u00e3o projetada para opera\u00e7\u00f5es profissionais com drones corporativos. Trata-se de um sistema vers\u00e1til que integra antenas de alto desempenho, m\u00f3dulos receptores e uma Unidade de Medi\u00e7\u00e3o Inercial (IMU) integrada para fornecer precis\u00e3o centim\u00e9trica e alcance operacional aprimorado em diversos tipos de miss\u00e3o.","robots":{"index":"index","follow":"follow","max-snippet":"max-snippet:-1","max-image-preview":"max-image-preview:large","max-video-preview":"max-video-preview:-1"},"canonical":"https:\/\/www.ghostysky.com\/pt\/produto-2\/dji-d-rtk-3-multifunctional-station\/","og_locale":"pt_PT","og_type":"article","og_title":"DJI D-RTK 3 Multifunctional Station - Ghostysky","og_description":"The DJI D-RTK 3 Multifunctional Station is an advanced, high-precision GNSS solution designed for professional enterprise drone operations. It is a versatile system that integrates high-performance antennas, receiver modules, and a built-in Inertial Measurement Unit (IMU) to provide centimeter-level accuracy and enhanced operational range across various mission types.","og_url":"https:\/\/www.ghostysky.com\/pt\/produto-2\/dji-d-rtk-3-multifunctional-station\/","og_site_name":"Ghostysky","article_publisher":"https:\/\/www.facebook.com\/people\/Ghostysky\/100057676170234\/","article_modified_time":"2025-10-18T04:10:44+00:00","og_image":[{"width":800,"height":800,"url":"https:\/\/www.ghostysky.com\/wp-content\/uploads\/2025\/10\/GH_DJI-D-RTK-3-Multifunctional-Station_1.jpg","type":"image\/jpeg"}],"twitter_card":"summary_large_image","twitter_site":"@Gh0stysky","twitter_misc":{"Tempo estimado de leitura":"2 minutos"},"schema":{"@context":"https:\/\/schema.org","@graph":[{"@type":"WebPage","@id":"https:\/\/www.ghostysky.com\/product\/dji-d-rtk-3-multifunctional-station\/","url":"https:\/\/www.ghostysky.com\/product\/dji-d-rtk-3-multifunctional-station\/","name":"Esta\u00e7\u00e3o multifuncional DJI D-RTK 3 - Ghostysky","isPartOf":{"@id":"https:\/\/www.ghostysky.com\/#website"},"primaryImageOfPage":{"@id":"https:\/\/www.ghostysky.com\/product\/dji-d-rtk-3-multifunctional-station\/#primaryimage"},"image":{"@id":"https:\/\/www.ghostysky.com\/product\/dji-d-rtk-3-multifunctional-station\/#primaryimage"},"thumbnailUrl":"https:\/\/www.ghostysky.com\/wp-content\/uploads\/2025\/10\/GH_DJI-D-RTK-3-Multifunctional-Station_1.jpg","datePublished":"2025-10-17T14:15:24+00:00","dateModified":"2025-10-18T04:10:44+00:00","description":"A Esta\u00e7\u00e3o Multifuncional DJI D-RTK 3 \u00e9 uma solu\u00e7\u00e3o GNSS avan\u00e7ada e de alta precis\u00e3o projetada para opera\u00e7\u00f5es profissionais com drones corporativos. Trata-se de um sistema vers\u00e1til que integra antenas de alto desempenho, m\u00f3dulos receptores e uma Unidade de Medi\u00e7\u00e3o Inercial (IMU) integrada para fornecer precis\u00e3o centim\u00e9trica e alcance operacional aprimorado em diversos tipos de miss\u00e3o.","breadcrumb":{"@id":"https:\/\/www.ghostysky.com\/product\/dji-d-rtk-3-multifunctional-station\/#breadcrumb"},"inLanguage":"pt-PT","potentialAction":[{"@type":"ReadAction","target":["https:\/\/www.ghostysky.com\/product\/dji-d-rtk-3-multifunctional-station\/"]}]},{"@type":"ImageObject","inLanguage":"pt-PT","@id":"https:\/\/www.ghostysky.com\/product\/dji-d-rtk-3-multifunctional-station\/#primaryimage","url":"https:\/\/www.ghostysky.com\/wp-content\/uploads\/2025\/10\/GH_DJI-D-RTK-3-Multifunctional-Station_1.jpg","contentUrl":"https:\/\/www.ghostysky.com\/wp-content\/uploads\/2025\/10\/GH_DJI-D-RTK-3-Multifunctional-Station_1.jpg","width":800,"height":800},{"@type":"BreadcrumbList","@id":"https:\/\/www.ghostysky.com\/product\/dji-d-rtk-3-multifunctional-station\/#breadcrumb","itemListElement":[{"@type":"ListItem","position":1,"name":"Home","item":"https:\/\/www.ghostysky.com\/"},{"@type":"ListItem","position":2,"name":"Shop","item":"https:\/\/www.ghostysky.com\/shop\/"},{"@type":"ListItem","position":3,"name":"DJI D-RTK 3 Multifunctional Station"}]},{"@type":"WebSite","@id":"https:\/\/www.ghostysky.com\/#website","url":"https:\/\/www.ghostysky.com\/","name":"Ghostysky","description":"Fornecendo drones e servi\u00e7os profissionais","publisher":{"@id":"https:\/\/www.ghostysky.com\/#organization"},"potentialAction":[{"@type":"SearchAction","target":{"@type":"EntryPoint","urlTemplate":"https:\/\/www.ghostysky.com\/?s={search_term_string}"},"query-input":{"@type":"PropertyValueSpecification","valueRequired":true,"valueName":"search_term_string"}}],"inLanguage":"pt-PT"},{"@type":"Organization","@id":"https:\/\/www.ghostysky.com\/#organization","name":"Ghostysky","url":"https:\/\/www.ghostysky.com\/","logo":{"@type":"ImageObject","inLanguage":"pt-PT","@id":"https:\/\/www.ghostysky.com\/#\/schema\/logo\/image\/","url":"https:\/\/www.ghostysky.com\/wp-content\/uploads\/2020\/06\/cropped-ghostyskylogo_text_white2.png","contentUrl":"https:\/\/www.ghostysky.com\/wp-content\/uploads\/2020\/06\/cropped-ghostyskylogo_text_white2.png","width":169,"height":56,"caption":"Ghostysky"},"image":{"@id":"https:\/\/www.ghostysky.com\/#\/schema\/logo\/image\/"},"sameAs":["https:\/\/www.facebook.com\/people\/Ghostysky\/100057676170234\/","https:\/\/x.com\/Gh0stysky","https:\/\/www.linkedin.com\/company\/34739653","https:\/\/www.instagram.com\/gh0stysky"]}]}},"_links":{"self":[{"href":"https:\/\/www.ghostysky.com\/pt\/wp-json\/wp\/v2\/product\/21751","targetHints":{"allow":["GET"]}}],"collection":[{"href":"https:\/\/www.ghostysky.com\/pt\/wp-json\/wp\/v2\/product"}],"about":[{"href":"https:\/\/www.ghostysky.com\/pt\/wp-json\/wp\/v2\/types\/product"}],"replies":[{"embeddable":true,"href":"https:\/\/www.ghostysky.com\/pt\/wp-json\/wp\/v2\/comments?post=21751"}],"wp:featuredmedia":[{"embeddable":true,"href":"https:\/\/www.ghostysky.com\/pt\/wp-json\/wp\/v2\/media\/21754"}],"wp:attachment":[{"href":"https:\/\/www.ghostysky.com\/pt\/wp-json\/wp\/v2\/media?parent=21751"}],"wp:term":[{"taxonomy":"product_brand","embeddable":true,"href":"https:\/\/www.ghostysky.com\/pt\/wp-json\/wp\/v2\/product_brand?post=21751"},{"taxonomy":"product_cat","embeddable":true,"href":"https:\/\/www.ghostysky.com\/pt\/wp-json\/wp\/v2\/product_cat?post=21751"},{"taxonomy":"product_tag","embeddable":true,"href":"https:\/\/www.ghostysky.com\/pt\/wp-json\/wp\/v2\/product_tag?post=21751"}],"curies":[{"name":"wp","href":"https:\/\/api.w.org\/{rel}","templated":true}]}}