{"id":21769,"date":"2025-10-17T14:22:03","date_gmt":"2025-10-17T14:22:03","guid":{"rendered":"https:\/\/www.ghostysky.com\/?post_type=product&#038;p=21769"},"modified":"2025-10-18T04:22:58","modified_gmt":"2025-10-18T04:22:58","slug":"dji-rc-plus-2-enterprise-enhanced","status":"publish","type":"product","link":"https:\/\/www.ghostysky.com\/pt\/product\/dji-rc-plus-2-enterprise-enhanced\/","title":{"rendered":"DJI RC Plus 2 Enterprise aprimorado"},"content":{"rendered":"<h3><b>Principais recursos e destaques<\/b><\/h3>\n<ul>\n<li><b><span class=\"citation-1172\">Tela ultrabrilhante e de alta defini\u00e7\u00e3o:<\/span><\/b><span class=\"citation-1172\"> Possui uma grande tela sens\u00edvel ao toque HD de 7,02 polegadas com brilho de at\u00e9 <\/span><b><span class=\"citation-1172\">1400 l\u00eandeas<\/span><\/b><span class=\"citation-1172 citation-end-1172\">, garantindo visibilidade cristalina mesmo sob luz solar direta, o que \u00e9 essencial para opera\u00e7\u00f5es de campo.<\/span><\/li>\n<li><b>Durabilidade robusta em todas as condi\u00e7\u00f5es clim\u00e1ticas:<\/b><span class=\"citation-1171\"> Constru\u00eddo com um <\/span><b><span class=\"citation-1171\">Classifica\u00e7\u00e3o de prote\u00e7\u00e3o IP54<\/span><\/b><span class=\"citation-1171 citation-end-1171\"> para resist\u00eancia \u00e0 poeira e \u00e0 \u00e1gua e uma ampla faixa de temperatura operacional de <sup class=\"superscript\" data-turn-source-index=\"3\">3<\/sup><\/span><b><span class=\"math-inline\" data-math=\"-20^\\circ \\text{ to } 50^\\circ \\text{ C}\">$-20^\\circ \\texto{ para } 50^\\circ \\texto{ C}$<\/span><\/b><span class=\"citation-1170 citation-end-1170\"> (<sup class=\"superscript\" data-turn-source-index=\"4\">4<\/sup><\/span><span class=\"math-inline\" data-math=\"-4^\\circ \\text{ to } 122^\\circ \\text{ F}\">$-4^\\circ \\texto{ para } 122^\\circ \\texto{ F}$<\/span><span class=\"citation-1169 citation-end-1169\">), garantindo desempenho confi\u00e1vel em condi\u00e7\u00f5es ambientais adversas.<\/span><\/li>\n<li><b><span class=\"citation-1168\">Transmiss\u00e3o de v\u00eddeo empresarial O4:<\/span><\/b><span class=\"citation-1168\"> Utiliza o poderoso <\/span><b><span class=\"citation-1168\">Sistema de transmiss\u00e3o O4 Enterprise<\/span><\/b><span class=\"citation-1168 citation-end-1168\"> com um conjunto de antenas de alto ganho integrado para fornecer uma transmiss\u00e3o de v\u00eddeo est\u00e1vel, de baixa lat\u00eancia e suave em longas dist\u00e2ncias.<\/span><\/li>\n<li><b>Conectividade aprimorada:<\/b><span class=\"citation-1167\"> Suporta ambos <\/span><b><span class=\"citation-1167\">Transmiss\u00e3o h\u00edbrida SDR e 4G<\/span><\/b><span class=\"citation-1167 citation-end-1167\"> (com um m\u00f3dulo opcional), proporcionando comunica\u00e7\u00e3o est\u00e1vel e ininterrupta mesmo em ambientes complexos, como arranha-c\u00e9us urbanos ou terrenos montanhosos.<sup class=\"superscript\" data-turn-source-index=\"7\">7<\/sup><\/span> <span class=\"citation-1166 citation-end-1166\">A vers\u00e3o aprimorada adiciona componentes de interface expandidos para compatibilidade com mais produtos do setor.<\/span><\/li>\n<li><b><span class=\"citation-1165\">Opera\u00e7\u00e3o estendida e cont\u00ednua:<\/span><\/b><span class=\"citation-1165 citation-end-1165\"> Possui suporte para bateria dupla (bateria interna mais bateria externa WB37 opcional de troca a quente) para tempo de opera\u00e7\u00e3o significativamente estendido, permitindo longas horas de voo cont\u00ednuo sem interrup\u00e7\u00f5es da miss\u00e3o.<\/span><\/li>\n<li><b><span class=\"citation-1164\">Controle ergon\u00f4mico e intuitivo:<\/span><\/b><span class=\"citation-1164 citation-end-1164\"> Projetado com uma pegada confort\u00e1vel e ergon\u00f4mica e bot\u00f5es f\u00edsicos personaliz\u00e1veis, permitindo que os pilotos acessem fun\u00e7\u00f5es essenciais com efici\u00eancia e mantenham o foco no voo.<\/span><\/li>\n<\/ul>\n<p><span class=\"citation-1163 citation-end-1163\">O DJI RC Plus 2 Enterprise Enhanced \u00e9 a unidade de comando central que capacita equipes de seguran\u00e7a p\u00fablica, inspetores de infraestrutura e profissionais de mapeamento com o controle confi\u00e1vel e de alto desempenho necess\u00e1rio para executar miss\u00f5es complexas de forma mais inteligente e segura.<\/span><\/p>\n<h4>NA CAIXA<\/h4>\n<p>Controle remoto \u00d71<\/p>\n<h4>COMPATIBILIDADE<\/h4>\n<p>DJI Matrice S\u00e9rie 4<br \/>\nAeronave S\u00e9rie DJI Matrice 4T Enterprise<br \/>\nAeronave S\u00e9rie DJI Matrice 4E Enterprise<br \/>\nS\u00e9rie DJI Matrice 4D<br \/>\nAeronave S\u00e9rie DJI Matrice 4TD Enterprise<br \/>\nAeronave S\u00e9rie DJI Matrice 4D Enterprise<br \/>\nDJI Matrice 400<\/p>","protected":false},"excerpt":{"rendered":"<p><span class=\"citation-1173 citation-end-1173\">O DJI RC Plus 2 Enterprise Enhanced \u00e9 o melhor controle remoto de n\u00edvel profissional, projetado para pilotos que exigem desempenho m\u00e1ximo, confiabilidade e precis\u00e3o em opera\u00e7\u00f5es desafiadoras de drones empresariais.<\/span> Desenvolvido para integra\u00e7\u00e3o perfeita com a s\u00e9rie DJI Matrice 4 e outras aeronaves empresariais compat\u00edveis, este controlador garante que suas miss\u00f5es sejam executadas com clareza e estabilidade excepcionais.<\/p>","protected":false},"featured_media":21771,"comment_status":"open","ping_status":"closed","template":"","meta":[],"product_brand":[1031],"product_cat":[37,1119,29,1117,1125,1127],"product_tag":[42,1123,1120],"class_list":{"0":"post-21769","1":"product","2":"type-product","3":"status-publish","4":"has-post-thumbnail","6":"product_brand-dji","7":"product_cat-dji","8":"product_cat-dji-matrice-4-accessories","9":"product_cat-drones","10":"product_cat-matrice-4","11":"product_cat-matrice-400","12":"product_cat-matrice-400-accessories","13":"product_tag-dji","14":"product_tag-dji-matrice-4-accessories","15":"product_tag-dji-matrice-4-series","17":"first","18":"onbackorder","19":"taxable","20":"shipping-taxable","21":"purchasable","22":"product-type-simple"},"yoast_head":"<!-- This site is optimized with the Yoast SEO plugin v27.4 - https:\/\/yoast.com\/product\/yoast-seo-wordpress\/ -->\n<title>DJI RC Plus 2 Enterprise Enhanced - Ghostysky<\/title>\n<meta name=\"description\" content=\"The DJI RC Plus 2 Enterprise Enhanced is the ultimate professional-grade remote controller, engineered for pilots who demand peak performance, reliability, and precision in challenging enterprise drone operations. Built for seamless integration with the DJI Matrice 4 Series and other compatible enterprise aircraft, this controller ensures your missions are executed with exceptional clarity and stab\" \/>\n<meta name=\"robots\" content=\"index, follow, max-snippet:-1, max-image-preview:large, max-video-preview:-1\" \/>\n<link rel=\"canonical\" href=\"https:\/\/www.ghostysky.com\/pt\/produto-2\/dji-rc-plus-2-enterprise-enhanced\/\" \/>\n<meta property=\"og:locale\" content=\"pt_PT\" \/>\n<meta property=\"og:type\" content=\"article\" \/>\n<meta property=\"og:title\" content=\"DJI RC Plus 2 Enterprise Enhanced - Ghostysky\" \/>\n<meta property=\"og:description\" content=\"The DJI RC Plus 2 Enterprise Enhanced is the ultimate professional-grade remote controller, engineered for pilots who demand peak performance, reliability, and precision in challenging enterprise drone operations. Built for seamless integration with the DJI Matrice 4 Series and other compatible enterprise aircraft, this controller ensures your missions are executed with exceptional clarity and stab\" \/>\n<meta property=\"og:url\" content=\"https:\/\/www.ghostysky.com\/pt\/produto-2\/dji-rc-plus-2-enterprise-enhanced\/\" \/>\n<meta property=\"og:site_name\" content=\"Ghostysky\" \/>\n<meta property=\"article:publisher\" content=\"https:\/\/www.facebook.com\/people\/Ghostysky\/100057676170234\/\" \/>\n<meta property=\"article:modified_time\" content=\"2025-10-18T04:22:58+00:00\" \/>\n<meta property=\"og:image\" content=\"https:\/\/www.ghostysky.com\/wp-content\/uploads\/2025\/10\/GH_DJI-RC-Plus-2-Enterprise-Enhanced_3.jpg\" \/>\n\t<meta property=\"og:image:width\" content=\"800\" \/>\n\t<meta property=\"og:image:height\" content=\"800\" \/>\n\t<meta property=\"og:image:type\" content=\"image\/jpeg\" \/>\n<meta name=\"twitter:card\" content=\"summary_large_image\" \/>\n<meta name=\"twitter:site\" content=\"@Gh0stysky\" \/>\n<meta name=\"twitter:label1\" content=\"Tempo estimado de leitura\" \/>\n\t<meta name=\"twitter:data1\" content=\"2 minutos\" \/>\n<script type=\"application\/ld+json\" class=\"yoast-schema-graph\">{\"@context\":\"https:\\\/\\\/schema.org\",\"@graph\":[{\"@type\":\"WebPage\",\"@id\":\"https:\\\/\\\/www.ghostysky.com\\\/product\\\/dji-rc-plus-2-enterprise-enhanced\\\/\",\"url\":\"https:\\\/\\\/www.ghostysky.com\\\/product\\\/dji-rc-plus-2-enterprise-enhanced\\\/\",\"name\":\"DJI RC Plus 2 Enterprise Enhanced - Ghostysky\",\"isPartOf\":{\"@id\":\"https:\\\/\\\/www.ghostysky.com\\\/#website\"},\"primaryImageOfPage\":{\"@id\":\"https:\\\/\\\/www.ghostysky.com\\\/product\\\/dji-rc-plus-2-enterprise-enhanced\\\/#primaryimage\"},\"image\":{\"@id\":\"https:\\\/\\\/www.ghostysky.com\\\/product\\\/dji-rc-plus-2-enterprise-enhanced\\\/#primaryimage\"},\"thumbnailUrl\":\"https:\\\/\\\/www.ghostysky.com\\\/wp-content\\\/uploads\\\/2025\\\/10\\\/GH_DJI-RC-Plus-2-Enterprise-Enhanced_3.jpg\",\"datePublished\":\"2025-10-17T14:22:03+00:00\",\"dateModified\":\"2025-10-18T04:22:58+00:00\",\"description\":\"The DJI RC Plus 2 Enterprise Enhanced is the ultimate professional-grade remote controller, engineered for pilots who demand peak performance, reliability, and precision in challenging enterprise drone operations. Built for seamless integration with the DJI Matrice 4 Series and other compatible enterprise aircraft, this controller ensures your missions are executed with exceptional clarity and stab\",\"breadcrumb\":{\"@id\":\"https:\\\/\\\/www.ghostysky.com\\\/product\\\/dji-rc-plus-2-enterprise-enhanced\\\/#breadcrumb\"},\"inLanguage\":\"pt-PT\",\"potentialAction\":[{\"@type\":\"ReadAction\",\"target\":[\"https:\\\/\\\/www.ghostysky.com\\\/product\\\/dji-rc-plus-2-enterprise-enhanced\\\/\"]}]},{\"@type\":\"ImageObject\",\"inLanguage\":\"pt-PT\",\"@id\":\"https:\\\/\\\/www.ghostysky.com\\\/product\\\/dji-rc-plus-2-enterprise-enhanced\\\/#primaryimage\",\"url\":\"https:\\\/\\\/www.ghostysky.com\\\/wp-content\\\/uploads\\\/2025\\\/10\\\/GH_DJI-RC-Plus-2-Enterprise-Enhanced_3.jpg\",\"contentUrl\":\"https:\\\/\\\/www.ghostysky.com\\\/wp-content\\\/uploads\\\/2025\\\/10\\\/GH_DJI-RC-Plus-2-Enterprise-Enhanced_3.jpg\",\"width\":800,\"height\":800},{\"@type\":\"BreadcrumbList\",\"@id\":\"https:\\\/\\\/www.ghostysky.com\\\/product\\\/dji-rc-plus-2-enterprise-enhanced\\\/#breadcrumb\",\"itemListElement\":[{\"@type\":\"ListItem\",\"position\":1,\"name\":\"Home\",\"item\":\"https:\\\/\\\/www.ghostysky.com\\\/\"},{\"@type\":\"ListItem\",\"position\":2,\"name\":\"Shop\",\"item\":\"https:\\\/\\\/www.ghostysky.com\\\/shop\\\/\"},{\"@type\":\"ListItem\",\"position\":3,\"name\":\"DJI RC Plus 2 Enterprise Enhanced\"}]},{\"@type\":\"WebSite\",\"@id\":\"https:\\\/\\\/www.ghostysky.com\\\/#website\",\"url\":\"https:\\\/\\\/www.ghostysky.com\\\/\",\"name\":\"Ghostysky\",\"description\":\"Delivering professional drones and robotics solutions\",\"publisher\":{\"@id\":\"https:\\\/\\\/www.ghostysky.com\\\/#organization\"},\"potentialAction\":[{\"@type\":\"SearchAction\",\"target\":{\"@type\":\"EntryPoint\",\"urlTemplate\":\"https:\\\/\\\/www.ghostysky.com\\\/?s={search_term_string}\"},\"query-input\":{\"@type\":\"PropertyValueSpecification\",\"valueRequired\":true,\"valueName\":\"search_term_string\"}}],\"inLanguage\":\"pt-PT\"},{\"@type\":\"Organization\",\"@id\":\"https:\\\/\\\/www.ghostysky.com\\\/#organization\",\"name\":\"Ghostysky\",\"url\":\"https:\\\/\\\/www.ghostysky.com\\\/\",\"logo\":{\"@type\":\"ImageObject\",\"inLanguage\":\"pt-PT\",\"@id\":\"https:\\\/\\\/www.ghostysky.com\\\/#\\\/schema\\\/logo\\\/image\\\/\",\"url\":\"https:\\\/\\\/www.ghostysky.com\\\/wp-content\\\/uploads\\\/2020\\\/06\\\/cropped-ghostyskylogo_text_white2.png\",\"contentUrl\":\"https:\\\/\\\/www.ghostysky.com\\\/wp-content\\\/uploads\\\/2020\\\/06\\\/cropped-ghostyskylogo_text_white2.png\",\"width\":169,\"height\":56,\"caption\":\"Ghostysky\"},\"image\":{\"@id\":\"https:\\\/\\\/www.ghostysky.com\\\/#\\\/schema\\\/logo\\\/image\\\/\"},\"sameAs\":[\"https:\\\/\\\/www.facebook.com\\\/people\\\/Ghostysky\\\/100057676170234\\\/\",\"https:\\\/\\\/x.com\\\/Gh0stysky\",\"https:\\\/\\\/www.linkedin.com\\\/company\\\/34739653\",\"https:\\\/\\\/www.instagram.com\\\/gh0stysky\"]}]}<\/script>\n<!-- \/ Yoast SEO plugin. -->","yoast_head_json":{"title":"DJI RC Plus 2 Enterprise aprimorado - Ghostysky","description":"O DJI RC Plus 2 Enterprise Enhanced \u00e9 o controle remoto profissional definitivo, projetado para pilotos que exigem desempenho m\u00e1ximo, confiabilidade e precis\u00e3o em opera\u00e7\u00f5es desafiadoras com drones empresariais. Desenvolvido para integra\u00e7\u00e3o perfeita com a S\u00e9rie DJI Matrice 4 e outras aeronaves empresariais compat\u00edveis, este controle garante que suas miss\u00f5es sejam executadas com clareza e estabilidade excepcionais.","robots":{"index":"index","follow":"follow","max-snippet":"max-snippet:-1","max-image-preview":"max-image-preview:large","max-video-preview":"max-video-preview:-1"},"canonical":"https:\/\/www.ghostysky.com\/pt\/produto-2\/dji-rc-plus-2-enterprise-enhanced\/","og_locale":"pt_PT","og_type":"article","og_title":"DJI RC Plus 2 Enterprise Enhanced - Ghostysky","og_description":"The DJI RC Plus 2 Enterprise Enhanced is the ultimate professional-grade remote controller, engineered for pilots who demand peak performance, reliability, and precision in challenging enterprise drone operations. Built for seamless integration with the DJI Matrice 4 Series and other compatible enterprise aircraft, this controller ensures your missions are executed with exceptional clarity and stab","og_url":"https:\/\/www.ghostysky.com\/pt\/produto-2\/dji-rc-plus-2-enterprise-enhanced\/","og_site_name":"Ghostysky","article_publisher":"https:\/\/www.facebook.com\/people\/Ghostysky\/100057676170234\/","article_modified_time":"2025-10-18T04:22:58+00:00","og_image":[{"width":800,"height":800,"url":"https:\/\/www.ghostysky.com\/wp-content\/uploads\/2025\/10\/GH_DJI-RC-Plus-2-Enterprise-Enhanced_3.jpg","type":"image\/jpeg"}],"twitter_card":"summary_large_image","twitter_site":"@Gh0stysky","twitter_misc":{"Tempo estimado de leitura":"2 minutos"},"schema":{"@context":"https:\/\/schema.org","@graph":[{"@type":"WebPage","@id":"https:\/\/www.ghostysky.com\/product\/dji-rc-plus-2-enterprise-enhanced\/","url":"https:\/\/www.ghostysky.com\/product\/dji-rc-plus-2-enterprise-enhanced\/","name":"DJI RC Plus 2 Enterprise aprimorado - Ghostysky","isPartOf":{"@id":"https:\/\/www.ghostysky.com\/#website"},"primaryImageOfPage":{"@id":"https:\/\/www.ghostysky.com\/product\/dji-rc-plus-2-enterprise-enhanced\/#primaryimage"},"image":{"@id":"https:\/\/www.ghostysky.com\/product\/dji-rc-plus-2-enterprise-enhanced\/#primaryimage"},"thumbnailUrl":"https:\/\/www.ghostysky.com\/wp-content\/uploads\/2025\/10\/GH_DJI-RC-Plus-2-Enterprise-Enhanced_3.jpg","datePublished":"2025-10-17T14:22:03+00:00","dateModified":"2025-10-18T04:22:58+00:00","description":"O DJI RC Plus 2 Enterprise Enhanced \u00e9 o controle remoto profissional definitivo, projetado para pilotos que exigem desempenho m\u00e1ximo, confiabilidade e precis\u00e3o em opera\u00e7\u00f5es desafiadoras com drones empresariais. Desenvolvido para integra\u00e7\u00e3o perfeita com a S\u00e9rie DJI Matrice 4 e outras aeronaves empresariais compat\u00edveis, este controle garante que suas miss\u00f5es sejam executadas com clareza e estabilidade excepcionais.","breadcrumb":{"@id":"https:\/\/www.ghostysky.com\/product\/dji-rc-plus-2-enterprise-enhanced\/#breadcrumb"},"inLanguage":"pt-PT","potentialAction":[{"@type":"ReadAction","target":["https:\/\/www.ghostysky.com\/product\/dji-rc-plus-2-enterprise-enhanced\/"]}]},{"@type":"ImageObject","inLanguage":"pt-PT","@id":"https:\/\/www.ghostysky.com\/product\/dji-rc-plus-2-enterprise-enhanced\/#primaryimage","url":"https:\/\/www.ghostysky.com\/wp-content\/uploads\/2025\/10\/GH_DJI-RC-Plus-2-Enterprise-Enhanced_3.jpg","contentUrl":"https:\/\/www.ghostysky.com\/wp-content\/uploads\/2025\/10\/GH_DJI-RC-Plus-2-Enterprise-Enhanced_3.jpg","width":800,"height":800},{"@type":"BreadcrumbList","@id":"https:\/\/www.ghostysky.com\/product\/dji-rc-plus-2-enterprise-enhanced\/#breadcrumb","itemListElement":[{"@type":"ListItem","position":1,"name":"Home","item":"https:\/\/www.ghostysky.com\/"},{"@type":"ListItem","position":2,"name":"Shop","item":"https:\/\/www.ghostysky.com\/shop\/"},{"@type":"ListItem","position":3,"name":"DJI RC Plus 2 Enterprise Enhanced"}]},{"@type":"WebSite","@id":"https:\/\/www.ghostysky.com\/#website","url":"https:\/\/www.ghostysky.com\/","name":"Ghostysky","description":"Fornecendo solu\u00e7\u00f5es profissionais em drones e rob\u00f3tica.","publisher":{"@id":"https:\/\/www.ghostysky.com\/#organization"},"potentialAction":[{"@type":"SearchAction","target":{"@type":"EntryPoint","urlTemplate":"https:\/\/www.ghostysky.com\/?s={search_term_string}"},"query-input":{"@type":"PropertyValueSpecification","valueRequired":true,"valueName":"search_term_string"}}],"inLanguage":"pt-PT"},{"@type":"Organization","@id":"https:\/\/www.ghostysky.com\/#organization","name":"Ghostysky","url":"https:\/\/www.ghostysky.com\/","logo":{"@type":"ImageObject","inLanguage":"pt-PT","@id":"https:\/\/www.ghostysky.com\/#\/schema\/logo\/image\/","url":"https:\/\/www.ghostysky.com\/wp-content\/uploads\/2020\/06\/cropped-ghostyskylogo_text_white2.png","contentUrl":"https:\/\/www.ghostysky.com\/wp-content\/uploads\/2020\/06\/cropped-ghostyskylogo_text_white2.png","width":169,"height":56,"caption":"Ghostysky"},"image":{"@id":"https:\/\/www.ghostysky.com\/#\/schema\/logo\/image\/"},"sameAs":["https:\/\/www.facebook.com\/people\/Ghostysky\/100057676170234\/","https:\/\/x.com\/Gh0stysky","https:\/\/www.linkedin.com\/company\/34739653","https:\/\/www.instagram.com\/gh0stysky"]}]}},"_links":{"self":[{"href":"https:\/\/www.ghostysky.com\/pt\/wp-json\/wp\/v2\/product\/21769","targetHints":{"allow":["GET"]}}],"collection":[{"href":"https:\/\/www.ghostysky.com\/pt\/wp-json\/wp\/v2\/product"}],"about":[{"href":"https:\/\/www.ghostysky.com\/pt\/wp-json\/wp\/v2\/types\/product"}],"replies":[{"embeddable":true,"href":"https:\/\/www.ghostysky.com\/pt\/wp-json\/wp\/v2\/comments?post=21769"}],"version-history":[{"count":0,"href":"https:\/\/www.ghostysky.com\/pt\/wp-json\/wp\/v2\/product\/21769\/revisions"}],"wp:featuredmedia":[{"embeddable":true,"href":"https:\/\/www.ghostysky.com\/pt\/wp-json\/wp\/v2\/media\/21771"}],"wp:attachment":[{"href":"https:\/\/www.ghostysky.com\/pt\/wp-json\/wp\/v2\/media?parent=21769"}],"wp:term":[{"taxonomy":"product_brand","embeddable":true,"href":"https:\/\/www.ghostysky.com\/pt\/wp-json\/wp\/v2\/product_brand?post=21769"},{"taxonomy":"product_cat","embeddable":true,"href":"https:\/\/www.ghostysky.com\/pt\/wp-json\/wp\/v2\/product_cat?post=21769"},{"taxonomy":"product_tag","embeddable":true,"href":"https:\/\/www.ghostysky.com\/pt\/wp-json\/wp\/v2\/product_tag?post=21769"}],"curies":[{"name":"wp","href":"https:\/\/api.w.org\/{rel}","templated":true}]}}