{"id":21772,"date":"2025-10-17T14:29:57","date_gmt":"2025-10-17T14:29:57","guid":{"rendered":"https:\/\/www.ghostysky.com\/?post_type=product&#038;p=21772"},"modified":"2025-10-17T16:20:48","modified_gmt":"2025-10-17T16:20:48","slug":"dji-matrice-4-obstacle-sensing-module","status":"publish","type":"product","link":"https:\/\/www.ghostysky.com\/pt\/product\/dji-matrice-4-obstacle-sensing-module\/","title":{"rendered":"M\u00f3dulo de detec\u00e7\u00e3o de obst\u00e1culos DJI Matrice 4"},"content":{"rendered":"<h3><b>Caracter\u00edsticas principais<\/b><\/h3>\n<ul>\n<li><b>Tecnologia avan\u00e7ada de sensor duplo:<\/b><span class=\"citation-1214\"> Ele combina <\/span><b><span class=\"citation-1214\">LiDAR rotativo<\/span><\/b><span class=\"citation-1214\"> com um <\/span><b><span class=\"citation-1214\">radar de ondas milim\u00e9tricas de cinco dire\u00e7\u00f5es<\/span><\/b><span class=\"citation-1214 citation-end-1214\"> para fornecer consci\u00eancia espacial excepcional, especialmente em condi\u00e7\u00f5es em que os sistemas de vis\u00e3o padr\u00e3o t\u00eam dificuldades.<\/span><\/li>\n<li><b><span class=\"citation-1213\">Prote\u00e7\u00e3o omnidirecional:<\/span><\/b><span class=\"citation-1213 citation-end-1213\"> O m\u00f3dulo, em conjunto com os sistemas integrados do drone, permite evitar obst\u00e1culos de forma abrangente e completa para maior seguran\u00e7a operacional.<\/span><\/li>\n<li><b><span class=\"citation-1212\">Detec\u00e7\u00e3o de fio de precis\u00e3o:<\/span><\/b><span class=\"citation-1212\"> Ele oferece uma preven\u00e7\u00e3o precisa de obst\u00e1culos em n\u00edvel de fio, capaz de detectar obst\u00e1culos finos t\u00e3o pequenos quanto <\/span><b><span class=\"citation-1212\">12 mil\u00edmetros<\/span><\/b><span class=\"citation-1212 citation-end-1212\"> de di\u00e2metro.<\/span><\/li>\n<li><b><span class=\"citation-1211\">Seguran\u00e7a em alta velocidade:<\/span><\/b><span class=\"citation-1211\"> Mantenha um ritmo alto durante as miss\u00f5es com detec\u00e7\u00e3o eficaz de obst\u00e1culos em velocidades de voo de at\u00e9 <\/span><b><span class=\"citation-1211 citation-end-1211\">15 m\/s (aprox.<sup class=\"superscript\" data-turn-source-index=\"5\">5<\/sup><\/span> <span class=\"citation-1210\">33 mph)<\/span><\/b><span class=\"citation-1210 citation-end-1210\">.<\/span><\/li>\n<li><b>Posicionamento aprimorado em condi\u00e7\u00f5es de pouca luz:<\/b><span class=\"citation-1209 citation-end-1209\"> A tecnologia integrada melhora a precis\u00e3o do posicionamento, permitindo opera\u00e7\u00f5es mais seguras em condi\u00e7\u00f5es de pouca luz.<\/span><\/li>\n<li><b><span class=\"citation-1208\">Robusto e confi\u00e1vel:<\/span><\/b><span class=\"citation-1208\"> Com um <\/span><b><span class=\"citation-1208\">Classifica\u00e7\u00e3o de prote\u00e7\u00e3o de entrada IP55<\/span><\/b><span class=\"citation-1208 citation-end-1208\"> (quando instalado na s\u00e9rie Matrice 4D), o m\u00f3dulo \u00e9 constru\u00eddo para suportar condi\u00e7\u00f5es exigentes, incluindo ambientes industriais e condi\u00e7\u00f5es clim\u00e1ticas vari\u00e1veis.<\/span><\/li>\n<li><b><span class=\"citation-1207\">Ideal para miss\u00f5es cr\u00edticas:<\/span><\/b><span class=\"citation-1207 citation-end-1207\"> Ele foi projetado especificamente para aplica\u00e7\u00f5es profissionais desafiadoras, como inspe\u00e7\u00f5es de redes de distribui\u00e7\u00e3o de linhas de energia e navega\u00e7\u00e3o em layouts complexos de subesta\u00e7\u00f5es, onde fios finos e estruturas complexas s\u00e3o perigos comuns.<\/span>\n<div class=\"source-inline-chip-container ng-star-inserted\"><\/div>\n<\/li>\n<\/ul>\n<h3><b>Especifica\u00e7\u00f5es (Resumo)<\/b><\/h3>\n<ul>\n<li><b><span class=\"citation-1206\">Sistema de detec\u00e7\u00e3o:<\/span><\/b><span class=\"citation-1206 citation-end-1206\"> Combina\u00e7\u00e3o de LiDAR rotativo e radar de ondas milim\u00e9tricas de cinco dire\u00e7\u00f5es.<\/span><\/li>\n<li><b><span class=\"citation-1205\">Velocidade de detec\u00e7\u00e3o efetiva:<\/span><\/b><span class=\"citation-1205 citation-end-1205\"> <sup class=\"superscript\" data-turn-source-index=\"11\">11<\/sup><\/span><span class=\"math-inline\" data-math=\"\\le 15\">$\\le 15$<\/span><span class=\"citation-1204 citation-end-1204\"> m\/s (para <sup class=\"superscript\" data-turn-source-index=\"12\">12<\/sup><\/span><span class=\"math-inline\" data-math=\"12\">$12$<\/span><span class=\"citation-1203 citation-end-1203\"> cabo de a\u00e7o com n\u00facleo de mm como obst\u00e1culo).<\/span><\/li>\n<li><b><span class=\"citation-1202\">Temperaturas de opera\u00e7\u00e3o:<\/span><\/b><span class=\"citation-1202 citation-end-1202\"> <sup class=\"superscript\" data-turn-source-index=\"14\">14<\/sup><\/span><span class=\"math-inline\" data-math=\"-20^\\circ\">$-20^\\circ$<\/span><span class=\"citation-1201 citation-end-1201\"> para <sup class=\"superscript\" data-turn-source-index=\"15\">15<\/sup><\/span><span class=\"math-inline\" data-math=\"50^\\circ\">$50^\\circ$<\/span><span class=\"citation-1200 citation-end-1200\"> C (<sup class=\"superscript\" data-turn-source-index=\"16\">16<\/sup><\/span><span class=\"math-inline\" data-math=\"-4^\\circ\">$-4^\\circ$<\/span><span class=\"citation-1199 citation-end-1199\"> para <sup class=\"superscript\" data-turn-source-index=\"17\">17<\/sup><\/span><span class=\"math-inline\" data-math=\"122^\\circ\">$122^\\circ$<\/span><span class=\"citation-1198 citation-end-1198\"> F).<\/span><\/li>\n<li><b>Classifica\u00e7\u00e3o de prote\u00e7\u00e3o de entrada:<\/b><span class=\"citation-1197 citation-end-1197\"> IP55 (com S\u00e9rie Matrice 4D).<\/span><\/li>\n<li><b><span class=\"citation-1196\">Compatibilidade:<\/span><\/b><span class=\"citation-1196 citation-end-1196\"> DJI Matrice S\u00e9rie 4 e DJI Matrice S\u00e9rie 4D.<\/span><\/li>\n<\/ul>\n<p><span class=\"citation-1195 citation-end-1195\">Equipe sua plataforma Matrice com o M\u00f3dulo de Detec\u00e7\u00e3o de Obst\u00e1culos para desbloquear um novo n\u00edvel de confian\u00e7a e seguran\u00e7a operacional para suas tarefas de inspe\u00e7\u00e3o e mapeamento industrial mais exigentes.<\/span><\/p>\n<h4>NA CAIXA<\/h4>\n<p>1x m\u00f3dulo de detec\u00e7\u00e3o de obst\u00e1culos<br \/>\n1x chave hexagonal H2.5<br \/>\n1x chave hexagonal H1. 5<br \/>\n1x suporte para adaptador (s\u00e9rie Matrix 4)<br \/>\n12 tiras refletivas (para DJI Dock)<\/p>\n<h4>COMPATIBILIDADE<\/h4>\n<p>S\u00e9rie DJI Matrice 4D<\/p>","protected":false},"excerpt":{"rendered":"<p>O M\u00f3dulo de Detec\u00e7\u00e3o de Obst\u00e1culos DJI Matrice 4 \u00e9 um acess\u00f3rio opcional essencial projetado para elevar a seguran\u00e7a de voo dos drones empresariais DJI Matrice 4 e Matrice 4D Series em ambientes operacionais complexos.<\/p>","protected":false},"featured_media":21775,"comment_status":"open","ping_status":"closed","template":"","meta":[],"product_brand":[1031],"product_cat":[37,1119,29,1117],"product_tag":[42,1123,1120],"class_list":{"0":"post-21772","1":"product","2":"type-product","3":"status-publish","4":"has-post-thumbnail","6":"product_brand-dji","7":"product_cat-dji","8":"product_cat-dji-matrice-4-accessories","9":"product_cat-drones","10":"product_cat-matrice-4","11":"product_tag-dji","12":"product_tag-dji-matrice-4-accessories","13":"product_tag-dji-matrice-4-series","15":"first","16":"onbackorder","17":"taxable","18":"shipping-taxable","19":"purchasable","20":"product-type-simple"},"yoast_head":"<!-- This site is optimized with the Yoast SEO plugin v27.1.1 - https:\/\/yoast.com\/product\/yoast-seo-wordpress\/ -->\n<title>DJI Matrice 4 Obstacle Sensing Module - Ghostysky<\/title>\n<meta name=\"description\" content=\"The DJI Matrice 4 Obstacle Sensing Module is a critical, optional accessory designed to elevate flight safety for the DJI Matrice 4 and Matrice 4D Series enterprise drones in complex operating environments.\" \/>\n<meta name=\"robots\" content=\"index, follow, max-snippet:-1, max-image-preview:large, max-video-preview:-1\" \/>\n<link rel=\"canonical\" href=\"https:\/\/www.ghostysky.com\/pt\/produto-2\/dji-matrice-4-obstacle-sensing-module\/\" \/>\n<meta property=\"og:locale\" content=\"pt_PT\" \/>\n<meta property=\"og:type\" content=\"article\" \/>\n<meta property=\"og:title\" content=\"DJI Matrice 4 Obstacle Sensing Module - Ghostysky\" \/>\n<meta property=\"og:description\" content=\"The DJI Matrice 4 Obstacle Sensing Module is a critical, optional accessory designed to elevate flight safety for the DJI Matrice 4 and Matrice 4D Series enterprise drones in complex operating environments.\" \/>\n<meta property=\"og:url\" content=\"https:\/\/www.ghostysky.com\/pt\/produto-2\/dji-matrice-4-obstacle-sensing-module\/\" \/>\n<meta property=\"og:site_name\" content=\"Ghostysky\" \/>\n<meta property=\"article:publisher\" content=\"https:\/\/www.facebook.com\/people\/Ghostysky\/100057676170234\/\" \/>\n<meta property=\"article:modified_time\" content=\"2025-10-17T16:20:48+00:00\" \/>\n<meta property=\"og:image\" content=\"https:\/\/www.ghostysky.com\/wp-content\/uploads\/2025\/10\/GH_DJI-Matrice-4-Obstacle-Sensing-Module_1.jpg\" \/>\n\t<meta property=\"og:image:width\" content=\"800\" \/>\n\t<meta property=\"og:image:height\" content=\"800\" \/>\n\t<meta property=\"og:image:type\" content=\"image\/jpeg\" \/>\n<meta name=\"twitter:card\" content=\"summary_large_image\" \/>\n<meta name=\"twitter:site\" content=\"@Gh0stysky\" \/>\n<meta name=\"twitter:label1\" content=\"Tempo estimado de leitura\" \/>\n\t<meta name=\"twitter:data1\" content=\"2 minutos\" \/>\n<script type=\"application\/ld+json\" class=\"yoast-schema-graph\">{\"@context\":\"https:\/\/schema.org\",\"@graph\":[{\"@type\":\"WebPage\",\"@id\":\"https:\/\/www.ghostysky.com\/product\/dji-matrice-4-obstacle-sensing-module\/\",\"url\":\"https:\/\/www.ghostysky.com\/product\/dji-matrice-4-obstacle-sensing-module\/\",\"name\":\"DJI Matrice 4 Obstacle Sensing Module - Ghostysky\",\"isPartOf\":{\"@id\":\"https:\/\/www.ghostysky.com\/#website\"},\"primaryImageOfPage\":{\"@id\":\"https:\/\/www.ghostysky.com\/product\/dji-matrice-4-obstacle-sensing-module\/#primaryimage\"},\"image\":{\"@id\":\"https:\/\/www.ghostysky.com\/product\/dji-matrice-4-obstacle-sensing-module\/#primaryimage\"},\"thumbnailUrl\":\"https:\/\/www.ghostysky.com\/wp-content\/uploads\/2025\/10\/GH_DJI-Matrice-4-Obstacle-Sensing-Module_1.jpg\",\"datePublished\":\"2025-10-17T14:29:57+00:00\",\"dateModified\":\"2025-10-17T16:20:48+00:00\",\"description\":\"The DJI Matrice 4 Obstacle Sensing Module is a critical, optional accessory designed to elevate flight safety for the DJI Matrice 4 and Matrice 4D Series enterprise drones in complex operating environments.\",\"breadcrumb\":{\"@id\":\"https:\/\/www.ghostysky.com\/product\/dji-matrice-4-obstacle-sensing-module\/#breadcrumb\"},\"inLanguage\":\"pt-PT\",\"potentialAction\":[{\"@type\":\"ReadAction\",\"target\":[\"https:\/\/www.ghostysky.com\/product\/dji-matrice-4-obstacle-sensing-module\/\"]}]},{\"@type\":\"ImageObject\",\"inLanguage\":\"pt-PT\",\"@id\":\"https:\/\/www.ghostysky.com\/product\/dji-matrice-4-obstacle-sensing-module\/#primaryimage\",\"url\":\"https:\/\/www.ghostysky.com\/wp-content\/uploads\/2025\/10\/GH_DJI-Matrice-4-Obstacle-Sensing-Module_1.jpg\",\"contentUrl\":\"https:\/\/www.ghostysky.com\/wp-content\/uploads\/2025\/10\/GH_DJI-Matrice-4-Obstacle-Sensing-Module_1.jpg\",\"width\":800,\"height\":800},{\"@type\":\"BreadcrumbList\",\"@id\":\"https:\/\/www.ghostysky.com\/product\/dji-matrice-4-obstacle-sensing-module\/#breadcrumb\",\"itemListElement\":[{\"@type\":\"ListItem\",\"position\":1,\"name\":\"Home\",\"item\":\"https:\/\/www.ghostysky.com\/\"},{\"@type\":\"ListItem\",\"position\":2,\"name\":\"Shop\",\"item\":\"https:\/\/www.ghostysky.com\/shop\/\"},{\"@type\":\"ListItem\",\"position\":3,\"name\":\"DJI Matrice 4 Obstacle Sensing Module\"}]},{\"@type\":\"WebSite\",\"@id\":\"https:\/\/www.ghostysky.com\/#website\",\"url\":\"https:\/\/www.ghostysky.com\/\",\"name\":\"Ghostysky\",\"description\":\"Delivering professional drones and services\",\"publisher\":{\"@id\":\"https:\/\/www.ghostysky.com\/#organization\"},\"potentialAction\":[{\"@type\":\"SearchAction\",\"target\":{\"@type\":\"EntryPoint\",\"urlTemplate\":\"https:\/\/www.ghostysky.com\/?s={search_term_string}\"},\"query-input\":{\"@type\":\"PropertyValueSpecification\",\"valueRequired\":true,\"valueName\":\"search_term_string\"}}],\"inLanguage\":\"pt-PT\"},{\"@type\":\"Organization\",\"@id\":\"https:\/\/www.ghostysky.com\/#organization\",\"name\":\"Ghostysky\",\"url\":\"https:\/\/www.ghostysky.com\/\",\"logo\":{\"@type\":\"ImageObject\",\"inLanguage\":\"pt-PT\",\"@id\":\"https:\/\/www.ghostysky.com\/#\/schema\/logo\/image\/\",\"url\":\"https:\/\/www.ghostysky.com\/wp-content\/uploads\/2020\/06\/cropped-ghostyskylogo_text_white2.png\",\"contentUrl\":\"https:\/\/www.ghostysky.com\/wp-content\/uploads\/2020\/06\/cropped-ghostyskylogo_text_white2.png\",\"width\":169,\"height\":56,\"caption\":\"Ghostysky\"},\"image\":{\"@id\":\"https:\/\/www.ghostysky.com\/#\/schema\/logo\/image\/\"},\"sameAs\":[\"https:\/\/www.facebook.com\/people\/Ghostysky\/100057676170234\/\",\"https:\/\/x.com\/Gh0stysky\",\"https:\/\/www.linkedin.com\/company\/34739653\",\"https:\/\/www.instagram.com\/gh0stysky\"]}]}<\/script>\n<!-- \/ Yoast SEO plugin. -->","yoast_head_json":{"title":"M\u00f3dulo de detec\u00e7\u00e3o de obst\u00e1culos DJI Matrice 4 - Ghostysky","description":"O M\u00f3dulo de Detec\u00e7\u00e3o de Obst\u00e1culos DJI Matrice 4 \u00e9 um acess\u00f3rio opcional essencial projetado para elevar a seguran\u00e7a de voo dos drones empresariais DJI Matrice 4 e Matrice 4D Series em ambientes operacionais complexos.","robots":{"index":"index","follow":"follow","max-snippet":"max-snippet:-1","max-image-preview":"max-image-preview:large","max-video-preview":"max-video-preview:-1"},"canonical":"https:\/\/www.ghostysky.com\/pt\/produto-2\/dji-matrice-4-obstacle-sensing-module\/","og_locale":"pt_PT","og_type":"article","og_title":"DJI Matrice 4 Obstacle Sensing Module - Ghostysky","og_description":"The DJI Matrice 4 Obstacle Sensing Module is a critical, optional accessory designed to elevate flight safety for the DJI Matrice 4 and Matrice 4D Series enterprise drones in complex operating environments.","og_url":"https:\/\/www.ghostysky.com\/pt\/produto-2\/dji-matrice-4-obstacle-sensing-module\/","og_site_name":"Ghostysky","article_publisher":"https:\/\/www.facebook.com\/people\/Ghostysky\/100057676170234\/","article_modified_time":"2025-10-17T16:20:48+00:00","og_image":[{"width":800,"height":800,"url":"https:\/\/www.ghostysky.com\/wp-content\/uploads\/2025\/10\/GH_DJI-Matrice-4-Obstacle-Sensing-Module_1.jpg","type":"image\/jpeg"}],"twitter_card":"summary_large_image","twitter_site":"@Gh0stysky","twitter_misc":{"Tempo estimado de leitura":"2 minutos"},"schema":{"@context":"https:\/\/schema.org","@graph":[{"@type":"WebPage","@id":"https:\/\/www.ghostysky.com\/product\/dji-matrice-4-obstacle-sensing-module\/","url":"https:\/\/www.ghostysky.com\/product\/dji-matrice-4-obstacle-sensing-module\/","name":"M\u00f3dulo de detec\u00e7\u00e3o de obst\u00e1culos DJI Matrice 4 - Ghostysky","isPartOf":{"@id":"https:\/\/www.ghostysky.com\/#website"},"primaryImageOfPage":{"@id":"https:\/\/www.ghostysky.com\/product\/dji-matrice-4-obstacle-sensing-module\/#primaryimage"},"image":{"@id":"https:\/\/www.ghostysky.com\/product\/dji-matrice-4-obstacle-sensing-module\/#primaryimage"},"thumbnailUrl":"https:\/\/www.ghostysky.com\/wp-content\/uploads\/2025\/10\/GH_DJI-Matrice-4-Obstacle-Sensing-Module_1.jpg","datePublished":"2025-10-17T14:29:57+00:00","dateModified":"2025-10-17T16:20:48+00:00","description":"O M\u00f3dulo de Detec\u00e7\u00e3o de Obst\u00e1culos DJI Matrice 4 \u00e9 um acess\u00f3rio opcional essencial projetado para elevar a seguran\u00e7a de voo dos drones empresariais DJI Matrice 4 e Matrice 4D Series em ambientes operacionais complexos.","breadcrumb":{"@id":"https:\/\/www.ghostysky.com\/product\/dji-matrice-4-obstacle-sensing-module\/#breadcrumb"},"inLanguage":"pt-PT","potentialAction":[{"@type":"ReadAction","target":["https:\/\/www.ghostysky.com\/product\/dji-matrice-4-obstacle-sensing-module\/"]}]},{"@type":"ImageObject","inLanguage":"pt-PT","@id":"https:\/\/www.ghostysky.com\/product\/dji-matrice-4-obstacle-sensing-module\/#primaryimage","url":"https:\/\/www.ghostysky.com\/wp-content\/uploads\/2025\/10\/GH_DJI-Matrice-4-Obstacle-Sensing-Module_1.jpg","contentUrl":"https:\/\/www.ghostysky.com\/wp-content\/uploads\/2025\/10\/GH_DJI-Matrice-4-Obstacle-Sensing-Module_1.jpg","width":800,"height":800},{"@type":"BreadcrumbList","@id":"https:\/\/www.ghostysky.com\/product\/dji-matrice-4-obstacle-sensing-module\/#breadcrumb","itemListElement":[{"@type":"ListItem","position":1,"name":"Home","item":"https:\/\/www.ghostysky.com\/"},{"@type":"ListItem","position":2,"name":"Shop","item":"https:\/\/www.ghostysky.com\/shop\/"},{"@type":"ListItem","position":3,"name":"DJI Matrice 4 Obstacle Sensing Module"}]},{"@type":"WebSite","@id":"https:\/\/www.ghostysky.com\/#website","url":"https:\/\/www.ghostysky.com\/","name":"Ghostysky","description":"Fornecendo drones e servi\u00e7os profissionais","publisher":{"@id":"https:\/\/www.ghostysky.com\/#organization"},"potentialAction":[{"@type":"SearchAction","target":{"@type":"EntryPoint","urlTemplate":"https:\/\/www.ghostysky.com\/?s={search_term_string}"},"query-input":{"@type":"PropertyValueSpecification","valueRequired":true,"valueName":"search_term_string"}}],"inLanguage":"pt-PT"},{"@type":"Organization","@id":"https:\/\/www.ghostysky.com\/#organization","name":"Ghostysky","url":"https:\/\/www.ghostysky.com\/","logo":{"@type":"ImageObject","inLanguage":"pt-PT","@id":"https:\/\/www.ghostysky.com\/#\/schema\/logo\/image\/","url":"https:\/\/www.ghostysky.com\/wp-content\/uploads\/2020\/06\/cropped-ghostyskylogo_text_white2.png","contentUrl":"https:\/\/www.ghostysky.com\/wp-content\/uploads\/2020\/06\/cropped-ghostyskylogo_text_white2.png","width":169,"height":56,"caption":"Ghostysky"},"image":{"@id":"https:\/\/www.ghostysky.com\/#\/schema\/logo\/image\/"},"sameAs":["https:\/\/www.facebook.com\/people\/Ghostysky\/100057676170234\/","https:\/\/x.com\/Gh0stysky","https:\/\/www.linkedin.com\/company\/34739653","https:\/\/www.instagram.com\/gh0stysky"]}]}},"_links":{"self":[{"href":"https:\/\/www.ghostysky.com\/pt\/wp-json\/wp\/v2\/product\/21772","targetHints":{"allow":["GET"]}}],"collection":[{"href":"https:\/\/www.ghostysky.com\/pt\/wp-json\/wp\/v2\/product"}],"about":[{"href":"https:\/\/www.ghostysky.com\/pt\/wp-json\/wp\/v2\/types\/product"}],"replies":[{"embeddable":true,"href":"https:\/\/www.ghostysky.com\/pt\/wp-json\/wp\/v2\/comments?post=21772"}],"wp:featuredmedia":[{"embeddable":true,"href":"https:\/\/www.ghostysky.com\/pt\/wp-json\/wp\/v2\/media\/21775"}],"wp:attachment":[{"href":"https:\/\/www.ghostysky.com\/pt\/wp-json\/wp\/v2\/media?parent=21772"}],"wp:term":[{"taxonomy":"product_brand","embeddable":true,"href":"https:\/\/www.ghostysky.com\/pt\/wp-json\/wp\/v2\/product_brand?post=21772"},{"taxonomy":"product_cat","embeddable":true,"href":"https:\/\/www.ghostysky.com\/pt\/wp-json\/wp\/v2\/product_cat?post=21772"},{"taxonomy":"product_tag","embeddable":true,"href":"https:\/\/www.ghostysky.com\/pt\/wp-json\/wp\/v2\/product_tag?post=21772"}],"curies":[{"name":"wp","href":"https:\/\/api.w.org\/{rel}","templated":true}]}}