{"id":21780,"date":"2025-10-17T15:55:54","date_gmt":"2025-10-17T15:55:54","guid":{"rendered":"https:\/\/www.ghostysky.com\/?post_type=product&#038;p=21780"},"modified":"2025-10-17T16:18:52","modified_gmt":"2025-10-17T16:18:52","slug":"dji-care-enterprise-plus-dji-matrice-4t-eu","status":"publish","type":"product","link":"https:\/\/www.ghostysky.com\/pt\/product\/dji-care-enterprise-plus-dji-matrice-4t-eu\/","title":{"rendered":"DJI Care Enterprise Plus (DJI Matrix 4T) UE"},"content":{"rendered":"<p><b>Principais recursos e benef\u00edcios<\/b><\/p>\n<ul>\n<li><b><span class=\"citation-1241\">Reparos\/Substitui\u00e7\u00f5es Ilimitadas e Gratuitas:<\/span><\/b><span class=\"citation-1241\"> Dentro do limite de cobertura do servi\u00e7o fixo <\/span><span class=\"citation-1241\">, voc\u00ea tem direito a <\/span><b><span class=\"citation-1241\">reparos ou substitui\u00e7\u00f5es gratuitas ilimitadas<\/span><\/b><span class=\"citation-1241 citation-end-1241\">.<\/span> <span class=\"citation-1240\">Ao contr\u00e1rio de outros planos, h\u00e1 <\/span><b><span class=\"citation-1240\">sem franquia<\/span><\/b><span class=\"citation-1240 citation-end-1240\"> ou taxa de servi\u00e7o adicional para cada reparo.<\/span><\/li>\n<li><b>Cobertura abrangente de acidentes:<\/b> Este plano abrange uma ampla gama de cen\u00e1rios de danos acidentais comuns em ambientes profissionais exigentes, incluindo:\n<ul>\n<li><span class=\"citation-1239 citation-end-1239\">Quedas e quedas<\/span><\/li>\n<li>Danos causados pela \u00e1gua<\/li>\n<li><span class=\"citation-1238 citation-end-1238\">Erros de interfer\u00eancia de sinal<\/span><\/li>\n<li><span class=\"citation-1237 citation-end-1237\">Erro do Operador<\/span><\/li>\n<\/ul>\n<\/li>\n<li><b>Cobertura Flyaway (quando aplic\u00e1vel):<\/b><span class=\"citation-1236 citation-end-1236\"> Para modelos suportados (confira os termos oficiais), ele tamb\u00e9m inclui prote\u00e7\u00e3o contra incidentes de queda.<\/span><\/li>\n<li><b>Servi\u00e7o expresso (DJI Express):<\/b><span class=\"citation-1235 citation-end-1235\"> Acesso ao servi\u00e7o DJI Express, que proporciona um tempo de resposta mais r\u00e1pido para reparos ou substitui\u00e7\u00f5es para que seu Matrice 4T volte a voar rapidamente.<\/span><\/li>\n<li><b>Frete gr\u00e1tis nos dois sentidos:<\/b><span class=\"citation-1234 citation-end-1234\"> Todos os custos de envio do equipamento danificado para manuten\u00e7\u00e3o e recebimento da unidade reparada ou substitu\u00edda s\u00e3o cobertos pela DJI.<\/span><\/li>\n<li><b><span class=\"citation-1233\">Op\u00e7\u00e3o de gerenciamento de frota:<\/span><\/b><span class=\"citation-1233 citation-end-1233\"> O plano Plus pode oferecer a op\u00e7\u00e3o de compartilhar a cobertura entre v\u00e1rios dispositivos na mesma conta (se ativado dentro de 30 dias ap\u00f3s a compra), ideal para grandes organiza\u00e7\u00f5es.<\/span><\/li>\n<li><b><span class=\"citation-1232\">Validade inicial de 12 meses:<\/span><\/b><span class=\"citation-1232 citation-end-1232\"> Oferece um ano inteiro de opera\u00e7\u00e3o sem preocupa\u00e7\u00f5es a partir da data de ativa\u00e7\u00e3o.<\/span><\/li>\n<li><b><span class=\"citation-1231\">Op\u00e7\u00e3o de renova\u00e7\u00e3o:<\/span><\/b><span class=\"citation-1231 citation-end-1231\"> O servi\u00e7o normalmente pode ser estendido por at\u00e9 dois anos adicionais, permitindo um m\u00e1ximo de 36 meses de prote\u00e7\u00e3o cont\u00ednua e abrangente.<\/span>\n<div class=\"source-inline-chip-container ng-star-inserted\"><\/div>\n<\/li>\n<\/ul>\n<p><b><span class=\"citation-1230\">O DJI Care Enterprise Plus (DJI Matrice 4T) UE<\/span><\/b><span class=\"citation-1230 citation-end-1230\"> \u00e9 o plano de prote\u00e7\u00e3o definitivo, salvaguardando a continuidade dos neg\u00f3cios para miss\u00f5es cr\u00edticas em seguran\u00e7a p\u00fablica, inspe\u00e7\u00e3o de energia, levantamento topogr\u00e1fico e muito mais, garantindo resolu\u00e7\u00e3o r\u00e1pida e sem custos para quase qualquer tipo de dano acidental.<\/span><\/p>","protected":false},"excerpt":{"rendered":"<p><span class=\"citation-1243\">O <\/span><b><span class=\"citation-1243\">DJI Care Enterprise Plus<\/span><\/b><span class=\"citation-1243\"> plano de servi\u00e7o para o <\/span><b><span class=\"citation-1243\">DJI Matrice 4T (UE)<\/span><\/b><span class=\"citation-1243 citation-end-1243\"> \u00e9 um pacote de prote\u00e7\u00e3o essencial de alto n\u00edvel projetado especificamente para usu\u00e1rios corporativos profissionais.<\/span> <span class=\"citation-1242 citation-end-1242\">Ele oferece total tranquilidade, garantindo tempo de inatividade operacional m\u00ednimo e prote\u00e7\u00e3o para seu investimento significativo neste drone avan\u00e7ado de inspe\u00e7\u00e3o t\u00e9rmica e seguran\u00e7a p\u00fablica.<\/span><\/p>","protected":false},"featured_media":21781,"comment_status":"open","ping_status":"closed","template":"","meta":[],"product_brand":[1031],"product_cat":[37,1119,29,1117],"product_tag":[42,1123,1120],"class_list":{"0":"post-21780","1":"product","2":"type-product","3":"status-publish","4":"has-post-thumbnail","6":"product_brand-dji","7":"product_cat-dji","8":"product_cat-dji-matrice-4-accessories","9":"product_cat-drones","10":"product_cat-matrice-4","11":"product_tag-dji","12":"product_tag-dji-matrice-4-accessories","13":"product_tag-dji-matrice-4-series","15":"first","16":"instock","17":"taxable","18":"shipping-taxable","19":"purchasable","20":"product-type-simple"},"yoast_head":"<!-- This site is optimized with the Yoast SEO plugin v27.1.1 - https:\/\/yoast.com\/product\/yoast-seo-wordpress\/ -->\n<title>DJI Care Enterprise Plus (DJI Matrice 4T) EU - Ghostysky<\/title>\n<meta name=\"description\" content=\"The DJI Care Enterprise Plus service plan for the DJI Matrice 4T (EU) is an essential, high-level protection package designed specifically for professional enterprise users. It provides total peace of mind, ensuring minimal operational downtime and protection for your significant investment in this advanced thermal inspection and public safety drone.\" \/>\n<meta name=\"robots\" content=\"index, follow, max-snippet:-1, max-image-preview:large, max-video-preview:-1\" \/>\n<link rel=\"canonical\" href=\"https:\/\/www.ghostysky.com\/pt\/produto-2\/dji-care-enterprise-plus-dji-matrice-4t-eu\/\" \/>\n<meta property=\"og:locale\" content=\"pt_PT\" \/>\n<meta property=\"og:type\" content=\"article\" \/>\n<meta property=\"og:title\" content=\"DJI Care Enterprise Plus (DJI Matrice 4T) EU - Ghostysky\" \/>\n<meta property=\"og:description\" content=\"The DJI Care Enterprise Plus service plan for the DJI Matrice 4T (EU) is an essential, high-level protection package designed specifically for professional enterprise users. It provides total peace of mind, ensuring minimal operational downtime and protection for your significant investment in this advanced thermal inspection and public safety drone.\" \/>\n<meta property=\"og:url\" content=\"https:\/\/www.ghostysky.com\/pt\/produto-2\/dji-care-enterprise-plus-dji-matrice-4t-eu\/\" \/>\n<meta property=\"og:site_name\" content=\"Ghostysky\" \/>\n<meta property=\"article:publisher\" content=\"https:\/\/www.facebook.com\/people\/Ghostysky\/100057676170234\/\" \/>\n<meta property=\"article:modified_time\" content=\"2025-10-17T16:18:52+00:00\" \/>\n<meta property=\"og:image\" content=\"https:\/\/www.ghostysky.com\/wp-content\/uploads\/2025\/10\/GH_DJI-Care-Enterprise-Plus-DJI-Matrice-4T-EU_3.jpg\" \/>\n\t<meta property=\"og:image:width\" content=\"800\" \/>\n\t<meta property=\"og:image:height\" content=\"800\" \/>\n\t<meta property=\"og:image:type\" content=\"image\/jpeg\" \/>\n<meta name=\"twitter:card\" content=\"summary_large_image\" \/>\n<meta name=\"twitter:site\" content=\"@Gh0stysky\" \/>\n<meta name=\"twitter:label1\" content=\"Tempo estimado de leitura\" \/>\n\t<meta name=\"twitter:data1\" content=\"2 minutos\" \/>\n<script type=\"application\/ld+json\" class=\"yoast-schema-graph\">{\"@context\":\"https:\/\/schema.org\",\"@graph\":[{\"@type\":\"WebPage\",\"@id\":\"https:\/\/www.ghostysky.com\/product\/dji-care-enterprise-plus-dji-matrice-4t-eu\/\",\"url\":\"https:\/\/www.ghostysky.com\/product\/dji-care-enterprise-plus-dji-matrice-4t-eu\/\",\"name\":\"DJI Care Enterprise Plus (DJI Matrice 4T) EU - Ghostysky\",\"isPartOf\":{\"@id\":\"https:\/\/www.ghostysky.com\/#website\"},\"primaryImageOfPage\":{\"@id\":\"https:\/\/www.ghostysky.com\/product\/dji-care-enterprise-plus-dji-matrice-4t-eu\/#primaryimage\"},\"image\":{\"@id\":\"https:\/\/www.ghostysky.com\/product\/dji-care-enterprise-plus-dji-matrice-4t-eu\/#primaryimage\"},\"thumbnailUrl\":\"https:\/\/www.ghostysky.com\/wp-content\/uploads\/2025\/10\/GH_DJI-Care-Enterprise-Plus-DJI-Matrice-4T-EU_3.jpg\",\"datePublished\":\"2025-10-17T15:55:54+00:00\",\"dateModified\":\"2025-10-17T16:18:52+00:00\",\"description\":\"The DJI Care Enterprise Plus service plan for the DJI Matrice 4T (EU) is an essential, high-level protection package designed specifically for professional enterprise users. It provides total peace of mind, ensuring minimal operational downtime and protection for your significant investment in this advanced thermal inspection and public safety drone.\",\"breadcrumb\":{\"@id\":\"https:\/\/www.ghostysky.com\/product\/dji-care-enterprise-plus-dji-matrice-4t-eu\/#breadcrumb\"},\"inLanguage\":\"pt-PT\",\"potentialAction\":[{\"@type\":\"ReadAction\",\"target\":[\"https:\/\/www.ghostysky.com\/product\/dji-care-enterprise-plus-dji-matrice-4t-eu\/\"]}]},{\"@type\":\"ImageObject\",\"inLanguage\":\"pt-PT\",\"@id\":\"https:\/\/www.ghostysky.com\/product\/dji-care-enterprise-plus-dji-matrice-4t-eu\/#primaryimage\",\"url\":\"https:\/\/www.ghostysky.com\/wp-content\/uploads\/2025\/10\/GH_DJI-Care-Enterprise-Plus-DJI-Matrice-4T-EU_3.jpg\",\"contentUrl\":\"https:\/\/www.ghostysky.com\/wp-content\/uploads\/2025\/10\/GH_DJI-Care-Enterprise-Plus-DJI-Matrice-4T-EU_3.jpg\",\"width\":800,\"height\":800},{\"@type\":\"BreadcrumbList\",\"@id\":\"https:\/\/www.ghostysky.com\/product\/dji-care-enterprise-plus-dji-matrice-4t-eu\/#breadcrumb\",\"itemListElement\":[{\"@type\":\"ListItem\",\"position\":1,\"name\":\"Home\",\"item\":\"https:\/\/www.ghostysky.com\/\"},{\"@type\":\"ListItem\",\"position\":2,\"name\":\"Shop\",\"item\":\"https:\/\/www.ghostysky.com\/shop\/\"},{\"@type\":\"ListItem\",\"position\":3,\"name\":\"DJI Care Enterprise Plus (DJI Matrice 4T) EU\"}]},{\"@type\":\"WebSite\",\"@id\":\"https:\/\/www.ghostysky.com\/#website\",\"url\":\"https:\/\/www.ghostysky.com\/\",\"name\":\"Ghostysky\",\"description\":\"Delivering professional drones and services\",\"publisher\":{\"@id\":\"https:\/\/www.ghostysky.com\/#organization\"},\"potentialAction\":[{\"@type\":\"SearchAction\",\"target\":{\"@type\":\"EntryPoint\",\"urlTemplate\":\"https:\/\/www.ghostysky.com\/?s={search_term_string}\"},\"query-input\":{\"@type\":\"PropertyValueSpecification\",\"valueRequired\":true,\"valueName\":\"search_term_string\"}}],\"inLanguage\":\"pt-PT\"},{\"@type\":\"Organization\",\"@id\":\"https:\/\/www.ghostysky.com\/#organization\",\"name\":\"Ghostysky\",\"url\":\"https:\/\/www.ghostysky.com\/\",\"logo\":{\"@type\":\"ImageObject\",\"inLanguage\":\"pt-PT\",\"@id\":\"https:\/\/www.ghostysky.com\/#\/schema\/logo\/image\/\",\"url\":\"https:\/\/www.ghostysky.com\/wp-content\/uploads\/2020\/06\/cropped-ghostyskylogo_text_white2.png\",\"contentUrl\":\"https:\/\/www.ghostysky.com\/wp-content\/uploads\/2020\/06\/cropped-ghostyskylogo_text_white2.png\",\"width\":169,\"height\":56,\"caption\":\"Ghostysky\"},\"image\":{\"@id\":\"https:\/\/www.ghostysky.com\/#\/schema\/logo\/image\/\"},\"sameAs\":[\"https:\/\/www.facebook.com\/people\/Ghostysky\/100057676170234\/\",\"https:\/\/x.com\/Gh0stysky\",\"https:\/\/www.linkedin.com\/company\/34739653\",\"https:\/\/www.instagram.com\/gh0stysky\"]}]}<\/script>\n<!-- \/ Yoast SEO plugin. -->","yoast_head_json":{"title":"DJI Care Enterprise Plus (DJI Matrice 4T) EU - Ghostysky","description":"O plano de servi\u00e7o DJI Care Enterprise Plus para o DJI Matrice 4T (UE) \u00e9 um pacote de prote\u00e7\u00e3o essencial e de alto n\u00edvel, projetado especificamente para usu\u00e1rios corporativos profissionais. Ele oferece total tranquilidade, garantindo tempo de inatividade operacional m\u00ednimo e prote\u00e7\u00e3o para seu investimento significativo neste drone avan\u00e7ado de inspe\u00e7\u00e3o t\u00e9rmica e seguran\u00e7a p\u00fablica.","robots":{"index":"index","follow":"follow","max-snippet":"max-snippet:-1","max-image-preview":"max-image-preview:large","max-video-preview":"max-video-preview:-1"},"canonical":"https:\/\/www.ghostysky.com\/pt\/produto-2\/dji-care-enterprise-plus-dji-matrice-4t-eu\/","og_locale":"pt_PT","og_type":"article","og_title":"DJI Care Enterprise Plus (DJI Matrice 4T) EU - Ghostysky","og_description":"The DJI Care Enterprise Plus service plan for the DJI Matrice 4T (EU) is an essential, high-level protection package designed specifically for professional enterprise users. It provides total peace of mind, ensuring minimal operational downtime and protection for your significant investment in this advanced thermal inspection and public safety drone.","og_url":"https:\/\/www.ghostysky.com\/pt\/produto-2\/dji-care-enterprise-plus-dji-matrice-4t-eu\/","og_site_name":"Ghostysky","article_publisher":"https:\/\/www.facebook.com\/people\/Ghostysky\/100057676170234\/","article_modified_time":"2025-10-17T16:18:52+00:00","og_image":[{"width":800,"height":800,"url":"https:\/\/www.ghostysky.com\/wp-content\/uploads\/2025\/10\/GH_DJI-Care-Enterprise-Plus-DJI-Matrice-4T-EU_3.jpg","type":"image\/jpeg"}],"twitter_card":"summary_large_image","twitter_site":"@Gh0stysky","twitter_misc":{"Tempo estimado de leitura":"2 minutos"},"schema":{"@context":"https:\/\/schema.org","@graph":[{"@type":"WebPage","@id":"https:\/\/www.ghostysky.com\/product\/dji-care-enterprise-plus-dji-matrice-4t-eu\/","url":"https:\/\/www.ghostysky.com\/product\/dji-care-enterprise-plus-dji-matrice-4t-eu\/","name":"DJI Care Enterprise Plus (DJI Matrice 4T) EU - Ghostysky","isPartOf":{"@id":"https:\/\/www.ghostysky.com\/#website"},"primaryImageOfPage":{"@id":"https:\/\/www.ghostysky.com\/product\/dji-care-enterprise-plus-dji-matrice-4t-eu\/#primaryimage"},"image":{"@id":"https:\/\/www.ghostysky.com\/product\/dji-care-enterprise-plus-dji-matrice-4t-eu\/#primaryimage"},"thumbnailUrl":"https:\/\/www.ghostysky.com\/wp-content\/uploads\/2025\/10\/GH_DJI-Care-Enterprise-Plus-DJI-Matrice-4T-EU_3.jpg","datePublished":"2025-10-17T15:55:54+00:00","dateModified":"2025-10-17T16:18:52+00:00","description":"O plano de servi\u00e7o DJI Care Enterprise Plus para o DJI Matrice 4T (UE) \u00e9 um pacote de prote\u00e7\u00e3o essencial e de alto n\u00edvel, projetado especificamente para usu\u00e1rios corporativos profissionais. Ele oferece total tranquilidade, garantindo tempo de inatividade operacional m\u00ednimo e prote\u00e7\u00e3o para seu investimento significativo neste drone avan\u00e7ado de inspe\u00e7\u00e3o t\u00e9rmica e seguran\u00e7a p\u00fablica.","breadcrumb":{"@id":"https:\/\/www.ghostysky.com\/product\/dji-care-enterprise-plus-dji-matrice-4t-eu\/#breadcrumb"},"inLanguage":"pt-PT","potentialAction":[{"@type":"ReadAction","target":["https:\/\/www.ghostysky.com\/product\/dji-care-enterprise-plus-dji-matrice-4t-eu\/"]}]},{"@type":"ImageObject","inLanguage":"pt-PT","@id":"https:\/\/www.ghostysky.com\/product\/dji-care-enterprise-plus-dji-matrice-4t-eu\/#primaryimage","url":"https:\/\/www.ghostysky.com\/wp-content\/uploads\/2025\/10\/GH_DJI-Care-Enterprise-Plus-DJI-Matrice-4T-EU_3.jpg","contentUrl":"https:\/\/www.ghostysky.com\/wp-content\/uploads\/2025\/10\/GH_DJI-Care-Enterprise-Plus-DJI-Matrice-4T-EU_3.jpg","width":800,"height":800},{"@type":"BreadcrumbList","@id":"https:\/\/www.ghostysky.com\/product\/dji-care-enterprise-plus-dji-matrice-4t-eu\/#breadcrumb","itemListElement":[{"@type":"ListItem","position":1,"name":"Home","item":"https:\/\/www.ghostysky.com\/"},{"@type":"ListItem","position":2,"name":"Shop","item":"https:\/\/www.ghostysky.com\/shop\/"},{"@type":"ListItem","position":3,"name":"DJI Care Enterprise Plus (DJI Matrice 4T) EU"}]},{"@type":"WebSite","@id":"https:\/\/www.ghostysky.com\/#website","url":"https:\/\/www.ghostysky.com\/","name":"Ghostysky","description":"Fornecendo drones e servi\u00e7os profissionais","publisher":{"@id":"https:\/\/www.ghostysky.com\/#organization"},"potentialAction":[{"@type":"SearchAction","target":{"@type":"EntryPoint","urlTemplate":"https:\/\/www.ghostysky.com\/?s={search_term_string}"},"query-input":{"@type":"PropertyValueSpecification","valueRequired":true,"valueName":"search_term_string"}}],"inLanguage":"pt-PT"},{"@type":"Organization","@id":"https:\/\/www.ghostysky.com\/#organization","name":"Ghostysky","url":"https:\/\/www.ghostysky.com\/","logo":{"@type":"ImageObject","inLanguage":"pt-PT","@id":"https:\/\/www.ghostysky.com\/#\/schema\/logo\/image\/","url":"https:\/\/www.ghostysky.com\/wp-content\/uploads\/2020\/06\/cropped-ghostyskylogo_text_white2.png","contentUrl":"https:\/\/www.ghostysky.com\/wp-content\/uploads\/2020\/06\/cropped-ghostyskylogo_text_white2.png","width":169,"height":56,"caption":"Ghostysky"},"image":{"@id":"https:\/\/www.ghostysky.com\/#\/schema\/logo\/image\/"},"sameAs":["https:\/\/www.facebook.com\/people\/Ghostysky\/100057676170234\/","https:\/\/x.com\/Gh0stysky","https:\/\/www.linkedin.com\/company\/34739653","https:\/\/www.instagram.com\/gh0stysky"]}]}},"_links":{"self":[{"href":"https:\/\/www.ghostysky.com\/pt\/wp-json\/wp\/v2\/product\/21780","targetHints":{"allow":["GET"]}}],"collection":[{"href":"https:\/\/www.ghostysky.com\/pt\/wp-json\/wp\/v2\/product"}],"about":[{"href":"https:\/\/www.ghostysky.com\/pt\/wp-json\/wp\/v2\/types\/product"}],"replies":[{"embeddable":true,"href":"https:\/\/www.ghostysky.com\/pt\/wp-json\/wp\/v2\/comments?post=21780"}],"wp:featuredmedia":[{"embeddable":true,"href":"https:\/\/www.ghostysky.com\/pt\/wp-json\/wp\/v2\/media\/21781"}],"wp:attachment":[{"href":"https:\/\/www.ghostysky.com\/pt\/wp-json\/wp\/v2\/media?parent=21780"}],"wp:term":[{"taxonomy":"product_brand","embeddable":true,"href":"https:\/\/www.ghostysky.com\/pt\/wp-json\/wp\/v2\/product_brand?post=21780"},{"taxonomy":"product_cat","embeddable":true,"href":"https:\/\/www.ghostysky.com\/pt\/wp-json\/wp\/v2\/product_cat?post=21780"},{"taxonomy":"product_tag","embeddable":true,"href":"https:\/\/www.ghostysky.com\/pt\/wp-json\/wp\/v2\/product_tag?post=21780"}],"curies":[{"name":"wp","href":"https:\/\/api.w.org\/{rel}","templated":true}]}}