{"id":21782,"date":"2025-10-17T16:01:28","date_gmt":"2025-10-17T16:01:28","guid":{"rendered":"https:\/\/www.ghostysky.com\/?post_type=product&#038;p=21782"},"modified":"2025-10-17T16:17:54","modified_gmt":"2025-10-17T16:17:54","slug":"dji-care-enterprise-plus-dji-matrice-4e-eu","status":"publish","type":"product","link":"https:\/\/www.ghostysky.com\/pt\/product\/dji-care-enterprise-plus-dji-matrice-4e-eu\/","title":{"rendered":"DJI Care Enterprise Plus (DJI Matrice 4E) UE"},"content":{"rendered":"<div id=\"model-response-message-contentr_8ca688bebcf3e727\" class=\"markdown markdown-main-panel stronger enable-updated-hr-color\" dir=\"ltr\">\n<h3>Principais recursos do DJI Care Enterprise Plus (DJI Matrice 4E) UE<\/h3>\n<p>&nbsp;<\/p>\n<ul>\n<li><b><span class=\"citation-1257\">Substitui\u00e7\u00f5es\/Reparos Ilimitados e Gratuitos:<\/span><\/b><span class=\"citation-1257\"> Aproveite um <\/span><b><span class=\"citation-1257\">ilimitado<\/span><\/b><span class=\"citation-1257 citation-end-1257\"> n\u00famero de reparos ou substitui\u00e7\u00f5es gratuitas por danos acidentais, incluindo colis\u00f5es, danos causados pela \u00e1gua, interfer\u00eancia de sinal e erros operacionais, at\u00e9 o limite total de cobertura (normalmente equivalente ao valor total do produto).<\/span><\/li>\n<li><b><span class=\"citation-1256\">Cobertura abrangente de acidentes:<\/span><\/b><span class=\"citation-1256 citation-end-1256\"> A prote\u00e7\u00e3o \u00e9 estendida para cobrir uma ampla gama de incidentes, permitindo uma opera\u00e7\u00e3o sem preocupa\u00e7\u00f5es em cen\u00e1rios complexos ou desafiadores.<\/span><\/li>\n<li><b>Cobertura de frota compartilhada:<\/b><span class=\"citation-1255 citation-end-1255\"> O valor total da cobertura pode ser compartilhado entre v\u00e1rios dispositivos DJI Enterprise (incluindo o Matrice 4E) vinculados \u00e0 sua conta DJI Care Enterprise Plus dentro do per\u00edodo especificado (por exemplo, 30 dias da ativa\u00e7\u00e3o inicial), simplificando o gerenciamento da frota e maximizando a efici\u00eancia.<\/span><\/li>\n<li><b>Frete gr\u00e1tis nos dois sentidos:<\/b><span class=\"citation-1254 citation-end-1254\"> A DJI cobre os custos de envio do equipamento danificado e o recebimento da unidade reparada ou substitu\u00edda, garantindo um processo de servi\u00e7o simples, r\u00e1pido e eficiente dentro das regi\u00f5es da UE cobertas.<\/span><\/li>\n<li><b>Substitui\u00e7\u00e3o anual gratuita da bateria*:<\/b> Receba um servi\u00e7o de renova\u00e7\u00e3o gratuito para um n\u00famero definido de baterias por ano para dar suporte a miss\u00f5es de longo prazo e alta intensidade.<\/li>\n<li><b><span class=\"citation-1253\">Manuten\u00e7\u00e3o Anual Gratuita de F\u00e1brica*:<\/span><\/b><span class=\"citation-1253 citation-end-1253\"> Beneficie-se de um servi\u00e7o anual gratuito de manuten\u00e7\u00e3o de f\u00e1brica, que inclui limpeza profunda, inspe\u00e7\u00e3o de componentes, atualiza\u00e7\u00f5es e calibra\u00e7\u00e3o, al\u00e9m de um relat\u00f3rio oficial de manuten\u00e7\u00e3o para ajudar a manter o desempenho m\u00e1ximo e auxiliar na conformidade regulat\u00f3ria.<\/span><\/li>\n<li><b><span class=\"citation-1252\">Cobertura Flyaway*:<\/span><\/b><span class=\"citation-1252 citation-end-1252\"> No caso infeliz de um incidente de queda de cabelo, voc\u00ea pode comprar um produto de substitui\u00e7\u00e3o com um desconto significativo (normalmente uma vez por ano).<\/span><\/li>\n<\/ul>\n<p><i>Observa\u00e7\u00e3o: a disponibilidade e as especifica\u00e7\u00f5es de benef\u00edcios como substitui\u00e7\u00e3o de bateria, manuten\u00e7\u00e3o de f\u00e1brica e cobertura Flyaway podem variar e est\u00e3o sujeitas aos termos e condi\u00e7\u00f5es descritos no contrato de servi\u00e7o oficial DJI Care Enterprise Plus para o Matrice 4E na regi\u00e3o da UE.<\/i><\/p>\n<p>Este plano \u00e9 um investimento essencial para organiza\u00e7\u00f5es que utilizam o Matrice 4E para levantamento, mapeamento, inspe\u00e7\u00e3o e outras aplica\u00e7\u00f5es empresariais cr\u00edticas, garantindo tempo de inatividade m\u00ednimo e tempo de atividade operacional m\u00e1ximo.<\/p>\n<\/div>","protected":false},"excerpt":{"rendered":"<p><span class=\"citation-1259 citation-end-1259\">O DJI Care Enterprise Plus para o DJI Matrice 4E (vers\u00e3o UE) \u00e9 um plano de suporte p\u00f3s-venda especializado e abrangente, projetado para garantir a continuidade operacional da sua frota de drones empresarial.<\/span> <span class=\"citation-1258 citation-end-1258\">Projetado para uso profissional em ambientes exigentes em toda a Uni\u00e3o Europeia, este servi\u00e7o oferece tranquilidade excepcional contra danos acidentais.<\/span><\/p>\n<div class=\"source-inline-chip-container ng-star-inserted\"><\/div>\n<div class=\"source-inline-chip-container ng-star-inserted\"><\/div>\n<p>&nbsp;<\/p>\n<h3><\/h3>","protected":false},"featured_media":21789,"comment_status":"open","ping_status":"closed","template":"","meta":[],"product_brand":[1031],"product_cat":[37,1119,29,1117],"product_tag":[42,1123,1120],"class_list":{"0":"post-21782","1":"product","2":"type-product","3":"status-publish","4":"has-post-thumbnail","6":"product_brand-dji","7":"product_cat-dji","8":"product_cat-dji-matrice-4-accessories","9":"product_cat-drones","10":"product_cat-matrice-4","11":"product_tag-dji","12":"product_tag-dji-matrice-4-accessories","13":"product_tag-dji-matrice-4-series","15":"first","16":"instock","17":"taxable","18":"shipping-taxable","19":"purchasable","20":"product-type-simple"},"yoast_head":"<!-- This site is optimized with the Yoast SEO plugin v27.1.1 - https:\/\/yoast.com\/product\/yoast-seo-wordpress\/ -->\n<title>DJI Care Enterprise Plus (DJI Matrice 4E) EU - Ghostysky<\/title>\n<meta name=\"description\" content=\"The DJI Care Enterprise Plus for the DJI Matrice 4E (EU Version) is a specialized, comprehensive post-sales support plan designed to ensure the operational continuity of your enterprise drone fleet. Tailored for professional use in demanding environments across the European Union, this service provides exceptional peace of mind against accidental damage.\" \/>\n<meta name=\"robots\" content=\"index, follow, max-snippet:-1, max-image-preview:large, max-video-preview:-1\" \/>\n<link rel=\"canonical\" href=\"https:\/\/www.ghostysky.com\/pt\/produto-2\/dji-care-enterprise-plus-dji-matrice-4e-eu\/\" \/>\n<meta property=\"og:locale\" content=\"pt_PT\" \/>\n<meta property=\"og:type\" content=\"article\" \/>\n<meta property=\"og:title\" content=\"DJI Care Enterprise Plus (DJI Matrice 4E) EU - Ghostysky\" \/>\n<meta property=\"og:description\" content=\"The DJI Care Enterprise Plus for the DJI Matrice 4E (EU Version) is a specialized, comprehensive post-sales support plan designed to ensure the operational continuity of your enterprise drone fleet. Tailored for professional use in demanding environments across the European Union, this service provides exceptional peace of mind against accidental damage.\" \/>\n<meta property=\"og:url\" content=\"https:\/\/www.ghostysky.com\/pt\/produto-2\/dji-care-enterprise-plus-dji-matrice-4e-eu\/\" \/>\n<meta property=\"og:site_name\" content=\"Ghostysky\" \/>\n<meta property=\"article:publisher\" content=\"https:\/\/www.facebook.com\/people\/Ghostysky\/100057676170234\/\" \/>\n<meta property=\"article:modified_time\" content=\"2025-10-17T16:17:54+00:00\" \/>\n<meta property=\"og:image\" content=\"https:\/\/www.ghostysky.com\/wp-content\/uploads\/2025\/10\/GH_DJI-Care-Enterprise-Plus-DJI-Matrice-4E-EU_3.jpg\" \/>\n\t<meta property=\"og:image:width\" content=\"800\" \/>\n\t<meta property=\"og:image:height\" content=\"800\" \/>\n\t<meta property=\"og:image:type\" content=\"image\/jpeg\" \/>\n<meta name=\"twitter:card\" content=\"summary_large_image\" \/>\n<meta name=\"twitter:site\" content=\"@Gh0stysky\" \/>\n<meta name=\"twitter:label1\" content=\"Tempo estimado de leitura\" \/>\n\t<meta name=\"twitter:data1\" content=\"2 minutos\" \/>\n<script type=\"application\/ld+json\" class=\"yoast-schema-graph\">{\"@context\":\"https:\/\/schema.org\",\"@graph\":[{\"@type\":\"WebPage\",\"@id\":\"https:\/\/www.ghostysky.com\/product\/dji-care-enterprise-plus-dji-matrice-4e-eu\/\",\"url\":\"https:\/\/www.ghostysky.com\/product\/dji-care-enterprise-plus-dji-matrice-4e-eu\/\",\"name\":\"DJI Care Enterprise Plus (DJI Matrice 4E) EU - Ghostysky\",\"isPartOf\":{\"@id\":\"https:\/\/www.ghostysky.com\/#website\"},\"primaryImageOfPage\":{\"@id\":\"https:\/\/www.ghostysky.com\/product\/dji-care-enterprise-plus-dji-matrice-4e-eu\/#primaryimage\"},\"image\":{\"@id\":\"https:\/\/www.ghostysky.com\/product\/dji-care-enterprise-plus-dji-matrice-4e-eu\/#primaryimage\"},\"thumbnailUrl\":\"https:\/\/www.ghostysky.com\/wp-content\/uploads\/2025\/10\/GH_DJI-Care-Enterprise-Plus-DJI-Matrice-4E-EU_3.jpg\",\"datePublished\":\"2025-10-17T16:01:28+00:00\",\"dateModified\":\"2025-10-17T16:17:54+00:00\",\"description\":\"The DJI Care Enterprise Plus for the DJI Matrice 4E (EU Version) is a specialized, comprehensive post-sales support plan designed to ensure the operational continuity of your enterprise drone fleet. Tailored for professional use in demanding environments across the European Union, this service provides exceptional peace of mind against accidental damage.\",\"breadcrumb\":{\"@id\":\"https:\/\/www.ghostysky.com\/product\/dji-care-enterprise-plus-dji-matrice-4e-eu\/#breadcrumb\"},\"inLanguage\":\"pt-PT\",\"potentialAction\":[{\"@type\":\"ReadAction\",\"target\":[\"https:\/\/www.ghostysky.com\/product\/dji-care-enterprise-plus-dji-matrice-4e-eu\/\"]}]},{\"@type\":\"ImageObject\",\"inLanguage\":\"pt-PT\",\"@id\":\"https:\/\/www.ghostysky.com\/product\/dji-care-enterprise-plus-dji-matrice-4e-eu\/#primaryimage\",\"url\":\"https:\/\/www.ghostysky.com\/wp-content\/uploads\/2025\/10\/GH_DJI-Care-Enterprise-Plus-DJI-Matrice-4E-EU_3.jpg\",\"contentUrl\":\"https:\/\/www.ghostysky.com\/wp-content\/uploads\/2025\/10\/GH_DJI-Care-Enterprise-Plus-DJI-Matrice-4E-EU_3.jpg\",\"width\":800,\"height\":800},{\"@type\":\"BreadcrumbList\",\"@id\":\"https:\/\/www.ghostysky.com\/product\/dji-care-enterprise-plus-dji-matrice-4e-eu\/#breadcrumb\",\"itemListElement\":[{\"@type\":\"ListItem\",\"position\":1,\"name\":\"Home\",\"item\":\"https:\/\/www.ghostysky.com\/\"},{\"@type\":\"ListItem\",\"position\":2,\"name\":\"Shop\",\"item\":\"https:\/\/www.ghostysky.com\/shop\/\"},{\"@type\":\"ListItem\",\"position\":3,\"name\":\"DJI Care Enterprise Plus (DJI Matrice 4E) EU\"}]},{\"@type\":\"WebSite\",\"@id\":\"https:\/\/www.ghostysky.com\/#website\",\"url\":\"https:\/\/www.ghostysky.com\/\",\"name\":\"Ghostysky\",\"description\":\"Delivering professional drones and services\",\"publisher\":{\"@id\":\"https:\/\/www.ghostysky.com\/#organization\"},\"potentialAction\":[{\"@type\":\"SearchAction\",\"target\":{\"@type\":\"EntryPoint\",\"urlTemplate\":\"https:\/\/www.ghostysky.com\/?s={search_term_string}\"},\"query-input\":{\"@type\":\"PropertyValueSpecification\",\"valueRequired\":true,\"valueName\":\"search_term_string\"}}],\"inLanguage\":\"pt-PT\"},{\"@type\":\"Organization\",\"@id\":\"https:\/\/www.ghostysky.com\/#organization\",\"name\":\"Ghostysky\",\"url\":\"https:\/\/www.ghostysky.com\/\",\"logo\":{\"@type\":\"ImageObject\",\"inLanguage\":\"pt-PT\",\"@id\":\"https:\/\/www.ghostysky.com\/#\/schema\/logo\/image\/\",\"url\":\"https:\/\/www.ghostysky.com\/wp-content\/uploads\/2020\/06\/cropped-ghostyskylogo_text_white2.png\",\"contentUrl\":\"https:\/\/www.ghostysky.com\/wp-content\/uploads\/2020\/06\/cropped-ghostyskylogo_text_white2.png\",\"width\":169,\"height\":56,\"caption\":\"Ghostysky\"},\"image\":{\"@id\":\"https:\/\/www.ghostysky.com\/#\/schema\/logo\/image\/\"},\"sameAs\":[\"https:\/\/www.facebook.com\/people\/Ghostysky\/100057676170234\/\",\"https:\/\/x.com\/Gh0stysky\",\"https:\/\/www.linkedin.com\/company\/34739653\",\"https:\/\/www.instagram.com\/gh0stysky\"]}]}<\/script>\n<!-- \/ Yoast SEO plugin. -->","yoast_head_json":{"title":"DJI Care Enterprise Plus (DJI Matrice 4E) EU - Ghostysky","description":"O DJI Care Enterprise Plus para o DJI Matrice 4E (vers\u00e3o UE) \u00e9 um plano de suporte p\u00f3s-venda especializado e abrangente, projetado para garantir a continuidade operacional da sua frota de drones empresariais. Desenvolvido para uso profissional em ambientes exigentes em toda a Uni\u00e3o Europeia, este servi\u00e7o oferece tranquilidade excepcional contra danos acidentais.","robots":{"index":"index","follow":"follow","max-snippet":"max-snippet:-1","max-image-preview":"max-image-preview:large","max-video-preview":"max-video-preview:-1"},"canonical":"https:\/\/www.ghostysky.com\/pt\/produto-2\/dji-care-enterprise-plus-dji-matrice-4e-eu\/","og_locale":"pt_PT","og_type":"article","og_title":"DJI Care Enterprise Plus (DJI Matrice 4E) EU - Ghostysky","og_description":"The DJI Care Enterprise Plus for the DJI Matrice 4E (EU Version) is a specialized, comprehensive post-sales support plan designed to ensure the operational continuity of your enterprise drone fleet. Tailored for professional use in demanding environments across the European Union, this service provides exceptional peace of mind against accidental damage.","og_url":"https:\/\/www.ghostysky.com\/pt\/produto-2\/dji-care-enterprise-plus-dji-matrice-4e-eu\/","og_site_name":"Ghostysky","article_publisher":"https:\/\/www.facebook.com\/people\/Ghostysky\/100057676170234\/","article_modified_time":"2025-10-17T16:17:54+00:00","og_image":[{"width":800,"height":800,"url":"https:\/\/www.ghostysky.com\/wp-content\/uploads\/2025\/10\/GH_DJI-Care-Enterprise-Plus-DJI-Matrice-4E-EU_3.jpg","type":"image\/jpeg"}],"twitter_card":"summary_large_image","twitter_site":"@Gh0stysky","twitter_misc":{"Tempo estimado de leitura":"2 minutos"},"schema":{"@context":"https:\/\/schema.org","@graph":[{"@type":"WebPage","@id":"https:\/\/www.ghostysky.com\/product\/dji-care-enterprise-plus-dji-matrice-4e-eu\/","url":"https:\/\/www.ghostysky.com\/product\/dji-care-enterprise-plus-dji-matrice-4e-eu\/","name":"DJI Care Enterprise Plus (DJI Matrice 4E) EU - Ghostysky","isPartOf":{"@id":"https:\/\/www.ghostysky.com\/#website"},"primaryImageOfPage":{"@id":"https:\/\/www.ghostysky.com\/product\/dji-care-enterprise-plus-dji-matrice-4e-eu\/#primaryimage"},"image":{"@id":"https:\/\/www.ghostysky.com\/product\/dji-care-enterprise-plus-dji-matrice-4e-eu\/#primaryimage"},"thumbnailUrl":"https:\/\/www.ghostysky.com\/wp-content\/uploads\/2025\/10\/GH_DJI-Care-Enterprise-Plus-DJI-Matrice-4E-EU_3.jpg","datePublished":"2025-10-17T16:01:28+00:00","dateModified":"2025-10-17T16:17:54+00:00","description":"O DJI Care Enterprise Plus para o DJI Matrice 4E (vers\u00e3o UE) \u00e9 um plano de suporte p\u00f3s-venda especializado e abrangente, projetado para garantir a continuidade operacional da sua frota de drones empresariais. Desenvolvido para uso profissional em ambientes exigentes em toda a Uni\u00e3o Europeia, este servi\u00e7o oferece tranquilidade excepcional contra danos acidentais.","breadcrumb":{"@id":"https:\/\/www.ghostysky.com\/product\/dji-care-enterprise-plus-dji-matrice-4e-eu\/#breadcrumb"},"inLanguage":"pt-PT","potentialAction":[{"@type":"ReadAction","target":["https:\/\/www.ghostysky.com\/product\/dji-care-enterprise-plus-dji-matrice-4e-eu\/"]}]},{"@type":"ImageObject","inLanguage":"pt-PT","@id":"https:\/\/www.ghostysky.com\/product\/dji-care-enterprise-plus-dji-matrice-4e-eu\/#primaryimage","url":"https:\/\/www.ghostysky.com\/wp-content\/uploads\/2025\/10\/GH_DJI-Care-Enterprise-Plus-DJI-Matrice-4E-EU_3.jpg","contentUrl":"https:\/\/www.ghostysky.com\/wp-content\/uploads\/2025\/10\/GH_DJI-Care-Enterprise-Plus-DJI-Matrice-4E-EU_3.jpg","width":800,"height":800},{"@type":"BreadcrumbList","@id":"https:\/\/www.ghostysky.com\/product\/dji-care-enterprise-plus-dji-matrice-4e-eu\/#breadcrumb","itemListElement":[{"@type":"ListItem","position":1,"name":"Home","item":"https:\/\/www.ghostysky.com\/"},{"@type":"ListItem","position":2,"name":"Shop","item":"https:\/\/www.ghostysky.com\/shop\/"},{"@type":"ListItem","position":3,"name":"DJI Care Enterprise Plus (DJI Matrice 4E) EU"}]},{"@type":"WebSite","@id":"https:\/\/www.ghostysky.com\/#website","url":"https:\/\/www.ghostysky.com\/","name":"Ghostysky","description":"Fornecendo drones e servi\u00e7os profissionais","publisher":{"@id":"https:\/\/www.ghostysky.com\/#organization"},"potentialAction":[{"@type":"SearchAction","target":{"@type":"EntryPoint","urlTemplate":"https:\/\/www.ghostysky.com\/?s={search_term_string}"},"query-input":{"@type":"PropertyValueSpecification","valueRequired":true,"valueName":"search_term_string"}}],"inLanguage":"pt-PT"},{"@type":"Organization","@id":"https:\/\/www.ghostysky.com\/#organization","name":"Ghostysky","url":"https:\/\/www.ghostysky.com\/","logo":{"@type":"ImageObject","inLanguage":"pt-PT","@id":"https:\/\/www.ghostysky.com\/#\/schema\/logo\/image\/","url":"https:\/\/www.ghostysky.com\/wp-content\/uploads\/2020\/06\/cropped-ghostyskylogo_text_white2.png","contentUrl":"https:\/\/www.ghostysky.com\/wp-content\/uploads\/2020\/06\/cropped-ghostyskylogo_text_white2.png","width":169,"height":56,"caption":"Ghostysky"},"image":{"@id":"https:\/\/www.ghostysky.com\/#\/schema\/logo\/image\/"},"sameAs":["https:\/\/www.facebook.com\/people\/Ghostysky\/100057676170234\/","https:\/\/x.com\/Gh0stysky","https:\/\/www.linkedin.com\/company\/34739653","https:\/\/www.instagram.com\/gh0stysky"]}]}},"_links":{"self":[{"href":"https:\/\/www.ghostysky.com\/pt\/wp-json\/wp\/v2\/product\/21782","targetHints":{"allow":["GET"]}}],"collection":[{"href":"https:\/\/www.ghostysky.com\/pt\/wp-json\/wp\/v2\/product"}],"about":[{"href":"https:\/\/www.ghostysky.com\/pt\/wp-json\/wp\/v2\/types\/product"}],"replies":[{"embeddable":true,"href":"https:\/\/www.ghostysky.com\/pt\/wp-json\/wp\/v2\/comments?post=21782"}],"wp:featuredmedia":[{"embeddable":true,"href":"https:\/\/www.ghostysky.com\/pt\/wp-json\/wp\/v2\/media\/21789"}],"wp:attachment":[{"href":"https:\/\/www.ghostysky.com\/pt\/wp-json\/wp\/v2\/media?parent=21782"}],"wp:term":[{"taxonomy":"product_brand","embeddable":true,"href":"https:\/\/www.ghostysky.com\/pt\/wp-json\/wp\/v2\/product_brand?post=21782"},{"taxonomy":"product_cat","embeddable":true,"href":"https:\/\/www.ghostysky.com\/pt\/wp-json\/wp\/v2\/product_cat?post=21782"},{"taxonomy":"product_tag","embeddable":true,"href":"https:\/\/www.ghostysky.com\/pt\/wp-json\/wp\/v2\/product_tag?post=21782"}],"curies":[{"name":"wp","href":"https:\/\/api.w.org\/{rel}","templated":true}]}}