{"id":21792,"date":"2025-10-17T16:25:10","date_gmt":"2025-10-17T16:25:10","guid":{"rendered":"https:\/\/www.ghostysky.com\/?post_type=product&#038;p=21792"},"modified":"2025-10-17T16:27:12","modified_gmt":"2025-10-17T16:27:12","slug":"dji-maintenance-program-standard-service-dji-matrice-4t-eu","status":"publish","type":"product","link":"https:\/\/www.ghostysky.com\/pt\/product\/dji-maintenance-program-standard-service-dji-matrice-4t-eu\/","title":{"rendered":"Servi\u00e7o padr\u00e3o do programa de manuten\u00e7\u00e3o DJI (DJI Matrice 4T) UE"},"content":{"rendered":"<div id=\"model-response-message-contentr_8ca688bebcf3e727\" class=\"markdown markdown-main-panel stronger enable-updated-hr-color\" dir=\"ltr\">\n<h3><b>Principais recursos do servi\u00e7o padr\u00e3o<\/b><\/h3>\n<ul>\n<li><b><span class=\"citation-1303\">Limpeza profunda:<\/span><\/b><span class=\"citation-1303 citation-end-1303\"> Remo\u00e7\u00e3o completa de poeira, areia e detritos de componentes internos e externos para garantir resfriamento e opera\u00e7\u00e3o adequados, incluindo tratamento protetor para pe\u00e7as met\u00e1licas.<\/span><\/li>\n<li><b><span class=\"citation-1302\">Inspe\u00e7\u00e3o de pe\u00e7as:<\/span><\/b><span class=\"citation-1302 citation-end-1302\"> Uma verifica\u00e7\u00e3o funcional detalhada e abrangente de componentes cr\u00edticos, incluindo o sistema de propuls\u00e3o, o controlador de voo, o cardan, o sistema de transmiss\u00e3o, os sensores e a integridade estrutural.<\/span><\/li>\n<li><b><span class=\"citation-1301\">Atualiza\u00e7\u00e3o e calibra\u00e7\u00e3o:<\/span><\/b><span class=\"citation-1301 citation-end-1301\"> Instala\u00e7\u00e3o do firmware oficial mais recente e calibra\u00e7\u00e3o precisa de sensores importantes, como IMU, b\u00fassola, sistema de vis\u00e3o e gimbal para manter a estabilidade do voo e a precis\u00e3o dos dados.<\/span><\/li>\n<li><b><span class=\"citation-1300\">Pe\u00e7as de reposi\u00e7\u00e3o de f\u00e1cil desgaste:<\/span><\/b><span class=\"citation-1300 citation-end-1300\"> Substitui\u00e7\u00e3o proativa de componentes de desgaste f\u00e1cil (como h\u00e9lices ou parafusos, pe\u00e7as espec\u00edficas dependendo da lista atual da DJI) para garantir que a aeronave mantenha excelente desempenho de voo e reduzir o risco de falhas inesperadas.<\/span><\/li>\n<li><b><span class=\"citation-1299\">Relat\u00f3rio Oficial de Manuten\u00e7\u00e3o:<\/span><\/b><span class=\"citation-1299 citation-end-1299\"> Receba um relat\u00f3rio detalhado e profissional ap\u00f3s a conclus\u00e3o do servi\u00e7o, documentando o status da aeronave, os resultados da inspe\u00e7\u00e3o e todas as a\u00e7\u00f5es de servi\u00e7o realizadas para melhorar a manuten\u00e7\u00e3o de registros e a confiabilidade operacional.<\/span><\/li>\n<li><b>Garantia de Qualidade Profissional:<\/b><span class=\"citation-1298 citation-end-1298\"> A manuten\u00e7\u00e3o \u00e9 realizada por t\u00e9cnicos oficiais da DJI usando acess\u00f3rios originais, ferramentas especializadas e software, garantindo os mais altos padr\u00f5es de qualidade.<\/span>\n<div class=\"source-inline-chip-container ng-star-inserted\"><\/div>\n<\/li>\n<\/ul>\n<p><b>Benef\u00edcios:<\/b><\/p>\n<ul>\n<li><b>Tempo de atividade m\u00e1ximo:<\/b> Reduz a probabilidade de tempo de inatividade devido ao desgaste de componentes ou pequenos problemas.<\/li>\n<li><b>Seguran\u00e7a aprimorada:<\/b><span class=\"citation-1297 citation-end-1297\"> Garante desempenho est\u00e1vel da aeronave para miss\u00f5es mais seguras e confi\u00e1veis.<\/span><\/li>\n<li><b><span class=\"citation-1296\">Maior efici\u00eancia:<\/span><\/b><span class=\"citation-1296 citation-end-1296\"> Mant\u00e9m seu Matrice 4T operando com m\u00e1xima efici\u00eancia para conclus\u00e3o cont\u00ednua de tarefas.<\/span><\/li>\n<li><b>Paz de esp\u00edrito:<\/b> Confian\u00e7a ao saber que seu ativo empresarial de alto valor \u00e9 mantido pelos especialistas do fabricante.<\/li>\n<\/ul>\n<p><b>Log\u00edstica de Servi\u00e7os (UE):<\/b> <span class=\"citation-1295 citation-end-1295\">Ap\u00f3s a compra, voc\u00ea normalmente recebe um c\u00f3digo para resgatar o servi\u00e7o pelo site da DJI, que geralmente inclui uma etiqueta de envio pr\u00e9-paga para enviar seu drone a um centro de servi\u00e7o europeu designado da DJI, sem custo adicional.<\/span> O servi\u00e7o geralmente inclui o drone, o controle remoto correspondente e uma bateria de voo.<\/p>\n<div class=\"source-inline-chip-container ng-star-inserted\"><\/div>\n<p><b>Recomendado:<\/b> Geralmente, recomenda-se que o Servi\u00e7o Padr\u00e3o seja realizado periodicamente (por exemplo, a cada 200 horas de voo ou por ano a partir da ativa\u00e7\u00e3o, o que ocorrer primeiro) para manter um excelente desempenho de voo e prolongar a vida \u00fatil do seu Matrice 4T.<\/p>\n<\/div>","protected":false},"excerpt":{"rendered":"<p>Garanta a longevidade e o desempenho ideal do seu DJI Matrice 4T de miss\u00e3o cr\u00edtica com o <b>Programa de Manuten\u00e7\u00e3o DJI Servi\u00e7o Padr\u00e3o<\/b> adaptado para a regi\u00e3o europeia.<\/p>\n<p><span class=\"citation-1305 citation-end-1305\">Este servi\u00e7o abrangente foi projetado para manter sua aeronave em perfeitas condi\u00e7\u00f5es, proporcionando uma experi\u00eancia de voo segura e confi\u00e1vel durante toda a sua vida \u00fatil.<\/span> <span class=\"citation-1304 citation-end-1304\">O Servi\u00e7o Padr\u00e3o vai al\u00e9m de verifica\u00e7\u00f5es b\u00e1sicas, adicionando a substitui\u00e7\u00e3o proativa de pe\u00e7as comumente desgastadas.<\/span><\/p>","protected":false},"featured_media":21791,"comment_status":"open","ping_status":"closed","template":"","meta":[],"product_brand":[1031],"product_cat":[37,1119,29,1117],"product_tag":[42,1123,1120],"class_list":{"0":"post-21792","1":"product","2":"type-product","3":"status-publish","4":"has-post-thumbnail","6":"product_brand-dji","7":"product_cat-dji","8":"product_cat-dji-matrice-4-accessories","9":"product_cat-drones","10":"product_cat-matrice-4","11":"product_tag-dji","12":"product_tag-dji-matrice-4-accessories","13":"product_tag-dji-matrice-4-series","15":"first","16":"instock","17":"taxable","18":"shipping-taxable","19":"purchasable","20":"product-type-simple"},"yoast_head":"<!-- This site is optimized with the Yoast SEO plugin v27.4 - https:\/\/yoast.com\/product\/yoast-seo-wordpress\/ -->\n<title>DJI Maintenance Program Standard Service (DJI Matrice 4T) EU - Ghostysky<\/title>\n<meta name=\"description\" content=\"Ensure the longevity and optimal performance of your mission-critical DJI Matrice 4T with the DJI Maintenance Program Standard Service tailored for the European region.This comprehensive service is designed to keep your aircraft in peak condition, providing a safe and reliable flight experience throughout its operational life. The Standard Service goes beyond basic check-ups, adding proactive replacement of commonly worn parts.\" \/>\n<meta name=\"robots\" content=\"index, follow, max-snippet:-1, max-image-preview:large, max-video-preview:-1\" \/>\n<link rel=\"canonical\" href=\"https:\/\/www.ghostysky.com\/pt\/produto-2\/dji-maintenance-program-standard-service-dji-matrice-4t-eu\/\" \/>\n<meta property=\"og:locale\" content=\"pt_PT\" \/>\n<meta property=\"og:type\" content=\"article\" \/>\n<meta property=\"og:title\" content=\"DJI Maintenance Program Standard Service (DJI Matrice 4T) EU - Ghostysky\" \/>\n<meta property=\"og:description\" content=\"Ensure the longevity and optimal performance of your mission-critical DJI Matrice 4T with the DJI Maintenance Program Standard Service tailored for the European region.This comprehensive service is designed to keep your aircraft in peak condition, providing a safe and reliable flight experience throughout its operational life. The Standard Service goes beyond basic check-ups, adding proactive replacement of commonly worn parts.\" \/>\n<meta property=\"og:url\" content=\"https:\/\/www.ghostysky.com\/pt\/produto-2\/dji-maintenance-program-standard-service-dji-matrice-4t-eu\/\" \/>\n<meta property=\"og:site_name\" content=\"Ghostysky\" \/>\n<meta property=\"article:publisher\" content=\"https:\/\/www.facebook.com\/people\/Ghostysky\/100057676170234\/\" \/>\n<meta property=\"article:modified_time\" content=\"2025-10-17T16:27:12+00:00\" \/>\n<meta property=\"og:image\" content=\"https:\/\/www.ghostysky.com\/wp-content\/uploads\/2025\/10\/GH_DJI-Maintenance-Program-Standard-Service-DJI-Matrice-4E-EU_3.jpg\" \/>\n\t<meta property=\"og:image:width\" content=\"800\" \/>\n\t<meta property=\"og:image:height\" content=\"800\" \/>\n\t<meta property=\"og:image:type\" content=\"image\/jpeg\" \/>\n<meta name=\"twitter:card\" content=\"summary_large_image\" \/>\n<meta name=\"twitter:site\" content=\"@Gh0stysky\" \/>\n<meta name=\"twitter:label1\" content=\"Tempo estimado de leitura\" \/>\n\t<meta name=\"twitter:data1\" content=\"2 minutos\" \/>\n<script type=\"application\/ld+json\" class=\"yoast-schema-graph\">{\"@context\":\"https:\\\/\\\/schema.org\",\"@graph\":[{\"@type\":\"WebPage\",\"@id\":\"https:\\\/\\\/www.ghostysky.com\\\/product\\\/dji-maintenance-program-standard-service-dji-matrice-4t-eu\\\/\",\"url\":\"https:\\\/\\\/www.ghostysky.com\\\/product\\\/dji-maintenance-program-standard-service-dji-matrice-4t-eu\\\/\",\"name\":\"DJI Maintenance Program Standard Service (DJI Matrice 4T) EU - Ghostysky\",\"isPartOf\":{\"@id\":\"https:\\\/\\\/www.ghostysky.com\\\/#website\"},\"primaryImageOfPage\":{\"@id\":\"https:\\\/\\\/www.ghostysky.com\\\/product\\\/dji-maintenance-program-standard-service-dji-matrice-4t-eu\\\/#primaryimage\"},\"image\":{\"@id\":\"https:\\\/\\\/www.ghostysky.com\\\/product\\\/dji-maintenance-program-standard-service-dji-matrice-4t-eu\\\/#primaryimage\"},\"thumbnailUrl\":\"https:\\\/\\\/www.ghostysky.com\\\/wp-content\\\/uploads\\\/2025\\\/10\\\/GH_DJI-Maintenance-Program-Standard-Service-DJI-Matrice-4E-EU_3.jpg\",\"datePublished\":\"2025-10-17T16:25:10+00:00\",\"dateModified\":\"2025-10-17T16:27:12+00:00\",\"description\":\"Ensure the longevity and optimal performance of your mission-critical DJI Matrice 4T with the DJI Maintenance Program Standard Service tailored for the European region.This comprehensive service is designed to keep your aircraft in peak condition, providing a safe and reliable flight experience throughout its operational life. The Standard Service goes beyond basic check-ups, adding proactive replacement of commonly worn parts.\",\"breadcrumb\":{\"@id\":\"https:\\\/\\\/www.ghostysky.com\\\/product\\\/dji-maintenance-program-standard-service-dji-matrice-4t-eu\\\/#breadcrumb\"},\"inLanguage\":\"pt-PT\",\"potentialAction\":[{\"@type\":\"ReadAction\",\"target\":[\"https:\\\/\\\/www.ghostysky.com\\\/product\\\/dji-maintenance-program-standard-service-dji-matrice-4t-eu\\\/\"]}]},{\"@type\":\"ImageObject\",\"inLanguage\":\"pt-PT\",\"@id\":\"https:\\\/\\\/www.ghostysky.com\\\/product\\\/dji-maintenance-program-standard-service-dji-matrice-4t-eu\\\/#primaryimage\",\"url\":\"https:\\\/\\\/www.ghostysky.com\\\/wp-content\\\/uploads\\\/2025\\\/10\\\/GH_DJI-Maintenance-Program-Standard-Service-DJI-Matrice-4E-EU_3.jpg\",\"contentUrl\":\"https:\\\/\\\/www.ghostysky.com\\\/wp-content\\\/uploads\\\/2025\\\/10\\\/GH_DJI-Maintenance-Program-Standard-Service-DJI-Matrice-4E-EU_3.jpg\",\"width\":800,\"height\":800},{\"@type\":\"BreadcrumbList\",\"@id\":\"https:\\\/\\\/www.ghostysky.com\\\/product\\\/dji-maintenance-program-standard-service-dji-matrice-4t-eu\\\/#breadcrumb\",\"itemListElement\":[{\"@type\":\"ListItem\",\"position\":1,\"name\":\"Home\",\"item\":\"https:\\\/\\\/www.ghostysky.com\\\/\"},{\"@type\":\"ListItem\",\"position\":2,\"name\":\"Shop\",\"item\":\"https:\\\/\\\/www.ghostysky.com\\\/shop\\\/\"},{\"@type\":\"ListItem\",\"position\":3,\"name\":\"DJI Maintenance Program Standard Service (DJI Matrice 4T) EU\"}]},{\"@type\":\"WebSite\",\"@id\":\"https:\\\/\\\/www.ghostysky.com\\\/#website\",\"url\":\"https:\\\/\\\/www.ghostysky.com\\\/\",\"name\":\"Ghostysky\",\"description\":\"Delivering professional drones and services\",\"publisher\":{\"@id\":\"https:\\\/\\\/www.ghostysky.com\\\/#organization\"},\"potentialAction\":[{\"@type\":\"SearchAction\",\"target\":{\"@type\":\"EntryPoint\",\"urlTemplate\":\"https:\\\/\\\/www.ghostysky.com\\\/?s={search_term_string}\"},\"query-input\":{\"@type\":\"PropertyValueSpecification\",\"valueRequired\":true,\"valueName\":\"search_term_string\"}}],\"inLanguage\":\"pt-PT\"},{\"@type\":\"Organization\",\"@id\":\"https:\\\/\\\/www.ghostysky.com\\\/#organization\",\"name\":\"Ghostysky\",\"url\":\"https:\\\/\\\/www.ghostysky.com\\\/\",\"logo\":{\"@type\":\"ImageObject\",\"inLanguage\":\"pt-PT\",\"@id\":\"https:\\\/\\\/www.ghostysky.com\\\/#\\\/schema\\\/logo\\\/image\\\/\",\"url\":\"https:\\\/\\\/www.ghostysky.com\\\/wp-content\\\/uploads\\\/2020\\\/06\\\/cropped-ghostyskylogo_text_white2.png\",\"contentUrl\":\"https:\\\/\\\/www.ghostysky.com\\\/wp-content\\\/uploads\\\/2020\\\/06\\\/cropped-ghostyskylogo_text_white2.png\",\"width\":169,\"height\":56,\"caption\":\"Ghostysky\"},\"image\":{\"@id\":\"https:\\\/\\\/www.ghostysky.com\\\/#\\\/schema\\\/logo\\\/image\\\/\"},\"sameAs\":[\"https:\\\/\\\/www.facebook.com\\\/people\\\/Ghostysky\\\/100057676170234\\\/\",\"https:\\\/\\\/x.com\\\/Gh0stysky\",\"https:\\\/\\\/www.linkedin.com\\\/company\\\/34739653\",\"https:\\\/\\\/www.instagram.com\\\/gh0stysky\"]}]}<\/script>\n<!-- \/ Yoast SEO plugin. -->","yoast_head_json":{"title":"Servi\u00e7o padr\u00e3o do programa de manuten\u00e7\u00e3o DJI (DJI Matrice 4T) UE - Ghostysky","description":"Garanta a longevidade e o desempenho ideal do seu DJI Matrice 4T, um equipamento de miss\u00e3o cr\u00edtica, com o Programa de Manuten\u00e7\u00e3o DJI Standard Service, desenvolvido especialmente para a regi\u00e3o europeia. Este servi\u00e7o abrangente foi desenvolvido para manter sua aeronave em perfeitas condi\u00e7\u00f5es, proporcionando uma experi\u00eancia de voo segura e confi\u00e1vel durante toda a sua vida \u00fatil. O Servi\u00e7o Standard vai al\u00e9m das revis\u00f5es b\u00e1sicas, adicionando a substitui\u00e7\u00e3o proativa de pe\u00e7as com desgaste comum.","robots":{"index":"index","follow":"follow","max-snippet":"max-snippet:-1","max-image-preview":"max-image-preview:large","max-video-preview":"max-video-preview:-1"},"canonical":"https:\/\/www.ghostysky.com\/pt\/produto-2\/dji-maintenance-program-standard-service-dji-matrice-4t-eu\/","og_locale":"pt_PT","og_type":"article","og_title":"DJI Maintenance Program Standard Service (DJI Matrice 4T) EU - Ghostysky","og_description":"Ensure the longevity and optimal performance of your mission-critical DJI Matrice 4T with the DJI Maintenance Program Standard Service tailored for the European region.This comprehensive service is designed to keep your aircraft in peak condition, providing a safe and reliable flight experience throughout its operational life. The Standard Service goes beyond basic check-ups, adding proactive replacement of commonly worn parts.","og_url":"https:\/\/www.ghostysky.com\/pt\/produto-2\/dji-maintenance-program-standard-service-dji-matrice-4t-eu\/","og_site_name":"Ghostysky","article_publisher":"https:\/\/www.facebook.com\/people\/Ghostysky\/100057676170234\/","article_modified_time":"2025-10-17T16:27:12+00:00","og_image":[{"width":800,"height":800,"url":"https:\/\/www.ghostysky.com\/wp-content\/uploads\/2025\/10\/GH_DJI-Maintenance-Program-Standard-Service-DJI-Matrice-4E-EU_3.jpg","type":"image\/jpeg"}],"twitter_card":"summary_large_image","twitter_site":"@Gh0stysky","twitter_misc":{"Tempo estimado de leitura":"2 minutos"},"schema":{"@context":"https:\/\/schema.org","@graph":[{"@type":"WebPage","@id":"https:\/\/www.ghostysky.com\/product\/dji-maintenance-program-standard-service-dji-matrice-4t-eu\/","url":"https:\/\/www.ghostysky.com\/product\/dji-maintenance-program-standard-service-dji-matrice-4t-eu\/","name":"Servi\u00e7o padr\u00e3o do programa de manuten\u00e7\u00e3o DJI (DJI Matrice 4T) UE - Ghostysky","isPartOf":{"@id":"https:\/\/www.ghostysky.com\/#website"},"primaryImageOfPage":{"@id":"https:\/\/www.ghostysky.com\/product\/dji-maintenance-program-standard-service-dji-matrice-4t-eu\/#primaryimage"},"image":{"@id":"https:\/\/www.ghostysky.com\/product\/dji-maintenance-program-standard-service-dji-matrice-4t-eu\/#primaryimage"},"thumbnailUrl":"https:\/\/www.ghostysky.com\/wp-content\/uploads\/2025\/10\/GH_DJI-Maintenance-Program-Standard-Service-DJI-Matrice-4E-EU_3.jpg","datePublished":"2025-10-17T16:25:10+00:00","dateModified":"2025-10-17T16:27:12+00:00","description":"Garanta a longevidade e o desempenho ideal do seu DJI Matrice 4T, um equipamento de miss\u00e3o cr\u00edtica, com o Programa de Manuten\u00e7\u00e3o DJI Standard Service, desenvolvido especialmente para a regi\u00e3o europeia. Este servi\u00e7o abrangente foi desenvolvido para manter sua aeronave em perfeitas condi\u00e7\u00f5es, proporcionando uma experi\u00eancia de voo segura e confi\u00e1vel durante toda a sua vida \u00fatil. O Servi\u00e7o Standard vai al\u00e9m das revis\u00f5es b\u00e1sicas, adicionando a substitui\u00e7\u00e3o proativa de pe\u00e7as com desgaste comum.","breadcrumb":{"@id":"https:\/\/www.ghostysky.com\/product\/dji-maintenance-program-standard-service-dji-matrice-4t-eu\/#breadcrumb"},"inLanguage":"pt-PT","potentialAction":[{"@type":"ReadAction","target":["https:\/\/www.ghostysky.com\/product\/dji-maintenance-program-standard-service-dji-matrice-4t-eu\/"]}]},{"@type":"ImageObject","inLanguage":"pt-PT","@id":"https:\/\/www.ghostysky.com\/product\/dji-maintenance-program-standard-service-dji-matrice-4t-eu\/#primaryimage","url":"https:\/\/www.ghostysky.com\/wp-content\/uploads\/2025\/10\/GH_DJI-Maintenance-Program-Standard-Service-DJI-Matrice-4E-EU_3.jpg","contentUrl":"https:\/\/www.ghostysky.com\/wp-content\/uploads\/2025\/10\/GH_DJI-Maintenance-Program-Standard-Service-DJI-Matrice-4E-EU_3.jpg","width":800,"height":800},{"@type":"BreadcrumbList","@id":"https:\/\/www.ghostysky.com\/product\/dji-maintenance-program-standard-service-dji-matrice-4t-eu\/#breadcrumb","itemListElement":[{"@type":"ListItem","position":1,"name":"Home","item":"https:\/\/www.ghostysky.com\/"},{"@type":"ListItem","position":2,"name":"Shop","item":"https:\/\/www.ghostysky.com\/shop\/"},{"@type":"ListItem","position":3,"name":"DJI Maintenance Program Standard Service (DJI Matrice 4T) EU"}]},{"@type":"WebSite","@id":"https:\/\/www.ghostysky.com\/#website","url":"https:\/\/www.ghostysky.com\/","name":"Ghostysky","description":"Fornecendo drones e servi\u00e7os profissionais","publisher":{"@id":"https:\/\/www.ghostysky.com\/#organization"},"potentialAction":[{"@type":"SearchAction","target":{"@type":"EntryPoint","urlTemplate":"https:\/\/www.ghostysky.com\/?s={search_term_string}"},"query-input":{"@type":"PropertyValueSpecification","valueRequired":true,"valueName":"search_term_string"}}],"inLanguage":"pt-PT"},{"@type":"Organization","@id":"https:\/\/www.ghostysky.com\/#organization","name":"Ghostysky","url":"https:\/\/www.ghostysky.com\/","logo":{"@type":"ImageObject","inLanguage":"pt-PT","@id":"https:\/\/www.ghostysky.com\/#\/schema\/logo\/image\/","url":"https:\/\/www.ghostysky.com\/wp-content\/uploads\/2020\/06\/cropped-ghostyskylogo_text_white2.png","contentUrl":"https:\/\/www.ghostysky.com\/wp-content\/uploads\/2020\/06\/cropped-ghostyskylogo_text_white2.png","width":169,"height":56,"caption":"Ghostysky"},"image":{"@id":"https:\/\/www.ghostysky.com\/#\/schema\/logo\/image\/"},"sameAs":["https:\/\/www.facebook.com\/people\/Ghostysky\/100057676170234\/","https:\/\/x.com\/Gh0stysky","https:\/\/www.linkedin.com\/company\/34739653","https:\/\/www.instagram.com\/gh0stysky"]}]}},"_links":{"self":[{"href":"https:\/\/www.ghostysky.com\/pt\/wp-json\/wp\/v2\/product\/21792","targetHints":{"allow":["GET"]}}],"collection":[{"href":"https:\/\/www.ghostysky.com\/pt\/wp-json\/wp\/v2\/product"}],"about":[{"href":"https:\/\/www.ghostysky.com\/pt\/wp-json\/wp\/v2\/types\/product"}],"replies":[{"embeddable":true,"href":"https:\/\/www.ghostysky.com\/pt\/wp-json\/wp\/v2\/comments?post=21792"}],"version-history":[{"count":0,"href":"https:\/\/www.ghostysky.com\/pt\/wp-json\/wp\/v2\/product\/21792\/revisions"}],"wp:featuredmedia":[{"embeddable":true,"href":"https:\/\/www.ghostysky.com\/pt\/wp-json\/wp\/v2\/media\/21791"}],"wp:attachment":[{"href":"https:\/\/www.ghostysky.com\/pt\/wp-json\/wp\/v2\/media?parent=21792"}],"wp:term":[{"taxonomy":"product_brand","embeddable":true,"href":"https:\/\/www.ghostysky.com\/pt\/wp-json\/wp\/v2\/product_brand?post=21792"},{"taxonomy":"product_cat","embeddable":true,"href":"https:\/\/www.ghostysky.com\/pt\/wp-json\/wp\/v2\/product_cat?post=21792"},{"taxonomy":"product_tag","embeddable":true,"href":"https:\/\/www.ghostysky.com\/pt\/wp-json\/wp\/v2\/product_tag?post=21792"}],"curies":[{"name":"wp","href":"https:\/\/api.w.org\/{rel}","templated":true}]}}