{"id":21796,"date":"2025-10-17T16:36:15","date_gmt":"2025-10-17T16:36:15","guid":{"rendered":"https:\/\/www.ghostysky.com\/?post_type=product&#038;p=21796"},"modified":"2025-10-17T16:38:52","modified_gmt":"2025-10-17T16:38:52","slug":"dji-maintenance-program-basic-service-dji-matrice-4e-eu","status":"publish","type":"product","link":"https:\/\/www.ghostysky.com\/pt\/product\/dji-maintenance-program-basic-service-dji-matrice-4e-eu\/","title":{"rendered":"Servi\u00e7o B\u00e1sico do Programa de Manuten\u00e7\u00e3o DJI (DJI Matrice 4E) UE"},"content":{"rendered":"<div id=\"model-response-message-contentr_8ca688bebcf3e727\" class=\"markdown markdown-main-panel stronger enable-updated-hr-color\" dir=\"ltr\">\n<h3><b>Principais recursos do servi\u00e7o b\u00e1sico<\/b><\/h3>\n<ul>\n<li><b>Limpeza profunda:<\/b><span class=\"citation-1369 citation-end-1369\"> Um processo de limpeza meticuloso para remover poeira, areia e detritos dos sistemas de resfriamento e componentes internos da aeronave, garantindo o fluxo de ar adequado e protegendo componentes eletr\u00f4nicos sens\u00edveis.<\/span><\/li>\n<li><b><span class=\"citation-1368\">Inspe\u00e7\u00e3o de pe\u00e7as:<\/span><\/b><span class=\"citation-1368 citation-end-1368\"> Uma verifica\u00e7\u00e3o funcional completa e inspe\u00e7\u00e3o visual de componentes cr\u00edticos, incluindo motores, h\u00e9lices, cardan, sistema de transmiss\u00e3o, sensores e integridade estrutural para identificar poss\u00edveis problemas desde o in\u00edcio.<\/span><\/li>\n<li><b><span class=\"citation-1367\">Atualiza\u00e7\u00e3o e calibra\u00e7\u00e3o de firmware:<\/span><\/b><span class=\"citation-1367 citation-end-1367\"> Instala\u00e7\u00e3o das \u00faltimas atualiza\u00e7\u00f5es oficiais de firmware para garantir desempenho ideal e maior seguran\u00e7a de voo.<\/span> <span class=\"citation-1366 citation-end-1366\">Isso \u00e9 combinado com a calibra\u00e7\u00e3o precisa da IMU, b\u00fassola, gimbal e bar\u00f4metro para m\u00e1xima estabilidade e precis\u00e3o de voo.<\/span>\n<div class=\"source-inline-chip-container ng-star-inserted\"><\/div>\n<\/li>\n<li><b>Relat\u00f3rio Oficial de Manuten\u00e7\u00e3o:<\/b><span class=\"citation-1365 citation-end-1365\"> Ap\u00f3s a conclus\u00e3o do servi\u00e7o, voc\u00ea receber\u00e1 um relat\u00f3rio oficial de manuten\u00e7\u00e3o detalhado da DJI, documentando o status do sistema, os resultados da inspe\u00e7\u00e3o e todas as a\u00e7\u00f5es de servi\u00e7o realizadas, fornecendo um registro valioso para suas opera\u00e7\u00f5es.<\/span>\n<div class=\"source-inline-chip-container ng-star-inserted\"><\/div>\n<\/li>\n<\/ul>\n<h4><b>Como funciona (regi\u00e3o da UE)<\/b><\/h4>\n<ol start=\"1\">\n<li><b>Comprar:<\/b><span class=\"citation-1364 citation-end-1364\"> Compre o c\u00f3digo de servi\u00e7o b\u00e1sico do Programa de Manuten\u00e7\u00e3o DJI.<\/span><\/li>\n<li><b><span class=\"citation-1363\">Resgatar:<\/span><\/b><span class=\"citation-1363 citation-end-1363\"> Resgate o c\u00f3digo na plataforma oficial da DJI quando sua aeronave precisar de manuten\u00e7\u00e3o.<\/span><\/li>\n<li><b><span class=\"citation-1362\">Enviar:<\/span><\/b><span class=\"citation-1362 citation-end-1362\"> Envie seu Matrice 4E para o centro de servi\u00e7o DJI designado na UE usando uma etiqueta de remessa pr\u00e9-paga fornecida (frete de devolu\u00e7\u00e3o gratuito geralmente inclu\u00eddo).<\/span><\/li>\n<li><b><span class=\"citation-1361\">Receber:<\/span><\/b><span class=\"citation-1361 citation-end-1361\"> Receba de volta seu drone mantido, limpo e calibrado profissionalmente, pronto para voos mais seguros e eficientes.<\/span>\n<div class=\"source-inline-chip-container ng-star-inserted\"><\/div>\n<\/li>\n<\/ol>\n<p>Este servi\u00e7o \u00e9 um investimento crucial para organiza\u00e7\u00f5es que dependem do Matrice 4E para levantamento, mapeamento, inspe\u00e7\u00e3o e outras aplica\u00e7\u00f5es empresariais, garantindo que o drone esteja sempre operando com seguran\u00e7a e efici\u00eancia.<\/p>\n<hr \/>\n<p><b>Observe:<\/b><span class=\"citation-1360 citation-end-1360 interactive-span-hovered\"> O Servi\u00e7o B\u00e1sico concentra-se na inspe\u00e7\u00e3o, limpeza e calibra\u00e7\u00e3o.<\/span> <span class=\"citation-1359\">Isto <\/span><b><span class=\"citation-1359\">n\u00e3o<\/span><\/b><span class=\"citation-1359 citation-end-1359\"> normalmente incluem a substitui\u00e7\u00e3o autom\u00e1tica de pe\u00e7as de desgaste f\u00e1cil (como h\u00e9lices, parafusos ou plataformas de pouso) ou componentes principais (como bra\u00e7os ou motores) \u2014 estes geralmente s\u00e3o cobertos pelos n\u00edveis de servi\u00e7o Padr\u00e3o ou Premium, ou podem ser reparados\/substitu\u00eddos por um custo adicional se forem encontrados danos fora do escopo do Servi\u00e7o B\u00e1sico.<\/span><\/p>\n<\/div>","protected":false},"excerpt":{"rendered":"<p><span class=\"citation-1371\">O <\/span><b><span class=\"citation-1371\">Programa de Manuten\u00e7\u00e3o DJI Servi\u00e7o B\u00e1sico para o Matrice 4E (UE)<\/span><\/b><span class=\"citation-1371 citation-end-1371\"> \u00e9 um plano de servi\u00e7o essencial projetado para garantir que seu drone profissional DJI Matrice 4E mantenha desempenho e confiabilidade m\u00e1ximos durante toda sua vida \u00fatil.<\/span> Projetado para usu\u00e1rios na Uni\u00e3o Europeia, este programa oferece uma verifica\u00e7\u00e3o abrangente diretamente dos especialistas da DJI.<\/p>\n<p><span class=\"citation-1370 citation-end-1370\">Este servi\u00e7o b\u00e1sico \u00e9 recomendado para manuten\u00e7\u00e3o regular, neutralizando o desgaste causado pelo uso di\u00e1rio e pelo ambiente operacional para ajudar a evitar problemas inesperados e tempo de inatividade desnecess\u00e1rio.<\/span><\/p>","protected":false},"featured_media":21791,"comment_status":"open","ping_status":"closed","template":"","meta":[],"product_brand":[1031],"product_cat":[37,1119,29,1117],"product_tag":[42,1123,1120],"class_list":{"0":"post-21796","1":"product","2":"type-product","3":"status-publish","4":"has-post-thumbnail","6":"product_brand-dji","7":"product_cat-dji","8":"product_cat-dji-matrice-4-accessories","9":"product_cat-drones","10":"product_cat-matrice-4","11":"product_tag-dji","12":"product_tag-dji-matrice-4-accessories","13":"product_tag-dji-matrice-4-series","15":"first","16":"instock","17":"taxable","18":"shipping-taxable","19":"purchasable","20":"product-type-simple"},"yoast_head":"<!-- This site is optimized with the Yoast SEO plugin v27.1.1 - https:\/\/yoast.com\/product\/yoast-seo-wordpress\/ -->\n<title>DJI Maintenance Program Basic Service (DJI Matrice 4E) EU - Ghostysky<\/title>\n<meta name=\"description\" content=\"The DJI Maintenance Program Basic Service for the Matrice 4E (EU) is an essential service plan designed to ensure your professional DJI Matrice 4E drone maintains peak performance and reliability throughout its operational life. Tailored for users in the European Union, this program offers a comprehensive check-up directly from DJI&#039;s experts.This Basic Service is recommended for regular upkeep, counteracting the wear and tear from everyday use and the operating environment to help prevent unexpected issues and unnecessary downtime.\" \/>\n<meta name=\"robots\" content=\"index, follow, max-snippet:-1, max-image-preview:large, max-video-preview:-1\" \/>\n<link rel=\"canonical\" href=\"https:\/\/www.ghostysky.com\/pt\/produto-2\/dji-maintenance-program-basic-service-dji-matrice-4e-eu\/\" \/>\n<meta property=\"og:locale\" content=\"pt_PT\" \/>\n<meta property=\"og:type\" content=\"article\" \/>\n<meta property=\"og:title\" content=\"DJI Maintenance Program Basic Service (DJI Matrice 4E) EU - Ghostysky\" \/>\n<meta property=\"og:description\" content=\"The DJI Maintenance Program Basic Service for the Matrice 4E (EU) is an essential service plan designed to ensure your professional DJI Matrice 4E drone maintains peak performance and reliability throughout its operational life. Tailored for users in the European Union, this program offers a comprehensive check-up directly from DJI&#039;s experts.This Basic Service is recommended for regular upkeep, counteracting the wear and tear from everyday use and the operating environment to help prevent unexpected issues and unnecessary downtime.\" \/>\n<meta property=\"og:url\" content=\"https:\/\/www.ghostysky.com\/pt\/produto-2\/dji-maintenance-program-basic-service-dji-matrice-4e-eu\/\" \/>\n<meta property=\"og:site_name\" content=\"Ghostysky\" \/>\n<meta property=\"article:publisher\" content=\"https:\/\/www.facebook.com\/people\/Ghostysky\/100057676170234\/\" \/>\n<meta property=\"article:modified_time\" content=\"2025-10-17T16:38:52+00:00\" \/>\n<meta property=\"og:image\" content=\"https:\/\/www.ghostysky.com\/wp-content\/uploads\/2025\/10\/GH_DJI-Maintenance-Program-Standard-Service-DJI-Matrice-4E-EU_3.jpg\" \/>\n\t<meta property=\"og:image:width\" content=\"800\" \/>\n\t<meta property=\"og:image:height\" content=\"800\" \/>\n\t<meta property=\"og:image:type\" content=\"image\/jpeg\" \/>\n<meta name=\"twitter:card\" content=\"summary_large_image\" \/>\n<meta name=\"twitter:site\" content=\"@Gh0stysky\" \/>\n<meta name=\"twitter:label1\" content=\"Tempo estimado de leitura\" \/>\n\t<meta name=\"twitter:data1\" content=\"2 minutos\" \/>\n<script type=\"application\/ld+json\" class=\"yoast-schema-graph\">{\"@context\":\"https:\/\/schema.org\",\"@graph\":[{\"@type\":\"WebPage\",\"@id\":\"https:\/\/www.ghostysky.com\/product\/dji-maintenance-program-basic-service-dji-matrice-4e-eu\/\",\"url\":\"https:\/\/www.ghostysky.com\/product\/dji-maintenance-program-basic-service-dji-matrice-4e-eu\/\",\"name\":\"DJI Maintenance Program Basic Service (DJI Matrice 4E) EU - Ghostysky\",\"isPartOf\":{\"@id\":\"https:\/\/www.ghostysky.com\/#website\"},\"primaryImageOfPage\":{\"@id\":\"https:\/\/www.ghostysky.com\/product\/dji-maintenance-program-basic-service-dji-matrice-4e-eu\/#primaryimage\"},\"image\":{\"@id\":\"https:\/\/www.ghostysky.com\/product\/dji-maintenance-program-basic-service-dji-matrice-4e-eu\/#primaryimage\"},\"thumbnailUrl\":\"https:\/\/www.ghostysky.com\/wp-content\/uploads\/2025\/10\/GH_DJI-Maintenance-Program-Standard-Service-DJI-Matrice-4E-EU_3.jpg\",\"datePublished\":\"2025-10-17T16:36:15+00:00\",\"dateModified\":\"2025-10-17T16:38:52+00:00\",\"description\":\"The DJI Maintenance Program Basic Service for the Matrice 4E (EU) is an essential service plan designed to ensure your professional DJI Matrice 4E drone maintains peak performance and reliability throughout its operational life. Tailored for users in the European Union, this program offers a comprehensive check-up directly from DJI's experts.This Basic Service is recommended for regular upkeep, counteracting the wear and tear from everyday use and the operating environment to help prevent unexpected issues and unnecessary downtime.\",\"breadcrumb\":{\"@id\":\"https:\/\/www.ghostysky.com\/product\/dji-maintenance-program-basic-service-dji-matrice-4e-eu\/#breadcrumb\"},\"inLanguage\":\"pt-PT\",\"potentialAction\":[{\"@type\":\"ReadAction\",\"target\":[\"https:\/\/www.ghostysky.com\/product\/dji-maintenance-program-basic-service-dji-matrice-4e-eu\/\"]}]},{\"@type\":\"ImageObject\",\"inLanguage\":\"pt-PT\",\"@id\":\"https:\/\/www.ghostysky.com\/product\/dji-maintenance-program-basic-service-dji-matrice-4e-eu\/#primaryimage\",\"url\":\"https:\/\/www.ghostysky.com\/wp-content\/uploads\/2025\/10\/GH_DJI-Maintenance-Program-Standard-Service-DJI-Matrice-4E-EU_3.jpg\",\"contentUrl\":\"https:\/\/www.ghostysky.com\/wp-content\/uploads\/2025\/10\/GH_DJI-Maintenance-Program-Standard-Service-DJI-Matrice-4E-EU_3.jpg\",\"width\":800,\"height\":800},{\"@type\":\"BreadcrumbList\",\"@id\":\"https:\/\/www.ghostysky.com\/product\/dji-maintenance-program-basic-service-dji-matrice-4e-eu\/#breadcrumb\",\"itemListElement\":[{\"@type\":\"ListItem\",\"position\":1,\"name\":\"Home\",\"item\":\"https:\/\/www.ghostysky.com\/\"},{\"@type\":\"ListItem\",\"position\":2,\"name\":\"Shop\",\"item\":\"https:\/\/www.ghostysky.com\/shop\/\"},{\"@type\":\"ListItem\",\"position\":3,\"name\":\"DJI Maintenance Program Basic Service (DJI Matrice 4E) EU\"}]},{\"@type\":\"WebSite\",\"@id\":\"https:\/\/www.ghostysky.com\/#website\",\"url\":\"https:\/\/www.ghostysky.com\/\",\"name\":\"Ghostysky\",\"description\":\"Delivering professional drones and services\",\"publisher\":{\"@id\":\"https:\/\/www.ghostysky.com\/#organization\"},\"potentialAction\":[{\"@type\":\"SearchAction\",\"target\":{\"@type\":\"EntryPoint\",\"urlTemplate\":\"https:\/\/www.ghostysky.com\/?s={search_term_string}\"},\"query-input\":{\"@type\":\"PropertyValueSpecification\",\"valueRequired\":true,\"valueName\":\"search_term_string\"}}],\"inLanguage\":\"pt-PT\"},{\"@type\":\"Organization\",\"@id\":\"https:\/\/www.ghostysky.com\/#organization\",\"name\":\"Ghostysky\",\"url\":\"https:\/\/www.ghostysky.com\/\",\"logo\":{\"@type\":\"ImageObject\",\"inLanguage\":\"pt-PT\",\"@id\":\"https:\/\/www.ghostysky.com\/#\/schema\/logo\/image\/\",\"url\":\"https:\/\/www.ghostysky.com\/wp-content\/uploads\/2020\/06\/cropped-ghostyskylogo_text_white2.png\",\"contentUrl\":\"https:\/\/www.ghostysky.com\/wp-content\/uploads\/2020\/06\/cropped-ghostyskylogo_text_white2.png\",\"width\":169,\"height\":56,\"caption\":\"Ghostysky\"},\"image\":{\"@id\":\"https:\/\/www.ghostysky.com\/#\/schema\/logo\/image\/\"},\"sameAs\":[\"https:\/\/www.facebook.com\/people\/Ghostysky\/100057676170234\/\",\"https:\/\/x.com\/Gh0stysky\",\"https:\/\/www.linkedin.com\/company\/34739653\",\"https:\/\/www.instagram.com\/gh0stysky\"]}]}<\/script>\n<!-- \/ Yoast SEO plugin. -->","yoast_head_json":{"title":"Servi\u00e7o b\u00e1sico do programa de manuten\u00e7\u00e3o DJI (DJI Matrice 4E) UE - Ghostysky","description":"O Programa de Manuten\u00e7\u00e3o DJI - Servi\u00e7o B\u00e1sico para o Matrice 4E (UE) \u00e9 um plano de manuten\u00e7\u00e3o essencial desenvolvido para garantir que seu drone profissional DJI Matrice 4E mantenha o m\u00e1ximo desempenho e confiabilidade durante toda a sua vida \u00fatil. Desenvolvido para usu\u00e1rios na Uni\u00e3o Europeia, este programa oferece uma verifica\u00e7\u00e3o completa diretamente pelos especialistas da DJI. Este Servi\u00e7o B\u00e1sico \u00e9 recomendado para manuten\u00e7\u00e3o regular, neutralizando o desgaste causado pelo uso di\u00e1rio e pelo ambiente operacional, ajudando a evitar problemas inesperados e paradas desnecess\u00e1rias.","robots":{"index":"index","follow":"follow","max-snippet":"max-snippet:-1","max-image-preview":"max-image-preview:large","max-video-preview":"max-video-preview:-1"},"canonical":"https:\/\/www.ghostysky.com\/pt\/produto-2\/dji-maintenance-program-basic-service-dji-matrice-4e-eu\/","og_locale":"pt_PT","og_type":"article","og_title":"DJI Maintenance Program Basic Service (DJI Matrice 4E) EU - Ghostysky","og_description":"The DJI Maintenance Program Basic Service for the Matrice 4E (EU) is an essential service plan designed to ensure your professional DJI Matrice 4E drone maintains peak performance and reliability throughout its operational life. Tailored for users in the European Union, this program offers a comprehensive check-up directly from DJI's experts.This Basic Service is recommended for regular upkeep, counteracting the wear and tear from everyday use and the operating environment to help prevent unexpected issues and unnecessary downtime.","og_url":"https:\/\/www.ghostysky.com\/pt\/produto-2\/dji-maintenance-program-basic-service-dji-matrice-4e-eu\/","og_site_name":"Ghostysky","article_publisher":"https:\/\/www.facebook.com\/people\/Ghostysky\/100057676170234\/","article_modified_time":"2025-10-17T16:38:52+00:00","og_image":[{"width":800,"height":800,"url":"https:\/\/www.ghostysky.com\/wp-content\/uploads\/2025\/10\/GH_DJI-Maintenance-Program-Standard-Service-DJI-Matrice-4E-EU_3.jpg","type":"image\/jpeg"}],"twitter_card":"summary_large_image","twitter_site":"@Gh0stysky","twitter_misc":{"Tempo estimado de leitura":"2 minutos"},"schema":{"@context":"https:\/\/schema.org","@graph":[{"@type":"WebPage","@id":"https:\/\/www.ghostysky.com\/product\/dji-maintenance-program-basic-service-dji-matrice-4e-eu\/","url":"https:\/\/www.ghostysky.com\/product\/dji-maintenance-program-basic-service-dji-matrice-4e-eu\/","name":"Servi\u00e7o b\u00e1sico do programa de manuten\u00e7\u00e3o DJI (DJI Matrice 4E) UE - Ghostysky","isPartOf":{"@id":"https:\/\/www.ghostysky.com\/#website"},"primaryImageOfPage":{"@id":"https:\/\/www.ghostysky.com\/product\/dji-maintenance-program-basic-service-dji-matrice-4e-eu\/#primaryimage"},"image":{"@id":"https:\/\/www.ghostysky.com\/product\/dji-maintenance-program-basic-service-dji-matrice-4e-eu\/#primaryimage"},"thumbnailUrl":"https:\/\/www.ghostysky.com\/wp-content\/uploads\/2025\/10\/GH_DJI-Maintenance-Program-Standard-Service-DJI-Matrice-4E-EU_3.jpg","datePublished":"2025-10-17T16:36:15+00:00","dateModified":"2025-10-17T16:38:52+00:00","description":"O Programa de Manuten\u00e7\u00e3o DJI - Servi\u00e7o B\u00e1sico para o Matrice 4E (UE) \u00e9 um plano de manuten\u00e7\u00e3o essencial desenvolvido para garantir que seu drone profissional DJI Matrice 4E mantenha o m\u00e1ximo desempenho e confiabilidade durante toda a sua vida \u00fatil. Desenvolvido para usu\u00e1rios na Uni\u00e3o Europeia, este programa oferece uma verifica\u00e7\u00e3o completa diretamente pelos especialistas da DJI. Este Servi\u00e7o B\u00e1sico \u00e9 recomendado para manuten\u00e7\u00e3o regular, neutralizando o desgaste causado pelo uso di\u00e1rio e pelo ambiente operacional, ajudando a evitar problemas inesperados e paradas desnecess\u00e1rias.","breadcrumb":{"@id":"https:\/\/www.ghostysky.com\/product\/dji-maintenance-program-basic-service-dji-matrice-4e-eu\/#breadcrumb"},"inLanguage":"pt-PT","potentialAction":[{"@type":"ReadAction","target":["https:\/\/www.ghostysky.com\/product\/dji-maintenance-program-basic-service-dji-matrice-4e-eu\/"]}]},{"@type":"ImageObject","inLanguage":"pt-PT","@id":"https:\/\/www.ghostysky.com\/product\/dji-maintenance-program-basic-service-dji-matrice-4e-eu\/#primaryimage","url":"https:\/\/www.ghostysky.com\/wp-content\/uploads\/2025\/10\/GH_DJI-Maintenance-Program-Standard-Service-DJI-Matrice-4E-EU_3.jpg","contentUrl":"https:\/\/www.ghostysky.com\/wp-content\/uploads\/2025\/10\/GH_DJI-Maintenance-Program-Standard-Service-DJI-Matrice-4E-EU_3.jpg","width":800,"height":800},{"@type":"BreadcrumbList","@id":"https:\/\/www.ghostysky.com\/product\/dji-maintenance-program-basic-service-dji-matrice-4e-eu\/#breadcrumb","itemListElement":[{"@type":"ListItem","position":1,"name":"Home","item":"https:\/\/www.ghostysky.com\/"},{"@type":"ListItem","position":2,"name":"Shop","item":"https:\/\/www.ghostysky.com\/shop\/"},{"@type":"ListItem","position":3,"name":"DJI Maintenance Program Basic Service (DJI Matrice 4E) EU"}]},{"@type":"WebSite","@id":"https:\/\/www.ghostysky.com\/#website","url":"https:\/\/www.ghostysky.com\/","name":"Ghostysky","description":"Fornecendo drones e servi\u00e7os profissionais","publisher":{"@id":"https:\/\/www.ghostysky.com\/#organization"},"potentialAction":[{"@type":"SearchAction","target":{"@type":"EntryPoint","urlTemplate":"https:\/\/www.ghostysky.com\/?s={search_term_string}"},"query-input":{"@type":"PropertyValueSpecification","valueRequired":true,"valueName":"search_term_string"}}],"inLanguage":"pt-PT"},{"@type":"Organization","@id":"https:\/\/www.ghostysky.com\/#organization","name":"Ghostysky","url":"https:\/\/www.ghostysky.com\/","logo":{"@type":"ImageObject","inLanguage":"pt-PT","@id":"https:\/\/www.ghostysky.com\/#\/schema\/logo\/image\/","url":"https:\/\/www.ghostysky.com\/wp-content\/uploads\/2020\/06\/cropped-ghostyskylogo_text_white2.png","contentUrl":"https:\/\/www.ghostysky.com\/wp-content\/uploads\/2020\/06\/cropped-ghostyskylogo_text_white2.png","width":169,"height":56,"caption":"Ghostysky"},"image":{"@id":"https:\/\/www.ghostysky.com\/#\/schema\/logo\/image\/"},"sameAs":["https:\/\/www.facebook.com\/people\/Ghostysky\/100057676170234\/","https:\/\/x.com\/Gh0stysky","https:\/\/www.linkedin.com\/company\/34739653","https:\/\/www.instagram.com\/gh0stysky"]}]}},"_links":{"self":[{"href":"https:\/\/www.ghostysky.com\/pt\/wp-json\/wp\/v2\/product\/21796","targetHints":{"allow":["GET"]}}],"collection":[{"href":"https:\/\/www.ghostysky.com\/pt\/wp-json\/wp\/v2\/product"}],"about":[{"href":"https:\/\/www.ghostysky.com\/pt\/wp-json\/wp\/v2\/types\/product"}],"replies":[{"embeddable":true,"href":"https:\/\/www.ghostysky.com\/pt\/wp-json\/wp\/v2\/comments?post=21796"}],"wp:featuredmedia":[{"embeddable":true,"href":"https:\/\/www.ghostysky.com\/pt\/wp-json\/wp\/v2\/media\/21791"}],"wp:attachment":[{"href":"https:\/\/www.ghostysky.com\/pt\/wp-json\/wp\/v2\/media?parent=21796"}],"wp:term":[{"taxonomy":"product_brand","embeddable":true,"href":"https:\/\/www.ghostysky.com\/pt\/wp-json\/wp\/v2\/product_brand?post=21796"},{"taxonomy":"product_cat","embeddable":true,"href":"https:\/\/www.ghostysky.com\/pt\/wp-json\/wp\/v2\/product_cat?post=21796"},{"taxonomy":"product_tag","embeddable":true,"href":"https:\/\/www.ghostysky.com\/pt\/wp-json\/wp\/v2\/product_tag?post=21796"}],"curies":[{"name":"wp","href":"https:\/\/api.w.org\/{rel}","templated":true}]}}