{"id":21797,"date":"2025-10-17T16:39:51","date_gmt":"2025-10-17T16:39:51","guid":{"rendered":"https:\/\/www.ghostysky.com\/?post_type=product&#038;p=21797"},"modified":"2025-10-17T16:44:41","modified_gmt":"2025-10-17T16:44:41","slug":"dji-al1-spotlight","status":"publish","type":"product","link":"https:\/\/www.ghostysky.com\/pt\/product\/dji-al1-spotlight\/","title":{"rendered":"DJI AL1 SpotLight"},"content":{"rendered":"<div id=\"model-response-message-contentr_8ca688bebcf3e727\" class=\"markdown markdown-main-panel stronger enable-updated-hr-color\" dir=\"ltr\">\n<h3><b>Caracter\u00edsticas principais<\/b><\/h3>\n<ul>\n<li><b><span class=\"citation-1398\">Ilumina\u00e7\u00e3o poderosa:<\/span><\/b><span class=\"citation-1398\"> Ilumina claramente os objetos a uma dist\u00e2ncia de at\u00e9 <\/span><b><span class=\"citation-1398\">100 metros<\/span><\/b><span class=\"citation-1398 citation-end-1398\">, proporcionando visibilidade essencial para miss\u00f5es noturnas.<sup class=\"superscript\" data-turn-source-index=\"2\">2<\/sup><\/span> <span class=\"citation-1397 citation-end-1397\">Oferece uma ilumin\u00e2ncia de aproximadamente <sup class=\"superscript\" data-turn-source-index=\"3\">3<\/sup><\/span><span class=\"math-inline\" data-math=\"4.3 \\pm 0.2 \\text{ lux}\">$4.3 \\pm 0,2 \\texto{ lux}$<\/span><span class=\"citation-1396 citation-end-1396\"> no <sup class=\"superscript\" data-turn-source-index=\"4\">4<\/sup><\/span><span class=\"math-inline\" data-math=\"100 \\text{ meters}\">$100 \\text{ metros}$<\/span><span class=\"citation-1395 citation-end-1395\">.<\/span><\/li>\n<li><b>Liga\u00e7\u00e3o inteligente do cardan:<\/b><span class=\"citation-1394 citation-end-1394\"> O holofote segue de forma inteligente os movimentos da c\u00e2mera, garantindo que a \u00e1rea iluminada permane\u00e7a perfeitamente alinhada com a vis\u00e3o da c\u00e2mera, permitindo rastreamento preciso e imagens n\u00edtidas.<\/span><\/li>\n<li><b><span class=\"citation-1393\">Modos de opera\u00e7\u00e3o duplos:<\/span><\/b><span class=\"citation-1393\"> Apresenta um <\/span><b><span class=\"citation-1393\">Sempre ligado<\/span><\/b><span class=\"citation-1393\"> modo para ilumina\u00e7\u00e3o cont\u00ednua e um <\/span><b><span class=\"citation-1393\">Estrobosc\u00f3pio<\/span><\/b><span class=\"citation-1393 citation-end-1393\"> modo de sinaliza\u00e7\u00e3o ou visibilidade aprimorada.<\/span><\/li>\n<li><b>Modo de ilumina\u00e7\u00e3o com amplo campo de vis\u00e3o:<\/b><span class=\"citation-1392 citation-end-1392\"> Oferece um modo grande angular dedicado para iluminar uma \u00e1rea operacional mais ampla, cobrindo at\u00e9 <sup class=\"superscript\" data-turn-source-index=\"8\">8<\/sup><\/span><span class=\"math-inline\" data-math=\"2,200 \\text{ square meters}\">$2.200 \\text{ metros quadrados}$<\/span><span class=\"citation-1391 citation-end-1391\"> no <sup class=\"superscript\" data-turn-source-index=\"9\">9<\/sup><\/span><span class=\"math-inline\" data-math=\"100 \\text{ meters}\">$100 \\text{ metros}$<\/span><span class=\"citation-1390 citation-end-1390\">.<\/span><\/li>\n<li><b><span class=\"citation-1389\">Implanta\u00e7\u00e3o vers\u00e1til:<\/span><\/b><span class=\"citation-1389 citation-end-1389\"> Pode ser usado de forma independente ou em combina\u00e7\u00e3o com o alto-falante DJI AS1 (dispon\u00edvel separadamente) para miss\u00f5es que exigem comunica\u00e7\u00e3o de luz e \u00e1udio.<\/span><\/li>\n<li><b><span class=\"citation-1388\">Compatibilidade:<\/span><\/b><span class=\"citation-1388\"> Projetado para integra\u00e7\u00e3o perfeita com o <\/span><b><span class=\"citation-1388\">DJI Matrice S\u00e9rie 4<\/span><\/b><span class=\"citation-1388 citation-end-1388\"> de drones empresariais.<\/span><\/li>\n<\/ul>\n<p><span class=\"citation-1387 citation-end-1387\">O DJI AL1 Spotlight \u00e9 um acess\u00f3rio inestim\u00e1vel para profissionais de seguran\u00e7a p\u00fablica, busca e salvamento, inspe\u00e7\u00e3o de infraestrutura e qualquer aplica\u00e7\u00e3o que exija ilumina\u00e7\u00e3o a\u00e9rea confi\u00e1vel e din\u00e2mica.<\/span>\u00a0<span class=\"citation-1386 citation-end-1386\">Seu design leve e montagem de libera\u00e7\u00e3o r\u00e1pida garantem f\u00e1cil implanta\u00e7\u00e3o e prontid\u00e3o para a miss\u00e3o.<\/span><\/p>\n<h4>NA CAIXA<\/h4>\n<p>1x Holofote<br \/>\n2x Parafusos Sobressalentes<br \/>\n1x Chave Hexagonal<\/p>\n<h4>COMPATIBILIDADE<\/h4>\n<p>DJI Matriz 4<\/p>\n<\/div>","protected":false},"excerpt":{"rendered":"<p><span class=\"citation-1399\">O <\/span><b><span class=\"citation-1399\">DJI AL1 em destaque<\/span><\/b><span class=\"citation-1399 citation-end-1399\"> \u00e9 uma carga \u00fatil de ilumina\u00e7\u00e3o de alta intensidade e n\u00edvel profissional, projetada para melhorar significativamente a visibilidade de suas opera\u00e7\u00f5es a\u00e9reas em condi\u00e7\u00f5es de pouca luz.<\/span><\/p>","protected":false},"featured_media":21800,"comment_status":"open","ping_status":"closed","template":"","meta":[],"product_brand":[1031],"product_cat":[37,1119,29,1117],"product_tag":[42,1123,1120],"class_list":{"0":"post-21797","1":"product","2":"type-product","3":"status-publish","4":"has-post-thumbnail","6":"product_brand-dji","7":"product_cat-dji","8":"product_cat-dji-matrice-4-accessories","9":"product_cat-drones","10":"product_cat-matrice-4","11":"product_tag-dji","12":"product_tag-dji-matrice-4-accessories","13":"product_tag-dji-matrice-4-series","15":"first","16":"onbackorder","17":"taxable","18":"shipping-taxable","19":"purchasable","20":"product-type-simple"},"yoast_head":"<!-- This site is optimized with the Yoast SEO plugin v27.1.1 - https:\/\/yoast.com\/product\/yoast-seo-wordpress\/ -->\n<title>DJI AL1 SpotLight - Ghostysky<\/title>\n<meta name=\"description\" content=\"The DJI AL1 Spotlight is a professional-grade, high-intensity lighting payload designed to significantly enhance the visibility of your aerial operations in low-light conditions.\" \/>\n<meta name=\"robots\" content=\"index, follow, max-snippet:-1, max-image-preview:large, max-video-preview:-1\" \/>\n<link rel=\"canonical\" href=\"https:\/\/www.ghostysky.com\/pt\/produto-2\/dji-al1-spotlight\/\" \/>\n<meta property=\"og:locale\" content=\"pt_PT\" \/>\n<meta property=\"og:type\" content=\"article\" \/>\n<meta property=\"og:title\" content=\"DJI AL1 SpotLight - Ghostysky\" \/>\n<meta property=\"og:description\" content=\"The DJI AL1 Spotlight is a professional-grade, high-intensity lighting payload designed to significantly enhance the visibility of your aerial operations in low-light conditions.\" \/>\n<meta property=\"og:url\" content=\"https:\/\/www.ghostysky.com\/pt\/produto-2\/dji-al1-spotlight\/\" \/>\n<meta property=\"og:site_name\" content=\"Ghostysky\" \/>\n<meta property=\"article:publisher\" content=\"https:\/\/www.facebook.com\/people\/Ghostysky\/100057676170234\/\" \/>\n<meta property=\"article:modified_time\" content=\"2025-10-17T16:44:41+00:00\" \/>\n<meta property=\"og:image\" content=\"https:\/\/www.ghostysky.com\/wp-content\/uploads\/2025\/10\/GH_DJI-AL1-SpotLight_1.jpg\" \/>\n\t<meta property=\"og:image:width\" content=\"800\" \/>\n\t<meta property=\"og:image:height\" content=\"800\" \/>\n\t<meta property=\"og:image:type\" content=\"image\/jpeg\" \/>\n<meta name=\"twitter:card\" content=\"summary_large_image\" \/>\n<meta name=\"twitter:site\" content=\"@Gh0stysky\" \/>\n<meta name=\"twitter:label1\" content=\"Tempo estimado de leitura\" \/>\n\t<meta name=\"twitter:data1\" content=\"2 minutos\" \/>\n<script type=\"application\/ld+json\" class=\"yoast-schema-graph\">{\"@context\":\"https:\/\/schema.org\",\"@graph\":[{\"@type\":\"WebPage\",\"@id\":\"https:\/\/www.ghostysky.com\/product\/dji-al1-spotlight\/\",\"url\":\"https:\/\/www.ghostysky.com\/product\/dji-al1-spotlight\/\",\"name\":\"DJI AL1 SpotLight - Ghostysky\",\"isPartOf\":{\"@id\":\"https:\/\/www.ghostysky.com\/#website\"},\"primaryImageOfPage\":{\"@id\":\"https:\/\/www.ghostysky.com\/product\/dji-al1-spotlight\/#primaryimage\"},\"image\":{\"@id\":\"https:\/\/www.ghostysky.com\/product\/dji-al1-spotlight\/#primaryimage\"},\"thumbnailUrl\":\"https:\/\/www.ghostysky.com\/wp-content\/uploads\/2025\/10\/GH_DJI-AL1-SpotLight_1.jpg\",\"datePublished\":\"2025-10-17T16:39:51+00:00\",\"dateModified\":\"2025-10-17T16:44:41+00:00\",\"description\":\"The DJI AL1 Spotlight is a professional-grade, high-intensity lighting payload designed to significantly enhance the visibility of your aerial operations in low-light conditions.\",\"breadcrumb\":{\"@id\":\"https:\/\/www.ghostysky.com\/product\/dji-al1-spotlight\/#breadcrumb\"},\"inLanguage\":\"pt-PT\",\"potentialAction\":[{\"@type\":\"ReadAction\",\"target\":[\"https:\/\/www.ghostysky.com\/product\/dji-al1-spotlight\/\"]}]},{\"@type\":\"ImageObject\",\"inLanguage\":\"pt-PT\",\"@id\":\"https:\/\/www.ghostysky.com\/product\/dji-al1-spotlight\/#primaryimage\",\"url\":\"https:\/\/www.ghostysky.com\/wp-content\/uploads\/2025\/10\/GH_DJI-AL1-SpotLight_1.jpg\",\"contentUrl\":\"https:\/\/www.ghostysky.com\/wp-content\/uploads\/2025\/10\/GH_DJI-AL1-SpotLight_1.jpg\",\"width\":800,\"height\":800},{\"@type\":\"BreadcrumbList\",\"@id\":\"https:\/\/www.ghostysky.com\/product\/dji-al1-spotlight\/#breadcrumb\",\"itemListElement\":[{\"@type\":\"ListItem\",\"position\":1,\"name\":\"Home\",\"item\":\"https:\/\/www.ghostysky.com\/\"},{\"@type\":\"ListItem\",\"position\":2,\"name\":\"Shop\",\"item\":\"https:\/\/www.ghostysky.com\/shop\/\"},{\"@type\":\"ListItem\",\"position\":3,\"name\":\"DJI AL1 SpotLight\"}]},{\"@type\":\"WebSite\",\"@id\":\"https:\/\/www.ghostysky.com\/#website\",\"url\":\"https:\/\/www.ghostysky.com\/\",\"name\":\"Ghostysky\",\"description\":\"Delivering professional drones and services\",\"publisher\":{\"@id\":\"https:\/\/www.ghostysky.com\/#organization\"},\"potentialAction\":[{\"@type\":\"SearchAction\",\"target\":{\"@type\":\"EntryPoint\",\"urlTemplate\":\"https:\/\/www.ghostysky.com\/?s={search_term_string}\"},\"query-input\":{\"@type\":\"PropertyValueSpecification\",\"valueRequired\":true,\"valueName\":\"search_term_string\"}}],\"inLanguage\":\"pt-PT\"},{\"@type\":\"Organization\",\"@id\":\"https:\/\/www.ghostysky.com\/#organization\",\"name\":\"Ghostysky\",\"url\":\"https:\/\/www.ghostysky.com\/\",\"logo\":{\"@type\":\"ImageObject\",\"inLanguage\":\"pt-PT\",\"@id\":\"https:\/\/www.ghostysky.com\/#\/schema\/logo\/image\/\",\"url\":\"https:\/\/www.ghostysky.com\/wp-content\/uploads\/2020\/06\/cropped-ghostyskylogo_text_white2.png\",\"contentUrl\":\"https:\/\/www.ghostysky.com\/wp-content\/uploads\/2020\/06\/cropped-ghostyskylogo_text_white2.png\",\"width\":169,\"height\":56,\"caption\":\"Ghostysky\"},\"image\":{\"@id\":\"https:\/\/www.ghostysky.com\/#\/schema\/logo\/image\/\"},\"sameAs\":[\"https:\/\/www.facebook.com\/people\/Ghostysky\/100057676170234\/\",\"https:\/\/x.com\/Gh0stysky\",\"https:\/\/www.linkedin.com\/company\/34739653\",\"https:\/\/www.instagram.com\/gh0stysky\"]}]}<\/script>\n<!-- \/ Yoast SEO plugin. -->","yoast_head_json":{"title":"DJI AL1 SpotLight - Ghostysky","description":"O DJI AL1 Spotlight \u00e9 uma carga \u00fatil de ilumina\u00e7\u00e3o de alta intensidade de n\u00edvel profissional, projetada para melhorar significativamente a visibilidade de suas opera\u00e7\u00f5es a\u00e9reas em condi\u00e7\u00f5es de pouca luz.","robots":{"index":"index","follow":"follow","max-snippet":"max-snippet:-1","max-image-preview":"max-image-preview:large","max-video-preview":"max-video-preview:-1"},"canonical":"https:\/\/www.ghostysky.com\/pt\/produto-2\/dji-al1-spotlight\/","og_locale":"pt_PT","og_type":"article","og_title":"DJI AL1 SpotLight - Ghostysky","og_description":"The DJI AL1 Spotlight is a professional-grade, high-intensity lighting payload designed to significantly enhance the visibility of your aerial operations in low-light conditions.","og_url":"https:\/\/www.ghostysky.com\/pt\/produto-2\/dji-al1-spotlight\/","og_site_name":"Ghostysky","article_publisher":"https:\/\/www.facebook.com\/people\/Ghostysky\/100057676170234\/","article_modified_time":"2025-10-17T16:44:41+00:00","og_image":[{"width":800,"height":800,"url":"https:\/\/www.ghostysky.com\/wp-content\/uploads\/2025\/10\/GH_DJI-AL1-SpotLight_1.jpg","type":"image\/jpeg"}],"twitter_card":"summary_large_image","twitter_site":"@Gh0stysky","twitter_misc":{"Tempo estimado de leitura":"2 minutos"},"schema":{"@context":"https:\/\/schema.org","@graph":[{"@type":"WebPage","@id":"https:\/\/www.ghostysky.com\/product\/dji-al1-spotlight\/","url":"https:\/\/www.ghostysky.com\/product\/dji-al1-spotlight\/","name":"DJI AL1 SpotLight - Ghostysky","isPartOf":{"@id":"https:\/\/www.ghostysky.com\/#website"},"primaryImageOfPage":{"@id":"https:\/\/www.ghostysky.com\/product\/dji-al1-spotlight\/#primaryimage"},"image":{"@id":"https:\/\/www.ghostysky.com\/product\/dji-al1-spotlight\/#primaryimage"},"thumbnailUrl":"https:\/\/www.ghostysky.com\/wp-content\/uploads\/2025\/10\/GH_DJI-AL1-SpotLight_1.jpg","datePublished":"2025-10-17T16:39:51+00:00","dateModified":"2025-10-17T16:44:41+00:00","description":"O DJI AL1 Spotlight \u00e9 uma carga \u00fatil de ilumina\u00e7\u00e3o de alta intensidade de n\u00edvel profissional, projetada para melhorar significativamente a visibilidade de suas opera\u00e7\u00f5es a\u00e9reas em condi\u00e7\u00f5es de pouca luz.","breadcrumb":{"@id":"https:\/\/www.ghostysky.com\/product\/dji-al1-spotlight\/#breadcrumb"},"inLanguage":"pt-PT","potentialAction":[{"@type":"ReadAction","target":["https:\/\/www.ghostysky.com\/product\/dji-al1-spotlight\/"]}]},{"@type":"ImageObject","inLanguage":"pt-PT","@id":"https:\/\/www.ghostysky.com\/product\/dji-al1-spotlight\/#primaryimage","url":"https:\/\/www.ghostysky.com\/wp-content\/uploads\/2025\/10\/GH_DJI-AL1-SpotLight_1.jpg","contentUrl":"https:\/\/www.ghostysky.com\/wp-content\/uploads\/2025\/10\/GH_DJI-AL1-SpotLight_1.jpg","width":800,"height":800},{"@type":"BreadcrumbList","@id":"https:\/\/www.ghostysky.com\/product\/dji-al1-spotlight\/#breadcrumb","itemListElement":[{"@type":"ListItem","position":1,"name":"Home","item":"https:\/\/www.ghostysky.com\/"},{"@type":"ListItem","position":2,"name":"Shop","item":"https:\/\/www.ghostysky.com\/shop\/"},{"@type":"ListItem","position":3,"name":"DJI AL1 SpotLight"}]},{"@type":"WebSite","@id":"https:\/\/www.ghostysky.com\/#website","url":"https:\/\/www.ghostysky.com\/","name":"Ghostysky","description":"Fornecendo drones e servi\u00e7os profissionais","publisher":{"@id":"https:\/\/www.ghostysky.com\/#organization"},"potentialAction":[{"@type":"SearchAction","target":{"@type":"EntryPoint","urlTemplate":"https:\/\/www.ghostysky.com\/?s={search_term_string}"},"query-input":{"@type":"PropertyValueSpecification","valueRequired":true,"valueName":"search_term_string"}}],"inLanguage":"pt-PT"},{"@type":"Organization","@id":"https:\/\/www.ghostysky.com\/#organization","name":"Ghostysky","url":"https:\/\/www.ghostysky.com\/","logo":{"@type":"ImageObject","inLanguage":"pt-PT","@id":"https:\/\/www.ghostysky.com\/#\/schema\/logo\/image\/","url":"https:\/\/www.ghostysky.com\/wp-content\/uploads\/2020\/06\/cropped-ghostyskylogo_text_white2.png","contentUrl":"https:\/\/www.ghostysky.com\/wp-content\/uploads\/2020\/06\/cropped-ghostyskylogo_text_white2.png","width":169,"height":56,"caption":"Ghostysky"},"image":{"@id":"https:\/\/www.ghostysky.com\/#\/schema\/logo\/image\/"},"sameAs":["https:\/\/www.facebook.com\/people\/Ghostysky\/100057676170234\/","https:\/\/x.com\/Gh0stysky","https:\/\/www.linkedin.com\/company\/34739653","https:\/\/www.instagram.com\/gh0stysky"]}]}},"_links":{"self":[{"href":"https:\/\/www.ghostysky.com\/pt\/wp-json\/wp\/v2\/product\/21797","targetHints":{"allow":["GET"]}}],"collection":[{"href":"https:\/\/www.ghostysky.com\/pt\/wp-json\/wp\/v2\/product"}],"about":[{"href":"https:\/\/www.ghostysky.com\/pt\/wp-json\/wp\/v2\/types\/product"}],"replies":[{"embeddable":true,"href":"https:\/\/www.ghostysky.com\/pt\/wp-json\/wp\/v2\/comments?post=21797"}],"wp:featuredmedia":[{"embeddable":true,"href":"https:\/\/www.ghostysky.com\/pt\/wp-json\/wp\/v2\/media\/21800"}],"wp:attachment":[{"href":"https:\/\/www.ghostysky.com\/pt\/wp-json\/wp\/v2\/media?parent=21797"}],"wp:term":[{"taxonomy":"product_brand","embeddable":true,"href":"https:\/\/www.ghostysky.com\/pt\/wp-json\/wp\/v2\/product_brand?post=21797"},{"taxonomy":"product_cat","embeddable":true,"href":"https:\/\/www.ghostysky.com\/pt\/wp-json\/wp\/v2\/product_cat?post=21797"},{"taxonomy":"product_tag","embeddable":true,"href":"https:\/\/www.ghostysky.com\/pt\/wp-json\/wp\/v2\/product_tag?post=21797"}],"curies":[{"name":"wp","href":"https:\/\/api.w.org\/{rel}","templated":true}]}}