{"id":21805,"date":"2025-10-17T16:54:16","date_gmt":"2025-10-17T16:54:16","guid":{"rendered":"https:\/\/www.ghostysky.com\/?post_type=product&#038;p=21805"},"modified":"2025-10-17T16:59:49","modified_gmt":"2025-10-17T16:59:49","slug":"dji-matrice-4-series-battery","status":"publish","type":"product","link":"https:\/\/www.ghostysky.com\/pt\/product\/dji-matrice-4-series-battery\/","title":{"rendered":"Bateria DJI Matrice S\u00e9rie 4"},"content":{"rendered":"<div id=\"model-response-message-contentr_8ca688bebcf3e727\" class=\"markdown markdown-main-panel stronger enable-updated-hr-color\" dir=\"ltr\">\n<div id=\"model-response-message-contentr_84f26e8c4ec7b923\" class=\"markdown markdown-main-panel stronger enable-updated-hr-color\" dir=\"ltr\">\n<h3><b>Caracter\u00edsticas principais<\/b><\/h3>\n<ul>\n<li><b><span class=\"citation-1462\">Tempo de voo prolongado:<\/span><\/b><span class=\"citation-1462\"> Com uma alta capacidade de <\/span><b><span class=\"citation-1462\">6741 mAh<\/span><\/b><span class=\"citation-1462\"> e <\/span><b><span class=\"citation-1462\">99 Wh<\/span><\/b><span class=\"citation-1462\"> de energia total, esta bateria inteligente fornece at\u00e9 <\/span><b><span class=\"citation-1462\">49 minutos de tempo de voo<\/span><\/b><span class=\"citation-1462\"> ou <\/span><b><span class=\"citation-1462\">42 minutos de tempo de pairar<\/span><\/b><span class=\"citation-1462 citation-end-1462\"> em condi\u00e7\u00f5es ideais.<\/span> <span class=\"citation-1461 citation-end-1461\">Maximize seu tempo no ar para pesquisas maiores, inspe\u00e7\u00f5es mais longas ou miss\u00f5es cr\u00edticas de busca e resgate.<\/span><\/li>\n<li><b><span class=\"citation-1460\">Gerenciamento inteligente de bateria:<\/span><\/b><span class=\"citation-1460 citation-end-1460\"> O gerenciamento inteligente integrado monitora a integridade da bateria em tempo real, os ciclos de carga, a temperatura e o status de armazenamento.<sup class=\"superscript\" data-turn-source-index=\"4\">4<\/sup><\/span> <span class=\"citation-1459 citation-end-1459\">Esses dados cruciais garantem seguran\u00e7a m\u00e1xima, ajudam a prolongar a vida \u00fatil da bateria e mant\u00eam confiabilidade consistente em toda a sua frota.<\/span><\/li>\n<li><b><span class=\"citation-1458\">Integra\u00e7\u00e3o perfeita:<\/span><\/b><span class=\"citation-1458 citation-end-1458\"> Projetada especificamente para os drones DJI Matrice S\u00e9rie 4 (incluindo Matrice 4T e Matrice 4E), a bateria possui um sistema de trava r\u00e1pida para montagem e remo\u00e7\u00e3o r\u00e1pidas e seguras, garantindo compatibilidade m\u00e1xima e fornecimento de energia est\u00e1vel.<\/span><\/li>\n<li><b>Carregamento eficiente:<\/b><span class=\"citation-1457 citation-end-1457\"> Otimizado para retorno r\u00e1pido.<sup class=\"superscript\" data-turn-source-index=\"7\">7<\/sup><\/span> Quando usada com um hub de carregamento DJI Matrice 4 Series compat\u00edvel, a bateria suporta recursos de carregamento r\u00e1pido, permitindo que voc\u00ea volte a voar mais r\u00e1pido.<\/li>\n<li><b>Desempenho confi\u00e1vel:<\/b><span class=\"citation-1456\"> Apresentando um robusto <\/span><b><span class=\"citation-1456\">\u00cdons de l\u00edtio 4S<\/span><\/b><span class=\"citation-1456 citation-end-1456\"> configura\u00e7\u00e3o, esta bateria foi projetada para operar de forma confi\u00e1vel em uma ampla faixa de temperaturas de carga, desde <sup class=\"superscript\" data-turn-source-index=\"8\">8<\/sup><\/span><span class=\"math-inline\" data-math=\"5^\\circ \\text{C}\">$5^\\circ \\texto{C}$<\/span><span class=\"citation-1455 citation-end-1455\"> para <sup class=\"superscript\" data-turn-source-index=\"9\">9<\/sup><\/span><span class=\"math-inline\" data-math=\"40^\\circ \\text{C}\">$40^\\circ \\texto{C}$<\/span><span class=\"citation-1454 citation-end-1454\"> (<sup class=\"superscript\" data-turn-source-index=\"10\">10<\/sup><\/span><span class=\"math-inline\" data-math=\"41^\\circ \\text{F}\">$41^\\circ \\texto{F}$<\/span><span class=\"citation-1453 citation-end-1453\"> para <sup class=\"superscript\" data-turn-source-index=\"11\">11<\/sup><\/span><span class=\"math-inline\" data-math=\"104^\\circ \\text{F}\">$104^\\circ \\texto{F}$<\/span><span class=\"citation-1452 citation-end-1452\">), garantindo energia confi\u00e1vel quando voc\u00ea mais precisa.<sup class=\"superscript\" data-turn-source-index=\"12\">12<\/sup><\/span>\n<div class=\"source-inline-chip-container ng-star-inserted\"><\/div>\n<\/li>\n<\/ul>\n<h3><b>Especifica\u00e7\u00f5es<\/b><\/h3>\n<ul>\n<li><b>Modelo:<\/b><span class=\"citation-1451 citation-end-1451\"> BPX345-6741-14.76<\/span><\/li>\n<li><b><span class=\"citation-1450\">Capacidade:<\/span><\/b><span class=\"citation-1450 citation-end-1450\"> 6.741 mAh<\/span><\/li>\n<li><b><span class=\"citation-1449\">Energia:<\/span><\/b><span class=\"citation-1449 citation-end-1449\"> 99 Wh<\/span><\/li>\n<li><b>Tempo M\u00e1ximo de Voo:<\/b><span class=\"citation-1448 citation-end-1448\"> At\u00e9 49 minutos<\/span><\/li>\n<li><b>Tempo m\u00e1ximo de pairar:<\/b><span class=\"citation-1447 citation-end-1447\"> At\u00e9 42 minutos<\/span><\/li>\n<li><b>Tipo de Bateria:<\/b><span class=\"citation-1446 citation-end-1446\"> \u00cdons de l\u00edtio 4S<sup class=\"superscript\" data-turn-source-index=\"18\">1<\/sup><\/span><\/li>\n<li><b><span class=\"citation-1445\">Pot\u00eancia m\u00e1xima de carregamento:<\/span><\/b><span class=\"citation-1445 citation-end-1445\"> 207 O<\/span><\/li>\n<\/ul>\n<p><i><span class=\"citation-1444 citation-end-1444\">Observa\u00e7\u00e3o: os tempos m\u00e1ximos de voo e pairado s\u00e3o medidos em um ambiente sem vento, com recursos espec\u00edficos desabilitados, e servem apenas como refer\u00eancia.<sup class=\"superscript\" data-turn-source-index=\"20\">20<\/sup><\/span> <span class=\"citation-1443 citation-end-1443\">O desempenho real pode variar de acordo com a carga \u00fatil, o ambiente e as configura\u00e7\u00f5es operacionais.<sup class=\"superscript\" data-turn-source-index=\"21\">21<\/sup><\/span> Use sempre o hub de carregamento DJI Matrice 4 Series especificado para carregar.<\/i><\/p>\n<h4>NA CAIXA<\/h4>\n<p>1x Bateria Inteligente<\/p>\n<h4>COMPATIBILIDADE<\/h4>\n<p>DJI Matriz 4<\/p>\n<\/div>\n<\/div>","protected":false},"excerpt":{"rendered":"<p><span class=\"citation-1463 citation-end-1463\">A bateria de voo inteligente DJI Matrice S\u00e9rie 4 foi projetada para fornecer energia confi\u00e1vel e de alta capacidade para seu drone empresarial Matrice S\u00e9rie 4, garantindo desempenho prolongado e consistente em ambientes operacionais exigentes.<\/span><\/p>\n<div class=\"source-inline-chip-container ng-star-inserted\"><\/div>\n<p>&nbsp;<\/p>","protected":false},"featured_media":21808,"comment_status":"open","ping_status":"closed","template":"","meta":[],"product_brand":[1031],"product_cat":[37,1119,29,1117],"product_tag":[42,1123,1120],"class_list":{"0":"post-21805","1":"product","2":"type-product","3":"status-publish","4":"has-post-thumbnail","6":"product_brand-dji","7":"product_cat-dji","8":"product_cat-dji-matrice-4-accessories","9":"product_cat-drones","10":"product_cat-matrice-4","11":"product_tag-dji","12":"product_tag-dji-matrice-4-accessories","13":"product_tag-dji-matrice-4-series","15":"first","16":"onbackorder","17":"taxable","18":"shipping-taxable","19":"purchasable","20":"product-type-simple"},"yoast_head":"<!-- This site is optimized with the Yoast SEO plugin v27.1.1 - https:\/\/yoast.com\/product\/yoast-seo-wordpress\/ -->\n<title>DJI Matrice 4 Series Battery - Ghostysky<\/title>\n<meta name=\"description\" content=\"The DJI Matrice 4 Series Intelligent Flight Battery is engineered to provide reliable, high-capacity power for your Matrice 4 Series enterprise drone, ensuring prolonged and consistent performance in demanding operational environments.\" \/>\n<meta name=\"robots\" content=\"index, follow, max-snippet:-1, max-image-preview:large, max-video-preview:-1\" \/>\n<link rel=\"canonical\" href=\"https:\/\/www.ghostysky.com\/pt\/produto-2\/dji-matrice-4-series-battery\/\" \/>\n<meta property=\"og:locale\" content=\"pt_PT\" \/>\n<meta property=\"og:type\" content=\"article\" \/>\n<meta property=\"og:title\" content=\"DJI Matrice 4 Series Battery - Ghostysky\" \/>\n<meta property=\"og:description\" content=\"The DJI Matrice 4 Series Intelligent Flight Battery is engineered to provide reliable, high-capacity power for your Matrice 4 Series enterprise drone, ensuring prolonged and consistent performance in demanding operational environments.\" \/>\n<meta property=\"og:url\" content=\"https:\/\/www.ghostysky.com\/pt\/produto-2\/dji-matrice-4-series-battery\/\" \/>\n<meta property=\"og:site_name\" content=\"Ghostysky\" \/>\n<meta property=\"article:publisher\" content=\"https:\/\/www.facebook.com\/people\/Ghostysky\/100057676170234\/\" \/>\n<meta property=\"article:modified_time\" content=\"2025-10-17T16:59:49+00:00\" \/>\n<meta property=\"og:image\" content=\"https:\/\/www.ghostysky.com\/wp-content\/uploads\/2025\/10\/GH_DJI-Matrice-4-Series-Battery_1.jpg\" \/>\n\t<meta property=\"og:image:width\" content=\"800\" \/>\n\t<meta property=\"og:image:height\" content=\"800\" \/>\n\t<meta property=\"og:image:type\" content=\"image\/jpeg\" \/>\n<meta name=\"twitter:card\" content=\"summary_large_image\" \/>\n<meta name=\"twitter:site\" content=\"@Gh0stysky\" \/>\n<meta name=\"twitter:label1\" content=\"Tempo estimado de leitura\" \/>\n\t<meta name=\"twitter:data1\" content=\"2 minutos\" \/>\n<script type=\"application\/ld+json\" class=\"yoast-schema-graph\">{\"@context\":\"https:\/\/schema.org\",\"@graph\":[{\"@type\":\"WebPage\",\"@id\":\"https:\/\/www.ghostysky.com\/product\/dji-matrice-4-series-battery\/\",\"url\":\"https:\/\/www.ghostysky.com\/product\/dji-matrice-4-series-battery\/\",\"name\":\"DJI Matrice 4 Series Battery - Ghostysky\",\"isPartOf\":{\"@id\":\"https:\/\/www.ghostysky.com\/#website\"},\"primaryImageOfPage\":{\"@id\":\"https:\/\/www.ghostysky.com\/product\/dji-matrice-4-series-battery\/#primaryimage\"},\"image\":{\"@id\":\"https:\/\/www.ghostysky.com\/product\/dji-matrice-4-series-battery\/#primaryimage\"},\"thumbnailUrl\":\"https:\/\/www.ghostysky.com\/wp-content\/uploads\/2025\/10\/GH_DJI-Matrice-4-Series-Battery_1.jpg\",\"datePublished\":\"2025-10-17T16:54:16+00:00\",\"dateModified\":\"2025-10-17T16:59:49+00:00\",\"description\":\"The DJI Matrice 4 Series Intelligent Flight Battery is engineered to provide reliable, high-capacity power for your Matrice 4 Series enterprise drone, ensuring prolonged and consistent performance in demanding operational environments.\",\"breadcrumb\":{\"@id\":\"https:\/\/www.ghostysky.com\/product\/dji-matrice-4-series-battery\/#breadcrumb\"},\"inLanguage\":\"pt-PT\",\"potentialAction\":[{\"@type\":\"ReadAction\",\"target\":[\"https:\/\/www.ghostysky.com\/product\/dji-matrice-4-series-battery\/\"]}]},{\"@type\":\"ImageObject\",\"inLanguage\":\"pt-PT\",\"@id\":\"https:\/\/www.ghostysky.com\/product\/dji-matrice-4-series-battery\/#primaryimage\",\"url\":\"https:\/\/www.ghostysky.com\/wp-content\/uploads\/2025\/10\/GH_DJI-Matrice-4-Series-Battery_1.jpg\",\"contentUrl\":\"https:\/\/www.ghostysky.com\/wp-content\/uploads\/2025\/10\/GH_DJI-Matrice-4-Series-Battery_1.jpg\",\"width\":800,\"height\":800},{\"@type\":\"BreadcrumbList\",\"@id\":\"https:\/\/www.ghostysky.com\/product\/dji-matrice-4-series-battery\/#breadcrumb\",\"itemListElement\":[{\"@type\":\"ListItem\",\"position\":1,\"name\":\"Home\",\"item\":\"https:\/\/www.ghostysky.com\/\"},{\"@type\":\"ListItem\",\"position\":2,\"name\":\"Shop\",\"item\":\"https:\/\/www.ghostysky.com\/shop\/\"},{\"@type\":\"ListItem\",\"position\":3,\"name\":\"DJI Matrice 4 Series Battery\"}]},{\"@type\":\"WebSite\",\"@id\":\"https:\/\/www.ghostysky.com\/#website\",\"url\":\"https:\/\/www.ghostysky.com\/\",\"name\":\"Ghostysky\",\"description\":\"Delivering professional drones and services\",\"publisher\":{\"@id\":\"https:\/\/www.ghostysky.com\/#organization\"},\"potentialAction\":[{\"@type\":\"SearchAction\",\"target\":{\"@type\":\"EntryPoint\",\"urlTemplate\":\"https:\/\/www.ghostysky.com\/?s={search_term_string}\"},\"query-input\":{\"@type\":\"PropertyValueSpecification\",\"valueRequired\":true,\"valueName\":\"search_term_string\"}}],\"inLanguage\":\"pt-PT\"},{\"@type\":\"Organization\",\"@id\":\"https:\/\/www.ghostysky.com\/#organization\",\"name\":\"Ghostysky\",\"url\":\"https:\/\/www.ghostysky.com\/\",\"logo\":{\"@type\":\"ImageObject\",\"inLanguage\":\"pt-PT\",\"@id\":\"https:\/\/www.ghostysky.com\/#\/schema\/logo\/image\/\",\"url\":\"https:\/\/www.ghostysky.com\/wp-content\/uploads\/2020\/06\/cropped-ghostyskylogo_text_white2.png\",\"contentUrl\":\"https:\/\/www.ghostysky.com\/wp-content\/uploads\/2020\/06\/cropped-ghostyskylogo_text_white2.png\",\"width\":169,\"height\":56,\"caption\":\"Ghostysky\"},\"image\":{\"@id\":\"https:\/\/www.ghostysky.com\/#\/schema\/logo\/image\/\"},\"sameAs\":[\"https:\/\/www.facebook.com\/people\/Ghostysky\/100057676170234\/\",\"https:\/\/x.com\/Gh0stysky\",\"https:\/\/www.linkedin.com\/company\/34739653\",\"https:\/\/www.instagram.com\/gh0stysky\"]}]}<\/script>\n<!-- \/ Yoast SEO plugin. -->","yoast_head_json":{"title":"Bateria DJI Matrice S\u00e9rie 4 - Ghostysky","description":"A bateria de voo inteligente DJI Matrice S\u00e9rie 4 foi projetada para fornecer energia confi\u00e1vel e de alta capacidade para seu drone empresarial Matrice S\u00e9rie 4, garantindo desempenho prolongado e consistente em ambientes operacionais exigentes.","robots":{"index":"index","follow":"follow","max-snippet":"max-snippet:-1","max-image-preview":"max-image-preview:large","max-video-preview":"max-video-preview:-1"},"canonical":"https:\/\/www.ghostysky.com\/pt\/produto-2\/dji-matrice-4-series-battery\/","og_locale":"pt_PT","og_type":"article","og_title":"DJI Matrice 4 Series Battery - Ghostysky","og_description":"The DJI Matrice 4 Series Intelligent Flight Battery is engineered to provide reliable, high-capacity power for your Matrice 4 Series enterprise drone, ensuring prolonged and consistent performance in demanding operational environments.","og_url":"https:\/\/www.ghostysky.com\/pt\/produto-2\/dji-matrice-4-series-battery\/","og_site_name":"Ghostysky","article_publisher":"https:\/\/www.facebook.com\/people\/Ghostysky\/100057676170234\/","article_modified_time":"2025-10-17T16:59:49+00:00","og_image":[{"width":800,"height":800,"url":"https:\/\/www.ghostysky.com\/wp-content\/uploads\/2025\/10\/GH_DJI-Matrice-4-Series-Battery_1.jpg","type":"image\/jpeg"}],"twitter_card":"summary_large_image","twitter_site":"@Gh0stysky","twitter_misc":{"Tempo estimado de leitura":"2 minutos"},"schema":{"@context":"https:\/\/schema.org","@graph":[{"@type":"WebPage","@id":"https:\/\/www.ghostysky.com\/product\/dji-matrice-4-series-battery\/","url":"https:\/\/www.ghostysky.com\/product\/dji-matrice-4-series-battery\/","name":"Bateria DJI Matrice S\u00e9rie 4 - Ghostysky","isPartOf":{"@id":"https:\/\/www.ghostysky.com\/#website"},"primaryImageOfPage":{"@id":"https:\/\/www.ghostysky.com\/product\/dji-matrice-4-series-battery\/#primaryimage"},"image":{"@id":"https:\/\/www.ghostysky.com\/product\/dji-matrice-4-series-battery\/#primaryimage"},"thumbnailUrl":"https:\/\/www.ghostysky.com\/wp-content\/uploads\/2025\/10\/GH_DJI-Matrice-4-Series-Battery_1.jpg","datePublished":"2025-10-17T16:54:16+00:00","dateModified":"2025-10-17T16:59:49+00:00","description":"A bateria de voo inteligente DJI Matrice S\u00e9rie 4 foi projetada para fornecer energia confi\u00e1vel e de alta capacidade para seu drone empresarial Matrice S\u00e9rie 4, garantindo desempenho prolongado e consistente em ambientes operacionais exigentes.","breadcrumb":{"@id":"https:\/\/www.ghostysky.com\/product\/dji-matrice-4-series-battery\/#breadcrumb"},"inLanguage":"pt-PT","potentialAction":[{"@type":"ReadAction","target":["https:\/\/www.ghostysky.com\/product\/dji-matrice-4-series-battery\/"]}]},{"@type":"ImageObject","inLanguage":"pt-PT","@id":"https:\/\/www.ghostysky.com\/product\/dji-matrice-4-series-battery\/#primaryimage","url":"https:\/\/www.ghostysky.com\/wp-content\/uploads\/2025\/10\/GH_DJI-Matrice-4-Series-Battery_1.jpg","contentUrl":"https:\/\/www.ghostysky.com\/wp-content\/uploads\/2025\/10\/GH_DJI-Matrice-4-Series-Battery_1.jpg","width":800,"height":800},{"@type":"BreadcrumbList","@id":"https:\/\/www.ghostysky.com\/product\/dji-matrice-4-series-battery\/#breadcrumb","itemListElement":[{"@type":"ListItem","position":1,"name":"Home","item":"https:\/\/www.ghostysky.com\/"},{"@type":"ListItem","position":2,"name":"Shop","item":"https:\/\/www.ghostysky.com\/shop\/"},{"@type":"ListItem","position":3,"name":"DJI Matrice 4 Series Battery"}]},{"@type":"WebSite","@id":"https:\/\/www.ghostysky.com\/#website","url":"https:\/\/www.ghostysky.com\/","name":"Ghostysky","description":"Fornecendo drones e servi\u00e7os profissionais","publisher":{"@id":"https:\/\/www.ghostysky.com\/#organization"},"potentialAction":[{"@type":"SearchAction","target":{"@type":"EntryPoint","urlTemplate":"https:\/\/www.ghostysky.com\/?s={search_term_string}"},"query-input":{"@type":"PropertyValueSpecification","valueRequired":true,"valueName":"search_term_string"}}],"inLanguage":"pt-PT"},{"@type":"Organization","@id":"https:\/\/www.ghostysky.com\/#organization","name":"Ghostysky","url":"https:\/\/www.ghostysky.com\/","logo":{"@type":"ImageObject","inLanguage":"pt-PT","@id":"https:\/\/www.ghostysky.com\/#\/schema\/logo\/image\/","url":"https:\/\/www.ghostysky.com\/wp-content\/uploads\/2020\/06\/cropped-ghostyskylogo_text_white2.png","contentUrl":"https:\/\/www.ghostysky.com\/wp-content\/uploads\/2020\/06\/cropped-ghostyskylogo_text_white2.png","width":169,"height":56,"caption":"Ghostysky"},"image":{"@id":"https:\/\/www.ghostysky.com\/#\/schema\/logo\/image\/"},"sameAs":["https:\/\/www.facebook.com\/people\/Ghostysky\/100057676170234\/","https:\/\/x.com\/Gh0stysky","https:\/\/www.linkedin.com\/company\/34739653","https:\/\/www.instagram.com\/gh0stysky"]}]}},"_links":{"self":[{"href":"https:\/\/www.ghostysky.com\/pt\/wp-json\/wp\/v2\/product\/21805","targetHints":{"allow":["GET"]}}],"collection":[{"href":"https:\/\/www.ghostysky.com\/pt\/wp-json\/wp\/v2\/product"}],"about":[{"href":"https:\/\/www.ghostysky.com\/pt\/wp-json\/wp\/v2\/types\/product"}],"replies":[{"embeddable":true,"href":"https:\/\/www.ghostysky.com\/pt\/wp-json\/wp\/v2\/comments?post=21805"}],"wp:featuredmedia":[{"embeddable":true,"href":"https:\/\/www.ghostysky.com\/pt\/wp-json\/wp\/v2\/media\/21808"}],"wp:attachment":[{"href":"https:\/\/www.ghostysky.com\/pt\/wp-json\/wp\/v2\/media?parent=21805"}],"wp:term":[{"taxonomy":"product_brand","embeddable":true,"href":"https:\/\/www.ghostysky.com\/pt\/wp-json\/wp\/v2\/product_brand?post=21805"},{"taxonomy":"product_cat","embeddable":true,"href":"https:\/\/www.ghostysky.com\/pt\/wp-json\/wp\/v2\/product_cat?post=21805"},{"taxonomy":"product_tag","embeddable":true,"href":"https:\/\/www.ghostysky.com\/pt\/wp-json\/wp\/v2\/product_tag?post=21805"}],"curies":[{"name":"wp","href":"https:\/\/api.w.org\/{rel}","templated":true}]}}