{"id":21809,"date":"2025-10-17T17:01:46","date_gmt":"2025-10-17T17:01:46","guid":{"rendered":"https:\/\/www.ghostysky.com\/?post_type=product&#038;p=21809"},"modified":"2025-10-17T17:11:38","modified_gmt":"2025-10-17T17:11:38","slug":"dji-matrice-4d-series-low-noise-anti-lce-propellers","status":"publish","type":"product","link":"https:\/\/www.ghostysky.com\/pt\/product\/dji-matrice-4d-series-low-noise-anti-lce-propellers\/","title":{"rendered":"H\u00e9lices anti-gelo de baixo ru\u00eddo DJI Matrice s\u00e9rie 4D"},"content":{"rendered":"<div id=\"model-response-message-contentr_8ca688bebcf3e727\" class=\"markdown markdown-main-panel stronger enable-updated-hr-color\" dir=\"ltr\">\n<div id=\"model-response-message-contentr_84f26e8c4ec7b923\" class=\"markdown markdown-main-panel stronger enable-updated-hr-color\" dir=\"ltr\">\n<h3><b>Caracter\u00edsticas principais<\/b><\/h3>\n<ul>\n<li><b>Tecnologia anti-gelo:<\/b><span class=\"citation-1477 citation-end-1477\"> Garante um voo est\u00e1vel e seguro ao prevenir ativamente o ac\u00famulo de gelo nas p\u00e1s, mantendo um desempenho crucial mesmo em condi\u00e7\u00f5es de chuva congelante.<\/span><\/li>\n<li><b><span class=\"citation-1476\">Design de baixo ru\u00eddo:<\/span><\/b><span class=\"citation-1476 citation-end-1476\"> O design silencioso e aerodin\u00e2mico reduz significativamente o ru\u00eddo operacional, tornando-os ideais para inspe\u00e7\u00f5es urbanas, monitoramento de vida selvagem, seguran\u00e7a p\u00fablica e outras aplica\u00e7\u00f5es sens\u00edveis.<\/span><\/li>\n<li><b>Efici\u00eancia aerodin\u00e2mica aprimorada:<\/b><span class=\"citation-1475 citation-end-1475\"> Cada p\u00e1 passa por testes precisos de equil\u00edbrio din\u00e2mico, resultando em maior efici\u00eancia aerodin\u00e2mica, menor consumo de energia e potencialmente maior tempo de voo em compara\u00e7\u00e3o com h\u00e9lices padr\u00e3o.<\/span><\/li>\n<li><b>Desempenho confi\u00e1vel:<\/b><span class=\"citation-1474 citation-end-1474\"> Constru\u00eddo para suportar condi\u00e7\u00f5es exigentes, garantindo que seu drone Matrice S\u00e9rie 4D permane\u00e7a pronto para miss\u00f5es em v\u00e1rios ambientes clim\u00e1ticos extremos.<\/span><\/li>\n<li><b>Compatibilidade perfeita:<\/b><span class=\"citation-1473 citation-end-1473\"> Projetado especificamente e compat\u00edvel com toda a s\u00e9rie DJI Matrice 4D.<\/span><\/li>\n<\/ul>\n<p><span class=\"citation-1472 citation-end-1472\">Atualize seu drone Matrice S\u00e9rie 4D com h\u00e9lices antigelo de baixo ru\u00eddo para garantir precis\u00e3o, seguran\u00e7a e confiabilidade para opera\u00e7\u00f5es cr\u00edticas, independentemente do clima.<\/span><\/p>\n<\/div>\n<\/div>","protected":false},"excerpt":{"rendered":"<p><span class=\"citation-1479 citation-end-1479\">Otimize suas miss\u00f5es profissionais de drones com as h\u00e9lices antigelo de baixo ru\u00eddo DJI Matrice s\u00e9rie 4D.<\/span> <span class=\"citation-1478 citation-end-1478\">Projetadas especificamente para a s\u00e9rie DJI Matrice 4D, essas h\u00e9lices avan\u00e7adas oferecem desempenho de voo confi\u00e1vel, est\u00e1vel e notavelmente silencioso, mesmo nos ambientes mais desafiadores, com clima frio e sens\u00edveis a ru\u00eddos.<\/span><\/p>","protected":false},"featured_media":21816,"comment_status":"open","ping_status":"closed","template":"","meta":[],"product_brand":[1031],"product_cat":[37,1119,29,1117],"product_tag":[42,1123,1120],"class_list":{"0":"post-21809","1":"product","2":"type-product","3":"status-publish","4":"has-post-thumbnail","6":"product_brand-dji","7":"product_cat-dji","8":"product_cat-dji-matrice-4-accessories","9":"product_cat-drones","10":"product_cat-matrice-4","11":"product_tag-dji","12":"product_tag-dji-matrice-4-accessories","13":"product_tag-dji-matrice-4-series","15":"first","16":"onbackorder","17":"taxable","18":"shipping-taxable","19":"purchasable","20":"product-type-simple"},"yoast_head":"<!-- This site is optimized with the Yoast SEO plugin v27.1.1 - https:\/\/yoast.com\/product\/yoast-seo-wordpress\/ -->\n<title>DJI Matrice 4D Series Low-Noise Anti-lce Propellers - Ghostysky<\/title>\n<meta name=\"description\" content=\"Optimize your professional drone missions with the DJI Matrice 4D Series Low-Noise Anti-Ice Propellers. Specifically designed for the DJI Matrice 4D Series, these advanced propellers deliver reliable, stable, and remarkably quiet flight performance even in the most challenging cold-weather and noise-sensitive environments.\" \/>\n<meta name=\"robots\" content=\"index, follow, max-snippet:-1, max-image-preview:large, max-video-preview:-1\" \/>\n<link rel=\"canonical\" href=\"https:\/\/www.ghostysky.com\/pt\/produto-2\/dji-matrice-4d-series-low-noise-anti-lce-propellers\/\" \/>\n<meta property=\"og:locale\" content=\"pt_PT\" \/>\n<meta property=\"og:type\" content=\"article\" \/>\n<meta property=\"og:title\" content=\"DJI Matrice 4D Series Low-Noise Anti-lce Propellers - Ghostysky\" \/>\n<meta property=\"og:description\" content=\"Optimize your professional drone missions with the DJI Matrice 4D Series Low-Noise Anti-Ice Propellers. Specifically designed for the DJI Matrice 4D Series, these advanced propellers deliver reliable, stable, and remarkably quiet flight performance even in the most challenging cold-weather and noise-sensitive environments.\" \/>\n<meta property=\"og:url\" content=\"https:\/\/www.ghostysky.com\/pt\/produto-2\/dji-matrice-4d-series-low-noise-anti-lce-propellers\/\" \/>\n<meta property=\"og:site_name\" content=\"Ghostysky\" \/>\n<meta property=\"article:publisher\" content=\"https:\/\/www.facebook.com\/people\/Ghostysky\/100057676170234\/\" \/>\n<meta property=\"article:modified_time\" content=\"2025-10-17T17:11:38+00:00\" \/>\n<meta property=\"og:image\" content=\"https:\/\/www.ghostysky.com\/wp-content\/uploads\/2025\/10\/GH_DJI-Matrice-4D-Series-Low-Noise-Anti-lce-Propellers_1.jpg\" \/>\n\t<meta property=\"og:image:width\" content=\"800\" \/>\n\t<meta property=\"og:image:height\" content=\"800\" \/>\n\t<meta property=\"og:image:type\" content=\"image\/jpeg\" \/>\n<meta name=\"twitter:card\" content=\"summary_large_image\" \/>\n<meta name=\"twitter:site\" content=\"@Gh0stysky\" \/>\n<meta name=\"twitter:label1\" content=\"Tempo estimado de leitura\" \/>\n\t<meta name=\"twitter:data1\" content=\"1 minuto\" \/>\n<script type=\"application\/ld+json\" class=\"yoast-schema-graph\">{\"@context\":\"https:\/\/schema.org\",\"@graph\":[{\"@type\":\"WebPage\",\"@id\":\"https:\/\/www.ghostysky.com\/product\/dji-matrice-4d-series-low-noise-anti-lce-propellers\/\",\"url\":\"https:\/\/www.ghostysky.com\/product\/dji-matrice-4d-series-low-noise-anti-lce-propellers\/\",\"name\":\"DJI Matrice 4D Series Low-Noise Anti-lce Propellers - Ghostysky\",\"isPartOf\":{\"@id\":\"https:\/\/www.ghostysky.com\/#website\"},\"primaryImageOfPage\":{\"@id\":\"https:\/\/www.ghostysky.com\/product\/dji-matrice-4d-series-low-noise-anti-lce-propellers\/#primaryimage\"},\"image\":{\"@id\":\"https:\/\/www.ghostysky.com\/product\/dji-matrice-4d-series-low-noise-anti-lce-propellers\/#primaryimage\"},\"thumbnailUrl\":\"https:\/\/www.ghostysky.com\/wp-content\/uploads\/2025\/10\/GH_DJI-Matrice-4D-Series-Low-Noise-Anti-lce-Propellers_1.jpg\",\"datePublished\":\"2025-10-17T17:01:46+00:00\",\"dateModified\":\"2025-10-17T17:11:38+00:00\",\"description\":\"Optimize your professional drone missions with the DJI Matrice 4D Series Low-Noise Anti-Ice Propellers. Specifically designed for the DJI Matrice 4D Series, these advanced propellers deliver reliable, stable, and remarkably quiet flight performance even in the most challenging cold-weather and noise-sensitive environments.\",\"breadcrumb\":{\"@id\":\"https:\/\/www.ghostysky.com\/product\/dji-matrice-4d-series-low-noise-anti-lce-propellers\/#breadcrumb\"},\"inLanguage\":\"pt-PT\",\"potentialAction\":[{\"@type\":\"ReadAction\",\"target\":[\"https:\/\/www.ghostysky.com\/product\/dji-matrice-4d-series-low-noise-anti-lce-propellers\/\"]}]},{\"@type\":\"ImageObject\",\"inLanguage\":\"pt-PT\",\"@id\":\"https:\/\/www.ghostysky.com\/product\/dji-matrice-4d-series-low-noise-anti-lce-propellers\/#primaryimage\",\"url\":\"https:\/\/www.ghostysky.com\/wp-content\/uploads\/2025\/10\/GH_DJI-Matrice-4D-Series-Low-Noise-Anti-lce-Propellers_1.jpg\",\"contentUrl\":\"https:\/\/www.ghostysky.com\/wp-content\/uploads\/2025\/10\/GH_DJI-Matrice-4D-Series-Low-Noise-Anti-lce-Propellers_1.jpg\",\"width\":800,\"height\":800},{\"@type\":\"BreadcrumbList\",\"@id\":\"https:\/\/www.ghostysky.com\/product\/dji-matrice-4d-series-low-noise-anti-lce-propellers\/#breadcrumb\",\"itemListElement\":[{\"@type\":\"ListItem\",\"position\":1,\"name\":\"Home\",\"item\":\"https:\/\/www.ghostysky.com\/\"},{\"@type\":\"ListItem\",\"position\":2,\"name\":\"Shop\",\"item\":\"https:\/\/www.ghostysky.com\/shop\/\"},{\"@type\":\"ListItem\",\"position\":3,\"name\":\"DJI Matrice 4D Series Low-Noise Anti-lce Propellers\"}]},{\"@type\":\"WebSite\",\"@id\":\"https:\/\/www.ghostysky.com\/#website\",\"url\":\"https:\/\/www.ghostysky.com\/\",\"name\":\"Ghostysky\",\"description\":\"Delivering professional drones and services\",\"publisher\":{\"@id\":\"https:\/\/www.ghostysky.com\/#organization\"},\"potentialAction\":[{\"@type\":\"SearchAction\",\"target\":{\"@type\":\"EntryPoint\",\"urlTemplate\":\"https:\/\/www.ghostysky.com\/?s={search_term_string}\"},\"query-input\":{\"@type\":\"PropertyValueSpecification\",\"valueRequired\":true,\"valueName\":\"search_term_string\"}}],\"inLanguage\":\"pt-PT\"},{\"@type\":\"Organization\",\"@id\":\"https:\/\/www.ghostysky.com\/#organization\",\"name\":\"Ghostysky\",\"url\":\"https:\/\/www.ghostysky.com\/\",\"logo\":{\"@type\":\"ImageObject\",\"inLanguage\":\"pt-PT\",\"@id\":\"https:\/\/www.ghostysky.com\/#\/schema\/logo\/image\/\",\"url\":\"https:\/\/www.ghostysky.com\/wp-content\/uploads\/2020\/06\/cropped-ghostyskylogo_text_white2.png\",\"contentUrl\":\"https:\/\/www.ghostysky.com\/wp-content\/uploads\/2020\/06\/cropped-ghostyskylogo_text_white2.png\",\"width\":169,\"height\":56,\"caption\":\"Ghostysky\"},\"image\":{\"@id\":\"https:\/\/www.ghostysky.com\/#\/schema\/logo\/image\/\"},\"sameAs\":[\"https:\/\/www.facebook.com\/people\/Ghostysky\/100057676170234\/\",\"https:\/\/x.com\/Gh0stysky\",\"https:\/\/www.linkedin.com\/company\/34739653\",\"https:\/\/www.instagram.com\/gh0stysky\"]}]}<\/script>\n<!-- \/ Yoast SEO plugin. -->","yoast_head_json":{"title":"H\u00e9lices anti-gelo de baixo ru\u00eddo DJI Matrice s\u00e9rie 4D - Ghostysky","description":"Otimize suas miss\u00f5es profissionais com drones com as h\u00e9lices antigelo de baixo ru\u00eddo da s\u00e9rie DJI Matrice 4D. Projetadas especificamente para a s\u00e9rie DJI Matrice 4D, essas h\u00e9lices avan\u00e7adas oferecem desempenho de voo confi\u00e1vel, est\u00e1vel e notavelmente silencioso, mesmo nos ambientes mais desafiadores, com clima frio e sens\u00edveis a ru\u00eddos.","robots":{"index":"index","follow":"follow","max-snippet":"max-snippet:-1","max-image-preview":"max-image-preview:large","max-video-preview":"max-video-preview:-1"},"canonical":"https:\/\/www.ghostysky.com\/pt\/produto-2\/dji-matrice-4d-series-low-noise-anti-lce-propellers\/","og_locale":"pt_PT","og_type":"article","og_title":"DJI Matrice 4D Series Low-Noise Anti-lce Propellers - Ghostysky","og_description":"Optimize your professional drone missions with the DJI Matrice 4D Series Low-Noise Anti-Ice Propellers. Specifically designed for the DJI Matrice 4D Series, these advanced propellers deliver reliable, stable, and remarkably quiet flight performance even in the most challenging cold-weather and noise-sensitive environments.","og_url":"https:\/\/www.ghostysky.com\/pt\/produto-2\/dji-matrice-4d-series-low-noise-anti-lce-propellers\/","og_site_name":"Ghostysky","article_publisher":"https:\/\/www.facebook.com\/people\/Ghostysky\/100057676170234\/","article_modified_time":"2025-10-17T17:11:38+00:00","og_image":[{"width":800,"height":800,"url":"https:\/\/www.ghostysky.com\/wp-content\/uploads\/2025\/10\/GH_DJI-Matrice-4D-Series-Low-Noise-Anti-lce-Propellers_1.jpg","type":"image\/jpeg"}],"twitter_card":"summary_large_image","twitter_site":"@Gh0stysky","twitter_misc":{"Tempo estimado de leitura":"1 minuto"},"schema":{"@context":"https:\/\/schema.org","@graph":[{"@type":"WebPage","@id":"https:\/\/www.ghostysky.com\/product\/dji-matrice-4d-series-low-noise-anti-lce-propellers\/","url":"https:\/\/www.ghostysky.com\/product\/dji-matrice-4d-series-low-noise-anti-lce-propellers\/","name":"H\u00e9lices anti-gelo de baixo ru\u00eddo DJI Matrice s\u00e9rie 4D - Ghostysky","isPartOf":{"@id":"https:\/\/www.ghostysky.com\/#website"},"primaryImageOfPage":{"@id":"https:\/\/www.ghostysky.com\/product\/dji-matrice-4d-series-low-noise-anti-lce-propellers\/#primaryimage"},"image":{"@id":"https:\/\/www.ghostysky.com\/product\/dji-matrice-4d-series-low-noise-anti-lce-propellers\/#primaryimage"},"thumbnailUrl":"https:\/\/www.ghostysky.com\/wp-content\/uploads\/2025\/10\/GH_DJI-Matrice-4D-Series-Low-Noise-Anti-lce-Propellers_1.jpg","datePublished":"2025-10-17T17:01:46+00:00","dateModified":"2025-10-17T17:11:38+00:00","description":"Otimize suas miss\u00f5es profissionais com drones com as h\u00e9lices antigelo de baixo ru\u00eddo da s\u00e9rie DJI Matrice 4D. Projetadas especificamente para a s\u00e9rie DJI Matrice 4D, essas h\u00e9lices avan\u00e7adas oferecem desempenho de voo confi\u00e1vel, est\u00e1vel e notavelmente silencioso, mesmo nos ambientes mais desafiadores, com clima frio e sens\u00edveis a ru\u00eddos.","breadcrumb":{"@id":"https:\/\/www.ghostysky.com\/product\/dji-matrice-4d-series-low-noise-anti-lce-propellers\/#breadcrumb"},"inLanguage":"pt-PT","potentialAction":[{"@type":"ReadAction","target":["https:\/\/www.ghostysky.com\/product\/dji-matrice-4d-series-low-noise-anti-lce-propellers\/"]}]},{"@type":"ImageObject","inLanguage":"pt-PT","@id":"https:\/\/www.ghostysky.com\/product\/dji-matrice-4d-series-low-noise-anti-lce-propellers\/#primaryimage","url":"https:\/\/www.ghostysky.com\/wp-content\/uploads\/2025\/10\/GH_DJI-Matrice-4D-Series-Low-Noise-Anti-lce-Propellers_1.jpg","contentUrl":"https:\/\/www.ghostysky.com\/wp-content\/uploads\/2025\/10\/GH_DJI-Matrice-4D-Series-Low-Noise-Anti-lce-Propellers_1.jpg","width":800,"height":800},{"@type":"BreadcrumbList","@id":"https:\/\/www.ghostysky.com\/product\/dji-matrice-4d-series-low-noise-anti-lce-propellers\/#breadcrumb","itemListElement":[{"@type":"ListItem","position":1,"name":"Home","item":"https:\/\/www.ghostysky.com\/"},{"@type":"ListItem","position":2,"name":"Shop","item":"https:\/\/www.ghostysky.com\/shop\/"},{"@type":"ListItem","position":3,"name":"DJI Matrice 4D Series Low-Noise Anti-lce Propellers"}]},{"@type":"WebSite","@id":"https:\/\/www.ghostysky.com\/#website","url":"https:\/\/www.ghostysky.com\/","name":"Ghostysky","description":"Fornecendo drones e servi\u00e7os profissionais","publisher":{"@id":"https:\/\/www.ghostysky.com\/#organization"},"potentialAction":[{"@type":"SearchAction","target":{"@type":"EntryPoint","urlTemplate":"https:\/\/www.ghostysky.com\/?s={search_term_string}"},"query-input":{"@type":"PropertyValueSpecification","valueRequired":true,"valueName":"search_term_string"}}],"inLanguage":"pt-PT"},{"@type":"Organization","@id":"https:\/\/www.ghostysky.com\/#organization","name":"Ghostysky","url":"https:\/\/www.ghostysky.com\/","logo":{"@type":"ImageObject","inLanguage":"pt-PT","@id":"https:\/\/www.ghostysky.com\/#\/schema\/logo\/image\/","url":"https:\/\/www.ghostysky.com\/wp-content\/uploads\/2020\/06\/cropped-ghostyskylogo_text_white2.png","contentUrl":"https:\/\/www.ghostysky.com\/wp-content\/uploads\/2020\/06\/cropped-ghostyskylogo_text_white2.png","width":169,"height":56,"caption":"Ghostysky"},"image":{"@id":"https:\/\/www.ghostysky.com\/#\/schema\/logo\/image\/"},"sameAs":["https:\/\/www.facebook.com\/people\/Ghostysky\/100057676170234\/","https:\/\/x.com\/Gh0stysky","https:\/\/www.linkedin.com\/company\/34739653","https:\/\/www.instagram.com\/gh0stysky"]}]}},"_links":{"self":[{"href":"https:\/\/www.ghostysky.com\/pt\/wp-json\/wp\/v2\/product\/21809","targetHints":{"allow":["GET"]}}],"collection":[{"href":"https:\/\/www.ghostysky.com\/pt\/wp-json\/wp\/v2\/product"}],"about":[{"href":"https:\/\/www.ghostysky.com\/pt\/wp-json\/wp\/v2\/types\/product"}],"replies":[{"embeddable":true,"href":"https:\/\/www.ghostysky.com\/pt\/wp-json\/wp\/v2\/comments?post=21809"}],"wp:featuredmedia":[{"embeddable":true,"href":"https:\/\/www.ghostysky.com\/pt\/wp-json\/wp\/v2\/media\/21816"}],"wp:attachment":[{"href":"https:\/\/www.ghostysky.com\/pt\/wp-json\/wp\/v2\/media?parent=21809"}],"wp:term":[{"taxonomy":"product_brand","embeddable":true,"href":"https:\/\/www.ghostysky.com\/pt\/wp-json\/wp\/v2\/product_brand?post=21809"},{"taxonomy":"product_cat","embeddable":true,"href":"https:\/\/www.ghostysky.com\/pt\/wp-json\/wp\/v2\/product_cat?post=21809"},{"taxonomy":"product_tag","embeddable":true,"href":"https:\/\/www.ghostysky.com\/pt\/wp-json\/wp\/v2\/product_tag?post=21809"}],"curies":[{"name":"wp","href":"https:\/\/api.w.org\/{rel}","templated":true}]}}