{"id":21822,"date":"2025-10-17T17:24:24","date_gmt":"2025-10-17T17:24:24","guid":{"rendered":"https:\/\/www.ghostysky.com\/?post_type=product&#038;p=21822"},"modified":"2025-10-17T17:27:41","modified_gmt":"2025-10-17T17:27:41","slug":"dji-matrice-4-series-low-noise-propellers","status":"publish","type":"product","link":"https:\/\/www.ghostysky.com\/pt\/product\/dji-matrice-4-series-low-noise-propellers\/","title":{"rendered":"H\u00e9lices de baixo ru\u00eddo DJI Matrice S\u00e9rie 4"},"content":{"rendered":"<div id=\"model-response-message-contentr_8ca688bebcf3e727\" class=\"markdown markdown-main-panel stronger enable-updated-hr-color\" dir=\"ltr\">\n<div id=\"model-response-message-contentr_84f26e8c4ec7b923\" class=\"markdown markdown-main-panel stronger enable-updated-hr-color\" dir=\"ltr\">\n<div id=\"model-response-message-contentr_08ec8215b08ce83c\" class=\"markdown markdown-main-panel stronger enable-updated-hr-color\" dir=\"ltr\">\n<h3><b>Principais recursos e benef\u00edcios<\/b><\/h3>\n<ul>\n<li><b><span class=\"citation-1514\">Opera\u00e7\u00e3o com ru\u00eddo ultrabaixo:<\/span><\/b><span class=\"citation-1514\"> Experimente um voo significativamente mais silencioso, reduzindo a sa\u00edda ac\u00fastica em at\u00e9 <\/span><b><span class=\"citation-1514\">2-3,5 dB<\/span><\/b><span class=\"citation-1514 citation-end-1514\"> comparado \u00e0s h\u00e9lices padr\u00e3o.<\/span> <span class=\"citation-1513 citation-end-1513\">Esse perfil de baixo ru\u00eddo \u00e9 essencial para manter a discri\u00e7\u00e3o durante opera\u00e7\u00f5es em \u00e1reas residenciais, perto de vida selvagem sens\u00edvel ou em zonas industriais sens\u00edveis a ru\u00eddo.<\/span><\/li>\n<li><b>Efici\u00eancia aerodin\u00e2mica aprimorada:<\/b><span class=\"citation-1512 citation-end-1512\"> O design otimizado \u00e9 meticulosamente equilibrado e moldado para melhorar a rela\u00e7\u00e3o sustenta\u00e7\u00e3o-arrasto.<\/span> <span class=\"citation-1511\">Isso leva a <\/span><b><span class=\"citation-1511\">menor consumo de energia<\/span><\/b><span class=\"citation-1511\"> e pode contribuir para <\/span><b><span class=\"citation-1511\">tempo de voo prolongado<\/span><\/b><span class=\"citation-1511 citation-end-1511\"> e melhor resist\u00eancia para miss\u00f5es cr\u00edticas.<\/span><\/li>\n<li><b>Balanceamento de precis\u00e3o para estabilidade:<\/b><span class=\"citation-1510 citation-end-1510\"> Cada l\u00e2mina passa por testes precisos de equil\u00edbrio din\u00e2mico, garantindo vibra\u00e7\u00e3o m\u00ednima para um voo mais suave e est\u00e1vel, al\u00e9m de desempenho confi\u00e1vel.<\/span><\/li>\n<li><b><span class=\"citation-1509\">Durabilidade profissional:<\/span><\/b><span class=\"citation-1509 citation-end-1509\"> Constru\u00eddas com materiais compostos de alta resist\u00eancia, essas h\u00e9lices s\u00e3o projetadas para durabilidade e uso confi\u00e1vel em condi\u00e7\u00f5es desafiadoras e pesadas.<\/span><\/li>\n<li><b><span class=\"citation-1508\">Compatibilidade e seguran\u00e7a perfeitas:<\/span><\/b><span class=\"citation-1508 citation-end-1508\"> Projetados exclusivamente para a s\u00e9rie DJI Matrice 4, eles garantem ajuste e integra\u00e7\u00e3o perfeitos com o sistema de propuls\u00e3o do seu drone.<\/span> <span class=\"citation-1507 citation-end-1507\">O design tamb\u00e9m incorpora recursos de seguran\u00e7a para mitigar poss\u00edveis danos em caso de impacto inesperado.<\/span><\/li>\n<li><b><span class=\"citation-1506\">Instala\u00e7\u00e3o r\u00e1pida e segura:<\/span><\/b><span class=\"citation-1506 citation-end-1506\"> O design inteligente permite uma substitui\u00e7\u00e3o r\u00e1pida e sem ferramentas, minimizando o tempo de inatividade e colocando seu drone de volta no ar rapidamente.<\/span><\/li>\n<\/ul>\n<p><b>Ideal para aplica\u00e7\u00f5es de miss\u00e3o cr\u00edtica:<\/b><\/p>\n<p><span class=\"citation-1505\">De <\/span><b><span class=\"citation-1505\">seguran\u00e7a p\u00fablica<\/span><\/b><span class=\"citation-1505\"> e <\/span><b><span class=\"citation-1505\">vigil\u00e2ncia<\/span><\/b><span class=\"citation-1505\"> para <\/span><b><span class=\"citation-1505\">inspe\u00e7\u00e3o de infraestrutura cr\u00edtica<\/span><\/b><span class=\"citation-1505\"> e <\/span><b><span class=\"citation-1505\">monitoramento ambiental<\/span><\/b><span class=\"citation-1505 citation-end-1505\">As h\u00e9lices de baixo ru\u00eddo Matrice S\u00e9rie 4 s\u00e3o a atualiza\u00e7\u00e3o essencial para operadores onde a discri\u00e7\u00e3o \u00e9 primordial, sem sacrificar o desempenho robusto de seu drone empresarial.<\/span><\/p>\n<p><b>Atualize seu Matrice S\u00e9rie 4 hoje mesmo e voe com mais discri\u00e7\u00e3o e confian\u00e7a.<\/b><\/p>\n<h4>NA CAIXA<\/h4>\n<p>1x H\u00e9lice (Par)<\/p>\n<h4>COMPATIBILIDADE<\/h4>\n<p>DJI Matrice S\u00e9rie 4<\/p>\n<\/div>\n<\/div>\n<\/div>","protected":false},"excerpt":{"rendered":"<p>Eleve suas opera\u00e7\u00f5es profissionais de drones com o <b>H\u00e9lices de baixo ru\u00eddo DJI Matrice S\u00e9rie 4<\/b>. <span class=\"citation-1515 citation-end-1515\">Projetados especificamente para a S\u00e9rie Matrice 4 (incluindo modelos como o M4E e o M4T), esses acess\u00f3rios originais oferecem um equil\u00edbrio crucial entre furtividade, desempenho e confiabilidade, essencial para miss\u00f5es delicadas.<\/span><\/p>","protected":false},"featured_media":21821,"comment_status":"open","ping_status":"closed","template":"","meta":[],"product_brand":[1031],"product_cat":[37,1119,29,1117],"product_tag":[42,1123,1120],"class_list":{"0":"post-21822","1":"product","2":"type-product","3":"status-publish","4":"has-post-thumbnail","6":"product_brand-dji","7":"product_cat-dji","8":"product_cat-dji-matrice-4-accessories","9":"product_cat-drones","10":"product_cat-matrice-4","11":"product_tag-dji","12":"product_tag-dji-matrice-4-accessories","13":"product_tag-dji-matrice-4-series","15":"first","16":"onbackorder","17":"taxable","18":"shipping-taxable","19":"purchasable","20":"product-type-simple"},"yoast_head":"<!-- This site is optimized with the Yoast SEO plugin v27.1.1 - https:\/\/yoast.com\/product\/yoast-seo-wordpress\/ -->\n<title>DJI Matrice 4 Series Low-Noise Propellers - Ghostysky<\/title>\n<meta name=\"description\" content=\"Elevate your professional drone operations with the DJI Matrice 4 Series Low-Noise Propellers. Engineered specifically for the Matrice 4 Series (including models like the M4E and M4T), these genuine accessories deliver a crucial balance of stealth, performance, and reliability, essential for sensitive missions.\" \/>\n<meta name=\"robots\" content=\"index, follow, max-snippet:-1, max-image-preview:large, max-video-preview:-1\" \/>\n<link rel=\"canonical\" href=\"https:\/\/www.ghostysky.com\/pt\/produto-2\/dji-matrice-4-series-low-noise-propellers\/\" \/>\n<meta property=\"og:locale\" content=\"pt_PT\" \/>\n<meta property=\"og:type\" content=\"article\" \/>\n<meta property=\"og:title\" content=\"DJI Matrice 4 Series Low-Noise Propellers - Ghostysky\" \/>\n<meta property=\"og:description\" content=\"Elevate your professional drone operations with the DJI Matrice 4 Series Low-Noise Propellers. Engineered specifically for the Matrice 4 Series (including models like the M4E and M4T), these genuine accessories deliver a crucial balance of stealth, performance, and reliability, essential for sensitive missions.\" \/>\n<meta property=\"og:url\" content=\"https:\/\/www.ghostysky.com\/pt\/produto-2\/dji-matrice-4-series-low-noise-propellers\/\" \/>\n<meta property=\"og:site_name\" content=\"Ghostysky\" \/>\n<meta property=\"article:publisher\" content=\"https:\/\/www.facebook.com\/people\/Ghostysky\/100057676170234\/\" \/>\n<meta property=\"article:modified_time\" content=\"2025-10-17T17:27:41+00:00\" \/>\n<meta property=\"og:image\" content=\"https:\/\/www.ghostysky.com\/wp-content\/uploads\/2025\/10\/GH_DJI-Matrice-4-Series-Propellers_1.jpg\" \/>\n\t<meta property=\"og:image:width\" content=\"800\" \/>\n\t<meta property=\"og:image:height\" content=\"800\" \/>\n\t<meta property=\"og:image:type\" content=\"image\/jpeg\" \/>\n<meta name=\"twitter:card\" content=\"summary_large_image\" \/>\n<meta name=\"twitter:site\" content=\"@Gh0stysky\" \/>\n<meta name=\"twitter:label1\" content=\"Tempo estimado de leitura\" \/>\n\t<meta name=\"twitter:data1\" content=\"2 minutos\" \/>\n<script type=\"application\/ld+json\" class=\"yoast-schema-graph\">{\"@context\":\"https:\/\/schema.org\",\"@graph\":[{\"@type\":\"WebPage\",\"@id\":\"https:\/\/www.ghostysky.com\/product\/dji-matrice-4-series-low-noise-propellers\/\",\"url\":\"https:\/\/www.ghostysky.com\/product\/dji-matrice-4-series-low-noise-propellers\/\",\"name\":\"DJI Matrice 4 Series Low-Noise Propellers - Ghostysky\",\"isPartOf\":{\"@id\":\"https:\/\/www.ghostysky.com\/#website\"},\"primaryImageOfPage\":{\"@id\":\"https:\/\/www.ghostysky.com\/product\/dji-matrice-4-series-low-noise-propellers\/#primaryimage\"},\"image\":{\"@id\":\"https:\/\/www.ghostysky.com\/product\/dji-matrice-4-series-low-noise-propellers\/#primaryimage\"},\"thumbnailUrl\":\"https:\/\/www.ghostysky.com\/wp-content\/uploads\/2025\/10\/GH_DJI-Matrice-4-Series-Propellers_1.jpg\",\"datePublished\":\"2025-10-17T17:24:24+00:00\",\"dateModified\":\"2025-10-17T17:27:41+00:00\",\"description\":\"Elevate your professional drone operations with the DJI Matrice 4 Series Low-Noise Propellers. Engineered specifically for the Matrice 4 Series (including models like the M4E and M4T), these genuine accessories deliver a crucial balance of stealth, performance, and reliability, essential for sensitive missions.\",\"breadcrumb\":{\"@id\":\"https:\/\/www.ghostysky.com\/product\/dji-matrice-4-series-low-noise-propellers\/#breadcrumb\"},\"inLanguage\":\"pt-PT\",\"potentialAction\":[{\"@type\":\"ReadAction\",\"target\":[\"https:\/\/www.ghostysky.com\/product\/dji-matrice-4-series-low-noise-propellers\/\"]}]},{\"@type\":\"ImageObject\",\"inLanguage\":\"pt-PT\",\"@id\":\"https:\/\/www.ghostysky.com\/product\/dji-matrice-4-series-low-noise-propellers\/#primaryimage\",\"url\":\"https:\/\/www.ghostysky.com\/wp-content\/uploads\/2025\/10\/GH_DJI-Matrice-4-Series-Propellers_1.jpg\",\"contentUrl\":\"https:\/\/www.ghostysky.com\/wp-content\/uploads\/2025\/10\/GH_DJI-Matrice-4-Series-Propellers_1.jpg\",\"width\":800,\"height\":800},{\"@type\":\"BreadcrumbList\",\"@id\":\"https:\/\/www.ghostysky.com\/product\/dji-matrice-4-series-low-noise-propellers\/#breadcrumb\",\"itemListElement\":[{\"@type\":\"ListItem\",\"position\":1,\"name\":\"Home\",\"item\":\"https:\/\/www.ghostysky.com\/\"},{\"@type\":\"ListItem\",\"position\":2,\"name\":\"Shop\",\"item\":\"https:\/\/www.ghostysky.com\/shop\/\"},{\"@type\":\"ListItem\",\"position\":3,\"name\":\"DJI Matrice 4 Series Low-Noise Propellers\"}]},{\"@type\":\"WebSite\",\"@id\":\"https:\/\/www.ghostysky.com\/#website\",\"url\":\"https:\/\/www.ghostysky.com\/\",\"name\":\"Ghostysky\",\"description\":\"Delivering professional drones and services\",\"publisher\":{\"@id\":\"https:\/\/www.ghostysky.com\/#organization\"},\"potentialAction\":[{\"@type\":\"SearchAction\",\"target\":{\"@type\":\"EntryPoint\",\"urlTemplate\":\"https:\/\/www.ghostysky.com\/?s={search_term_string}\"},\"query-input\":{\"@type\":\"PropertyValueSpecification\",\"valueRequired\":true,\"valueName\":\"search_term_string\"}}],\"inLanguage\":\"pt-PT\"},{\"@type\":\"Organization\",\"@id\":\"https:\/\/www.ghostysky.com\/#organization\",\"name\":\"Ghostysky\",\"url\":\"https:\/\/www.ghostysky.com\/\",\"logo\":{\"@type\":\"ImageObject\",\"inLanguage\":\"pt-PT\",\"@id\":\"https:\/\/www.ghostysky.com\/#\/schema\/logo\/image\/\",\"url\":\"https:\/\/www.ghostysky.com\/wp-content\/uploads\/2020\/06\/cropped-ghostyskylogo_text_white2.png\",\"contentUrl\":\"https:\/\/www.ghostysky.com\/wp-content\/uploads\/2020\/06\/cropped-ghostyskylogo_text_white2.png\",\"width\":169,\"height\":56,\"caption\":\"Ghostysky\"},\"image\":{\"@id\":\"https:\/\/www.ghostysky.com\/#\/schema\/logo\/image\/\"},\"sameAs\":[\"https:\/\/www.facebook.com\/people\/Ghostysky\/100057676170234\/\",\"https:\/\/x.com\/Gh0stysky\",\"https:\/\/www.linkedin.com\/company\/34739653\",\"https:\/\/www.instagram.com\/gh0stysky\"]}]}<\/script>\n<!-- \/ Yoast SEO plugin. -->","yoast_head_json":{"title":"H\u00e9lices de baixo ru\u00eddo DJI Matrice S\u00e9rie 4 - Ghostysky","description":"Eleve suas opera\u00e7\u00f5es profissionais com drones com as h\u00e9lices de baixo ru\u00eddo DJI Matrice S\u00e9rie 4. Projetadas especificamente para a S\u00e9rie Matrice 4 (incluindo modelos como o M4E e o M4T), esses acess\u00f3rios originais oferecem um equil\u00edbrio crucial entre furtividade, desempenho e confiabilidade, essencial para miss\u00f5es sens\u00edveis.","robots":{"index":"index","follow":"follow","max-snippet":"max-snippet:-1","max-image-preview":"max-image-preview:large","max-video-preview":"max-video-preview:-1"},"canonical":"https:\/\/www.ghostysky.com\/pt\/produto-2\/dji-matrice-4-series-low-noise-propellers\/","og_locale":"pt_PT","og_type":"article","og_title":"DJI Matrice 4 Series Low-Noise Propellers - Ghostysky","og_description":"Elevate your professional drone operations with the DJI Matrice 4 Series Low-Noise Propellers. Engineered specifically for the Matrice 4 Series (including models like the M4E and M4T), these genuine accessories deliver a crucial balance of stealth, performance, and reliability, essential for sensitive missions.","og_url":"https:\/\/www.ghostysky.com\/pt\/produto-2\/dji-matrice-4-series-low-noise-propellers\/","og_site_name":"Ghostysky","article_publisher":"https:\/\/www.facebook.com\/people\/Ghostysky\/100057676170234\/","article_modified_time":"2025-10-17T17:27:41+00:00","og_image":[{"width":800,"height":800,"url":"https:\/\/www.ghostysky.com\/wp-content\/uploads\/2025\/10\/GH_DJI-Matrice-4-Series-Propellers_1.jpg","type":"image\/jpeg"}],"twitter_card":"summary_large_image","twitter_site":"@Gh0stysky","twitter_misc":{"Tempo estimado de leitura":"2 minutos"},"schema":{"@context":"https:\/\/schema.org","@graph":[{"@type":"WebPage","@id":"https:\/\/www.ghostysky.com\/product\/dji-matrice-4-series-low-noise-propellers\/","url":"https:\/\/www.ghostysky.com\/product\/dji-matrice-4-series-low-noise-propellers\/","name":"H\u00e9lices de baixo ru\u00eddo DJI Matrice S\u00e9rie 4 - Ghostysky","isPartOf":{"@id":"https:\/\/www.ghostysky.com\/#website"},"primaryImageOfPage":{"@id":"https:\/\/www.ghostysky.com\/product\/dji-matrice-4-series-low-noise-propellers\/#primaryimage"},"image":{"@id":"https:\/\/www.ghostysky.com\/product\/dji-matrice-4-series-low-noise-propellers\/#primaryimage"},"thumbnailUrl":"https:\/\/www.ghostysky.com\/wp-content\/uploads\/2025\/10\/GH_DJI-Matrice-4-Series-Propellers_1.jpg","datePublished":"2025-10-17T17:24:24+00:00","dateModified":"2025-10-17T17:27:41+00:00","description":"Eleve suas opera\u00e7\u00f5es profissionais com drones com as h\u00e9lices de baixo ru\u00eddo DJI Matrice S\u00e9rie 4. Projetadas especificamente para a S\u00e9rie Matrice 4 (incluindo modelos como o M4E e o M4T), esses acess\u00f3rios originais oferecem um equil\u00edbrio crucial entre furtividade, desempenho e confiabilidade, essencial para miss\u00f5es sens\u00edveis.","breadcrumb":{"@id":"https:\/\/www.ghostysky.com\/product\/dji-matrice-4-series-low-noise-propellers\/#breadcrumb"},"inLanguage":"pt-PT","potentialAction":[{"@type":"ReadAction","target":["https:\/\/www.ghostysky.com\/product\/dji-matrice-4-series-low-noise-propellers\/"]}]},{"@type":"ImageObject","inLanguage":"pt-PT","@id":"https:\/\/www.ghostysky.com\/product\/dji-matrice-4-series-low-noise-propellers\/#primaryimage","url":"https:\/\/www.ghostysky.com\/wp-content\/uploads\/2025\/10\/GH_DJI-Matrice-4-Series-Propellers_1.jpg","contentUrl":"https:\/\/www.ghostysky.com\/wp-content\/uploads\/2025\/10\/GH_DJI-Matrice-4-Series-Propellers_1.jpg","width":800,"height":800},{"@type":"BreadcrumbList","@id":"https:\/\/www.ghostysky.com\/product\/dji-matrice-4-series-low-noise-propellers\/#breadcrumb","itemListElement":[{"@type":"ListItem","position":1,"name":"Home","item":"https:\/\/www.ghostysky.com\/"},{"@type":"ListItem","position":2,"name":"Shop","item":"https:\/\/www.ghostysky.com\/shop\/"},{"@type":"ListItem","position":3,"name":"DJI Matrice 4 Series Low-Noise Propellers"}]},{"@type":"WebSite","@id":"https:\/\/www.ghostysky.com\/#website","url":"https:\/\/www.ghostysky.com\/","name":"Ghostysky","description":"Fornecendo drones e servi\u00e7os profissionais","publisher":{"@id":"https:\/\/www.ghostysky.com\/#organization"},"potentialAction":[{"@type":"SearchAction","target":{"@type":"EntryPoint","urlTemplate":"https:\/\/www.ghostysky.com\/?s={search_term_string}"},"query-input":{"@type":"PropertyValueSpecification","valueRequired":true,"valueName":"search_term_string"}}],"inLanguage":"pt-PT"},{"@type":"Organization","@id":"https:\/\/www.ghostysky.com\/#organization","name":"Ghostysky","url":"https:\/\/www.ghostysky.com\/","logo":{"@type":"ImageObject","inLanguage":"pt-PT","@id":"https:\/\/www.ghostysky.com\/#\/schema\/logo\/image\/","url":"https:\/\/www.ghostysky.com\/wp-content\/uploads\/2020\/06\/cropped-ghostyskylogo_text_white2.png","contentUrl":"https:\/\/www.ghostysky.com\/wp-content\/uploads\/2020\/06\/cropped-ghostyskylogo_text_white2.png","width":169,"height":56,"caption":"Ghostysky"},"image":{"@id":"https:\/\/www.ghostysky.com\/#\/schema\/logo\/image\/"},"sameAs":["https:\/\/www.facebook.com\/people\/Ghostysky\/100057676170234\/","https:\/\/x.com\/Gh0stysky","https:\/\/www.linkedin.com\/company\/34739653","https:\/\/www.instagram.com\/gh0stysky"]}]}},"_links":{"self":[{"href":"https:\/\/www.ghostysky.com\/pt\/wp-json\/wp\/v2\/product\/21822","targetHints":{"allow":["GET"]}}],"collection":[{"href":"https:\/\/www.ghostysky.com\/pt\/wp-json\/wp\/v2\/product"}],"about":[{"href":"https:\/\/www.ghostysky.com\/pt\/wp-json\/wp\/v2\/types\/product"}],"replies":[{"embeddable":true,"href":"https:\/\/www.ghostysky.com\/pt\/wp-json\/wp\/v2\/comments?post=21822"}],"wp:featuredmedia":[{"embeddable":true,"href":"https:\/\/www.ghostysky.com\/pt\/wp-json\/wp\/v2\/media\/21821"}],"wp:attachment":[{"href":"https:\/\/www.ghostysky.com\/pt\/wp-json\/wp\/v2\/media?parent=21822"}],"wp:term":[{"taxonomy":"product_brand","embeddable":true,"href":"https:\/\/www.ghostysky.com\/pt\/wp-json\/wp\/v2\/product_brand?post=21822"},{"taxonomy":"product_cat","embeddable":true,"href":"https:\/\/www.ghostysky.com\/pt\/wp-json\/wp\/v2\/product_cat?post=21822"},{"taxonomy":"product_tag","embeddable":true,"href":"https:\/\/www.ghostysky.com\/pt\/wp-json\/wp\/v2\/product_tag?post=21822"}],"curies":[{"name":"wp","href":"https:\/\/api.w.org\/{rel}","templated":true}]}}