{"id":21837,"date":"2025-10-18T03:15:36","date_gmt":"2025-10-18T03:15:36","guid":{"rendered":"https:\/\/www.ghostysky.com\/?post_type=product&#038;p=21837"},"modified":"2025-10-18T03:41:14","modified_gmt":"2025-10-18T03:41:14","slug":"dji-matrice-400-worry-free-plus-combo","status":"publish","type":"product","link":"https:\/\/www.ghostysky.com\/pt\/product\/dji-matrice-400-worry-free-plus-combo\/","title":{"rendered":"DJI Matrice 400 Combo Worry-Free Plus"},"content":{"rendered":"<div id=\"model-response-message-contentr_55bc02040a3d26f8\" class=\"markdown markdown-main-panel stronger enable-updated-hr-color\" dir=\"ltr\">\n<div id=\"model-response-message-contentr_7d191a1853b28634\" class=\"markdown markdown-main-panel stronger enable-updated-hr-color\" dir=\"ltr\">\n<div id=\"model-response-message-contentr_4bdeaa6da8c41b15\" class=\"markdown markdown-main-panel stronger enable-updated-hr-color\" dir=\"ltr\">\n<h3><b>Principais destaques da plataforma Matrice 400<\/b><\/h3>\n<ul>\n<li><b>Maior resist\u00eancia e confiabilidade em todas as condi\u00e7\u00f5es clim\u00e1ticas:<\/b><span class=\"citation-1677\"> Apresentando um not\u00e1vel tempo de voo para a frente de at\u00e9 <\/span><b><span class=\"citation-1677\">59 minutos<\/span><\/b><span class=\"citation-1677\"> e um <\/span><b><span class=\"citation-1677\">Classifica\u00e7\u00e3o IP55<\/span><\/b><span class=\"citation-1677 citation-end-1677\">, o Matrice 400 pode operar de forma confi\u00e1vel em condi\u00e7\u00f5es desafiadoras, incluindo poeira pesada, chuva e temperaturas extremas que variam de <\/span><span class=\"math-inline\" data-math=\"-20^\\circ \\text{ to } 50^\\circ \\text{ C}\"><span class=\"katex\"><span class=\"katex-html\" aria-hidden=\"true\"><span class=\"base\"><span class=\"mord\">\u2212<\/span><span class=\"mord\">2<\/span><span class=\"mord\">0<span class=\"msupsub\"><span class=\"vlist-t\"><span class=\"vlist-r\"><span class=\"vlist\"><span class=\"\"><span class=\"sizing reset-size6 size3 mtight\"><span class=\"mbin mtight\">\u2218<\/span><\/span><\/span><\/span><\/span><\/span><\/span><\/span><span class=\"mord text\"><span class=\"mord\">\u00a0para\u00a0<\/span><\/span><span class=\"mord\">5<\/span><span class=\"mord\">0<span class=\"msupsub\"><span class=\"vlist-t\"><span class=\"vlist-r\"><span class=\"vlist\"><span class=\"\"><span class=\"sizing reset-size6 size3 mtight\"><span class=\"mbin mtight\">\u2218<\/span><\/span><\/span><\/span><\/span><\/span><\/span><\/span><span class=\"mord text\"><span class=\"mord\">\u00a0C<\/span><\/span><\/span><\/span><\/span><\/span><span class=\"citation-1676 citation-end-1676\">.<\/span><\/li>\n<li><b><span class=\"citation-1675\">Capacidade de carga \u00fatil e versatilidade aprimoradas:<\/span><\/b><span class=\"citation-1675\"> Com uma capacidade m\u00e1xima de carga \u00fatil de <\/span><b><span class=\"citation-1675\">6 kg<\/span><\/b><span class=\"citation-1675 citation-end-1675\">, a plataforma suporta opera\u00e7\u00f5es de m\u00faltiplas cargas \u00fateis.<\/span> <span class=\"citation-1674 citation-end-1674\">Ele conta com v\u00e1rios conectores gimbal e E-Port V2, permitindo que voc\u00ea monte simultaneamente at\u00e9 sete cargas \u00fateis, incluindo as s\u00e9ries Zenmuse H30, L2, P1 e solu\u00e7\u00f5es de terceiros.<\/span><\/li>\n<li><b>Detec\u00e7\u00e3o de obst\u00e1culos no n\u00edvel da linha de energia:<\/b><span class=\"citation-1673\"> A seguran\u00e7a do voo \u00e9 primordial com um sistema avan\u00e7ado que combina <\/span><b><span class=\"citation-1673\">sensores de vis\u00e3o olho de peixe com baixa luminosidade, radar mmWave de alta precis\u00e3o e LiDAR rotativo<\/span><\/b><span class=\"citation-1673 citation-end-1673\">.<\/span> <span class=\"citation-1672 citation-end-1672\">Isso permite que o drone detecte e evite at\u00e9 mesmo linhas de energia finas em ambientes complexos, de dia ou de noite.<\/span><\/li>\n<li><b>Intelig\u00eancia e efici\u00eancia aprimoradas:<\/b><span class=\"citation-1671\"> O Matrice 400 integra recursos inteligentes como <\/span><b><span class=\"citation-1671\">Detec\u00e7\u00e3o Inteligente<\/span><\/b><span class=\"citation-1671\">, <\/span><b><span class=\"citation-1671\">Proje\u00e7\u00e3o de RA inteligente<\/span><\/b><span class=\"citation-1671\"> (exibindo linhas de energia, mapas e rotas de voo no controlador), <\/span><b><span class=\"citation-1671\">Acompanhamento de terreno em tempo real<\/span><\/b><span class=\"citation-1671\">, e suporte para <\/span><b><span class=\"citation-1671\">Decolagem e pouso em navios<\/span><\/b><span class=\"citation-1671 citation-end-1671\">, simplificando miss\u00f5es complexas.<\/span><\/li>\n<li><b><span class=\"citation-1670\">Transmiss\u00e3o de v\u00eddeo robusta:<\/span><\/b><span class=\"citation-1670\"> O <\/span><b><span class=\"citation-1670\">Sistema de transmiss\u00e3o de v\u00eddeo aprimorado O4 Enterprise<\/span><\/b><span class=\"citation-1670\"> usa um conjunto de dez antenas para atingir um alcance de at\u00e9 <\/span><b><span class=\"citation-1670\">40 km<\/span><\/b><span class=\"citation-1670\">, e suporta <\/span><b><span class=\"citation-1670\">Transmiss\u00e3o de v\u00eddeo de retransmiss\u00e3o a\u00e9rea<\/span><\/b><span class=\"citation-1670 citation-end-1670\"> para opera\u00e7\u00f5es prolongadas em terrenos obstru\u00eddos, como \u00e1reas montanhosas.<\/span>\n<div class=\"source-inline-chip-container ng-star-inserted\"><\/div>\n<\/li>\n<\/ul>\n<p><b>A vantagem do combo Worry-Free Plus:<\/b><\/p>\n<p><span class=\"citation-1669 citation-end-1669\">Este pacote abrangente n\u00e3o inclui apenas a aeronave de \u00faltima gera\u00e7\u00e3o Matrice 400, mas tamb\u00e9m um conjunto de acess\u00f3rios e servi\u00e7os essenciais para minimizar o tempo de inatividade e maximizar a produtividade:<\/span><\/p>\n<ul>\n<li><b><span class=\"citation-1668\">Plano DJI Care Plus de 1 ano com ativa\u00e7\u00e3o autom\u00e1tica:<\/span><\/b><span class=\"citation-1668 citation-end-1668\"> Fornecendo ampla cobertura para reparos ou substitui\u00e7\u00f5es em caso de danos acidentais.<\/span><\/li>\n<li><b>Bateria de voo inteligente TB100:<\/b><span class=\"citation-1667 citation-end-1667\"> Uma bateria de alta capacidade projetada para miss\u00f5es prolongadas, com at\u00e9 400 ciclos de carga.<\/span><\/li>\n<li><b><span class=\"citation-1666\">Esta\u00e7\u00e3o de Bateria Inteligente BS100:<\/span><\/b><span class=\"citation-1666 citation-end-1666\"> Uma solu\u00e7\u00e3o poderosa e completa para carregamento, armazenamento e transporte de suas baterias.<\/span><\/li>\n<li><b>DJI RC Plus 2 Enterprise aprimorado:<\/b> Um controle remoto robusto e de alto brilho para controle e visibilidade superiores em campo.<\/li>\n<li><b><span class=\"citation-1665\">Pe\u00e7as de reposi\u00e7\u00e3o e ferramentas essenciais:<\/span><\/b><span class=\"citation-1665\"> Incluindo um adicional <\/span><b><span class=\"citation-1665\">Bateria WB37<\/span><\/b><span class=\"citation-1665\"> para o controle remoto, h\u00e9lices extras e um dur\u00e1vel <\/span><b><span class=\"citation-1665\">Estojo de transporte<\/span><\/b><span class=\"citation-1665 citation-end-1665\">.<\/span>\n<div class=\"source-inline-chip-container ng-star-inserted\"><\/div>\n<\/li>\n<\/ul>\n<p><span class=\"citation-1664 citation-end-1664\">O DJI Matrice 400 Worry-Free Plus Combo \u00e9 a solu\u00e7\u00e3o definitiva para profissionais que exigem uma plataforma a\u00e9rea de alto desempenho, vers\u00e1til e segura para suas opera\u00e7\u00f5es empresariais mais cr\u00edticas.<\/span><\/p>\n<div class=\"source-inline-chip-container ng-star-inserted\">\n<h4>Conte\u00fado da caixa<\/h4>\n<p>1x DJI Matrice 400<br \/>\n1x Esta\u00e7\u00e3o de carregamento BS100<br \/>\n1 bateria TB100<br \/>\n1x maleta de transporte<br \/>\n2x H\u00e9lices (par)<br \/>\n6x arruelas e parafusos de h\u00e9lice<br \/>\n1x Controlador remoto<br \/>\n1x Cabo de alimenta\u00e7\u00e3o<br \/>\n1x Al\u00e7a e suporte para controle remoto<br \/>\n1x Bateria Inteligente WB37<br \/>\n2x trens de pouso<br \/>\n1x Cabo USB-C para USB-C<br \/>\n4x Parafusos<br \/>\n1x Ferramenta de Limpeza<br \/>\n1x Tampa de borracha da porta e parafusos<br \/>\n4x Amortecedores de Gimbal<\/p>\n<h4>Compatibilidade<\/h4>\n<p>C\u00e2meras Gimbal<br \/>\nZenmuse H30<br \/>\nZenmuse H30T<br \/>\nZenmuse L2<br \/>\nZenmuse P1<\/p>\n<h4>Acess\u00f3rios Funcionais<\/h4>\n<p>Zenmuse S1 Destaque<br \/>\nAlto-falante Zenmuse V1<br \/>\nComputador Manifold 3 Edge<br \/>\nM\u00f3dulo DJI RC Plus 2 Sub-2G SDR<br \/>\nDongle Celular DJI 2<\/p>\n<h4>Ecossistema de desenvolvedores e portos<\/h4>\n<p>DJI X-Port<br \/>\nKit de desenvolvimento DJI E-Port V2<br \/>\nKit de cabo coaxial DJI E-Port V2<br \/>\nConjunto de adaptadores DJI SkyPort V3<br \/>\nKit de cabo coaxial DJI SkyPort V3<\/p>\n<\/div>\n<\/div>\n<\/div>\n<\/div>","protected":false},"excerpt":{"rendered":"<p><span class=\"citation-1679 citation-end-1679\">O DJI Matrice 400 Worry-Free Plus Combo \u00e9 a plataforma de drone empresarial definitiva, projetada para aplica\u00e7\u00f5es industriais exigentes, como resposta a emerg\u00eancias, inspe\u00e7\u00f5es de energia, mapeamento e arquitetura, engenharia e constru\u00e7\u00e3o (AEC).<\/span> <span class=\"citation-1678 citation-end-1678\">Esta combina\u00e7\u00e3o garante uma experi\u00eancia operacional abrangente e confi\u00e1vel ao incluir um plano de assist\u00eancia premium e acess\u00f3rios essenciais.<\/span><\/p>","protected":false},"featured_media":21840,"comment_status":"open","ping_status":"closed","template":"","meta":[],"product_brand":[1031],"product_cat":[37,1117,1125,1126],"product_tag":[42,1129,1128],"class_list":{"0":"post-21837","1":"product","2":"type-product","3":"status-publish","4":"has-post-thumbnail","6":"product_brand-dji","7":"product_cat-dji","8":"product_cat-matrice-4","9":"product_cat-matrice-400","10":"product_cat-matrice-400-drones","11":"product_tag-dji","12":"product_tag-dji-matrice-400-drones","13":"product_tag-dji-matrice-400-series","15":"first","16":"onbackorder","17":"taxable","18":"shipping-taxable","19":"purchasable","20":"product-type-simple"},"yoast_head":"<!-- This site is optimized with the Yoast SEO plugin v27.1.1 - https:\/\/yoast.com\/product\/yoast-seo-wordpress\/ -->\n<title>DJI Matrice 400 Worry-Free Plus Combo - Ghostysky<\/title>\n<meta name=\"description\" content=\"The DJI Matrice 400 Worry-Free Plus Combo is the ultimate enterprise flagship drone platform, engineered for demanding industrial applications such as emergency response, power inspections, mapping, and Architecture, Engineering, and Construction (AEC). This combo ensures a comprehensive and reliable operational experience by including a premium care plan and essential accessories.\" \/>\n<meta name=\"robots\" content=\"index, follow, max-snippet:-1, max-image-preview:large, max-video-preview:-1\" \/>\n<link rel=\"canonical\" href=\"https:\/\/www.ghostysky.com\/pt\/produto-2\/dji-matrice-400-worry-free-plus-combo\/\" \/>\n<meta property=\"og:locale\" content=\"pt_PT\" \/>\n<meta property=\"og:type\" content=\"article\" \/>\n<meta property=\"og:title\" content=\"DJI Matrice 400 Worry-Free Plus Combo - Ghostysky\" \/>\n<meta property=\"og:description\" content=\"The DJI Matrice 400 Worry-Free Plus Combo is the ultimate enterprise flagship drone platform, engineered for demanding industrial applications such as emergency response, power inspections, mapping, and Architecture, Engineering, and Construction (AEC). This combo ensures a comprehensive and reliable operational experience by including a premium care plan and essential accessories.\" \/>\n<meta property=\"og:url\" content=\"https:\/\/www.ghostysky.com\/pt\/produto-2\/dji-matrice-400-worry-free-plus-combo\/\" \/>\n<meta property=\"og:site_name\" content=\"Ghostysky\" \/>\n<meta property=\"article:publisher\" content=\"https:\/\/www.facebook.com\/people\/Ghostysky\/100057676170234\/\" \/>\n<meta property=\"article:modified_time\" content=\"2025-10-18T03:41:14+00:00\" \/>\n<meta property=\"og:image\" content=\"https:\/\/www.ghostysky.com\/wp-content\/uploads\/2025\/10\/GH_DJI-Matrice-400-Worry-Free-Plus-Combo_1.jpg\" \/>\n\t<meta property=\"og:image:width\" content=\"800\" \/>\n\t<meta property=\"og:image:height\" content=\"800\" \/>\n\t<meta property=\"og:image:type\" content=\"image\/jpeg\" \/>\n<meta name=\"twitter:card\" content=\"summary_large_image\" \/>\n<meta name=\"twitter:site\" content=\"@Gh0stysky\" \/>\n<meta name=\"twitter:label1\" content=\"Tempo estimado de leitura\" \/>\n\t<meta name=\"twitter:data1\" content=\"3 minutos\" \/>\n<script type=\"application\/ld+json\" class=\"yoast-schema-graph\">{\"@context\":\"https:\/\/schema.org\",\"@graph\":[{\"@type\":\"WebPage\",\"@id\":\"https:\/\/www.ghostysky.com\/product\/dji-matrice-400-worry-free-plus-combo\/\",\"url\":\"https:\/\/www.ghostysky.com\/product\/dji-matrice-400-worry-free-plus-combo\/\",\"name\":\"DJI Matrice 400 Worry-Free Plus Combo - Ghostysky\",\"isPartOf\":{\"@id\":\"https:\/\/www.ghostysky.com\/#website\"},\"primaryImageOfPage\":{\"@id\":\"https:\/\/www.ghostysky.com\/product\/dji-matrice-400-worry-free-plus-combo\/#primaryimage\"},\"image\":{\"@id\":\"https:\/\/www.ghostysky.com\/product\/dji-matrice-400-worry-free-plus-combo\/#primaryimage\"},\"thumbnailUrl\":\"https:\/\/www.ghostysky.com\/wp-content\/uploads\/2025\/10\/GH_DJI-Matrice-400-Worry-Free-Plus-Combo_1.jpg\",\"datePublished\":\"2025-10-18T03:15:36+00:00\",\"dateModified\":\"2025-10-18T03:41:14+00:00\",\"description\":\"The DJI Matrice 400 Worry-Free Plus Combo is the ultimate enterprise flagship drone platform, engineered for demanding industrial applications such as emergency response, power inspections, mapping, and Architecture, Engineering, and Construction (AEC). This combo ensures a comprehensive and reliable operational experience by including a premium care plan and essential accessories.\",\"breadcrumb\":{\"@id\":\"https:\/\/www.ghostysky.com\/product\/dji-matrice-400-worry-free-plus-combo\/#breadcrumb\"},\"inLanguage\":\"pt-PT\",\"potentialAction\":[{\"@type\":\"ReadAction\",\"target\":[\"https:\/\/www.ghostysky.com\/product\/dji-matrice-400-worry-free-plus-combo\/\"]}]},{\"@type\":\"ImageObject\",\"inLanguage\":\"pt-PT\",\"@id\":\"https:\/\/www.ghostysky.com\/product\/dji-matrice-400-worry-free-plus-combo\/#primaryimage\",\"url\":\"https:\/\/www.ghostysky.com\/wp-content\/uploads\/2025\/10\/GH_DJI-Matrice-400-Worry-Free-Plus-Combo_1.jpg\",\"contentUrl\":\"https:\/\/www.ghostysky.com\/wp-content\/uploads\/2025\/10\/GH_DJI-Matrice-400-Worry-Free-Plus-Combo_1.jpg\",\"width\":800,\"height\":800},{\"@type\":\"BreadcrumbList\",\"@id\":\"https:\/\/www.ghostysky.com\/product\/dji-matrice-400-worry-free-plus-combo\/#breadcrumb\",\"itemListElement\":[{\"@type\":\"ListItem\",\"position\":1,\"name\":\"Home\",\"item\":\"https:\/\/www.ghostysky.com\/\"},{\"@type\":\"ListItem\",\"position\":2,\"name\":\"Shop\",\"item\":\"https:\/\/www.ghostysky.com\/shop\/\"},{\"@type\":\"ListItem\",\"position\":3,\"name\":\"DJI Matrice 400 Worry-Free Plus Combo\"}]},{\"@type\":\"WebSite\",\"@id\":\"https:\/\/www.ghostysky.com\/#website\",\"url\":\"https:\/\/www.ghostysky.com\/\",\"name\":\"Ghostysky\",\"description\":\"Delivering professional drones and services\",\"publisher\":{\"@id\":\"https:\/\/www.ghostysky.com\/#organization\"},\"potentialAction\":[{\"@type\":\"SearchAction\",\"target\":{\"@type\":\"EntryPoint\",\"urlTemplate\":\"https:\/\/www.ghostysky.com\/?s={search_term_string}\"},\"query-input\":{\"@type\":\"PropertyValueSpecification\",\"valueRequired\":true,\"valueName\":\"search_term_string\"}}],\"inLanguage\":\"pt-PT\"},{\"@type\":\"Organization\",\"@id\":\"https:\/\/www.ghostysky.com\/#organization\",\"name\":\"Ghostysky\",\"url\":\"https:\/\/www.ghostysky.com\/\",\"logo\":{\"@type\":\"ImageObject\",\"inLanguage\":\"pt-PT\",\"@id\":\"https:\/\/www.ghostysky.com\/#\/schema\/logo\/image\/\",\"url\":\"https:\/\/www.ghostysky.com\/wp-content\/uploads\/2020\/06\/cropped-ghostyskylogo_text_white2.png\",\"contentUrl\":\"https:\/\/www.ghostysky.com\/wp-content\/uploads\/2020\/06\/cropped-ghostyskylogo_text_white2.png\",\"width\":169,\"height\":56,\"caption\":\"Ghostysky\"},\"image\":{\"@id\":\"https:\/\/www.ghostysky.com\/#\/schema\/logo\/image\/\"},\"sameAs\":[\"https:\/\/www.facebook.com\/people\/Ghostysky\/100057676170234\/\",\"https:\/\/x.com\/Gh0stysky\",\"https:\/\/www.linkedin.com\/company\/34739653\",\"https:\/\/www.instagram.com\/gh0stysky\"]}]}<\/script>\n<!-- \/ Yoast SEO plugin. -->","yoast_head_json":{"title":"Combo DJI Matrice 400 Worry-Free Plus - Ghostysky","description":"O DJI Matrice 400 Worry-Free Plus Combo \u00e9 a plataforma de drones empresarial mais avan\u00e7ada, projetada para aplica\u00e7\u00f5es industriais exigentes, como resposta a emerg\u00eancias, inspe\u00e7\u00f5es de energia, mapeamento e Arquitetura, Engenharia e Constru\u00e7\u00e3o (AEC). Este combo garante uma experi\u00eancia operacional abrangente e confi\u00e1vel, incluindo um plano de assist\u00eancia premium e acess\u00f3rios essenciais.","robots":{"index":"index","follow":"follow","max-snippet":"max-snippet:-1","max-image-preview":"max-image-preview:large","max-video-preview":"max-video-preview:-1"},"canonical":"https:\/\/www.ghostysky.com\/pt\/produto-2\/dji-matrice-400-worry-free-plus-combo\/","og_locale":"pt_PT","og_type":"article","og_title":"DJI Matrice 400 Worry-Free Plus Combo - Ghostysky","og_description":"The DJI Matrice 400 Worry-Free Plus Combo is the ultimate enterprise flagship drone platform, engineered for demanding industrial applications such as emergency response, power inspections, mapping, and Architecture, Engineering, and Construction (AEC). This combo ensures a comprehensive and reliable operational experience by including a premium care plan and essential accessories.","og_url":"https:\/\/www.ghostysky.com\/pt\/produto-2\/dji-matrice-400-worry-free-plus-combo\/","og_site_name":"Ghostysky","article_publisher":"https:\/\/www.facebook.com\/people\/Ghostysky\/100057676170234\/","article_modified_time":"2025-10-18T03:41:14+00:00","og_image":[{"width":800,"height":800,"url":"https:\/\/www.ghostysky.com\/wp-content\/uploads\/2025\/10\/GH_DJI-Matrice-400-Worry-Free-Plus-Combo_1.jpg","type":"image\/jpeg"}],"twitter_card":"summary_large_image","twitter_site":"@Gh0stysky","twitter_misc":{"Tempo estimado de leitura":"3 minutos"},"schema":{"@context":"https:\/\/schema.org","@graph":[{"@type":"WebPage","@id":"https:\/\/www.ghostysky.com\/product\/dji-matrice-400-worry-free-plus-combo\/","url":"https:\/\/www.ghostysky.com\/product\/dji-matrice-400-worry-free-plus-combo\/","name":"Combo DJI Matrice 400 Worry-Free Plus - Ghostysky","isPartOf":{"@id":"https:\/\/www.ghostysky.com\/#website"},"primaryImageOfPage":{"@id":"https:\/\/www.ghostysky.com\/product\/dji-matrice-400-worry-free-plus-combo\/#primaryimage"},"image":{"@id":"https:\/\/www.ghostysky.com\/product\/dji-matrice-400-worry-free-plus-combo\/#primaryimage"},"thumbnailUrl":"https:\/\/www.ghostysky.com\/wp-content\/uploads\/2025\/10\/GH_DJI-Matrice-400-Worry-Free-Plus-Combo_1.jpg","datePublished":"2025-10-18T03:15:36+00:00","dateModified":"2025-10-18T03:41:14+00:00","description":"O DJI Matrice 400 Worry-Free Plus Combo \u00e9 a plataforma de drones empresarial mais avan\u00e7ada, projetada para aplica\u00e7\u00f5es industriais exigentes, como resposta a emerg\u00eancias, inspe\u00e7\u00f5es de energia, mapeamento e Arquitetura, Engenharia e Constru\u00e7\u00e3o (AEC). Este combo garante uma experi\u00eancia operacional abrangente e confi\u00e1vel, incluindo um plano de assist\u00eancia premium e acess\u00f3rios essenciais.","breadcrumb":{"@id":"https:\/\/www.ghostysky.com\/product\/dji-matrice-400-worry-free-plus-combo\/#breadcrumb"},"inLanguage":"pt-PT","potentialAction":[{"@type":"ReadAction","target":["https:\/\/www.ghostysky.com\/product\/dji-matrice-400-worry-free-plus-combo\/"]}]},{"@type":"ImageObject","inLanguage":"pt-PT","@id":"https:\/\/www.ghostysky.com\/product\/dji-matrice-400-worry-free-plus-combo\/#primaryimage","url":"https:\/\/www.ghostysky.com\/wp-content\/uploads\/2025\/10\/GH_DJI-Matrice-400-Worry-Free-Plus-Combo_1.jpg","contentUrl":"https:\/\/www.ghostysky.com\/wp-content\/uploads\/2025\/10\/GH_DJI-Matrice-400-Worry-Free-Plus-Combo_1.jpg","width":800,"height":800},{"@type":"BreadcrumbList","@id":"https:\/\/www.ghostysky.com\/product\/dji-matrice-400-worry-free-plus-combo\/#breadcrumb","itemListElement":[{"@type":"ListItem","position":1,"name":"Home","item":"https:\/\/www.ghostysky.com\/"},{"@type":"ListItem","position":2,"name":"Shop","item":"https:\/\/www.ghostysky.com\/shop\/"},{"@type":"ListItem","position":3,"name":"DJI Matrice 400 Worry-Free Plus Combo"}]},{"@type":"WebSite","@id":"https:\/\/www.ghostysky.com\/#website","url":"https:\/\/www.ghostysky.com\/","name":"Ghostysky","description":"Fornecendo drones e servi\u00e7os profissionais","publisher":{"@id":"https:\/\/www.ghostysky.com\/#organization"},"potentialAction":[{"@type":"SearchAction","target":{"@type":"EntryPoint","urlTemplate":"https:\/\/www.ghostysky.com\/?s={search_term_string}"},"query-input":{"@type":"PropertyValueSpecification","valueRequired":true,"valueName":"search_term_string"}}],"inLanguage":"pt-PT"},{"@type":"Organization","@id":"https:\/\/www.ghostysky.com\/#organization","name":"Ghostysky","url":"https:\/\/www.ghostysky.com\/","logo":{"@type":"ImageObject","inLanguage":"pt-PT","@id":"https:\/\/www.ghostysky.com\/#\/schema\/logo\/image\/","url":"https:\/\/www.ghostysky.com\/wp-content\/uploads\/2020\/06\/cropped-ghostyskylogo_text_white2.png","contentUrl":"https:\/\/www.ghostysky.com\/wp-content\/uploads\/2020\/06\/cropped-ghostyskylogo_text_white2.png","width":169,"height":56,"caption":"Ghostysky"},"image":{"@id":"https:\/\/www.ghostysky.com\/#\/schema\/logo\/image\/"},"sameAs":["https:\/\/www.facebook.com\/people\/Ghostysky\/100057676170234\/","https:\/\/x.com\/Gh0stysky","https:\/\/www.linkedin.com\/company\/34739653","https:\/\/www.instagram.com\/gh0stysky"]}]}},"_links":{"self":[{"href":"https:\/\/www.ghostysky.com\/pt\/wp-json\/wp\/v2\/product\/21837","targetHints":{"allow":["GET"]}}],"collection":[{"href":"https:\/\/www.ghostysky.com\/pt\/wp-json\/wp\/v2\/product"}],"about":[{"href":"https:\/\/www.ghostysky.com\/pt\/wp-json\/wp\/v2\/types\/product"}],"replies":[{"embeddable":true,"href":"https:\/\/www.ghostysky.com\/pt\/wp-json\/wp\/v2\/comments?post=21837"}],"wp:featuredmedia":[{"embeddable":true,"href":"https:\/\/www.ghostysky.com\/pt\/wp-json\/wp\/v2\/media\/21840"}],"wp:attachment":[{"href":"https:\/\/www.ghostysky.com\/pt\/wp-json\/wp\/v2\/media?parent=21837"}],"wp:term":[{"taxonomy":"product_brand","embeddable":true,"href":"https:\/\/www.ghostysky.com\/pt\/wp-json\/wp\/v2\/product_brand?post=21837"},{"taxonomy":"product_cat","embeddable":true,"href":"https:\/\/www.ghostysky.com\/pt\/wp-json\/wp\/v2\/product_cat?post=21837"},{"taxonomy":"product_tag","embeddable":true,"href":"https:\/\/www.ghostysky.com\/pt\/wp-json\/wp\/v2\/product_tag?post=21837"}],"curies":[{"name":"wp","href":"https:\/\/api.w.org\/{rel}","templated":true}]}}