{"id":21841,"date":"2025-10-18T03:36:18","date_gmt":"2025-10-18T03:36:18","guid":{"rendered":"https:\/\/www.ghostysky.com\/?post_type=product&#038;p=21841"},"modified":"2025-10-18T04:16:37","modified_gmt":"2025-10-18T04:16:37","slug":"czi-ir10-infrared-zoom-spotlight","status":"publish","type":"product","link":"https:\/\/www.ghostysky.com\/pt\/product\/czi-ir10-infrared-zoom-spotlight\/","title":{"rendered":"Refletor com zoom infravermelho CZI IR10"},"content":{"rendered":"<div id=\"model-response-message-contentr_55bc02040a3d26f8\" class=\"markdown markdown-main-panel stronger enable-updated-hr-color\" dir=\"ltr\">\n<div id=\"model-response-message-contentr_7d191a1853b28634\" class=\"markdown markdown-main-panel stronger enable-updated-hr-color\" dir=\"ltr\">\n<div id=\"model-response-message-contentr_4bdeaa6da8c41b15\" class=\"markdown markdown-main-panel stronger enable-updated-hr-color\" dir=\"ltr\">\n<div id=\"model-response-message-contentr_e0d74dc8e10239d5\" class=\"markdown markdown-main-panel stronger enable-updated-hr-color\" dir=\"ltr\">\n<h3><b>Caracter\u00edsticas principais<\/b><\/h3>\n<ul>\n<li><b><span class=\"citation-1700\">Ilumina\u00e7\u00e3o infravermelha furtiva:<\/span><\/b><span class=\"citation-1700\"> Utiliza a mais recente tecnologia de gerador de laser de fibra para produzir um poderoso feixe de luz infravermelha (IR) que \u00e9 virtualmente <\/span><b><span class=\"citation-1700\">invis\u00edvel ao olho humano<\/span><\/b><span class=\"citation-1700 citation-end-1700\">, tornando-o ideal para opera\u00e7\u00f5es furtivas e secretas.<\/span><\/li>\n<li><b><span class=\"citation-1699\">Dist\u00e2ncia efetiva ultralonga:<\/span><\/b><span class=\"citation-1699\"> Fornece luz infravermelha de preenchimento clara com uma dist\u00e2ncia de ilumina\u00e7\u00e3o eficaz de <\/span><b><span class=\"citation-1699\">mais de 1000 metros<\/span><\/b><span class=\"citation-1699 citation-end-1699\"> (0,62 milhas).<\/span><\/li>\n<li><b><span class=\"citation-1698\">Zoom \u00f3ptico de 70x:<\/span><\/b><span class=\"citation-1698\"> Apresenta um impressionante <\/span><b><span class=\"citation-1698\">Zoom \u00f3ptico de 70x<\/span><\/b><span class=\"citation-1698 citation-end-1698\"> capacidade, permitindo rastreamento e reconhecimento altamente precisos com controle flex\u00edvel sobre o foco e o brilho do feixe (escurecimento linear).<\/span><\/li>\n<li><b><span class=\"citation-1697\">Imagem aprimorada:<\/span><\/b><span class=\"citation-1697\"> Funciona em conjunto com cargas \u00fateis compat\u00edveis como o <\/span><b><span class=\"citation-1697\">DJI Zenmuse H20\/H20T\/H20N<\/span><\/b><span class=\"citation-1697 citation-end-1697\"> (no modo IR) e outras c\u00e2meras com zoom gimbal para fornecer luz suplementar n\u00edtida e clara para imagens noturnas de alta qualidade.<\/span><\/li>\n<li><b><span class=\"citation-1696\">Desempenho em todas as condi\u00e7\u00f5es clim\u00e1ticas:<\/span><\/b><span class=\"citation-1696\"> Dispon\u00edvel em diferentes vers\u00f5es, incluindo uma <\/span><b><span class=\"citation-1696\">940 nm<\/span><\/b><span class=\"citation-1696\"> op\u00e7\u00e3o para exposi\u00e7\u00e3o m\u00ednima ao infravermelho (mais oculta) e uma <\/span><b><span class=\"citation-1696\">808 nm<\/span><\/b><span class=\"citation-1696 citation-end-1696\"> vers\u00e3o que oferece excelente penetra\u00e7\u00e3o de chuva, fuma\u00e7a e neblina, garantindo visibilidade clara em condi\u00e7\u00f5es ambientais desafiadoras.<\/span><\/li>\n<li><b>Constru\u00e7\u00e3o de n\u00edvel industrial:<\/b><span class=\"citation-1695\"> Constru\u00eddo com grupos de lentes \u00f3pticas de imagem, \u00e9 <\/span><b><span class=\"citation-1695\">\u00e0 prova d&#039;\u00e1gua e poeira<\/span><\/b><span class=\"citation-1695 citation-end-1695\">, suportando uma capacidade de partida a frio em temperaturas t\u00e3o baixas quanto <\/span><span class=\"math-inline\" data-math=\"-35^\\circ \\text{C}\"><span class=\"katex\"><span class=\"katex-html\" aria-hidden=\"true\"><span class=\"base\"><span class=\"mord\">\u2212<\/span><span class=\"mord\">3<\/span><span class=\"mord\">5<span class=\"msupsub\"><span class=\"vlist-t\"><span class=\"vlist-r\"><span class=\"vlist\"><span class=\"\"><span class=\"sizing reset-size6 size3 mtight\"><span class=\"mbin mtight\">\u2218<\/span><\/span><\/span><\/span><\/span><\/span><\/span><\/span><span class=\"mord text\"><span class=\"mord\">C<\/span><\/span><\/span><\/span><\/span><\/span><span class=\"citation-1694 citation-end-1694\">.<\/span><\/li>\n<li><b><span class=\"citation-1693\">Integra\u00e7\u00e3o perfeita com drones:<\/span><\/b><span class=\"citation-1693\"> Monta-se diretamente em drones DJI Enterprise compat\u00edveis, como o <\/span><b><span class=\"citation-1693\">S\u00e9ries Matrice 350 RTK, Matrice 300 RTK e Matrice 200 V2<\/span><\/b><span class=\"citation-1693\">, atrav\u00e9s do <\/span><b><span class=\"citation-1693\">DJI SkyPort V2.0<\/span><\/b><span class=\"citation-1693 citation-end-1693\"> interface.<\/span><\/li>\n<li><b><span class=\"citation-1692\">Recursos de seguran\u00e7a inteligentes:<\/span><\/b><span class=\"citation-1692 citation-end-1692\"> Chip inteligente integrado para autoverifica\u00e7\u00e3o do status da fonte de alimenta\u00e7\u00e3o e da temperatura do painel da l\u00e2mpada, incluindo prote\u00e7\u00e3o de desligamento autom\u00e1tico contra sobrecarga e sobretens\u00e3o.<\/span>\n<div class=\"source-inline-chip-container ng-star-inserted\"><\/div>\n<\/li>\n<\/ul>\n<p><span class=\"citation-1691\">O CZI IR10 \u00e9 uma ferramenta indispens\u00e1vel para profissionais de <\/span><b><span class=\"citation-1691\">aplica\u00e7\u00e3o da lei, seguran\u00e7a p\u00fablica, busca e salvamento e inspe\u00e7\u00e3o<\/span><\/b><span class=\"citation-1691 citation-end-1691\"> que exigem ilumina\u00e7\u00e3o superior e discreta para miss\u00f5es que v\u00e3o al\u00e9m da escurid\u00e3o visual.<\/span><\/p>\n<div class=\"source-inline-chip-container ng-star-inserted\"><\/div>\n<\/div>\n<\/div>\n<\/div>\n<\/div>","protected":false},"excerpt":{"rendered":"<p>O holofote infravermelho com zoom CZI IR10 \u00e9 uma poderosa carga \u00fatil de ilumina\u00e7\u00e3o a\u00e9rea de longo alcance, projetada para vis\u00e3o noturna avan\u00e7ada e vigil\u00e2ncia secreta usando drones DJI Enterprise.<\/p>","protected":false},"featured_media":21842,"comment_status":"open","ping_status":"closed","template":"","meta":[],"product_brand":[1031],"product_cat":[37,1125,1127],"product_tag":[42,1131,1128],"class_list":{"0":"post-21841","1":"product","2":"type-product","3":"status-publish","4":"has-post-thumbnail","6":"product_brand-dji","7":"product_cat-dji","8":"product_cat-matrice-400","9":"product_cat-matrice-400-accessories","10":"product_tag-dji","11":"product_tag-dji-matrice-400-accessories","12":"product_tag-dji-matrice-400-series","14":"first","15":"onbackorder","16":"taxable","17":"shipping-taxable","18":"purchasable","19":"product-type-simple"},"yoast_head":"<!-- This site is optimized with the Yoast SEO plugin v27.4 - https:\/\/yoast.com\/product\/yoast-seo-wordpress\/ -->\n<title>CZI IR10 Infrared Zoom Spotlight - Ghostysky<\/title>\n<meta name=\"description\" content=\"The CZI IR10 Infrared Zoom Spotlight is a powerful, long-range aerial illumination payload designed for advanced night vision and covert surveillance using DJI Enterprise drones.\" \/>\n<meta name=\"robots\" content=\"index, follow, max-snippet:-1, max-image-preview:large, max-video-preview:-1\" \/>\n<link rel=\"canonical\" href=\"https:\/\/www.ghostysky.com\/pt\/produto-2\/czi-ir10-infrared-zoom-spotlight\/\" \/>\n<meta property=\"og:locale\" content=\"pt_PT\" \/>\n<meta property=\"og:type\" content=\"article\" \/>\n<meta property=\"og:title\" content=\"CZI IR10 Infrared Zoom Spotlight - Ghostysky\" \/>\n<meta property=\"og:description\" content=\"The CZI IR10 Infrared Zoom Spotlight is a powerful, long-range aerial illumination payload designed for advanced night vision and covert surveillance using DJI Enterprise drones.\" \/>\n<meta property=\"og:url\" content=\"https:\/\/www.ghostysky.com\/pt\/produto-2\/czi-ir10-infrared-zoom-spotlight\/\" \/>\n<meta property=\"og:site_name\" content=\"Ghostysky\" \/>\n<meta property=\"article:publisher\" content=\"https:\/\/www.facebook.com\/people\/Ghostysky\/100057676170234\/\" \/>\n<meta property=\"article:modified_time\" content=\"2025-10-18T04:16:37+00:00\" \/>\n<meta property=\"og:image\" content=\"https:\/\/www.ghostysky.com\/wp-content\/uploads\/2025\/10\/GH_CZI-IR10-Infrared-Zoom-Spotlight_1.jpg\" \/>\n\t<meta property=\"og:image:width\" content=\"800\" \/>\n\t<meta property=\"og:image:height\" content=\"800\" \/>\n\t<meta property=\"og:image:type\" content=\"image\/jpeg\" \/>\n<meta name=\"twitter:card\" content=\"summary_large_image\" \/>\n<meta name=\"twitter:site\" content=\"@Gh0stysky\" \/>\n<meta name=\"twitter:label1\" content=\"Tempo estimado de leitura\" \/>\n\t<meta name=\"twitter:data1\" content=\"2 minutos\" \/>\n<script type=\"application\/ld+json\" class=\"yoast-schema-graph\">{\"@context\":\"https:\\\/\\\/schema.org\",\"@graph\":[{\"@type\":\"WebPage\",\"@id\":\"https:\\\/\\\/www.ghostysky.com\\\/product\\\/czi-ir10-infrared-zoom-spotlight\\\/\",\"url\":\"https:\\\/\\\/www.ghostysky.com\\\/product\\\/czi-ir10-infrared-zoom-spotlight\\\/\",\"name\":\"CZI IR10 Infrared Zoom Spotlight - Ghostysky\",\"isPartOf\":{\"@id\":\"https:\\\/\\\/www.ghostysky.com\\\/#website\"},\"primaryImageOfPage\":{\"@id\":\"https:\\\/\\\/www.ghostysky.com\\\/product\\\/czi-ir10-infrared-zoom-spotlight\\\/#primaryimage\"},\"image\":{\"@id\":\"https:\\\/\\\/www.ghostysky.com\\\/product\\\/czi-ir10-infrared-zoom-spotlight\\\/#primaryimage\"},\"thumbnailUrl\":\"https:\\\/\\\/www.ghostysky.com\\\/wp-content\\\/uploads\\\/2025\\\/10\\\/GH_CZI-IR10-Infrared-Zoom-Spotlight_1.jpg\",\"datePublished\":\"2025-10-18T03:36:18+00:00\",\"dateModified\":\"2025-10-18T04:16:37+00:00\",\"description\":\"The CZI IR10 Infrared Zoom Spotlight is a powerful, long-range aerial illumination payload designed for advanced night vision and covert surveillance using DJI Enterprise drones.\",\"breadcrumb\":{\"@id\":\"https:\\\/\\\/www.ghostysky.com\\\/product\\\/czi-ir10-infrared-zoom-spotlight\\\/#breadcrumb\"},\"inLanguage\":\"pt-PT\",\"potentialAction\":[{\"@type\":\"ReadAction\",\"target\":[\"https:\\\/\\\/www.ghostysky.com\\\/product\\\/czi-ir10-infrared-zoom-spotlight\\\/\"]}]},{\"@type\":\"ImageObject\",\"inLanguage\":\"pt-PT\",\"@id\":\"https:\\\/\\\/www.ghostysky.com\\\/product\\\/czi-ir10-infrared-zoom-spotlight\\\/#primaryimage\",\"url\":\"https:\\\/\\\/www.ghostysky.com\\\/wp-content\\\/uploads\\\/2025\\\/10\\\/GH_CZI-IR10-Infrared-Zoom-Spotlight_1.jpg\",\"contentUrl\":\"https:\\\/\\\/www.ghostysky.com\\\/wp-content\\\/uploads\\\/2025\\\/10\\\/GH_CZI-IR10-Infrared-Zoom-Spotlight_1.jpg\",\"width\":800,\"height\":800},{\"@type\":\"BreadcrumbList\",\"@id\":\"https:\\\/\\\/www.ghostysky.com\\\/product\\\/czi-ir10-infrared-zoom-spotlight\\\/#breadcrumb\",\"itemListElement\":[{\"@type\":\"ListItem\",\"position\":1,\"name\":\"Home\",\"item\":\"https:\\\/\\\/www.ghostysky.com\\\/\"},{\"@type\":\"ListItem\",\"position\":2,\"name\":\"Shop\",\"item\":\"https:\\\/\\\/www.ghostysky.com\\\/shop\\\/\"},{\"@type\":\"ListItem\",\"position\":3,\"name\":\"CZI IR10 Infrared Zoom Spotlight\"}]},{\"@type\":\"WebSite\",\"@id\":\"https:\\\/\\\/www.ghostysky.com\\\/#website\",\"url\":\"https:\\\/\\\/www.ghostysky.com\\\/\",\"name\":\"Ghostysky\",\"description\":\"Delivering professional drones and robotics solutions\",\"publisher\":{\"@id\":\"https:\\\/\\\/www.ghostysky.com\\\/#organization\"},\"potentialAction\":[{\"@type\":\"SearchAction\",\"target\":{\"@type\":\"EntryPoint\",\"urlTemplate\":\"https:\\\/\\\/www.ghostysky.com\\\/?s={search_term_string}\"},\"query-input\":{\"@type\":\"PropertyValueSpecification\",\"valueRequired\":true,\"valueName\":\"search_term_string\"}}],\"inLanguage\":\"pt-PT\"},{\"@type\":\"Organization\",\"@id\":\"https:\\\/\\\/www.ghostysky.com\\\/#organization\",\"name\":\"Ghostysky\",\"url\":\"https:\\\/\\\/www.ghostysky.com\\\/\",\"logo\":{\"@type\":\"ImageObject\",\"inLanguage\":\"pt-PT\",\"@id\":\"https:\\\/\\\/www.ghostysky.com\\\/#\\\/schema\\\/logo\\\/image\\\/\",\"url\":\"https:\\\/\\\/www.ghostysky.com\\\/wp-content\\\/uploads\\\/2020\\\/06\\\/cropped-ghostyskylogo_text_white2.png\",\"contentUrl\":\"https:\\\/\\\/www.ghostysky.com\\\/wp-content\\\/uploads\\\/2020\\\/06\\\/cropped-ghostyskylogo_text_white2.png\",\"width\":169,\"height\":56,\"caption\":\"Ghostysky\"},\"image\":{\"@id\":\"https:\\\/\\\/www.ghostysky.com\\\/#\\\/schema\\\/logo\\\/image\\\/\"},\"sameAs\":[\"https:\\\/\\\/www.facebook.com\\\/people\\\/Ghostysky\\\/100057676170234\\\/\",\"https:\\\/\\\/x.com\\\/Gh0stysky\",\"https:\\\/\\\/www.linkedin.com\\\/company\\\/34739653\",\"https:\\\/\\\/www.instagram.com\\\/gh0stysky\"]}]}<\/script>\n<!-- \/ Yoast SEO plugin. -->","yoast_head_json":{"title":"Refletor com zoom infravermelho CZI IR10 - Ghostysky","description":"O holofote infravermelho com zoom CZI IR10 \u00e9 uma poderosa carga \u00fatil de ilumina\u00e7\u00e3o a\u00e9rea de longo alcance, projetada para vis\u00e3o noturna avan\u00e7ada e vigil\u00e2ncia secreta usando drones DJI Enterprise.","robots":{"index":"index","follow":"follow","max-snippet":"max-snippet:-1","max-image-preview":"max-image-preview:large","max-video-preview":"max-video-preview:-1"},"canonical":"https:\/\/www.ghostysky.com\/pt\/produto-2\/czi-ir10-infrared-zoom-spotlight\/","og_locale":"pt_PT","og_type":"article","og_title":"CZI IR10 Infrared Zoom Spotlight - Ghostysky","og_description":"The CZI IR10 Infrared Zoom Spotlight is a powerful, long-range aerial illumination payload designed for advanced night vision and covert surveillance using DJI Enterprise drones.","og_url":"https:\/\/www.ghostysky.com\/pt\/produto-2\/czi-ir10-infrared-zoom-spotlight\/","og_site_name":"Ghostysky","article_publisher":"https:\/\/www.facebook.com\/people\/Ghostysky\/100057676170234\/","article_modified_time":"2025-10-18T04:16:37+00:00","og_image":[{"width":800,"height":800,"url":"https:\/\/www.ghostysky.com\/wp-content\/uploads\/2025\/10\/GH_CZI-IR10-Infrared-Zoom-Spotlight_1.jpg","type":"image\/jpeg"}],"twitter_card":"summary_large_image","twitter_site":"@Gh0stysky","twitter_misc":{"Tempo estimado de leitura":"2 minutos"},"schema":{"@context":"https:\/\/schema.org","@graph":[{"@type":"WebPage","@id":"https:\/\/www.ghostysky.com\/product\/czi-ir10-infrared-zoom-spotlight\/","url":"https:\/\/www.ghostysky.com\/product\/czi-ir10-infrared-zoom-spotlight\/","name":"Refletor com zoom infravermelho CZI IR10 - Ghostysky","isPartOf":{"@id":"https:\/\/www.ghostysky.com\/#website"},"primaryImageOfPage":{"@id":"https:\/\/www.ghostysky.com\/product\/czi-ir10-infrared-zoom-spotlight\/#primaryimage"},"image":{"@id":"https:\/\/www.ghostysky.com\/product\/czi-ir10-infrared-zoom-spotlight\/#primaryimage"},"thumbnailUrl":"https:\/\/www.ghostysky.com\/wp-content\/uploads\/2025\/10\/GH_CZI-IR10-Infrared-Zoom-Spotlight_1.jpg","datePublished":"2025-10-18T03:36:18+00:00","dateModified":"2025-10-18T04:16:37+00:00","description":"O holofote infravermelho com zoom CZI IR10 \u00e9 uma poderosa carga \u00fatil de ilumina\u00e7\u00e3o a\u00e9rea de longo alcance, projetada para vis\u00e3o noturna avan\u00e7ada e vigil\u00e2ncia secreta usando drones DJI Enterprise.","breadcrumb":{"@id":"https:\/\/www.ghostysky.com\/product\/czi-ir10-infrared-zoom-spotlight\/#breadcrumb"},"inLanguage":"pt-PT","potentialAction":[{"@type":"ReadAction","target":["https:\/\/www.ghostysky.com\/product\/czi-ir10-infrared-zoom-spotlight\/"]}]},{"@type":"ImageObject","inLanguage":"pt-PT","@id":"https:\/\/www.ghostysky.com\/product\/czi-ir10-infrared-zoom-spotlight\/#primaryimage","url":"https:\/\/www.ghostysky.com\/wp-content\/uploads\/2025\/10\/GH_CZI-IR10-Infrared-Zoom-Spotlight_1.jpg","contentUrl":"https:\/\/www.ghostysky.com\/wp-content\/uploads\/2025\/10\/GH_CZI-IR10-Infrared-Zoom-Spotlight_1.jpg","width":800,"height":800},{"@type":"BreadcrumbList","@id":"https:\/\/www.ghostysky.com\/product\/czi-ir10-infrared-zoom-spotlight\/#breadcrumb","itemListElement":[{"@type":"ListItem","position":1,"name":"Home","item":"https:\/\/www.ghostysky.com\/"},{"@type":"ListItem","position":2,"name":"Shop","item":"https:\/\/www.ghostysky.com\/shop\/"},{"@type":"ListItem","position":3,"name":"CZI IR10 Infrared Zoom Spotlight"}]},{"@type":"WebSite","@id":"https:\/\/www.ghostysky.com\/#website","url":"https:\/\/www.ghostysky.com\/","name":"Ghostysky","description":"Fornecendo solu\u00e7\u00f5es profissionais em drones e rob\u00f3tica.","publisher":{"@id":"https:\/\/www.ghostysky.com\/#organization"},"potentialAction":[{"@type":"SearchAction","target":{"@type":"EntryPoint","urlTemplate":"https:\/\/www.ghostysky.com\/?s={search_term_string}"},"query-input":{"@type":"PropertyValueSpecification","valueRequired":true,"valueName":"search_term_string"}}],"inLanguage":"pt-PT"},{"@type":"Organization","@id":"https:\/\/www.ghostysky.com\/#organization","name":"Ghostysky","url":"https:\/\/www.ghostysky.com\/","logo":{"@type":"ImageObject","inLanguage":"pt-PT","@id":"https:\/\/www.ghostysky.com\/#\/schema\/logo\/image\/","url":"https:\/\/www.ghostysky.com\/wp-content\/uploads\/2020\/06\/cropped-ghostyskylogo_text_white2.png","contentUrl":"https:\/\/www.ghostysky.com\/wp-content\/uploads\/2020\/06\/cropped-ghostyskylogo_text_white2.png","width":169,"height":56,"caption":"Ghostysky"},"image":{"@id":"https:\/\/www.ghostysky.com\/#\/schema\/logo\/image\/"},"sameAs":["https:\/\/www.facebook.com\/people\/Ghostysky\/100057676170234\/","https:\/\/x.com\/Gh0stysky","https:\/\/www.linkedin.com\/company\/34739653","https:\/\/www.instagram.com\/gh0stysky"]}]}},"_links":{"self":[{"href":"https:\/\/www.ghostysky.com\/pt\/wp-json\/wp\/v2\/product\/21841","targetHints":{"allow":["GET"]}}],"collection":[{"href":"https:\/\/www.ghostysky.com\/pt\/wp-json\/wp\/v2\/product"}],"about":[{"href":"https:\/\/www.ghostysky.com\/pt\/wp-json\/wp\/v2\/types\/product"}],"replies":[{"embeddable":true,"href":"https:\/\/www.ghostysky.com\/pt\/wp-json\/wp\/v2\/comments?post=21841"}],"version-history":[{"count":0,"href":"https:\/\/www.ghostysky.com\/pt\/wp-json\/wp\/v2\/product\/21841\/revisions"}],"wp:featuredmedia":[{"embeddable":true,"href":"https:\/\/www.ghostysky.com\/pt\/wp-json\/wp\/v2\/media\/21842"}],"wp:attachment":[{"href":"https:\/\/www.ghostysky.com\/pt\/wp-json\/wp\/v2\/media?parent=21841"}],"wp:term":[{"taxonomy":"product_brand","embeddable":true,"href":"https:\/\/www.ghostysky.com\/pt\/wp-json\/wp\/v2\/product_brand?post=21841"},{"taxonomy":"product_cat","embeddable":true,"href":"https:\/\/www.ghostysky.com\/pt\/wp-json\/wp\/v2\/product_cat?post=21841"},{"taxonomy":"product_tag","embeddable":true,"href":"https:\/\/www.ghostysky.com\/pt\/wp-json\/wp\/v2\/product_tag?post=21841"}],"curies":[{"name":"wp","href":"https:\/\/api.w.org\/{rel}","templated":true}]}}