{"id":21868,"date":"2025-10-18T04:16:52","date_gmt":"2025-10-18T04:16:52","guid":{"rendered":"https:\/\/www.ghostysky.com\/?post_type=product&#038;p=21868"},"modified":"2025-10-18T04:21:27","modified_gmt":"2025-10-18T04:21:27","slug":"dji-tb100-intelligent-flight-battery","status":"publish","type":"product","link":"https:\/\/www.ghostysky.com\/pt\/product\/dji-tb100-intelligent-flight-battery\/","title":{"rendered":"Bateria de voo inteligente DJI TB100"},"content":{"rendered":"<div id=\"model-response-message-contentr_55bc02040a3d26f8\" class=\"markdown markdown-main-panel stronger enable-updated-hr-color\" dir=\"ltr\">\n<div id=\"model-response-message-contentr_7d191a1853b28634\" class=\"markdown markdown-main-panel stronger enable-updated-hr-color\" dir=\"ltr\">\n<div id=\"model-response-message-contentr_4bdeaa6da8c41b15\" class=\"markdown markdown-main-panel stronger enable-updated-hr-color\" dir=\"ltr\">\n<div id=\"model-response-message-contentr_e0d74dc8e10239d5\" class=\"markdown markdown-main-panel stronger enable-updated-hr-color\" dir=\"ltr\">\n<h3>Principais recursos e desempenho<\/h3>\n<ul>\n<li><b><span class=\"citation-1745\">Capacidade ultra-alta:<\/span><\/b><span class=\"citation-1745\"> Com uma capacidade significativa de <\/span><b><span class=\"citation-1745\">20.254 mAh<\/span><\/b><span class=\"citation-1745\"> e <\/span><b><span class=\"citation-1745\">977 Wh<\/span><\/b><span class=\"citation-1745\"> de energia, o TB100 estende sua janela operacional, oferecendo um impressionante tempo m\u00e1ximo de voo de <\/span><b><span class=\"citation-1745\">at\u00e9 59 minutos<\/span><\/b><span class=\"citation-1745 citation-end-1745\"> (sem carga \u00fatil).<\/span><\/li>\n<li><b>Autogest\u00e3o Inteligente:<\/b><span class=\"citation-1744\"> O sistema integrado de gerenciamento de bateria monitora ativamente a tens\u00e3o, a corrente e a temperatura, fornecendo <\/span><b><span class=\"citation-1744\">prote\u00e7\u00e3o de seguran\u00e7a multicamadas<\/span><\/b><span class=\"citation-1744 citation-end-1744\"> contra sobrecarga, descarga excessiva e curto-circuitos.<\/span><\/li>\n<li><b>Vida \u00fatil estendida:<\/b><span class=\"citation-1743\"> A bateria possui c\u00e9lulas de alta energia que suportam at\u00e9 <\/span><b><span class=\"citation-1743\">400 ciclos de carga<\/span><\/b><span class=\"citation-1743 citation-end-1743\">, reduzindo significativamente o custo de longo prazo por voo para usu\u00e1rios frequentes.<\/span><\/li>\n<li><b>Confiabilidade em todas as condi\u00e7\u00f5es clim\u00e1ticas:<\/b><span class=\"citation-1742\"> O TB100 est\u00e1 equipado com um <\/span><b><span class=\"citation-1742\">sistema de autoaquecimento<\/span><\/b><span class=\"citation-1742 citation-end-1742\"> que ativa automaticamente em ambientes frios, garantindo um desempenho confi\u00e1vel em temperaturas que variam de t\u00e3o baixas quanto <sup class=\"superscript\" data-turn-source-index=\"6\">6<\/sup><\/span><b><span class=\"math-inline\" data-math=\"-20^\\circ \\text{C}\">$-20^\\circ \\texto{C}$<\/span><span class=\"citation-1741 citation-end-1741\"> (<sup class=\"superscript\" data-turn-source-index=\"7\">7<\/sup><\/span><span class=\"math-inline\" data-math=\"-4^\\circ \\text{F}\">$-4^\\circ \\texto{F}$<\/span><span class=\"citation-1740\">)<\/span><\/b><span class=\"citation-1740 citation-end-1740\">.<\/span><\/li>\n<li><b><span class=\"citation-1739\">Design intercambi\u00e1vel a quente:<\/span><\/b><span class=\"citation-1739\"> Projetado perfeitamente para funcionar com o sistema de energia do Matrice 400, a bateria suporta <\/span><b><span class=\"citation-1739\">capacidades de troca a quente<\/span><\/b><span class=\"citation-1739 citation-end-1739\"> para minimizar o tempo de inatividade e manter miss\u00f5es cr\u00edticas no ar durante as trocas de bateria.<\/span><\/li>\n<li><b><span class=\"citation-1738\">Carregamento r\u00e1pido:<\/span><\/b><span class=\"citation-1738 citation-end-1738\"> Quando emparelhado com uma solu\u00e7\u00e3o de carregamento compat\u00edvel, como a Esta\u00e7\u00e3o de Bateria Inteligente DJI BS100, o TB100 suporta carregamento r\u00e1pido para colocar seu drone de volta no ar rapidamente.<\/span><\/li>\n<\/ul>\n<p><span class=\"citation-1737 citation-end-1737 interactive-span-hovered\">O TB100 \u00e9 mais do que apenas uma fonte de energia; \u00e9 um componente inteligente que garante fornecimento de energia est\u00e1vel, previs\u00edvel e seguro para opera\u00e7\u00f5es cr\u00edticas como levantamento, inspe\u00e7\u00e3o e busca e salvamento.<\/span><\/p>\n<h4>Compatibilidade<\/h4>\n<p>DJI Matrice 400<\/p>\n<\/div>\n<\/div>\n<\/div>\n<\/div>","protected":false},"excerpt":{"rendered":"<p><span class=\"citation-1747\">O <\/span><b><span class=\"citation-1747\">Bateria de voo inteligente DJI TB100<\/span><\/b><span class=\"citation-1747\"> \u00e9 uma solu\u00e7\u00e3o de energia de alta capacidade projetada especificamente para o n\u00edvel profissional <\/span><b><span class=\"citation-1747\">DJI Matrice 400<\/span><\/b><span class=\"citation-1747 citation-end-1747\"> plataforma de drones.<\/span> <span class=\"citation-1746\">Projetado para miss\u00f5es industriais e empresariais de longa dura\u00e7\u00e3o, o TB100 combina c\u00e9lulas de energia de alto desempenho com gerenciamento avan\u00e7ado de bateria para fornecer <\/span><b><span class=\"citation-1746\">tempo m\u00e1ximo de voo<\/span><\/b><span class=\"citation-1746\"> e <\/span><b><span class=\"citation-1746\">confiabilidade inabal\u00e1vel<\/span><\/b><span class=\"citation-1746 citation-end-1746\"> em ambientes operacionais exigentes.<\/span><\/p>","protected":false},"featured_media":21870,"comment_status":"open","ping_status":"closed","template":"","meta":[],"product_brand":[1031],"product_cat":[37,1125,1127],"product_tag":[42,1131,1128],"class_list":{"0":"post-21868","1":"product","2":"type-product","3":"status-publish","4":"has-post-thumbnail","6":"product_brand-dji","7":"product_cat-dji","8":"product_cat-matrice-400","9":"product_cat-matrice-400-accessories","10":"product_tag-dji","11":"product_tag-dji-matrice-400-accessories","12":"product_tag-dji-matrice-400-series","14":"first","15":"onbackorder","16":"taxable","17":"shipping-taxable","18":"purchasable","19":"product-type-simple"},"yoast_head":"<!-- This site is optimized with the Yoast SEO plugin v27.4 - https:\/\/yoast.com\/product\/yoast-seo-wordpress\/ -->\n<title>DJI TB100 Intelligent Flight Battery - Ghostysky<\/title>\n<meta name=\"description\" content=\"The DJI TB100 Intelligent Flight Battery is a high-capacity power solution engineered specifically for the professional-grade DJI Matrice 400 drone platform. Designed for long-duration industrial and enterprise missions, the TB100 combines high-performance energy cells with advanced battery management to deliver maximum flight time and unwavering reliability in demanding operational environments.\" \/>\n<meta name=\"robots\" content=\"index, follow, max-snippet:-1, max-image-preview:large, max-video-preview:-1\" \/>\n<link rel=\"canonical\" href=\"https:\/\/www.ghostysky.com\/pt\/produto-2\/dji-tb100-intelligent-flight-battery\/\" \/>\n<meta property=\"og:locale\" content=\"pt_PT\" \/>\n<meta property=\"og:type\" content=\"article\" \/>\n<meta property=\"og:title\" content=\"DJI TB100 Intelligent Flight Battery - Ghostysky\" \/>\n<meta property=\"og:description\" content=\"The DJI TB100 Intelligent Flight Battery is a high-capacity power solution engineered specifically for the professional-grade DJI Matrice 400 drone platform. Designed for long-duration industrial and enterprise missions, the TB100 combines high-performance energy cells with advanced battery management to deliver maximum flight time and unwavering reliability in demanding operational environments.\" \/>\n<meta property=\"og:url\" content=\"https:\/\/www.ghostysky.com\/pt\/produto-2\/dji-tb100-intelligent-flight-battery\/\" \/>\n<meta property=\"og:site_name\" content=\"Ghostysky\" \/>\n<meta property=\"article:publisher\" content=\"https:\/\/www.facebook.com\/people\/Ghostysky\/100057676170234\/\" \/>\n<meta property=\"article:modified_time\" content=\"2025-10-18T04:21:27+00:00\" \/>\n<meta property=\"og:image\" content=\"https:\/\/www.ghostysky.com\/wp-content\/uploads\/2025\/10\/GH_DJI-TB100-Intelligent-Flight-Battery__.jpg\" \/>\n\t<meta property=\"og:image:width\" content=\"800\" \/>\n\t<meta property=\"og:image:height\" content=\"800\" \/>\n\t<meta property=\"og:image:type\" content=\"image\/jpeg\" \/>\n<meta name=\"twitter:card\" content=\"summary_large_image\" \/>\n<meta name=\"twitter:site\" content=\"@Gh0stysky\" \/>\n<meta name=\"twitter:label1\" content=\"Tempo estimado de leitura\" \/>\n\t<meta name=\"twitter:data1\" content=\"2 minutos\" \/>\n<script type=\"application\/ld+json\" class=\"yoast-schema-graph\">{\"@context\":\"https:\\\/\\\/schema.org\",\"@graph\":[{\"@type\":\"WebPage\",\"@id\":\"https:\\\/\\\/www.ghostysky.com\\\/product\\\/dji-tb100-intelligent-flight-battery\\\/\",\"url\":\"https:\\\/\\\/www.ghostysky.com\\\/product\\\/dji-tb100-intelligent-flight-battery\\\/\",\"name\":\"DJI TB100 Intelligent Flight Battery - Ghostysky\",\"isPartOf\":{\"@id\":\"https:\\\/\\\/www.ghostysky.com\\\/#website\"},\"primaryImageOfPage\":{\"@id\":\"https:\\\/\\\/www.ghostysky.com\\\/product\\\/dji-tb100-intelligent-flight-battery\\\/#primaryimage\"},\"image\":{\"@id\":\"https:\\\/\\\/www.ghostysky.com\\\/product\\\/dji-tb100-intelligent-flight-battery\\\/#primaryimage\"},\"thumbnailUrl\":\"https:\\\/\\\/www.ghostysky.com\\\/wp-content\\\/uploads\\\/2025\\\/10\\\/GH_DJI-TB100-Intelligent-Flight-Battery__.jpg\",\"datePublished\":\"2025-10-18T04:16:52+00:00\",\"dateModified\":\"2025-10-18T04:21:27+00:00\",\"description\":\"The DJI TB100 Intelligent Flight Battery is a high-capacity power solution engineered specifically for the professional-grade DJI Matrice 400 drone platform. Designed for long-duration industrial and enterprise missions, the TB100 combines high-performance energy cells with advanced battery management to deliver maximum flight time and unwavering reliability in demanding operational environments.\",\"breadcrumb\":{\"@id\":\"https:\\\/\\\/www.ghostysky.com\\\/product\\\/dji-tb100-intelligent-flight-battery\\\/#breadcrumb\"},\"inLanguage\":\"pt-PT\",\"potentialAction\":[{\"@type\":\"ReadAction\",\"target\":[\"https:\\\/\\\/www.ghostysky.com\\\/product\\\/dji-tb100-intelligent-flight-battery\\\/\"]}]},{\"@type\":\"ImageObject\",\"inLanguage\":\"pt-PT\",\"@id\":\"https:\\\/\\\/www.ghostysky.com\\\/product\\\/dji-tb100-intelligent-flight-battery\\\/#primaryimage\",\"url\":\"https:\\\/\\\/www.ghostysky.com\\\/wp-content\\\/uploads\\\/2025\\\/10\\\/GH_DJI-TB100-Intelligent-Flight-Battery__.jpg\",\"contentUrl\":\"https:\\\/\\\/www.ghostysky.com\\\/wp-content\\\/uploads\\\/2025\\\/10\\\/GH_DJI-TB100-Intelligent-Flight-Battery__.jpg\",\"width\":800,\"height\":800},{\"@type\":\"BreadcrumbList\",\"@id\":\"https:\\\/\\\/www.ghostysky.com\\\/product\\\/dji-tb100-intelligent-flight-battery\\\/#breadcrumb\",\"itemListElement\":[{\"@type\":\"ListItem\",\"position\":1,\"name\":\"Home\",\"item\":\"https:\\\/\\\/www.ghostysky.com\\\/\"},{\"@type\":\"ListItem\",\"position\":2,\"name\":\"Shop\",\"item\":\"https:\\\/\\\/www.ghostysky.com\\\/shop\\\/\"},{\"@type\":\"ListItem\",\"position\":3,\"name\":\"DJI TB100 Intelligent Flight Battery\"}]},{\"@type\":\"WebSite\",\"@id\":\"https:\\\/\\\/www.ghostysky.com\\\/#website\",\"url\":\"https:\\\/\\\/www.ghostysky.com\\\/\",\"name\":\"Ghostysky\",\"description\":\"Delivering professional drones and robotics solutions\",\"publisher\":{\"@id\":\"https:\\\/\\\/www.ghostysky.com\\\/#organization\"},\"potentialAction\":[{\"@type\":\"SearchAction\",\"target\":{\"@type\":\"EntryPoint\",\"urlTemplate\":\"https:\\\/\\\/www.ghostysky.com\\\/?s={search_term_string}\"},\"query-input\":{\"@type\":\"PropertyValueSpecification\",\"valueRequired\":true,\"valueName\":\"search_term_string\"}}],\"inLanguage\":\"pt-PT\"},{\"@type\":\"Organization\",\"@id\":\"https:\\\/\\\/www.ghostysky.com\\\/#organization\",\"name\":\"Ghostysky\",\"url\":\"https:\\\/\\\/www.ghostysky.com\\\/\",\"logo\":{\"@type\":\"ImageObject\",\"inLanguage\":\"pt-PT\",\"@id\":\"https:\\\/\\\/www.ghostysky.com\\\/#\\\/schema\\\/logo\\\/image\\\/\",\"url\":\"https:\\\/\\\/www.ghostysky.com\\\/wp-content\\\/uploads\\\/2020\\\/06\\\/cropped-ghostyskylogo_text_white2.png\",\"contentUrl\":\"https:\\\/\\\/www.ghostysky.com\\\/wp-content\\\/uploads\\\/2020\\\/06\\\/cropped-ghostyskylogo_text_white2.png\",\"width\":169,\"height\":56,\"caption\":\"Ghostysky\"},\"image\":{\"@id\":\"https:\\\/\\\/www.ghostysky.com\\\/#\\\/schema\\\/logo\\\/image\\\/\"},\"sameAs\":[\"https:\\\/\\\/www.facebook.com\\\/people\\\/Ghostysky\\\/100057676170234\\\/\",\"https:\\\/\\\/x.com\\\/Gh0stysky\",\"https:\\\/\\\/www.linkedin.com\\\/company\\\/34739653\",\"https:\\\/\\\/www.instagram.com\\\/gh0stysky\"]}]}<\/script>\n<!-- \/ Yoast SEO plugin. -->","yoast_head_json":{"title":"Bateria de voo inteligente DJI TB100 - Ghostysky","description":"A Bateria de Voo Inteligente DJI TB100 \u00e9 uma solu\u00e7\u00e3o de energia de alta capacidade projetada especificamente para a plataforma de drones profissionais DJI Matrice 400. Projetada para miss\u00f5es industriais e empresariais de longa dura\u00e7\u00e3o, a TB100 combina c\u00e9lulas de energia de alto desempenho com gerenciamento avan\u00e7ado de bateria para proporcionar o m\u00e1ximo tempo de voo e confiabilidade inabal\u00e1vel em ambientes operacionais exigentes.","robots":{"index":"index","follow":"follow","max-snippet":"max-snippet:-1","max-image-preview":"max-image-preview:large","max-video-preview":"max-video-preview:-1"},"canonical":"https:\/\/www.ghostysky.com\/pt\/produto-2\/dji-tb100-intelligent-flight-battery\/","og_locale":"pt_PT","og_type":"article","og_title":"DJI TB100 Intelligent Flight Battery - Ghostysky","og_description":"The DJI TB100 Intelligent Flight Battery is a high-capacity power solution engineered specifically for the professional-grade DJI Matrice 400 drone platform. Designed for long-duration industrial and enterprise missions, the TB100 combines high-performance energy cells with advanced battery management to deliver maximum flight time and unwavering reliability in demanding operational environments.","og_url":"https:\/\/www.ghostysky.com\/pt\/produto-2\/dji-tb100-intelligent-flight-battery\/","og_site_name":"Ghostysky","article_publisher":"https:\/\/www.facebook.com\/people\/Ghostysky\/100057676170234\/","article_modified_time":"2025-10-18T04:21:27+00:00","og_image":[{"width":800,"height":800,"url":"https:\/\/www.ghostysky.com\/wp-content\/uploads\/2025\/10\/GH_DJI-TB100-Intelligent-Flight-Battery__.jpg","type":"image\/jpeg"}],"twitter_card":"summary_large_image","twitter_site":"@Gh0stysky","twitter_misc":{"Tempo estimado de leitura":"2 minutos"},"schema":{"@context":"https:\/\/schema.org","@graph":[{"@type":"WebPage","@id":"https:\/\/www.ghostysky.com\/product\/dji-tb100-intelligent-flight-battery\/","url":"https:\/\/www.ghostysky.com\/product\/dji-tb100-intelligent-flight-battery\/","name":"Bateria de voo inteligente DJI TB100 - Ghostysky","isPartOf":{"@id":"https:\/\/www.ghostysky.com\/#website"},"primaryImageOfPage":{"@id":"https:\/\/www.ghostysky.com\/product\/dji-tb100-intelligent-flight-battery\/#primaryimage"},"image":{"@id":"https:\/\/www.ghostysky.com\/product\/dji-tb100-intelligent-flight-battery\/#primaryimage"},"thumbnailUrl":"https:\/\/www.ghostysky.com\/wp-content\/uploads\/2025\/10\/GH_DJI-TB100-Intelligent-Flight-Battery__.jpg","datePublished":"2025-10-18T04:16:52+00:00","dateModified":"2025-10-18T04:21:27+00:00","description":"A Bateria de Voo Inteligente DJI TB100 \u00e9 uma solu\u00e7\u00e3o de energia de alta capacidade projetada especificamente para a plataforma de drones profissionais DJI Matrice 400. Projetada para miss\u00f5es industriais e empresariais de longa dura\u00e7\u00e3o, a TB100 combina c\u00e9lulas de energia de alto desempenho com gerenciamento avan\u00e7ado de bateria para proporcionar o m\u00e1ximo tempo de voo e confiabilidade inabal\u00e1vel em ambientes operacionais exigentes.","breadcrumb":{"@id":"https:\/\/www.ghostysky.com\/product\/dji-tb100-intelligent-flight-battery\/#breadcrumb"},"inLanguage":"pt-PT","potentialAction":[{"@type":"ReadAction","target":["https:\/\/www.ghostysky.com\/product\/dji-tb100-intelligent-flight-battery\/"]}]},{"@type":"ImageObject","inLanguage":"pt-PT","@id":"https:\/\/www.ghostysky.com\/product\/dji-tb100-intelligent-flight-battery\/#primaryimage","url":"https:\/\/www.ghostysky.com\/wp-content\/uploads\/2025\/10\/GH_DJI-TB100-Intelligent-Flight-Battery__.jpg","contentUrl":"https:\/\/www.ghostysky.com\/wp-content\/uploads\/2025\/10\/GH_DJI-TB100-Intelligent-Flight-Battery__.jpg","width":800,"height":800},{"@type":"BreadcrumbList","@id":"https:\/\/www.ghostysky.com\/product\/dji-tb100-intelligent-flight-battery\/#breadcrumb","itemListElement":[{"@type":"ListItem","position":1,"name":"Home","item":"https:\/\/www.ghostysky.com\/"},{"@type":"ListItem","position":2,"name":"Shop","item":"https:\/\/www.ghostysky.com\/shop\/"},{"@type":"ListItem","position":3,"name":"DJI TB100 Intelligent Flight Battery"}]},{"@type":"WebSite","@id":"https:\/\/www.ghostysky.com\/#website","url":"https:\/\/www.ghostysky.com\/","name":"Ghostysky","description":"Fornecendo solu\u00e7\u00f5es profissionais em drones e rob\u00f3tica.","publisher":{"@id":"https:\/\/www.ghostysky.com\/#organization"},"potentialAction":[{"@type":"SearchAction","target":{"@type":"EntryPoint","urlTemplate":"https:\/\/www.ghostysky.com\/?s={search_term_string}"},"query-input":{"@type":"PropertyValueSpecification","valueRequired":true,"valueName":"search_term_string"}}],"inLanguage":"pt-PT"},{"@type":"Organization","@id":"https:\/\/www.ghostysky.com\/#organization","name":"Ghostysky","url":"https:\/\/www.ghostysky.com\/","logo":{"@type":"ImageObject","inLanguage":"pt-PT","@id":"https:\/\/www.ghostysky.com\/#\/schema\/logo\/image\/","url":"https:\/\/www.ghostysky.com\/wp-content\/uploads\/2020\/06\/cropped-ghostyskylogo_text_white2.png","contentUrl":"https:\/\/www.ghostysky.com\/wp-content\/uploads\/2020\/06\/cropped-ghostyskylogo_text_white2.png","width":169,"height":56,"caption":"Ghostysky"},"image":{"@id":"https:\/\/www.ghostysky.com\/#\/schema\/logo\/image\/"},"sameAs":["https:\/\/www.facebook.com\/people\/Ghostysky\/100057676170234\/","https:\/\/x.com\/Gh0stysky","https:\/\/www.linkedin.com\/company\/34739653","https:\/\/www.instagram.com\/gh0stysky"]}]}},"_links":{"self":[{"href":"https:\/\/www.ghostysky.com\/pt\/wp-json\/wp\/v2\/product\/21868","targetHints":{"allow":["GET"]}}],"collection":[{"href":"https:\/\/www.ghostysky.com\/pt\/wp-json\/wp\/v2\/product"}],"about":[{"href":"https:\/\/www.ghostysky.com\/pt\/wp-json\/wp\/v2\/types\/product"}],"replies":[{"embeddable":true,"href":"https:\/\/www.ghostysky.com\/pt\/wp-json\/wp\/v2\/comments?post=21868"}],"version-history":[{"count":0,"href":"https:\/\/www.ghostysky.com\/pt\/wp-json\/wp\/v2\/product\/21868\/revisions"}],"wp:featuredmedia":[{"embeddable":true,"href":"https:\/\/www.ghostysky.com\/pt\/wp-json\/wp\/v2\/media\/21870"}],"wp:attachment":[{"href":"https:\/\/www.ghostysky.com\/pt\/wp-json\/wp\/v2\/media?parent=21868"}],"wp:term":[{"taxonomy":"product_brand","embeddable":true,"href":"https:\/\/www.ghostysky.com\/pt\/wp-json\/wp\/v2\/product_brand?post=21868"},{"taxonomy":"product_cat","embeddable":true,"href":"https:\/\/www.ghostysky.com\/pt\/wp-json\/wp\/v2\/product_cat?post=21868"},{"taxonomy":"product_tag","embeddable":true,"href":"https:\/\/www.ghostysky.com\/pt\/wp-json\/wp\/v2\/product_tag?post=21868"}],"curies":[{"name":"wp","href":"https:\/\/api.w.org\/{rel}","templated":true}]}}