{"id":21871,"date":"2025-10-18T04:23:43","date_gmt":"2025-10-18T04:23:43","guid":{"rendered":"https:\/\/www.ghostysky.com\/?post_type=product&#038;p=21871"},"modified":"2025-10-18T04:29:30","modified_gmt":"2025-10-18T04:29:30","slug":"dji-bs100-intelligent-battery-station","status":"publish","type":"product","link":"https:\/\/www.ghostysky.com\/pt\/product\/dji-bs100-intelligent-battery-station\/","title":{"rendered":"Esta\u00e7\u00e3o de bateria inteligente DJI BS100"},"content":{"rendered":"<div id=\"model-response-message-contentr_55bc02040a3d26f8\" class=\"markdown markdown-main-panel stronger enable-updated-hr-color\" dir=\"ltr\">\n<div id=\"model-response-message-contentr_7d191a1853b28634\" class=\"markdown markdown-main-panel stronger enable-updated-hr-color\" dir=\"ltr\">\n<div id=\"model-response-message-contentr_4bdeaa6da8c41b15\" class=\"markdown markdown-main-panel stronger enable-updated-hr-color\" dir=\"ltr\">\n<div id=\"model-response-message-contentr_e0d74dc8e10239d5\" class=\"markdown markdown-main-panel stronger enable-updated-hr-color\" dir=\"ltr\">\n<h3><b>Caracter\u00edsticas principais<\/b><\/h3>\n<ul>\n<li><b><span class=\"citation-1785\">Solu\u00e7\u00e3o completa:<\/span><\/b><span class=\"citation-1785\"> Serve como um centro de carregamento, armazenamento e transporte de at\u00e9 <\/span><b><span class=\"citation-1785\">tr\u00eas baterias de voo inteligentes TB100<\/span><\/b><span class=\"citation-1785\"> e <\/span><b><span class=\"citation-1785\">duas pilhas para controle remoto WB37<\/span><\/b><span class=\"citation-1785 citation-end-1785\"> (carregando-os sequencialmente).<\/span><\/li>\n<li><b><span class=\"citation-1784\">Modos de carregamento inteligentes:<\/span><\/b><span class=\"citation-1784 citation-end-1784\"> Otimize a sa\u00fade e a prontid\u00e3o da bateria com v\u00e1rios modos:<\/span>\n<ul>\n<li><b><span class=\"citation-1783\">Modo de carregamento r\u00e1pido:<\/span><\/b><span class=\"citation-1783 citation-end-1783\"> Carrega rapidamente baterias TB100 de 0% a 100% em apenas 45 minutos (a 220 V) para realoca\u00e7\u00e3o em miss\u00f5es urgentes.<\/span><\/li>\n<li><b>Modo pronto para voar:<\/b><span class=\"citation-1782 citation-end-1782\"> Carrega baterias at\u00e9 90% para implanta\u00e7\u00e3o r\u00e1pida e, ao mesmo tempo, otimiza a sa\u00fade da bateria para armazenamento de curto prazo.<\/span><\/li>\n<li><b><span class=\"citation-1781\">Modo Padr\u00e3o:<\/span><\/b><span class=\"citation-1781 citation-end-1781\"> Fornece uma carga balanceada para 100% para miss\u00f5es de capacidade total.<\/span><\/li>\n<li><b>Modo silencioso:<\/b> Reduz o ru\u00eddo do ventilador, ideal para ambientes silenciosos ou opera\u00e7\u00f5es noturnas.<\/li>\n<li><b>Modo de armazenamento (autom\u00e1tico):<\/b><span class=\"citation-1780 citation-end-1780\"> Mant\u00e9m automaticamente as baterias no n\u00edvel de carga ideal por longos per\u00edodos de inatividade, evitando degrada\u00e7\u00e3o.<\/span><\/li>\n<\/ul>\n<\/li>\n<li><b>Gerenciamento avan\u00e7ado de bateria:<\/b> Integrado ao sistema inteligente da DJI, ele oferece:\n<ul>\n<li><span class=\"citation-1779 citation-end-1779\">Monitoramento e diagn\u00f3stico da sa\u00fade da bateria em tempo real.<\/span><\/li>\n<li>Balanceamento autom\u00e1tico de voltagem da c\u00e9lula.<\/li>\n<li><span class=\"citation-1778 citation-end-1778\">Prote\u00e7\u00e3o contra superaquecimento e sobrecarga.<\/span><\/li>\n<li><span class=\"citation-1777 citation-end-1777\">Configura\u00e7\u00e3o de um toque para descarga autom\u00e1tica e atualiza\u00e7\u00f5es de firmware por meio de um controle remoto conectado.<\/span><\/li>\n<\/ul>\n<\/li>\n<li><b>Sa\u00edda de pot\u00eancia vers\u00e1til:<\/b><span class=\"citation-1776\"> Inclui um <\/span><b><span class=\"citation-1776\">Porta de carregamento USB-C (at\u00e9 65 W)<\/span><\/b><span class=\"citation-1776 citation-end-1776\"> para carregar controles remotos, laptops ou outros acess\u00f3rios compat\u00edveis.<\/span><\/li>\n<li><b><span class=\"citation-1775\">Design robusto e port\u00e1til:<\/span><\/b><span class=\"citation-1775 citation-end-1775\"> Incorporado em um estojo dur\u00e1vel e f\u00e1cil de transportar, com um peso vazio de aproximadamente 11,8 kg.<sup class=\"superscript\" data-turn-source-index=\"13\">13<\/sup><\/span> <span class=\"citation-1774\">Novos recursos <\/span><b><span class=\"citation-1774\">Rodas com movimento de 360\u00b0<\/span><\/b><span class=\"citation-1774 citation-end-1774\"> e al\u00e7as resistentes para f\u00e1cil transporte no campo.<\/span><\/li>\n<li><b>Ampla faixa de opera\u00e7\u00e3o:<\/b><span class=\"citation-1773 citation-end-1773\"> Opera eficazmente em ambientes extremos, desde <sup class=\"superscript\" data-turn-source-index=\"15\">15<\/sup><\/span><span class=\"math-inline\" data-math=\"-20^\\circ\\text{C}\">$-20^\\circ\\texto{C}$<\/span><span class=\"citation-1772 citation-end-1772\"> para <sup class=\"superscript\" data-turn-source-index=\"16\">16<\/sup><\/span><span class=\"math-inline\" data-math=\"40^\\circ\\text{C}\">$40^\\circ\\texto{C}$<\/span><span class=\"citation-1771 citation-end-1771\"> (<sup class=\"superscript\" data-turn-source-index=\"17\">17<\/sup><\/span><span class=\"math-inline\" data-math=\"-4^\\circ\\text{F}\">$-4^\\circ\\texto{F}$<\/span><span class=\"citation-1770 citation-end-1770\"> para <sup class=\"superscript\" data-turn-source-index=\"18\">18<\/sup><\/span><span class=\"math-inline\" data-math=\"104^\\circ\\text{F}\">$104^\\circ\\texto{F}$<\/span><span class=\"citation-1769 citation-end-1769\">), com suporte para entrada CA universal (100\u2013240 V CA).<\/span><\/li>\n<\/ul>\n<p><span class=\"citation-1768 citation-end-1768\">O DJI BS100 foi projetado para profissionais que exigem resposta r\u00e1pida, confiabilidade excepcional e gerenciamento inteligente para suas baterias de drones de alto desempenho.<\/span><\/p>\n<p>&nbsp;<\/p>\n<h4>Na caixa<\/h4>\n<p>1x Esta\u00e7\u00e3o de Bateria BS100<br \/>\n1x Cabo de alimenta\u00e7\u00e3o<\/p>\n<p>&nbsp;<\/p>\n<h4>Compatibilidade<\/h4>\n<p>Baterias DJI Matrice S\u00e9rie 400<br \/>\nBaterias DJI TB100 \/ TB100C<br \/>\nBaterias DJI WB37<\/p>\n<\/div>\n<\/div>\n<\/div>\n<\/div>","protected":false},"excerpt":{"rendered":"<p><span class=\"citation-1787 citation-end-1787\">A esta\u00e7\u00e3o de bateria inteligente DJI BS100 \u00e9 a solu\u00e7\u00e3o essencial, profissional e completa para gerenciar as necessidades de energia da sua frota de drones DJI Matrice s\u00e9rie 400.<\/span> <span class=\"citation-1786 citation-end-1786\">Ele simplifica o carregamento, o armazenamento seguro e o transporte conveniente, garantindo que suas opera\u00e7\u00f5es mantenham a m\u00e1xima efici\u00eancia e o m\u00ednimo de tempo de inatividade.<\/span><\/p>","protected":false},"featured_media":21874,"comment_status":"open","ping_status":"closed","template":"","meta":[],"product_brand":[1031],"product_cat":[37,1125,1127],"product_tag":[42,1131,1128],"class_list":{"0":"post-21871","1":"product","2":"type-product","3":"status-publish","4":"has-post-thumbnail","6":"product_brand-dji","7":"product_cat-dji","8":"product_cat-matrice-400","9":"product_cat-matrice-400-accessories","10":"product_tag-dji","11":"product_tag-dji-matrice-400-accessories","12":"product_tag-dji-matrice-400-series","14":"first","15":"onbackorder","16":"taxable","17":"shipping-taxable","18":"purchasable","19":"product-type-simple"},"yoast_head":"<!-- This site is optimized with the Yoast SEO plugin v27.4 - https:\/\/yoast.com\/product\/yoast-seo-wordpress\/ -->\n<title>DJI BS100 Intelligent Battery Station - Ghostysky<\/title>\n<meta name=\"description\" content=\"The DJI BS100 Intelligent Battery Station is the essential, professional-grade, all-in-one solution for managing the power needs of your DJI Matrice 400 series drone fleet. It streamlines charging, secure storage, and convenient transport, ensuring your operations maintain maximum efficiency and minimal downtime.\" \/>\n<meta name=\"robots\" content=\"index, follow, max-snippet:-1, max-image-preview:large, max-video-preview:-1\" \/>\n<link rel=\"canonical\" href=\"https:\/\/www.ghostysky.com\/pt\/produto-2\/dji-bs100-intelligent-battery-station\/\" \/>\n<meta property=\"og:locale\" content=\"pt_PT\" \/>\n<meta property=\"og:type\" content=\"article\" \/>\n<meta property=\"og:title\" content=\"DJI BS100 Intelligent Battery Station - Ghostysky\" \/>\n<meta property=\"og:description\" content=\"The DJI BS100 Intelligent Battery Station is the essential, professional-grade, all-in-one solution for managing the power needs of your DJI Matrice 400 series drone fleet. It streamlines charging, secure storage, and convenient transport, ensuring your operations maintain maximum efficiency and minimal downtime.\" \/>\n<meta property=\"og:url\" content=\"https:\/\/www.ghostysky.com\/pt\/produto-2\/dji-bs100-intelligent-battery-station\/\" \/>\n<meta property=\"og:site_name\" content=\"Ghostysky\" \/>\n<meta property=\"article:publisher\" content=\"https:\/\/www.facebook.com\/people\/Ghostysky\/100057676170234\/\" \/>\n<meta property=\"article:modified_time\" content=\"2025-10-18T04:29:30+00:00\" \/>\n<meta property=\"og:image\" content=\"https:\/\/www.ghostysky.com\/wp-content\/uploads\/2025\/10\/GH_DJI-BS100-Intelligent-Battery-Station_1_.jpg\" \/>\n\t<meta property=\"og:image:width\" content=\"800\" \/>\n\t<meta property=\"og:image:height\" content=\"800\" \/>\n\t<meta property=\"og:image:type\" content=\"image\/jpeg\" \/>\n<meta name=\"twitter:card\" content=\"summary_large_image\" \/>\n<meta name=\"twitter:site\" content=\"@Gh0stysky\" \/>\n<meta name=\"twitter:label1\" content=\"Tempo estimado de leitura\" \/>\n\t<meta name=\"twitter:data1\" content=\"2 minutos\" \/>\n<script type=\"application\/ld+json\" class=\"yoast-schema-graph\">{\"@context\":\"https:\\\/\\\/schema.org\",\"@graph\":[{\"@type\":\"WebPage\",\"@id\":\"https:\\\/\\\/www.ghostysky.com\\\/product\\\/dji-bs100-intelligent-battery-station\\\/\",\"url\":\"https:\\\/\\\/www.ghostysky.com\\\/product\\\/dji-bs100-intelligent-battery-station\\\/\",\"name\":\"DJI BS100 Intelligent Battery Station - Ghostysky\",\"isPartOf\":{\"@id\":\"https:\\\/\\\/www.ghostysky.com\\\/#website\"},\"primaryImageOfPage\":{\"@id\":\"https:\\\/\\\/www.ghostysky.com\\\/product\\\/dji-bs100-intelligent-battery-station\\\/#primaryimage\"},\"image\":{\"@id\":\"https:\\\/\\\/www.ghostysky.com\\\/product\\\/dji-bs100-intelligent-battery-station\\\/#primaryimage\"},\"thumbnailUrl\":\"https:\\\/\\\/www.ghostysky.com\\\/wp-content\\\/uploads\\\/2025\\\/10\\\/GH_DJI-BS100-Intelligent-Battery-Station_1_.jpg\",\"datePublished\":\"2025-10-18T04:23:43+00:00\",\"dateModified\":\"2025-10-18T04:29:30+00:00\",\"description\":\"The DJI BS100 Intelligent Battery Station is the essential, professional-grade, all-in-one solution for managing the power needs of your DJI Matrice 400 series drone fleet. It streamlines charging, secure storage, and convenient transport, ensuring your operations maintain maximum efficiency and minimal downtime.\",\"breadcrumb\":{\"@id\":\"https:\\\/\\\/www.ghostysky.com\\\/product\\\/dji-bs100-intelligent-battery-station\\\/#breadcrumb\"},\"inLanguage\":\"pt-PT\",\"potentialAction\":[{\"@type\":\"ReadAction\",\"target\":[\"https:\\\/\\\/www.ghostysky.com\\\/product\\\/dji-bs100-intelligent-battery-station\\\/\"]}]},{\"@type\":\"ImageObject\",\"inLanguage\":\"pt-PT\",\"@id\":\"https:\\\/\\\/www.ghostysky.com\\\/product\\\/dji-bs100-intelligent-battery-station\\\/#primaryimage\",\"url\":\"https:\\\/\\\/www.ghostysky.com\\\/wp-content\\\/uploads\\\/2025\\\/10\\\/GH_DJI-BS100-Intelligent-Battery-Station_1_.jpg\",\"contentUrl\":\"https:\\\/\\\/www.ghostysky.com\\\/wp-content\\\/uploads\\\/2025\\\/10\\\/GH_DJI-BS100-Intelligent-Battery-Station_1_.jpg\",\"width\":800,\"height\":800},{\"@type\":\"BreadcrumbList\",\"@id\":\"https:\\\/\\\/www.ghostysky.com\\\/product\\\/dji-bs100-intelligent-battery-station\\\/#breadcrumb\",\"itemListElement\":[{\"@type\":\"ListItem\",\"position\":1,\"name\":\"Home\",\"item\":\"https:\\\/\\\/www.ghostysky.com\\\/\"},{\"@type\":\"ListItem\",\"position\":2,\"name\":\"Shop\",\"item\":\"https:\\\/\\\/www.ghostysky.com\\\/shop\\\/\"},{\"@type\":\"ListItem\",\"position\":3,\"name\":\"DJI BS100 Intelligent Battery Station\"}]},{\"@type\":\"WebSite\",\"@id\":\"https:\\\/\\\/www.ghostysky.com\\\/#website\",\"url\":\"https:\\\/\\\/www.ghostysky.com\\\/\",\"name\":\"Ghostysky\",\"description\":\"Delivering professional drones and services\",\"publisher\":{\"@id\":\"https:\\\/\\\/www.ghostysky.com\\\/#organization\"},\"potentialAction\":[{\"@type\":\"SearchAction\",\"target\":{\"@type\":\"EntryPoint\",\"urlTemplate\":\"https:\\\/\\\/www.ghostysky.com\\\/?s={search_term_string}\"},\"query-input\":{\"@type\":\"PropertyValueSpecification\",\"valueRequired\":true,\"valueName\":\"search_term_string\"}}],\"inLanguage\":\"pt-PT\"},{\"@type\":\"Organization\",\"@id\":\"https:\\\/\\\/www.ghostysky.com\\\/#organization\",\"name\":\"Ghostysky\",\"url\":\"https:\\\/\\\/www.ghostysky.com\\\/\",\"logo\":{\"@type\":\"ImageObject\",\"inLanguage\":\"pt-PT\",\"@id\":\"https:\\\/\\\/www.ghostysky.com\\\/#\\\/schema\\\/logo\\\/image\\\/\",\"url\":\"https:\\\/\\\/www.ghostysky.com\\\/wp-content\\\/uploads\\\/2020\\\/06\\\/cropped-ghostyskylogo_text_white2.png\",\"contentUrl\":\"https:\\\/\\\/www.ghostysky.com\\\/wp-content\\\/uploads\\\/2020\\\/06\\\/cropped-ghostyskylogo_text_white2.png\",\"width\":169,\"height\":56,\"caption\":\"Ghostysky\"},\"image\":{\"@id\":\"https:\\\/\\\/www.ghostysky.com\\\/#\\\/schema\\\/logo\\\/image\\\/\"},\"sameAs\":[\"https:\\\/\\\/www.facebook.com\\\/people\\\/Ghostysky\\\/100057676170234\\\/\",\"https:\\\/\\\/x.com\\\/Gh0stysky\",\"https:\\\/\\\/www.linkedin.com\\\/company\\\/34739653\",\"https:\\\/\\\/www.instagram.com\\\/gh0stysky\"]}]}<\/script>\n<!-- \/ Yoast SEO plugin. -->","yoast_head_json":{"title":"Esta\u00e7\u00e3o de bateria inteligente DJI BS100 - Ghostysky","description":"A Esta\u00e7\u00e3o de Bateria Inteligente DJI BS100 \u00e9 a solu\u00e7\u00e3o completa, profissional e essencial para gerenciar as necessidades de energia da sua frota de drones DJI Matrice s\u00e9rie 400. Ela agiliza o carregamento, o armazenamento seguro e o transporte pr\u00e1tico, garantindo que suas opera\u00e7\u00f5es mantenham a m\u00e1xima efici\u00eancia e o m\u00ednimo de tempo de inatividade.","robots":{"index":"index","follow":"follow","max-snippet":"max-snippet:-1","max-image-preview":"max-image-preview:large","max-video-preview":"max-video-preview:-1"},"canonical":"https:\/\/www.ghostysky.com\/pt\/produto-2\/dji-bs100-intelligent-battery-station\/","og_locale":"pt_PT","og_type":"article","og_title":"DJI BS100 Intelligent Battery Station - Ghostysky","og_description":"The DJI BS100 Intelligent Battery Station is the essential, professional-grade, all-in-one solution for managing the power needs of your DJI Matrice 400 series drone fleet. It streamlines charging, secure storage, and convenient transport, ensuring your operations maintain maximum efficiency and minimal downtime.","og_url":"https:\/\/www.ghostysky.com\/pt\/produto-2\/dji-bs100-intelligent-battery-station\/","og_site_name":"Ghostysky","article_publisher":"https:\/\/www.facebook.com\/people\/Ghostysky\/100057676170234\/","article_modified_time":"2025-10-18T04:29:30+00:00","og_image":[{"width":800,"height":800,"url":"https:\/\/www.ghostysky.com\/wp-content\/uploads\/2025\/10\/GH_DJI-BS100-Intelligent-Battery-Station_1_.jpg","type":"image\/jpeg"}],"twitter_card":"summary_large_image","twitter_site":"@Gh0stysky","twitter_misc":{"Tempo estimado de leitura":"2 minutos"},"schema":{"@context":"https:\/\/schema.org","@graph":[{"@type":"WebPage","@id":"https:\/\/www.ghostysky.com\/product\/dji-bs100-intelligent-battery-station\/","url":"https:\/\/www.ghostysky.com\/product\/dji-bs100-intelligent-battery-station\/","name":"Esta\u00e7\u00e3o de bateria inteligente DJI BS100 - Ghostysky","isPartOf":{"@id":"https:\/\/www.ghostysky.com\/#website"},"primaryImageOfPage":{"@id":"https:\/\/www.ghostysky.com\/product\/dji-bs100-intelligent-battery-station\/#primaryimage"},"image":{"@id":"https:\/\/www.ghostysky.com\/product\/dji-bs100-intelligent-battery-station\/#primaryimage"},"thumbnailUrl":"https:\/\/www.ghostysky.com\/wp-content\/uploads\/2025\/10\/GH_DJI-BS100-Intelligent-Battery-Station_1_.jpg","datePublished":"2025-10-18T04:23:43+00:00","dateModified":"2025-10-18T04:29:30+00:00","description":"A Esta\u00e7\u00e3o de Bateria Inteligente DJI BS100 \u00e9 a solu\u00e7\u00e3o completa, profissional e essencial para gerenciar as necessidades de energia da sua frota de drones DJI Matrice s\u00e9rie 400. Ela agiliza o carregamento, o armazenamento seguro e o transporte pr\u00e1tico, garantindo que suas opera\u00e7\u00f5es mantenham a m\u00e1xima efici\u00eancia e o m\u00ednimo de tempo de inatividade.","breadcrumb":{"@id":"https:\/\/www.ghostysky.com\/product\/dji-bs100-intelligent-battery-station\/#breadcrumb"},"inLanguage":"pt-PT","potentialAction":[{"@type":"ReadAction","target":["https:\/\/www.ghostysky.com\/product\/dji-bs100-intelligent-battery-station\/"]}]},{"@type":"ImageObject","inLanguage":"pt-PT","@id":"https:\/\/www.ghostysky.com\/product\/dji-bs100-intelligent-battery-station\/#primaryimage","url":"https:\/\/www.ghostysky.com\/wp-content\/uploads\/2025\/10\/GH_DJI-BS100-Intelligent-Battery-Station_1_.jpg","contentUrl":"https:\/\/www.ghostysky.com\/wp-content\/uploads\/2025\/10\/GH_DJI-BS100-Intelligent-Battery-Station_1_.jpg","width":800,"height":800},{"@type":"BreadcrumbList","@id":"https:\/\/www.ghostysky.com\/product\/dji-bs100-intelligent-battery-station\/#breadcrumb","itemListElement":[{"@type":"ListItem","position":1,"name":"Home","item":"https:\/\/www.ghostysky.com\/"},{"@type":"ListItem","position":2,"name":"Shop","item":"https:\/\/www.ghostysky.com\/shop\/"},{"@type":"ListItem","position":3,"name":"DJI BS100 Intelligent Battery Station"}]},{"@type":"WebSite","@id":"https:\/\/www.ghostysky.com\/#website","url":"https:\/\/www.ghostysky.com\/","name":"Ghostysky","description":"Fornecendo drones e servi\u00e7os profissionais","publisher":{"@id":"https:\/\/www.ghostysky.com\/#organization"},"potentialAction":[{"@type":"SearchAction","target":{"@type":"EntryPoint","urlTemplate":"https:\/\/www.ghostysky.com\/?s={search_term_string}"},"query-input":{"@type":"PropertyValueSpecification","valueRequired":true,"valueName":"search_term_string"}}],"inLanguage":"pt-PT"},{"@type":"Organization","@id":"https:\/\/www.ghostysky.com\/#organization","name":"Ghostysky","url":"https:\/\/www.ghostysky.com\/","logo":{"@type":"ImageObject","inLanguage":"pt-PT","@id":"https:\/\/www.ghostysky.com\/#\/schema\/logo\/image\/","url":"https:\/\/www.ghostysky.com\/wp-content\/uploads\/2020\/06\/cropped-ghostyskylogo_text_white2.png","contentUrl":"https:\/\/www.ghostysky.com\/wp-content\/uploads\/2020\/06\/cropped-ghostyskylogo_text_white2.png","width":169,"height":56,"caption":"Ghostysky"},"image":{"@id":"https:\/\/www.ghostysky.com\/#\/schema\/logo\/image\/"},"sameAs":["https:\/\/www.facebook.com\/people\/Ghostysky\/100057676170234\/","https:\/\/x.com\/Gh0stysky","https:\/\/www.linkedin.com\/company\/34739653","https:\/\/www.instagram.com\/gh0stysky"]}]}},"_links":{"self":[{"href":"https:\/\/www.ghostysky.com\/pt\/wp-json\/wp\/v2\/product\/21871","targetHints":{"allow":["GET"]}}],"collection":[{"href":"https:\/\/www.ghostysky.com\/pt\/wp-json\/wp\/v2\/product"}],"about":[{"href":"https:\/\/www.ghostysky.com\/pt\/wp-json\/wp\/v2\/types\/product"}],"replies":[{"embeddable":true,"href":"https:\/\/www.ghostysky.com\/pt\/wp-json\/wp\/v2\/comments?post=21871"}],"version-history":[{"count":0,"href":"https:\/\/www.ghostysky.com\/pt\/wp-json\/wp\/v2\/product\/21871\/revisions"}],"wp:featuredmedia":[{"embeddable":true,"href":"https:\/\/www.ghostysky.com\/pt\/wp-json\/wp\/v2\/media\/21874"}],"wp:attachment":[{"href":"https:\/\/www.ghostysky.com\/pt\/wp-json\/wp\/v2\/media?parent=21871"}],"wp:term":[{"taxonomy":"product_brand","embeddable":true,"href":"https:\/\/www.ghostysky.com\/pt\/wp-json\/wp\/v2\/product_brand?post=21871"},{"taxonomy":"product_cat","embeddable":true,"href":"https:\/\/www.ghostysky.com\/pt\/wp-json\/wp\/v2\/product_cat?post=21871"},{"taxonomy":"product_tag","embeddable":true,"href":"https:\/\/www.ghostysky.com\/pt\/wp-json\/wp\/v2\/product_tag?post=21871"}],"curies":[{"name":"wp","href":"https:\/\/api.w.org\/{rel}","templated":true}]}}