{"id":21877,"date":"2025-10-18T04:31:35","date_gmt":"2025-10-18T04:31:35","guid":{"rendered":"https:\/\/www.ghostysky.com\/?post_type=product&#038;p=21877"},"modified":"2025-10-18T04:37:49","modified_gmt":"2025-10-18T04:37:49","slug":"dji-zenmuse-s1","status":"publish","type":"product","link":"https:\/\/www.ghostysky.com\/pt\/product\/dji-zenmuse-s1\/","title":{"rendered":"DJI Zenmuse S1"},"content":{"rendered":"<div id=\"model-response-message-contentr_55bc02040a3d26f8\" class=\"markdown markdown-main-panel stronger enable-updated-hr-color\" dir=\"ltr\">\n<div id=\"model-response-message-contentr_7d191a1853b28634\" class=\"markdown markdown-main-panel stronger enable-updated-hr-color\" dir=\"ltr\">\n<div id=\"model-response-message-contentr_4bdeaa6da8c41b15\" class=\"markdown markdown-main-panel stronger enable-updated-hr-color\" dir=\"ltr\">\n<div id=\"model-response-message-contentr_e0d74dc8e10239d5\" class=\"markdown markdown-main-panel stronger enable-updated-hr-color\" dir=\"ltr\">\n<h3><b>Principais recursos e aplica\u00e7\u00f5es<\/b><\/h3>\n<ul>\n<li><b><span class=\"citation-1821\">Alto brilho e longa dist\u00e2ncia de ilumina\u00e7\u00e3o:<\/span><\/b><span class=\"citation-1821\"> Oferece uma ilumin\u00e2ncia central m\u00e1xima de at\u00e9 <\/span><b><span class=\"citation-1821\">35 lux a 100 metros<\/span><\/b><span class=\"citation-1821\"> (Matrice 350\/300 RTK) e pode atingir uma dist\u00e2ncia de ilumina\u00e7\u00e3o efetiva de at\u00e9 <\/span><b><span class=\"citation-1821\">500 metros<\/span><\/b><span class=\"citation-1821 citation-end-1821\"> no modo \u201cAmbos ligados\u201d.<\/span><\/li>\n<li><b>V\u00e1rios modos de ilumina\u00e7\u00e3o para versatilidade:<\/b>\n<ul>\n<li><b><span class=\"citation-1820\">Modo de farol baixo:<\/span><\/b><span class=\"citation-1820\"> Oferece uma ampla <\/span><b><span class=\"citation-1820\">Campo de vis\u00e3o (FOV) de 15\u00b0<\/span><\/b><span class=\"citation-1820\"> at\u00e9 <\/span><b><span class=\"citation-1820\">150 metros<\/span><\/b><span class=\"citation-1820 citation-end-1820\">, adequado para busca e inspe\u00e7\u00e3o de curta dist\u00e2ncia.<\/span><\/li>\n<li><b>Modo de farol alto:<\/b><span class=\"citation-1819\"> Utiliza tecnologia LEP para maior penetra\u00e7\u00e3o de luz com uma abertura estreita <\/span><b><span class=\"citation-1819\">4\u00b0 campo de vis\u00e3o<\/span><\/b><span class=\"citation-1819\"> at\u00e9 <\/span><b><span class=\"citation-1819\">300 metros<\/span><\/b><span class=\"citation-1819 citation-end-1819\">, ideal para observa\u00e7\u00e3o de longa dist\u00e2ncia.<\/span><\/li>\n<li><b>Ambos no modo ligado:<\/b><span class=\"citation-1818\"> Engata simultaneamente ambos os feixes para m\u00e1xima ilumina\u00e7\u00e3o central e cobertura, estendendo a dist\u00e2ncia de observa\u00e7\u00e3o at\u00e9 <\/span><b><span class=\"citation-1818\">500 metros<\/span><\/b><span class=\"citation-1818 citation-end-1818\">.<\/span><\/li>\n<li><b>Modo estrobosc\u00f3pico:<\/b><span class=\"citation-1817 citation-end-1817\"> Suporta piscadas de alta frequ\u00eancia para sinaliza\u00e7\u00e3o, avisos ou para atrair aten\u00e7\u00e3o em situa\u00e7\u00f5es de emerg\u00eancia.<\/span><\/li>\n<\/ul>\n<\/li>\n<li><b><span class=\"citation-1816\">Opera\u00e7\u00f5es direcionadas:<\/span><\/b><span class=\"citation-1816\"> Ideal para <\/span><b><span class=\"citation-1816\">seguran\u00e7a p\u00fablica<\/span><\/b><span class=\"citation-1816\">, <\/span><b><span class=\"citation-1816\">resgate e busca de emerg\u00eancia<\/span><\/b><span class=\"citation-1816\">, <\/span><b><span class=\"citation-1816\">inspe\u00e7\u00f5es de infraestrutura<\/span><\/b><span class=\"citation-1816 citation-end-1816\">, e outras opera\u00e7\u00f5es noturnas exigentes.<\/span><\/li>\n<li><b><span class=\"citation-1815\">Efici\u00eancia energ\u00e9tica:<\/span><\/b><span class=\"citation-1815\"> Design otimizado, com um consumo de energia de apenas <\/span><b><span class=\"citation-1815\">17W<\/span><\/b><span class=\"citation-1815 citation-end-1815\"> no modo High Beam, para reduzir a carga de energia do drone e ajudar a manter o tempo de voo.<\/span><\/li>\n<li><b>Seguran\u00e7a e durabilidade:<\/b>\n<ul>\n<li><b><span class=\"citation-1814\">Classifica\u00e7\u00e3o IP54:<\/span><\/b><span class=\"citation-1814 citation-end-1814\"> Oferece prote\u00e7\u00e3o contra poeira e respingos de \u00e1gua.<\/span><\/li>\n<li><b><span class=\"citation-1813\">Prote\u00e7\u00e3o para os olhos:<\/span><\/b><span class=\"citation-1813\"> Limita automaticamente o brilho para <\/span><b><span class=\"citation-1813\">40%<\/span><\/b><span class=\"citation-1813 citation-end-1813\"> quando o drone estiver no solo para evitar ofuscamento para os operadores.<\/span><\/li>\n<li><b><span class=\"citation-1812\">Prote\u00e7\u00e3o contra queimaduras:<\/span><\/b><span class=\"citation-1812 citation-end-1812\"> Possui um inv\u00f3lucro de pl\u00e1stico para manter a temperatura da superf\u00edcie abaixo <sup class=\"superscript\" data-turn-source-index=\"12\">12<\/sup><\/span><span class=\"math-inline\" data-math=\"50^\\circ C\">$50^\\circ C$<\/span><span class=\"citation-1811 citation-end-1811\"> (<sup class=\"superscript\" data-turn-source-index=\"13\">13<\/sup><\/span><span class=\"math-inline\" data-math=\"122^\\circ F\">$122^\\circ F$<\/span><span class=\"citation-1810 citation-end-1810\">).<\/span><\/li>\n<li><span class=\"citation-1809\">Constru\u00eddo em <\/span><b><span class=\"citation-1809\">Prote\u00e7\u00e3o de carga \u00fatil<\/span><\/b><span class=\"citation-1809 citation-end-1809\"> contra problemas de temperatura, sobrecorrente e energia.<\/span><\/li>\n<\/ul>\n<\/li>\n<li><b><span class=\"citation-1808\">Integra\u00e7\u00e3o perfeita:<\/span><\/b><span class=\"citation-1808\"> Apresenta um <\/span><b><span class=\"citation-1808\">Gimbal estabilizado de 3 eixos<\/span><\/b><span class=\"citation-1808\"> para ilumina\u00e7\u00e3o est\u00e1vel, suportes <\/span><b><span class=\"citation-1808\">sincroniza\u00e7\u00e3o do cardan<\/span><\/b><span class=\"citation-1808\"> para alinhar automaticamente o feixe do holofote com a vis\u00e3o da c\u00e2mera e \u00e9 configur\u00e1vel via <\/span><b><span class=\"citation-1808\">atalhos do controle remoto<\/span><\/b><span class=\"citation-1808 citation-end-1808\"> para opera\u00e7\u00e3o intuitiva.<\/span><\/li>\n<li><b>Montagem flex\u00edvel:<\/b><span class=\"citation-1807 citation-end-1807\"> Leve (<sup class=\"superscript\" data-turn-source-index=\"17\">17<\/sup><\/span><span class=\"math-inline\" data-math=\"0.76 \\text{ kg}\">$0,76 \\texto{ kg}$<\/span><span class=\"citation-1806 citation-end-1806\">) e pode ser montado em qualquer conector de gimbal (inferior \u00fanico, inferior duplo ou superior \u00fanico) de drones compat\u00edveis da s\u00e9rie Matrice.<\/span><\/li>\n<\/ul>\n<p>&nbsp;<\/p>\n<h4>Compatibilidade<\/h4>\n<p>Matriz 400<br \/>\nMatrice 350 RTK<br \/>\nMatrice 300 RTK (requer DJI RC Plus)<\/p>\n<\/div>\n<\/div>\n<\/div>\n<\/div>","protected":false},"excerpt":{"rendered":"<p><span class=\"citation-1823\">O <\/span><b><span class=\"citation-1823\">DJI Zenmuse S1<\/span><\/b><span class=\"citation-1823\"> \u00e9 uma carga \u00fatil de holofote de alto desempenho projetada para fornecer ilumina\u00e7\u00e3o poderosa e de longo alcance para plataformas de drones empresariais de carga \u00fatil m\u00faltipla da DJI, especificamente compat\u00edvel com o <\/span><b><span class=\"citation-1823\">Matrice 350 RTK<\/span><\/b><span class=\"citation-1823\"> e <\/span><b><span class=\"citation-1823\">Matriz 300 RTK<\/span><\/b><span class=\"citation-1823 citation-end-1823\">.<\/span> <span class=\"citation-1822\">Utilizando avan\u00e7ado <\/span><b><span class=\"citation-1822\">Tecnologia de f\u00f3sforo excitado por laser (LEP)<\/span><\/b><span class=\"citation-1822 citation-end-1822\">, o Zenmuse S1 \u00e9 uma ferramenta essencial para opera\u00e7\u00f5es em condi\u00e7\u00f5es de pouca luz ou noturnas.<\/span><\/p>\n<div class=\"source-inline-chip-container ng-star-inserted\"><\/div>\n<div class=\"source-inline-chip-container ng-star-inserted\"><\/div>\n<p>&nbsp;<\/p>","protected":false},"featured_media":21880,"comment_status":"open","ping_status":"closed","template":"","meta":[],"product_brand":[1031],"product_cat":[37,1125,1127],"product_tag":[42,1131,1128],"class_list":{"0":"post-21877","1":"product","2":"type-product","3":"status-publish","4":"has-post-thumbnail","6":"product_brand-dji","7":"product_cat-dji","8":"product_cat-matrice-400","9":"product_cat-matrice-400-accessories","10":"product_tag-dji","11":"product_tag-dji-matrice-400-accessories","12":"product_tag-dji-matrice-400-series","14":"first","15":"onbackorder","16":"taxable","17":"shipping-taxable","18":"purchasable","19":"product-type-simple"},"yoast_head":"<!-- This site is optimized with the Yoast SEO plugin v27.1.1 - https:\/\/yoast.com\/product\/yoast-seo-wordpress\/ -->\n<title>DJI Zenmuse S1 - Ghostysky<\/title>\n<meta name=\"description\" content=\"The DJI Zenmuse S1 is a high-performance spotlight payload designed to provide powerful, long-range illumination for DJI&#039;s multi-payload enterprise drone platforms, specifically compatible with the Matrice 350 RTK and Matrice 300 RTK. Utilizing advanced Laser Excited Phosphor (LEP) technology, the Zenmuse S1 is an essential tool for operations in low-light or nighttime conditions.\" \/>\n<meta name=\"robots\" content=\"index, follow, max-snippet:-1, max-image-preview:large, max-video-preview:-1\" \/>\n<link rel=\"canonical\" href=\"https:\/\/www.ghostysky.com\/pt\/produto-2\/dji-zenmuse-s1\/\" \/>\n<meta property=\"og:locale\" content=\"pt_PT\" \/>\n<meta property=\"og:type\" content=\"article\" \/>\n<meta property=\"og:title\" content=\"DJI Zenmuse S1 - Ghostysky\" \/>\n<meta property=\"og:description\" content=\"The DJI Zenmuse S1 is a high-performance spotlight payload designed to provide powerful, long-range illumination for DJI&#039;s multi-payload enterprise drone platforms, specifically compatible with the Matrice 350 RTK and Matrice 300 RTK. Utilizing advanced Laser Excited Phosphor (LEP) technology, the Zenmuse S1 is an essential tool for operations in low-light or nighttime conditions.\" \/>\n<meta property=\"og:url\" content=\"https:\/\/www.ghostysky.com\/pt\/produto-2\/dji-zenmuse-s1\/\" \/>\n<meta property=\"og:site_name\" content=\"Ghostysky\" \/>\n<meta property=\"article:publisher\" content=\"https:\/\/www.facebook.com\/people\/Ghostysky\/100057676170234\/\" \/>\n<meta property=\"article:modified_time\" content=\"2025-10-18T04:37:49+00:00\" \/>\n<meta property=\"og:image\" content=\"https:\/\/www.ghostysky.com\/wp-content\/uploads\/2025\/10\/GH_DJI-Zenmuse-S1_1.jpg\" \/>\n\t<meta property=\"og:image:width\" content=\"800\" \/>\n\t<meta property=\"og:image:height\" content=\"800\" \/>\n\t<meta property=\"og:image:type\" content=\"image\/jpeg\" \/>\n<meta name=\"twitter:card\" content=\"summary_large_image\" \/>\n<meta name=\"twitter:site\" content=\"@Gh0stysky\" \/>\n<meta name=\"twitter:label1\" content=\"Tempo estimado de leitura\" \/>\n\t<meta name=\"twitter:data1\" content=\"2 minutos\" \/>\n<script type=\"application\/ld+json\" class=\"yoast-schema-graph\">{\"@context\":\"https:\/\/schema.org\",\"@graph\":[{\"@type\":\"WebPage\",\"@id\":\"https:\/\/www.ghostysky.com\/product\/dji-zenmuse-s1\/\",\"url\":\"https:\/\/www.ghostysky.com\/product\/dji-zenmuse-s1\/\",\"name\":\"DJI Zenmuse S1 - Ghostysky\",\"isPartOf\":{\"@id\":\"https:\/\/www.ghostysky.com\/#website\"},\"primaryImageOfPage\":{\"@id\":\"https:\/\/www.ghostysky.com\/product\/dji-zenmuse-s1\/#primaryimage\"},\"image\":{\"@id\":\"https:\/\/www.ghostysky.com\/product\/dji-zenmuse-s1\/#primaryimage\"},\"thumbnailUrl\":\"https:\/\/www.ghostysky.com\/wp-content\/uploads\/2025\/10\/GH_DJI-Zenmuse-S1_1.jpg\",\"datePublished\":\"2025-10-18T04:31:35+00:00\",\"dateModified\":\"2025-10-18T04:37:49+00:00\",\"description\":\"The DJI Zenmuse S1 is a high-performance spotlight payload designed to provide powerful, long-range illumination for DJI's multi-payload enterprise drone platforms, specifically compatible with the Matrice 350 RTK and Matrice 300 RTK. Utilizing advanced Laser Excited Phosphor (LEP) technology, the Zenmuse S1 is an essential tool for operations in low-light or nighttime conditions.\",\"breadcrumb\":{\"@id\":\"https:\/\/www.ghostysky.com\/product\/dji-zenmuse-s1\/#breadcrumb\"},\"inLanguage\":\"pt-PT\",\"potentialAction\":[{\"@type\":\"ReadAction\",\"target\":[\"https:\/\/www.ghostysky.com\/product\/dji-zenmuse-s1\/\"]}]},{\"@type\":\"ImageObject\",\"inLanguage\":\"pt-PT\",\"@id\":\"https:\/\/www.ghostysky.com\/product\/dji-zenmuse-s1\/#primaryimage\",\"url\":\"https:\/\/www.ghostysky.com\/wp-content\/uploads\/2025\/10\/GH_DJI-Zenmuse-S1_1.jpg\",\"contentUrl\":\"https:\/\/www.ghostysky.com\/wp-content\/uploads\/2025\/10\/GH_DJI-Zenmuse-S1_1.jpg\",\"width\":800,\"height\":800},{\"@type\":\"BreadcrumbList\",\"@id\":\"https:\/\/www.ghostysky.com\/product\/dji-zenmuse-s1\/#breadcrumb\",\"itemListElement\":[{\"@type\":\"ListItem\",\"position\":1,\"name\":\"Home\",\"item\":\"https:\/\/www.ghostysky.com\/\"},{\"@type\":\"ListItem\",\"position\":2,\"name\":\"Shop\",\"item\":\"https:\/\/www.ghostysky.com\/shop\/\"},{\"@type\":\"ListItem\",\"position\":3,\"name\":\"DJI Zenmuse S1\"}]},{\"@type\":\"WebSite\",\"@id\":\"https:\/\/www.ghostysky.com\/#website\",\"url\":\"https:\/\/www.ghostysky.com\/\",\"name\":\"Ghostysky\",\"description\":\"Delivering professional drones and services\",\"publisher\":{\"@id\":\"https:\/\/www.ghostysky.com\/#organization\"},\"potentialAction\":[{\"@type\":\"SearchAction\",\"target\":{\"@type\":\"EntryPoint\",\"urlTemplate\":\"https:\/\/www.ghostysky.com\/?s={search_term_string}\"},\"query-input\":{\"@type\":\"PropertyValueSpecification\",\"valueRequired\":true,\"valueName\":\"search_term_string\"}}],\"inLanguage\":\"pt-PT\"},{\"@type\":\"Organization\",\"@id\":\"https:\/\/www.ghostysky.com\/#organization\",\"name\":\"Ghostysky\",\"url\":\"https:\/\/www.ghostysky.com\/\",\"logo\":{\"@type\":\"ImageObject\",\"inLanguage\":\"pt-PT\",\"@id\":\"https:\/\/www.ghostysky.com\/#\/schema\/logo\/image\/\",\"url\":\"https:\/\/www.ghostysky.com\/wp-content\/uploads\/2020\/06\/cropped-ghostyskylogo_text_white2.png\",\"contentUrl\":\"https:\/\/www.ghostysky.com\/wp-content\/uploads\/2020\/06\/cropped-ghostyskylogo_text_white2.png\",\"width\":169,\"height\":56,\"caption\":\"Ghostysky\"},\"image\":{\"@id\":\"https:\/\/www.ghostysky.com\/#\/schema\/logo\/image\/\"},\"sameAs\":[\"https:\/\/www.facebook.com\/people\/Ghostysky\/100057676170234\/\",\"https:\/\/x.com\/Gh0stysky\",\"https:\/\/www.linkedin.com\/company\/34739653\",\"https:\/\/www.instagram.com\/gh0stysky\"]}]}<\/script>\n<!-- \/ Yoast SEO plugin. -->","yoast_head_json":{"title":"DJI Zenmuse S1 - C\u00e9u Fantasma","description":"O DJI Zenmuse S1 \u00e9 um holofote de alto desempenho projetado para fornecer ilumina\u00e7\u00e3o potente e de longo alcance para as plataformas de drones empresariais multi-carga da DJI, especificamente compat\u00edvel com o Matrice 350 RTK e o Matrice 300 RTK. Utilizando a avan\u00e7ada tecnologia de F\u00f3sforo Excitado por Laser (LEP), o Zenmuse S1 \u00e9 uma ferramenta essencial para opera\u00e7\u00f5es em condi\u00e7\u00f5es de pouca luz ou \u00e0 noite.","robots":{"index":"index","follow":"follow","max-snippet":"max-snippet:-1","max-image-preview":"max-image-preview:large","max-video-preview":"max-video-preview:-1"},"canonical":"https:\/\/www.ghostysky.com\/pt\/produto-2\/dji-zenmuse-s1\/","og_locale":"pt_PT","og_type":"article","og_title":"DJI Zenmuse S1 - Ghostysky","og_description":"The DJI Zenmuse S1 is a high-performance spotlight payload designed to provide powerful, long-range illumination for DJI's multi-payload enterprise drone platforms, specifically compatible with the Matrice 350 RTK and Matrice 300 RTK. Utilizing advanced Laser Excited Phosphor (LEP) technology, the Zenmuse S1 is an essential tool for operations in low-light or nighttime conditions.","og_url":"https:\/\/www.ghostysky.com\/pt\/produto-2\/dji-zenmuse-s1\/","og_site_name":"Ghostysky","article_publisher":"https:\/\/www.facebook.com\/people\/Ghostysky\/100057676170234\/","article_modified_time":"2025-10-18T04:37:49+00:00","og_image":[{"width":800,"height":800,"url":"https:\/\/www.ghostysky.com\/wp-content\/uploads\/2025\/10\/GH_DJI-Zenmuse-S1_1.jpg","type":"image\/jpeg"}],"twitter_card":"summary_large_image","twitter_site":"@Gh0stysky","twitter_misc":{"Tempo estimado de leitura":"2 minutos"},"schema":{"@context":"https:\/\/schema.org","@graph":[{"@type":"WebPage","@id":"https:\/\/www.ghostysky.com\/product\/dji-zenmuse-s1\/","url":"https:\/\/www.ghostysky.com\/product\/dji-zenmuse-s1\/","name":"DJI Zenmuse S1 - C\u00e9u Fantasma","isPartOf":{"@id":"https:\/\/www.ghostysky.com\/#website"},"primaryImageOfPage":{"@id":"https:\/\/www.ghostysky.com\/product\/dji-zenmuse-s1\/#primaryimage"},"image":{"@id":"https:\/\/www.ghostysky.com\/product\/dji-zenmuse-s1\/#primaryimage"},"thumbnailUrl":"https:\/\/www.ghostysky.com\/wp-content\/uploads\/2025\/10\/GH_DJI-Zenmuse-S1_1.jpg","datePublished":"2025-10-18T04:31:35+00:00","dateModified":"2025-10-18T04:37:49+00:00","description":"O DJI Zenmuse S1 \u00e9 um holofote de alto desempenho projetado para fornecer ilumina\u00e7\u00e3o potente e de longo alcance para as plataformas de drones empresariais multi-carga da DJI, especificamente compat\u00edvel com o Matrice 350 RTK e o Matrice 300 RTK. Utilizando a avan\u00e7ada tecnologia de F\u00f3sforo Excitado por Laser (LEP), o Zenmuse S1 \u00e9 uma ferramenta essencial para opera\u00e7\u00f5es em condi\u00e7\u00f5es de pouca luz ou \u00e0 noite.","breadcrumb":{"@id":"https:\/\/www.ghostysky.com\/product\/dji-zenmuse-s1\/#breadcrumb"},"inLanguage":"pt-PT","potentialAction":[{"@type":"ReadAction","target":["https:\/\/www.ghostysky.com\/product\/dji-zenmuse-s1\/"]}]},{"@type":"ImageObject","inLanguage":"pt-PT","@id":"https:\/\/www.ghostysky.com\/product\/dji-zenmuse-s1\/#primaryimage","url":"https:\/\/www.ghostysky.com\/wp-content\/uploads\/2025\/10\/GH_DJI-Zenmuse-S1_1.jpg","contentUrl":"https:\/\/www.ghostysky.com\/wp-content\/uploads\/2025\/10\/GH_DJI-Zenmuse-S1_1.jpg","width":800,"height":800},{"@type":"BreadcrumbList","@id":"https:\/\/www.ghostysky.com\/product\/dji-zenmuse-s1\/#breadcrumb","itemListElement":[{"@type":"ListItem","position":1,"name":"Home","item":"https:\/\/www.ghostysky.com\/"},{"@type":"ListItem","position":2,"name":"Shop","item":"https:\/\/www.ghostysky.com\/shop\/"},{"@type":"ListItem","position":3,"name":"DJI Zenmuse S1"}]},{"@type":"WebSite","@id":"https:\/\/www.ghostysky.com\/#website","url":"https:\/\/www.ghostysky.com\/","name":"Ghostysky","description":"Fornecendo drones e servi\u00e7os profissionais","publisher":{"@id":"https:\/\/www.ghostysky.com\/#organization"},"potentialAction":[{"@type":"SearchAction","target":{"@type":"EntryPoint","urlTemplate":"https:\/\/www.ghostysky.com\/?s={search_term_string}"},"query-input":{"@type":"PropertyValueSpecification","valueRequired":true,"valueName":"search_term_string"}}],"inLanguage":"pt-PT"},{"@type":"Organization","@id":"https:\/\/www.ghostysky.com\/#organization","name":"Ghostysky","url":"https:\/\/www.ghostysky.com\/","logo":{"@type":"ImageObject","inLanguage":"pt-PT","@id":"https:\/\/www.ghostysky.com\/#\/schema\/logo\/image\/","url":"https:\/\/www.ghostysky.com\/wp-content\/uploads\/2020\/06\/cropped-ghostyskylogo_text_white2.png","contentUrl":"https:\/\/www.ghostysky.com\/wp-content\/uploads\/2020\/06\/cropped-ghostyskylogo_text_white2.png","width":169,"height":56,"caption":"Ghostysky"},"image":{"@id":"https:\/\/www.ghostysky.com\/#\/schema\/logo\/image\/"},"sameAs":["https:\/\/www.facebook.com\/people\/Ghostysky\/100057676170234\/","https:\/\/x.com\/Gh0stysky","https:\/\/www.linkedin.com\/company\/34739653","https:\/\/www.instagram.com\/gh0stysky"]}]}},"_links":{"self":[{"href":"https:\/\/www.ghostysky.com\/pt\/wp-json\/wp\/v2\/product\/21877","targetHints":{"allow":["GET"]}}],"collection":[{"href":"https:\/\/www.ghostysky.com\/pt\/wp-json\/wp\/v2\/product"}],"about":[{"href":"https:\/\/www.ghostysky.com\/pt\/wp-json\/wp\/v2\/types\/product"}],"replies":[{"embeddable":true,"href":"https:\/\/www.ghostysky.com\/pt\/wp-json\/wp\/v2\/comments?post=21877"}],"wp:featuredmedia":[{"embeddable":true,"href":"https:\/\/www.ghostysky.com\/pt\/wp-json\/wp\/v2\/media\/21880"}],"wp:attachment":[{"href":"https:\/\/www.ghostysky.com\/pt\/wp-json\/wp\/v2\/media?parent=21877"}],"wp:term":[{"taxonomy":"product_brand","embeddable":true,"href":"https:\/\/www.ghostysky.com\/pt\/wp-json\/wp\/v2\/product_brand?post=21877"},{"taxonomy":"product_cat","embeddable":true,"href":"https:\/\/www.ghostysky.com\/pt\/wp-json\/wp\/v2\/product_cat?post=21877"},{"taxonomy":"product_tag","embeddable":true,"href":"https:\/\/www.ghostysky.com\/pt\/wp-json\/wp\/v2\/product_tag?post=21877"}],"curies":[{"name":"wp","href":"https:\/\/api.w.org\/{rel}","templated":true}]}}