{"id":21884,"date":"2025-10-18T04:38:45","date_gmt":"2025-10-18T04:38:45","guid":{"rendered":"https:\/\/www.ghostysky.com\/?post_type=product&#038;p=21884"},"modified":"2025-10-18T04:41:40","modified_gmt":"2025-10-18T04:41:40","slug":"czi-th4-four-stage-thrower","status":"publish","type":"product","link":"https:\/\/www.ghostysky.com\/pt\/product\/czi-th4-four-stage-thrower\/","title":{"rendered":"Lan\u00e7ador de quatro est\u00e1gios CZI TH4"},"content":{"rendered":"<div id=\"model-response-message-contentr_55bc02040a3d26f8\" class=\"markdown markdown-main-panel stronger enable-updated-hr-color\" dir=\"ltr\">\n<div id=\"model-response-message-contentr_7d191a1853b28634\" class=\"markdown markdown-main-panel stronger enable-updated-hr-color\" dir=\"ltr\">\n<div id=\"model-response-message-contentr_4bdeaa6da8c41b15\" class=\"markdown markdown-main-panel stronger enable-updated-hr-color\" dir=\"ltr\">\n<div id=\"model-response-message-contentr_e0d74dc8e10239d5\" class=\"markdown markdown-main-panel stronger enable-updated-hr-color\" dir=\"ltr\">\n<h3>Caracter\u00edsticas principais<\/h3>\n<ul>\n<li><b>Capacidade de queda em quatro est\u00e1gios:<\/b><span class=\"citation-1857\"> Permite a libera\u00e7\u00e3o independente de at\u00e9 <\/span><b><span class=\"citation-1857\">quatro cargas \u00fateis separadas<\/span><\/b><span class=\"citation-1857 citation-end-1857\"> em uma miss\u00e3o, maximizando a efici\u00eancia para entregas em v\u00e1rios pontos.<\/span><\/li>\n<li><b>Alta capacidade de carga \u00fatil:<\/b>\n<ul>\n<li><b>Carga m\u00e1xima de gancho \u00fanico:<\/b><span class=\"citation-1856 citation-end-1856\"> At\u00e9 <sup class=\"superscript\" data-turn-source-index=\"4\">4<\/sup><\/span><span class=\"math-inline\" data-math=\"10 \\text{ kg}\">$10 \\texto{ kg}$<\/span><span class=\"citation-1855 citation-end-1855\"> (aprox.<sup class=\"superscript\" data-turn-source-index=\"5\">5<\/sup><\/span> <span class=\"math-inline\" data-math=\"22 \\text{ lbs}\">$22 \\texto{ lbs}$<\/span><span class=\"citation-1854\">) \u2013 <\/span><i><span class=\"citation-1854 citation-end-1854\">Observa\u00e7\u00e3o: a capacidade de carga real est\u00e1 sujeita \u00e0 carga \u00fatil m\u00e1xima permitida do UAV.<\/span><\/i><\/li>\n<li><b>Carga total de arremesso:<\/b> At\u00e9 <span class=\"math-inline\" data-math=\"40 \\text{ kg}\">$40 \\texto{ kg}$<\/span> (aprox. <span class=\"math-inline\" data-math=\"88 \\text{ lbs}\">$88 \\texto{ lbs}$<\/span><span class=\"citation-1853 citation-end-1853\">) ao longo dos quatro est\u00e1gios.<\/span><\/li>\n<\/ul>\n<\/li>\n<li><b><span class=\"citation-1852\">Integra\u00e7\u00e3o perfeita com DJI:<\/span><\/b><span class=\"citation-1852\"> Monta-se de forma r\u00e1pida e f\u00e1cil atrav\u00e9s do <\/span><b><span class=\"citation-1852\">Interface DJI SkyPort V2.0<\/span><\/b><span class=\"citation-1852 citation-end-1852\">, garantindo uma conex\u00e3o segura e confi\u00e1vel.<\/span><\/li>\n<li><b>Controle intuitivo:<\/b><span class=\"citation-1851\"> N\u00e3o h\u00e1 necessidade de controladores de terceiros; o sistema integra-se diretamente com o <\/span><b><span class=\"citation-1851\">Aplicativo DJI Pilot<\/span><\/b><span class=\"citation-1851 citation-end-1851\">, reconhecendo automaticamente a carga e fornecendo informa\u00e7\u00f5es e orienta\u00e7\u00f5es em tempo real por meio de pop-ups de mensagens.<\/span><\/li>\n<li><b><span class=\"citation-1850\">Design leve:<\/span><\/b><span class=\"citation-1850 citation-end-1850\"> Pesa apenas cerca de <sup class=\"superscript\" data-turn-source-index=\"10\">10<\/sup><\/span><span class=\"math-inline\" data-math=\"310 \\text{ g}\">$310 \\texto{ g}$<\/span><span class=\"citation-1849 citation-end-1849\"> para <sup class=\"superscript\" data-turn-source-index=\"11\">11<\/sup><\/span><span class=\"math-inline\" data-math=\"320 \\text{ g}\">$320 \\texto{ g}$<\/span><span class=\"citation-1848 citation-end-1848\">, minimizando o impacto no desempenho e na resist\u00eancia do voo do drone.<\/span><\/li>\n<li><b>Seguran\u00e7a e confiabilidade:<\/b><span class=\"citation-1847 citation-end-1847\"> Inclui v\u00e1rios mecanismos de seguran\u00e7a e um sistema de travamento anti-queda para evitar a libera\u00e7\u00e3o acidental de carga \u00fatil, protegendo cargas valiosas.<\/span><\/li>\n<\/ul>\n<h4>Aplica\u00e7\u00f5es<\/h4>\n<p>O CZI TH4 \u00e9 uma ferramenta indispens\u00e1vel para miss\u00f5es cr\u00edticas, incluindo:<\/p>\n<ul>\n<li><b><span class=\"citation-1846\">Resposta a emerg\u00eancias e SAR:<\/span><\/b><span class=\"citation-1846 citation-end-1846\"> Entrega de suprimentos vitais, kits m\u00e9dicos, r\u00e1dios ou dispositivos de flutua\u00e7\u00e3o para locais perigosos ou de dif\u00edcil acesso.<\/span><\/li>\n<li><b>Log\u00edstica e Entrega:<\/b><span class=\"citation-1845 citation-end-1845\"> Transporte de materiais e equipamentos essenciais para \u00e1reas remotas ou bloqueadas.<\/span><\/li>\n<li><b><span class=\"citation-1844\">Topografia e Mapeamento:<\/span><\/b><span class=\"citation-1844 citation-end-1844\"> Colocar marcadores de levantamento com precis\u00e3o em pontos designados em grandes \u00e1reas.<\/span><\/li>\n<li><b><span class=\"citation-1843\">Seguran\u00e7a P\u00fablica:<\/span><\/b><span class=\"citation-1843 citation-end-1843\"> Implanta\u00e7\u00e3o de ferramentas sem contato ou sistemas de endere\u00e7amento p\u00fablico.<\/span><\/li>\n<\/ul>\n<p><span class=\"citation-1842 citation-end-1842\">Em resumo, o CZI TH4 V2 Drop Kit oferece uma solu\u00e7\u00e3o poderosa, segura e eficiente para operadores profissionais de drones que exigem capacidade de entrega a\u00e9rea precisa e em v\u00e1rios est\u00e1gios.<\/span><\/p>\n<\/div>\n<\/div>\n<\/div>\n<\/div>","protected":false},"excerpt":{"rendered":"<p><span class=\"citation-1859 citation-end-1859\">O lan\u00e7ador de quatro est\u00e1gios CZI TH4 (frequentemente chamado de kit de lan\u00e7amento TH4 V2) \u00e9 um sistema especializado de implanta\u00e7\u00e3o de carga \u00fatil a\u00e9rea projetado para integra\u00e7\u00e3o com drones industriais DJI espec\u00edficos, como o Matrice 300 RTK, Matrice 350 RTK e Matrice 210 V2.<\/span><\/p>\n<p><span class=\"citation-1858 citation-end-1858\">Este sistema ultraleve e dur\u00e1vel foi projetado para revolucionar a log\u00edstica a\u00e9rea, a resposta a emerg\u00eancias e a entrega de materiais, permitindo m\u00faltiplos lan\u00e7amentos precisos em um \u00fanico voo.<\/span><\/p>","protected":false},"featured_media":21885,"comment_status":"open","ping_status":"closed","template":"","meta":[],"product_brand":[1031],"product_cat":[37,1125,1127],"product_tag":[42,1131,1128],"class_list":{"0":"post-21884","1":"product","2":"type-product","3":"status-publish","4":"has-post-thumbnail","6":"product_brand-dji","7":"product_cat-dji","8":"product_cat-matrice-400","9":"product_cat-matrice-400-accessories","10":"product_tag-dji","11":"product_tag-dji-matrice-400-accessories","12":"product_tag-dji-matrice-400-series","14":"first","15":"onbackorder","16":"taxable","17":"shipping-taxable","18":"purchasable","19":"product-type-simple"},"yoast_head":"<!-- This site is optimized with the Yoast SEO plugin v27.4 - https:\/\/yoast.com\/product\/yoast-seo-wordpress\/ -->\n<title>CZI TH4 Four stage thrower - Ghostysky<\/title>\n<meta name=\"description\" content=\"The CZI TH4 Four-Stage Thrower (often referred to as the TH4 V2 Drop Kit) is a specialized aerial payload deployment system designed for integration with specific DJI industrial drones, such as the Matrice 300 RTK, Matrice 350 RTK, and Matrice 210 V2.This ultra-lightweight and durable system is engineered to revolutionize aerial logistics, emergency response, and material delivery by enabling multiple, precision drops in a single flight.\" \/>\n<meta name=\"robots\" content=\"index, follow, max-snippet:-1, max-image-preview:large, max-video-preview:-1\" \/>\n<link rel=\"canonical\" href=\"https:\/\/www.ghostysky.com\/pt\/produto-2\/czi-th4-four-stage-thrower\/\" \/>\n<meta property=\"og:locale\" content=\"pt_PT\" \/>\n<meta property=\"og:type\" content=\"article\" \/>\n<meta property=\"og:title\" content=\"CZI TH4 Four stage thrower - Ghostysky\" \/>\n<meta property=\"og:description\" content=\"The CZI TH4 Four-Stage Thrower (often referred to as the TH4 V2 Drop Kit) is a specialized aerial payload deployment system designed for integration with specific DJI industrial drones, such as the Matrice 300 RTK, Matrice 350 RTK, and Matrice 210 V2.This ultra-lightweight and durable system is engineered to revolutionize aerial logistics, emergency response, and material delivery by enabling multiple, precision drops in a single flight.\" \/>\n<meta property=\"og:url\" content=\"https:\/\/www.ghostysky.com\/pt\/produto-2\/czi-th4-four-stage-thrower\/\" \/>\n<meta property=\"og:site_name\" content=\"Ghostysky\" \/>\n<meta property=\"article:publisher\" content=\"https:\/\/www.facebook.com\/people\/Ghostysky\/100057676170234\/\" \/>\n<meta property=\"article:modified_time\" content=\"2025-10-18T04:41:40+00:00\" \/>\n<meta property=\"og:image\" content=\"https:\/\/www.ghostysky.com\/wp-content\/uploads\/2025\/10\/GH_CZI-TH4-Four-stage-thrower_1.jpg\" \/>\n\t<meta property=\"og:image:width\" content=\"800\" \/>\n\t<meta property=\"og:image:height\" content=\"800\" \/>\n\t<meta property=\"og:image:type\" content=\"image\/jpeg\" \/>\n<meta name=\"twitter:card\" content=\"summary_large_image\" \/>\n<meta name=\"twitter:site\" content=\"@Gh0stysky\" \/>\n<meta name=\"twitter:label1\" content=\"Tempo estimado de leitura\" \/>\n\t<meta name=\"twitter:data1\" content=\"2 minutos\" \/>\n<script type=\"application\/ld+json\" class=\"yoast-schema-graph\">{\"@context\":\"https:\\\/\\\/schema.org\",\"@graph\":[{\"@type\":\"WebPage\",\"@id\":\"https:\\\/\\\/www.ghostysky.com\\\/product\\\/czi-th4-four-stage-thrower\\\/\",\"url\":\"https:\\\/\\\/www.ghostysky.com\\\/product\\\/czi-th4-four-stage-thrower\\\/\",\"name\":\"CZI TH4 Four stage thrower - Ghostysky\",\"isPartOf\":{\"@id\":\"https:\\\/\\\/www.ghostysky.com\\\/#website\"},\"primaryImageOfPage\":{\"@id\":\"https:\\\/\\\/www.ghostysky.com\\\/product\\\/czi-th4-four-stage-thrower\\\/#primaryimage\"},\"image\":{\"@id\":\"https:\\\/\\\/www.ghostysky.com\\\/product\\\/czi-th4-four-stage-thrower\\\/#primaryimage\"},\"thumbnailUrl\":\"https:\\\/\\\/www.ghostysky.com\\\/wp-content\\\/uploads\\\/2025\\\/10\\\/GH_CZI-TH4-Four-stage-thrower_1.jpg\",\"datePublished\":\"2025-10-18T04:38:45+00:00\",\"dateModified\":\"2025-10-18T04:41:40+00:00\",\"description\":\"The CZI TH4 Four-Stage Thrower (often referred to as the TH4 V2 Drop Kit) is a specialized aerial payload deployment system designed for integration with specific DJI industrial drones, such as the Matrice 300 RTK, Matrice 350 RTK, and Matrice 210 V2.This ultra-lightweight and durable system is engineered to revolutionize aerial logistics, emergency response, and material delivery by enabling multiple, precision drops in a single flight.\",\"breadcrumb\":{\"@id\":\"https:\\\/\\\/www.ghostysky.com\\\/product\\\/czi-th4-four-stage-thrower\\\/#breadcrumb\"},\"inLanguage\":\"pt-PT\",\"potentialAction\":[{\"@type\":\"ReadAction\",\"target\":[\"https:\\\/\\\/www.ghostysky.com\\\/product\\\/czi-th4-four-stage-thrower\\\/\"]}]},{\"@type\":\"ImageObject\",\"inLanguage\":\"pt-PT\",\"@id\":\"https:\\\/\\\/www.ghostysky.com\\\/product\\\/czi-th4-four-stage-thrower\\\/#primaryimage\",\"url\":\"https:\\\/\\\/www.ghostysky.com\\\/wp-content\\\/uploads\\\/2025\\\/10\\\/GH_CZI-TH4-Four-stage-thrower_1.jpg\",\"contentUrl\":\"https:\\\/\\\/www.ghostysky.com\\\/wp-content\\\/uploads\\\/2025\\\/10\\\/GH_CZI-TH4-Four-stage-thrower_1.jpg\",\"width\":800,\"height\":800},{\"@type\":\"BreadcrumbList\",\"@id\":\"https:\\\/\\\/www.ghostysky.com\\\/product\\\/czi-th4-four-stage-thrower\\\/#breadcrumb\",\"itemListElement\":[{\"@type\":\"ListItem\",\"position\":1,\"name\":\"Home\",\"item\":\"https:\\\/\\\/www.ghostysky.com\\\/\"},{\"@type\":\"ListItem\",\"position\":2,\"name\":\"Shop\",\"item\":\"https:\\\/\\\/www.ghostysky.com\\\/shop\\\/\"},{\"@type\":\"ListItem\",\"position\":3,\"name\":\"CZI TH4 Four stage thrower\"}]},{\"@type\":\"WebSite\",\"@id\":\"https:\\\/\\\/www.ghostysky.com\\\/#website\",\"url\":\"https:\\\/\\\/www.ghostysky.com\\\/\",\"name\":\"Ghostysky\",\"description\":\"Delivering professional drones and robotics solutions\",\"publisher\":{\"@id\":\"https:\\\/\\\/www.ghostysky.com\\\/#organization\"},\"potentialAction\":[{\"@type\":\"SearchAction\",\"target\":{\"@type\":\"EntryPoint\",\"urlTemplate\":\"https:\\\/\\\/www.ghostysky.com\\\/?s={search_term_string}\"},\"query-input\":{\"@type\":\"PropertyValueSpecification\",\"valueRequired\":true,\"valueName\":\"search_term_string\"}}],\"inLanguage\":\"pt-PT\"},{\"@type\":\"Organization\",\"@id\":\"https:\\\/\\\/www.ghostysky.com\\\/#organization\",\"name\":\"Ghostysky\",\"url\":\"https:\\\/\\\/www.ghostysky.com\\\/\",\"logo\":{\"@type\":\"ImageObject\",\"inLanguage\":\"pt-PT\",\"@id\":\"https:\\\/\\\/www.ghostysky.com\\\/#\\\/schema\\\/logo\\\/image\\\/\",\"url\":\"https:\\\/\\\/www.ghostysky.com\\\/wp-content\\\/uploads\\\/2020\\\/06\\\/cropped-ghostyskylogo_text_white2.png\",\"contentUrl\":\"https:\\\/\\\/www.ghostysky.com\\\/wp-content\\\/uploads\\\/2020\\\/06\\\/cropped-ghostyskylogo_text_white2.png\",\"width\":169,\"height\":56,\"caption\":\"Ghostysky\"},\"image\":{\"@id\":\"https:\\\/\\\/www.ghostysky.com\\\/#\\\/schema\\\/logo\\\/image\\\/\"},\"sameAs\":[\"https:\\\/\\\/www.facebook.com\\\/people\\\/Ghostysky\\\/100057676170234\\\/\",\"https:\\\/\\\/x.com\\\/Gh0stysky\",\"https:\\\/\\\/www.linkedin.com\\\/company\\\/34739653\",\"https:\\\/\\\/www.instagram.com\\\/gh0stysky\"]}]}<\/script>\n<!-- \/ Yoast SEO plugin. -->","yoast_head_json":{"title":"Lan\u00e7ador de quatro est\u00e1gios CZI TH4 - Ghostysky","description":"O lan\u00e7ador de quatro est\u00e1gios CZI TH4 (frequentemente chamado de kit de lan\u00e7amento TH4 V2) \u00e9 um sistema especializado de implanta\u00e7\u00e3o de carga \u00fatil a\u00e9rea projetado para integra\u00e7\u00e3o com drones industriais DJI espec\u00edficos, como o Matrice 300 RTK, Matrice 350 RTK e Matrice 210 V2. Este sistema ultraleve e dur\u00e1vel foi projetado para revolucionar a log\u00edstica a\u00e9rea, a resposta a emerg\u00eancias e a entrega de materiais, permitindo v\u00e1rios lan\u00e7amentos de precis\u00e3o em um \u00fanico voo.","robots":{"index":"index","follow":"follow","max-snippet":"max-snippet:-1","max-image-preview":"max-image-preview:large","max-video-preview":"max-video-preview:-1"},"canonical":"https:\/\/www.ghostysky.com\/pt\/produto-2\/czi-th4-four-stage-thrower\/","og_locale":"pt_PT","og_type":"article","og_title":"CZI TH4 Four stage thrower - Ghostysky","og_description":"The CZI TH4 Four-Stage Thrower (often referred to as the TH4 V2 Drop Kit) is a specialized aerial payload deployment system designed for integration with specific DJI industrial drones, such as the Matrice 300 RTK, Matrice 350 RTK, and Matrice 210 V2.This ultra-lightweight and durable system is engineered to revolutionize aerial logistics, emergency response, and material delivery by enabling multiple, precision drops in a single flight.","og_url":"https:\/\/www.ghostysky.com\/pt\/produto-2\/czi-th4-four-stage-thrower\/","og_site_name":"Ghostysky","article_publisher":"https:\/\/www.facebook.com\/people\/Ghostysky\/100057676170234\/","article_modified_time":"2025-10-18T04:41:40+00:00","og_image":[{"width":800,"height":800,"url":"https:\/\/www.ghostysky.com\/wp-content\/uploads\/2025\/10\/GH_CZI-TH4-Four-stage-thrower_1.jpg","type":"image\/jpeg"}],"twitter_card":"summary_large_image","twitter_site":"@Gh0stysky","twitter_misc":{"Tempo estimado de leitura":"2 minutos"},"schema":{"@context":"https:\/\/schema.org","@graph":[{"@type":"WebPage","@id":"https:\/\/www.ghostysky.com\/product\/czi-th4-four-stage-thrower\/","url":"https:\/\/www.ghostysky.com\/product\/czi-th4-four-stage-thrower\/","name":"Lan\u00e7ador de quatro est\u00e1gios CZI TH4 - Ghostysky","isPartOf":{"@id":"https:\/\/www.ghostysky.com\/#website"},"primaryImageOfPage":{"@id":"https:\/\/www.ghostysky.com\/product\/czi-th4-four-stage-thrower\/#primaryimage"},"image":{"@id":"https:\/\/www.ghostysky.com\/product\/czi-th4-four-stage-thrower\/#primaryimage"},"thumbnailUrl":"https:\/\/www.ghostysky.com\/wp-content\/uploads\/2025\/10\/GH_CZI-TH4-Four-stage-thrower_1.jpg","datePublished":"2025-10-18T04:38:45+00:00","dateModified":"2025-10-18T04:41:40+00:00","description":"O lan\u00e7ador de quatro est\u00e1gios CZI TH4 (frequentemente chamado de kit de lan\u00e7amento TH4 V2) \u00e9 um sistema especializado de implanta\u00e7\u00e3o de carga \u00fatil a\u00e9rea projetado para integra\u00e7\u00e3o com drones industriais DJI espec\u00edficos, como o Matrice 300 RTK, Matrice 350 RTK e Matrice 210 V2. Este sistema ultraleve e dur\u00e1vel foi projetado para revolucionar a log\u00edstica a\u00e9rea, a resposta a emerg\u00eancias e a entrega de materiais, permitindo v\u00e1rios lan\u00e7amentos de precis\u00e3o em um \u00fanico voo.","breadcrumb":{"@id":"https:\/\/www.ghostysky.com\/product\/czi-th4-four-stage-thrower\/#breadcrumb"},"inLanguage":"pt-PT","potentialAction":[{"@type":"ReadAction","target":["https:\/\/www.ghostysky.com\/product\/czi-th4-four-stage-thrower\/"]}]},{"@type":"ImageObject","inLanguage":"pt-PT","@id":"https:\/\/www.ghostysky.com\/product\/czi-th4-four-stage-thrower\/#primaryimage","url":"https:\/\/www.ghostysky.com\/wp-content\/uploads\/2025\/10\/GH_CZI-TH4-Four-stage-thrower_1.jpg","contentUrl":"https:\/\/www.ghostysky.com\/wp-content\/uploads\/2025\/10\/GH_CZI-TH4-Four-stage-thrower_1.jpg","width":800,"height":800},{"@type":"BreadcrumbList","@id":"https:\/\/www.ghostysky.com\/product\/czi-th4-four-stage-thrower\/#breadcrumb","itemListElement":[{"@type":"ListItem","position":1,"name":"Home","item":"https:\/\/www.ghostysky.com\/"},{"@type":"ListItem","position":2,"name":"Shop","item":"https:\/\/www.ghostysky.com\/shop\/"},{"@type":"ListItem","position":3,"name":"CZI TH4 Four stage thrower"}]},{"@type":"WebSite","@id":"https:\/\/www.ghostysky.com\/#website","url":"https:\/\/www.ghostysky.com\/","name":"Ghostysky","description":"Fornecendo solu\u00e7\u00f5es profissionais em drones e rob\u00f3tica.","publisher":{"@id":"https:\/\/www.ghostysky.com\/#organization"},"potentialAction":[{"@type":"SearchAction","target":{"@type":"EntryPoint","urlTemplate":"https:\/\/www.ghostysky.com\/?s={search_term_string}"},"query-input":{"@type":"PropertyValueSpecification","valueRequired":true,"valueName":"search_term_string"}}],"inLanguage":"pt-PT"},{"@type":"Organization","@id":"https:\/\/www.ghostysky.com\/#organization","name":"Ghostysky","url":"https:\/\/www.ghostysky.com\/","logo":{"@type":"ImageObject","inLanguage":"pt-PT","@id":"https:\/\/www.ghostysky.com\/#\/schema\/logo\/image\/","url":"https:\/\/www.ghostysky.com\/wp-content\/uploads\/2020\/06\/cropped-ghostyskylogo_text_white2.png","contentUrl":"https:\/\/www.ghostysky.com\/wp-content\/uploads\/2020\/06\/cropped-ghostyskylogo_text_white2.png","width":169,"height":56,"caption":"Ghostysky"},"image":{"@id":"https:\/\/www.ghostysky.com\/#\/schema\/logo\/image\/"},"sameAs":["https:\/\/www.facebook.com\/people\/Ghostysky\/100057676170234\/","https:\/\/x.com\/Gh0stysky","https:\/\/www.linkedin.com\/company\/34739653","https:\/\/www.instagram.com\/gh0stysky"]}]}},"_links":{"self":[{"href":"https:\/\/www.ghostysky.com\/pt\/wp-json\/wp\/v2\/product\/21884","targetHints":{"allow":["GET"]}}],"collection":[{"href":"https:\/\/www.ghostysky.com\/pt\/wp-json\/wp\/v2\/product"}],"about":[{"href":"https:\/\/www.ghostysky.com\/pt\/wp-json\/wp\/v2\/types\/product"}],"replies":[{"embeddable":true,"href":"https:\/\/www.ghostysky.com\/pt\/wp-json\/wp\/v2\/comments?post=21884"}],"version-history":[{"count":0,"href":"https:\/\/www.ghostysky.com\/pt\/wp-json\/wp\/v2\/product\/21884\/revisions"}],"wp:featuredmedia":[{"embeddable":true,"href":"https:\/\/www.ghostysky.com\/pt\/wp-json\/wp\/v2\/media\/21885"}],"wp:attachment":[{"href":"https:\/\/www.ghostysky.com\/pt\/wp-json\/wp\/v2\/media?parent=21884"}],"wp:term":[{"taxonomy":"product_brand","embeddable":true,"href":"https:\/\/www.ghostysky.com\/pt\/wp-json\/wp\/v2\/product_brand?post=21884"},{"taxonomy":"product_cat","embeddable":true,"href":"https:\/\/www.ghostysky.com\/pt\/wp-json\/wp\/v2\/product_cat?post=21884"},{"taxonomy":"product_tag","embeddable":true,"href":"https:\/\/www.ghostysky.com\/pt\/wp-json\/wp\/v2\/product_tag?post=21884"}],"curies":[{"name":"wp","href":"https:\/\/api.w.org\/{rel}","templated":true}]}}