{"id":21886,"date":"2025-10-18T04:42:42","date_gmt":"2025-10-18T04:42:42","guid":{"rendered":"https:\/\/www.ghostysky.com\/?post_type=product&#038;p=21886"},"modified":"2025-10-18T04:47:42","modified_gmt":"2025-10-18T04:47:42","slug":"dji-zenmuse-v1","status":"publish","type":"product","link":"https:\/\/www.ghostysky.com\/pt\/product\/dji-zenmuse-v1\/","title":{"rendered":"DJI Zenmuse V1"},"content":{"rendered":"<div id=\"model-response-message-contentr_55bc02040a3d26f8\" class=\"markdown markdown-main-panel stronger enable-updated-hr-color\" dir=\"ltr\">\n<div id=\"model-response-message-contentr_7d191a1853b28634\" class=\"markdown markdown-main-panel stronger enable-updated-hr-color\" dir=\"ltr\">\n<div id=\"model-response-message-contentr_4bdeaa6da8c41b15\" class=\"markdown markdown-main-panel stronger enable-updated-hr-color\" dir=\"ltr\">\n<div id=\"model-response-message-contentr_e0d74dc8e10239d5\" class=\"markdown markdown-main-panel stronger enable-updated-hr-color\" dir=\"ltr\">\n<p><b>Caracter\u00edsticas principais:<\/b><\/p>\n<ul>\n<li><b>Som potente, alcance estendido:<\/b><span class=\"citation-1891\"> O Zenmuse V1 oferece um n\u00edvel m\u00e1ximo de press\u00e3o sonora de at\u00e9 <\/span><b><span class=\"citation-1891\">127 dB a 1 metro<\/span><\/b><span class=\"citation-1891 citation-end-1891\"> (no Matrice 350 RTK\/300 RTK), garantindo uma comunica\u00e7\u00e3o clara.<sup class=\"superscript\" data-turn-source-index=\"3\">3<\/sup><\/span> <span class=\"citation-1890\">Sua dist\u00e2ncia efetiva de transmiss\u00e3o atinge at\u00e9 <\/span><b><span class=\"citation-1890\">500 metros<\/span><\/b><span class=\"citation-1890 citation-end-1890\"> (700 metros no Matrice 400) para cobertura de \u00e1rea ampla.<\/span><\/li>\n<li><b>V\u00e1rios modos de transmiss\u00e3o:<\/b>\n<ul>\n<li><b><span class=\"citation-1889\">Grava\u00e7\u00e3o e transmiss\u00e3o:<\/span><\/b><span class=\"citation-1889 citation-end-1889\"> Grave e transmita mensagens instantaneamente usando o aplicativo DJI Pilot 2, com reprodu\u00e7\u00e3o e armazenamento local.<\/span><\/li>\n<li><b><span class=\"citation-1888\">Convers\u00e3o de texto em fala:<\/span><\/b><span class=\"citation-1888 citation-end-1888\"> Converta o texto de entrada em fala clara e com tom ajust\u00e1vel para transmiss\u00e3o por meio do aplicativo DJI Pilot 2.<\/span><\/li>\n<li><b><span class=\"citation-1887\">Reprodu\u00e7\u00e3o de arquivo de \u00e1udio:<\/span><\/b><span class=\"citation-1887 citation-end-1887\"> Importe e reproduza conte\u00fado predefinido de arquivos MP3, AAC e WAV locais para transmitir rapidamente avisos espec\u00edficos.<\/span><\/li>\n<li><b>Transmiss\u00e3o em tempo real (somente Matrix 400):<\/b><span class=\"citation-1886 citation-end-1886\"> Suporta transmiss\u00e3o de voz ao vivo com um algoritmo anti-uivo integrado.<\/span><\/li>\n<\/ul>\n<\/li>\n<li><b><span class=\"citation-1885\">Controle preciso:<\/span><\/b><span class=\"citation-1885\"> O alto-falante possui um sistema de estabiliza\u00e7\u00e3o de eixo \u00fanico (inclina\u00e7\u00e3o) e pode <\/span><b><span class=\"citation-1885\">sincronizar seu \u00e2ngulo de inclina\u00e7\u00e3o<\/span><\/b><span class=\"citation-1885 citation-end-1885\"> com outras cargas \u00fateis equipadas com gimbal, garantindo que o som seja direcionado precisamente para a \u00e1rea alvo para maior efici\u00eancia de transmiss\u00e3o.<\/span><\/li>\n<li><b>Grava\u00e7\u00e3o direcional:<\/b><span class=\"citation-1884 citation-end-1884\"> O controle remoto compat\u00edvel (DJI RC Plus) suporta capta\u00e7\u00e3o de \u00e1udio direcional, minimizando o ru\u00eddo ambiente.<\/span><\/li>\n<li><b><span class=\"citation-1883\">Confiabilidade robusta:<\/span><\/b><span class=\"citation-1883\"> Com um <\/span><b><span class=\"citation-1883\">Classifica\u00e7\u00e3o de prote\u00e7\u00e3o de entrada IP54<\/span><\/b><span class=\"citation-1883 citation-end-1883\"> para resist\u00eancia \u00e0 poeira e \u00e0 \u00e1gua e uma ampla faixa de temperatura operacional de <sup class=\"superscript\" data-turn-source-index=\"11\">11<\/sup><\/span><span class=\"math-inline\" data-math=\"-20^\\circ \\text{C}\">$-20^\\circ \\texto{C}$<\/span><span class=\"citation-1882 citation-end-1882\"> para <sup class=\"superscript\" data-turn-source-index=\"12\">12<\/sup><\/span><span class=\"math-inline\" data-math=\"50^\\circ \\text{C}\">$50^\\circ \\texto{C}$<\/span><span class=\"citation-1881 citation-end-1881\"> (<sup class=\"superscript\" data-turn-source-index=\"13\">13<\/sup><\/span><span class=\"math-inline\" data-math=\"-4^\\circ \\text{F}\">$-4^\\circ \\texto{F}$<\/span><span class=\"citation-1880 citation-end-1880\"> para <sup class=\"superscript\" data-turn-source-index=\"14\">14<\/sup><\/span><span class=\"math-inline\" data-math=\"122^\\circ \\text{F}\">$122^\\circ \\texto{F}$<\/span><span class=\"citation-1879 citation-end-1879\">), o Zenmuse V1 foi desenvolvido para uma adaptabilidade ambiental robusta.<\/span><\/li>\n<li><b><span class=\"citation-1878\">Leve e flex\u00edvel:<\/span><\/b><span class=\"citation-1878 citation-end-1878\"> Pesando aproximadamente <sup class=\"superscript\" data-turn-source-index=\"16\">16<\/sup><\/span><span class=\"math-inline\" data-math=\"0.69 \\text{ kg}\">$0,69 \\texto{ kg}$<\/span><span class=\"citation-1877 citation-end-1877\">, ele pode ser facilmente montado em qualquer conector de gimbal em plataformas Matrice compat\u00edveis, oferecendo flexibilidade para diversas necessidades operacionais.<\/span><\/li>\n<\/ul>\n<p>&nbsp;<\/p>\n<h4>Compatibilidade<\/h4>\n<p>DJI Matrice 400<br \/>\nDJI Matriz 350 RTK<br \/>\nDJI Matrice 300 RTK (requer RC Plus)<\/p>\n<\/div>\n<\/div>\n<\/div>\n<\/div>","protected":false},"excerpt":{"rendered":"<p><span class=\"citation-1893\">O DJI Zenmuse V1 \u00e9 o primeiro alto-falante de n\u00edvel profissional da DJI projetado para plataformas de drones com m\u00faltiplas cargas \u00fateis, principalmente compat\u00edvel com o <\/span><b><span class=\"citation-1893\">Matriz 350 RTK, Matriz 300 RTK e Matriz 400<\/span><\/b><span class=\"citation-1893 citation-end-1893\"> drones em s\u00e9rie.<\/span><\/p>\n<p><span class=\"citation-1892\">Projetado para comunica\u00e7\u00e3o a\u00e9rea clara e poderosa, \u00e9 uma ferramenta essencial para <\/span><b><span class=\"citation-1892\">seguran\u00e7a p\u00fablica, resgate de emerg\u00eancia, gerenciamento de multid\u00f5es e coordena\u00e7\u00e3o industrial<\/span><\/b><span class=\"citation-1892 citation-end-1892\"> cen\u00e1rios.<\/span><\/p>","protected":false},"featured_media":21889,"comment_status":"open","ping_status":"closed","template":"","meta":[],"product_brand":[1031],"product_cat":[37,1125,1127],"product_tag":[42,1131,1128],"class_list":{"0":"post-21886","1":"product","2":"type-product","3":"status-publish","4":"has-post-thumbnail","6":"product_brand-dji","7":"product_cat-dji","8":"product_cat-matrice-400","9":"product_cat-matrice-400-accessories","10":"product_tag-dji","11":"product_tag-dji-matrice-400-accessories","12":"product_tag-dji-matrice-400-series","14":"first","15":"onbackorder","16":"taxable","17":"shipping-taxable","18":"purchasable","19":"product-type-simple"},"yoast_head":"<!-- This site is optimized with the Yoast SEO plugin v27.4 - https:\/\/yoast.com\/product\/yoast-seo-wordpress\/ -->\n<title>DJI Zenmuse V1 - Ghostysky<\/title>\n<meta name=\"description\" content=\"The DJI Zenmuse V1 is DJI&#039;s first professional-grade speaker payload designed for multi-payload drone platforms, primarily compatible with the Matrice 350 RTK, Matrice 300 RTK, and Matrice 400 series drones.Engineered for clear and powerful aerial communication, it is an essential tool for public safety, emergency rescue, crowd management, and industrial coordination scenarios.\" \/>\n<meta name=\"robots\" content=\"index, follow, max-snippet:-1, max-image-preview:large, max-video-preview:-1\" \/>\n<link rel=\"canonical\" href=\"https:\/\/www.ghostysky.com\/pt\/produto-2\/dji-zenmuse-v1\/\" \/>\n<meta property=\"og:locale\" content=\"pt_PT\" \/>\n<meta property=\"og:type\" content=\"article\" \/>\n<meta property=\"og:title\" content=\"DJI Zenmuse V1 - Ghostysky\" \/>\n<meta property=\"og:description\" content=\"The DJI Zenmuse V1 is DJI&#039;s first professional-grade speaker payload designed for multi-payload drone platforms, primarily compatible with the Matrice 350 RTK, Matrice 300 RTK, and Matrice 400 series drones.Engineered for clear and powerful aerial communication, it is an essential tool for public safety, emergency rescue, crowd management, and industrial coordination scenarios.\" \/>\n<meta property=\"og:url\" content=\"https:\/\/www.ghostysky.com\/pt\/produto-2\/dji-zenmuse-v1\/\" \/>\n<meta property=\"og:site_name\" content=\"Ghostysky\" \/>\n<meta property=\"article:publisher\" content=\"https:\/\/www.facebook.com\/people\/Ghostysky\/100057676170234\/\" \/>\n<meta property=\"article:modified_time\" content=\"2025-10-18T04:47:42+00:00\" \/>\n<meta property=\"og:image\" content=\"https:\/\/www.ghostysky.com\/wp-content\/uploads\/2025\/10\/GH_DJI-Zenmuse-V1_1.jpg\" \/>\n\t<meta property=\"og:image:width\" content=\"800\" \/>\n\t<meta property=\"og:image:height\" content=\"800\" \/>\n\t<meta property=\"og:image:type\" content=\"image\/jpeg\" \/>\n<meta name=\"twitter:card\" content=\"summary_large_image\" \/>\n<meta name=\"twitter:site\" content=\"@Gh0stysky\" \/>\n<meta name=\"twitter:label1\" content=\"Tempo estimado de leitura\" \/>\n\t<meta name=\"twitter:data1\" content=\"2 minutos\" \/>\n<script type=\"application\/ld+json\" class=\"yoast-schema-graph\">{\"@context\":\"https:\\\/\\\/schema.org\",\"@graph\":[{\"@type\":\"WebPage\",\"@id\":\"https:\\\/\\\/www.ghostysky.com\\\/product\\\/dji-zenmuse-v1\\\/\",\"url\":\"https:\\\/\\\/www.ghostysky.com\\\/product\\\/dji-zenmuse-v1\\\/\",\"name\":\"DJI Zenmuse V1 - Ghostysky\",\"isPartOf\":{\"@id\":\"https:\\\/\\\/www.ghostysky.com\\\/#website\"},\"primaryImageOfPage\":{\"@id\":\"https:\\\/\\\/www.ghostysky.com\\\/product\\\/dji-zenmuse-v1\\\/#primaryimage\"},\"image\":{\"@id\":\"https:\\\/\\\/www.ghostysky.com\\\/product\\\/dji-zenmuse-v1\\\/#primaryimage\"},\"thumbnailUrl\":\"https:\\\/\\\/www.ghostysky.com\\\/wp-content\\\/uploads\\\/2025\\\/10\\\/GH_DJI-Zenmuse-V1_1.jpg\",\"datePublished\":\"2025-10-18T04:42:42+00:00\",\"dateModified\":\"2025-10-18T04:47:42+00:00\",\"description\":\"The DJI Zenmuse V1 is DJI's first professional-grade speaker payload designed for multi-payload drone platforms, primarily compatible with the Matrice 350 RTK, Matrice 300 RTK, and Matrice 400 series drones.Engineered for clear and powerful aerial communication, it is an essential tool for public safety, emergency rescue, crowd management, and industrial coordination scenarios.\",\"breadcrumb\":{\"@id\":\"https:\\\/\\\/www.ghostysky.com\\\/product\\\/dji-zenmuse-v1\\\/#breadcrumb\"},\"inLanguage\":\"pt-PT\",\"potentialAction\":[{\"@type\":\"ReadAction\",\"target\":[\"https:\\\/\\\/www.ghostysky.com\\\/product\\\/dji-zenmuse-v1\\\/\"]}]},{\"@type\":\"ImageObject\",\"inLanguage\":\"pt-PT\",\"@id\":\"https:\\\/\\\/www.ghostysky.com\\\/product\\\/dji-zenmuse-v1\\\/#primaryimage\",\"url\":\"https:\\\/\\\/www.ghostysky.com\\\/wp-content\\\/uploads\\\/2025\\\/10\\\/GH_DJI-Zenmuse-V1_1.jpg\",\"contentUrl\":\"https:\\\/\\\/www.ghostysky.com\\\/wp-content\\\/uploads\\\/2025\\\/10\\\/GH_DJI-Zenmuse-V1_1.jpg\",\"width\":800,\"height\":800},{\"@type\":\"BreadcrumbList\",\"@id\":\"https:\\\/\\\/www.ghostysky.com\\\/product\\\/dji-zenmuse-v1\\\/#breadcrumb\",\"itemListElement\":[{\"@type\":\"ListItem\",\"position\":1,\"name\":\"Home\",\"item\":\"https:\\\/\\\/www.ghostysky.com\\\/\"},{\"@type\":\"ListItem\",\"position\":2,\"name\":\"Shop\",\"item\":\"https:\\\/\\\/www.ghostysky.com\\\/shop\\\/\"},{\"@type\":\"ListItem\",\"position\":3,\"name\":\"DJI Zenmuse V1\"}]},{\"@type\":\"WebSite\",\"@id\":\"https:\\\/\\\/www.ghostysky.com\\\/#website\",\"url\":\"https:\\\/\\\/www.ghostysky.com\\\/\",\"name\":\"Ghostysky\",\"description\":\"Delivering professional drones and services\",\"publisher\":{\"@id\":\"https:\\\/\\\/www.ghostysky.com\\\/#organization\"},\"potentialAction\":[{\"@type\":\"SearchAction\",\"target\":{\"@type\":\"EntryPoint\",\"urlTemplate\":\"https:\\\/\\\/www.ghostysky.com\\\/?s={search_term_string}\"},\"query-input\":{\"@type\":\"PropertyValueSpecification\",\"valueRequired\":true,\"valueName\":\"search_term_string\"}}],\"inLanguage\":\"pt-PT\"},{\"@type\":\"Organization\",\"@id\":\"https:\\\/\\\/www.ghostysky.com\\\/#organization\",\"name\":\"Ghostysky\",\"url\":\"https:\\\/\\\/www.ghostysky.com\\\/\",\"logo\":{\"@type\":\"ImageObject\",\"inLanguage\":\"pt-PT\",\"@id\":\"https:\\\/\\\/www.ghostysky.com\\\/#\\\/schema\\\/logo\\\/image\\\/\",\"url\":\"https:\\\/\\\/www.ghostysky.com\\\/wp-content\\\/uploads\\\/2020\\\/06\\\/cropped-ghostyskylogo_text_white2.png\",\"contentUrl\":\"https:\\\/\\\/www.ghostysky.com\\\/wp-content\\\/uploads\\\/2020\\\/06\\\/cropped-ghostyskylogo_text_white2.png\",\"width\":169,\"height\":56,\"caption\":\"Ghostysky\"},\"image\":{\"@id\":\"https:\\\/\\\/www.ghostysky.com\\\/#\\\/schema\\\/logo\\\/image\\\/\"},\"sameAs\":[\"https:\\\/\\\/www.facebook.com\\\/people\\\/Ghostysky\\\/100057676170234\\\/\",\"https:\\\/\\\/x.com\\\/Gh0stysky\",\"https:\\\/\\\/www.linkedin.com\\\/company\\\/34739653\",\"https:\\\/\\\/www.instagram.com\\\/gh0stysky\"]}]}<\/script>\n<!-- \/ Yoast SEO plugin. -->","yoast_head_json":{"title":"DJI Zenmuse V1 - C\u00e9u Fantasma","description":"O DJI Zenmuse V1 \u00e9 o primeiro alto-falante de n\u00edvel profissional da DJI, projetado para plataformas de drones com m\u00faltiplas cargas \u00fateis, compat\u00edvel principalmente com os drones das s\u00e9ries Matrice 350 RTK, Matrice 300 RTK e Matrice 400. Projetado para comunica\u00e7\u00e3o a\u00e9rea clara e potente, \u00e9 uma ferramenta essencial para seguran\u00e7a p\u00fablica, resgate de emerg\u00eancia, gerenciamento de multid\u00f5es e cen\u00e1rios de coordena\u00e7\u00e3o industrial.","robots":{"index":"index","follow":"follow","max-snippet":"max-snippet:-1","max-image-preview":"max-image-preview:large","max-video-preview":"max-video-preview:-1"},"canonical":"https:\/\/www.ghostysky.com\/pt\/produto-2\/dji-zenmuse-v1\/","og_locale":"pt_PT","og_type":"article","og_title":"DJI Zenmuse V1 - Ghostysky","og_description":"The DJI Zenmuse V1 is DJI's first professional-grade speaker payload designed for multi-payload drone platforms, primarily compatible with the Matrice 350 RTK, Matrice 300 RTK, and Matrice 400 series drones.Engineered for clear and powerful aerial communication, it is an essential tool for public safety, emergency rescue, crowd management, and industrial coordination scenarios.","og_url":"https:\/\/www.ghostysky.com\/pt\/produto-2\/dji-zenmuse-v1\/","og_site_name":"Ghostysky","article_publisher":"https:\/\/www.facebook.com\/people\/Ghostysky\/100057676170234\/","article_modified_time":"2025-10-18T04:47:42+00:00","og_image":[{"width":800,"height":800,"url":"https:\/\/www.ghostysky.com\/wp-content\/uploads\/2025\/10\/GH_DJI-Zenmuse-V1_1.jpg","type":"image\/jpeg"}],"twitter_card":"summary_large_image","twitter_site":"@Gh0stysky","twitter_misc":{"Tempo estimado de leitura":"2 minutos"},"schema":{"@context":"https:\/\/schema.org","@graph":[{"@type":"WebPage","@id":"https:\/\/www.ghostysky.com\/product\/dji-zenmuse-v1\/","url":"https:\/\/www.ghostysky.com\/product\/dji-zenmuse-v1\/","name":"DJI Zenmuse V1 - C\u00e9u Fantasma","isPartOf":{"@id":"https:\/\/www.ghostysky.com\/#website"},"primaryImageOfPage":{"@id":"https:\/\/www.ghostysky.com\/product\/dji-zenmuse-v1\/#primaryimage"},"image":{"@id":"https:\/\/www.ghostysky.com\/product\/dji-zenmuse-v1\/#primaryimage"},"thumbnailUrl":"https:\/\/www.ghostysky.com\/wp-content\/uploads\/2025\/10\/GH_DJI-Zenmuse-V1_1.jpg","datePublished":"2025-10-18T04:42:42+00:00","dateModified":"2025-10-18T04:47:42+00:00","description":"O DJI Zenmuse V1 \u00e9 o primeiro alto-falante de n\u00edvel profissional da DJI, projetado para plataformas de drones com m\u00faltiplas cargas \u00fateis, compat\u00edvel principalmente com os drones das s\u00e9ries Matrice 350 RTK, Matrice 300 RTK e Matrice 400. Projetado para comunica\u00e7\u00e3o a\u00e9rea clara e potente, \u00e9 uma ferramenta essencial para seguran\u00e7a p\u00fablica, resgate de emerg\u00eancia, gerenciamento de multid\u00f5es e cen\u00e1rios de coordena\u00e7\u00e3o industrial.","breadcrumb":{"@id":"https:\/\/www.ghostysky.com\/product\/dji-zenmuse-v1\/#breadcrumb"},"inLanguage":"pt-PT","potentialAction":[{"@type":"ReadAction","target":["https:\/\/www.ghostysky.com\/product\/dji-zenmuse-v1\/"]}]},{"@type":"ImageObject","inLanguage":"pt-PT","@id":"https:\/\/www.ghostysky.com\/product\/dji-zenmuse-v1\/#primaryimage","url":"https:\/\/www.ghostysky.com\/wp-content\/uploads\/2025\/10\/GH_DJI-Zenmuse-V1_1.jpg","contentUrl":"https:\/\/www.ghostysky.com\/wp-content\/uploads\/2025\/10\/GH_DJI-Zenmuse-V1_1.jpg","width":800,"height":800},{"@type":"BreadcrumbList","@id":"https:\/\/www.ghostysky.com\/product\/dji-zenmuse-v1\/#breadcrumb","itemListElement":[{"@type":"ListItem","position":1,"name":"Home","item":"https:\/\/www.ghostysky.com\/"},{"@type":"ListItem","position":2,"name":"Shop","item":"https:\/\/www.ghostysky.com\/shop\/"},{"@type":"ListItem","position":3,"name":"DJI Zenmuse V1"}]},{"@type":"WebSite","@id":"https:\/\/www.ghostysky.com\/#website","url":"https:\/\/www.ghostysky.com\/","name":"Ghostysky","description":"Fornecendo drones e servi\u00e7os profissionais","publisher":{"@id":"https:\/\/www.ghostysky.com\/#organization"},"potentialAction":[{"@type":"SearchAction","target":{"@type":"EntryPoint","urlTemplate":"https:\/\/www.ghostysky.com\/?s={search_term_string}"},"query-input":{"@type":"PropertyValueSpecification","valueRequired":true,"valueName":"search_term_string"}}],"inLanguage":"pt-PT"},{"@type":"Organization","@id":"https:\/\/www.ghostysky.com\/#organization","name":"Ghostysky","url":"https:\/\/www.ghostysky.com\/","logo":{"@type":"ImageObject","inLanguage":"pt-PT","@id":"https:\/\/www.ghostysky.com\/#\/schema\/logo\/image\/","url":"https:\/\/www.ghostysky.com\/wp-content\/uploads\/2020\/06\/cropped-ghostyskylogo_text_white2.png","contentUrl":"https:\/\/www.ghostysky.com\/wp-content\/uploads\/2020\/06\/cropped-ghostyskylogo_text_white2.png","width":169,"height":56,"caption":"Ghostysky"},"image":{"@id":"https:\/\/www.ghostysky.com\/#\/schema\/logo\/image\/"},"sameAs":["https:\/\/www.facebook.com\/people\/Ghostysky\/100057676170234\/","https:\/\/x.com\/Gh0stysky","https:\/\/www.linkedin.com\/company\/34739653","https:\/\/www.instagram.com\/gh0stysky"]}]}},"_links":{"self":[{"href":"https:\/\/www.ghostysky.com\/pt\/wp-json\/wp\/v2\/product\/21886","targetHints":{"allow":["GET"]}}],"collection":[{"href":"https:\/\/www.ghostysky.com\/pt\/wp-json\/wp\/v2\/product"}],"about":[{"href":"https:\/\/www.ghostysky.com\/pt\/wp-json\/wp\/v2\/types\/product"}],"replies":[{"embeddable":true,"href":"https:\/\/www.ghostysky.com\/pt\/wp-json\/wp\/v2\/comments?post=21886"}],"version-history":[{"count":0,"href":"https:\/\/www.ghostysky.com\/pt\/wp-json\/wp\/v2\/product\/21886\/revisions"}],"wp:featuredmedia":[{"embeddable":true,"href":"https:\/\/www.ghostysky.com\/pt\/wp-json\/wp\/v2\/media\/21889"}],"wp:attachment":[{"href":"https:\/\/www.ghostysky.com\/pt\/wp-json\/wp\/v2\/media?parent=21886"}],"wp:term":[{"taxonomy":"product_brand","embeddable":true,"href":"https:\/\/www.ghostysky.com\/pt\/wp-json\/wp\/v2\/product_brand?post=21886"},{"taxonomy":"product_cat","embeddable":true,"href":"https:\/\/www.ghostysky.com\/pt\/wp-json\/wp\/v2\/product_cat?post=21886"},{"taxonomy":"product_tag","embeddable":true,"href":"https:\/\/www.ghostysky.com\/pt\/wp-json\/wp\/v2\/product_tag?post=21886"}],"curies":[{"name":"wp","href":"https:\/\/api.w.org\/{rel}","templated":true}]}}