{"id":21892,"date":"2025-10-18T04:52:37","date_gmt":"2025-10-18T04:52:37","guid":{"rendered":"https:\/\/www.ghostysky.com\/?post_type=product&#038;p=21892"},"modified":"2025-10-18T04:56:16","modified_gmt":"2025-10-18T04:56:16","slug":"dji-skyport-v3-adapter-set","status":"publish","type":"product","link":"https:\/\/www.ghostysky.com\/pt\/product\/dji-skyport-v3-adapter-set\/","title":{"rendered":"Conjunto de adaptadores DJI Skyport V3"},"content":{"rendered":"<div id=\"model-response-message-contentr_55bc02040a3d26f8\" class=\"markdown markdown-main-panel stronger enable-updated-hr-color\" dir=\"ltr\">\n<div id=\"model-response-message-contentr_7d191a1853b28634\" class=\"markdown markdown-main-panel stronger enable-updated-hr-color\" dir=\"ltr\">\n<div id=\"model-response-message-contentr_4bdeaa6da8c41b15\" class=\"markdown markdown-main-panel stronger enable-updated-hr-color\" dir=\"ltr\">\n<div id=\"model-response-message-contentr_e0d74dc8e10239d5\" class=\"markdown markdown-main-panel stronger enable-updated-hr-color\" dir=\"ltr\">\n<h3>Principais recursos e benef\u00edcios<\/h3>\n<ul>\n<li><b>Conectividade PSDK perfeita:<\/b><span class=\"citation-1933\"> Os adaptadores permitem um link confi\u00e1vel e seguro entre cargas \u00fateis personalizadas desenvolvidas usando o <\/span><b><span class=\"citation-1933\">SDK de carga \u00fatil DJI (PSDK)<\/span><\/b><span class=\"citation-1933 citation-end-1933\"> e a plataforma do drone.<\/span><\/li>\n<li><b><span class=\"citation-1932\">Integra\u00e7\u00e3o de carga \u00fatil personalizada:<\/span><\/b><span class=\"citation-1932 citation-end-1932\"> Projetados para desenvolvedores, os adaptadores permitem a integra\u00e7\u00e3o de acess\u00f3rios, sensores e c\u00e2meras personalizados com base nas defini\u00e7\u00f5es de interface estabelecidas do SkyPort V3.<\/span><\/li>\n<li><b><span class=\"citation-1931\">Desempenho confi\u00e1vel:<\/span><\/b><span class=\"citation-1931\"> Cada adaptador garante <\/span><b><span class=\"citation-1931\">fornecimento de energia est\u00e1vel<\/span><\/b><span class=\"citation-1931\"> e <\/span><b><span class=\"citation-1931\">comunica\u00e7\u00e3o de dados segura e de alta fidelidade<\/span><\/b><span class=\"citation-1931 citation-end-1931\"> entre a carga \u00fatil e o controlador de voo, crucial para opera\u00e7\u00f5es de miss\u00e3o cr\u00edtica.<\/span><\/li>\n<li><b><span class=\"citation-1930\">Chip certificado pelo SDK:<\/span><\/b><span class=\"citation-1930\"> Cada unidade est\u00e1 equipada com um <\/span><b><span class=\"citation-1930\">Chip certificado pela DJI SDK<\/span><\/b><span class=\"citation-1930 citation-end-1930\">, garantindo autentica\u00e7\u00e3o oficial e total compatibilidade com a plataforma de voo DJI.<\/span><\/li>\n<li><b>Kit pronto para desenvolvedor:<\/b><span class=\"citation-1929\"> O conjunto normalmente inclui <\/span><b><span class=\"citation-1929\">10 adaptadores individuais<\/span><\/b><span class=\"citation-1929 citation-end-1929\">, fornecendo uma solu\u00e7\u00e3o pronta para uso para dimensionar o desenvolvimento de carga \u00fatil personalizada, testar ou equipar uma pequena frota de drones.<\/span>\n<div class=\"source-inline-chip-container ng-star-inserted\"><\/div>\n<\/li>\n<\/ul>\n<hr \/>\n<p>&nbsp;<\/p>\n<h3>Compatibilidade<\/h3>\n<p>O conjunto de adaptadores DJI SkyPort V3 foi projetado para uso com:<\/p>\n<ul>\n<li><b><span class=\"citation-1928\">DJI Matrice S\u00e9rie 400<\/span><\/b><span class=\"citation-1928 citation-end-1928\"> drones empresariais.<\/span><\/li>\n<li><span class=\"citation-1927\">Cargas \u00fateis desenvolvidas utilizando o <\/span><b><span class=\"citation-1927\">SDK de carga \u00fatil DJI (PSDK)<\/span><\/b><\/li>\n<\/ul>\n<h3>Na caixa<\/h3>\n<p>10x Adaptadores SkyPort V3<\/p>\n<\/div>\n<\/div>\n<\/div>\n<\/div>","protected":false},"excerpt":{"rendered":"<p><span class=\"citation-1935\">O <\/span><b><span class=\"citation-1935\">Conjunto de adaptadores DJI SkyPort V3<\/span><\/b><span class=\"citation-1935\"> fornece aos desenvolvedores e integradores de sistemas os componentes essenciais para conectar e integrar perfeitamente <\/span><b><span class=\"citation-1935\">cargas \u00fateis personalizadas de terceiros<\/span><\/b><span class=\"citation-1935\"> com plataformas de drones empresariais DJI compat\u00edveis, principalmente o <\/span><b><span class=\"citation-1935\">S\u00e9rie Matrix 400<\/span><\/b><span class=\"citation-1935 citation-end-1935\">.<\/span><\/p>\n<p><span class=\"citation-1934 citation-end-1934\">Este conjunto foi projetado especificamente para acelerar o desenvolvimento de solu\u00e7\u00f5es a\u00e9reas especializadas para aplica\u00e7\u00f5es empresariais exigentes, como inspe\u00e7\u00e3o, mapeamento, levantamento topogr\u00e1fico e seguran\u00e7a p\u00fablica.<\/span><\/p>","protected":false},"featured_media":21894,"comment_status":"open","ping_status":"closed","template":"","meta":[],"product_brand":[1031],"product_cat":[37,1125,1127],"product_tag":[42,1131,1128],"class_list":{"0":"post-21892","1":"product","2":"type-product","3":"status-publish","4":"has-post-thumbnail","6":"product_brand-dji","7":"product_cat-dji","8":"product_cat-matrice-400","9":"product_cat-matrice-400-accessories","10":"product_tag-dji","11":"product_tag-dji-matrice-400-accessories","12":"product_tag-dji-matrice-400-series","14":"first","15":"onbackorder","16":"taxable","17":"shipping-taxable","18":"purchasable","19":"product-type-simple"},"yoast_head":"<!-- This site is optimized with the Yoast SEO plugin v27.1.1 - https:\/\/yoast.com\/product\/yoast-seo-wordpress\/ -->\n<title>DJI Skyport V3 Adapter Set - Ghostysky<\/title>\n<meta name=\"description\" content=\"The DJI SkyPort V3 Adapter Set provides developers and system integrators with the essential components to seamlessly connect and integrate custom third-party payloads with compatible DJI enterprise drone platforms, primarily the Matrice 400 Series.This set is specifically engineered to accelerate the development of specialized aerial solutions for demanding enterprise applications such as inspection, mapping, surveying, and public safety.\" \/>\n<meta name=\"robots\" content=\"index, follow, max-snippet:-1, max-image-preview:large, max-video-preview:-1\" \/>\n<link rel=\"canonical\" href=\"https:\/\/www.ghostysky.com\/pt\/produto-2\/dji-skyport-v3-adapter-set\/\" \/>\n<meta property=\"og:locale\" content=\"pt_PT\" \/>\n<meta property=\"og:type\" content=\"article\" \/>\n<meta property=\"og:title\" content=\"DJI Skyport V3 Adapter Set - Ghostysky\" \/>\n<meta property=\"og:description\" content=\"The DJI SkyPort V3 Adapter Set provides developers and system integrators with the essential components to seamlessly connect and integrate custom third-party payloads with compatible DJI enterprise drone platforms, primarily the Matrice 400 Series.This set is specifically engineered to accelerate the development of specialized aerial solutions for demanding enterprise applications such as inspection, mapping, surveying, and public safety.\" \/>\n<meta property=\"og:url\" content=\"https:\/\/www.ghostysky.com\/pt\/produto-2\/dji-skyport-v3-adapter-set\/\" \/>\n<meta property=\"og:site_name\" content=\"Ghostysky\" \/>\n<meta property=\"article:publisher\" content=\"https:\/\/www.facebook.com\/people\/Ghostysky\/100057676170234\/\" \/>\n<meta property=\"article:modified_time\" content=\"2025-10-18T04:56:16+00:00\" \/>\n<meta property=\"og:image\" content=\"https:\/\/www.ghostysky.com\/wp-content\/uploads\/2025\/10\/GH_DJI-Skyport-V3-Adapter-Set_1.jpg\" \/>\n\t<meta property=\"og:image:width\" content=\"800\" \/>\n\t<meta property=\"og:image:height\" content=\"800\" \/>\n\t<meta property=\"og:image:type\" content=\"image\/jpeg\" \/>\n<meta name=\"twitter:card\" content=\"summary_large_image\" \/>\n<meta name=\"twitter:site\" content=\"@Gh0stysky\" \/>\n<meta name=\"twitter:label1\" content=\"Tempo estimado de leitura\" \/>\n\t<meta name=\"twitter:data1\" content=\"1 minuto\" \/>\n<script type=\"application\/ld+json\" class=\"yoast-schema-graph\">{\"@context\":\"https:\/\/schema.org\",\"@graph\":[{\"@type\":\"WebPage\",\"@id\":\"https:\/\/www.ghostysky.com\/product\/dji-skyport-v3-adapter-set\/\",\"url\":\"https:\/\/www.ghostysky.com\/product\/dji-skyport-v3-adapter-set\/\",\"name\":\"DJI Skyport V3 Adapter Set - Ghostysky\",\"isPartOf\":{\"@id\":\"https:\/\/www.ghostysky.com\/#website\"},\"primaryImageOfPage\":{\"@id\":\"https:\/\/www.ghostysky.com\/product\/dji-skyport-v3-adapter-set\/#primaryimage\"},\"image\":{\"@id\":\"https:\/\/www.ghostysky.com\/product\/dji-skyport-v3-adapter-set\/#primaryimage\"},\"thumbnailUrl\":\"https:\/\/www.ghostysky.com\/wp-content\/uploads\/2025\/10\/GH_DJI-Skyport-V3-Adapter-Set_1.jpg\",\"datePublished\":\"2025-10-18T04:52:37+00:00\",\"dateModified\":\"2025-10-18T04:56:16+00:00\",\"description\":\"The DJI SkyPort V3 Adapter Set provides developers and system integrators with the essential components to seamlessly connect and integrate custom third-party payloads with compatible DJI enterprise drone platforms, primarily the Matrice 400 Series.This set is specifically engineered to accelerate the development of specialized aerial solutions for demanding enterprise applications such as inspection, mapping, surveying, and public safety.\",\"breadcrumb\":{\"@id\":\"https:\/\/www.ghostysky.com\/product\/dji-skyport-v3-adapter-set\/#breadcrumb\"},\"inLanguage\":\"pt-PT\",\"potentialAction\":[{\"@type\":\"ReadAction\",\"target\":[\"https:\/\/www.ghostysky.com\/product\/dji-skyport-v3-adapter-set\/\"]}]},{\"@type\":\"ImageObject\",\"inLanguage\":\"pt-PT\",\"@id\":\"https:\/\/www.ghostysky.com\/product\/dji-skyport-v3-adapter-set\/#primaryimage\",\"url\":\"https:\/\/www.ghostysky.com\/wp-content\/uploads\/2025\/10\/GH_DJI-Skyport-V3-Adapter-Set_1.jpg\",\"contentUrl\":\"https:\/\/www.ghostysky.com\/wp-content\/uploads\/2025\/10\/GH_DJI-Skyport-V3-Adapter-Set_1.jpg\",\"width\":800,\"height\":800},{\"@type\":\"BreadcrumbList\",\"@id\":\"https:\/\/www.ghostysky.com\/product\/dji-skyport-v3-adapter-set\/#breadcrumb\",\"itemListElement\":[{\"@type\":\"ListItem\",\"position\":1,\"name\":\"Home\",\"item\":\"https:\/\/www.ghostysky.com\/\"},{\"@type\":\"ListItem\",\"position\":2,\"name\":\"Shop\",\"item\":\"https:\/\/www.ghostysky.com\/shop\/\"},{\"@type\":\"ListItem\",\"position\":3,\"name\":\"DJI Skyport V3 Adapter Set\"}]},{\"@type\":\"WebSite\",\"@id\":\"https:\/\/www.ghostysky.com\/#website\",\"url\":\"https:\/\/www.ghostysky.com\/\",\"name\":\"Ghostysky\",\"description\":\"Delivering professional drones and services\",\"publisher\":{\"@id\":\"https:\/\/www.ghostysky.com\/#organization\"},\"potentialAction\":[{\"@type\":\"SearchAction\",\"target\":{\"@type\":\"EntryPoint\",\"urlTemplate\":\"https:\/\/www.ghostysky.com\/?s={search_term_string}\"},\"query-input\":{\"@type\":\"PropertyValueSpecification\",\"valueRequired\":true,\"valueName\":\"search_term_string\"}}],\"inLanguage\":\"pt-PT\"},{\"@type\":\"Organization\",\"@id\":\"https:\/\/www.ghostysky.com\/#organization\",\"name\":\"Ghostysky\",\"url\":\"https:\/\/www.ghostysky.com\/\",\"logo\":{\"@type\":\"ImageObject\",\"inLanguage\":\"pt-PT\",\"@id\":\"https:\/\/www.ghostysky.com\/#\/schema\/logo\/image\/\",\"url\":\"https:\/\/www.ghostysky.com\/wp-content\/uploads\/2020\/06\/cropped-ghostyskylogo_text_white2.png\",\"contentUrl\":\"https:\/\/www.ghostysky.com\/wp-content\/uploads\/2020\/06\/cropped-ghostyskylogo_text_white2.png\",\"width\":169,\"height\":56,\"caption\":\"Ghostysky\"},\"image\":{\"@id\":\"https:\/\/www.ghostysky.com\/#\/schema\/logo\/image\/\"},\"sameAs\":[\"https:\/\/www.facebook.com\/people\/Ghostysky\/100057676170234\/\",\"https:\/\/x.com\/Gh0stysky\",\"https:\/\/www.linkedin.com\/company\/34739653\",\"https:\/\/www.instagram.com\/gh0stysky\"]}]}<\/script>\n<!-- \/ Yoast SEO plugin. -->","yoast_head_json":{"title":"Conjunto de adaptadores DJI Skyport V3 - Ghostysky","description":"O conjunto de adaptadores DJI SkyPort V3 fornece aos desenvolvedores e integradores de sistemas os componentes essenciais para conectar e integrar perfeitamente cargas \u00fateis personalizadas de terceiros com plataformas de drones empresariais DJI compat\u00edveis, principalmente a s\u00e9rie Matrice 400. Este conjunto foi projetado especificamente para acelerar o desenvolvimento de solu\u00e7\u00f5es a\u00e9reas especializadas para aplica\u00e7\u00f5es empresariais exigentes, como inspe\u00e7\u00e3o, mapeamento, levantamento topogr\u00e1fico e seguran\u00e7a p\u00fablica.","robots":{"index":"index","follow":"follow","max-snippet":"max-snippet:-1","max-image-preview":"max-image-preview:large","max-video-preview":"max-video-preview:-1"},"canonical":"https:\/\/www.ghostysky.com\/pt\/produto-2\/dji-skyport-v3-adapter-set\/","og_locale":"pt_PT","og_type":"article","og_title":"DJI Skyport V3 Adapter Set - Ghostysky","og_description":"The DJI SkyPort V3 Adapter Set provides developers and system integrators with the essential components to seamlessly connect and integrate custom third-party payloads with compatible DJI enterprise drone platforms, primarily the Matrice 400 Series.This set is specifically engineered to accelerate the development of specialized aerial solutions for demanding enterprise applications such as inspection, mapping, surveying, and public safety.","og_url":"https:\/\/www.ghostysky.com\/pt\/produto-2\/dji-skyport-v3-adapter-set\/","og_site_name":"Ghostysky","article_publisher":"https:\/\/www.facebook.com\/people\/Ghostysky\/100057676170234\/","article_modified_time":"2025-10-18T04:56:16+00:00","og_image":[{"width":800,"height":800,"url":"https:\/\/www.ghostysky.com\/wp-content\/uploads\/2025\/10\/GH_DJI-Skyport-V3-Adapter-Set_1.jpg","type":"image\/jpeg"}],"twitter_card":"summary_large_image","twitter_site":"@Gh0stysky","twitter_misc":{"Tempo estimado de leitura":"1 minuto"},"schema":{"@context":"https:\/\/schema.org","@graph":[{"@type":"WebPage","@id":"https:\/\/www.ghostysky.com\/product\/dji-skyport-v3-adapter-set\/","url":"https:\/\/www.ghostysky.com\/product\/dji-skyport-v3-adapter-set\/","name":"Conjunto de adaptadores DJI Skyport V3 - Ghostysky","isPartOf":{"@id":"https:\/\/www.ghostysky.com\/#website"},"primaryImageOfPage":{"@id":"https:\/\/www.ghostysky.com\/product\/dji-skyport-v3-adapter-set\/#primaryimage"},"image":{"@id":"https:\/\/www.ghostysky.com\/product\/dji-skyport-v3-adapter-set\/#primaryimage"},"thumbnailUrl":"https:\/\/www.ghostysky.com\/wp-content\/uploads\/2025\/10\/GH_DJI-Skyport-V3-Adapter-Set_1.jpg","datePublished":"2025-10-18T04:52:37+00:00","dateModified":"2025-10-18T04:56:16+00:00","description":"O conjunto de adaptadores DJI SkyPort V3 fornece aos desenvolvedores e integradores de sistemas os componentes essenciais para conectar e integrar perfeitamente cargas \u00fateis personalizadas de terceiros com plataformas de drones empresariais DJI compat\u00edveis, principalmente a s\u00e9rie Matrice 400. Este conjunto foi projetado especificamente para acelerar o desenvolvimento de solu\u00e7\u00f5es a\u00e9reas especializadas para aplica\u00e7\u00f5es empresariais exigentes, como inspe\u00e7\u00e3o, mapeamento, levantamento topogr\u00e1fico e seguran\u00e7a p\u00fablica.","breadcrumb":{"@id":"https:\/\/www.ghostysky.com\/product\/dji-skyport-v3-adapter-set\/#breadcrumb"},"inLanguage":"pt-PT","potentialAction":[{"@type":"ReadAction","target":["https:\/\/www.ghostysky.com\/product\/dji-skyport-v3-adapter-set\/"]}]},{"@type":"ImageObject","inLanguage":"pt-PT","@id":"https:\/\/www.ghostysky.com\/product\/dji-skyport-v3-adapter-set\/#primaryimage","url":"https:\/\/www.ghostysky.com\/wp-content\/uploads\/2025\/10\/GH_DJI-Skyport-V3-Adapter-Set_1.jpg","contentUrl":"https:\/\/www.ghostysky.com\/wp-content\/uploads\/2025\/10\/GH_DJI-Skyport-V3-Adapter-Set_1.jpg","width":800,"height":800},{"@type":"BreadcrumbList","@id":"https:\/\/www.ghostysky.com\/product\/dji-skyport-v3-adapter-set\/#breadcrumb","itemListElement":[{"@type":"ListItem","position":1,"name":"Home","item":"https:\/\/www.ghostysky.com\/"},{"@type":"ListItem","position":2,"name":"Shop","item":"https:\/\/www.ghostysky.com\/shop\/"},{"@type":"ListItem","position":3,"name":"DJI Skyport V3 Adapter Set"}]},{"@type":"WebSite","@id":"https:\/\/www.ghostysky.com\/#website","url":"https:\/\/www.ghostysky.com\/","name":"Ghostysky","description":"Fornecendo drones e servi\u00e7os profissionais","publisher":{"@id":"https:\/\/www.ghostysky.com\/#organization"},"potentialAction":[{"@type":"SearchAction","target":{"@type":"EntryPoint","urlTemplate":"https:\/\/www.ghostysky.com\/?s={search_term_string}"},"query-input":{"@type":"PropertyValueSpecification","valueRequired":true,"valueName":"search_term_string"}}],"inLanguage":"pt-PT"},{"@type":"Organization","@id":"https:\/\/www.ghostysky.com\/#organization","name":"Ghostysky","url":"https:\/\/www.ghostysky.com\/","logo":{"@type":"ImageObject","inLanguage":"pt-PT","@id":"https:\/\/www.ghostysky.com\/#\/schema\/logo\/image\/","url":"https:\/\/www.ghostysky.com\/wp-content\/uploads\/2020\/06\/cropped-ghostyskylogo_text_white2.png","contentUrl":"https:\/\/www.ghostysky.com\/wp-content\/uploads\/2020\/06\/cropped-ghostyskylogo_text_white2.png","width":169,"height":56,"caption":"Ghostysky"},"image":{"@id":"https:\/\/www.ghostysky.com\/#\/schema\/logo\/image\/"},"sameAs":["https:\/\/www.facebook.com\/people\/Ghostysky\/100057676170234\/","https:\/\/x.com\/Gh0stysky","https:\/\/www.linkedin.com\/company\/34739653","https:\/\/www.instagram.com\/gh0stysky"]}]}},"_links":{"self":[{"href":"https:\/\/www.ghostysky.com\/pt\/wp-json\/wp\/v2\/product\/21892","targetHints":{"allow":["GET"]}}],"collection":[{"href":"https:\/\/www.ghostysky.com\/pt\/wp-json\/wp\/v2\/product"}],"about":[{"href":"https:\/\/www.ghostysky.com\/pt\/wp-json\/wp\/v2\/types\/product"}],"replies":[{"embeddable":true,"href":"https:\/\/www.ghostysky.com\/pt\/wp-json\/wp\/v2\/comments?post=21892"}],"wp:featuredmedia":[{"embeddable":true,"href":"https:\/\/www.ghostysky.com\/pt\/wp-json\/wp\/v2\/media\/21894"}],"wp:attachment":[{"href":"https:\/\/www.ghostysky.com\/pt\/wp-json\/wp\/v2\/media?parent=21892"}],"wp:term":[{"taxonomy":"product_brand","embeddable":true,"href":"https:\/\/www.ghostysky.com\/pt\/wp-json\/wp\/v2\/product_brand?post=21892"},{"taxonomy":"product_cat","embeddable":true,"href":"https:\/\/www.ghostysky.com\/pt\/wp-json\/wp\/v2\/product_cat?post=21892"},{"taxonomy":"product_tag","embeddable":true,"href":"https:\/\/www.ghostysky.com\/pt\/wp-json\/wp\/v2\/product_tag?post=21892"}],"curies":[{"name":"wp","href":"https:\/\/api.w.org\/{rel}","templated":true}]}}