{"id":21898,"date":"2025-10-18T05:03:34","date_gmt":"2025-10-18T05:03:34","guid":{"rendered":"https:\/\/www.ghostysky.com\/?post_type=product&#038;p=21898"},"modified":"2025-10-18T05:11:11","modified_gmt":"2025-10-18T05:11:11","slug":"dji-cellular-dongle-2","status":"publish","type":"product","link":"https:\/\/www.ghostysky.com\/pt\/product\/dji-cellular-dongle-2\/","title":{"rendered":"Dongle Celular DJI 2"},"content":{"rendered":"<div id=\"model-response-message-contentr_55bc02040a3d26f8\" class=\"markdown markdown-main-panel stronger enable-updated-hr-color\" dir=\"ltr\">\n<div id=\"model-response-message-contentr_7d191a1853b28634\" class=\"markdown markdown-main-panel stronger enable-updated-hr-color\" dir=\"ltr\">\n<div id=\"model-response-message-contentr_4bdeaa6da8c41b15\" class=\"markdown markdown-main-panel stronger enable-updated-hr-color\" dir=\"ltr\">\n<div id=\"model-response-message-contentr_e0d74dc8e10239d5\" class=\"markdown markdown-main-panel stronger enable-updated-hr-color\" dir=\"ltr\">\n<h3><b>Caracter\u00edsticas principais<\/b><\/h3>\n<ul>\n<li><b>Conectividade 4G est\u00e1vel:<\/b> Permite que seu drone DJI ou controle remoto compat\u00edvel se conecte a uma rede 4G por meio de um cart\u00e3o Nano-SIM fornecido pelo usu\u00e1rio, garantindo servi\u00e7os de dados confi\u00e1veis de alta velocidade.<\/li>\n<li><b><span class=\"citation-1983\">Transmiss\u00e3o aprimorada:<\/span><\/b><span class=\"citation-1983 citation-end-1983\"> Esse recurso principal funciona em sinergia com o sistema de transmiss\u00e3o de v\u00eddeo original do drone (como o O4).<\/span> <span class=\"citation-1982 citation-end-1982\">Se o sinal prim\u00e1rio for comprometido por obstru\u00e7\u00f5es, interfer\u00eancias ou dist\u00e2ncia, o sistema alterna autom\u00e1tica e dinamicamente para a rede 4G, mantendo o controle e o feed de v\u00eddeo para reduzir significativamente a chance de desconex\u00e3o e aumentar a seguran\u00e7a do voo.<\/span><\/li>\n<li><b>Desempenho superior:<\/b><span class=\"citation-1981\"> Constru\u00eddo com <\/span><b><span class=\"citation-1981\">Diversidade de Comuta\u00e7\u00e3o de Antena (ASDIV)<\/span><\/b><span class=\"citation-1981 citation-end-1981\"> tecnologia para recep\u00e7\u00e3o e estabilidade ideais do sinal, especialmente em ambientes desafiadores.<\/span><\/li>\n<li><b><span class=\"citation-1980\">Instala\u00e7\u00e3o Integrada:<\/span><\/b><span class=\"citation-1980\"> Para modelos como o <\/span><b><span class=\"citation-1980\">DJI Air S\u00e9rie 3<\/span><\/b><span class=\"citation-1980 citation-end-1980\">, o Dongle Celular 2 permite uma instala\u00e7\u00e3o integrada, inserindo-se diretamente no corpo da aeronave sem a necessidade de um kit de montagem externo<\/span><\/li>\n<li><b>Ampla compatibilidade:<\/b><span class=\"citation-1979\"> Oferece suporte a uma gama crescente de produtos DJI para consumidores e empresas, incluindo o <\/span><b><span class=\"citation-1979\">DJI Air 3\/3S<\/span><\/b><span class=\"citation-1979\">, <\/span><b><span class=\"citation-1979\">DJI Mini 4 Pro<\/span><\/b><span class=\"citation-1979\"> (requer kit de montagem) e v\u00e1rios <\/span><b><span class=\"citation-1979\">S\u00e9rie DJI Matrice<\/span><\/b><span class=\"citation-1979\"> e <\/span><b><span class=\"citation-1979\">Dock<\/span><\/b><span class=\"citation-1979 citation-end-1979\"> sistemas.<\/span>\n<div class=\"source-inline-chip-container ng-star-inserted\"><\/div>\n<\/li>\n<\/ul>\n<h4><b>Na caixa<\/b><\/h4>\n<p><span class=\"citation-1978 citation-end-1978\">O pacote normalmente inclui o Dongle Celular 2, uma chave de fenda e um clipe de cabo.<\/span><\/p>\n<p><b>Observa\u00e7\u00e3o:<\/b><span class=\"citation-1977 citation-end-1977\"> O servi\u00e7o de Transmiss\u00e3o Aprimorada requer uma assinatura ativa ap\u00f3s o per\u00edodo inicial gratuito (geralmente um ano).<\/span> <span class=\"citation-1976 citation-end-1976\">A opera\u00e7\u00e3o requer um cart\u00e3o Nano-SIM separado e um plano de dados m\u00f3veis de uma operadora de rede local.<\/span> Sempre siga as leis e regulamenta\u00e7\u00f5es locais ao voar.<\/p>\n<h4>Compatibilidade<\/h4>\n<p>DJI Dock 3<br \/>\nDJI Matrice 4D<br \/>\nDJI Matrice 4TD<br \/>\nDJI Air 3S<br \/>\nDJI Ar 3<br \/>\nDJI Mini 4 Pro<br \/>\nDJI Matrice 4T<br \/>\nDJI Matriz 4E<br \/>\nDJI Matrice 400<\/p>\n<p>&nbsp;<\/p>\n<\/div>\n<\/div>\n<\/div>\n<\/div>","protected":false},"excerpt":{"rendered":"<p><span class=\"citation-1985\">Eleve suas opera\u00e7\u00f5es de drones com a pr\u00f3xima gera\u00e7\u00e3o <\/span><b><span class=\"citation-1985\">Dongle Celular DJI 2<\/span><\/b><span class=\"citation-1985 citation-end-1985\">, projetado para fornecer conectividade de rede 4G est\u00e1vel e de alta velocidade para equipamentos DJI compat\u00edveis.<\/span> <span class=\"citation-1984\">Apresentando <\/span><b><span class=\"citation-1984\">Diversidade de Comuta\u00e7\u00e3o de Antena (ASDIV)<\/span><\/b><span class=\"citation-1984 citation-end-1984\"> para desempenho superior, este dongle permite que os usu\u00e1rios lidem com cen\u00e1rios de voo complexos e ampliem o alcance operacional com maior confian\u00e7a.<\/span><\/p>\n<div class=\"source-inline-chip-container ng-star-inserted\"><\/div>\n<div class=\"source-inline-chip-container ng-star-inserted\"><\/div>\n<p>&nbsp;<\/p>","protected":false},"featured_media":21901,"comment_status":"open","ping_status":"closed","template":"","meta":[],"product_brand":[1031],"product_cat":[37,1119,1117,1125,1127],"product_tag":[42,1131,1128],"class_list":{"0":"post-21898","1":"product","2":"type-product","3":"status-publish","4":"has-post-thumbnail","6":"product_brand-dji","7":"product_cat-dji","8":"product_cat-dji-matrice-4-accessories","9":"product_cat-matrice-4","10":"product_cat-matrice-400","11":"product_cat-matrice-400-accessories","12":"product_tag-dji","13":"product_tag-dji-matrice-400-accessories","14":"product_tag-dji-matrice-400-series","16":"first","17":"onbackorder","18":"taxable","19":"shipping-taxable","20":"purchasable","21":"product-type-simple"},"yoast_head":"<!-- This site is optimized with the Yoast SEO plugin v27.4 - https:\/\/yoast.com\/product\/yoast-seo-wordpress\/ -->\n<title>DJI Cellular Dongle 2 - Ghostysky<\/title>\n<meta name=\"description\" content=\"Elevate your drone operations with the next-generation DJI Cellular Dongle 2, engineered to provide stable, high-speed 4G network connectivity for compatible DJI equipment. Featuring Antenna Switch Diversity (ASDIV) for superior performance, this dongle empowers users to handle complex flight scenarios and extend operational range with greater confidence.\" \/>\n<meta name=\"robots\" content=\"index, follow, max-snippet:-1, max-image-preview:large, max-video-preview:-1\" \/>\n<link rel=\"canonical\" href=\"https:\/\/www.ghostysky.com\/pt\/produto-2\/dji-cellular-dongle-2\/\" \/>\n<meta property=\"og:locale\" content=\"pt_PT\" \/>\n<meta property=\"og:type\" content=\"article\" \/>\n<meta property=\"og:title\" content=\"DJI Cellular Dongle 2 - Ghostysky\" \/>\n<meta property=\"og:description\" content=\"Elevate your drone operations with the next-generation DJI Cellular Dongle 2, engineered to provide stable, high-speed 4G network connectivity for compatible DJI equipment. Featuring Antenna Switch Diversity (ASDIV) for superior performance, this dongle empowers users to handle complex flight scenarios and extend operational range with greater confidence.\" \/>\n<meta property=\"og:url\" content=\"https:\/\/www.ghostysky.com\/pt\/produto-2\/dji-cellular-dongle-2\/\" \/>\n<meta property=\"og:site_name\" content=\"Ghostysky\" \/>\n<meta property=\"article:publisher\" content=\"https:\/\/www.facebook.com\/people\/Ghostysky\/100057676170234\/\" \/>\n<meta property=\"article:modified_time\" content=\"2025-10-18T05:11:11+00:00\" \/>\n<meta property=\"og:image\" content=\"https:\/\/www.ghostysky.com\/wp-content\/uploads\/2025\/10\/GH_DJI_DJI-Cellular-Dongle-1.jpg\" \/>\n\t<meta property=\"og:image:width\" content=\"800\" \/>\n\t<meta property=\"og:image:height\" content=\"800\" \/>\n\t<meta property=\"og:image:type\" content=\"image\/jpeg\" \/>\n<meta name=\"twitter:card\" content=\"summary_large_image\" \/>\n<meta name=\"twitter:site\" content=\"@Gh0stysky\" \/>\n<meta name=\"twitter:label1\" content=\"Tempo estimado de leitura\" \/>\n\t<meta name=\"twitter:data1\" content=\"2 minutos\" \/>\n<script type=\"application\/ld+json\" class=\"yoast-schema-graph\">{\"@context\":\"https:\\\/\\\/schema.org\",\"@graph\":[{\"@type\":\"WebPage\",\"@id\":\"https:\\\/\\\/www.ghostysky.com\\\/product\\\/dji-cellular-dongle-2\\\/\",\"url\":\"https:\\\/\\\/www.ghostysky.com\\\/product\\\/dji-cellular-dongle-2\\\/\",\"name\":\"DJI Cellular Dongle 2 - Ghostysky\",\"isPartOf\":{\"@id\":\"https:\\\/\\\/www.ghostysky.com\\\/#website\"},\"primaryImageOfPage\":{\"@id\":\"https:\\\/\\\/www.ghostysky.com\\\/product\\\/dji-cellular-dongle-2\\\/#primaryimage\"},\"image\":{\"@id\":\"https:\\\/\\\/www.ghostysky.com\\\/product\\\/dji-cellular-dongle-2\\\/#primaryimage\"},\"thumbnailUrl\":\"https:\\\/\\\/www.ghostysky.com\\\/wp-content\\\/uploads\\\/2025\\\/10\\\/GH_DJI_DJI-Cellular-Dongle-1.jpg\",\"datePublished\":\"2025-10-18T05:03:34+00:00\",\"dateModified\":\"2025-10-18T05:11:11+00:00\",\"description\":\"Elevate your drone operations with the next-generation DJI Cellular Dongle 2, engineered to provide stable, high-speed 4G network connectivity for compatible DJI equipment. Featuring Antenna Switch Diversity (ASDIV) for superior performance, this dongle empowers users to handle complex flight scenarios and extend operational range with greater confidence.\",\"breadcrumb\":{\"@id\":\"https:\\\/\\\/www.ghostysky.com\\\/product\\\/dji-cellular-dongle-2\\\/#breadcrumb\"},\"inLanguage\":\"pt-PT\",\"potentialAction\":[{\"@type\":\"ReadAction\",\"target\":[\"https:\\\/\\\/www.ghostysky.com\\\/product\\\/dji-cellular-dongle-2\\\/\"]}]},{\"@type\":\"ImageObject\",\"inLanguage\":\"pt-PT\",\"@id\":\"https:\\\/\\\/www.ghostysky.com\\\/product\\\/dji-cellular-dongle-2\\\/#primaryimage\",\"url\":\"https:\\\/\\\/www.ghostysky.com\\\/wp-content\\\/uploads\\\/2025\\\/10\\\/GH_DJI_DJI-Cellular-Dongle-1.jpg\",\"contentUrl\":\"https:\\\/\\\/www.ghostysky.com\\\/wp-content\\\/uploads\\\/2025\\\/10\\\/GH_DJI_DJI-Cellular-Dongle-1.jpg\",\"width\":800,\"height\":800},{\"@type\":\"BreadcrumbList\",\"@id\":\"https:\\\/\\\/www.ghostysky.com\\\/product\\\/dji-cellular-dongle-2\\\/#breadcrumb\",\"itemListElement\":[{\"@type\":\"ListItem\",\"position\":1,\"name\":\"Home\",\"item\":\"https:\\\/\\\/www.ghostysky.com\\\/\"},{\"@type\":\"ListItem\",\"position\":2,\"name\":\"Shop\",\"item\":\"https:\\\/\\\/www.ghostysky.com\\\/shop\\\/\"},{\"@type\":\"ListItem\",\"position\":3,\"name\":\"DJI Cellular Dongle 2\"}]},{\"@type\":\"WebSite\",\"@id\":\"https:\\\/\\\/www.ghostysky.com\\\/#website\",\"url\":\"https:\\\/\\\/www.ghostysky.com\\\/\",\"name\":\"Ghostysky\",\"description\":\"Delivering professional drones and services\",\"publisher\":{\"@id\":\"https:\\\/\\\/www.ghostysky.com\\\/#organization\"},\"potentialAction\":[{\"@type\":\"SearchAction\",\"target\":{\"@type\":\"EntryPoint\",\"urlTemplate\":\"https:\\\/\\\/www.ghostysky.com\\\/?s={search_term_string}\"},\"query-input\":{\"@type\":\"PropertyValueSpecification\",\"valueRequired\":true,\"valueName\":\"search_term_string\"}}],\"inLanguage\":\"pt-PT\"},{\"@type\":\"Organization\",\"@id\":\"https:\\\/\\\/www.ghostysky.com\\\/#organization\",\"name\":\"Ghostysky\",\"url\":\"https:\\\/\\\/www.ghostysky.com\\\/\",\"logo\":{\"@type\":\"ImageObject\",\"inLanguage\":\"pt-PT\",\"@id\":\"https:\\\/\\\/www.ghostysky.com\\\/#\\\/schema\\\/logo\\\/image\\\/\",\"url\":\"https:\\\/\\\/www.ghostysky.com\\\/wp-content\\\/uploads\\\/2020\\\/06\\\/cropped-ghostyskylogo_text_white2.png\",\"contentUrl\":\"https:\\\/\\\/www.ghostysky.com\\\/wp-content\\\/uploads\\\/2020\\\/06\\\/cropped-ghostyskylogo_text_white2.png\",\"width\":169,\"height\":56,\"caption\":\"Ghostysky\"},\"image\":{\"@id\":\"https:\\\/\\\/www.ghostysky.com\\\/#\\\/schema\\\/logo\\\/image\\\/\"},\"sameAs\":[\"https:\\\/\\\/www.facebook.com\\\/people\\\/Ghostysky\\\/100057676170234\\\/\",\"https:\\\/\\\/x.com\\\/Gh0stysky\",\"https:\\\/\\\/www.linkedin.com\\\/company\\\/34739653\",\"https:\\\/\\\/www.instagram.com\\\/gh0stysky\"]}]}<\/script>\n<!-- \/ Yoast SEO plugin. -->","yoast_head_json":{"title":"Dongle Celular DJI 2 - Ghostysky","description":"Eleve suas opera\u00e7\u00f5es com drones com o DJI Cellular Dongle 2 de \u00faltima gera\u00e7\u00e3o, projetado para fornecer conectividade de rede 4G est\u00e1vel e de alta velocidade para equipamentos DJI compat\u00edveis. Com Antenna Switch Diversity (ASDIV) para desempenho superior, este dongle permite que os usu\u00e1rios lidem com cen\u00e1rios de voo complexos e ampliem o alcance operacional com maior confian\u00e7a.","robots":{"index":"index","follow":"follow","max-snippet":"max-snippet:-1","max-image-preview":"max-image-preview:large","max-video-preview":"max-video-preview:-1"},"canonical":"https:\/\/www.ghostysky.com\/pt\/produto-2\/dji-cellular-dongle-2\/","og_locale":"pt_PT","og_type":"article","og_title":"DJI Cellular Dongle 2 - Ghostysky","og_description":"Elevate your drone operations with the next-generation DJI Cellular Dongle 2, engineered to provide stable, high-speed 4G network connectivity for compatible DJI equipment. Featuring Antenna Switch Diversity (ASDIV) for superior performance, this dongle empowers users to handle complex flight scenarios and extend operational range with greater confidence.","og_url":"https:\/\/www.ghostysky.com\/pt\/produto-2\/dji-cellular-dongle-2\/","og_site_name":"Ghostysky","article_publisher":"https:\/\/www.facebook.com\/people\/Ghostysky\/100057676170234\/","article_modified_time":"2025-10-18T05:11:11+00:00","og_image":[{"width":800,"height":800,"url":"https:\/\/www.ghostysky.com\/wp-content\/uploads\/2025\/10\/GH_DJI_DJI-Cellular-Dongle-1.jpg","type":"image\/jpeg"}],"twitter_card":"summary_large_image","twitter_site":"@Gh0stysky","twitter_misc":{"Tempo estimado de leitura":"2 minutos"},"schema":{"@context":"https:\/\/schema.org","@graph":[{"@type":"WebPage","@id":"https:\/\/www.ghostysky.com\/product\/dji-cellular-dongle-2\/","url":"https:\/\/www.ghostysky.com\/product\/dji-cellular-dongle-2\/","name":"Dongle Celular DJI 2 - Ghostysky","isPartOf":{"@id":"https:\/\/www.ghostysky.com\/#website"},"primaryImageOfPage":{"@id":"https:\/\/www.ghostysky.com\/product\/dji-cellular-dongle-2\/#primaryimage"},"image":{"@id":"https:\/\/www.ghostysky.com\/product\/dji-cellular-dongle-2\/#primaryimage"},"thumbnailUrl":"https:\/\/www.ghostysky.com\/wp-content\/uploads\/2025\/10\/GH_DJI_DJI-Cellular-Dongle-1.jpg","datePublished":"2025-10-18T05:03:34+00:00","dateModified":"2025-10-18T05:11:11+00:00","description":"Eleve suas opera\u00e7\u00f5es com drones com o DJI Cellular Dongle 2 de \u00faltima gera\u00e7\u00e3o, projetado para fornecer conectividade de rede 4G est\u00e1vel e de alta velocidade para equipamentos DJI compat\u00edveis. Com Antenna Switch Diversity (ASDIV) para desempenho superior, este dongle permite que os usu\u00e1rios lidem com cen\u00e1rios de voo complexos e ampliem o alcance operacional com maior confian\u00e7a.","breadcrumb":{"@id":"https:\/\/www.ghostysky.com\/product\/dji-cellular-dongle-2\/#breadcrumb"},"inLanguage":"pt-PT","potentialAction":[{"@type":"ReadAction","target":["https:\/\/www.ghostysky.com\/product\/dji-cellular-dongle-2\/"]}]},{"@type":"ImageObject","inLanguage":"pt-PT","@id":"https:\/\/www.ghostysky.com\/product\/dji-cellular-dongle-2\/#primaryimage","url":"https:\/\/www.ghostysky.com\/wp-content\/uploads\/2025\/10\/GH_DJI_DJI-Cellular-Dongle-1.jpg","contentUrl":"https:\/\/www.ghostysky.com\/wp-content\/uploads\/2025\/10\/GH_DJI_DJI-Cellular-Dongle-1.jpg","width":800,"height":800},{"@type":"BreadcrumbList","@id":"https:\/\/www.ghostysky.com\/product\/dji-cellular-dongle-2\/#breadcrumb","itemListElement":[{"@type":"ListItem","position":1,"name":"Home","item":"https:\/\/www.ghostysky.com\/"},{"@type":"ListItem","position":2,"name":"Shop","item":"https:\/\/www.ghostysky.com\/shop\/"},{"@type":"ListItem","position":3,"name":"DJI Cellular Dongle 2"}]},{"@type":"WebSite","@id":"https:\/\/www.ghostysky.com\/#website","url":"https:\/\/www.ghostysky.com\/","name":"Ghostysky","description":"Fornecendo drones e servi\u00e7os profissionais","publisher":{"@id":"https:\/\/www.ghostysky.com\/#organization"},"potentialAction":[{"@type":"SearchAction","target":{"@type":"EntryPoint","urlTemplate":"https:\/\/www.ghostysky.com\/?s={search_term_string}"},"query-input":{"@type":"PropertyValueSpecification","valueRequired":true,"valueName":"search_term_string"}}],"inLanguage":"pt-PT"},{"@type":"Organization","@id":"https:\/\/www.ghostysky.com\/#organization","name":"Ghostysky","url":"https:\/\/www.ghostysky.com\/","logo":{"@type":"ImageObject","inLanguage":"pt-PT","@id":"https:\/\/www.ghostysky.com\/#\/schema\/logo\/image\/","url":"https:\/\/www.ghostysky.com\/wp-content\/uploads\/2020\/06\/cropped-ghostyskylogo_text_white2.png","contentUrl":"https:\/\/www.ghostysky.com\/wp-content\/uploads\/2020\/06\/cropped-ghostyskylogo_text_white2.png","width":169,"height":56,"caption":"Ghostysky"},"image":{"@id":"https:\/\/www.ghostysky.com\/#\/schema\/logo\/image\/"},"sameAs":["https:\/\/www.facebook.com\/people\/Ghostysky\/100057676170234\/","https:\/\/x.com\/Gh0stysky","https:\/\/www.linkedin.com\/company\/34739653","https:\/\/www.instagram.com\/gh0stysky"]}]}},"_links":{"self":[{"href":"https:\/\/www.ghostysky.com\/pt\/wp-json\/wp\/v2\/product\/21898","targetHints":{"allow":["GET"]}}],"collection":[{"href":"https:\/\/www.ghostysky.com\/pt\/wp-json\/wp\/v2\/product"}],"about":[{"href":"https:\/\/www.ghostysky.com\/pt\/wp-json\/wp\/v2\/types\/product"}],"replies":[{"embeddable":true,"href":"https:\/\/www.ghostysky.com\/pt\/wp-json\/wp\/v2\/comments?post=21898"}],"version-history":[{"count":0,"href":"https:\/\/www.ghostysky.com\/pt\/wp-json\/wp\/v2\/product\/21898\/revisions"}],"wp:featuredmedia":[{"embeddable":true,"href":"https:\/\/www.ghostysky.com\/pt\/wp-json\/wp\/v2\/media\/21901"}],"wp:attachment":[{"href":"https:\/\/www.ghostysky.com\/pt\/wp-json\/wp\/v2\/media?parent=21898"}],"wp:term":[{"taxonomy":"product_brand","embeddable":true,"href":"https:\/\/www.ghostysky.com\/pt\/wp-json\/wp\/v2\/product_brand?post=21898"},{"taxonomy":"product_cat","embeddable":true,"href":"https:\/\/www.ghostysky.com\/pt\/wp-json\/wp\/v2\/product_cat?post=21898"},{"taxonomy":"product_tag","embeddable":true,"href":"https:\/\/www.ghostysky.com\/pt\/wp-json\/wp\/v2\/product_tag?post=21898"}],"curies":[{"name":"wp","href":"https:\/\/api.w.org\/{rel}","templated":true}]}}