{"id":21902,"date":"2025-10-18T05:15:22","date_gmt":"2025-10-18T05:15:22","guid":{"rendered":"https:\/\/www.ghostysky.com\/?post_type=product&#038;p=21902"},"modified":"2026-02-05T10:07:30","modified_gmt":"2026-02-05T10:07:30","slug":"dji-mini-5-pro-fly-more-combo-dji-rc2","status":"publish","type":"product","link":"https:\/\/www.ghostysky.com\/pt\/product\/dji-mini-5-pro-fly-more-combo-dji-rc2\/","title":{"rendered":"DJI Mini 5 Pro Fly More Combo (DJI RC2)"},"content":{"rendered":"<div id=\"model-response-message-contentr_55bc02040a3d26f8\" class=\"markdown markdown-main-panel stronger enable-updated-hr-color\" dir=\"ltr\">\n<div id=\"model-response-message-contentr_7d191a1853b28634\" class=\"markdown markdown-main-panel stronger enable-updated-hr-color\" dir=\"ltr\">\n<div id=\"model-response-message-contentr_4bdeaa6da8c41b15\" class=\"markdown markdown-main-panel stronger enable-updated-hr-color\" dir=\"ltr\">\n<h3><b>Principais recursos do DJI Mini 5 Pro<\/b><\/h3>\n<ul>\n<li><b>Sistema de c\u00e2mera de n\u00edvel profissional:<\/b>\n<ul>\n<li><span class=\"citation-2063 citation-end-2063\">Equipado com um <\/span><b><span class=\"math-inline\" data-math=\"1\">1<\/span><span class=\"citation-2062\">Sensor CMOS de -polegadas<\/span><\/b><span class=\"citation-2062 citation-end-2062\"> que captura imagens deslumbrantes\u00a0<\/span><b><span class=\"math-inline\" data-math=\"50\\text{MP}\">50 MP <\/span><span class=\"citation-2061\">fotos<\/span><\/b><span class=\"citation-2061 citation-end-2061\"> e <\/span><b><span class=\"math-inline\" data-math=\"4\\text{K}\/60\\text{fps HDR}\">4K\/60fps HDR<\/span><span class=\"citation-2060\">\u00a0v\u00eddeo<\/span><\/b><span class=\"citation-2060 citation-end-2060\"> com at\u00e9 <\/span><span class=\"math-inline\" data-math=\"14\">14<\/span><span class=\"citation-2059 citation-end-2059\">\u00a0paradas de faixa din\u00e2mica.<\/span><\/li>\n<li><span class=\"citation-2058 citation-end-2058\">Obtenha c\u00e2mera lenta cinematogr\u00e1fica com\u00a0<\/span><b><span class=\"math-inline\" data-math=\"4\\text{K}\/120\\text{fps}\">4K\/120 fps <\/span><span class=\"citation-2057\">v\u00eddeo<\/span><\/b><span class=\"citation-2057 citation-end-2057\">.<\/span><\/li>\n<li><span class=\"citation-2056 citation-end-2056\">Ofertas <\/span><b><span class=\"math-inline\" data-math=\"10\\text{-bit}\">10 bits\u00a0 <\/span><span class=\"citation-2055\">grava\u00e7\u00e3o<\/span><\/b><span class=\"citation-2055 citation-end-2055\"> nos modos de cor D-Log M e HLG para ampla flexibilidade de p\u00f3s-produ\u00e7\u00e3o.<\/span><\/li>\n<li><span class=\"citation-2054 citation-end-2054\">Apresenta um exclusivo\u00a0<\/span><b><span class=\"math-inline\" data-math=\"225\\text{\u00b0}\">225\u00b0<\/span><span class=\"citation-2053\">\u00a0rota\u00e7\u00e3o flex\u00edvel do cardan<\/span><\/b><span class=\"citation-2053\"> e <\/span><b><span class=\"citation-2053\">Tiro vertical verdadeiro<\/span><\/b><span class=\"citation-2053 citation-end-2053\"> para conte\u00fado instant\u00e2neo pronto para m\u00eddia social.<\/span><\/li>\n<li><span class=\"citation-2052 citation-end-2052\">Inclui um <\/span><b><span class=\"math-inline\" data-math=\"48\\text{mm}\">48 mm <\/span><span class=\"citation-2051 citation-end-2051\">Modo Med-Tele (<\/span><span class=\"math-inline\" data-math=\"2\\text{x}\">2x<\/span><span class=\"citation-2050\">\u00a0zoom)<\/span><\/b><span class=\"citation-2050 citation-end-2050\"> para fotos de retratos a\u00e9reos atraentes e texturizadas.<\/span><\/li>\n<\/ul>\n<\/li>\n<li><b>Seguran\u00e7a omnidirecional Nightscape:<\/b>\n<ul>\n<li><span class=\"citation-2049\">Primeiro Mini drone com <\/span><b><span class=\"citation-2049\">Detec\u00e7\u00e3o de obst\u00e1culos omnidirecional Nightscape<\/span><\/b><span class=\"citation-2049\">, alimentado por um <\/span><b><span class=\"citation-2049\">LiDAR voltado para a frente<\/span><\/b><span class=\"citation-2049 citation-end-2049\"> sensor e m\u00faltiplos sensores de vis\u00e3o, permitindo detec\u00e7\u00e3o e preven\u00e7\u00e3o mesmo em condi\u00e7\u00f5es de pouca luz.<\/span><\/li>\n<li><span class=\"citation-2048\">Recursos <\/span><b><span class=\"citation-2048 citation-end-2048\">ActiveTrack atualizado <\/span><span class=\"math-inline\" data-math=\"360\\text{\u00b0}\">360\u00b0<\/span><\/b><span class=\"citation-2047 citation-end-2047\">\u00a0para rastreamento de assunto personaliz\u00e1vel, est\u00e1vel e mais seguro.<\/span><\/li>\n<\/ul>\n<\/li>\n<li><b>Voo e transmiss\u00e3o estendidos:<\/b>\n<ul>\n<li><span class=\"citation-2046\">O padr\u00e3o <\/span><b><span class=\"citation-2046\">Bateria de voo inteligente<\/span><\/b><span class=\"citation-2046 citation-end-2046\"> fornece at\u00e9 <\/span><b><span class=\"math-inline\" data-math=\"36\">36 <\/span><span class=\"citation-2045\">minutos de tempo de voo<\/span><\/b><span class=\"citation-2045 citation-end-2045\">.<\/span><\/li>\n<li><span class=\"citation-2044\">Utiliza o novo <\/span><b><span class=\"citation-2044 citation-end-2044\">DJI O<\/span><span class=\"math-inline\" data-math=\"4+\">4+<\/span><span class=\"citation-2043\">\u00a0Transmiss\u00e3o de v\u00eddeo<\/span><\/b><span class=\"citation-2043 citation-end-2043\"> sistema, fornecendo uma alimenta\u00e7\u00e3o ao vivo robusta at\u00e9 <sup class=\"superscript\" data-turn-source-index=\"25\">25<\/sup><\/span><span class=\"math-inline\" data-math=\"20\\text{km}\">$20\\texto{km}$<\/span><span class=\"citation-2042 citation-end-2042\"> (FCC) com estabilidade superior e anti-interfer\u00eancia.<\/span><\/li>\n<li><span class=\"citation-2041 citation-end-2041\">Inclui <\/span><b><span class=\"math-inline\" data-math=\"42\\text{GB}\">42 GB<\/span><span class=\"citation-2040\">\u00a0de armazenamento interno<\/span><\/b><span class=\"citation-2040\"> e suporta <\/span><b><span class=\"citation-2040\">Transfer\u00eancia r\u00e1pida fora do estado<\/span><\/b><span class=\"citation-2040 citation-end-2040\"> para downloads r\u00e1pidos de arquivos sem ligar o drone.<\/span><\/li>\n<\/ul>\n<\/li>\n<\/ul>\n<h3><b>Inclus\u00f5es do Fly More Combo (DJI RC 2)<\/b><\/h3>\n<p>O <b>Voe mais combo<\/b> garante que voc\u00ea esteja pronto para longas sess\u00f5es de filmagem com acess\u00f3rios essenciais:<\/p>\n<ul>\n<li><b><span class=\"citation-2039\">Controle remoto DJI RC 2:<\/span><\/b><span class=\"citation-2039 citation-end-2039\"> Um controlador leve e de alto desempenho com um integrado <\/span><span class=\"citation-2036 citation-end-2036\">tela de alto brilho, eliminando a necessidade de um smartphone separado.<\/span><\/li>\n<li><b><span class=\"citation-2034\">Baterias de voo inteligentes:<\/span><\/b><span class=\"citation-2034 citation-end-2034\"> Triplique o tempo de voo padr\u00e3o para m\u00e1xima criatividade.<\/span><\/li>\n<li><b><span class=\"citation-2033\">Hub de carregamento bidirecional:<\/span><\/b><span class=\"citation-2033 citation-end-2033\"> Carrega eficientemente tr\u00eas baterias em sequ\u00eancia.<\/span><\/li>\n<li><b><span class=\"citation-2032 citation-end-2032\">Conjunto de filtros ND <\/span><span class=\"citation-2029\">:<\/span><\/b>Filtros essenciais para controlar a exposi\u00e7\u00e3o e capturar desfoque de movimento cinematogr\u00e1fico em condi\u00e7\u00f5es de muita luz.<\/li>\n<li><b>Bolsa de ombro:<\/b><span class=\"citation-2028 citation-end-2028\"> Um estojo de transporte de alta qualidade para proteger e transportar seu equipamento.<\/span><\/li>\n<li><b><span class=\"citation-2027 citation-end-2027\">H\u00e9lices sobressalentes e outros acess\u00f3rios.<\/span><\/b><\/li>\n<\/ul>\n<h4>Na caixa<\/h4>\n<p>1x DJI Mini 5 Pro<br \/>\n1x DJI Mini 5 Pro<br \/>\n1x DJI RC 2<br \/>\n1 conjunto de filtros ND DJI Mini 5 Pro (ND8\/32\/128)<br \/>\n3 baterias de voo inteligente DJI Mini 5 Pro<br \/>\n1x Hub de carregamento bidirecional DJI Mini 5 Pro<br \/>\n1x capa de armazenamento DJI Mini 5 Pro<br \/>\n3 h\u00e9lices sobressalentes DJI Mini 5 Pro (par)<br \/>\n1x Bolsa de ombro DJI Mini 5 Pro<br \/>\n1x Cabo de dados USB-C para USB-C<\/p>\n<\/div>\n<\/div>\n<\/div>","protected":false},"excerpt":{"rendered":"<p><span class=\"citation-2067\">O <\/span><b><span class=\"citation-2067\">DJI Mini 5 Pro Fly More Combo (DJI RC 2)<\/span><\/b><span class=\"citation-2067 citation-end-2067\"> \u00e9 o pacote de drone compacto definitivo, oferecendo imagens de n\u00edvel profissional e recursos avan\u00e7ados em um design port\u00e1til e compat\u00edvel com regulamenta\u00e7\u00f5es (pesando pouco menos de <\/span><span class=\"math-inline\" data-math=\"249\\text{g}\">249g<\/span><span class=\"citation-2066 citation-end-2066\">).<\/span><\/p>\n<p><span class=\"citation-2065\">Esta combina\u00e7\u00e3o \u00e9 perfeita para criadores que desejam o m\u00e1ximo tempo de voo e acess\u00f3rios prontos para uso, apresentando o alto desempenho <\/span><b><span class=\"citation-2065\">DJI Mini 5 Pro<\/span><\/b><span class=\"citation-2065\"> e o <\/span><b><span class=\"citation-2065\">DJI RC 2<\/span><\/b><span class=\"citation-2065 citation-end-2065\"> controle remoto com seu controle remoto embutido e brilhante\u00a0<\/span><span class=\"math-inline\" data-math=\"5.5\">5.5<\/span><span class=\"citation-2064 citation-end-2064\">Tela FHD de 2,5 polegadas.<\/span><\/p>","protected":false},"featured_media":21905,"comment_status":"open","ping_status":"closed","template":"","meta":[],"product_brand":[1031],"product_cat":[37,1133,1134],"product_tag":[42,1136,1135],"class_list":{"0":"post-21902","1":"product","2":"type-product","3":"status-publish","4":"has-post-thumbnail","6":"product_brand-dji","7":"product_cat-dji","8":"product_cat-dji-mini-5-pro","9":"product_cat-dji-mini-5-pro-drones","10":"product_tag-dji","11":"product_tag-dji-mini-5-pro-drones","12":"product_tag-dji-mini-5-pro-series","14":"first","15":"instock","16":"taxable","17":"shipping-taxable","18":"purchasable","19":"product-type-simple"},"yoast_head":"<!-- This site is optimized with the Yoast SEO plugin v27.1.1 - https:\/\/yoast.com\/product\/yoast-seo-wordpress\/ -->\n<title>DJI Mini 5 Pro Fly More Combo (DJI RC2) - Ghostysky<\/title>\n<meta name=\"description\" content=\"The DJI Mini 5 Pro Fly More Combo (DJI RC 2) is the ultimate compact drone package, delivering professional-level imaging and advanced features in a portable, regulation-friendly design (weighing just under 249g).This combo is perfect for creators who want maximum flight time and accessories right out of the box, featuring the high-performance DJI Mini 5 Pro and the DJI RC 2 remote controller with its built-in, bright\u00a05.5-inch FHD display.\" \/>\n<meta name=\"robots\" content=\"index, follow, max-snippet:-1, max-image-preview:large, max-video-preview:-1\" \/>\n<link rel=\"canonical\" href=\"https:\/\/www.ghostysky.com\/pt\/produto-2\/dji-mini-5-pro-fly-more-combo-dji-rc2\/\" \/>\n<meta property=\"og:locale\" content=\"pt_PT\" \/>\n<meta property=\"og:type\" content=\"article\" \/>\n<meta property=\"og:title\" content=\"DJI Mini 5 Pro Fly More Combo (DJI RC2) - Ghostysky\" \/>\n<meta property=\"og:description\" content=\"The DJI Mini 5 Pro Fly More Combo (DJI RC 2) is the ultimate compact drone package, delivering professional-level imaging and advanced features in a portable, regulation-friendly design (weighing just under 249g).This combo is perfect for creators who want maximum flight time and accessories right out of the box, featuring the high-performance DJI Mini 5 Pro and the DJI RC 2 remote controller with its built-in, bright\u00a05.5-inch FHD display.\" \/>\n<meta property=\"og:url\" content=\"https:\/\/www.ghostysky.com\/pt\/produto-2\/dji-mini-5-pro-fly-more-combo-dji-rc2\/\" \/>\n<meta property=\"og:site_name\" content=\"Ghostysky\" \/>\n<meta property=\"article:publisher\" content=\"https:\/\/www.facebook.com\/people\/Ghostysky\/100057676170234\/\" \/>\n<meta property=\"article:modified_time\" content=\"2026-02-05T10:07:30+00:00\" \/>\n<meta property=\"og:image\" content=\"https:\/\/www.ghostysky.com\/wp-content\/uploads\/2025\/10\/GH_DJI-Mini-5-Pro-Fly-More-Combo-DJI-RC2-1.jpg\" \/>\n\t<meta property=\"og:image:width\" content=\"800\" \/>\n\t<meta property=\"og:image:height\" content=\"800\" \/>\n\t<meta property=\"og:image:type\" content=\"image\/jpeg\" \/>\n<meta name=\"twitter:card\" content=\"summary_large_image\" \/>\n<meta name=\"twitter:site\" content=\"@Gh0stysky\" \/>\n<meta name=\"twitter:label1\" content=\"Tempo estimado de leitura\" \/>\n\t<meta name=\"twitter:data1\" content=\"2 minutos\" \/>\n<script type=\"application\/ld+json\" class=\"yoast-schema-graph\">{\"@context\":\"https:\/\/schema.org\",\"@graph\":[{\"@type\":\"WebPage\",\"@id\":\"https:\/\/www.ghostysky.com\/product\/dji-mini-5-pro-fly-more-combo-dji-rc2\/\",\"url\":\"https:\/\/www.ghostysky.com\/product\/dji-mini-5-pro-fly-more-combo-dji-rc2\/\",\"name\":\"DJI Mini 5 Pro Fly More Combo (DJI RC2) - Ghostysky\",\"isPartOf\":{\"@id\":\"https:\/\/www.ghostysky.com\/#website\"},\"primaryImageOfPage\":{\"@id\":\"https:\/\/www.ghostysky.com\/product\/dji-mini-5-pro-fly-more-combo-dji-rc2\/#primaryimage\"},\"image\":{\"@id\":\"https:\/\/www.ghostysky.com\/product\/dji-mini-5-pro-fly-more-combo-dji-rc2\/#primaryimage\"},\"thumbnailUrl\":\"https:\/\/www.ghostysky.com\/wp-content\/uploads\/2025\/10\/GH_DJI-Mini-5-Pro-Fly-More-Combo-DJI-RC2-1.jpg\",\"datePublished\":\"2025-10-18T05:15:22+00:00\",\"dateModified\":\"2026-02-05T10:07:30+00:00\",\"description\":\"The DJI Mini 5 Pro Fly More Combo (DJI RC 2) is the ultimate compact drone package, delivering professional-level imaging and advanced features in a portable, regulation-friendly design (weighing just under 249g).This combo is perfect for creators who want maximum flight time and accessories right out of the box, featuring the high-performance DJI Mini 5 Pro and the DJI RC 2 remote controller with its built-in, bright\u00a05.5-inch FHD display.\",\"breadcrumb\":{\"@id\":\"https:\/\/www.ghostysky.com\/product\/dji-mini-5-pro-fly-more-combo-dji-rc2\/#breadcrumb\"},\"inLanguage\":\"pt-PT\",\"potentialAction\":[{\"@type\":\"ReadAction\",\"target\":[\"https:\/\/www.ghostysky.com\/product\/dji-mini-5-pro-fly-more-combo-dji-rc2\/\"]}]},{\"@type\":\"ImageObject\",\"inLanguage\":\"pt-PT\",\"@id\":\"https:\/\/www.ghostysky.com\/product\/dji-mini-5-pro-fly-more-combo-dji-rc2\/#primaryimage\",\"url\":\"https:\/\/www.ghostysky.com\/wp-content\/uploads\/2025\/10\/GH_DJI-Mini-5-Pro-Fly-More-Combo-DJI-RC2-1.jpg\",\"contentUrl\":\"https:\/\/www.ghostysky.com\/wp-content\/uploads\/2025\/10\/GH_DJI-Mini-5-Pro-Fly-More-Combo-DJI-RC2-1.jpg\",\"width\":800,\"height\":800},{\"@type\":\"BreadcrumbList\",\"@id\":\"https:\/\/www.ghostysky.com\/product\/dji-mini-5-pro-fly-more-combo-dji-rc2\/#breadcrumb\",\"itemListElement\":[{\"@type\":\"ListItem\",\"position\":1,\"name\":\"Home\",\"item\":\"https:\/\/www.ghostysky.com\/\"},{\"@type\":\"ListItem\",\"position\":2,\"name\":\"Shop\",\"item\":\"https:\/\/www.ghostysky.com\/shop\/\"},{\"@type\":\"ListItem\",\"position\":3,\"name\":\"DJI Mini 5 Pro Fly More Combo (DJI RC2)\"}]},{\"@type\":\"WebSite\",\"@id\":\"https:\/\/www.ghostysky.com\/#website\",\"url\":\"https:\/\/www.ghostysky.com\/\",\"name\":\"Ghostysky\",\"description\":\"Delivering professional drones and services\",\"publisher\":{\"@id\":\"https:\/\/www.ghostysky.com\/#organization\"},\"potentialAction\":[{\"@type\":\"SearchAction\",\"target\":{\"@type\":\"EntryPoint\",\"urlTemplate\":\"https:\/\/www.ghostysky.com\/?s={search_term_string}\"},\"query-input\":{\"@type\":\"PropertyValueSpecification\",\"valueRequired\":true,\"valueName\":\"search_term_string\"}}],\"inLanguage\":\"pt-PT\"},{\"@type\":\"Organization\",\"@id\":\"https:\/\/www.ghostysky.com\/#organization\",\"name\":\"Ghostysky\",\"url\":\"https:\/\/www.ghostysky.com\/\",\"logo\":{\"@type\":\"ImageObject\",\"inLanguage\":\"pt-PT\",\"@id\":\"https:\/\/www.ghostysky.com\/#\/schema\/logo\/image\/\",\"url\":\"https:\/\/www.ghostysky.com\/wp-content\/uploads\/2020\/06\/cropped-ghostyskylogo_text_white2.png\",\"contentUrl\":\"https:\/\/www.ghostysky.com\/wp-content\/uploads\/2020\/06\/cropped-ghostyskylogo_text_white2.png\",\"width\":169,\"height\":56,\"caption\":\"Ghostysky\"},\"image\":{\"@id\":\"https:\/\/www.ghostysky.com\/#\/schema\/logo\/image\/\"},\"sameAs\":[\"https:\/\/www.facebook.com\/people\/Ghostysky\/100057676170234\/\",\"https:\/\/x.com\/Gh0stysky\",\"https:\/\/www.linkedin.com\/company\/34739653\",\"https:\/\/www.instagram.com\/gh0stysky\"]}]}<\/script>\n<!-- \/ Yoast SEO plugin. -->","yoast_head_json":{"title":"DJI Mini 5 Pro Fly More Combo (DJI RC2) - Ghostysky","description":"O DJI Mini 5 Pro Fly More Combo (DJI RC 2) \u00e9 o pacote definitivo de drone compacto, oferecendo imagens de n\u00edvel profissional e recursos avan\u00e7ados em um design port\u00e1til e em conformidade com as regulamenta\u00e7\u00f5es (pesando pouco menos de 249 g). Este combo \u00e9 perfeito para criadores que desejam o m\u00e1ximo de tempo de voo e acess\u00f3rios prontos para uso, apresentando o DJI Mini 5 Pro de alto desempenho e o controle remoto DJI RC 2 com sua tela FHD brilhante de 5,5 polegadas integrada.","robots":{"index":"index","follow":"follow","max-snippet":"max-snippet:-1","max-image-preview":"max-image-preview:large","max-video-preview":"max-video-preview:-1"},"canonical":"https:\/\/www.ghostysky.com\/pt\/produto-2\/dji-mini-5-pro-fly-more-combo-dji-rc2\/","og_locale":"pt_PT","og_type":"article","og_title":"DJI Mini 5 Pro Fly More Combo (DJI RC2) - Ghostysky","og_description":"The DJI Mini 5 Pro Fly More Combo (DJI RC 2) is the ultimate compact drone package, delivering professional-level imaging and advanced features in a portable, regulation-friendly design (weighing just under 249g).This combo is perfect for creators who want maximum flight time and accessories right out of the box, featuring the high-performance DJI Mini 5 Pro and the DJI RC 2 remote controller with its built-in, bright\u00a05.5-inch FHD display.","og_url":"https:\/\/www.ghostysky.com\/pt\/produto-2\/dji-mini-5-pro-fly-more-combo-dji-rc2\/","og_site_name":"Ghostysky","article_publisher":"https:\/\/www.facebook.com\/people\/Ghostysky\/100057676170234\/","article_modified_time":"2026-02-05T10:07:30+00:00","og_image":[{"width":800,"height":800,"url":"https:\/\/www.ghostysky.com\/wp-content\/uploads\/2025\/10\/GH_DJI-Mini-5-Pro-Fly-More-Combo-DJI-RC2-1.jpg","type":"image\/jpeg"}],"twitter_card":"summary_large_image","twitter_site":"@Gh0stysky","twitter_misc":{"Tempo estimado de leitura":"2 minutos"},"schema":{"@context":"https:\/\/schema.org","@graph":[{"@type":"WebPage","@id":"https:\/\/www.ghostysky.com\/product\/dji-mini-5-pro-fly-more-combo-dji-rc2\/","url":"https:\/\/www.ghostysky.com\/product\/dji-mini-5-pro-fly-more-combo-dji-rc2\/","name":"DJI Mini 5 Pro Fly More Combo (DJI RC2) - Ghostysky","isPartOf":{"@id":"https:\/\/www.ghostysky.com\/#website"},"primaryImageOfPage":{"@id":"https:\/\/www.ghostysky.com\/product\/dji-mini-5-pro-fly-more-combo-dji-rc2\/#primaryimage"},"image":{"@id":"https:\/\/www.ghostysky.com\/product\/dji-mini-5-pro-fly-more-combo-dji-rc2\/#primaryimage"},"thumbnailUrl":"https:\/\/www.ghostysky.com\/wp-content\/uploads\/2025\/10\/GH_DJI-Mini-5-Pro-Fly-More-Combo-DJI-RC2-1.jpg","datePublished":"2025-10-18T05:15:22+00:00","dateModified":"2026-02-05T10:07:30+00:00","description":"O DJI Mini 5 Pro Fly More Combo (DJI RC 2) \u00e9 o pacote definitivo de drone compacto, oferecendo imagens de n\u00edvel profissional e recursos avan\u00e7ados em um design port\u00e1til e em conformidade com as regulamenta\u00e7\u00f5es (pesando pouco menos de 249 g). Este combo \u00e9 perfeito para criadores que desejam o m\u00e1ximo de tempo de voo e acess\u00f3rios prontos para uso, apresentando o DJI Mini 5 Pro de alto desempenho e o controle remoto DJI RC 2 com sua tela FHD brilhante de 5,5 polegadas integrada.","breadcrumb":{"@id":"https:\/\/www.ghostysky.com\/product\/dji-mini-5-pro-fly-more-combo-dji-rc2\/#breadcrumb"},"inLanguage":"pt-PT","potentialAction":[{"@type":"ReadAction","target":["https:\/\/www.ghostysky.com\/product\/dji-mini-5-pro-fly-more-combo-dji-rc2\/"]}]},{"@type":"ImageObject","inLanguage":"pt-PT","@id":"https:\/\/www.ghostysky.com\/product\/dji-mini-5-pro-fly-more-combo-dji-rc2\/#primaryimage","url":"https:\/\/www.ghostysky.com\/wp-content\/uploads\/2025\/10\/GH_DJI-Mini-5-Pro-Fly-More-Combo-DJI-RC2-1.jpg","contentUrl":"https:\/\/www.ghostysky.com\/wp-content\/uploads\/2025\/10\/GH_DJI-Mini-5-Pro-Fly-More-Combo-DJI-RC2-1.jpg","width":800,"height":800},{"@type":"BreadcrumbList","@id":"https:\/\/www.ghostysky.com\/product\/dji-mini-5-pro-fly-more-combo-dji-rc2\/#breadcrumb","itemListElement":[{"@type":"ListItem","position":1,"name":"Home","item":"https:\/\/www.ghostysky.com\/"},{"@type":"ListItem","position":2,"name":"Shop","item":"https:\/\/www.ghostysky.com\/shop\/"},{"@type":"ListItem","position":3,"name":"DJI Mini 5 Pro Fly More Combo (DJI RC2)"}]},{"@type":"WebSite","@id":"https:\/\/www.ghostysky.com\/#website","url":"https:\/\/www.ghostysky.com\/","name":"Ghostysky","description":"Fornecendo drones e servi\u00e7os profissionais","publisher":{"@id":"https:\/\/www.ghostysky.com\/#organization"},"potentialAction":[{"@type":"SearchAction","target":{"@type":"EntryPoint","urlTemplate":"https:\/\/www.ghostysky.com\/?s={search_term_string}"},"query-input":{"@type":"PropertyValueSpecification","valueRequired":true,"valueName":"search_term_string"}}],"inLanguage":"pt-PT"},{"@type":"Organization","@id":"https:\/\/www.ghostysky.com\/#organization","name":"Ghostysky","url":"https:\/\/www.ghostysky.com\/","logo":{"@type":"ImageObject","inLanguage":"pt-PT","@id":"https:\/\/www.ghostysky.com\/#\/schema\/logo\/image\/","url":"https:\/\/www.ghostysky.com\/wp-content\/uploads\/2020\/06\/cropped-ghostyskylogo_text_white2.png","contentUrl":"https:\/\/www.ghostysky.com\/wp-content\/uploads\/2020\/06\/cropped-ghostyskylogo_text_white2.png","width":169,"height":56,"caption":"Ghostysky"},"image":{"@id":"https:\/\/www.ghostysky.com\/#\/schema\/logo\/image\/"},"sameAs":["https:\/\/www.facebook.com\/people\/Ghostysky\/100057676170234\/","https:\/\/x.com\/Gh0stysky","https:\/\/www.linkedin.com\/company\/34739653","https:\/\/www.instagram.com\/gh0stysky"]}]}},"_links":{"self":[{"href":"https:\/\/www.ghostysky.com\/pt\/wp-json\/wp\/v2\/product\/21902","targetHints":{"allow":["GET"]}}],"collection":[{"href":"https:\/\/www.ghostysky.com\/pt\/wp-json\/wp\/v2\/product"}],"about":[{"href":"https:\/\/www.ghostysky.com\/pt\/wp-json\/wp\/v2\/types\/product"}],"replies":[{"embeddable":true,"href":"https:\/\/www.ghostysky.com\/pt\/wp-json\/wp\/v2\/comments?post=21902"}],"wp:featuredmedia":[{"embeddable":true,"href":"https:\/\/www.ghostysky.com\/pt\/wp-json\/wp\/v2\/media\/21905"}],"wp:attachment":[{"href":"https:\/\/www.ghostysky.com\/pt\/wp-json\/wp\/v2\/media?parent=21902"}],"wp:term":[{"taxonomy":"product_brand","embeddable":true,"href":"https:\/\/www.ghostysky.com\/pt\/wp-json\/wp\/v2\/product_brand?post=21902"},{"taxonomy":"product_cat","embeddable":true,"href":"https:\/\/www.ghostysky.com\/pt\/wp-json\/wp\/v2\/product_cat?post=21902"},{"taxonomy":"product_tag","embeddable":true,"href":"https:\/\/www.ghostysky.com\/pt\/wp-json\/wp\/v2\/product_tag?post=21902"}],"curies":[{"name":"wp","href":"https:\/\/api.w.org\/{rel}","templated":true}]}}