{"id":21942,"date":"2025-10-19T07:54:43","date_gmt":"2025-10-19T07:54:43","guid":{"rendered":"https:\/\/www.ghostysky.com\/?post_type=product&#038;p=21942"},"modified":"2025-10-19T08:23:56","modified_gmt":"2025-10-19T08:23:56","slug":"dji-mini-5-pro-nd-filters-setnd8-32-128","status":"publish","type":"product","link":"https:\/\/www.ghostysky.com\/pt\/product\/dji-mini-5-pro-nd-filters-setnd8-32-128\/","title":{"rendered":"Conjunto de filtros ND para DJI Mini 5 Pro (ND8\/32\/128)"},"content":{"rendered":"<div id=\"model-response-message-contentr_55bc02040a3d26f8\" class=\"markdown markdown-main-panel stronger enable-updated-hr-color\" dir=\"ltr\">\n<div id=\"model-response-message-contentr_7d191a1853b28634\" class=\"markdown markdown-main-panel stronger enable-updated-hr-color\" dir=\"ltr\">\n<div id=\"model-response-message-contentr_4bdeaa6da8c41b15\" class=\"markdown markdown-main-panel stronger enable-updated-hr-color\" dir=\"ltr\">\n<h3>Principais recursos e benef\u00edcios<\/h3>\n<ul>\n<li><b><span class=\"citation-75\">Controle preciso de exposi\u00e7\u00e3o:<\/span><\/b><span class=\"citation-75 citation-end-75\"> Reduza a quantidade de luz que entra na lente para atingir a velocidade do obturador e as configura\u00e7\u00f5es de exposi\u00e7\u00e3o desejadas, mesmo sob luz solar intensa.<\/span><\/li>\n<li><b>Imagens cinematogr\u00e1ficas:<\/b> Permite a ades\u00e3o ao <b>\u201cRegra do obturador de 180 graus\u201d<\/b> (a velocidade do obturador \u00e9 o dobro da taxa de quadros, por exemplo, 1\/48s para v\u00eddeo de 24 fps). <span class=\"citation-74\">Isso evita velocidades de obturador muito r\u00e1pidas em luz forte, garantindo que seu v\u00eddeo tenha um efeito natural. <\/span><b><span class=\"citation-74\">desfoque de movimento<\/span><\/b><span class=\"citation-74 citation-end-74\"> para uma apar\u00eancia fluida, profissional e cinematogr\u00e1fica.<\/span><\/li>\n<li><b><span class=\"citation-73\">Redu\u00e7\u00e3o de luz vers\u00e1til:<\/span><\/b><span class=\"citation-73 citation-end-73\"> O conjunto inclui filtros para v\u00e1rios n\u00edveis de luz:<\/span>\n<ul>\n<li><b><span class=\"citation-72\">ND8 (redu\u00e7\u00e3o de 3 paradas):<\/span><\/b><span class=\"citation-72 citation-end-72\"> Ideal para dias ligeiramente nublados ou com luz moderada, como durante o nascer ou o p\u00f4r do sol.<\/span><\/li>\n<li><b><span class=\"citation-71\">ND32 (redu\u00e7\u00e3o de 5 paradas):<\/span><\/b><span class=\"citation-71 citation-end-71\"> Perfeito para uso em dias muito ensolarados e ambientes bem iluminados, oferecendo grande flexibilidade.<\/span><\/li>\n<li><b>ND128 (redu\u00e7\u00e3o de 7 paradas):<\/b><span class=\"citation-70 citation-end-70\"> Adequado para condi\u00e7\u00f5es extremamente brilhantes, como filmar em uma montanha nevada ou na praia, e para fotografia de longa exposi\u00e7\u00e3o para desfocar movimento (como \u00e1gua corrente ou nuvens).<\/span><\/li>\n<\/ul>\n<\/li>\n<li><b><span class=\"citation-69\">Qualidade de imagem superior:<\/span><\/b><span class=\"citation-69\"> Feito de materiais de redu\u00e7\u00e3o de luz de alta qualidade para garantir <\/span><b><span class=\"citation-69\">reprodu\u00e7\u00e3o de cores verdadeiras<\/span><\/b><span class=\"citation-69 citation-end-69\"> e ajudar a preservar detalhes tanto em \u00e1reas de alta quanto de baixa luminosidade.<\/span><\/li>\n<li><b><span class=\"citation-68\">Design otimizado:<\/span><\/b><span class=\"citation-68\"> Apresenta um <\/span><b><span class=\"citation-68\">design preciso de encaixe r\u00e1pido<\/span><\/b><span class=\"citation-68 citation-end-68\"> para um encaixe seguro e confi\u00e1vel na lente do DJI Mini 5 Pro, garantindo que o filtro permane\u00e7a est\u00e1vel durante o voo e mantenha o centro de gravidade do gimbal.<\/span> Cada filtro \u00e9 projetado para ser leve (aprox. <b><span class=\"citation-67\">1,12 g<\/span><\/b><span class=\"citation-67 citation-end-67\"> por filtro) para evitar impacto no desempenho do drone.<\/span><\/li>\n<\/ul>\n<p><span class=\"citation-66 citation-end-66\">Eleve suas imagens a\u00e9reas de boas a espetaculares obtendo controle criativo sobre as configura\u00e7\u00f5es da c\u00e2mera do seu drone em qualquer ambiente claro.<\/span><\/p>\n<div class=\"source-inline-chip-container ng-star-inserted\"><\/div>\n<\/div>\n<\/div>\n<\/div>","protected":false},"excerpt":{"rendered":"<p><span class=\"citation-77\">O <\/span><b><span class=\"citation-77\">Conjunto de filtros ND para DJI Mini 5 Pro<\/span><\/b><span class=\"citation-77\"> fornece controle de luz essencial para fot\u00f3grafos a\u00e9reos e cinegrafistas s\u00e9rios usando o DJI Mini 5 Pro, atuando como <\/span><b><span class=\"citation-77\">&quot;\u00f3culos de sol&quot;<\/span><\/b><span class=\"citation-77 citation-end-77\"> para a c\u00e2mera do seu drone.<\/span> <span class=\"citation-76\">Este conjunto apresenta tr\u00eas filtros de densidade neutra (ND) de alta qualidade:<\/span><b><span class=\"citation-76\">ND8, ND32 e ND128<\/span><\/b><span class=\"citation-76 citation-end-76\">\u2014permitindo que voc\u00ea gerencie com precis\u00e3o a exposi\u00e7\u00e3o da sua c\u00e2mera em uma variedade de condi\u00e7\u00f5es de ilumina\u00e7\u00e3o intensa sem comprometer a fidelidade das cores.<\/span><\/p>","protected":false},"featured_media":21945,"comment_status":"open","ping_status":"closed","template":"","meta":[],"product_brand":[1031],"product_cat":[37,1133,1137],"product_tag":[42,1138,1135],"class_list":{"0":"post-21942","1":"product","2":"type-product","3":"status-publish","4":"has-post-thumbnail","6":"product_brand-dji","7":"product_cat-dji","8":"product_cat-dji-mini-5-pro","9":"product_cat-dji-mini-5-pro-accessories","10":"product_tag-dji","11":"product_tag-dji-mini-5-pro-accessories","12":"product_tag-dji-mini-5-pro-series","14":"first","15":"onbackorder","16":"taxable","17":"shipping-taxable","18":"purchasable","19":"product-type-simple"},"yoast_head":"<!-- This site is optimized with the Yoast SEO plugin v27.1.1 - https:\/\/yoast.com\/product\/yoast-seo-wordpress\/ -->\n<title>DJI Mini 5 Pro ND Filters Set(ND8\/32\/128) - Ghostysky<\/title>\n<meta name=\"description\" content=\"The DJI Mini 5 Pro ND Filters Set provides essential light control for serious aerial photographers and videographers using the DJI Mini 5 Pro, acting as &quot;sunglasses&quot; for your drone&#039;s camera. This set features three high-quality Neutral Density (ND) filters\u2014ND8, ND32, and ND128\u2014allowing you to precisely manage your camera&#039;s exposure in a variety of bright lighting conditions without compromising color fidelity.\" \/>\n<meta name=\"robots\" content=\"index, follow, max-snippet:-1, max-image-preview:large, max-video-preview:-1\" \/>\n<link rel=\"canonical\" href=\"https:\/\/www.ghostysky.com\/pt\/produto-2\/dji-mini-5-pro-nd-filters-setnd8-32-128\/\" \/>\n<meta property=\"og:locale\" content=\"pt_PT\" \/>\n<meta property=\"og:type\" content=\"article\" \/>\n<meta property=\"og:title\" content=\"DJI Mini 5 Pro ND Filters Set(ND8\/32\/128) - Ghostysky\" \/>\n<meta property=\"og:description\" content=\"The DJI Mini 5 Pro ND Filters Set provides essential light control for serious aerial photographers and videographers using the DJI Mini 5 Pro, acting as &quot;sunglasses&quot; for your drone&#039;s camera. This set features three high-quality Neutral Density (ND) filters\u2014ND8, ND32, and ND128\u2014allowing you to precisely manage your camera&#039;s exposure in a variety of bright lighting conditions without compromising color fidelity.\" \/>\n<meta property=\"og:url\" content=\"https:\/\/www.ghostysky.com\/pt\/produto-2\/dji-mini-5-pro-nd-filters-setnd8-32-128\/\" \/>\n<meta property=\"og:site_name\" content=\"Ghostysky\" \/>\n<meta property=\"article:publisher\" content=\"https:\/\/www.facebook.com\/people\/Ghostysky\/100057676170234\/\" \/>\n<meta property=\"article:modified_time\" content=\"2025-10-19T08:23:56+00:00\" \/>\n<meta property=\"og:image\" content=\"https:\/\/www.ghostysky.com\/wp-content\/uploads\/2025\/10\/GH_DJI-Mini-5-Pro-ND-Filters-Set_ND8_32_128_1.jpg\" \/>\n\t<meta property=\"og:image:width\" content=\"800\" \/>\n\t<meta property=\"og:image:height\" content=\"800\" \/>\n\t<meta property=\"og:image:type\" content=\"image\/jpeg\" \/>\n<meta name=\"twitter:card\" content=\"summary_large_image\" \/>\n<meta name=\"twitter:site\" content=\"@Gh0stysky\" \/>\n<meta name=\"twitter:label1\" content=\"Tempo estimado de leitura\" \/>\n\t<meta name=\"twitter:data1\" content=\"2 minutos\" \/>\n<script type=\"application\/ld+json\" class=\"yoast-schema-graph\">{\"@context\":\"https:\/\/schema.org\",\"@graph\":[{\"@type\":\"WebPage\",\"@id\":\"https:\/\/www.ghostysky.com\/product\/dji-mini-5-pro-nd-filters-setnd8-32-128\/\",\"url\":\"https:\/\/www.ghostysky.com\/product\/dji-mini-5-pro-nd-filters-setnd8-32-128\/\",\"name\":\"DJI Mini 5 Pro ND Filters Set(ND8\/32\/128) - Ghostysky\",\"isPartOf\":{\"@id\":\"https:\/\/www.ghostysky.com\/#website\"},\"primaryImageOfPage\":{\"@id\":\"https:\/\/www.ghostysky.com\/product\/dji-mini-5-pro-nd-filters-setnd8-32-128\/#primaryimage\"},\"image\":{\"@id\":\"https:\/\/www.ghostysky.com\/product\/dji-mini-5-pro-nd-filters-setnd8-32-128\/#primaryimage\"},\"thumbnailUrl\":\"https:\/\/www.ghostysky.com\/wp-content\/uploads\/2025\/10\/GH_DJI-Mini-5-Pro-ND-Filters-Set_ND8_32_128_1.jpg\",\"datePublished\":\"2025-10-19T07:54:43+00:00\",\"dateModified\":\"2025-10-19T08:23:56+00:00\",\"description\":\"The DJI Mini 5 Pro ND Filters Set provides essential light control for serious aerial photographers and videographers using the DJI Mini 5 Pro, acting as \\\"sunglasses\\\" for your drone's camera. This set features three high-quality Neutral Density (ND) filters\u2014ND8, ND32, and ND128\u2014allowing you to precisely manage your camera's exposure in a variety of bright lighting conditions without compromising color fidelity.\",\"breadcrumb\":{\"@id\":\"https:\/\/www.ghostysky.com\/product\/dji-mini-5-pro-nd-filters-setnd8-32-128\/#breadcrumb\"},\"inLanguage\":\"pt-PT\",\"potentialAction\":[{\"@type\":\"ReadAction\",\"target\":[\"https:\/\/www.ghostysky.com\/product\/dji-mini-5-pro-nd-filters-setnd8-32-128\/\"]}]},{\"@type\":\"ImageObject\",\"inLanguage\":\"pt-PT\",\"@id\":\"https:\/\/www.ghostysky.com\/product\/dji-mini-5-pro-nd-filters-setnd8-32-128\/#primaryimage\",\"url\":\"https:\/\/www.ghostysky.com\/wp-content\/uploads\/2025\/10\/GH_DJI-Mini-5-Pro-ND-Filters-Set_ND8_32_128_1.jpg\",\"contentUrl\":\"https:\/\/www.ghostysky.com\/wp-content\/uploads\/2025\/10\/GH_DJI-Mini-5-Pro-ND-Filters-Set_ND8_32_128_1.jpg\",\"width\":800,\"height\":800},{\"@type\":\"BreadcrumbList\",\"@id\":\"https:\/\/www.ghostysky.com\/product\/dji-mini-5-pro-nd-filters-setnd8-32-128\/#breadcrumb\",\"itemListElement\":[{\"@type\":\"ListItem\",\"position\":1,\"name\":\"Home\",\"item\":\"https:\/\/www.ghostysky.com\/\"},{\"@type\":\"ListItem\",\"position\":2,\"name\":\"Shop\",\"item\":\"https:\/\/www.ghostysky.com\/shop\/\"},{\"@type\":\"ListItem\",\"position\":3,\"name\":\"DJI Mini 5 Pro ND Filters Set(ND8\/32\/128)\"}]},{\"@type\":\"WebSite\",\"@id\":\"https:\/\/www.ghostysky.com\/#website\",\"url\":\"https:\/\/www.ghostysky.com\/\",\"name\":\"Ghostysky\",\"description\":\"Delivering professional drones and services\",\"publisher\":{\"@id\":\"https:\/\/www.ghostysky.com\/#organization\"},\"potentialAction\":[{\"@type\":\"SearchAction\",\"target\":{\"@type\":\"EntryPoint\",\"urlTemplate\":\"https:\/\/www.ghostysky.com\/?s={search_term_string}\"},\"query-input\":{\"@type\":\"PropertyValueSpecification\",\"valueRequired\":true,\"valueName\":\"search_term_string\"}}],\"inLanguage\":\"pt-PT\"},{\"@type\":\"Organization\",\"@id\":\"https:\/\/www.ghostysky.com\/#organization\",\"name\":\"Ghostysky\",\"url\":\"https:\/\/www.ghostysky.com\/\",\"logo\":{\"@type\":\"ImageObject\",\"inLanguage\":\"pt-PT\",\"@id\":\"https:\/\/www.ghostysky.com\/#\/schema\/logo\/image\/\",\"url\":\"https:\/\/www.ghostysky.com\/wp-content\/uploads\/2020\/06\/cropped-ghostyskylogo_text_white2.png\",\"contentUrl\":\"https:\/\/www.ghostysky.com\/wp-content\/uploads\/2020\/06\/cropped-ghostyskylogo_text_white2.png\",\"width\":169,\"height\":56,\"caption\":\"Ghostysky\"},\"image\":{\"@id\":\"https:\/\/www.ghostysky.com\/#\/schema\/logo\/image\/\"},\"sameAs\":[\"https:\/\/www.facebook.com\/people\/Ghostysky\/100057676170234\/\",\"https:\/\/x.com\/Gh0stysky\",\"https:\/\/www.linkedin.com\/company\/34739653\",\"https:\/\/www.instagram.com\/gh0stysky\"]}]}<\/script>\n<!-- \/ Yoast SEO plugin. -->","yoast_head_json":{"title":"Conjunto de filtros ND para DJI Mini 5 Pro (ND8\/32\/128) - Ghostysky","description":"O conjunto de filtros ND para DJI Mini 5 Pro oferece controle de luz essencial para fot\u00f3grafos e cinegrafistas a\u00e9reos profissionais que usam o DJI Mini 5 Pro, atuando como &quot;\u00f3culos de sol&quot; para a c\u00e2mera do seu drone. Este conjunto possui tr\u00eas filtros de densidade neutra (ND) de alta qualidade \u2014 ND8, ND32 e ND128 \u2014 permitindo que voc\u00ea gerencie com precis\u00e3o a exposi\u00e7\u00e3o da sua c\u00e2mera em diversas condi\u00e7\u00f5es de ilumina\u00e7\u00e3o intensa sem comprometer a fidelidade das cores.","robots":{"index":"index","follow":"follow","max-snippet":"max-snippet:-1","max-image-preview":"max-image-preview:large","max-video-preview":"max-video-preview:-1"},"canonical":"https:\/\/www.ghostysky.com\/pt\/produto-2\/dji-mini-5-pro-nd-filters-setnd8-32-128\/","og_locale":"pt_PT","og_type":"article","og_title":"DJI Mini 5 Pro ND Filters Set(ND8\/32\/128) - Ghostysky","og_description":"The DJI Mini 5 Pro ND Filters Set provides essential light control for serious aerial photographers and videographers using the DJI Mini 5 Pro, acting as \"sunglasses\" for your drone's camera. This set features three high-quality Neutral Density (ND) filters\u2014ND8, ND32, and ND128\u2014allowing you to precisely manage your camera's exposure in a variety of bright lighting conditions without compromising color fidelity.","og_url":"https:\/\/www.ghostysky.com\/pt\/produto-2\/dji-mini-5-pro-nd-filters-setnd8-32-128\/","og_site_name":"Ghostysky","article_publisher":"https:\/\/www.facebook.com\/people\/Ghostysky\/100057676170234\/","article_modified_time":"2025-10-19T08:23:56+00:00","og_image":[{"width":800,"height":800,"url":"https:\/\/www.ghostysky.com\/wp-content\/uploads\/2025\/10\/GH_DJI-Mini-5-Pro-ND-Filters-Set_ND8_32_128_1.jpg","type":"image\/jpeg"}],"twitter_card":"summary_large_image","twitter_site":"@Gh0stysky","twitter_misc":{"Tempo estimado de leitura":"2 minutos"},"schema":{"@context":"https:\/\/schema.org","@graph":[{"@type":"WebPage","@id":"https:\/\/www.ghostysky.com\/product\/dji-mini-5-pro-nd-filters-setnd8-32-128\/","url":"https:\/\/www.ghostysky.com\/product\/dji-mini-5-pro-nd-filters-setnd8-32-128\/","name":"Conjunto de filtros ND para DJI Mini 5 Pro (ND8\/32\/128) - Ghostysky","isPartOf":{"@id":"https:\/\/www.ghostysky.com\/#website"},"primaryImageOfPage":{"@id":"https:\/\/www.ghostysky.com\/product\/dji-mini-5-pro-nd-filters-setnd8-32-128\/#primaryimage"},"image":{"@id":"https:\/\/www.ghostysky.com\/product\/dji-mini-5-pro-nd-filters-setnd8-32-128\/#primaryimage"},"thumbnailUrl":"https:\/\/www.ghostysky.com\/wp-content\/uploads\/2025\/10\/GH_DJI-Mini-5-Pro-ND-Filters-Set_ND8_32_128_1.jpg","datePublished":"2025-10-19T07:54:43+00:00","dateModified":"2025-10-19T08:23:56+00:00","description":"O conjunto de filtros ND para DJI Mini 5 Pro oferece controle de luz essencial para fot\u00f3grafos e cinegrafistas a\u00e9reos profissionais que usam o DJI Mini 5 Pro, atuando como &quot;\u00f3culos de sol&quot; para a c\u00e2mera do seu drone. Este conjunto possui tr\u00eas filtros de densidade neutra (ND) de alta qualidade \u2014 ND8, ND32 e ND128 \u2014 permitindo que voc\u00ea gerencie com precis\u00e3o a exposi\u00e7\u00e3o da sua c\u00e2mera em diversas condi\u00e7\u00f5es de ilumina\u00e7\u00e3o intensa sem comprometer a fidelidade das cores.","breadcrumb":{"@id":"https:\/\/www.ghostysky.com\/product\/dji-mini-5-pro-nd-filters-setnd8-32-128\/#breadcrumb"},"inLanguage":"pt-PT","potentialAction":[{"@type":"ReadAction","target":["https:\/\/www.ghostysky.com\/product\/dji-mini-5-pro-nd-filters-setnd8-32-128\/"]}]},{"@type":"ImageObject","inLanguage":"pt-PT","@id":"https:\/\/www.ghostysky.com\/product\/dji-mini-5-pro-nd-filters-setnd8-32-128\/#primaryimage","url":"https:\/\/www.ghostysky.com\/wp-content\/uploads\/2025\/10\/GH_DJI-Mini-5-Pro-ND-Filters-Set_ND8_32_128_1.jpg","contentUrl":"https:\/\/www.ghostysky.com\/wp-content\/uploads\/2025\/10\/GH_DJI-Mini-5-Pro-ND-Filters-Set_ND8_32_128_1.jpg","width":800,"height":800},{"@type":"BreadcrumbList","@id":"https:\/\/www.ghostysky.com\/product\/dji-mini-5-pro-nd-filters-setnd8-32-128\/#breadcrumb","itemListElement":[{"@type":"ListItem","position":1,"name":"Home","item":"https:\/\/www.ghostysky.com\/"},{"@type":"ListItem","position":2,"name":"Shop","item":"https:\/\/www.ghostysky.com\/shop\/"},{"@type":"ListItem","position":3,"name":"DJI Mini 5 Pro ND Filters Set(ND8\/32\/128)"}]},{"@type":"WebSite","@id":"https:\/\/www.ghostysky.com\/#website","url":"https:\/\/www.ghostysky.com\/","name":"Ghostysky","description":"Fornecendo drones e servi\u00e7os profissionais","publisher":{"@id":"https:\/\/www.ghostysky.com\/#organization"},"potentialAction":[{"@type":"SearchAction","target":{"@type":"EntryPoint","urlTemplate":"https:\/\/www.ghostysky.com\/?s={search_term_string}"},"query-input":{"@type":"PropertyValueSpecification","valueRequired":true,"valueName":"search_term_string"}}],"inLanguage":"pt-PT"},{"@type":"Organization","@id":"https:\/\/www.ghostysky.com\/#organization","name":"Ghostysky","url":"https:\/\/www.ghostysky.com\/","logo":{"@type":"ImageObject","inLanguage":"pt-PT","@id":"https:\/\/www.ghostysky.com\/#\/schema\/logo\/image\/","url":"https:\/\/www.ghostysky.com\/wp-content\/uploads\/2020\/06\/cropped-ghostyskylogo_text_white2.png","contentUrl":"https:\/\/www.ghostysky.com\/wp-content\/uploads\/2020\/06\/cropped-ghostyskylogo_text_white2.png","width":169,"height":56,"caption":"Ghostysky"},"image":{"@id":"https:\/\/www.ghostysky.com\/#\/schema\/logo\/image\/"},"sameAs":["https:\/\/www.facebook.com\/people\/Ghostysky\/100057676170234\/","https:\/\/x.com\/Gh0stysky","https:\/\/www.linkedin.com\/company\/34739653","https:\/\/www.instagram.com\/gh0stysky"]}]}},"_links":{"self":[{"href":"https:\/\/www.ghostysky.com\/pt\/wp-json\/wp\/v2\/product\/21942","targetHints":{"allow":["GET"]}}],"collection":[{"href":"https:\/\/www.ghostysky.com\/pt\/wp-json\/wp\/v2\/product"}],"about":[{"href":"https:\/\/www.ghostysky.com\/pt\/wp-json\/wp\/v2\/types\/product"}],"replies":[{"embeddable":true,"href":"https:\/\/www.ghostysky.com\/pt\/wp-json\/wp\/v2\/comments?post=21942"}],"wp:featuredmedia":[{"embeddable":true,"href":"https:\/\/www.ghostysky.com\/pt\/wp-json\/wp\/v2\/media\/21945"}],"wp:attachment":[{"href":"https:\/\/www.ghostysky.com\/pt\/wp-json\/wp\/v2\/media?parent=21942"}],"wp:term":[{"taxonomy":"product_brand","embeddable":true,"href":"https:\/\/www.ghostysky.com\/pt\/wp-json\/wp\/v2\/product_brand?post=21942"},{"taxonomy":"product_cat","embeddable":true,"href":"https:\/\/www.ghostysky.com\/pt\/wp-json\/wp\/v2\/product_cat?post=21942"},{"taxonomy":"product_tag","embeddable":true,"href":"https:\/\/www.ghostysky.com\/pt\/wp-json\/wp\/v2\/product_tag?post=21942"}],"curies":[{"name":"wp","href":"https:\/\/api.w.org\/{rel}","templated":true}]}}