{"id":21946,"date":"2025-10-19T08:15:20","date_gmt":"2025-10-19T08:15:20","guid":{"rendered":"https:\/\/www.ghostysky.com\/?post_type=product&#038;p=21946"},"modified":"2025-10-23T13:34:35","modified_gmt":"2025-10-23T13:34:35","slug":"dji-mini-5-pro-intelligent-flight-battery","status":"publish","type":"product","link":"https:\/\/www.ghostysky.com\/pt\/product\/dji-mini-5-pro-intelligent-flight-battery\/","title":{"rendered":"Bateria de voo inteligente DJI Mini 5 Pro"},"content":{"rendered":"<div id=\"model-response-message-contentr_55bc02040a3d26f8\" class=\"markdown markdown-main-panel stronger enable-updated-hr-color\" dir=\"ltr\">\n<div id=\"model-response-message-contentr_7d191a1853b28634\" class=\"markdown markdown-main-panel stronger enable-updated-hr-color\" dir=\"ltr\">\n<div id=\"model-response-message-contentr_4bdeaa6da8c41b15\" class=\"markdown markdown-main-panel stronger enable-updated-hr-color\" dir=\"ltr\">\n<h3><b>Caracter\u00edsticas principais<\/b><\/h3>\n<ul>\n<li><b><span class=\"citation-97\">Tempo de voo prolongado:<\/span><\/b><span class=\"citation-97\"> Fornece ao DJI Mini 5 Pro <\/span><b><span class=\"citation-97\">at\u00e9 36 minutos de tempo de voo<\/span><\/b><span class=\"citation-97 citation-end-97\">, dando a voc\u00ea muitas oportunidades de explorar, compor e tirar a foto perfeita.<\/span><\/li>\n<li><b><span class=\"citation-96\">Integra\u00e7\u00e3o perfeita:<\/span><\/b><span class=\"citation-96 citation-end-96\"> Projetado para funcionar perfeitamente com o DJI Mini 5 Pro, garantindo entrega de pot\u00eancia, desempenho e seguran\u00e7a ideais.<\/span><\/li>\n<li><b>Tecnologia de \u00edons de l\u00edtio:<\/b><span class=\"citation-95\"> Uma bateria de \u00edons de l\u00edtio de alta qualidade com uma <\/span><b><span class=\"citation-95\">Capacidade de 2788 mAh<\/span><\/b><span class=\"citation-95\"> e <\/span><b><span class=\"citation-95\">Classifica\u00e7\u00e3o energ\u00e9tica de 19,52 Wh<\/span><\/b><span class=\"citation-95 citation-end-95\"> para energia consistente e confi\u00e1vel.<\/span><\/li>\n<li><b>Gest\u00e3o Inteligente:<\/b><span class=\"citation-94 citation-end-94\"> O sistema Intelligent Flight Battery permite que voc\u00ea monitore o status da bateria e o tempo restante de voo diretamente pelo aplicativo DJI ou pelo Smart Controller, ajudando voc\u00ea a voar com confian\u00e7a.<\/span><\/li>\n<li><b>Carregamento ideal:<\/b><span class=\"citation-93 citation-end-93\"> Pode ser carregado com seguran\u00e7a dentro de uma faixa de temperatura de <sup class=\"superscript\" data-turn-source-index=\"7\">7<\/sup><\/span><span class=\"math-inline\" data-math=\"5^\\circ\">$5^\\circ$<\/span><span class=\"citation-92 citation-end-92\"> para <sup class=\"superscript\" data-turn-source-index=\"8\">8<\/sup><\/span><span class=\"math-inline\" data-math=\"40^\\circ\">$40^\\circ$<\/span><span class=\"citation-91 citation-end-91\"> C (<sup class=\"superscript\" data-turn-source-index=\"9\">9<\/sup><\/span><span class=\"math-inline\" data-math=\"41^\\circ\">$41^\\circ$<\/span><span class=\"citation-90 citation-end-90\"> para <sup class=\"superscript\" data-turn-source-index=\"10\">10<\/sup><\/span><span class=\"math-inline\" data-math=\"104^\\circ\">$104^\\circ$<\/span><span class=\"citation-89 citation-end-89\"> F).<\/span><\/li>\n<\/ul>\n<p>Tenha uma bateria de voo inteligente extra \u00e0 m\u00e3o para garantir que voc\u00ea nunca perca um momento de suas aventuras a\u00e9reas.<\/p>\n<\/div>\n<\/div>\n<\/div>","protected":false},"excerpt":{"rendered":"<p><span class=\"citation-99 citation-end-99\">Amplie seu alcance criativo e maximize seu tempo de voo com a bateria de voo inteligente oficial do DJI Mini 5 Pro.<\/span> <span class=\"citation-98 citation-end-98\">Projetado especificamente para o DJI Mini 5 Pro, este acess\u00f3rio essencial fornece a pot\u00eancia confi\u00e1vel que voc\u00ea precisa para capturar imagens impressionantes durante um \u00fanico voo ininterrupto.<\/span><\/p>","protected":false},"featured_media":21949,"comment_status":"open","ping_status":"closed","template":"","meta":[],"product_brand":[1031],"product_cat":[37,1133,1137],"product_tag":[42,1138,1135],"class_list":{"0":"post-21946","1":"product","2":"type-product","3":"status-publish","4":"has-post-thumbnail","6":"product_brand-dji","7":"product_cat-dji","8":"product_cat-dji-mini-5-pro","9":"product_cat-dji-mini-5-pro-accessories","10":"product_tag-dji","11":"product_tag-dji-mini-5-pro-accessories","12":"product_tag-dji-mini-5-pro-series","14":"first","15":"instock","16":"taxable","17":"shipping-taxable","18":"purchasable","19":"product-type-simple"},"yoast_head":"<!-- This site is optimized with the Yoast SEO plugin v27.1.1 - https:\/\/yoast.com\/product\/yoast-seo-wordpress\/ -->\n<title>DJI Mini 5 Pro Intelligent Flight Battery - Ghostysky<\/title>\n<meta name=\"description\" content=\"Extend your creative range and maximize your air time with the official DJI Mini 5 Pro Intelligent Flight Battery. Designed specifically for the DJI Mini 5 Pro, this essential accessory provides the reliable power you need to capture stunning footage during a single, uninterrupted flight.\" \/>\n<meta name=\"robots\" content=\"index, follow, max-snippet:-1, max-image-preview:large, max-video-preview:-1\" \/>\n<link rel=\"canonical\" href=\"https:\/\/www.ghostysky.com\/pt\/produto-2\/dji-mini-5-pro-intelligent-flight-battery\/\" \/>\n<meta property=\"og:locale\" content=\"pt_PT\" \/>\n<meta property=\"og:type\" content=\"article\" \/>\n<meta property=\"og:title\" content=\"DJI Mini 5 Pro Intelligent Flight Battery - Ghostysky\" \/>\n<meta property=\"og:description\" content=\"Extend your creative range and maximize your air time with the official DJI Mini 5 Pro Intelligent Flight Battery. Designed specifically for the DJI Mini 5 Pro, this essential accessory provides the reliable power you need to capture stunning footage during a single, uninterrupted flight.\" \/>\n<meta property=\"og:url\" content=\"https:\/\/www.ghostysky.com\/pt\/produto-2\/dji-mini-5-pro-intelligent-flight-battery\/\" \/>\n<meta property=\"og:site_name\" content=\"Ghostysky\" \/>\n<meta property=\"article:publisher\" content=\"https:\/\/www.facebook.com\/people\/Ghostysky\/100057676170234\/\" \/>\n<meta property=\"article:modified_time\" content=\"2025-10-23T13:34:35+00:00\" \/>\n<meta property=\"og:image\" content=\"https:\/\/www.ghostysky.com\/wp-content\/uploads\/2025\/10\/GH_DJI-Mini-5-Pro-Intelligent-Flight-Battery_1.jpg\" \/>\n\t<meta property=\"og:image:width\" content=\"800\" \/>\n\t<meta property=\"og:image:height\" content=\"800\" \/>\n\t<meta property=\"og:image:type\" content=\"image\/jpeg\" \/>\n<meta name=\"twitter:card\" content=\"summary_large_image\" \/>\n<meta name=\"twitter:site\" content=\"@Gh0stysky\" \/>\n<meta name=\"twitter:label1\" content=\"Tempo estimado de leitura\" \/>\n\t<meta name=\"twitter:data1\" content=\"1 minuto\" \/>\n<script type=\"application\/ld+json\" class=\"yoast-schema-graph\">{\"@context\":\"https:\/\/schema.org\",\"@graph\":[{\"@type\":\"WebPage\",\"@id\":\"https:\/\/www.ghostysky.com\/product\/dji-mini-5-pro-intelligent-flight-battery\/\",\"url\":\"https:\/\/www.ghostysky.com\/product\/dji-mini-5-pro-intelligent-flight-battery\/\",\"name\":\"DJI Mini 5 Pro Intelligent Flight Battery - Ghostysky\",\"isPartOf\":{\"@id\":\"https:\/\/www.ghostysky.com\/#website\"},\"primaryImageOfPage\":{\"@id\":\"https:\/\/www.ghostysky.com\/product\/dji-mini-5-pro-intelligent-flight-battery\/#primaryimage\"},\"image\":{\"@id\":\"https:\/\/www.ghostysky.com\/product\/dji-mini-5-pro-intelligent-flight-battery\/#primaryimage\"},\"thumbnailUrl\":\"https:\/\/www.ghostysky.com\/wp-content\/uploads\/2025\/10\/GH_DJI-Mini-5-Pro-Intelligent-Flight-Battery_1.jpg\",\"datePublished\":\"2025-10-19T08:15:20+00:00\",\"dateModified\":\"2025-10-23T13:34:35+00:00\",\"description\":\"Extend your creative range and maximize your air time with the official DJI Mini 5 Pro Intelligent Flight Battery. Designed specifically for the DJI Mini 5 Pro, this essential accessory provides the reliable power you need to capture stunning footage during a single, uninterrupted flight.\",\"breadcrumb\":{\"@id\":\"https:\/\/www.ghostysky.com\/product\/dji-mini-5-pro-intelligent-flight-battery\/#breadcrumb\"},\"inLanguage\":\"pt-PT\",\"potentialAction\":[{\"@type\":\"ReadAction\",\"target\":[\"https:\/\/www.ghostysky.com\/product\/dji-mini-5-pro-intelligent-flight-battery\/\"]}]},{\"@type\":\"ImageObject\",\"inLanguage\":\"pt-PT\",\"@id\":\"https:\/\/www.ghostysky.com\/product\/dji-mini-5-pro-intelligent-flight-battery\/#primaryimage\",\"url\":\"https:\/\/www.ghostysky.com\/wp-content\/uploads\/2025\/10\/GH_DJI-Mini-5-Pro-Intelligent-Flight-Battery_1.jpg\",\"contentUrl\":\"https:\/\/www.ghostysky.com\/wp-content\/uploads\/2025\/10\/GH_DJI-Mini-5-Pro-Intelligent-Flight-Battery_1.jpg\",\"width\":800,\"height\":800},{\"@type\":\"BreadcrumbList\",\"@id\":\"https:\/\/www.ghostysky.com\/product\/dji-mini-5-pro-intelligent-flight-battery\/#breadcrumb\",\"itemListElement\":[{\"@type\":\"ListItem\",\"position\":1,\"name\":\"Home\",\"item\":\"https:\/\/www.ghostysky.com\/\"},{\"@type\":\"ListItem\",\"position\":2,\"name\":\"Shop\",\"item\":\"https:\/\/www.ghostysky.com\/shop\/\"},{\"@type\":\"ListItem\",\"position\":3,\"name\":\"DJI Mini 5 Pro Intelligent Flight Battery\"}]},{\"@type\":\"WebSite\",\"@id\":\"https:\/\/www.ghostysky.com\/#website\",\"url\":\"https:\/\/www.ghostysky.com\/\",\"name\":\"Ghostysky\",\"description\":\"Delivering professional drones and services\",\"publisher\":{\"@id\":\"https:\/\/www.ghostysky.com\/#organization\"},\"potentialAction\":[{\"@type\":\"SearchAction\",\"target\":{\"@type\":\"EntryPoint\",\"urlTemplate\":\"https:\/\/www.ghostysky.com\/?s={search_term_string}\"},\"query-input\":{\"@type\":\"PropertyValueSpecification\",\"valueRequired\":true,\"valueName\":\"search_term_string\"}}],\"inLanguage\":\"pt-PT\"},{\"@type\":\"Organization\",\"@id\":\"https:\/\/www.ghostysky.com\/#organization\",\"name\":\"Ghostysky\",\"url\":\"https:\/\/www.ghostysky.com\/\",\"logo\":{\"@type\":\"ImageObject\",\"inLanguage\":\"pt-PT\",\"@id\":\"https:\/\/www.ghostysky.com\/#\/schema\/logo\/image\/\",\"url\":\"https:\/\/www.ghostysky.com\/wp-content\/uploads\/2020\/06\/cropped-ghostyskylogo_text_white2.png\",\"contentUrl\":\"https:\/\/www.ghostysky.com\/wp-content\/uploads\/2020\/06\/cropped-ghostyskylogo_text_white2.png\",\"width\":169,\"height\":56,\"caption\":\"Ghostysky\"},\"image\":{\"@id\":\"https:\/\/www.ghostysky.com\/#\/schema\/logo\/image\/\"},\"sameAs\":[\"https:\/\/www.facebook.com\/people\/Ghostysky\/100057676170234\/\",\"https:\/\/x.com\/Gh0stysky\",\"https:\/\/www.linkedin.com\/company\/34739653\",\"https:\/\/www.instagram.com\/gh0stysky\"]}]}<\/script>\n<!-- \/ Yoast SEO plugin. -->","yoast_head_json":{"title":"Bateria de voo inteligente DJI Mini 5 Pro - Ghostysky","description":"Amplie sua criatividade e maximize seu tempo de voo com a Bateria de Voo Inteligente oficial do DJI Mini 5 Pro. Projetada especificamente para o DJI Mini 5 Pro, este acess\u00f3rio essencial oferece a energia confi\u00e1vel necess\u00e1ria para capturar imagens impressionantes durante um voo \u00fanico e ininterrupto.","robots":{"index":"index","follow":"follow","max-snippet":"max-snippet:-1","max-image-preview":"max-image-preview:large","max-video-preview":"max-video-preview:-1"},"canonical":"https:\/\/www.ghostysky.com\/pt\/produto-2\/dji-mini-5-pro-intelligent-flight-battery\/","og_locale":"pt_PT","og_type":"article","og_title":"DJI Mini 5 Pro Intelligent Flight Battery - Ghostysky","og_description":"Extend your creative range and maximize your air time with the official DJI Mini 5 Pro Intelligent Flight Battery. Designed specifically for the DJI Mini 5 Pro, this essential accessory provides the reliable power you need to capture stunning footage during a single, uninterrupted flight.","og_url":"https:\/\/www.ghostysky.com\/pt\/produto-2\/dji-mini-5-pro-intelligent-flight-battery\/","og_site_name":"Ghostysky","article_publisher":"https:\/\/www.facebook.com\/people\/Ghostysky\/100057676170234\/","article_modified_time":"2025-10-23T13:34:35+00:00","og_image":[{"width":800,"height":800,"url":"https:\/\/www.ghostysky.com\/wp-content\/uploads\/2025\/10\/GH_DJI-Mini-5-Pro-Intelligent-Flight-Battery_1.jpg","type":"image\/jpeg"}],"twitter_card":"summary_large_image","twitter_site":"@Gh0stysky","twitter_misc":{"Tempo estimado de leitura":"1 minuto"},"schema":{"@context":"https:\/\/schema.org","@graph":[{"@type":"WebPage","@id":"https:\/\/www.ghostysky.com\/product\/dji-mini-5-pro-intelligent-flight-battery\/","url":"https:\/\/www.ghostysky.com\/product\/dji-mini-5-pro-intelligent-flight-battery\/","name":"Bateria de voo inteligente DJI Mini 5 Pro - Ghostysky","isPartOf":{"@id":"https:\/\/www.ghostysky.com\/#website"},"primaryImageOfPage":{"@id":"https:\/\/www.ghostysky.com\/product\/dji-mini-5-pro-intelligent-flight-battery\/#primaryimage"},"image":{"@id":"https:\/\/www.ghostysky.com\/product\/dji-mini-5-pro-intelligent-flight-battery\/#primaryimage"},"thumbnailUrl":"https:\/\/www.ghostysky.com\/wp-content\/uploads\/2025\/10\/GH_DJI-Mini-5-Pro-Intelligent-Flight-Battery_1.jpg","datePublished":"2025-10-19T08:15:20+00:00","dateModified":"2025-10-23T13:34:35+00:00","description":"Amplie sua criatividade e maximize seu tempo de voo com a Bateria de Voo Inteligente oficial do DJI Mini 5 Pro. Projetada especificamente para o DJI Mini 5 Pro, este acess\u00f3rio essencial oferece a energia confi\u00e1vel necess\u00e1ria para capturar imagens impressionantes durante um voo \u00fanico e ininterrupto.","breadcrumb":{"@id":"https:\/\/www.ghostysky.com\/product\/dji-mini-5-pro-intelligent-flight-battery\/#breadcrumb"},"inLanguage":"pt-PT","potentialAction":[{"@type":"ReadAction","target":["https:\/\/www.ghostysky.com\/product\/dji-mini-5-pro-intelligent-flight-battery\/"]}]},{"@type":"ImageObject","inLanguage":"pt-PT","@id":"https:\/\/www.ghostysky.com\/product\/dji-mini-5-pro-intelligent-flight-battery\/#primaryimage","url":"https:\/\/www.ghostysky.com\/wp-content\/uploads\/2025\/10\/GH_DJI-Mini-5-Pro-Intelligent-Flight-Battery_1.jpg","contentUrl":"https:\/\/www.ghostysky.com\/wp-content\/uploads\/2025\/10\/GH_DJI-Mini-5-Pro-Intelligent-Flight-Battery_1.jpg","width":800,"height":800},{"@type":"BreadcrumbList","@id":"https:\/\/www.ghostysky.com\/product\/dji-mini-5-pro-intelligent-flight-battery\/#breadcrumb","itemListElement":[{"@type":"ListItem","position":1,"name":"Home","item":"https:\/\/www.ghostysky.com\/"},{"@type":"ListItem","position":2,"name":"Shop","item":"https:\/\/www.ghostysky.com\/shop\/"},{"@type":"ListItem","position":3,"name":"DJI Mini 5 Pro Intelligent Flight Battery"}]},{"@type":"WebSite","@id":"https:\/\/www.ghostysky.com\/#website","url":"https:\/\/www.ghostysky.com\/","name":"Ghostysky","description":"Fornecendo drones e servi\u00e7os profissionais","publisher":{"@id":"https:\/\/www.ghostysky.com\/#organization"},"potentialAction":[{"@type":"SearchAction","target":{"@type":"EntryPoint","urlTemplate":"https:\/\/www.ghostysky.com\/?s={search_term_string}"},"query-input":{"@type":"PropertyValueSpecification","valueRequired":true,"valueName":"search_term_string"}}],"inLanguage":"pt-PT"},{"@type":"Organization","@id":"https:\/\/www.ghostysky.com\/#organization","name":"Ghostysky","url":"https:\/\/www.ghostysky.com\/","logo":{"@type":"ImageObject","inLanguage":"pt-PT","@id":"https:\/\/www.ghostysky.com\/#\/schema\/logo\/image\/","url":"https:\/\/www.ghostysky.com\/wp-content\/uploads\/2020\/06\/cropped-ghostyskylogo_text_white2.png","contentUrl":"https:\/\/www.ghostysky.com\/wp-content\/uploads\/2020\/06\/cropped-ghostyskylogo_text_white2.png","width":169,"height":56,"caption":"Ghostysky"},"image":{"@id":"https:\/\/www.ghostysky.com\/#\/schema\/logo\/image\/"},"sameAs":["https:\/\/www.facebook.com\/people\/Ghostysky\/100057676170234\/","https:\/\/x.com\/Gh0stysky","https:\/\/www.linkedin.com\/company\/34739653","https:\/\/www.instagram.com\/gh0stysky"]}]}},"_links":{"self":[{"href":"https:\/\/www.ghostysky.com\/pt\/wp-json\/wp\/v2\/product\/21946","targetHints":{"allow":["GET"]}}],"collection":[{"href":"https:\/\/www.ghostysky.com\/pt\/wp-json\/wp\/v2\/product"}],"about":[{"href":"https:\/\/www.ghostysky.com\/pt\/wp-json\/wp\/v2\/types\/product"}],"replies":[{"embeddable":true,"href":"https:\/\/www.ghostysky.com\/pt\/wp-json\/wp\/v2\/comments?post=21946"}],"wp:featuredmedia":[{"embeddable":true,"href":"https:\/\/www.ghostysky.com\/pt\/wp-json\/wp\/v2\/media\/21949"}],"wp:attachment":[{"href":"https:\/\/www.ghostysky.com\/pt\/wp-json\/wp\/v2\/media?parent=21946"}],"wp:term":[{"taxonomy":"product_brand","embeddable":true,"href":"https:\/\/www.ghostysky.com\/pt\/wp-json\/wp\/v2\/product_brand?post=21946"},{"taxonomy":"product_cat","embeddable":true,"href":"https:\/\/www.ghostysky.com\/pt\/wp-json\/wp\/v2\/product_cat?post=21946"},{"taxonomy":"product_tag","embeddable":true,"href":"https:\/\/www.ghostysky.com\/pt\/wp-json\/wp\/v2\/product_tag?post=21946"}],"curies":[{"name":"wp","href":"https:\/\/api.w.org\/{rel}","templated":true}]}}