{"id":21968,"date":"2025-10-19T09:08:14","date_gmt":"2025-10-19T09:08:14","guid":{"rendered":"https:\/\/www.ghostysky.com\/?post_type=product&#038;p=21968"},"modified":"2025-10-19T09:11:58","modified_gmt":"2025-10-19T09:11:58","slug":"ouster-osdome-128-rev7","status":"publish","type":"product","link":"https:\/\/www.ghostysky.com\/pt\/product\/ouster-osdome-128-rev7\/","title":{"rendered":"Ouster OSDome-128 Rev7"},"content":{"rendered":"<div id=\"model-response-message-contentr_8cade3a3a392d67c\" class=\"markdown markdown-main-panel stronger enable-updated-hr-color\" dir=\"ltr\">\n<h3><b>Principais caracter\u00edsticas e especifica\u00e7\u00f5es<\/b><\/h3>\n<ul>\n<li><b><span class=\"citation-185\">Campo de vis\u00e3o hemisf\u00e9rico completo (FoV):<\/span><\/b><span class=\"citation-185 citation-end-185\"> Oferece uma experi\u00eancia incompar\u00e1vel <\/span><b><span class=\"math-inline\" data-math=\"180^\\circ\"><span class=\"katex\"><span class=\"katex-html\" aria-hidden=\"true\"><span class=\"base\"><span class=\"mord\">18<\/span><span class=\"mord\">0<span class=\"msupsub\"><span class=\"vlist-t\"><span class=\"vlist-r\"><span class=\"vlist\"><span class=\"\"><span class=\"sizing reset-size6 size3 mtight\"><span class=\"mbin mtight\">\u2218<\/span><\/span><\/span><\/span><\/span><\/span><\/span><\/span><\/span><\/span><\/span><\/span><span class=\"citation-184\"> vertical<\/span><\/b><span class=\"citation-184 citation-end-184\"> por <\/span><b><span class=\"math-inline\" data-math=\"360^\\circ\"><span class=\"katex\"><span class=\"katex-html\" aria-hidden=\"true\"><span class=\"base\"><span class=\"mord\">36<\/span><span class=\"mord\">0<span class=\"msupsub\"><span class=\"vlist-t\"><span class=\"vlist-r\"><span class=\"vlist\"><span class=\"\"><span class=\"sizing reset-size6 size3 mtight\"><span class=\"mbin mtight\">\u2218<\/span><\/span><\/span><\/span><\/span><\/span><\/span><\/span><\/span><\/span><\/span><\/span><span class=\"citation-183\"> horizontal<\/span><\/b><span class=\"citation-183 citation-end-183\"> Campo de vis\u00e3o, proporcionando cobertura completa do ch\u00e3o ao teto.<\/span> <span class=\"citation-182 citation-end-182\">Este design exclusivo em formato de c\u00fapula \u00e9 ideal para eliminar pontos cegos em ambientes lotados ou complexos.<\/span><\/li>\n<li><b><span class=\"citation-181\">Alta resolu\u00e7\u00e3o:<\/span><\/b><span class=\"citation-181\"> Recursos <\/span><b><span class=\"citation-181\">128 canais verticais<\/span><\/b><span class=\"citation-181 citation-end-181\"> (camadas), fornecendo detalhes excepcionais para mapeamento 3D preciso, classifica\u00e7\u00e3o de objetos e rastreamento.<\/span> <span class=\"citation-180\">Ele gera at\u00e9 <\/span><b><span class=\"citation-180\">5,2 milh\u00f5es de pontos por segundo<\/span><\/b><span class=\"citation-180 citation-end-180\">.<\/span><\/li>\n<li><b>Alcance e precis\u00e3o aprimorados:<\/b> O OSDome (Rev7) tem um alcance m\u00e1ximo de at\u00e9 <span class=\"math-inline\" data-math=\"\\sim 45\"><span class=\"katex\"><span class=\"katex-html\" aria-hidden=\"true\"><span class=\"base\"><span class=\"mrel\">\u223c<\/span><\/span><span class=\"base\"><span class=\"mord\">45<\/span><\/span><\/span><\/span><\/span> metros e uma faixa t\u00edpica de <b><span class=\"math-inline\" data-math=\"20\"><span class=\"katex\"><span class=\"katex-html\" aria-hidden=\"true\"><span class=\"base\"><span class=\"mord\">20<\/span><\/span><\/span><\/span><\/span> metros<\/b> em um <span class=\"math-inline\" data-math=\"10\\%\"><span class=\"katex\"><span class=\"katex-html\" aria-hidden=\"true\"><span class=\"base\"><span class=\"mord\">10%<\/span><\/span><\/span><\/span><\/span> alvo reflexivo, tornando-o perfeito para ambientes internos, infraestrutura inteligente e rob\u00f3tica de curto alcance.<\/li>\n<li><b><span class=\"citation-179\">Chip LiDAR digital L3:<\/span><\/b><span class=\"citation-179 citation-end-179\"> Este chip de \u00faltima gera\u00e7\u00e3o melhora significativamente o desempenho com:<\/span>\n<ul>\n<li><b><span class=\"math-inline\" data-math=\"10\\times\"><span class=\"katex\"><span class=\"katex-html\" aria-hidden=\"true\"><span class=\"base\"><span class=\"mord\">10<\/span><span class=\"mord\">\u00d7<\/span><\/span><\/span><\/span><\/span><span class=\"citation-178\"> aumentar<\/span><\/b><span class=\"citation-178 citation-end-178\"> na sensibilidade de f\u00f3tons.<\/span><\/li>\n<li><b><span class=\"citation-177\">Retornos duplos de alta precis\u00e3o<\/span><\/b><span class=\"citation-177 citation-end-177\"> para detec\u00e7\u00e3o aprimorada de objetos.<\/span><\/li>\n<li><span class=\"citation-176 citation-end-176\">Detec\u00e7\u00e3o aprimorada de objetos desafiadores (como ve\u00edculos pretos, pneus ou cabos pequenos).<\/span><\/li>\n<\/ul>\n<\/li>\n<li><b><span class=\"citation-175\">Design robusto e confi\u00e1vel:<\/span><\/b><span class=\"citation-175\"> Constru\u00eddo com a arquitetura digital simples da Ouster e componentes de n\u00edvel automotivo, o sensor \u00e9 classificado <\/span><b><span class=\"citation-175\">IP68 e IP69K<\/span><\/b><span class=\"citation-175 citation-end-175\">, tornando-o resistente a condi\u00e7\u00f5es extremas, choques, vibra\u00e7\u00f5es e at\u00e9 mesmo lavagem sob press\u00e3o.<\/span><\/li>\n<li><b>Fator de forma discreto e compacto:<\/b><span class=\"citation-174 citation-end-174\"> Seu tamanho f\u00edsico pequeno, semelhante a uma c\u00fapula, permite uma integra\u00e7\u00e3o discreta em tetos, infraestrutura ou na carroceria de um ve\u00edculo, integrando-se perfeitamente ao ambiente.<\/span><\/li>\n<li><b>Aplica\u00e7\u00f5es vers\u00e1teis:<\/b> Ideal para:\n<ul>\n<li><b>Infraestrutura Inteligente:<\/b><span class=\"citation-173\"> An\u00e1lise de multid\u00f5es, monitoramento de ocupa\u00e7\u00e3o e seguran\u00e7a\/detec\u00e7\u00e3o de intrusos com <\/span><b><span class=\"citation-173\">rastreamento de pessoas que preservam a privacidade<\/span><\/b><span class=\"citation-173 citation-end-173\"> (usa dados espaciais, n\u00e3o imagens faciais).<\/span><\/li>\n<li><b><span class=\"citation-172\">Rob\u00f3tica e Industrial:<\/span><\/b><span class=\"citation-172 citation-end-172\"> Automa\u00e7\u00e3o de armaz\u00e9m, rob\u00f4s m\u00f3veis aut\u00f4nomos (AMRs), consci\u00eancia situacional de empilhadeiras com visibilidade do ch\u00e3o ao teto e movimenta\u00e7\u00e3o de materiais.<\/span><\/li>\n<\/ul>\n<\/li>\n<\/ul>\n<p>O OSDome-128 Rev7 \u00e9 a solu\u00e7\u00e3o definitiva para aplica\u00e7\u00f5es que exigem alta fidelidade, ampla percep\u00e7\u00e3o espacial com durabilidade incompar\u00e1vel e ocupa\u00e7\u00e3o m\u00ednima.<\/p>\n<\/div>","protected":false},"excerpt":{"rendered":"<p><span class=\"citation-187 citation-end-187\">O Ouster OSDome-128 Rev7 \u00e9 um sensor LiDAR digital de \u00faltima gera\u00e7\u00e3o projetado para percep\u00e7\u00e3o espacial abrangente e de alta resolu\u00e7\u00e3o, destacando-se particularmente em aplica\u00e7\u00f5es de curto a m\u00e9dio alcance.<\/span> <span class=\"citation-186\">Parte da fam\u00edlia REV7 avan\u00e7ada da Ouster, alimentada pela tecnologia propriet\u00e1ria <\/span><b><span class=\"citation-186\">Chip L3<\/span><\/b><span class=\"citation-186 citation-end-186\">, o OSDome-128 foi projetado para eliminar pontos cegos e fornecer cobertura hemisf\u00e9rica completa.<\/span><\/p>","protected":false},"featured_media":21963,"comment_status":"open","ping_status":"closed","template":"","meta":[],"product_brand":[1140],"product_cat":[1139,1037,1040],"product_tag":[1142,1141],"class_list":{"0":"post-21968","1":"product","2":"type-product","3":"status-publish","4":"has-post-thumbnail","6":"product_brand-ouster","7":"product_cat-ouster-lidars","8":"product_cat-robotics","9":"product_cat-sensors-robotics","10":"product_tag-ouster-dome-lidar","11":"product_tag-ouster-lidars","13":"first","14":"onbackorder","15":"taxable","16":"shipping-taxable","17":"purchasable","18":"product-type-simple"},"yoast_head":"<!-- This site is optimized with the Yoast SEO plugin v27.4 - https:\/\/yoast.com\/product\/yoast-seo-wordpress\/ -->\n<title>Ouster OSDome-128 Rev7 - Ghostysky<\/title>\n<meta name=\"description\" content=\"The Ouster OSDome-128 Rev7 is a cutting-edge digital LiDAR sensor engineered for comprehensive, high-resolution spatial perception, particularly excelling in short to medium-range applications. Part of Ouster&#039;s advanced REV7 family powered by the proprietary L3 chip, the OSDome-128 is designed to eliminate blind spots and provide full hemispherical coverage.\" \/>\n<meta name=\"robots\" content=\"index, follow, max-snippet:-1, max-image-preview:large, max-video-preview:-1\" \/>\n<link rel=\"canonical\" href=\"https:\/\/www.ghostysky.com\/pt\/produto-2\/ouster-osdome-128-rev7\/\" \/>\n<meta property=\"og:locale\" content=\"pt_PT\" \/>\n<meta property=\"og:type\" content=\"article\" \/>\n<meta property=\"og:title\" content=\"Ouster OSDome-128 Rev7 - Ghostysky\" \/>\n<meta property=\"og:description\" content=\"The Ouster OSDome-128 Rev7 is a cutting-edge digital LiDAR sensor engineered for comprehensive, high-resolution spatial perception, particularly excelling in short to medium-range applications. Part of Ouster&#039;s advanced REV7 family powered by the proprietary L3 chip, the OSDome-128 is designed to eliminate blind spots and provide full hemispherical coverage.\" \/>\n<meta property=\"og:url\" content=\"https:\/\/www.ghostysky.com\/pt\/produto-2\/ouster-osdome-128-rev7\/\" \/>\n<meta property=\"og:site_name\" content=\"Ghostysky\" \/>\n<meta property=\"article:publisher\" content=\"https:\/\/www.facebook.com\/people\/Ghostysky\/100057676170234\/\" \/>\n<meta property=\"article:modified_time\" content=\"2025-10-19T09:11:58+00:00\" \/>\n<meta property=\"og:image\" content=\"https:\/\/www.ghostysky.com\/wp-content\/uploads\/2025\/10\/GH_Ouster-osdome-lidar-rev-7_1.webp\" \/>\n\t<meta property=\"og:image:width\" content=\"550\" \/>\n\t<meta property=\"og:image:height\" content=\"550\" \/>\n\t<meta property=\"og:image:type\" content=\"image\/webp\" \/>\n<meta name=\"twitter:card\" content=\"summary_large_image\" \/>\n<meta name=\"twitter:site\" content=\"@Gh0stysky\" \/>\n<meta name=\"twitter:label1\" content=\"Tempo estimado de leitura\" \/>\n\t<meta name=\"twitter:data1\" content=\"2 minutos\" \/>\n<script type=\"application\/ld+json\" class=\"yoast-schema-graph\">{\"@context\":\"https:\\\/\\\/schema.org\",\"@graph\":[{\"@type\":\"WebPage\",\"@id\":\"https:\\\/\\\/www.ghostysky.com\\\/product\\\/ouster-osdome-128-rev7\\\/\",\"url\":\"https:\\\/\\\/www.ghostysky.com\\\/product\\\/ouster-osdome-128-rev7\\\/\",\"name\":\"Ouster OSDome-128 Rev7 - Ghostysky\",\"isPartOf\":{\"@id\":\"https:\\\/\\\/www.ghostysky.com\\\/#website\"},\"primaryImageOfPage\":{\"@id\":\"https:\\\/\\\/www.ghostysky.com\\\/product\\\/ouster-osdome-128-rev7\\\/#primaryimage\"},\"image\":{\"@id\":\"https:\\\/\\\/www.ghostysky.com\\\/product\\\/ouster-osdome-128-rev7\\\/#primaryimage\"},\"thumbnailUrl\":\"https:\\\/\\\/www.ghostysky.com\\\/wp-content\\\/uploads\\\/2025\\\/10\\\/GH_Ouster-osdome-lidar-rev-7_1.webp\",\"datePublished\":\"2025-10-19T09:08:14+00:00\",\"dateModified\":\"2025-10-19T09:11:58+00:00\",\"description\":\"The Ouster OSDome-128 Rev7 is a cutting-edge digital LiDAR sensor engineered for comprehensive, high-resolution spatial perception, particularly excelling in short to medium-range applications. Part of Ouster's advanced REV7 family powered by the proprietary L3 chip, the OSDome-128 is designed to eliminate blind spots and provide full hemispherical coverage.\",\"breadcrumb\":{\"@id\":\"https:\\\/\\\/www.ghostysky.com\\\/product\\\/ouster-osdome-128-rev7\\\/#breadcrumb\"},\"inLanguage\":\"pt-PT\",\"potentialAction\":[{\"@type\":\"ReadAction\",\"target\":[\"https:\\\/\\\/www.ghostysky.com\\\/product\\\/ouster-osdome-128-rev7\\\/\"]}]},{\"@type\":\"ImageObject\",\"inLanguage\":\"pt-PT\",\"@id\":\"https:\\\/\\\/www.ghostysky.com\\\/product\\\/ouster-osdome-128-rev7\\\/#primaryimage\",\"url\":\"https:\\\/\\\/www.ghostysky.com\\\/wp-content\\\/uploads\\\/2025\\\/10\\\/GH_Ouster-osdome-lidar-rev-7_1.webp\",\"contentUrl\":\"https:\\\/\\\/www.ghostysky.com\\\/wp-content\\\/uploads\\\/2025\\\/10\\\/GH_Ouster-osdome-lidar-rev-7_1.webp\",\"width\":550,\"height\":550},{\"@type\":\"BreadcrumbList\",\"@id\":\"https:\\\/\\\/www.ghostysky.com\\\/product\\\/ouster-osdome-128-rev7\\\/#breadcrumb\",\"itemListElement\":[{\"@type\":\"ListItem\",\"position\":1,\"name\":\"Home\",\"item\":\"https:\\\/\\\/www.ghostysky.com\\\/\"},{\"@type\":\"ListItem\",\"position\":2,\"name\":\"Shop\",\"item\":\"https:\\\/\\\/www.ghostysky.com\\\/shop\\\/\"},{\"@type\":\"ListItem\",\"position\":3,\"name\":\"Ouster OSDome-128 Rev7\"}]},{\"@type\":\"WebSite\",\"@id\":\"https:\\\/\\\/www.ghostysky.com\\\/#website\",\"url\":\"https:\\\/\\\/www.ghostysky.com\\\/\",\"name\":\"Ghostysky\",\"description\":\"Delivering professional drones and robotics solutions\",\"publisher\":{\"@id\":\"https:\\\/\\\/www.ghostysky.com\\\/#organization\"},\"potentialAction\":[{\"@type\":\"SearchAction\",\"target\":{\"@type\":\"EntryPoint\",\"urlTemplate\":\"https:\\\/\\\/www.ghostysky.com\\\/?s={search_term_string}\"},\"query-input\":{\"@type\":\"PropertyValueSpecification\",\"valueRequired\":true,\"valueName\":\"search_term_string\"}}],\"inLanguage\":\"pt-PT\"},{\"@type\":\"Organization\",\"@id\":\"https:\\\/\\\/www.ghostysky.com\\\/#organization\",\"name\":\"Ghostysky\",\"url\":\"https:\\\/\\\/www.ghostysky.com\\\/\",\"logo\":{\"@type\":\"ImageObject\",\"inLanguage\":\"pt-PT\",\"@id\":\"https:\\\/\\\/www.ghostysky.com\\\/#\\\/schema\\\/logo\\\/image\\\/\",\"url\":\"https:\\\/\\\/www.ghostysky.com\\\/wp-content\\\/uploads\\\/2020\\\/06\\\/cropped-ghostyskylogo_text_white2.png\",\"contentUrl\":\"https:\\\/\\\/www.ghostysky.com\\\/wp-content\\\/uploads\\\/2020\\\/06\\\/cropped-ghostyskylogo_text_white2.png\",\"width\":169,\"height\":56,\"caption\":\"Ghostysky\"},\"image\":{\"@id\":\"https:\\\/\\\/www.ghostysky.com\\\/#\\\/schema\\\/logo\\\/image\\\/\"},\"sameAs\":[\"https:\\\/\\\/www.facebook.com\\\/people\\\/Ghostysky\\\/100057676170234\\\/\",\"https:\\\/\\\/x.com\\\/Gh0stysky\",\"https:\\\/\\\/www.linkedin.com\\\/company\\\/34739653\",\"https:\\\/\\\/www.instagram.com\\\/gh0stysky\"]}]}<\/script>\n<!-- \/ Yoast SEO plugin. -->","yoast_head_json":{"title":"Ouster OSDome-128 Rev7 - Ghostysky","description":"O Ouster OSDome-128 Rev7 \u00e9 um sensor LiDAR digital de \u00faltima gera\u00e7\u00e3o, projetado para percep\u00e7\u00e3o espacial abrangente e de alta resolu\u00e7\u00e3o, destacando-se especialmente em aplica\u00e7\u00f5es de curto e m\u00e9dio alcance. Parte da avan\u00e7ada fam\u00edlia REV7 da Ouster, equipada com o chip L3 propriet\u00e1rio, o OSDome-128 foi projetado para eliminar pontos cegos e fornecer cobertura hemisf\u00e9rica completa.","robots":{"index":"index","follow":"follow","max-snippet":"max-snippet:-1","max-image-preview":"max-image-preview:large","max-video-preview":"max-video-preview:-1"},"canonical":"https:\/\/www.ghostysky.com\/pt\/produto-2\/ouster-osdome-128-rev7\/","og_locale":"pt_PT","og_type":"article","og_title":"Ouster OSDome-128 Rev7 - Ghostysky","og_description":"The Ouster OSDome-128 Rev7 is a cutting-edge digital LiDAR sensor engineered for comprehensive, high-resolution spatial perception, particularly excelling in short to medium-range applications. Part of Ouster's advanced REV7 family powered by the proprietary L3 chip, the OSDome-128 is designed to eliminate blind spots and provide full hemispherical coverage.","og_url":"https:\/\/www.ghostysky.com\/pt\/produto-2\/ouster-osdome-128-rev7\/","og_site_name":"Ghostysky","article_publisher":"https:\/\/www.facebook.com\/people\/Ghostysky\/100057676170234\/","article_modified_time":"2025-10-19T09:11:58+00:00","og_image":[{"width":550,"height":550,"url":"https:\/\/www.ghostysky.com\/wp-content\/uploads\/2025\/10\/GH_Ouster-osdome-lidar-rev-7_1.webp","type":"image\/webp"}],"twitter_card":"summary_large_image","twitter_site":"@Gh0stysky","twitter_misc":{"Tempo estimado de leitura":"2 minutos"},"schema":{"@context":"https:\/\/schema.org","@graph":[{"@type":"WebPage","@id":"https:\/\/www.ghostysky.com\/product\/ouster-osdome-128-rev7\/","url":"https:\/\/www.ghostysky.com\/product\/ouster-osdome-128-rev7\/","name":"Ouster OSDome-128 Rev7 - Ghostysky","isPartOf":{"@id":"https:\/\/www.ghostysky.com\/#website"},"primaryImageOfPage":{"@id":"https:\/\/www.ghostysky.com\/product\/ouster-osdome-128-rev7\/#primaryimage"},"image":{"@id":"https:\/\/www.ghostysky.com\/product\/ouster-osdome-128-rev7\/#primaryimage"},"thumbnailUrl":"https:\/\/www.ghostysky.com\/wp-content\/uploads\/2025\/10\/GH_Ouster-osdome-lidar-rev-7_1.webp","datePublished":"2025-10-19T09:08:14+00:00","dateModified":"2025-10-19T09:11:58+00:00","description":"O Ouster OSDome-128 Rev7 \u00e9 um sensor LiDAR digital de \u00faltima gera\u00e7\u00e3o, projetado para percep\u00e7\u00e3o espacial abrangente e de alta resolu\u00e7\u00e3o, destacando-se especialmente em aplica\u00e7\u00f5es de curto e m\u00e9dio alcance. Parte da avan\u00e7ada fam\u00edlia REV7 da Ouster, equipada com o chip L3 propriet\u00e1rio, o OSDome-128 foi projetado para eliminar pontos cegos e fornecer cobertura hemisf\u00e9rica completa.","breadcrumb":{"@id":"https:\/\/www.ghostysky.com\/product\/ouster-osdome-128-rev7\/#breadcrumb"},"inLanguage":"pt-PT","potentialAction":[{"@type":"ReadAction","target":["https:\/\/www.ghostysky.com\/product\/ouster-osdome-128-rev7\/"]}]},{"@type":"ImageObject","inLanguage":"pt-PT","@id":"https:\/\/www.ghostysky.com\/product\/ouster-osdome-128-rev7\/#primaryimage","url":"https:\/\/www.ghostysky.com\/wp-content\/uploads\/2025\/10\/GH_Ouster-osdome-lidar-rev-7_1.webp","contentUrl":"https:\/\/www.ghostysky.com\/wp-content\/uploads\/2025\/10\/GH_Ouster-osdome-lidar-rev-7_1.webp","width":550,"height":550},{"@type":"BreadcrumbList","@id":"https:\/\/www.ghostysky.com\/product\/ouster-osdome-128-rev7\/#breadcrumb","itemListElement":[{"@type":"ListItem","position":1,"name":"Home","item":"https:\/\/www.ghostysky.com\/"},{"@type":"ListItem","position":2,"name":"Shop","item":"https:\/\/www.ghostysky.com\/shop\/"},{"@type":"ListItem","position":3,"name":"Ouster OSDome-128 Rev7"}]},{"@type":"WebSite","@id":"https:\/\/www.ghostysky.com\/#website","url":"https:\/\/www.ghostysky.com\/","name":"Ghostysky","description":"Fornecendo solu\u00e7\u00f5es profissionais em drones e rob\u00f3tica.","publisher":{"@id":"https:\/\/www.ghostysky.com\/#organization"},"potentialAction":[{"@type":"SearchAction","target":{"@type":"EntryPoint","urlTemplate":"https:\/\/www.ghostysky.com\/?s={search_term_string}"},"query-input":{"@type":"PropertyValueSpecification","valueRequired":true,"valueName":"search_term_string"}}],"inLanguage":"pt-PT"},{"@type":"Organization","@id":"https:\/\/www.ghostysky.com\/#organization","name":"Ghostysky","url":"https:\/\/www.ghostysky.com\/","logo":{"@type":"ImageObject","inLanguage":"pt-PT","@id":"https:\/\/www.ghostysky.com\/#\/schema\/logo\/image\/","url":"https:\/\/www.ghostysky.com\/wp-content\/uploads\/2020\/06\/cropped-ghostyskylogo_text_white2.png","contentUrl":"https:\/\/www.ghostysky.com\/wp-content\/uploads\/2020\/06\/cropped-ghostyskylogo_text_white2.png","width":169,"height":56,"caption":"Ghostysky"},"image":{"@id":"https:\/\/www.ghostysky.com\/#\/schema\/logo\/image\/"},"sameAs":["https:\/\/www.facebook.com\/people\/Ghostysky\/100057676170234\/","https:\/\/x.com\/Gh0stysky","https:\/\/www.linkedin.com\/company\/34739653","https:\/\/www.instagram.com\/gh0stysky"]}]}},"_links":{"self":[{"href":"https:\/\/www.ghostysky.com\/pt\/wp-json\/wp\/v2\/product\/21968","targetHints":{"allow":["GET"]}}],"collection":[{"href":"https:\/\/www.ghostysky.com\/pt\/wp-json\/wp\/v2\/product"}],"about":[{"href":"https:\/\/www.ghostysky.com\/pt\/wp-json\/wp\/v2\/types\/product"}],"replies":[{"embeddable":true,"href":"https:\/\/www.ghostysky.com\/pt\/wp-json\/wp\/v2\/comments?post=21968"}],"version-history":[{"count":0,"href":"https:\/\/www.ghostysky.com\/pt\/wp-json\/wp\/v2\/product\/21968\/revisions"}],"wp:featuredmedia":[{"embeddable":true,"href":"https:\/\/www.ghostysky.com\/pt\/wp-json\/wp\/v2\/media\/21963"}],"wp:attachment":[{"href":"https:\/\/www.ghostysky.com\/pt\/wp-json\/wp\/v2\/media?parent=21968"}],"wp:term":[{"taxonomy":"product_brand","embeddable":true,"href":"https:\/\/www.ghostysky.com\/pt\/wp-json\/wp\/v2\/product_brand?post=21968"},{"taxonomy":"product_cat","embeddable":true,"href":"https:\/\/www.ghostysky.com\/pt\/wp-json\/wp\/v2\/product_cat?post=21968"},{"taxonomy":"product_tag","embeddable":true,"href":"https:\/\/www.ghostysky.com\/pt\/wp-json\/wp\/v2\/product_tag?post=21968"}],"curies":[{"name":"wp","href":"https:\/\/api.w.org\/{rel}","templated":true}]}}