{"id":21989,"date":"2025-10-19T09:33:34","date_gmt":"2025-10-19T09:33:34","guid":{"rendered":"https:\/\/www.ghostysky.com\/?post_type=product&#038;p=21989"},"modified":"2026-02-24T13:38:59","modified_gmt":"2026-02-24T13:38:59","slug":"21989","status":"publish","type":"product","link":"https:\/\/www.ghostysky.com\/pt\/product\/21989\/","title":{"rendered":"Ouster OS0-128 Rev7"},"content":{"rendered":"<div id=\"model-response-message-contentr_8cade3a3a392d67c\" class=\"markdown markdown-main-panel stronger enable-updated-hr-color\" dir=\"ltr\">\n<h4>Principais recursos e especifica\u00e7\u00f5es<\/h4>\n<table>\n<thead>\n<tr>\n<td><strong>Recurso<\/strong><\/td>\n<td><strong>Especifica\u00e7\u00e3o (OS0-128 Rev7)<\/strong><\/td>\n<td><strong>Beneficiar<\/strong><\/td>\n<\/tr>\n<\/thead>\n<tbody>\n<tr>\n<td><b>Resolu\u00e7\u00e3o Vertical<\/b><\/td>\n<td>128 canais (camadas)<\/td>\n<td>Oferece nuvens de pontos 3D excepcionalmente densas e detalhadas.<\/td>\n<\/tr>\n<tr>\n<td><b>Campo de vis\u00e3o vertical (VFOV)<\/b><\/td>\n<td><span class=\"math-inline\" data-math=\"90^\\circ\">90\u00ba <\/span>(<span class=\"math-inline\" data-math=\"\\pm 45^\\circ\">+-45\u00ba<\/span>)<\/td>\n<td>Vis\u00e3o vertical ultra-ampla para ver o ch\u00e3o, do ch\u00e3o ao teto ou obst\u00e1culos acima da cabe\u00e7a.<\/td>\n<\/tr>\n<tr>\n<td><b>Campo de vis\u00e3o horizontal (HFOV)<\/b><\/td>\n<td><span class=\"math-inline\" data-math=\"360^\\circ\">360\u00ba<\/span><\/td>\n<td>Oferece vis\u00e3o surround completa e cont\u00ednua.<\/td>\n<\/tr>\n<tr>\n<td><b>M\u00e1ximo de pontos por segundo<\/b><\/td>\n<td>At\u00e9 5,2 milh\u00f5es<\/td>\n<td>Alta sa\u00edda de dados para percep\u00e7\u00e3o de alta fidelidade em tempo real.<\/td>\n<\/tr>\n<tr>\n<td><b>Alcance m\u00e1ximo<\/b><\/td>\n<td>At\u00e9 100 metros<\/td>\n<td>Longo alcance para um sensor de curto alcance, fornecendo amplo buffer para casos de uso de alta velocidade.<\/td>\n<\/tr>\n<tr>\n<td><b>Alcance (Refletividade 10%)<\/b><\/td>\n<td>At\u00e9 35 metros<\/td>\n<td>Excelente desempenho em objetos de baixa refletividade (escuros), mesmo sob luz solar intensa.<\/td>\n<\/tr>\n<tr>\n<td><b>Devolu\u00e7\u00f5es<\/b><\/td>\n<td>Retornos Duplos<\/td>\n<td>Maior visibilidade atrav\u00e9s de fatores como poeira e neblina.<\/td>\n<\/tr>\n<tr>\n<td><b>Robustez<\/b><\/td>\n<td>Prote\u00e7\u00e3o de entrada IP68 \/ IP69K<\/td>\n<td>Projetado para suportar ambientes extremos, \u00e1gua, poeira e lavagem de alta press\u00e3o.<\/td>\n<\/tr>\n<tr>\n<td><b>Consumo de energia<\/b><\/td>\n<td>Baixo (14 \u2013 20 W t\u00edpico)<\/td>\n<td>Eficiente em termos de energia para plataformas aut\u00f4nomas menores ou alimentadas por bateria.<\/td>\n<\/tr>\n<\/tbody>\n<\/table>\n<p>&nbsp;<\/p>\n<h4>Tecnologia Lidar Digital Avan\u00e7ada<\/h4>\n<p><span class=\"citation-265\">O OS0-128 Rev7 aproveita a tecnologia propriet\u00e1ria da Ouster <\/span><b><span class=\"citation-265\">Chip L3<\/span><\/b><span class=\"citation-265 citation-end-265\">, que \u00e9 constru\u00eddo em uma arquitetura personalizada com ilumina\u00e7\u00e3o traseira (BSI).<sup class=\"superscript\" data-turn-source-index=\"3\">3<\/sup><\/span> Esta tecnologia melhora significativamente o desempenho ao oferecer:<\/p>\n<ul>\n<li><b>Aumento de 10x na sensibilidade a f\u00f3tons:<\/b><span class=\"citation-264 citation-end-264\"> Levando a capacidades de detec\u00e7\u00e3o superiores, especialmente em objetos escuros e desafiadores, como pneus ou carros pretos.<\/span><\/li>\n<li><b><span class=\"citation-263\">50% Melhoria na precis\u00e3o:<\/span><\/b><span class=\"citation-263 citation-end-263\"> Para medi\u00e7\u00f5es de dist\u00e2ncia mais precisas e melhor classifica\u00e7\u00e3o de objetos.<\/span><\/li>\n<li><b><span class=\"citation-262\">Dados de n\u00edvel de c\u00e2mera:<\/span><\/b><span class=\"citation-262\"> Al\u00e9m dos dados de nuvem de pontos 3D (alcance, posi\u00e7\u00e3o), o sensor captura <\/span><b><span class=\"citation-262\">refletividade calibrada<\/span><\/b><span class=\"citation-262\"> e <\/span><b><span class=\"citation-262\">infravermelho pr\u00f3ximo (NIR)<\/span><\/b><span class=\"citation-262 citation-end-262\"> dados, borrando a linha entre um Lidar e uma c\u00e2mera para uma percep\u00e7\u00e3o ambiental mais rica.<\/span><\/li>\n<li><b>Processamento no sensor:<\/b> Novos recursos de firmware como <b>Monitoramento de Zona 3D<\/b> permitir que o sensor detecte objetos dentro de zonas 3D predefinidas e acione alertas, simplificando os sistemas de preven\u00e7\u00e3o de colis\u00f5es e descarregando a computa\u00e7\u00e3o da plataforma host.<\/li>\n<\/ul>\n<h4>Aplica\u00e7\u00f5es ideais<\/h4>\n<p>O campo de vis\u00e3o ultra amplo e o foco de curto alcance do OS0-128 Rev7 o tornam a solu\u00e7\u00e3o ideal para percep\u00e7\u00e3o de curto alcance, incluindo:<\/p>\n<ul>\n<li><b><span class=\"citation-261\">Rob\u00f3tica e rob\u00f4s m\u00f3veis aut\u00f4nomos (AMRs):<\/span><\/b><span class=\"citation-261 citation-end-261\"> Fornecendo cobertura do ch\u00e3o ao teto para navega\u00e7\u00e3o segura em espa\u00e7os internos e externos complexos, como armaz\u00e9ns e f\u00e1bricas.<\/span><\/li>\n<li><b>Ve\u00edculos Aut\u00f4nomos (Curto Alcance):<\/b><span class=\"citation-260 citation-end-260\"> Para detec\u00e7\u00e3o de obst\u00e1culos em campo pr\u00f3ximo, estacionamento e autonomia em baixa velocidade.<\/span><\/li>\n<li><b><span class=\"citation-259\">Automa\u00e7\u00e3o Industrial:<\/span><\/b><span class=\"citation-259 citation-end-259\"> Percep\u00e7\u00e3o de alta resolu\u00e7\u00e3o para log\u00edstica, movimenta\u00e7\u00e3o de materiais e infraestrutura inteligente.<\/span><\/li>\n<li><b>Mapeamento e Topografia:<\/b><span class=\"citation-258 citation-end-258\"> Gerando modelos 3D densos e precisos para mapeamento detalhado de curto alcance e em ambientes internos.<\/span><\/li>\n<\/ul>\n<\/div>","protected":false},"excerpt":{"rendered":"<p><span class=\"citation-267\">O <\/span><b><span class=\"citation-267\">Ouster OS0-128 Rev7<\/span><\/b><span class=\"citation-267\"> \u00e9 um campo de vis\u00e3o (FOV) ultra-amplo de alta resolu\u00e7\u00e3o <\/span><b><span class=\"citation-267\">Sensor Lidar Digital<\/span><\/b><span class=\"citation-267 citation-end-267\"> projetado para aplica\u00e7\u00f5es exigentes de percep\u00e7\u00e3o de curto alcance e autonomia em rob\u00f3tica, automa\u00e7\u00e3o de armaz\u00e9ns e ambientes industriais.<\/span><\/p>\n<p><span class=\"citation-266\">Faz parte da fam\u00edlia Rev7, equipada com o avan\u00e7ado Ouster <\/span><b><span class=\"citation-266\">Chip Lidar Digital L3<\/span><\/b><span class=\"citation-266 citation-end-266\">, que oferece alcance, precis\u00e3o e confiabilidade significativamente melhorados em rela\u00e7\u00e3o \u00e0s gera\u00e7\u00f5es anteriores, mantendo um formato compacto e robusto.<\/span><\/p>","protected":false},"featured_media":21979,"comment_status":"open","ping_status":"closed","template":"","meta":[],"product_brand":[1140],"product_cat":[1139,1037,1040],"product_tag":[1142,1141],"class_list":{"0":"post-21989","1":"product","2":"type-product","3":"status-publish","4":"has-post-thumbnail","6":"product_brand-ouster","7":"product_cat-ouster-lidars","8":"product_cat-robotics","9":"product_cat-sensors-robotics","10":"product_tag-ouster-dome-lidar","11":"product_tag-ouster-lidars","13":"first","14":"onbackorder","15":"taxable","16":"shipping-taxable","17":"purchasable","18":"product-type-simple"},"yoast_head":"<!-- This site is optimized with the Yoast SEO plugin v27.1.1 - https:\/\/yoast.com\/product\/yoast-seo-wordpress\/ -->\n<title>Ouster OS0-128 Rev7 - Ghostysky<\/title>\n<meta name=\"description\" content=\"The Ouster OS0-128 Rev7 is a high-resolution, ultra-wide field-of-view (FOV) Digital Lidar Sensor designed for demanding short-range perception and autonomy applications in robotics, warehouse automation, and industrial environments.It&#039;s part of the Rev7 family, powered by Ouster&#039;s advanced L3 Digital Lidar Chip, which delivers significantly improved range, precision, and reliability over previous generations while maintaining a compact, rugged form factor.\" \/>\n<meta name=\"robots\" content=\"index, follow, max-snippet:-1, max-image-preview:large, max-video-preview:-1\" \/>\n<link rel=\"canonical\" href=\"https:\/\/www.ghostysky.com\/pt\/produto-2\/21989\/\" \/>\n<meta property=\"og:locale\" content=\"pt_PT\" \/>\n<meta property=\"og:type\" content=\"article\" \/>\n<meta property=\"og:title\" content=\"Ouster OS0-128 Rev7 - Ghostysky\" \/>\n<meta property=\"og:description\" content=\"The Ouster OS0-128 Rev7 is a high-resolution, ultra-wide field-of-view (FOV) Digital Lidar Sensor designed for demanding short-range perception and autonomy applications in robotics, warehouse automation, and industrial environments.It&#039;s part of the Rev7 family, powered by Ouster&#039;s advanced L3 Digital Lidar Chip, which delivers significantly improved range, precision, and reliability over previous generations while maintaining a compact, rugged form factor.\" \/>\n<meta property=\"og:url\" content=\"https:\/\/www.ghostysky.com\/pt\/produto-2\/21989\/\" \/>\n<meta property=\"og:site_name\" content=\"Ghostysky\" \/>\n<meta property=\"article:publisher\" content=\"https:\/\/www.facebook.com\/people\/Ghostysky\/100057676170234\/\" \/>\n<meta property=\"article:modified_time\" content=\"2026-02-24T13:38:59+00:00\" \/>\n<meta property=\"og:image\" content=\"https:\/\/www.ghostysky.com\/wp-content\/uploads\/2025\/10\/GH_Ouster-Ouster-OS0-32-Rev7_1.png\" \/>\n\t<meta property=\"og:image:width\" content=\"800\" \/>\n\t<meta property=\"og:image:height\" content=\"800\" \/>\n\t<meta property=\"og:image:type\" content=\"image\/png\" \/>\n<meta name=\"twitter:card\" content=\"summary_large_image\" \/>\n<meta name=\"twitter:site\" content=\"@Gh0stysky\" \/>\n<meta name=\"twitter:label1\" content=\"Tempo estimado de leitura\" \/>\n\t<meta name=\"twitter:data1\" content=\"2 minutos\" \/>\n<script type=\"application\/ld+json\" class=\"yoast-schema-graph\">{\"@context\":\"https:\/\/schema.org\",\"@graph\":[{\"@type\":\"WebPage\",\"@id\":\"https:\/\/www.ghostysky.com\/product\/21989\/\",\"url\":\"https:\/\/www.ghostysky.com\/product\/21989\/\",\"name\":\"Ouster OS0-128 Rev7 - Ghostysky\",\"isPartOf\":{\"@id\":\"https:\/\/www.ghostysky.com\/#website\"},\"primaryImageOfPage\":{\"@id\":\"https:\/\/www.ghostysky.com\/product\/21989\/#primaryimage\"},\"image\":{\"@id\":\"https:\/\/www.ghostysky.com\/product\/21989\/#primaryimage\"},\"thumbnailUrl\":\"https:\/\/www.ghostysky.com\/wp-content\/uploads\/2025\/10\/GH_Ouster-Ouster-OS0-32-Rev7_1.png\",\"datePublished\":\"2025-10-19T09:33:34+00:00\",\"dateModified\":\"2026-02-24T13:38:59+00:00\",\"description\":\"The Ouster OS0-128 Rev7 is a high-resolution, ultra-wide field-of-view (FOV) Digital Lidar Sensor designed for demanding short-range perception and autonomy applications in robotics, warehouse automation, and industrial environments.It's part of the Rev7 family, powered by Ouster's advanced L3 Digital Lidar Chip, which delivers significantly improved range, precision, and reliability over previous generations while maintaining a compact, rugged form factor.\",\"breadcrumb\":{\"@id\":\"https:\/\/www.ghostysky.com\/product\/21989\/#breadcrumb\"},\"inLanguage\":\"pt-PT\",\"potentialAction\":[{\"@type\":\"ReadAction\",\"target\":[\"https:\/\/www.ghostysky.com\/product\/21989\/\"]}]},{\"@type\":\"ImageObject\",\"inLanguage\":\"pt-PT\",\"@id\":\"https:\/\/www.ghostysky.com\/product\/21989\/#primaryimage\",\"url\":\"https:\/\/www.ghostysky.com\/wp-content\/uploads\/2025\/10\/GH_Ouster-Ouster-OS0-32-Rev7_1.png\",\"contentUrl\":\"https:\/\/www.ghostysky.com\/wp-content\/uploads\/2025\/10\/GH_Ouster-Ouster-OS0-32-Rev7_1.png\",\"width\":800,\"height\":800},{\"@type\":\"BreadcrumbList\",\"@id\":\"https:\/\/www.ghostysky.com\/product\/21989\/#breadcrumb\",\"itemListElement\":[{\"@type\":\"ListItem\",\"position\":1,\"name\":\"Home\",\"item\":\"https:\/\/www.ghostysky.com\/\"},{\"@type\":\"ListItem\",\"position\":2,\"name\":\"Shop\",\"item\":\"https:\/\/www.ghostysky.com\/shop\/\"},{\"@type\":\"ListItem\",\"position\":3,\"name\":\"Ouster OS0-128 Rev7\"}]},{\"@type\":\"WebSite\",\"@id\":\"https:\/\/www.ghostysky.com\/#website\",\"url\":\"https:\/\/www.ghostysky.com\/\",\"name\":\"Ghostysky\",\"description\":\"Delivering professional drones and services\",\"publisher\":{\"@id\":\"https:\/\/www.ghostysky.com\/#organization\"},\"potentialAction\":[{\"@type\":\"SearchAction\",\"target\":{\"@type\":\"EntryPoint\",\"urlTemplate\":\"https:\/\/www.ghostysky.com\/?s={search_term_string}\"},\"query-input\":{\"@type\":\"PropertyValueSpecification\",\"valueRequired\":true,\"valueName\":\"search_term_string\"}}],\"inLanguage\":\"pt-PT\"},{\"@type\":\"Organization\",\"@id\":\"https:\/\/www.ghostysky.com\/#organization\",\"name\":\"Ghostysky\",\"url\":\"https:\/\/www.ghostysky.com\/\",\"logo\":{\"@type\":\"ImageObject\",\"inLanguage\":\"pt-PT\",\"@id\":\"https:\/\/www.ghostysky.com\/#\/schema\/logo\/image\/\",\"url\":\"https:\/\/www.ghostysky.com\/wp-content\/uploads\/2020\/06\/cropped-ghostyskylogo_text_white2.png\",\"contentUrl\":\"https:\/\/www.ghostysky.com\/wp-content\/uploads\/2020\/06\/cropped-ghostyskylogo_text_white2.png\",\"width\":169,\"height\":56,\"caption\":\"Ghostysky\"},\"image\":{\"@id\":\"https:\/\/www.ghostysky.com\/#\/schema\/logo\/image\/\"},\"sameAs\":[\"https:\/\/www.facebook.com\/people\/Ghostysky\/100057676170234\/\",\"https:\/\/x.com\/Gh0stysky\",\"https:\/\/www.linkedin.com\/company\/34739653\",\"https:\/\/www.instagram.com\/gh0stysky\"]}]}<\/script>\n<!-- \/ Yoast SEO plugin. -->","yoast_head_json":{"title":"Ouster OS0-128 Rev7 - Ghostysky","description":"O Ouster OS0-128 Rev7 \u00e9 um sensor lidar digital de alta resolu\u00e7\u00e3o e campo de vis\u00e3o (FOV) ultra amplo, projetado para aplica\u00e7\u00f5es exigentes de percep\u00e7\u00e3o de curto alcance e autonomia em rob\u00f3tica, automa\u00e7\u00e3o de armaz\u00e9ns e ambientes industriais. Ele faz parte da fam\u00edlia Rev7, equipada com o avan\u00e7ado chip lidar digital L3 da Ouster, que oferece alcance, precis\u00e3o e confiabilidade significativamente aprimorados em rela\u00e7\u00e3o \u00e0s gera\u00e7\u00f5es anteriores, mantendo um formato compacto e robusto.","robots":{"index":"index","follow":"follow","max-snippet":"max-snippet:-1","max-image-preview":"max-image-preview:large","max-video-preview":"max-video-preview:-1"},"canonical":"https:\/\/www.ghostysky.com\/pt\/produto-2\/21989\/","og_locale":"pt_PT","og_type":"article","og_title":"Ouster OS0-128 Rev7 - Ghostysky","og_description":"The Ouster OS0-128 Rev7 is a high-resolution, ultra-wide field-of-view (FOV) Digital Lidar Sensor designed for demanding short-range perception and autonomy applications in robotics, warehouse automation, and industrial environments.It's part of the Rev7 family, powered by Ouster's advanced L3 Digital Lidar Chip, which delivers significantly improved range, precision, and reliability over previous generations while maintaining a compact, rugged form factor.","og_url":"https:\/\/www.ghostysky.com\/pt\/produto-2\/21989\/","og_site_name":"Ghostysky","article_publisher":"https:\/\/www.facebook.com\/people\/Ghostysky\/100057676170234\/","article_modified_time":"2026-02-24T13:38:59+00:00","og_image":[{"width":800,"height":800,"url":"https:\/\/www.ghostysky.com\/wp-content\/uploads\/2025\/10\/GH_Ouster-Ouster-OS0-32-Rev7_1.png","type":"image\/png"}],"twitter_card":"summary_large_image","twitter_site":"@Gh0stysky","twitter_misc":{"Tempo estimado de leitura":"2 minutos"},"schema":{"@context":"https:\/\/schema.org","@graph":[{"@type":"WebPage","@id":"https:\/\/www.ghostysky.com\/product\/21989\/","url":"https:\/\/www.ghostysky.com\/product\/21989\/","name":"Ouster OS0-128 Rev7 - Ghostysky","isPartOf":{"@id":"https:\/\/www.ghostysky.com\/#website"},"primaryImageOfPage":{"@id":"https:\/\/www.ghostysky.com\/product\/21989\/#primaryimage"},"image":{"@id":"https:\/\/www.ghostysky.com\/product\/21989\/#primaryimage"},"thumbnailUrl":"https:\/\/www.ghostysky.com\/wp-content\/uploads\/2025\/10\/GH_Ouster-Ouster-OS0-32-Rev7_1.png","datePublished":"2025-10-19T09:33:34+00:00","dateModified":"2026-02-24T13:38:59+00:00","description":"O Ouster OS0-128 Rev7 \u00e9 um sensor lidar digital de alta resolu\u00e7\u00e3o e campo de vis\u00e3o (FOV) ultra amplo, projetado para aplica\u00e7\u00f5es exigentes de percep\u00e7\u00e3o de curto alcance e autonomia em rob\u00f3tica, automa\u00e7\u00e3o de armaz\u00e9ns e ambientes industriais. Ele faz parte da fam\u00edlia Rev7, equipada com o avan\u00e7ado chip lidar digital L3 da Ouster, que oferece alcance, precis\u00e3o e confiabilidade significativamente aprimorados em rela\u00e7\u00e3o \u00e0s gera\u00e7\u00f5es anteriores, mantendo um formato compacto e robusto.","breadcrumb":{"@id":"https:\/\/www.ghostysky.com\/product\/21989\/#breadcrumb"},"inLanguage":"pt-PT","potentialAction":[{"@type":"ReadAction","target":["https:\/\/www.ghostysky.com\/product\/21989\/"]}]},{"@type":"ImageObject","inLanguage":"pt-PT","@id":"https:\/\/www.ghostysky.com\/product\/21989\/#primaryimage","url":"https:\/\/www.ghostysky.com\/wp-content\/uploads\/2025\/10\/GH_Ouster-Ouster-OS0-32-Rev7_1.png","contentUrl":"https:\/\/www.ghostysky.com\/wp-content\/uploads\/2025\/10\/GH_Ouster-Ouster-OS0-32-Rev7_1.png","width":800,"height":800},{"@type":"BreadcrumbList","@id":"https:\/\/www.ghostysky.com\/product\/21989\/#breadcrumb","itemListElement":[{"@type":"ListItem","position":1,"name":"Home","item":"https:\/\/www.ghostysky.com\/"},{"@type":"ListItem","position":2,"name":"Shop","item":"https:\/\/www.ghostysky.com\/shop\/"},{"@type":"ListItem","position":3,"name":"Ouster OS0-128 Rev7"}]},{"@type":"WebSite","@id":"https:\/\/www.ghostysky.com\/#website","url":"https:\/\/www.ghostysky.com\/","name":"Ghostysky","description":"Fornecendo drones e servi\u00e7os profissionais","publisher":{"@id":"https:\/\/www.ghostysky.com\/#organization"},"potentialAction":[{"@type":"SearchAction","target":{"@type":"EntryPoint","urlTemplate":"https:\/\/www.ghostysky.com\/?s={search_term_string}"},"query-input":{"@type":"PropertyValueSpecification","valueRequired":true,"valueName":"search_term_string"}}],"inLanguage":"pt-PT"},{"@type":"Organization","@id":"https:\/\/www.ghostysky.com\/#organization","name":"Ghostysky","url":"https:\/\/www.ghostysky.com\/","logo":{"@type":"ImageObject","inLanguage":"pt-PT","@id":"https:\/\/www.ghostysky.com\/#\/schema\/logo\/image\/","url":"https:\/\/www.ghostysky.com\/wp-content\/uploads\/2020\/06\/cropped-ghostyskylogo_text_white2.png","contentUrl":"https:\/\/www.ghostysky.com\/wp-content\/uploads\/2020\/06\/cropped-ghostyskylogo_text_white2.png","width":169,"height":56,"caption":"Ghostysky"},"image":{"@id":"https:\/\/www.ghostysky.com\/#\/schema\/logo\/image\/"},"sameAs":["https:\/\/www.facebook.com\/people\/Ghostysky\/100057676170234\/","https:\/\/x.com\/Gh0stysky","https:\/\/www.linkedin.com\/company\/34739653","https:\/\/www.instagram.com\/gh0stysky"]}]}},"_links":{"self":[{"href":"https:\/\/www.ghostysky.com\/pt\/wp-json\/wp\/v2\/product\/21989","targetHints":{"allow":["GET"]}}],"collection":[{"href":"https:\/\/www.ghostysky.com\/pt\/wp-json\/wp\/v2\/product"}],"about":[{"href":"https:\/\/www.ghostysky.com\/pt\/wp-json\/wp\/v2\/types\/product"}],"replies":[{"embeddable":true,"href":"https:\/\/www.ghostysky.com\/pt\/wp-json\/wp\/v2\/comments?post=21989"}],"wp:featuredmedia":[{"embeddable":true,"href":"https:\/\/www.ghostysky.com\/pt\/wp-json\/wp\/v2\/media\/21979"}],"wp:attachment":[{"href":"https:\/\/www.ghostysky.com\/pt\/wp-json\/wp\/v2\/media?parent=21989"}],"wp:term":[{"taxonomy":"product_brand","embeddable":true,"href":"https:\/\/www.ghostysky.com\/pt\/wp-json\/wp\/v2\/product_brand?post=21989"},{"taxonomy":"product_cat","embeddable":true,"href":"https:\/\/www.ghostysky.com\/pt\/wp-json\/wp\/v2\/product_cat?post=21989"},{"taxonomy":"product_tag","embeddable":true,"href":"https:\/\/www.ghostysky.com\/pt\/wp-json\/wp\/v2\/product_tag?post=21989"}],"curies":[{"name":"wp","href":"https:\/\/api.w.org\/{rel}","templated":true}]}}