{"id":21998,"date":"2025-10-19T09:54:44","date_gmt":"2025-10-19T09:54:44","guid":{"rendered":"https:\/\/www.ghostysky.com\/?post_type=product&#038;p=21998"},"modified":"2025-10-19T09:57:25","modified_gmt":"2025-10-19T09:57:25","slug":"ouster-os1-32-rev7","status":"publish","type":"product","link":"https:\/\/www.ghostysky.com\/pt\/product\/ouster-os1-32-rev7\/","title":{"rendered":"Ouster OS1-32 Rev7"},"content":{"rendered":"<div id=\"model-response-message-contentr_8cade3a3a392d67c\" class=\"markdown markdown-main-panel stronger enable-updated-hr-color\" dir=\"ltr\">\n<div id=\"model-response-message-contentr_13f1f7e95ab2a8ec\" class=\"markdown markdown-main-panel stronger enable-updated-hr-color\" dir=\"ltr\">\n<h3><b>Principais recursos e especifica\u00e7\u00f5es do OS1-32 Rev7<\/b><\/h3>\n<ul>\n<li><b><span class=\"citation-315\">Chip Lidar Digital L3:<\/span><\/b><span class=\"citation-315 citation-end-315\"> A gera\u00e7\u00e3o Rev7 \u00e9 alimentada pelo chip L3, que oferece melhorias significativas de desempenho, incluindo um <\/span><b><span class=\"math-inline\" data-math=\"10\\times\"><span class=\"katex\"><span class=\"katex-html\" aria-hidden=\"true\"><span class=\"base\"><span class=\"mord\">10<\/span><span class=\"mord\">\u00d7<\/span><\/span><\/span><\/span><\/span><span class=\"citation-314\"> aumento da sensibilidade aos f\u00f3tons<\/span><\/b><span class=\"citation-314 citation-end-314\"> e um <\/span><b><span class=\"math-inline\" data-math=\"2\\times\"><span class=\"katex\"><span class=\"katex-html\" aria-hidden=\"true\"><span class=\"base\"><span class=\"mord\">2<\/span><span class=\"mord\">\u00d7<\/span><\/span><\/span><\/span><\/span><span class=\"citation-313\"> aumento de alcance<\/span><\/b><span class=\"citation-313 citation-end-313\"> comparado \u00e0 gera\u00e7\u00e3o anterior.<\/span><\/li>\n<li><b>Desempenho de m\u00e9dio alcance:<\/b>\n<ul>\n<li><b>Faixa:<\/b><span class=\"citation-312\"> At\u00e9 <\/span><b><span class=\"citation-312\">90 metros<\/span><\/b><span class=\"citation-312 citation-end-312\"> em um alvo de baixa refletividade (10% Lambertiano) e um alvo de at\u00e9 <\/span><b><span class=\"math-inline\" data-math=\"170\"><span class=\"katex\"><span class=\"katex-html\" aria-hidden=\"true\"><span class=\"base\"><span class=\"mord\">170<\/span><\/span><\/span><\/span><\/span><span class=\"citation-311\"> metros<\/span><\/b><span class=\"citation-311 citation-end-311\"> alcance em um alvo altamente refletivo (80% Lambertiano).<\/span><\/li>\n<li><b>Alcance m\u00e1ximo:<\/b><span class=\"citation-310 citation-end-310\"> Sobre <\/span><b><span class=\"math-inline\" data-math=\"200\"><span class=\"katex\"><span class=\"katex-html\" aria-hidden=\"true\"><span class=\"base\"><span class=\"mord\">200<\/span><\/span><\/span><\/span><\/span><span class=\"citation-309\"> metros<\/span><\/b><span class=\"citation-309 citation-end-309\">.<\/span><\/li>\n<li><b>Precis\u00e3o:<\/b> Precis\u00e3o aprimorada com uma faixa t\u00edpica de <b><span class=\"math-inline\" data-math=\"\\pm0.5 \\text{ cm}\"><span class=\"katex\"><span class=\"katex-html\" aria-hidden=\"true\"><span class=\"base\"><span class=\"mord\">\u00b1<\/span><span class=\"mord\">0.5<\/span><span class=\"mord text\"><span class=\"mord\">\u00a0cm<\/span><\/span><\/span><\/span><\/span><\/span> para <span class=\"math-inline\" data-math=\"\\pm10 \\text{ cm}\"><span class=\"katex\"><span class=\"katex-html\" aria-hidden=\"true\"><span class=\"base\"><span class=\"mord\">\u00b1<\/span><span class=\"mord\">10<\/span><span class=\"mord text\"><span class=\"mord\">\u00a0cm<\/span><\/span><\/span><\/span><\/span><\/span><\/b>.<\/li>\n<\/ul>\n<\/li>\n<li><b>Alta resolu\u00e7\u00e3o:<\/b>\n<ul>\n<li><b><span class=\"citation-308\">Resolu\u00e7\u00e3o vertical:<\/span><\/b> <b><span class=\"citation-308\">32 canais<\/span><\/b><span class=\"citation-308 citation-end-308\"> de resolu\u00e7\u00e3o vertical.<\/span><\/li>\n<li><b><span class=\"citation-307\">Resolu\u00e7\u00e3o horizontal:<\/span><\/b><span class=\"citation-307 citation-end-307\"> Configur\u00e1vel em 512, 1024 ou 2048.<\/span><\/li>\n<li><b>Pontos por segundo (m\u00e1x.):<\/b><span class=\"citation-306 citation-end-306\"> At\u00e9 <\/span><b><span class=\"math-inline\" data-math=\"1,310,720\"><span class=\"katex\"><span class=\"katex-html\" aria-hidden=\"true\"><span class=\"base\"><span class=\"mord\">1<\/span><span class=\"mpunct\">,<\/span><span class=\"mord\">310<\/span><span class=\"mpunct\">,<\/span><span class=\"mord\">720<\/span><\/span><\/span><\/span><\/span><\/b><span class=\"citation-305 citation-end-305\"> pontos por segundo.<\/span><\/li>\n<\/ul>\n<\/li>\n<li><b>Amplo campo de vis\u00e3o:<\/b>\n<ul>\n<li><b><span class=\"citation-304\">Horizontal:<\/span><\/b> <span class=\"math-inline\" data-math=\"360^{\\circ}\"><span class=\"katex\"><span class=\"katex-html\" aria-hidden=\"true\"><span class=\"base\"><span class=\"mord\">36<\/span><span class=\"mord\">0<span class=\"msupsub\"><span class=\"vlist-t\"><span class=\"vlist-r\"><span class=\"vlist\"><span class=\"\"><span class=\"sizing reset-size6 size3 mtight\"><span class=\"mord mtight\">\u2218<\/span><\/span><\/span><\/span><\/span><\/span><\/span><\/span><\/span><\/span><\/span><\/span><span class=\"citation-303 citation-end-303\"> (Varredura rotacional completa).<\/span><\/li>\n<li><b>Vertical:<\/b> <span class=\"math-inline\" data-math=\"\\approx 42.4^{\\circ}\"><span class=\"katex\"><span class=\"katex-html\" aria-hidden=\"true\"><span class=\"base\"><span class=\"mrel\">\u2248<\/span><\/span><span class=\"base\"><span class=\"mord\">42.<\/span><span class=\"mord\">4<span class=\"msupsub\"><span class=\"vlist-t\"><span class=\"vlist-r\"><span class=\"vlist\"><span class=\"\"><span class=\"sizing reset-size6 size3 mtight\"><span class=\"mord mtight\">\u2218<\/span><\/span><\/span><\/span><\/span><\/span><\/span><\/span><\/span><\/span><\/span><\/span> para <span class=\"math-inline\" data-math=\"45^{\\circ}\"><span class=\"katex\"><span class=\"katex-html\" aria-hidden=\"true\"><span class=\"base\"><span class=\"mord\">4<\/span><span class=\"mord\">5<span class=\"msupsub\"><span class=\"vlist-t\"><span class=\"vlist-r\"><span class=\"vlist\"><span class=\"\"><span class=\"sizing reset-size6 size3 mtight\"><span class=\"mord mtight\">\u2218<\/span><\/span><\/span><\/span><\/span><\/span><\/span><\/span><\/span><\/span><\/span><\/span> (<span class=\"math-inline\" data-math=\"\\approx +21.2^{\\circ}\"><span class=\"katex\"><span class=\"katex-html\" aria-hidden=\"true\"><span class=\"base\"><span class=\"mrel\">\u2248<\/span><\/span><span class=\"base\"><span class=\"mord\">+<\/span><span class=\"mord\">21.<\/span><span class=\"mord\">2<span class=\"msupsub\"><span class=\"vlist-t\"><span class=\"vlist-r\"><span class=\"vlist\"><span class=\"\"><span class=\"sizing reset-size6 size3 mtight\"><span class=\"mord mtight\">\u2218<\/span><\/span><\/span><\/span><\/span><\/span><\/span><\/span><\/span><\/span><\/span><\/span> para <span class=\"math-inline\" data-math=\"-21.2^{\\circ}\"><span class=\"katex\"><span class=\"katex-html\" aria-hidden=\"true\"><span class=\"base\"><span class=\"mord\">\u2212<\/span><span class=\"mord\">21.<\/span><span class=\"mord\">2<span class=\"msupsub\"><span class=\"vlist-t\"><span class=\"vlist-r\"><span class=\"vlist\"><span class=\"\"><span class=\"sizing reset-size6 size3 mtight\"><span class=\"mord mtight\">\u2218<\/span><\/span><\/span><\/span><\/span><\/span><\/span><\/span><\/span><\/span><\/span><\/span>).<\/li>\n<\/ul>\n<\/li>\n<li><b>Modo de retorno duplo:<\/b><span class=\"citation-302\"> Capaz de capturar <\/span><b><span class=\"citation-302\">dois retornos<\/span><\/b><span class=\"citation-302 citation-end-302\"> por disparo de laser, o que melhora a detec\u00e7\u00e3o de objetos em ambientes com folhagens complexas ou objetos obscuros.<\/span><\/li>\n<li><b><span class=\"citation-301\">Capacidades de gera\u00e7\u00e3o de imagens:<\/span><\/b><span class=\"citation-301\"> Fornece <\/span><b><span class=\"citation-301\">dados de sinal e infravermelho pr\u00f3ximo de n\u00edvel de c\u00e2mera<\/span><\/b><span class=\"citation-301 citation-end-301\"> juntamente com dados de nuvem de pontos 3D, permitindo o uso de algoritmos de vis\u00e3o computacional em dados 2D e 3D perfeitamente correlacionados.<\/span><\/li>\n<li><b>Constru\u00eddo para confiabilidade:<\/b>\n<ul>\n<li><b>Robustez:<\/b><span class=\"citation-300 citation-end-300\"> Projetado para suportar choques e vibra\u00e7\u00f5es extremos.<\/span><\/li>\n<li><b><span class=\"citation-299\">Prote\u00e7\u00e3o de entrada:<\/span><\/b> <b><span class=\"citation-299\">IP68<\/span><\/b><span class=\"citation-299\"> (submers\u00edvel) e <\/span><b><span class=\"citation-299\">IP69K<\/span><\/b><span class=\"citation-299 citation-end-299\"> classificado (resistente a jatos de curta dist\u00e2ncia, alta press\u00e3o e alta temperatura).<\/span><\/li>\n<li><b><span class=\"citation-298\">Temperatura:<\/span><\/b><span class=\"citation-298 citation-end-298\"> Ampla faixa de temperatura operacional, normalmente <\/span><span class=\"math-inline\" data-math=\"-40^{\\circ}\\text{C}\"><span class=\"katex\"><span class=\"katex-html\" aria-hidden=\"true\"><span class=\"base\"><span class=\"mord\">\u2212<\/span><span class=\"mord\">4<\/span><span class=\"mord\">0<span class=\"msupsub\"><span class=\"vlist-t\"><span class=\"vlist-r\"><span class=\"vlist\"><span class=\"\"><span class=\"sizing reset-size6 size3 mtight\"><span class=\"mord mtight\">\u2218<\/span><\/span><\/span><\/span><\/span><\/span><\/span><\/span><span class=\"mord text\"><span class=\"mord\">C<\/span><\/span><\/span><\/span><\/span><\/span><span class=\"citation-297 citation-end-297\"> para <\/span><span class=\"math-inline\" data-math=\"+60^{\\circ}\\text{C}\"><span class=\"katex\"><span class=\"katex-html\" aria-hidden=\"true\"><span class=\"base\"><span class=\"mord\">+<\/span><span class=\"mord\">6<\/span><span class=\"mord\">0<span class=\"msupsub\"><span class=\"vlist-t\"><span class=\"vlist-r\"><span class=\"vlist\"><span class=\"\"><span class=\"sizing reset-size6 size3 mtight\"><span class=\"mord mtight\">\u2218<\/span><\/span><\/span><\/span><\/span><\/span><\/span><\/span><span class=\"mord text\"><span class=\"mord\">C<\/span><\/span><\/span><\/span><\/span><\/span><span class=\"citation-296 citation-end-296\"> (com um m\u00e1ximo de <\/span><span class=\"math-inline\" data-math=\"+70^{\\circ}\\text{C}\"><span class=\"katex\"><span class=\"katex-html\" aria-hidden=\"true\"><span class=\"base\"><span class=\"mord\">+<\/span><span class=\"mord\">7<\/span><span class=\"mord\">0<span class=\"msupsub\"><span class=\"vlist-t\"><span class=\"vlist-r\"><span class=\"vlist\"><span class=\"\"><span class=\"sizing reset-size6 size3 mtight\"><span class=\"mord mtight\">\u2218<\/span><\/span><\/span><\/span><\/span><\/span><\/span><\/span><span class=\"mord text\"><span class=\"mord\">C<\/span><\/span><\/span><\/span><\/span><\/span><span class=\"citation-295 citation-end-295\"> antes da limita\u00e7\u00e3o t\u00e9rmica).<\/span><\/li>\n<\/ul>\n<\/li>\n<li><b><span class=\"citation-294\">Pronto para Autonomia:<\/span><\/b><span class=\"citation-294 citation-end-294\"> Recursos como Ethernet automotiva 1000BASE-T1, drivers ROS\/C++ de c\u00f3digo aberto e supress\u00e3o de diafonia multissensor o tornam ideal para implanta\u00e7\u00f5es de frotas em grande escala.<\/span><\/li>\n<\/ul>\n<p><span class=\"citation-293 citation-end-293\">O OS1-32 Rev7 \u00e9 conhecido por fornecer dados limpos, densos e altamente precisos, o que o torna uma solu\u00e7\u00e3o robusta e vers\u00e1til para aplica\u00e7\u00f5es que exigem percep\u00e7\u00e3o 3D confi\u00e1vel de m\u00e9dio alcance.<\/span><\/p>\n<div class=\"source-inline-chip-container ng-star-inserted\"><\/div>\n<\/div>\n<\/div>","protected":false},"excerpt":{"rendered":"<p><span class=\"citation-317\">O Ouster OS1-32 Rev7 \u00e9 um sensor LiDAR digital de m\u00e9dio alcance e alto desempenho, constru\u00eddo com base no avan\u00e7ado sistema Ouster <\/span><b><span class=\"citation-317\">Chip lidar digital L3<\/span><\/b><span class=\"citation-317 citation-end-317\">, projetado para uma ampla gama de aplica\u00e7\u00f5es exigentes, incluindo automa\u00e7\u00e3o industrial, ve\u00edculos aut\u00f4nomos, rob\u00f3tica e mapeamento.<\/span><\/p>\n<p><span class=\"citation-316 citation-end-316\">Como membro da fam\u00edlia Ouster OS1, o OS1-32 Rev7 oferece um equil\u00edbrio ideal de alcance, campo de vis\u00e3o, resolu\u00e7\u00e3o e um formato compacto.<\/span><\/p>","protected":false},"featured_media":21979,"comment_status":"open","ping_status":"closed","template":"","meta":[],"product_brand":[1140],"product_cat":[1139,1037,1040],"product_tag":[1142,1141],"class_list":{"0":"post-21998","1":"product","2":"type-product","3":"status-publish","4":"has-post-thumbnail","6":"product_brand-ouster","7":"product_cat-ouster-lidars","8":"product_cat-robotics","9":"product_cat-sensors-robotics","10":"product_tag-ouster-dome-lidar","11":"product_tag-ouster-lidars","13":"first","14":"onbackorder","15":"taxable","16":"shipping-taxable","17":"purchasable","18":"product-type-simple"},"yoast_head":"<!-- This site is optimized with the Yoast SEO plugin v27.4 - https:\/\/yoast.com\/product\/yoast-seo-wordpress\/ -->\n<title>Ouster OS1-32 Rev7 - Ghostysky<\/title>\n<meta name=\"description\" content=\"The Ouster OS1-32 Rev7 is a high-performance, mid-range digital LiDAR sensor built on Ouster&#039;s advanced L3 digital lidar chip, designed for a wide array of demanding applications including industrial automation, autonomous vehicles, robotics, and mapping.As a member of the Ouster OS1 family, the OS1-32 Rev7 offers an optimal balance of range, field of view, resolution, and a compact form factor.\" \/>\n<meta name=\"robots\" content=\"index, follow, max-snippet:-1, max-image-preview:large, max-video-preview:-1\" \/>\n<link rel=\"canonical\" href=\"https:\/\/www.ghostysky.com\/pt\/produto-2\/ouster-os1-32-rev7\/\" \/>\n<meta property=\"og:locale\" content=\"pt_PT\" \/>\n<meta property=\"og:type\" content=\"article\" \/>\n<meta property=\"og:title\" content=\"Ouster OS1-32 Rev7 - Ghostysky\" \/>\n<meta property=\"og:description\" content=\"The Ouster OS1-32 Rev7 is a high-performance, mid-range digital LiDAR sensor built on Ouster&#039;s advanced L3 digital lidar chip, designed for a wide array of demanding applications including industrial automation, autonomous vehicles, robotics, and mapping.As a member of the Ouster OS1 family, the OS1-32 Rev7 offers an optimal balance of range, field of view, resolution, and a compact form factor.\" \/>\n<meta property=\"og:url\" content=\"https:\/\/www.ghostysky.com\/pt\/produto-2\/ouster-os1-32-rev7\/\" \/>\n<meta property=\"og:site_name\" content=\"Ghostysky\" \/>\n<meta property=\"article:publisher\" content=\"https:\/\/www.facebook.com\/people\/Ghostysky\/100057676170234\/\" \/>\n<meta property=\"article:modified_time\" content=\"2025-10-19T09:57:25+00:00\" \/>\n<meta property=\"og:image\" content=\"https:\/\/www.ghostysky.com\/wp-content\/uploads\/2025\/10\/GH_Ouster-Ouster-OS0-32-Rev7_1.png\" \/>\n\t<meta property=\"og:image:width\" content=\"800\" \/>\n\t<meta property=\"og:image:height\" content=\"800\" \/>\n\t<meta property=\"og:image:type\" content=\"image\/png\" \/>\n<meta name=\"twitter:card\" content=\"summary_large_image\" \/>\n<meta name=\"twitter:site\" content=\"@Gh0stysky\" \/>\n<meta name=\"twitter:label1\" content=\"Tempo estimado de leitura\" \/>\n\t<meta name=\"twitter:data1\" content=\"2 minutos\" \/>\n<script type=\"application\/ld+json\" class=\"yoast-schema-graph\">{\"@context\":\"https:\\\/\\\/schema.org\",\"@graph\":[{\"@type\":\"WebPage\",\"@id\":\"https:\\\/\\\/www.ghostysky.com\\\/product\\\/ouster-os1-32-rev7\\\/\",\"url\":\"https:\\\/\\\/www.ghostysky.com\\\/product\\\/ouster-os1-32-rev7\\\/\",\"name\":\"Ouster OS1-32 Rev7 - Ghostysky\",\"isPartOf\":{\"@id\":\"https:\\\/\\\/www.ghostysky.com\\\/#website\"},\"primaryImageOfPage\":{\"@id\":\"https:\\\/\\\/www.ghostysky.com\\\/product\\\/ouster-os1-32-rev7\\\/#primaryimage\"},\"image\":{\"@id\":\"https:\\\/\\\/www.ghostysky.com\\\/product\\\/ouster-os1-32-rev7\\\/#primaryimage\"},\"thumbnailUrl\":\"https:\\\/\\\/www.ghostysky.com\\\/wp-content\\\/uploads\\\/2025\\\/10\\\/GH_Ouster-Ouster-OS0-32-Rev7_1.png\",\"datePublished\":\"2025-10-19T09:54:44+00:00\",\"dateModified\":\"2025-10-19T09:57:25+00:00\",\"description\":\"The Ouster OS1-32 Rev7 is a high-performance, mid-range digital LiDAR sensor built on Ouster's advanced L3 digital lidar chip, designed for a wide array of demanding applications including industrial automation, autonomous vehicles, robotics, and mapping.As a member of the Ouster OS1 family, the OS1-32 Rev7 offers an optimal balance of range, field of view, resolution, and a compact form factor.\",\"breadcrumb\":{\"@id\":\"https:\\\/\\\/www.ghostysky.com\\\/product\\\/ouster-os1-32-rev7\\\/#breadcrumb\"},\"inLanguage\":\"pt-PT\",\"potentialAction\":[{\"@type\":\"ReadAction\",\"target\":[\"https:\\\/\\\/www.ghostysky.com\\\/product\\\/ouster-os1-32-rev7\\\/\"]}]},{\"@type\":\"ImageObject\",\"inLanguage\":\"pt-PT\",\"@id\":\"https:\\\/\\\/www.ghostysky.com\\\/product\\\/ouster-os1-32-rev7\\\/#primaryimage\",\"url\":\"https:\\\/\\\/www.ghostysky.com\\\/wp-content\\\/uploads\\\/2025\\\/10\\\/GH_Ouster-Ouster-OS0-32-Rev7_1.png\",\"contentUrl\":\"https:\\\/\\\/www.ghostysky.com\\\/wp-content\\\/uploads\\\/2025\\\/10\\\/GH_Ouster-Ouster-OS0-32-Rev7_1.png\",\"width\":800,\"height\":800},{\"@type\":\"BreadcrumbList\",\"@id\":\"https:\\\/\\\/www.ghostysky.com\\\/product\\\/ouster-os1-32-rev7\\\/#breadcrumb\",\"itemListElement\":[{\"@type\":\"ListItem\",\"position\":1,\"name\":\"Home\",\"item\":\"https:\\\/\\\/www.ghostysky.com\\\/\"},{\"@type\":\"ListItem\",\"position\":2,\"name\":\"Shop\",\"item\":\"https:\\\/\\\/www.ghostysky.com\\\/shop\\\/\"},{\"@type\":\"ListItem\",\"position\":3,\"name\":\"Ouster OS1-32 Rev7\"}]},{\"@type\":\"WebSite\",\"@id\":\"https:\\\/\\\/www.ghostysky.com\\\/#website\",\"url\":\"https:\\\/\\\/www.ghostysky.com\\\/\",\"name\":\"Ghostysky\",\"description\":\"Delivering professional drones and services\",\"publisher\":{\"@id\":\"https:\\\/\\\/www.ghostysky.com\\\/#organization\"},\"potentialAction\":[{\"@type\":\"SearchAction\",\"target\":{\"@type\":\"EntryPoint\",\"urlTemplate\":\"https:\\\/\\\/www.ghostysky.com\\\/?s={search_term_string}\"},\"query-input\":{\"@type\":\"PropertyValueSpecification\",\"valueRequired\":true,\"valueName\":\"search_term_string\"}}],\"inLanguage\":\"pt-PT\"},{\"@type\":\"Organization\",\"@id\":\"https:\\\/\\\/www.ghostysky.com\\\/#organization\",\"name\":\"Ghostysky\",\"url\":\"https:\\\/\\\/www.ghostysky.com\\\/\",\"logo\":{\"@type\":\"ImageObject\",\"inLanguage\":\"pt-PT\",\"@id\":\"https:\\\/\\\/www.ghostysky.com\\\/#\\\/schema\\\/logo\\\/image\\\/\",\"url\":\"https:\\\/\\\/www.ghostysky.com\\\/wp-content\\\/uploads\\\/2020\\\/06\\\/cropped-ghostyskylogo_text_white2.png\",\"contentUrl\":\"https:\\\/\\\/www.ghostysky.com\\\/wp-content\\\/uploads\\\/2020\\\/06\\\/cropped-ghostyskylogo_text_white2.png\",\"width\":169,\"height\":56,\"caption\":\"Ghostysky\"},\"image\":{\"@id\":\"https:\\\/\\\/www.ghostysky.com\\\/#\\\/schema\\\/logo\\\/image\\\/\"},\"sameAs\":[\"https:\\\/\\\/www.facebook.com\\\/people\\\/Ghostysky\\\/100057676170234\\\/\",\"https:\\\/\\\/x.com\\\/Gh0stysky\",\"https:\\\/\\\/www.linkedin.com\\\/company\\\/34739653\",\"https:\\\/\\\/www.instagram.com\\\/gh0stysky\"]}]}<\/script>\n<!-- \/ Yoast SEO plugin. -->","yoast_head_json":{"title":"Ouster OS1-32 Rev7 - Ghostysky","description":"O Ouster OS1-32 Rev7 \u00e9 um sensor LiDAR digital de m\u00e9dio alcance e alto desempenho, constru\u00eddo no chip lidar digital L3 avan\u00e7ado da Ouster, projetado para uma ampla gama de aplica\u00e7\u00f5es exigentes, incluindo automa\u00e7\u00e3o industrial, ve\u00edculos aut\u00f4nomos, rob\u00f3tica e mapeamento. Como membro da fam\u00edlia Ouster OS1, o OS1-32 Rev7 oferece um equil\u00edbrio ideal de alcance, campo de vis\u00e3o, resolu\u00e7\u00e3o e um formato compacto.","robots":{"index":"index","follow":"follow","max-snippet":"max-snippet:-1","max-image-preview":"max-image-preview:large","max-video-preview":"max-video-preview:-1"},"canonical":"https:\/\/www.ghostysky.com\/pt\/produto-2\/ouster-os1-32-rev7\/","og_locale":"pt_PT","og_type":"article","og_title":"Ouster OS1-32 Rev7 - Ghostysky","og_description":"The Ouster OS1-32 Rev7 is a high-performance, mid-range digital LiDAR sensor built on Ouster's advanced L3 digital lidar chip, designed for a wide array of demanding applications including industrial automation, autonomous vehicles, robotics, and mapping.As a member of the Ouster OS1 family, the OS1-32 Rev7 offers an optimal balance of range, field of view, resolution, and a compact form factor.","og_url":"https:\/\/www.ghostysky.com\/pt\/produto-2\/ouster-os1-32-rev7\/","og_site_name":"Ghostysky","article_publisher":"https:\/\/www.facebook.com\/people\/Ghostysky\/100057676170234\/","article_modified_time":"2025-10-19T09:57:25+00:00","og_image":[{"width":800,"height":800,"url":"https:\/\/www.ghostysky.com\/wp-content\/uploads\/2025\/10\/GH_Ouster-Ouster-OS0-32-Rev7_1.png","type":"image\/png"}],"twitter_card":"summary_large_image","twitter_site":"@Gh0stysky","twitter_misc":{"Tempo estimado de leitura":"2 minutos"},"schema":{"@context":"https:\/\/schema.org","@graph":[{"@type":"WebPage","@id":"https:\/\/www.ghostysky.com\/product\/ouster-os1-32-rev7\/","url":"https:\/\/www.ghostysky.com\/product\/ouster-os1-32-rev7\/","name":"Ouster OS1-32 Rev7 - Ghostysky","isPartOf":{"@id":"https:\/\/www.ghostysky.com\/#website"},"primaryImageOfPage":{"@id":"https:\/\/www.ghostysky.com\/product\/ouster-os1-32-rev7\/#primaryimage"},"image":{"@id":"https:\/\/www.ghostysky.com\/product\/ouster-os1-32-rev7\/#primaryimage"},"thumbnailUrl":"https:\/\/www.ghostysky.com\/wp-content\/uploads\/2025\/10\/GH_Ouster-Ouster-OS0-32-Rev7_1.png","datePublished":"2025-10-19T09:54:44+00:00","dateModified":"2025-10-19T09:57:25+00:00","description":"O Ouster OS1-32 Rev7 \u00e9 um sensor LiDAR digital de m\u00e9dio alcance e alto desempenho, constru\u00eddo no chip lidar digital L3 avan\u00e7ado da Ouster, projetado para uma ampla gama de aplica\u00e7\u00f5es exigentes, incluindo automa\u00e7\u00e3o industrial, ve\u00edculos aut\u00f4nomos, rob\u00f3tica e mapeamento. Como membro da fam\u00edlia Ouster OS1, o OS1-32 Rev7 oferece um equil\u00edbrio ideal de alcance, campo de vis\u00e3o, resolu\u00e7\u00e3o e um formato compacto.","breadcrumb":{"@id":"https:\/\/www.ghostysky.com\/product\/ouster-os1-32-rev7\/#breadcrumb"},"inLanguage":"pt-PT","potentialAction":[{"@type":"ReadAction","target":["https:\/\/www.ghostysky.com\/product\/ouster-os1-32-rev7\/"]}]},{"@type":"ImageObject","inLanguage":"pt-PT","@id":"https:\/\/www.ghostysky.com\/product\/ouster-os1-32-rev7\/#primaryimage","url":"https:\/\/www.ghostysky.com\/wp-content\/uploads\/2025\/10\/GH_Ouster-Ouster-OS0-32-Rev7_1.png","contentUrl":"https:\/\/www.ghostysky.com\/wp-content\/uploads\/2025\/10\/GH_Ouster-Ouster-OS0-32-Rev7_1.png","width":800,"height":800},{"@type":"BreadcrumbList","@id":"https:\/\/www.ghostysky.com\/product\/ouster-os1-32-rev7\/#breadcrumb","itemListElement":[{"@type":"ListItem","position":1,"name":"Home","item":"https:\/\/www.ghostysky.com\/"},{"@type":"ListItem","position":2,"name":"Shop","item":"https:\/\/www.ghostysky.com\/shop\/"},{"@type":"ListItem","position":3,"name":"Ouster OS1-32 Rev7"}]},{"@type":"WebSite","@id":"https:\/\/www.ghostysky.com\/#website","url":"https:\/\/www.ghostysky.com\/","name":"Ghostysky","description":"Fornecendo drones e servi\u00e7os profissionais","publisher":{"@id":"https:\/\/www.ghostysky.com\/#organization"},"potentialAction":[{"@type":"SearchAction","target":{"@type":"EntryPoint","urlTemplate":"https:\/\/www.ghostysky.com\/?s={search_term_string}"},"query-input":{"@type":"PropertyValueSpecification","valueRequired":true,"valueName":"search_term_string"}}],"inLanguage":"pt-PT"},{"@type":"Organization","@id":"https:\/\/www.ghostysky.com\/#organization","name":"Ghostysky","url":"https:\/\/www.ghostysky.com\/","logo":{"@type":"ImageObject","inLanguage":"pt-PT","@id":"https:\/\/www.ghostysky.com\/#\/schema\/logo\/image\/","url":"https:\/\/www.ghostysky.com\/wp-content\/uploads\/2020\/06\/cropped-ghostyskylogo_text_white2.png","contentUrl":"https:\/\/www.ghostysky.com\/wp-content\/uploads\/2020\/06\/cropped-ghostyskylogo_text_white2.png","width":169,"height":56,"caption":"Ghostysky"},"image":{"@id":"https:\/\/www.ghostysky.com\/#\/schema\/logo\/image\/"},"sameAs":["https:\/\/www.facebook.com\/people\/Ghostysky\/100057676170234\/","https:\/\/x.com\/Gh0stysky","https:\/\/www.linkedin.com\/company\/34739653","https:\/\/www.instagram.com\/gh0stysky"]}]}},"_links":{"self":[{"href":"https:\/\/www.ghostysky.com\/pt\/wp-json\/wp\/v2\/product\/21998","targetHints":{"allow":["GET"]}}],"collection":[{"href":"https:\/\/www.ghostysky.com\/pt\/wp-json\/wp\/v2\/product"}],"about":[{"href":"https:\/\/www.ghostysky.com\/pt\/wp-json\/wp\/v2\/types\/product"}],"replies":[{"embeddable":true,"href":"https:\/\/www.ghostysky.com\/pt\/wp-json\/wp\/v2\/comments?post=21998"}],"version-history":[{"count":0,"href":"https:\/\/www.ghostysky.com\/pt\/wp-json\/wp\/v2\/product\/21998\/revisions"}],"wp:featuredmedia":[{"embeddable":true,"href":"https:\/\/www.ghostysky.com\/pt\/wp-json\/wp\/v2\/media\/21979"}],"wp:attachment":[{"href":"https:\/\/www.ghostysky.com\/pt\/wp-json\/wp\/v2\/media?parent=21998"}],"wp:term":[{"taxonomy":"product_brand","embeddable":true,"href":"https:\/\/www.ghostysky.com\/pt\/wp-json\/wp\/v2\/product_brand?post=21998"},{"taxonomy":"product_cat","embeddable":true,"href":"https:\/\/www.ghostysky.com\/pt\/wp-json\/wp\/v2\/product_cat?post=21998"},{"taxonomy":"product_tag","embeddable":true,"href":"https:\/\/www.ghostysky.com\/pt\/wp-json\/wp\/v2\/product_tag?post=21998"}],"curies":[{"name":"wp","href":"https:\/\/api.w.org\/{rel}","templated":true}]}}