{"id":22004,"date":"2025-10-19T09:59:28","date_gmt":"2025-10-19T09:59:28","guid":{"rendered":"https:\/\/www.ghostysky.com\/?post_type=product&#038;p=22004"},"modified":"2026-02-24T14:05:12","modified_gmt":"2026-02-24T14:05:12","slug":"ouster-os1-64-rev7","status":"publish","type":"product","link":"https:\/\/www.ghostysky.com\/pt\/product\/ouster-os1-64-rev7\/","title":{"rendered":"Ouster OS1-64 Rev7"},"content":{"rendered":"<div id=\"model-response-message-contentr_8cade3a3a392d67c\" class=\"markdown markdown-main-panel stronger enable-updated-hr-color\" dir=\"ltr\">\n<div id=\"model-response-message-contentr_13f1f7e95ab2a8ec\" class=\"markdown markdown-main-panel stronger enable-updated-hr-color\" dir=\"ltr\">\n<h3><b>Principais recursos e benef\u00edcios<\/b><\/h3>\n<ul>\n<li><b>Desempenho de m\u00e9dio alcance:<\/b><span class=\"citation-345\"> O OS1 \u00e9 otimizado para aplica\u00e7\u00f5es de m\u00e9dio porte, agora apresentando uma gama significativamente estendida de <\/span><b><span class=\"citation-345\">90 metros<\/span><\/b><span class=\"citation-345\"> em um alvo reflexivo escuro 10% e um alcance m\u00e1ximo de mais de <\/span><b><span class=\"citation-345\">200 metros<\/span><\/b><span class=\"citation-345 citation-end-345\">.<\/span><\/li>\n<li><b><span class=\"citation-344\">Alta resolu\u00e7\u00e3o:<\/span><\/b><span class=\"citation-344\"> Ele oferece <\/span><b><span class=\"citation-344\">64 canais<\/span><\/b><span class=\"citation-344 citation-end-344\"> de resolu\u00e7\u00e3o vertical, juntamente com resolu\u00e7\u00e3o horizontal configur\u00e1vel de at\u00e9 2048, proporcionando nuvens de pontos 3D n\u00edtidas, densas e altamente precisas.<\/span> <span class=\"citation-343\">Pode gerar at\u00e9 <\/span><b><span class=\"citation-343\">2.621.440 pontos por segundo<\/span><\/b><span class=\"citation-343 citation-end-343\"> (64 canais, modo de retorno duplo).<\/span><\/li>\n<li><b><span class=\"citation-342\">Amplo campo de vis\u00e3o (FoV):<\/span><\/b><span class=\"citation-342\"> Fornece uma vis\u00e3o abrangente <\/span><b><span class=\"citation-342\">Campo de vis\u00e3o horizontal de 360\u00b0<\/span><\/b><span class=\"citation-342\"> e um <\/span><b><span class=\"citation-342\">Campo de vis\u00e3o vertical de 45\u00b0<\/span><\/b><span class=\"citation-342 citation-end-342\"> (<\/span><span class=\"math-inline\" data-math=\"\\pm 22.5^\\circ\">+- 22,5\u00ba<\/span><span class=\"citation-341 citation-end-341\">), garantindo excelente cobertura para percep\u00e7\u00e3o ambiental.<\/span><\/li>\n<li><b>Chip L3 alimentado por:<\/b><span class=\"citation-340\"> A gera\u00e7\u00e3o Rev7 \u00e9 constru\u00edda no chip L3 de \u00faltima gera\u00e7\u00e3o da Ouster, que oferece melhorias significativas em rela\u00e7\u00e3o \u00e0s vers\u00f5es anteriores, incluindo <\/span><b><span class=\"citation-340\">o dobro do alcance<\/span><\/b><span class=\"citation-340\">, <\/span><b><span class=\"citation-340\">at\u00e9 10x maior sensibilidade a f\u00f3tons<\/span><\/b><span class=\"citation-340\">, e <\/span><b><span class=\"citation-340\">50% precis\u00e3o melhorada<\/span><\/b><span class=\"citation-340 citation-end-340\">.<\/span><\/li>\n<li><b><span class=\"citation-339\">Capacidades de gera\u00e7\u00e3o de imagens:<\/span><\/b><span class=\"citation-339 citation-end-339\"> Captura refletividade calibrada e dados de sinal e infravermelho pr\u00f3ximo de n\u00edvel de c\u00e2mera, fornecendo imagens 2D valiosas e perfeitamente correlacionadas junto com dados 3D.<\/span><\/li>\n<li><b>Extrema durabilidade e confiabilidade:<\/b><span class=\"citation-338\"> Constru\u00eddo para o mundo real, o sensor \u00e9 rigorosamente testado quanto \u00e0 robustez, ostentando <\/span><b><span class=\"citation-338\">IP68<\/span><\/b><span class=\"citation-338\"> e <\/span><b><span class=\"citation-338\">IP69K<\/span><\/b><span class=\"citation-338 citation-end-338\"> prote\u00e7\u00e3o contra entrada para opera\u00e7\u00e3o em todas as condi\u00e7\u00f5es clim\u00e1ticas e \u00e9 projetado para suportar choques e vibra\u00e7\u00f5es extremos.<\/span>\u00a0<span class=\"citation-337 citation-end-337\">Ele tamb\u00e9m apresenta uma ampla faixa de temperatura operacional (normalmente <\/span><span class=\"math-inline\" data-math=\"-40^\\circ\\text{C}\">-40\u00baC<\/span><span class=\"citation-336 citation-end-336\"> para <\/span><span class=\"math-inline\" data-math=\"+60^\\circ\\text{C}\">+60\u00baC<\/span><span class=\"citation-335 citation-end-335\">, ou superior com uma touca t\u00e9rmica).<\/span><\/li>\n<li><b><span class=\"citation-334\">Fator de forma compacto:<\/span><\/b><span class=\"citation-334 citation-end-334\"> Mant\u00e9m o tamanho pequeno e leve da fam\u00edlia OS1, facilitando a integra\u00e7\u00e3o em plataformas com restri\u00e7\u00f5es de espa\u00e7o, como UAVs, rob\u00f3tica e equipamentos de automa\u00e7\u00e3o industrial.<\/span><\/li>\n<li><b><span class=\"citation-333\">Aplica\u00e7\u00f5es vers\u00e1teis:<\/span><\/b><span class=\"citation-333\"> O OS1-64 Rev7 \u00e9 o sensor de escolha para uma ampla gama de casos de uso, incluindo <\/span><b><span class=\"citation-333\">automa\u00e7\u00e3o industrial<\/span><\/b><span class=\"citation-333\">, <\/span><b><span class=\"citation-333\">rob\u00f3tica<\/span><\/b><span class=\"citation-333\"> (por exemplo, rob\u00f4s m\u00f3veis aut\u00f4nomos), <\/span><b><span class=\"citation-333\">mapeamento\/levantamento de alta precis\u00e3o<\/span><\/b><span class=\"citation-333\">, <\/span><b><span class=\"citation-333\">ve\u00edculos aut\u00f4nomos<\/span><\/b><span class=\"citation-333\">, e <\/span><b><span class=\"citation-333\">infraestrutura inteligente<\/span><\/b><span class=\"citation-333 citation-end-333\"> (ITS, seguran\u00e7a).<\/span><\/li>\n<\/ul>\n<\/div>\n<\/div>","protected":false},"excerpt":{"rendered":"<p><span class=\"citation-347\">O <\/span><b><span class=\"citation-347\">Ouster OS1-64 Rev7<\/span><\/b><span class=\"citation-347 citation-end-347\"> \u00e9 um poderoso sensor digital LiDAR de m\u00e9dio alcance e alta resolu\u00e7\u00e3o, parte da linha avan\u00e7ada Rev7 da Ouster, alimentado pelo revolucion\u00e1rio chip L3.<\/span> <span class=\"citation-346 citation-end-346\">Ele atinge um equil\u00edbrio l\u00edder do setor entre resolu\u00e7\u00e3o, alcance e formato compacto, tornando-o a escolha vers\u00e1til para aplica\u00e7\u00f5es exigentes em v\u00e1rios setores.<\/span><\/p>\n<div class=\"source-inline-chip-container ng-star-inserted\"><\/div>\n<div class=\"source-inline-chip-container ng-star-inserted\"><\/div>\n<p>&nbsp;<\/p>","protected":false},"featured_media":21979,"comment_status":"open","ping_status":"closed","template":"","meta":[],"product_brand":[1140],"product_cat":[1139,1037,1040],"product_tag":[1142,1141],"class_list":{"0":"post-22004","1":"product","2":"type-product","3":"status-publish","4":"has-post-thumbnail","6":"product_brand-ouster","7":"product_cat-ouster-lidars","8":"product_cat-robotics","9":"product_cat-sensors-robotics","10":"product_tag-ouster-dome-lidar","11":"product_tag-ouster-lidars","13":"first","14":"onbackorder","15":"taxable","16":"shipping-taxable","17":"purchasable","18":"product-type-simple"},"yoast_head":"<!-- This site is optimized with the Yoast SEO plugin v27.1.1 - https:\/\/yoast.com\/product\/yoast-seo-wordpress\/ -->\n<title>Ouster OS1-64 Rev7 - Ghostysky<\/title>\n<meta name=\"description\" content=\"The Ouster OS1-64 Rev7 is a powerful mid-range, high-resolution digital LiDAR sensor, part of Ouster&#039;s advanced Rev7 lineup powered by the revolutionary L3 chip. It strikes an industry-leading balance of resolution, range, and compact form factor, making it the versatile choice for demanding applications across various industries.\" \/>\n<meta name=\"robots\" content=\"index, follow, max-snippet:-1, max-image-preview:large, max-video-preview:-1\" \/>\n<link rel=\"canonical\" href=\"https:\/\/www.ghostysky.com\/pt\/produto-2\/ouster-os1-64-rev7\/\" \/>\n<meta property=\"og:locale\" content=\"pt_PT\" \/>\n<meta property=\"og:type\" content=\"article\" \/>\n<meta property=\"og:title\" content=\"Ouster OS1-64 Rev7 - Ghostysky\" \/>\n<meta property=\"og:description\" content=\"The Ouster OS1-64 Rev7 is a powerful mid-range, high-resolution digital LiDAR sensor, part of Ouster&#039;s advanced Rev7 lineup powered by the revolutionary L3 chip. It strikes an industry-leading balance of resolution, range, and compact form factor, making it the versatile choice for demanding applications across various industries.\" \/>\n<meta property=\"og:url\" content=\"https:\/\/www.ghostysky.com\/pt\/produto-2\/ouster-os1-64-rev7\/\" \/>\n<meta property=\"og:site_name\" content=\"Ghostysky\" \/>\n<meta property=\"article:publisher\" content=\"https:\/\/www.facebook.com\/people\/Ghostysky\/100057676170234\/\" \/>\n<meta property=\"article:modified_time\" content=\"2026-02-24T14:05:12+00:00\" \/>\n<meta property=\"og:image\" content=\"https:\/\/www.ghostysky.com\/wp-content\/uploads\/2025\/10\/GH_Ouster-Ouster-OS0-32-Rev7_1.png\" \/>\n\t<meta property=\"og:image:width\" content=\"800\" \/>\n\t<meta property=\"og:image:height\" content=\"800\" \/>\n\t<meta property=\"og:image:type\" content=\"image\/png\" \/>\n<meta name=\"twitter:card\" content=\"summary_large_image\" \/>\n<meta name=\"twitter:site\" content=\"@Gh0stysky\" \/>\n<meta name=\"twitter:label1\" content=\"Tempo estimado de leitura\" \/>\n\t<meta name=\"twitter:data1\" content=\"2 minutos\" \/>\n<script type=\"application\/ld+json\" class=\"yoast-schema-graph\">{\"@context\":\"https:\/\/schema.org\",\"@graph\":[{\"@type\":\"WebPage\",\"@id\":\"https:\/\/www.ghostysky.com\/product\/ouster-os1-64-rev7\/\",\"url\":\"https:\/\/www.ghostysky.com\/product\/ouster-os1-64-rev7\/\",\"name\":\"Ouster OS1-64 Rev7 - Ghostysky\",\"isPartOf\":{\"@id\":\"https:\/\/www.ghostysky.com\/#website\"},\"primaryImageOfPage\":{\"@id\":\"https:\/\/www.ghostysky.com\/product\/ouster-os1-64-rev7\/#primaryimage\"},\"image\":{\"@id\":\"https:\/\/www.ghostysky.com\/product\/ouster-os1-64-rev7\/#primaryimage\"},\"thumbnailUrl\":\"https:\/\/www.ghostysky.com\/wp-content\/uploads\/2025\/10\/GH_Ouster-Ouster-OS0-32-Rev7_1.png\",\"datePublished\":\"2025-10-19T09:59:28+00:00\",\"dateModified\":\"2026-02-24T14:05:12+00:00\",\"description\":\"The Ouster OS1-64 Rev7 is a powerful mid-range, high-resolution digital LiDAR sensor, part of Ouster's advanced Rev7 lineup powered by the revolutionary L3 chip. It strikes an industry-leading balance of resolution, range, and compact form factor, making it the versatile choice for demanding applications across various industries.\",\"breadcrumb\":{\"@id\":\"https:\/\/www.ghostysky.com\/product\/ouster-os1-64-rev7\/#breadcrumb\"},\"inLanguage\":\"pt-PT\",\"potentialAction\":[{\"@type\":\"ReadAction\",\"target\":[\"https:\/\/www.ghostysky.com\/product\/ouster-os1-64-rev7\/\"]}]},{\"@type\":\"ImageObject\",\"inLanguage\":\"pt-PT\",\"@id\":\"https:\/\/www.ghostysky.com\/product\/ouster-os1-64-rev7\/#primaryimage\",\"url\":\"https:\/\/www.ghostysky.com\/wp-content\/uploads\/2025\/10\/GH_Ouster-Ouster-OS0-32-Rev7_1.png\",\"contentUrl\":\"https:\/\/www.ghostysky.com\/wp-content\/uploads\/2025\/10\/GH_Ouster-Ouster-OS0-32-Rev7_1.png\",\"width\":800,\"height\":800},{\"@type\":\"BreadcrumbList\",\"@id\":\"https:\/\/www.ghostysky.com\/product\/ouster-os1-64-rev7\/#breadcrumb\",\"itemListElement\":[{\"@type\":\"ListItem\",\"position\":1,\"name\":\"Home\",\"item\":\"https:\/\/www.ghostysky.com\/\"},{\"@type\":\"ListItem\",\"position\":2,\"name\":\"Shop\",\"item\":\"https:\/\/www.ghostysky.com\/shop\/\"},{\"@type\":\"ListItem\",\"position\":3,\"name\":\"Ouster OS1-64 Rev7\"}]},{\"@type\":\"WebSite\",\"@id\":\"https:\/\/www.ghostysky.com\/#website\",\"url\":\"https:\/\/www.ghostysky.com\/\",\"name\":\"Ghostysky\",\"description\":\"Delivering professional drones and services\",\"publisher\":{\"@id\":\"https:\/\/www.ghostysky.com\/#organization\"},\"potentialAction\":[{\"@type\":\"SearchAction\",\"target\":{\"@type\":\"EntryPoint\",\"urlTemplate\":\"https:\/\/www.ghostysky.com\/?s={search_term_string}\"},\"query-input\":{\"@type\":\"PropertyValueSpecification\",\"valueRequired\":true,\"valueName\":\"search_term_string\"}}],\"inLanguage\":\"pt-PT\"},{\"@type\":\"Organization\",\"@id\":\"https:\/\/www.ghostysky.com\/#organization\",\"name\":\"Ghostysky\",\"url\":\"https:\/\/www.ghostysky.com\/\",\"logo\":{\"@type\":\"ImageObject\",\"inLanguage\":\"pt-PT\",\"@id\":\"https:\/\/www.ghostysky.com\/#\/schema\/logo\/image\/\",\"url\":\"https:\/\/www.ghostysky.com\/wp-content\/uploads\/2020\/06\/cropped-ghostyskylogo_text_white2.png\",\"contentUrl\":\"https:\/\/www.ghostysky.com\/wp-content\/uploads\/2020\/06\/cropped-ghostyskylogo_text_white2.png\",\"width\":169,\"height\":56,\"caption\":\"Ghostysky\"},\"image\":{\"@id\":\"https:\/\/www.ghostysky.com\/#\/schema\/logo\/image\/\"},\"sameAs\":[\"https:\/\/www.facebook.com\/people\/Ghostysky\/100057676170234\/\",\"https:\/\/x.com\/Gh0stysky\",\"https:\/\/www.linkedin.com\/company\/34739653\",\"https:\/\/www.instagram.com\/gh0stysky\"]}]}<\/script>\n<!-- \/ Yoast SEO plugin. -->","yoast_head_json":{"title":"Ouster OS1-64 Rev7 - Ghostysky","description":"O Ouster OS1-64 Rev7 \u00e9 um potente sensor digital LiDAR de m\u00e9dio alcance e alta resolu\u00e7\u00e3o, parte da avan\u00e7ada linha Rev7 da Ouster, equipada com o revolucion\u00e1rio chip L3. Ele oferece um equil\u00edbrio l\u00edder do setor entre resolu\u00e7\u00e3o, alcance e formato compacto, tornando-o a escolha vers\u00e1til para aplica\u00e7\u00f5es exigentes em diversos setores.","robots":{"index":"index","follow":"follow","max-snippet":"max-snippet:-1","max-image-preview":"max-image-preview:large","max-video-preview":"max-video-preview:-1"},"canonical":"https:\/\/www.ghostysky.com\/pt\/produto-2\/ouster-os1-64-rev7\/","og_locale":"pt_PT","og_type":"article","og_title":"Ouster OS1-64 Rev7 - Ghostysky","og_description":"The Ouster OS1-64 Rev7 is a powerful mid-range, high-resolution digital LiDAR sensor, part of Ouster's advanced Rev7 lineup powered by the revolutionary L3 chip. It strikes an industry-leading balance of resolution, range, and compact form factor, making it the versatile choice for demanding applications across various industries.","og_url":"https:\/\/www.ghostysky.com\/pt\/produto-2\/ouster-os1-64-rev7\/","og_site_name":"Ghostysky","article_publisher":"https:\/\/www.facebook.com\/people\/Ghostysky\/100057676170234\/","article_modified_time":"2026-02-24T14:05:12+00:00","og_image":[{"width":800,"height":800,"url":"https:\/\/www.ghostysky.com\/wp-content\/uploads\/2025\/10\/GH_Ouster-Ouster-OS0-32-Rev7_1.png","type":"image\/png"}],"twitter_card":"summary_large_image","twitter_site":"@Gh0stysky","twitter_misc":{"Tempo estimado de leitura":"2 minutos"},"schema":{"@context":"https:\/\/schema.org","@graph":[{"@type":"WebPage","@id":"https:\/\/www.ghostysky.com\/product\/ouster-os1-64-rev7\/","url":"https:\/\/www.ghostysky.com\/product\/ouster-os1-64-rev7\/","name":"Ouster OS1-64 Rev7 - Ghostysky","isPartOf":{"@id":"https:\/\/www.ghostysky.com\/#website"},"primaryImageOfPage":{"@id":"https:\/\/www.ghostysky.com\/product\/ouster-os1-64-rev7\/#primaryimage"},"image":{"@id":"https:\/\/www.ghostysky.com\/product\/ouster-os1-64-rev7\/#primaryimage"},"thumbnailUrl":"https:\/\/www.ghostysky.com\/wp-content\/uploads\/2025\/10\/GH_Ouster-Ouster-OS0-32-Rev7_1.png","datePublished":"2025-10-19T09:59:28+00:00","dateModified":"2026-02-24T14:05:12+00:00","description":"O Ouster OS1-64 Rev7 \u00e9 um potente sensor digital LiDAR de m\u00e9dio alcance e alta resolu\u00e7\u00e3o, parte da avan\u00e7ada linha Rev7 da Ouster, equipada com o revolucion\u00e1rio chip L3. Ele oferece um equil\u00edbrio l\u00edder do setor entre resolu\u00e7\u00e3o, alcance e formato compacto, tornando-o a escolha vers\u00e1til para aplica\u00e7\u00f5es exigentes em diversos setores.","breadcrumb":{"@id":"https:\/\/www.ghostysky.com\/product\/ouster-os1-64-rev7\/#breadcrumb"},"inLanguage":"pt-PT","potentialAction":[{"@type":"ReadAction","target":["https:\/\/www.ghostysky.com\/product\/ouster-os1-64-rev7\/"]}]},{"@type":"ImageObject","inLanguage":"pt-PT","@id":"https:\/\/www.ghostysky.com\/product\/ouster-os1-64-rev7\/#primaryimage","url":"https:\/\/www.ghostysky.com\/wp-content\/uploads\/2025\/10\/GH_Ouster-Ouster-OS0-32-Rev7_1.png","contentUrl":"https:\/\/www.ghostysky.com\/wp-content\/uploads\/2025\/10\/GH_Ouster-Ouster-OS0-32-Rev7_1.png","width":800,"height":800},{"@type":"BreadcrumbList","@id":"https:\/\/www.ghostysky.com\/product\/ouster-os1-64-rev7\/#breadcrumb","itemListElement":[{"@type":"ListItem","position":1,"name":"Home","item":"https:\/\/www.ghostysky.com\/"},{"@type":"ListItem","position":2,"name":"Shop","item":"https:\/\/www.ghostysky.com\/shop\/"},{"@type":"ListItem","position":3,"name":"Ouster OS1-64 Rev7"}]},{"@type":"WebSite","@id":"https:\/\/www.ghostysky.com\/#website","url":"https:\/\/www.ghostysky.com\/","name":"Ghostysky","description":"Fornecendo drones e servi\u00e7os profissionais","publisher":{"@id":"https:\/\/www.ghostysky.com\/#organization"},"potentialAction":[{"@type":"SearchAction","target":{"@type":"EntryPoint","urlTemplate":"https:\/\/www.ghostysky.com\/?s={search_term_string}"},"query-input":{"@type":"PropertyValueSpecification","valueRequired":true,"valueName":"search_term_string"}}],"inLanguage":"pt-PT"},{"@type":"Organization","@id":"https:\/\/www.ghostysky.com\/#organization","name":"Ghostysky","url":"https:\/\/www.ghostysky.com\/","logo":{"@type":"ImageObject","inLanguage":"pt-PT","@id":"https:\/\/www.ghostysky.com\/#\/schema\/logo\/image\/","url":"https:\/\/www.ghostysky.com\/wp-content\/uploads\/2020\/06\/cropped-ghostyskylogo_text_white2.png","contentUrl":"https:\/\/www.ghostysky.com\/wp-content\/uploads\/2020\/06\/cropped-ghostyskylogo_text_white2.png","width":169,"height":56,"caption":"Ghostysky"},"image":{"@id":"https:\/\/www.ghostysky.com\/#\/schema\/logo\/image\/"},"sameAs":["https:\/\/www.facebook.com\/people\/Ghostysky\/100057676170234\/","https:\/\/x.com\/Gh0stysky","https:\/\/www.linkedin.com\/company\/34739653","https:\/\/www.instagram.com\/gh0stysky"]}]}},"_links":{"self":[{"href":"https:\/\/www.ghostysky.com\/pt\/wp-json\/wp\/v2\/product\/22004","targetHints":{"allow":["GET"]}}],"collection":[{"href":"https:\/\/www.ghostysky.com\/pt\/wp-json\/wp\/v2\/product"}],"about":[{"href":"https:\/\/www.ghostysky.com\/pt\/wp-json\/wp\/v2\/types\/product"}],"replies":[{"embeddable":true,"href":"https:\/\/www.ghostysky.com\/pt\/wp-json\/wp\/v2\/comments?post=22004"}],"wp:featuredmedia":[{"embeddable":true,"href":"https:\/\/www.ghostysky.com\/pt\/wp-json\/wp\/v2\/media\/21979"}],"wp:attachment":[{"href":"https:\/\/www.ghostysky.com\/pt\/wp-json\/wp\/v2\/media?parent=22004"}],"wp:term":[{"taxonomy":"product_brand","embeddable":true,"href":"https:\/\/www.ghostysky.com\/pt\/wp-json\/wp\/v2\/product_brand?post=22004"},{"taxonomy":"product_cat","embeddable":true,"href":"https:\/\/www.ghostysky.com\/pt\/wp-json\/wp\/v2\/product_cat?post=22004"},{"taxonomy":"product_tag","embeddable":true,"href":"https:\/\/www.ghostysky.com\/pt\/wp-json\/wp\/v2\/product_tag?post=22004"}],"curies":[{"name":"wp","href":"https:\/\/api.w.org\/{rel}","templated":true}]}}