{"id":22005,"date":"2025-10-19T10:03:15","date_gmt":"2025-10-19T10:03:15","guid":{"rendered":"https:\/\/www.ghostysky.com\/?post_type=product&#038;p=22005"},"modified":"2025-10-19T10:05:28","modified_gmt":"2025-10-19T10:05:28","slug":"ouster-os1-128-rev7","status":"publish","type":"product","link":"https:\/\/www.ghostysky.com\/pt\/product\/ouster-os1-128-rev7\/","title":{"rendered":"Ouster OS1-128 Rev7"},"content":{"rendered":"<div id=\"model-response-message-contentr_8cade3a3a392d67c\" class=\"markdown markdown-main-panel stronger enable-updated-hr-color\" dir=\"ltr\">\n<div id=\"model-response-message-contentr_13f1f7e95ab2a8ec\" class=\"markdown markdown-main-panel stronger enable-updated-hr-color\" dir=\"ltr\">\n<p><b>Principais recursos do OS1-128 Rev7:<\/b><\/p>\n<ul>\n<li><b><span class=\"citation-370\">Resolu\u00e7\u00e3o ultra-alta:<\/span><\/b><span class=\"citation-370\"> Recursos <\/span><b><span class=\"citation-370\">128 canais<\/span><\/b><span class=\"citation-370\"> de resolu\u00e7\u00e3o vertical, fornecendo nuvens de pontos ultradensas e limpas com at\u00e9 <\/span><b><span class=\"citation-370\">5,2 milh\u00f5es de pontos por segundo<\/span><\/b><span class=\"citation-370 citation-end-370\">.<\/span> <span class=\"citation-369 citation-end-369\">Esse n\u00edvel de detalhe \u00e9 essencial para a detec\u00e7\u00e3o precisa de objetos, localiza\u00e7\u00e3o e modelagem ambiental.<\/span><\/li>\n<li><b>Desempenho aprimorado de m\u00e9dio alcance:<\/b><span class=\"citation-368 citation-end-368\"> O Rev7, gra\u00e7as ao chip L3, oferece um alcance significativamente melhorado.<\/span> <span class=\"citation-367\">Pode ver um <\/span><b><span class=\"citation-367\">Alvo refletivo 10% de at\u00e9 90 metros<\/span><\/b><span class=\"citation-367\"> e tem um alcance m\u00e1ximo represent\u00e1vel de mais de <\/span><b><span class=\"citation-367\">200 metros<\/span><\/b><span class=\"citation-367 citation-end-367\">.<\/span><\/li>\n<li><b><span class=\"citation-366\">Amplo campo de vis\u00e3o (FoV):<\/span><\/b><span class=\"citation-366\"> Fornece um <\/span><b><span class=\"citation-366\">360\u00b0 horizontais<\/span><\/b><span class=\"citation-366\"> campo de vis\u00e3o e um <\/span><b><span class=\"citation-366\">45\u00b0 vertical<\/span><\/b><span class=\"citation-366 citation-end-366\"> campo de vis\u00e3o, garantindo percep\u00e7\u00e3o abrangente e de alta defini\u00e7\u00e3o do ambiente com pontos cegos m\u00ednimos.<\/span><\/li>\n<li><b>Tecnologia Digital LiDAR:<\/b><span class=\"citation-365 citation-end-365\"> Desenvolvido com base na tecnologia Multi-Beam Flash Lidar da Ouster, usando detectores de diodo de avalanche de f\u00f3ton \u00fanico (SPAD), que oferecem desempenho superior em diferentes condi\u00e7\u00f5es de ilumina\u00e7\u00e3o, incluindo luz solar intensa.<\/span><\/li>\n<li><b><span class=\"citation-364\">Retornos duplos:<\/span><\/b><span class=\"citation-364\"> O sensor captura <\/span><b><span class=\"citation-364\">dois retornos<\/span><\/b><span class=\"citation-364 citation-end-364\"> por pulso de laser, melhorando a visibilidade atrav\u00e9s de obst\u00e1culos como neblina, poeira e folhagem.<\/span><\/li>\n<li><b><span class=\"citation-363\">Dados da c\u00e2mera infravermelha pr\u00f3xima incorporada:<\/span><\/b><span class=\"citation-363 citation-end-363\"> O chip L3 fornece uma imagem 2D semelhante a uma c\u00e2mera infravermelha pr\u00f3xima, perfeitamente correlacionada com os dados 3D LiDAR, permitindo que algoritmos de vis\u00e3o computacional sejam executados em ambos os fluxos de dados.<\/span><\/li>\n<li><b><span class=\"citation-362\">Design robusto e confi\u00e1vel:<\/span><\/b><span class=\"citation-362\"> Ele foi constru\u00eddo para confiabilidade no mundo real, projetado para lidar com choques e vibra\u00e7\u00f5es extremas e possui um <\/span><b><span class=\"citation-362\">Classifica\u00e7\u00e3o de prote\u00e7\u00e3o de entrada IP68 e IP69K<\/span><\/b><span class=\"citation-362 citation-end-362\">, tornando-o adequado para ambientes adversos e em qualquer clima.<\/span><\/li>\n<li><b>Fator de forma compacto:<\/b><span class=\"citation-361 citation-end-361\"> O OS1 mant\u00e9m um design compacto e leve, facilitando a integra\u00e7\u00e3o perfeita em v\u00e1rias plataformas, incluindo ve\u00edculos aut\u00f4nomos, drones e rob\u00f4s.<\/span><\/li>\n<li><b>Pronto para Autonomia:<\/b><span class=\"citation-360\"> Suporta sa\u00edda de dados de alta frequ\u00eancia e baixa lat\u00eancia (at\u00e9 20 Hz) e oferece <\/span><b><span class=\"citation-360\">Ethernet automotiva 1000BASE-T1<\/span><\/b><span class=\"citation-360 citation-end-360\"> como uma op\u00e7\u00e3o para integra\u00e7\u00e3o simplificada em pilhas de autonomia automotiva.<\/span><\/li>\n<\/ul>\n<p>O OS1-128 Rev7 \u00e9 o sensor de escolha para aplica\u00e7\u00f5es que exigem percep\u00e7\u00e3o de m\u00e9dio alcance confi\u00e1vel e de alta resolu\u00e7\u00e3o em um pacote compacto de n\u00edvel industrial.<\/p>\n<\/div>\n<\/div>","protected":false},"excerpt":{"rendered":"<p><span class=\"citation-371\">A Expuls\u00e3o <\/span><b><span class=\"citation-371\">OS1-128 Rev7<\/span><\/b><span class=\"citation-371\"> \u00e9 um sensor LiDAR digital de m\u00e9dio alcance e alta resolu\u00e7\u00e3o, parte da linha avan\u00e7ada Rev7 da Ouster, alimentada pelo propriet\u00e1rio <\/span><b><span class=\"citation-371\">Chip L3<\/span><\/b><span class=\"citation-371 citation-end-371\">.<\/span> Ele foi projetado para oferecer uma combina\u00e7\u00e3o superior de alcance, resolu\u00e7\u00e3o e robustez para aplica\u00e7\u00f5es exigentes em autonomia, rob\u00f3tica, mapeamento e automa\u00e7\u00e3o industrial.<\/p>","protected":false},"featured_media":21979,"comment_status":"open","ping_status":"closed","template":"","meta":[],"product_brand":[1140],"product_cat":[1139,1037,1040],"product_tag":[1142,1141],"class_list":{"0":"post-22005","1":"product","2":"type-product","3":"status-publish","4":"has-post-thumbnail","6":"product_brand-ouster","7":"product_cat-ouster-lidars","8":"product_cat-robotics","9":"product_cat-sensors-robotics","10":"product_tag-ouster-dome-lidar","11":"product_tag-ouster-lidars","13":"first","14":"onbackorder","15":"taxable","16":"shipping-taxable","17":"purchasable","18":"product-type-simple"},"yoast_head":"<!-- This site is optimized with the Yoast SEO plugin v27.1.1 - https:\/\/yoast.com\/product\/yoast-seo-wordpress\/ -->\n<title>Ouster OS1-128 Rev7 - Ghostysky<\/title>\n<meta name=\"description\" content=\"The Ouster OS1-128 Rev7 is a high-resolution, mid-range digital LiDAR sensor, part of Ouster&#039;s advanced Rev7 lineup powered by the proprietary L3 chip. It is designed to offer a superior combination of range, resolution, and ruggedness for demanding applications in autonomy, robotics, mapping, and industrial automation.\" \/>\n<meta name=\"robots\" content=\"index, follow, max-snippet:-1, max-image-preview:large, max-video-preview:-1\" \/>\n<link rel=\"canonical\" href=\"https:\/\/www.ghostysky.com\/pt\/produto-2\/ouster-os1-128-rev7\/\" \/>\n<meta property=\"og:locale\" content=\"pt_PT\" \/>\n<meta property=\"og:type\" content=\"article\" \/>\n<meta property=\"og:title\" content=\"Ouster OS1-128 Rev7 - Ghostysky\" \/>\n<meta property=\"og:description\" content=\"The Ouster OS1-128 Rev7 is a high-resolution, mid-range digital LiDAR sensor, part of Ouster&#039;s advanced Rev7 lineup powered by the proprietary L3 chip. It is designed to offer a superior combination of range, resolution, and ruggedness for demanding applications in autonomy, robotics, mapping, and industrial automation.\" \/>\n<meta property=\"og:url\" content=\"https:\/\/www.ghostysky.com\/pt\/produto-2\/ouster-os1-128-rev7\/\" \/>\n<meta property=\"og:site_name\" content=\"Ghostysky\" \/>\n<meta property=\"article:publisher\" content=\"https:\/\/www.facebook.com\/people\/Ghostysky\/100057676170234\/\" \/>\n<meta property=\"article:modified_time\" content=\"2025-10-19T10:05:28+00:00\" \/>\n<meta property=\"og:image\" content=\"https:\/\/www.ghostysky.com\/wp-content\/uploads\/2025\/10\/GH_Ouster-Ouster-OS0-32-Rev7_1.png\" \/>\n\t<meta property=\"og:image:width\" content=\"800\" \/>\n\t<meta property=\"og:image:height\" content=\"800\" \/>\n\t<meta property=\"og:image:type\" content=\"image\/png\" \/>\n<meta name=\"twitter:card\" content=\"summary_large_image\" \/>\n<meta name=\"twitter:site\" content=\"@Gh0stysky\" \/>\n<meta name=\"twitter:label1\" content=\"Tempo estimado de leitura\" \/>\n\t<meta name=\"twitter:data1\" content=\"2 minutos\" \/>\n<script type=\"application\/ld+json\" class=\"yoast-schema-graph\">{\"@context\":\"https:\/\/schema.org\",\"@graph\":[{\"@type\":\"WebPage\",\"@id\":\"https:\/\/www.ghostysky.com\/product\/ouster-os1-128-rev7\/\",\"url\":\"https:\/\/www.ghostysky.com\/product\/ouster-os1-128-rev7\/\",\"name\":\"Ouster OS1-128 Rev7 - Ghostysky\",\"isPartOf\":{\"@id\":\"https:\/\/www.ghostysky.com\/#website\"},\"primaryImageOfPage\":{\"@id\":\"https:\/\/www.ghostysky.com\/product\/ouster-os1-128-rev7\/#primaryimage\"},\"image\":{\"@id\":\"https:\/\/www.ghostysky.com\/product\/ouster-os1-128-rev7\/#primaryimage\"},\"thumbnailUrl\":\"https:\/\/www.ghostysky.com\/wp-content\/uploads\/2025\/10\/GH_Ouster-Ouster-OS0-32-Rev7_1.png\",\"datePublished\":\"2025-10-19T10:03:15+00:00\",\"dateModified\":\"2025-10-19T10:05:28+00:00\",\"description\":\"The Ouster OS1-128 Rev7 is a high-resolution, mid-range digital LiDAR sensor, part of Ouster's advanced Rev7 lineup powered by the proprietary L3 chip. It is designed to offer a superior combination of range, resolution, and ruggedness for demanding applications in autonomy, robotics, mapping, and industrial automation.\",\"breadcrumb\":{\"@id\":\"https:\/\/www.ghostysky.com\/product\/ouster-os1-128-rev7\/#breadcrumb\"},\"inLanguage\":\"pt-PT\",\"potentialAction\":[{\"@type\":\"ReadAction\",\"target\":[\"https:\/\/www.ghostysky.com\/product\/ouster-os1-128-rev7\/\"]}]},{\"@type\":\"ImageObject\",\"inLanguage\":\"pt-PT\",\"@id\":\"https:\/\/www.ghostysky.com\/product\/ouster-os1-128-rev7\/#primaryimage\",\"url\":\"https:\/\/www.ghostysky.com\/wp-content\/uploads\/2025\/10\/GH_Ouster-Ouster-OS0-32-Rev7_1.png\",\"contentUrl\":\"https:\/\/www.ghostysky.com\/wp-content\/uploads\/2025\/10\/GH_Ouster-Ouster-OS0-32-Rev7_1.png\",\"width\":800,\"height\":800},{\"@type\":\"BreadcrumbList\",\"@id\":\"https:\/\/www.ghostysky.com\/product\/ouster-os1-128-rev7\/#breadcrumb\",\"itemListElement\":[{\"@type\":\"ListItem\",\"position\":1,\"name\":\"Home\",\"item\":\"https:\/\/www.ghostysky.com\/\"},{\"@type\":\"ListItem\",\"position\":2,\"name\":\"Shop\",\"item\":\"https:\/\/www.ghostysky.com\/shop\/\"},{\"@type\":\"ListItem\",\"position\":3,\"name\":\"Ouster OS1-128 Rev7\"}]},{\"@type\":\"WebSite\",\"@id\":\"https:\/\/www.ghostysky.com\/#website\",\"url\":\"https:\/\/www.ghostysky.com\/\",\"name\":\"Ghostysky\",\"description\":\"Delivering professional drones and services\",\"publisher\":{\"@id\":\"https:\/\/www.ghostysky.com\/#organization\"},\"potentialAction\":[{\"@type\":\"SearchAction\",\"target\":{\"@type\":\"EntryPoint\",\"urlTemplate\":\"https:\/\/www.ghostysky.com\/?s={search_term_string}\"},\"query-input\":{\"@type\":\"PropertyValueSpecification\",\"valueRequired\":true,\"valueName\":\"search_term_string\"}}],\"inLanguage\":\"pt-PT\"},{\"@type\":\"Organization\",\"@id\":\"https:\/\/www.ghostysky.com\/#organization\",\"name\":\"Ghostysky\",\"url\":\"https:\/\/www.ghostysky.com\/\",\"logo\":{\"@type\":\"ImageObject\",\"inLanguage\":\"pt-PT\",\"@id\":\"https:\/\/www.ghostysky.com\/#\/schema\/logo\/image\/\",\"url\":\"https:\/\/www.ghostysky.com\/wp-content\/uploads\/2020\/06\/cropped-ghostyskylogo_text_white2.png\",\"contentUrl\":\"https:\/\/www.ghostysky.com\/wp-content\/uploads\/2020\/06\/cropped-ghostyskylogo_text_white2.png\",\"width\":169,\"height\":56,\"caption\":\"Ghostysky\"},\"image\":{\"@id\":\"https:\/\/www.ghostysky.com\/#\/schema\/logo\/image\/\"},\"sameAs\":[\"https:\/\/www.facebook.com\/people\/Ghostysky\/100057676170234\/\",\"https:\/\/x.com\/Gh0stysky\",\"https:\/\/www.linkedin.com\/company\/34739653\",\"https:\/\/www.instagram.com\/gh0stysky\"]}]}<\/script>\n<!-- \/ Yoast SEO plugin. -->","yoast_head_json":{"title":"Ouster OS1-128 Rev7 - Ghostysky","description":"O Ouster OS1-128 Rev7 \u00e9 um sensor LiDAR digital de m\u00e9dio alcance e alta resolu\u00e7\u00e3o, parte da avan\u00e7ada linha Rev7 da Ouster, equipada com o chip propriet\u00e1rio L3. Ele foi projetado para oferecer uma combina\u00e7\u00e3o superior de alcance, resolu\u00e7\u00e3o e robustez para aplica\u00e7\u00f5es exigentes em autonomia, rob\u00f3tica, mapeamento e automa\u00e7\u00e3o industrial.","robots":{"index":"index","follow":"follow","max-snippet":"max-snippet:-1","max-image-preview":"max-image-preview:large","max-video-preview":"max-video-preview:-1"},"canonical":"https:\/\/www.ghostysky.com\/pt\/produto-2\/ouster-os1-128-rev7\/","og_locale":"pt_PT","og_type":"article","og_title":"Ouster OS1-128 Rev7 - Ghostysky","og_description":"The Ouster OS1-128 Rev7 is a high-resolution, mid-range digital LiDAR sensor, part of Ouster's advanced Rev7 lineup powered by the proprietary L3 chip. It is designed to offer a superior combination of range, resolution, and ruggedness for demanding applications in autonomy, robotics, mapping, and industrial automation.","og_url":"https:\/\/www.ghostysky.com\/pt\/produto-2\/ouster-os1-128-rev7\/","og_site_name":"Ghostysky","article_publisher":"https:\/\/www.facebook.com\/people\/Ghostysky\/100057676170234\/","article_modified_time":"2025-10-19T10:05:28+00:00","og_image":[{"width":800,"height":800,"url":"https:\/\/www.ghostysky.com\/wp-content\/uploads\/2025\/10\/GH_Ouster-Ouster-OS0-32-Rev7_1.png","type":"image\/png"}],"twitter_card":"summary_large_image","twitter_site":"@Gh0stysky","twitter_misc":{"Tempo estimado de leitura":"2 minutos"},"schema":{"@context":"https:\/\/schema.org","@graph":[{"@type":"WebPage","@id":"https:\/\/www.ghostysky.com\/product\/ouster-os1-128-rev7\/","url":"https:\/\/www.ghostysky.com\/product\/ouster-os1-128-rev7\/","name":"Ouster OS1-128 Rev7 - Ghostysky","isPartOf":{"@id":"https:\/\/www.ghostysky.com\/#website"},"primaryImageOfPage":{"@id":"https:\/\/www.ghostysky.com\/product\/ouster-os1-128-rev7\/#primaryimage"},"image":{"@id":"https:\/\/www.ghostysky.com\/product\/ouster-os1-128-rev7\/#primaryimage"},"thumbnailUrl":"https:\/\/www.ghostysky.com\/wp-content\/uploads\/2025\/10\/GH_Ouster-Ouster-OS0-32-Rev7_1.png","datePublished":"2025-10-19T10:03:15+00:00","dateModified":"2025-10-19T10:05:28+00:00","description":"O Ouster OS1-128 Rev7 \u00e9 um sensor LiDAR digital de m\u00e9dio alcance e alta resolu\u00e7\u00e3o, parte da avan\u00e7ada linha Rev7 da Ouster, equipada com o chip propriet\u00e1rio L3. Ele foi projetado para oferecer uma combina\u00e7\u00e3o superior de alcance, resolu\u00e7\u00e3o e robustez para aplica\u00e7\u00f5es exigentes em autonomia, rob\u00f3tica, mapeamento e automa\u00e7\u00e3o industrial.","breadcrumb":{"@id":"https:\/\/www.ghostysky.com\/product\/ouster-os1-128-rev7\/#breadcrumb"},"inLanguage":"pt-PT","potentialAction":[{"@type":"ReadAction","target":["https:\/\/www.ghostysky.com\/product\/ouster-os1-128-rev7\/"]}]},{"@type":"ImageObject","inLanguage":"pt-PT","@id":"https:\/\/www.ghostysky.com\/product\/ouster-os1-128-rev7\/#primaryimage","url":"https:\/\/www.ghostysky.com\/wp-content\/uploads\/2025\/10\/GH_Ouster-Ouster-OS0-32-Rev7_1.png","contentUrl":"https:\/\/www.ghostysky.com\/wp-content\/uploads\/2025\/10\/GH_Ouster-Ouster-OS0-32-Rev7_1.png","width":800,"height":800},{"@type":"BreadcrumbList","@id":"https:\/\/www.ghostysky.com\/product\/ouster-os1-128-rev7\/#breadcrumb","itemListElement":[{"@type":"ListItem","position":1,"name":"Home","item":"https:\/\/www.ghostysky.com\/"},{"@type":"ListItem","position":2,"name":"Shop","item":"https:\/\/www.ghostysky.com\/shop\/"},{"@type":"ListItem","position":3,"name":"Ouster OS1-128 Rev7"}]},{"@type":"WebSite","@id":"https:\/\/www.ghostysky.com\/#website","url":"https:\/\/www.ghostysky.com\/","name":"Ghostysky","description":"Fornecendo drones e servi\u00e7os profissionais","publisher":{"@id":"https:\/\/www.ghostysky.com\/#organization"},"potentialAction":[{"@type":"SearchAction","target":{"@type":"EntryPoint","urlTemplate":"https:\/\/www.ghostysky.com\/?s={search_term_string}"},"query-input":{"@type":"PropertyValueSpecification","valueRequired":true,"valueName":"search_term_string"}}],"inLanguage":"pt-PT"},{"@type":"Organization","@id":"https:\/\/www.ghostysky.com\/#organization","name":"Ghostysky","url":"https:\/\/www.ghostysky.com\/","logo":{"@type":"ImageObject","inLanguage":"pt-PT","@id":"https:\/\/www.ghostysky.com\/#\/schema\/logo\/image\/","url":"https:\/\/www.ghostysky.com\/wp-content\/uploads\/2020\/06\/cropped-ghostyskylogo_text_white2.png","contentUrl":"https:\/\/www.ghostysky.com\/wp-content\/uploads\/2020\/06\/cropped-ghostyskylogo_text_white2.png","width":169,"height":56,"caption":"Ghostysky"},"image":{"@id":"https:\/\/www.ghostysky.com\/#\/schema\/logo\/image\/"},"sameAs":["https:\/\/www.facebook.com\/people\/Ghostysky\/100057676170234\/","https:\/\/x.com\/Gh0stysky","https:\/\/www.linkedin.com\/company\/34739653","https:\/\/www.instagram.com\/gh0stysky"]}]}},"_links":{"self":[{"href":"https:\/\/www.ghostysky.com\/pt\/wp-json\/wp\/v2\/product\/22005","targetHints":{"allow":["GET"]}}],"collection":[{"href":"https:\/\/www.ghostysky.com\/pt\/wp-json\/wp\/v2\/product"}],"about":[{"href":"https:\/\/www.ghostysky.com\/pt\/wp-json\/wp\/v2\/types\/product"}],"replies":[{"embeddable":true,"href":"https:\/\/www.ghostysky.com\/pt\/wp-json\/wp\/v2\/comments?post=22005"}],"wp:featuredmedia":[{"embeddable":true,"href":"https:\/\/www.ghostysky.com\/pt\/wp-json\/wp\/v2\/media\/21979"}],"wp:attachment":[{"href":"https:\/\/www.ghostysky.com\/pt\/wp-json\/wp\/v2\/media?parent=22005"}],"wp:term":[{"taxonomy":"product_brand","embeddable":true,"href":"https:\/\/www.ghostysky.com\/pt\/wp-json\/wp\/v2\/product_brand?post=22005"},{"taxonomy":"product_cat","embeddable":true,"href":"https:\/\/www.ghostysky.com\/pt\/wp-json\/wp\/v2\/product_cat?post=22005"},{"taxonomy":"product_tag","embeddable":true,"href":"https:\/\/www.ghostysky.com\/pt\/wp-json\/wp\/v2\/product_tag?post=22005"}],"curies":[{"name":"wp","href":"https:\/\/api.w.org\/{rel}","templated":true}]}}