{"id":22007,"date":"2025-10-19T10:09:29","date_gmt":"2025-10-19T10:09:29","guid":{"rendered":"https:\/\/www.ghostysky.com\/?post_type=product&#038;p=22007"},"modified":"2026-02-24T13:43:18","modified_gmt":"2026-02-24T13:43:18","slug":"ouster-os2-64-rev7","status":"publish","type":"product","link":"https:\/\/www.ghostysky.com\/pt\/product\/ouster-os2-64-rev7\/","title":{"rendered":"Ouster OS2-64 Rev7"},"content":{"rendered":"<div id=\"model-response-message-contentr_8cade3a3a392d67c\" class=\"markdown markdown-main-panel stronger enable-updated-hr-color\" dir=\"ltr\">\n<div id=\"model-response-message-contentr_13f1f7e95ab2a8ec\" class=\"markdown markdown-main-panel stronger enable-updated-hr-color\" dir=\"ltr\">\n<div id=\"model-response-message-contentr_30f8c942791a5642\" class=\"markdown markdown-main-panel stronger enable-updated-hr-color\" dir=\"ltr\">\n<div class=\"source-inline-chip-container ng-star-inserted\">\n<h4>Principais caracter\u00edsticas e especifica\u00e7\u00f5es<\/h4>\n<ul>\n<li><b><span class=\"citation-451\">Desempenho de longo alcance:<\/span><\/b><span class=\"citation-451\"> Equipado com o chip L3, o OS2-64 Rev7 oferece o maior alcance do Ouster, capaz de detectar um alvo reflexivo 10% em <\/span><b><span class=\"citation-451\">200 metros<\/span><\/b><span class=\"citation-451\"> e ostentando uma gama m\u00e1xima represent\u00e1vel de mais de <\/span><b><span class=\"citation-451\">400 metros<\/span><\/b><span class=\"citation-451 citation-end-451\">.<\/span> Isso permite um rastreamento robusto de objetos em longas dist\u00e2ncias.<\/li>\n<li><b><span class=\"citation-450\">Alta resolu\u00e7\u00e3o:<\/span><\/b><span class=\"citation-450\"> Ele fornece <\/span><b><span class=\"citation-450\">64 canais<\/span><\/b><span class=\"citation-450 citation-end-450\"> de resolu\u00e7\u00e3o vertical com uma\u00a0<\/span><span class=\"math-inline\" data-math=\"22.5^\\circ\">22,5\u00ba<\/span><span class=\"citation-449 citation-end-449\"> campo de vis\u00e3o vertical (FOV) e um <\/span><span class=\"math-inline\" data-math=\"360^\\circ\">360\u00ba<\/span><span class=\"citation-448 citation-end-448\">\u00a0campo de vis\u00e3o horizontal.<\/span> <span class=\"citation-447 citation-end-447\">A resolu\u00e7\u00e3o horizontal \u00e9 configur\u00e1vel at\u00e9 2048.<\/span><\/li>\n<li><b>Alta densidade de nuvens de pontos:<\/b> O sensor fornece dados ricos e detalhados com at\u00e9 <b>1,3 milh\u00f5es de pontos por segundo<\/b> (no modo de 64 canais).<\/li>\n<li><b>Sa\u00edda de dados aprimorada:<\/b><span class=\"citation-446\"> Ele suporta <\/span><b><span class=\"citation-446\">Modo de retorno duplo<\/span><\/b><span class=\"citation-446 citation-end-446\">, que fornece dois retornos (o mais forte e o segundo mais forte) por disparo de laser, melhorando o desempenho de detec\u00e7\u00e3o em ambientes complexos.<\/span><\/li>\n<li><b><span class=\"citation-445\">C\u00e2mera de infravermelho pr\u00f3ximo (NIR) incorporada:<\/span><\/b><span class=\"citation-445 citation-end-445\"> O chip L3 aprimora a camada de dados NIR de n\u00edvel de c\u00e2mera 2D exclusiva da Ouster, que est\u00e1 perfeitamente alinhada com os dados de nuvem de pontos 3D, permitindo algoritmos combinados de vis\u00e3o e percep\u00e7\u00e3o de lidar.<\/span><\/li>\n<li><b><span class=\"citation-444\">Robusto e confi\u00e1vel:<\/span><\/b><span class=\"citation-444\"> Classificado <\/span><b><span class=\"citation-444\">IP68\/IP69K<\/span><\/b><span class=\"citation-444 citation-end-444\"> para prote\u00e7\u00e3o superior contra entrada de poeira, \u00e1gua e spray de alta press\u00e3o, tornando-o adequado para implanta\u00e7\u00e3o em qualquer clima, em ambientes internos\/externos.<sup class=\"superscript\" data-turn-source-index=\"10\">10<\/sup><\/span> <span class=\"citation-443 citation-end-443\">Tamb\u00e9m apresenta maior resist\u00eancia a choques e vibra\u00e7\u00f5es.<\/span><\/li>\n<li><b>Fator de forma compacto:<\/b><span class=\"citation-442 citation-end-442\"> O Rev7 mant\u00e9m o mesmo design pequeno, leve (1100 g) e com baixo consumo de energia das gera\u00e7\u00f5es anteriores.<\/span><\/li>\n<li><b><span class=\"citation-441\">Precis\u00e3o:<\/span><\/b><span class=\"citation-441 citation-end-441\"> O sensor oferece alta precis\u00e3o de alcance, normalmente <span style=\"font-size: 13.3333px;\">+-<\/span><\/span><span class=\"math-inline\" data-math=\"\\pm 2 \\text{ cm}\"> 2 cm<\/span><span class=\"citation-440 citation-end-440\"> para +- <\/span><span class=\"math-inline\" data-math=\"\\pm 8 \\text{ cm}\">8 cm<\/span><span class=\"citation-439 citation-end-439\">.<\/span><\/li>\n<li><b><span class=\"citation-438\">IMU integrada:<\/span><\/b><span class=\"citation-438 citation-end-438\"> Inclui uma Unidade de Medi\u00e7\u00e3o Inercial (IMU) integrada para dar suporte a algoritmos SLAM (Localiza\u00e7\u00e3o e Mapeamento Simult\u00e2neos) e compensa\u00e7\u00e3o de movimento.<\/span><\/li>\n<li><b><span class=\"citation-437\">Configura\u00e7\u00e3o do feixe:<\/span><\/b><span class=\"citation-437 citation-end-437\"> O modelo de 64 canais oferece op\u00e7\u00f5es de feixe configur\u00e1veis, incluindo Uniforme (padr\u00e3o), Gradiente, Acima do Horizonte e Abaixo do Horizonte para adaptar o campo de vis\u00e3o vertical \u00e0s necessidades espec\u00edficas da aplica\u00e7\u00e3o.<\/span><\/li>\n<\/ul>\n<h4>Melhorias no Rev7 (em rela\u00e7\u00e3o \u00e0s gera\u00e7\u00f5es anteriores)<\/h4>\n<p><span class=\"citation-436 citation-end-436\">A gera\u00e7\u00e3o Rev7, especialmente devido ao chip L3, oferece uma s\u00e9rie de melhorias importantes:<\/span><\/p>\n<ul>\n<li><b><span class=\"citation-435\">Aumento de alcance 2x<\/span><\/b><span class=\"citation-435 citation-end-435\"> em alvos refletivos 10%.<\/span><\/li>\n<li><b><span class=\"citation-434\">Aumento de 10x na sensibilidade a f\u00f3tons<\/span><\/b><span class=\"citation-434 citation-end-434\"> para melhor detec\u00e7\u00e3o de objetos escuros.<\/span><\/li>\n<li><b><span class=\"citation-433\">Alcance m\u00ednimo reduzido<\/span><\/b><span class=\"citation-433 citation-end-433\"> (at\u00e9 0,8 metros, ou 0 cm com firmware espec\u00edfico).<\/span><\/li>\n<li><b><span class=\"citation-432\">Aumento da temperatura m\u00e1xima de opera\u00e7\u00e3o<\/span><\/b><span class=\"citation-432 citation-end-432\"> (at\u00e9 <\/span><span class=\"math-inline\" data-math=\"+65^\\circ\\text{C}\">+65\u00baC<\/span><span class=\"citation-431 citation-end-431\">).<\/span><\/li>\n<li><b><span class=\"citation-430\">Modo de retorno duplo<\/span><\/b><span class=\"citation-430 citation-end-430\"> suporte para sa\u00edda de dados aprimorada.<\/span><\/li>\n<\/ul>\n<p>O Ouster OS2-64 Rev7 \u00e9 uma escolha de primeira linha para clientes que buscam uma solu\u00e7\u00e3o lidar digital de longo alcance, poderosa, confi\u00e1vel e econ\u00f4mica para aplica\u00e7\u00f5es cr\u00edticas de seguran\u00e7a e alto desempenho.<\/p>\n<\/div>\n<\/div>\n<\/div>\n<\/div>","protected":false},"excerpt":{"rendered":"<p><span class=\"citation-453 citation-end-453\">O Ouster OS2-64 Rev7 \u00e9 um sensor LiDAR digital de longo alcance e alta resolu\u00e7\u00e3o projetado para aplica\u00e7\u00f5es exigentes, como ve\u00edculos aut\u00f4nomos, rob\u00f3tica e monitoramento industrial em larga escala.<\/span> <span class=\"citation-452\">Faz parte da gera\u00e7\u00e3o Rev7 da Ouster, que apresenta melhorias significativas de desempenho alimentadas pelo custom <\/span><b><span class=\"citation-452\">Chip lidar digital L3.<\/span><\/b><\/p>","protected":false},"featured_media":21979,"comment_status":"open","ping_status":"closed","template":"","meta":[],"product_brand":[1140],"product_cat":[1139,1037,1040],"product_tag":[1142,1141],"class_list":{"0":"post-22007","1":"product","2":"type-product","3":"status-publish","4":"has-post-thumbnail","6":"product_brand-ouster","7":"product_cat-ouster-lidars","8":"product_cat-robotics","9":"product_cat-sensors-robotics","10":"product_tag-ouster-dome-lidar","11":"product_tag-ouster-lidars","13":"first","14":"onbackorder","15":"taxable","16":"shipping-taxable","17":"purchasable","18":"product-type-simple"},"yoast_head":"<!-- This site is optimized with the Yoast SEO plugin v27.1.1 - https:\/\/yoast.com\/product\/yoast-seo-wordpress\/ -->\n<title>Ouster OS2-64 Rev7 - Ghostysky<\/title>\n<meta name=\"description\" content=\"The Ouster OS2-64 Rev7 is a long-range, high-resolution digital LiDAR sensor designed for demanding applications such as autonomous vehicles, robotics, and large-scale industrial monitoring. It is part of Ouster&#039;s Rev7 generation, which features significant performance upgrades powered by the custom L3 digital lidar chip.\" \/>\n<meta name=\"robots\" content=\"index, follow, max-snippet:-1, max-image-preview:large, max-video-preview:-1\" \/>\n<link rel=\"canonical\" href=\"https:\/\/www.ghostysky.com\/pt\/produto-2\/ouster-os2-64-rev7\/\" \/>\n<meta property=\"og:locale\" content=\"pt_PT\" \/>\n<meta property=\"og:type\" content=\"article\" \/>\n<meta property=\"og:title\" content=\"Ouster OS2-64 Rev7 - Ghostysky\" \/>\n<meta property=\"og:description\" content=\"The Ouster OS2-64 Rev7 is a long-range, high-resolution digital LiDAR sensor designed for demanding applications such as autonomous vehicles, robotics, and large-scale industrial monitoring. It is part of Ouster&#039;s Rev7 generation, which features significant performance upgrades powered by the custom L3 digital lidar chip.\" \/>\n<meta property=\"og:url\" content=\"https:\/\/www.ghostysky.com\/pt\/produto-2\/ouster-os2-64-rev7\/\" \/>\n<meta property=\"og:site_name\" content=\"Ghostysky\" \/>\n<meta property=\"article:publisher\" content=\"https:\/\/www.facebook.com\/people\/Ghostysky\/100057676170234\/\" \/>\n<meta property=\"article:modified_time\" content=\"2026-02-24T13:43:18+00:00\" \/>\n<meta property=\"og:image\" content=\"https:\/\/www.ghostysky.com\/wp-content\/uploads\/2025\/10\/GH_Ouster-Ouster-OS0-32-Rev7_1.png\" \/>\n\t<meta property=\"og:image:width\" content=\"800\" \/>\n\t<meta property=\"og:image:height\" content=\"800\" \/>\n\t<meta property=\"og:image:type\" content=\"image\/png\" \/>\n<meta name=\"twitter:card\" content=\"summary_large_image\" \/>\n<meta name=\"twitter:site\" content=\"@Gh0stysky\" \/>\n<meta name=\"twitter:label1\" content=\"Tempo estimado de leitura\" \/>\n\t<meta name=\"twitter:data1\" content=\"2 minutos\" \/>\n<script type=\"application\/ld+json\" class=\"yoast-schema-graph\">{\"@context\":\"https:\/\/schema.org\",\"@graph\":[{\"@type\":\"WebPage\",\"@id\":\"https:\/\/www.ghostysky.com\/product\/ouster-os2-64-rev7\/\",\"url\":\"https:\/\/www.ghostysky.com\/product\/ouster-os2-64-rev7\/\",\"name\":\"Ouster OS2-64 Rev7 - Ghostysky\",\"isPartOf\":{\"@id\":\"https:\/\/www.ghostysky.com\/#website\"},\"primaryImageOfPage\":{\"@id\":\"https:\/\/www.ghostysky.com\/product\/ouster-os2-64-rev7\/#primaryimage\"},\"image\":{\"@id\":\"https:\/\/www.ghostysky.com\/product\/ouster-os2-64-rev7\/#primaryimage\"},\"thumbnailUrl\":\"https:\/\/www.ghostysky.com\/wp-content\/uploads\/2025\/10\/GH_Ouster-Ouster-OS0-32-Rev7_1.png\",\"datePublished\":\"2025-10-19T10:09:29+00:00\",\"dateModified\":\"2026-02-24T13:43:18+00:00\",\"description\":\"The Ouster OS2-64 Rev7 is a long-range, high-resolution digital LiDAR sensor designed for demanding applications such as autonomous vehicles, robotics, and large-scale industrial monitoring. It is part of Ouster's Rev7 generation, which features significant performance upgrades powered by the custom L3 digital lidar chip.\",\"breadcrumb\":{\"@id\":\"https:\/\/www.ghostysky.com\/product\/ouster-os2-64-rev7\/#breadcrumb\"},\"inLanguage\":\"pt-PT\",\"potentialAction\":[{\"@type\":\"ReadAction\",\"target\":[\"https:\/\/www.ghostysky.com\/product\/ouster-os2-64-rev7\/\"]}]},{\"@type\":\"ImageObject\",\"inLanguage\":\"pt-PT\",\"@id\":\"https:\/\/www.ghostysky.com\/product\/ouster-os2-64-rev7\/#primaryimage\",\"url\":\"https:\/\/www.ghostysky.com\/wp-content\/uploads\/2025\/10\/GH_Ouster-Ouster-OS0-32-Rev7_1.png\",\"contentUrl\":\"https:\/\/www.ghostysky.com\/wp-content\/uploads\/2025\/10\/GH_Ouster-Ouster-OS0-32-Rev7_1.png\",\"width\":800,\"height\":800},{\"@type\":\"BreadcrumbList\",\"@id\":\"https:\/\/www.ghostysky.com\/product\/ouster-os2-64-rev7\/#breadcrumb\",\"itemListElement\":[{\"@type\":\"ListItem\",\"position\":1,\"name\":\"Home\",\"item\":\"https:\/\/www.ghostysky.com\/\"},{\"@type\":\"ListItem\",\"position\":2,\"name\":\"Shop\",\"item\":\"https:\/\/www.ghostysky.com\/shop\/\"},{\"@type\":\"ListItem\",\"position\":3,\"name\":\"Ouster OS2-64 Rev7\"}]},{\"@type\":\"WebSite\",\"@id\":\"https:\/\/www.ghostysky.com\/#website\",\"url\":\"https:\/\/www.ghostysky.com\/\",\"name\":\"Ghostysky\",\"description\":\"Delivering professional drones and services\",\"publisher\":{\"@id\":\"https:\/\/www.ghostysky.com\/#organization\"},\"potentialAction\":[{\"@type\":\"SearchAction\",\"target\":{\"@type\":\"EntryPoint\",\"urlTemplate\":\"https:\/\/www.ghostysky.com\/?s={search_term_string}\"},\"query-input\":{\"@type\":\"PropertyValueSpecification\",\"valueRequired\":true,\"valueName\":\"search_term_string\"}}],\"inLanguage\":\"pt-PT\"},{\"@type\":\"Organization\",\"@id\":\"https:\/\/www.ghostysky.com\/#organization\",\"name\":\"Ghostysky\",\"url\":\"https:\/\/www.ghostysky.com\/\",\"logo\":{\"@type\":\"ImageObject\",\"inLanguage\":\"pt-PT\",\"@id\":\"https:\/\/www.ghostysky.com\/#\/schema\/logo\/image\/\",\"url\":\"https:\/\/www.ghostysky.com\/wp-content\/uploads\/2020\/06\/cropped-ghostyskylogo_text_white2.png\",\"contentUrl\":\"https:\/\/www.ghostysky.com\/wp-content\/uploads\/2020\/06\/cropped-ghostyskylogo_text_white2.png\",\"width\":169,\"height\":56,\"caption\":\"Ghostysky\"},\"image\":{\"@id\":\"https:\/\/www.ghostysky.com\/#\/schema\/logo\/image\/\"},\"sameAs\":[\"https:\/\/www.facebook.com\/people\/Ghostysky\/100057676170234\/\",\"https:\/\/x.com\/Gh0stysky\",\"https:\/\/www.linkedin.com\/company\/34739653\",\"https:\/\/www.instagram.com\/gh0stysky\"]}]}<\/script>\n<!-- \/ Yoast SEO plugin. -->","yoast_head_json":{"title":"Ouster OS2-64 Rev7 - Ghostysky","description":"O Ouster OS2-64 Rev7 \u00e9 um sensor LiDAR digital de longo alcance e alta resolu\u00e7\u00e3o, projetado para aplica\u00e7\u00f5es exigentes, como ve\u00edculos aut\u00f4nomos, rob\u00f3tica e monitoramento industrial em larga escala. Faz parte da gera\u00e7\u00e3o Rev7 da Ouster, que apresenta melhorias significativas de desempenho, impulsionadas pelo chip lidar digital L3 personalizado.","robots":{"index":"index","follow":"follow","max-snippet":"max-snippet:-1","max-image-preview":"max-image-preview:large","max-video-preview":"max-video-preview:-1"},"canonical":"https:\/\/www.ghostysky.com\/pt\/produto-2\/ouster-os2-64-rev7\/","og_locale":"pt_PT","og_type":"article","og_title":"Ouster OS2-64 Rev7 - Ghostysky","og_description":"The Ouster OS2-64 Rev7 is a long-range, high-resolution digital LiDAR sensor designed for demanding applications such as autonomous vehicles, robotics, and large-scale industrial monitoring. It is part of Ouster's Rev7 generation, which features significant performance upgrades powered by the custom L3 digital lidar chip.","og_url":"https:\/\/www.ghostysky.com\/pt\/produto-2\/ouster-os2-64-rev7\/","og_site_name":"Ghostysky","article_publisher":"https:\/\/www.facebook.com\/people\/Ghostysky\/100057676170234\/","article_modified_time":"2026-02-24T13:43:18+00:00","og_image":[{"width":800,"height":800,"url":"https:\/\/www.ghostysky.com\/wp-content\/uploads\/2025\/10\/GH_Ouster-Ouster-OS0-32-Rev7_1.png","type":"image\/png"}],"twitter_card":"summary_large_image","twitter_site":"@Gh0stysky","twitter_misc":{"Tempo estimado de leitura":"2 minutos"},"schema":{"@context":"https:\/\/schema.org","@graph":[{"@type":"WebPage","@id":"https:\/\/www.ghostysky.com\/product\/ouster-os2-64-rev7\/","url":"https:\/\/www.ghostysky.com\/product\/ouster-os2-64-rev7\/","name":"Ouster OS2-64 Rev7 - Ghostysky","isPartOf":{"@id":"https:\/\/www.ghostysky.com\/#website"},"primaryImageOfPage":{"@id":"https:\/\/www.ghostysky.com\/product\/ouster-os2-64-rev7\/#primaryimage"},"image":{"@id":"https:\/\/www.ghostysky.com\/product\/ouster-os2-64-rev7\/#primaryimage"},"thumbnailUrl":"https:\/\/www.ghostysky.com\/wp-content\/uploads\/2025\/10\/GH_Ouster-Ouster-OS0-32-Rev7_1.png","datePublished":"2025-10-19T10:09:29+00:00","dateModified":"2026-02-24T13:43:18+00:00","description":"O Ouster OS2-64 Rev7 \u00e9 um sensor LiDAR digital de longo alcance e alta resolu\u00e7\u00e3o, projetado para aplica\u00e7\u00f5es exigentes, como ve\u00edculos aut\u00f4nomos, rob\u00f3tica e monitoramento industrial em larga escala. Faz parte da gera\u00e7\u00e3o Rev7 da Ouster, que apresenta melhorias significativas de desempenho, impulsionadas pelo chip lidar digital L3 personalizado.","breadcrumb":{"@id":"https:\/\/www.ghostysky.com\/product\/ouster-os2-64-rev7\/#breadcrumb"},"inLanguage":"pt-PT","potentialAction":[{"@type":"ReadAction","target":["https:\/\/www.ghostysky.com\/product\/ouster-os2-64-rev7\/"]}]},{"@type":"ImageObject","inLanguage":"pt-PT","@id":"https:\/\/www.ghostysky.com\/product\/ouster-os2-64-rev7\/#primaryimage","url":"https:\/\/www.ghostysky.com\/wp-content\/uploads\/2025\/10\/GH_Ouster-Ouster-OS0-32-Rev7_1.png","contentUrl":"https:\/\/www.ghostysky.com\/wp-content\/uploads\/2025\/10\/GH_Ouster-Ouster-OS0-32-Rev7_1.png","width":800,"height":800},{"@type":"BreadcrumbList","@id":"https:\/\/www.ghostysky.com\/product\/ouster-os2-64-rev7\/#breadcrumb","itemListElement":[{"@type":"ListItem","position":1,"name":"Home","item":"https:\/\/www.ghostysky.com\/"},{"@type":"ListItem","position":2,"name":"Shop","item":"https:\/\/www.ghostysky.com\/shop\/"},{"@type":"ListItem","position":3,"name":"Ouster OS2-64 Rev7"}]},{"@type":"WebSite","@id":"https:\/\/www.ghostysky.com\/#website","url":"https:\/\/www.ghostysky.com\/","name":"Ghostysky","description":"Fornecendo drones e servi\u00e7os profissionais","publisher":{"@id":"https:\/\/www.ghostysky.com\/#organization"},"potentialAction":[{"@type":"SearchAction","target":{"@type":"EntryPoint","urlTemplate":"https:\/\/www.ghostysky.com\/?s={search_term_string}"},"query-input":{"@type":"PropertyValueSpecification","valueRequired":true,"valueName":"search_term_string"}}],"inLanguage":"pt-PT"},{"@type":"Organization","@id":"https:\/\/www.ghostysky.com\/#organization","name":"Ghostysky","url":"https:\/\/www.ghostysky.com\/","logo":{"@type":"ImageObject","inLanguage":"pt-PT","@id":"https:\/\/www.ghostysky.com\/#\/schema\/logo\/image\/","url":"https:\/\/www.ghostysky.com\/wp-content\/uploads\/2020\/06\/cropped-ghostyskylogo_text_white2.png","contentUrl":"https:\/\/www.ghostysky.com\/wp-content\/uploads\/2020\/06\/cropped-ghostyskylogo_text_white2.png","width":169,"height":56,"caption":"Ghostysky"},"image":{"@id":"https:\/\/www.ghostysky.com\/#\/schema\/logo\/image\/"},"sameAs":["https:\/\/www.facebook.com\/people\/Ghostysky\/100057676170234\/","https:\/\/x.com\/Gh0stysky","https:\/\/www.linkedin.com\/company\/34739653","https:\/\/www.instagram.com\/gh0stysky"]}]}},"_links":{"self":[{"href":"https:\/\/www.ghostysky.com\/pt\/wp-json\/wp\/v2\/product\/22007","targetHints":{"allow":["GET"]}}],"collection":[{"href":"https:\/\/www.ghostysky.com\/pt\/wp-json\/wp\/v2\/product"}],"about":[{"href":"https:\/\/www.ghostysky.com\/pt\/wp-json\/wp\/v2\/types\/product"}],"replies":[{"embeddable":true,"href":"https:\/\/www.ghostysky.com\/pt\/wp-json\/wp\/v2\/comments?post=22007"}],"wp:featuredmedia":[{"embeddable":true,"href":"https:\/\/www.ghostysky.com\/pt\/wp-json\/wp\/v2\/media\/21979"}],"wp:attachment":[{"href":"https:\/\/www.ghostysky.com\/pt\/wp-json\/wp\/v2\/media?parent=22007"}],"wp:term":[{"taxonomy":"product_brand","embeddable":true,"href":"https:\/\/www.ghostysky.com\/pt\/wp-json\/wp\/v2\/product_brand?post=22007"},{"taxonomy":"product_cat","embeddable":true,"href":"https:\/\/www.ghostysky.com\/pt\/wp-json\/wp\/v2\/product_cat?post=22007"},{"taxonomy":"product_tag","embeddable":true,"href":"https:\/\/www.ghostysky.com\/pt\/wp-json\/wp\/v2\/product_tag?post=22007"}],"curies":[{"name":"wp","href":"https:\/\/api.w.org\/{rel}","templated":true}]}}