{"id":22008,"date":"2025-10-19T10:17:55","date_gmt":"2025-10-19T10:17:55","guid":{"rendered":"https:\/\/www.ghostysky.com\/?post_type=product&#038;p=22008"},"modified":"2026-02-24T13:44:21","modified_gmt":"2026-02-24T13:44:21","slug":"ouster-os2-128-rev7","status":"publish","type":"product","link":"https:\/\/www.ghostysky.com\/pt\/product\/ouster-os2-128-rev7\/","title":{"rendered":"Ouster OS2-128 Rev7"},"content":{"rendered":"<div id=\"model-response-message-contentr_8cade3a3a392d67c\" class=\"markdown markdown-main-panel stronger enable-updated-hr-color\" dir=\"ltr\">\n<div id=\"model-response-message-contentr_13f1f7e95ab2a8ec\" class=\"markdown markdown-main-panel stronger enable-updated-hr-color\" dir=\"ltr\">\n<div id=\"model-response-message-contentr_30f8c942791a5642\" class=\"markdown markdown-main-panel stronger enable-updated-hr-color\" dir=\"ltr\">\n<div class=\"source-inline-chip-container ng-star-inserted\">\n<h4><b>Principais recursos e destaques<\/b><\/h4>\n<ul>\n<li><b><span class=\"citation-495\">Alcance Excepcional Longo:<\/span><\/b><span class=\"citation-495\"> Equipado com o avan\u00e7o <\/span><b><span class=\"citation-495\">Chip L3<\/span><\/b><span class=\"citation-495\">, o OS2-128 Rev7 oferece uma gama l\u00edder do setor, com uma <\/span><b><span class=\"citation-495\">alcance m\u00e1ximo al\u00e9m de 400 metros<\/span><\/b><span class=\"citation-495\"> e a capacidade de detectar alvos reflexivos 10% em <\/span><b><span class=\"citation-495\">200 metros<\/span><\/b><span class=\"citation-495 citation-end-495\"> com alta probabilidade.<\/span><\/li>\n<li><b><span class=\"citation-494\">Alta resolu\u00e7\u00e3o:<\/span><\/b><span class=\"citation-494\"> Recursos <\/span><b><span class=\"citation-494\">128 canais<\/span><\/b><span class=\"citation-494 citation-end-494\"> de resolu\u00e7\u00e3o vertical e resolu\u00e7\u00f5es horizontais configur\u00e1veis (at\u00e9 2048), permitindo a coleta de nuvens de pontos 3D ricas e detalhadas.<\/span>\n<ul>\n<li><b>M\u00e1ximo de pontos por segundo:<\/b><span class=\"citation-493 citation-end-493\"> At\u00e9 2,62 milh\u00f5es de pontos por segundo (com retornos duplos em certos modos).<\/span><\/li>\n<li><b>Campo de vis\u00e3o vertical:<\/b><span class=\"citation-492 citation-end-492\">\u00a0<\/span><span class=\"math-inline\" data-math=\"22.5^{\\circ}\">22,5\u00ba<\/span><\/li>\n<li><b><span class=\"citation-491\">Precis\u00e3o:<\/span><\/b><span class=\"citation-491 citation-end-491\">\u00a0<span style=\"font-size: 13.3333px;\">+-<\/span><\/span><span class=\"math-inline\" data-math=\"\\pm 2\"> 2<\/span><span class=\"citation-490 citation-end-490\">\u00a0cm (m\u00ednimo).<\/span><\/li>\n<\/ul>\n<\/li>\n<li><b><span class=\"citation-489\">Capacidade de retorno duplo:<\/span><\/b><span class=\"citation-489 citation-end-489\"> Fornece os sinais de retorno mais fortes e o segundo mais forte, melhorando a detec\u00e7\u00e3o de objetos em condi\u00e7\u00f5es desafiadoras, como chuva, neblina ou ao detectar atrav\u00e9s de folhagem clara.<\/span><\/li>\n<li><b><span class=\"citation-488\">Robusto e confi\u00e1vel:<\/span><\/b><span class=\"citation-488 citation-end-488\"> Projetado para ambientes internos e externos, em todas as condi\u00e7\u00f5es clim\u00e1ticas.<\/span>\u00a0<span class=\"citation-487\">Possui uma classifica\u00e7\u00e3o de prote\u00e7\u00e3o de entrada robusta de <\/span><b><span class=\"citation-487\">IP68 e IP69K<\/span><\/b><span class=\"citation-487 citation-end-487\">, tornando-o \u00e0 prova d&#039;\u00e1gua e resistente a jatos de alta press\u00e3o\/alta temperatura, al\u00e9m de ser altamente resistente a choques e vibra\u00e7\u00f5es.<\/span><\/li>\n<li><b>Vantagem do Lidar Digital:<\/b><span class=\"citation-486\"> Constru\u00eddo na arquitetura digital LiDAR da Ouster, ele fornece resolu\u00e7\u00e3o fixa por quadro, imunidade a interfer\u00eancia multissensor e gera dados adicionais como <\/span><b><span class=\"citation-486\">infravermelho pr\u00f3ximo de n\u00edvel de c\u00e2mera<\/span><\/b><span class=\"citation-486 citation-end-486\"> e dados de refletividade calibrados, combinando a funcionalidade de uma c\u00e2mera com um LiDAR de alta resolu\u00e7\u00e3o.<\/span><\/li>\n<li><b>Compacto e leve:<\/b><span class=\"citation-485 citation-end-485\"> Apesar de seu desempenho de longo alcance, o OS2 mant\u00e9m um formato pequeno e leve (aprox.<\/span>\u00a01100g) para f\u00e1cil integra\u00e7\u00e3o em ve\u00edculos, rob\u00f3tica e infraestrutura fixa.<\/li>\n<\/ul>\n<p>A combina\u00e7\u00e3o de detec\u00e7\u00e3o de longo alcance, imagens 3D de alta resolu\u00e7\u00e3o e design digital robusto do OS2-128 Rev7 o torna a melhor escolha para projetos que exigem percep\u00e7\u00e3o precisa e confi\u00e1vel em longas dist\u00e2ncias.<\/p>\n<\/div>\n<\/div>\n<\/div>\n<\/div>","protected":false},"excerpt":{"rendered":"<p><span class=\"citation-497\">O <\/span><b><span class=\"citation-497\">Ouster OS2-128 Rev7<\/span><\/b><span class=\"citation-497 citation-end-497\"> \u00e9 um sensor LiDAR de imagem de longo alcance e alto desempenho, parte da segunda gera\u00e7\u00e3o de LiDAR digital da Ouster.<\/span> <span class=\"citation-496 citation-end-496\">Ele foi projetado para fornecer percep\u00e7\u00e3o de alta resolu\u00e7\u00e3o para aplica\u00e7\u00f5es exigentes, como dire\u00e7\u00e3o aut\u00f4noma em alta velocidade em rodovias, monitoramento de infraestrutura em larga escala e automa\u00e7\u00e3o industrial de longo alcance.<\/span><\/p>","protected":false},"featured_media":21979,"comment_status":"open","ping_status":"closed","template":"","meta":[],"product_brand":[1140],"product_cat":[1139,1037,1040],"product_tag":[1142,1141],"class_list":{"0":"post-22008","1":"product","2":"type-product","3":"status-publish","4":"has-post-thumbnail","6":"product_brand-ouster","7":"product_cat-ouster-lidars","8":"product_cat-robotics","9":"product_cat-sensors-robotics","10":"product_tag-ouster-dome-lidar","11":"product_tag-ouster-lidars","13":"first","14":"onbackorder","15":"taxable","16":"shipping-taxable","17":"purchasable","18":"product-type-simple"},"yoast_head":"<!-- This site is optimized with the Yoast SEO plugin v27.1.1 - https:\/\/yoast.com\/product\/yoast-seo-wordpress\/ -->\n<title>Ouster OS2-128 Rev7 - Ghostysky<\/title>\n<meta name=\"description\" content=\"The Ouster OS2-128 Rev7 is a high-performance, long-range imaging LiDAR sensor, part of Ouster&#039;s second generation of digital LiDAR. It is engineered to deliver high-resolution perception for demanding applications such as highway-speed autonomous driving, large-scale infrastructure monitoring, and long-range industrial automation.\" \/>\n<meta name=\"robots\" content=\"index, follow, max-snippet:-1, max-image-preview:large, max-video-preview:-1\" \/>\n<link rel=\"canonical\" href=\"https:\/\/www.ghostysky.com\/pt\/produto-2\/ouster-os2-128-rev7\/\" \/>\n<meta property=\"og:locale\" content=\"pt_PT\" \/>\n<meta property=\"og:type\" content=\"article\" \/>\n<meta property=\"og:title\" content=\"Ouster OS2-128 Rev7 - Ghostysky\" \/>\n<meta property=\"og:description\" content=\"The Ouster OS2-128 Rev7 is a high-performance, long-range imaging LiDAR sensor, part of Ouster&#039;s second generation of digital LiDAR. It is engineered to deliver high-resolution perception for demanding applications such as highway-speed autonomous driving, large-scale infrastructure monitoring, and long-range industrial automation.\" \/>\n<meta property=\"og:url\" content=\"https:\/\/www.ghostysky.com\/pt\/produto-2\/ouster-os2-128-rev7\/\" \/>\n<meta property=\"og:site_name\" content=\"Ghostysky\" \/>\n<meta property=\"article:publisher\" content=\"https:\/\/www.facebook.com\/people\/Ghostysky\/100057676170234\/\" \/>\n<meta property=\"article:modified_time\" content=\"2026-02-24T13:44:21+00:00\" \/>\n<meta property=\"og:image\" content=\"https:\/\/www.ghostysky.com\/wp-content\/uploads\/2025\/10\/GH_Ouster-Ouster-OS0-32-Rev7_1.png\" \/>\n\t<meta property=\"og:image:width\" content=\"800\" \/>\n\t<meta property=\"og:image:height\" content=\"800\" \/>\n\t<meta property=\"og:image:type\" content=\"image\/png\" \/>\n<meta name=\"twitter:card\" content=\"summary_large_image\" \/>\n<meta name=\"twitter:site\" content=\"@Gh0stysky\" \/>\n<meta name=\"twitter:label1\" content=\"Tempo estimado de leitura\" \/>\n\t<meta name=\"twitter:data1\" content=\"2 minutos\" \/>\n<script type=\"application\/ld+json\" class=\"yoast-schema-graph\">{\"@context\":\"https:\/\/schema.org\",\"@graph\":[{\"@type\":\"WebPage\",\"@id\":\"https:\/\/www.ghostysky.com\/product\/ouster-os2-128-rev7\/\",\"url\":\"https:\/\/www.ghostysky.com\/product\/ouster-os2-128-rev7\/\",\"name\":\"Ouster OS2-128 Rev7 - Ghostysky\",\"isPartOf\":{\"@id\":\"https:\/\/www.ghostysky.com\/#website\"},\"primaryImageOfPage\":{\"@id\":\"https:\/\/www.ghostysky.com\/product\/ouster-os2-128-rev7\/#primaryimage\"},\"image\":{\"@id\":\"https:\/\/www.ghostysky.com\/product\/ouster-os2-128-rev7\/#primaryimage\"},\"thumbnailUrl\":\"https:\/\/www.ghostysky.com\/wp-content\/uploads\/2025\/10\/GH_Ouster-Ouster-OS0-32-Rev7_1.png\",\"datePublished\":\"2025-10-19T10:17:55+00:00\",\"dateModified\":\"2026-02-24T13:44:21+00:00\",\"description\":\"The Ouster OS2-128 Rev7 is a high-performance, long-range imaging LiDAR sensor, part of Ouster's second generation of digital LiDAR. It is engineered to deliver high-resolution perception for demanding applications such as highway-speed autonomous driving, large-scale infrastructure monitoring, and long-range industrial automation.\",\"breadcrumb\":{\"@id\":\"https:\/\/www.ghostysky.com\/product\/ouster-os2-128-rev7\/#breadcrumb\"},\"inLanguage\":\"pt-PT\",\"potentialAction\":[{\"@type\":\"ReadAction\",\"target\":[\"https:\/\/www.ghostysky.com\/product\/ouster-os2-128-rev7\/\"]}]},{\"@type\":\"ImageObject\",\"inLanguage\":\"pt-PT\",\"@id\":\"https:\/\/www.ghostysky.com\/product\/ouster-os2-128-rev7\/#primaryimage\",\"url\":\"https:\/\/www.ghostysky.com\/wp-content\/uploads\/2025\/10\/GH_Ouster-Ouster-OS0-32-Rev7_1.png\",\"contentUrl\":\"https:\/\/www.ghostysky.com\/wp-content\/uploads\/2025\/10\/GH_Ouster-Ouster-OS0-32-Rev7_1.png\",\"width\":800,\"height\":800},{\"@type\":\"BreadcrumbList\",\"@id\":\"https:\/\/www.ghostysky.com\/product\/ouster-os2-128-rev7\/#breadcrumb\",\"itemListElement\":[{\"@type\":\"ListItem\",\"position\":1,\"name\":\"Home\",\"item\":\"https:\/\/www.ghostysky.com\/\"},{\"@type\":\"ListItem\",\"position\":2,\"name\":\"Shop\",\"item\":\"https:\/\/www.ghostysky.com\/shop\/\"},{\"@type\":\"ListItem\",\"position\":3,\"name\":\"Ouster OS2-128 Rev7\"}]},{\"@type\":\"WebSite\",\"@id\":\"https:\/\/www.ghostysky.com\/#website\",\"url\":\"https:\/\/www.ghostysky.com\/\",\"name\":\"Ghostysky\",\"description\":\"Delivering professional drones and services\",\"publisher\":{\"@id\":\"https:\/\/www.ghostysky.com\/#organization\"},\"potentialAction\":[{\"@type\":\"SearchAction\",\"target\":{\"@type\":\"EntryPoint\",\"urlTemplate\":\"https:\/\/www.ghostysky.com\/?s={search_term_string}\"},\"query-input\":{\"@type\":\"PropertyValueSpecification\",\"valueRequired\":true,\"valueName\":\"search_term_string\"}}],\"inLanguage\":\"pt-PT\"},{\"@type\":\"Organization\",\"@id\":\"https:\/\/www.ghostysky.com\/#organization\",\"name\":\"Ghostysky\",\"url\":\"https:\/\/www.ghostysky.com\/\",\"logo\":{\"@type\":\"ImageObject\",\"inLanguage\":\"pt-PT\",\"@id\":\"https:\/\/www.ghostysky.com\/#\/schema\/logo\/image\/\",\"url\":\"https:\/\/www.ghostysky.com\/wp-content\/uploads\/2020\/06\/cropped-ghostyskylogo_text_white2.png\",\"contentUrl\":\"https:\/\/www.ghostysky.com\/wp-content\/uploads\/2020\/06\/cropped-ghostyskylogo_text_white2.png\",\"width\":169,\"height\":56,\"caption\":\"Ghostysky\"},\"image\":{\"@id\":\"https:\/\/www.ghostysky.com\/#\/schema\/logo\/image\/\"},\"sameAs\":[\"https:\/\/www.facebook.com\/people\/Ghostysky\/100057676170234\/\",\"https:\/\/x.com\/Gh0stysky\",\"https:\/\/www.linkedin.com\/company\/34739653\",\"https:\/\/www.instagram.com\/gh0stysky\"]}]}<\/script>\n<!-- \/ Yoast SEO plugin. -->","yoast_head_json":{"title":"Ouster OS2-128 Rev7 - Ghostysky","description":"O Ouster OS2-128 Rev7 \u00e9 um sensor LiDAR de imagem de longo alcance e alto desempenho, parte da segunda gera\u00e7\u00e3o de LiDAR digitais da Ouster. Ele foi projetado para fornecer percep\u00e7\u00e3o de alta resolu\u00e7\u00e3o para aplica\u00e7\u00f5es exigentes, como dire\u00e7\u00e3o aut\u00f4noma em alta velocidade em rodovias, monitoramento de infraestrutura em larga escala e automa\u00e7\u00e3o industrial de longo alcance.","robots":{"index":"index","follow":"follow","max-snippet":"max-snippet:-1","max-image-preview":"max-image-preview:large","max-video-preview":"max-video-preview:-1"},"canonical":"https:\/\/www.ghostysky.com\/pt\/produto-2\/ouster-os2-128-rev7\/","og_locale":"pt_PT","og_type":"article","og_title":"Ouster OS2-128 Rev7 - Ghostysky","og_description":"The Ouster OS2-128 Rev7 is a high-performance, long-range imaging LiDAR sensor, part of Ouster's second generation of digital LiDAR. It is engineered to deliver high-resolution perception for demanding applications such as highway-speed autonomous driving, large-scale infrastructure monitoring, and long-range industrial automation.","og_url":"https:\/\/www.ghostysky.com\/pt\/produto-2\/ouster-os2-128-rev7\/","og_site_name":"Ghostysky","article_publisher":"https:\/\/www.facebook.com\/people\/Ghostysky\/100057676170234\/","article_modified_time":"2026-02-24T13:44:21+00:00","og_image":[{"width":800,"height":800,"url":"https:\/\/www.ghostysky.com\/wp-content\/uploads\/2025\/10\/GH_Ouster-Ouster-OS0-32-Rev7_1.png","type":"image\/png"}],"twitter_card":"summary_large_image","twitter_site":"@Gh0stysky","twitter_misc":{"Tempo estimado de leitura":"2 minutos"},"schema":{"@context":"https:\/\/schema.org","@graph":[{"@type":"WebPage","@id":"https:\/\/www.ghostysky.com\/product\/ouster-os2-128-rev7\/","url":"https:\/\/www.ghostysky.com\/product\/ouster-os2-128-rev7\/","name":"Ouster OS2-128 Rev7 - Ghostysky","isPartOf":{"@id":"https:\/\/www.ghostysky.com\/#website"},"primaryImageOfPage":{"@id":"https:\/\/www.ghostysky.com\/product\/ouster-os2-128-rev7\/#primaryimage"},"image":{"@id":"https:\/\/www.ghostysky.com\/product\/ouster-os2-128-rev7\/#primaryimage"},"thumbnailUrl":"https:\/\/www.ghostysky.com\/wp-content\/uploads\/2025\/10\/GH_Ouster-Ouster-OS0-32-Rev7_1.png","datePublished":"2025-10-19T10:17:55+00:00","dateModified":"2026-02-24T13:44:21+00:00","description":"O Ouster OS2-128 Rev7 \u00e9 um sensor LiDAR de imagem de longo alcance e alto desempenho, parte da segunda gera\u00e7\u00e3o de LiDAR digitais da Ouster. Ele foi projetado para fornecer percep\u00e7\u00e3o de alta resolu\u00e7\u00e3o para aplica\u00e7\u00f5es exigentes, como dire\u00e7\u00e3o aut\u00f4noma em alta velocidade em rodovias, monitoramento de infraestrutura em larga escala e automa\u00e7\u00e3o industrial de longo alcance.","breadcrumb":{"@id":"https:\/\/www.ghostysky.com\/product\/ouster-os2-128-rev7\/#breadcrumb"},"inLanguage":"pt-PT","potentialAction":[{"@type":"ReadAction","target":["https:\/\/www.ghostysky.com\/product\/ouster-os2-128-rev7\/"]}]},{"@type":"ImageObject","inLanguage":"pt-PT","@id":"https:\/\/www.ghostysky.com\/product\/ouster-os2-128-rev7\/#primaryimage","url":"https:\/\/www.ghostysky.com\/wp-content\/uploads\/2025\/10\/GH_Ouster-Ouster-OS0-32-Rev7_1.png","contentUrl":"https:\/\/www.ghostysky.com\/wp-content\/uploads\/2025\/10\/GH_Ouster-Ouster-OS0-32-Rev7_1.png","width":800,"height":800},{"@type":"BreadcrumbList","@id":"https:\/\/www.ghostysky.com\/product\/ouster-os2-128-rev7\/#breadcrumb","itemListElement":[{"@type":"ListItem","position":1,"name":"Home","item":"https:\/\/www.ghostysky.com\/"},{"@type":"ListItem","position":2,"name":"Shop","item":"https:\/\/www.ghostysky.com\/shop\/"},{"@type":"ListItem","position":3,"name":"Ouster OS2-128 Rev7"}]},{"@type":"WebSite","@id":"https:\/\/www.ghostysky.com\/#website","url":"https:\/\/www.ghostysky.com\/","name":"Ghostysky","description":"Fornecendo drones e servi\u00e7os profissionais","publisher":{"@id":"https:\/\/www.ghostysky.com\/#organization"},"potentialAction":[{"@type":"SearchAction","target":{"@type":"EntryPoint","urlTemplate":"https:\/\/www.ghostysky.com\/?s={search_term_string}"},"query-input":{"@type":"PropertyValueSpecification","valueRequired":true,"valueName":"search_term_string"}}],"inLanguage":"pt-PT"},{"@type":"Organization","@id":"https:\/\/www.ghostysky.com\/#organization","name":"Ghostysky","url":"https:\/\/www.ghostysky.com\/","logo":{"@type":"ImageObject","inLanguage":"pt-PT","@id":"https:\/\/www.ghostysky.com\/#\/schema\/logo\/image\/","url":"https:\/\/www.ghostysky.com\/wp-content\/uploads\/2020\/06\/cropped-ghostyskylogo_text_white2.png","contentUrl":"https:\/\/www.ghostysky.com\/wp-content\/uploads\/2020\/06\/cropped-ghostyskylogo_text_white2.png","width":169,"height":56,"caption":"Ghostysky"},"image":{"@id":"https:\/\/www.ghostysky.com\/#\/schema\/logo\/image\/"},"sameAs":["https:\/\/www.facebook.com\/people\/Ghostysky\/100057676170234\/","https:\/\/x.com\/Gh0stysky","https:\/\/www.linkedin.com\/company\/34739653","https:\/\/www.instagram.com\/gh0stysky"]}]}},"_links":{"self":[{"href":"https:\/\/www.ghostysky.com\/pt\/wp-json\/wp\/v2\/product\/22008","targetHints":{"allow":["GET"]}}],"collection":[{"href":"https:\/\/www.ghostysky.com\/pt\/wp-json\/wp\/v2\/product"}],"about":[{"href":"https:\/\/www.ghostysky.com\/pt\/wp-json\/wp\/v2\/types\/product"}],"replies":[{"embeddable":true,"href":"https:\/\/www.ghostysky.com\/pt\/wp-json\/wp\/v2\/comments?post=22008"}],"wp:featuredmedia":[{"embeddable":true,"href":"https:\/\/www.ghostysky.com\/pt\/wp-json\/wp\/v2\/media\/21979"}],"wp:attachment":[{"href":"https:\/\/www.ghostysky.com\/pt\/wp-json\/wp\/v2\/media?parent=22008"}],"wp:term":[{"taxonomy":"product_brand","embeddable":true,"href":"https:\/\/www.ghostysky.com\/pt\/wp-json\/wp\/v2\/product_brand?post=22008"},{"taxonomy":"product_cat","embeddable":true,"href":"https:\/\/www.ghostysky.com\/pt\/wp-json\/wp\/v2\/product_cat?post=22008"},{"taxonomy":"product_tag","embeddable":true,"href":"https:\/\/www.ghostysky.com\/pt\/wp-json\/wp\/v2\/product_tag?post=22008"}],"curies":[{"name":"wp","href":"https:\/\/api.w.org\/{rel}","templated":true}]}}