{"id":22012,"date":"2025-10-19T12:00:09","date_gmt":"2025-10-19T12:00:09","guid":{"rendered":"https:\/\/www.ghostysky.com\/?post_type=product&#038;p=22012"},"modified":"2026-02-24T13:53:35","modified_gmt":"2026-02-24T13:53:35","slug":"ouster-os0-64-rev7-sr","status":"publish","type":"product","link":"https:\/\/www.ghostysky.com\/pt\/product\/ouster-os0-64-rev7-sr\/","title":{"rendered":"Ouster OS0-64 Rev7 SR"},"content":{"rendered":"<div id=\"model-response-message-contentr_8cade3a3a392d67c\" class=\"markdown markdown-main-panel stronger enable-updated-hr-color\" dir=\"ltr\">\n<div id=\"model-response-message-contentr_13f1f7e95ab2a8ec\" class=\"markdown markdown-main-panel stronger enable-updated-hr-color\" dir=\"ltr\">\n<div id=\"model-response-message-contentr_30f8c942791a5642\" class=\"markdown markdown-main-panel stronger enable-updated-hr-color\" dir=\"ltr\">\n<h4>Principais recursos e especifica\u00e7\u00f5es<\/h4>\n<p><span class=\"citation-543\">O OS0-64 Rev7 SR aproveita a tecnologia propriet\u00e1ria da Ouster <\/span><b><span class=\"citation-543\">Lidar Digital<\/span><\/b><span class=\"citation-543\"> tecnologia, impulsionada pelo novo <\/span><b><span class=\"citation-543\">Chip L3<\/span><\/b><span class=\"citation-543 citation-end-543\">, que proporciona um aumento significativo em desempenho, precis\u00e3o e confiabilidade em rela\u00e7\u00e3o \u00e0s gera\u00e7\u00f5es anteriores.<\/span><\/p>\n<table>\n<thead>\n<tr>\n<td><strong>Recurso<\/strong><\/td>\n<td><strong>Especifica\u00e7\u00e3o \/ Detalhe<\/strong><\/td>\n<\/tr>\n<\/thead>\n<tbody>\n<tr>\n<td><b>Canais (Resolu\u00e7\u00e3o)<\/b><\/td>\n<td>64 canais verticais<\/td>\n<\/tr>\n<tr>\n<td><b>Campo de vis\u00e3o (FOV)<\/b><\/td>\n<td><b>90,8\u00b0<\/b> (Vertical) x <b>360\u00b0<\/b> (Horizontal) para percep\u00e7\u00e3o superior de campo pr\u00f3ximo<\/td>\n<\/tr>\n<tr>\n<td><b>Alcance M\u00e1ximo Represent\u00e1vel<\/b><\/td>\n<td>207 metros<\/td>\n<\/tr>\n<tr>\n<td><b>Alcance (Refletividade 10%)<\/b><\/td>\n<td><span class=\"math-inline\" data-math=\"\\sim 15\\text{ m}\">~~ 15 m<\/span> (&gt;=<span class=\"math-inline\" data-math=\"\\ge 90\\%\"> 90%<\/span> probabilidade de detec\u00e7\u00e3o) em <span class=\"math-inline\" data-math=\"100\\text{ klx}\">100 klx<\/span>\u00a0luz solar<\/td>\n<\/tr>\n<tr>\n<td><b>Alcance m\u00ednimo<\/b><\/td>\n<td><span class=\"math-inline\" data-math=\"0.3\\text{ m}\">0,3m<\/span> (configur\u00e1vel de <span class=\"math-inline\" data-math=\"0.5\\text{ m}\">0,5 m<\/span>\u00a0padr\u00e3o)<\/td>\n<\/tr>\n<tr>\n<td><b>Pontos por segundo<\/b><\/td>\n<td>At\u00e9 <span class=\"math-inline\" data-math=\"1,310,720\">1,310,720<\/span>\u00a0(configur\u00e1vel)<\/td>\n<\/tr>\n<tr>\n<td><b>Precis\u00e3o<\/b><\/td>\n<td><b>N\u00edvel milim\u00e9trico<\/b> precis\u00e3o, <span class=\"math-inline\" data-math=\"\\pm 2.5\\text{ cm}\">+- 2,5 cm<\/span>\u00a0t\u00edpico em alvos lambertianos<\/td>\n<\/tr>\n<tr>\n<td><b>Devolu\u00e7\u00f5es<\/b><\/td>\n<td>At\u00e9 <b>Retornos Duplos<\/b> por pulso de laser para classifica\u00e7\u00e3o aprimorada de objetos<\/td>\n<\/tr>\n<tr>\n<td><b>Sa\u00edda<\/b><\/td>\n<td>Dados 3D em tempo real via UDP sobre Gigabit Ethernet<\/td>\n<\/tr>\n<tr>\n<td><b>Durabilidade e classifica\u00e7\u00e3o<\/b><\/td>\n<td>Formato compacto e robusto com <b>IP68\/IP69K<\/b> prote\u00e7\u00e3o de entrada<\/td>\n<\/tr>\n<tr>\n<td><b>Temperatura de opera\u00e7\u00e3o<\/b><\/td>\n<td><span class=\"math-inline\" data-math=\"-40\\text{ \u00b0C}\">-40 \u00b0C<\/span> para <span class=\"math-inline\" data-math=\"+60\\text{ \u00b0C}\">+60 \u00b0C<\/span><\/td>\n<\/tr>\n<tr>\n<td><b>Peso<\/b><\/td>\n<td>Leve, aproximadamente <span class=\"math-inline\" data-math=\"502\\text{ g}\">502 g<\/span>\u00a0(com tampa radial)<\/td>\n<\/tr>\n<tr>\n<td><b>Tecnologia<\/b><\/td>\n<td>Propriet\u00e1rio <b>SPAD<\/b> Detectores (diodo de avalanche de f\u00f3ton \u00fanico) e chip L3<\/td>\n<\/tr>\n<\/tbody>\n<\/table>\n<h4>Vantagens e Aplica\u00e7\u00f5es<\/h4>\n<h4>Desempenho e confiabilidade<\/h4>\n<ul>\n<li><b>Vis\u00e3o ultra-ampla:<\/b><span class=\"citation-542 citation-end-542\"> O <\/span><span class=\"math-inline\" data-math=\"90^{\\circ}\">90\u00ba <\/span><span class=\"citation-541 citation-end-541\">O campo de vis\u00e3o vertical permite que o sensor veja do ch\u00e3o ao teto\/topo de um ve\u00edculo, crucial para detectar meio-fios, paletes ou obst\u00e1culos elevados nas proximidades.<\/span><\/li>\n<li><b><span class=\"citation-540\">Dados de alta qualidade:<\/span><\/b><span class=\"citation-540 citation-end-540\"> Ele fornece nuvens de pontos limpas e densas, al\u00e9m de dados de sinal e infravermelho pr\u00f3ximo de n\u00edvel de c\u00e2mera 2D alinhados por pixels, mesmo em condi\u00e7\u00f5es desafiadoras como poeira ou neblina, gra\u00e7as aos retornos duplos e \u00e0 supress\u00e3o de diafonia multissensor.<\/span><\/li>\n<li><b><span class=\"citation-539\">Design robusto:<\/span><\/b><span class=\"citation-539 citation-end-539\"> Desenvolvido para confiabilidade no mundo real com componentes de n\u00edvel automotivo, o sensor \u00e9 resistente a choques, vibra\u00e7\u00f5es e temperaturas extremas, o que o torna adequado para ambientes internos e externos, independentemente do clima.<\/span><\/li>\n<\/ul>\n<h4>Facilidade de integra\u00e7\u00e3o<\/h4>\n<ul>\n<li><b>Tamanho compacto:<\/b><span class=\"citation-538 citation-end-538\"> Seu tamanho pequeno e peso leve permitem integra\u00e7\u00e3o f\u00e1cil e perfeita em drones, rob\u00f4s m\u00f3veis e ve\u00edculos.<\/span><\/li>\n<li><b>Pronto para Autonomia:<\/b><span class=\"citation-537\"> Suporta padr\u00f5es da ind\u00fastria <\/span><b><span class=\"citation-537\">Ethernet GigE<\/span><\/b><span class=\"citation-537\"> conectividade, com c\u00f3digo aberto <\/span><b><span class=\"citation-537\">ROS\/ROS2<\/span><\/b><span class=\"citation-537 citation-end-537\"> e drivers C++, simplificando o desenvolvimento e a implanta\u00e7\u00e3o.<\/span><\/li>\n<\/ul>\n<h4>Aplica\u00e7\u00f5es ideais<\/h4>\n<p>O OS0-64 Rev7 SR \u00e9 otimizado principalmente para <b>percep\u00e7\u00e3o de curto alcance e alta resolu\u00e7\u00e3o<\/b> em \u00e1reas como:<\/p>\n<ul>\n<li><b><span class=\"citation-536\">Rob\u00f4s M\u00f3veis Aut\u00f4nomos (AMRs)<\/span><\/b><span class=\"citation-536\"> e <\/span><b><span class=\"citation-536 citation-end-536\">Automa\u00e7\u00e3o de Armaz\u00e9ns<\/span><\/b><\/li>\n<li><b>Rob\u00f3tica<\/b> e <b>Drones<\/b><\/li>\n<li><b><span class=\"citation-535\">Ve\u00edculos Aut\u00f4nomos (VAs)<\/span><\/b><span class=\"citation-535\"> e <\/span><b><span class=\"citation-535\">ADAS<\/span><\/b><span class=\"citation-535 citation-end-535\"> (Sistemas Avan\u00e7ados de Assist\u00eancia ao Condutor) para percep\u00e7\u00e3o de campo pr\u00f3ximo<\/span><\/li>\n<li><b>Mapeamento 3D de alta precis\u00e3o<\/b> para ambientes internos e urbanos<\/li>\n<\/ul>\n<\/div>\n<\/div>\n<\/div>","protected":false},"excerpt":{"rendered":"<p><span class=\"citation-545\">O Ouster OS0-64 Rev7 SR \u00e9 um compacto e de alto desempenho <\/span><b><span class=\"citation-545\">sensor LiDAR digital de campo de vis\u00e3o ultra amplo (FOV)<\/span><\/b><span class=\"citation-545 citation-end-545\"> projetado para percep\u00e7\u00e3o de curto alcance e alta precis\u00e3o em aplica\u00e7\u00f5es exigentes como rob\u00f3tica, automa\u00e7\u00e3o de armaz\u00e9ns e ve\u00edculos aut\u00f4nomos (VAs).<\/span><\/p>\n<p><span class=\"citation-544\">A designa\u00e7\u00e3o \u201cSR\u201d significa <\/span><b><span class=\"citation-544\">Curto alcance<\/span><\/b><span class=\"citation-544\">, otimizando o sensor para detec\u00e7\u00e3o de proximidade e mapeamento ambiental detalhado, enquanto o <\/span><b><span class=\"citation-544\">64 canais<\/span><\/b><span class=\"citation-544 citation-end-544\"> fornecer uma nuvem de pontos densa e de alta resolu\u00e7\u00e3o.<\/span><\/p>","protected":false},"featured_media":21979,"comment_status":"open","ping_status":"closed","template":"","meta":[],"product_brand":[1140],"product_cat":[1139,1037,1040],"product_tag":[1142,1141,1143],"class_list":{"0":"post-22012","1":"product","2":"type-product","3":"status-publish","4":"has-post-thumbnail","6":"product_brand-ouster","7":"product_cat-ouster-lidars","8":"product_cat-robotics","9":"product_cat-sensors-robotics","10":"product_tag-ouster-dome-lidar","11":"product_tag-ouster-lidars","12":"product_tag-ouster-rev7-sr-series","14":"first","15":"onbackorder","16":"taxable","17":"shipping-taxable","18":"purchasable","19":"product-type-simple"},"yoast_head":"<!-- This site is optimized with the Yoast SEO plugin v27.1.1 - https:\/\/yoast.com\/product\/yoast-seo-wordpress\/ -->\n<title>Ouster OS0-64 Rev7 SR - Ghostysky<\/title>\n<meta name=\"description\" content=\"The Ouster OS0-64 Rev7 SR is a compact, high-performance ultra-wide field-of-view (FOV) digital LiDAR sensor designed for short-range, high-precision perception in demanding applications like robotics, warehouse automation, and autonomous vehicles (AVs).The &quot;SR&quot; designation stands for Short Range, optimizing the sensor for close-quarters detection and detailed environmental mapping, while the 64 channels provide a high-resolution, dense point cloud.\" \/>\n<meta name=\"robots\" content=\"index, follow, max-snippet:-1, max-image-preview:large, max-video-preview:-1\" \/>\n<link rel=\"canonical\" href=\"https:\/\/www.ghostysky.com\/pt\/produto-2\/ouster-os0-64-rev7-sr\/\" \/>\n<meta property=\"og:locale\" content=\"pt_PT\" \/>\n<meta property=\"og:type\" content=\"article\" \/>\n<meta property=\"og:title\" content=\"Ouster OS0-64 Rev7 SR - Ghostysky\" \/>\n<meta property=\"og:description\" content=\"The Ouster OS0-64 Rev7 SR is a compact, high-performance ultra-wide field-of-view (FOV) digital LiDAR sensor designed for short-range, high-precision perception in demanding applications like robotics, warehouse automation, and autonomous vehicles (AVs).The &quot;SR&quot; designation stands for Short Range, optimizing the sensor for close-quarters detection and detailed environmental mapping, while the 64 channels provide a high-resolution, dense point cloud.\" \/>\n<meta property=\"og:url\" content=\"https:\/\/www.ghostysky.com\/pt\/produto-2\/ouster-os0-64-rev7-sr\/\" \/>\n<meta property=\"og:site_name\" content=\"Ghostysky\" \/>\n<meta property=\"article:publisher\" content=\"https:\/\/www.facebook.com\/people\/Ghostysky\/100057676170234\/\" \/>\n<meta property=\"article:modified_time\" content=\"2026-02-24T13:53:35+00:00\" \/>\n<meta property=\"og:image\" content=\"https:\/\/www.ghostysky.com\/wp-content\/uploads\/2025\/10\/GH_Ouster-Ouster-OS0-32-Rev7_1.png\" \/>\n\t<meta property=\"og:image:width\" content=\"800\" \/>\n\t<meta property=\"og:image:height\" content=\"800\" \/>\n\t<meta property=\"og:image:type\" content=\"image\/png\" \/>\n<meta name=\"twitter:card\" content=\"summary_large_image\" \/>\n<meta name=\"twitter:site\" content=\"@Gh0stysky\" \/>\n<meta name=\"twitter:label1\" content=\"Tempo estimado de leitura\" \/>\n\t<meta name=\"twitter:data1\" content=\"2 minutos\" \/>\n<script type=\"application\/ld+json\" class=\"yoast-schema-graph\">{\"@context\":\"https:\/\/schema.org\",\"@graph\":[{\"@type\":\"WebPage\",\"@id\":\"https:\/\/www.ghostysky.com\/product\/ouster-os0-64-rev7-sr\/\",\"url\":\"https:\/\/www.ghostysky.com\/product\/ouster-os0-64-rev7-sr\/\",\"name\":\"Ouster OS0-64 Rev7 SR - Ghostysky\",\"isPartOf\":{\"@id\":\"https:\/\/www.ghostysky.com\/#website\"},\"primaryImageOfPage\":{\"@id\":\"https:\/\/www.ghostysky.com\/product\/ouster-os0-64-rev7-sr\/#primaryimage\"},\"image\":{\"@id\":\"https:\/\/www.ghostysky.com\/product\/ouster-os0-64-rev7-sr\/#primaryimage\"},\"thumbnailUrl\":\"https:\/\/www.ghostysky.com\/wp-content\/uploads\/2025\/10\/GH_Ouster-Ouster-OS0-32-Rev7_1.png\",\"datePublished\":\"2025-10-19T12:00:09+00:00\",\"dateModified\":\"2026-02-24T13:53:35+00:00\",\"description\":\"The Ouster OS0-64 Rev7 SR is a compact, high-performance ultra-wide field-of-view (FOV) digital LiDAR sensor designed for short-range, high-precision perception in demanding applications like robotics, warehouse automation, and autonomous vehicles (AVs).The \\\"SR\\\" designation stands for Short Range, optimizing the sensor for close-quarters detection and detailed environmental mapping, while the 64 channels provide a high-resolution, dense point cloud.\",\"breadcrumb\":{\"@id\":\"https:\/\/www.ghostysky.com\/product\/ouster-os0-64-rev7-sr\/#breadcrumb\"},\"inLanguage\":\"pt-PT\",\"potentialAction\":[{\"@type\":\"ReadAction\",\"target\":[\"https:\/\/www.ghostysky.com\/product\/ouster-os0-64-rev7-sr\/\"]}]},{\"@type\":\"ImageObject\",\"inLanguage\":\"pt-PT\",\"@id\":\"https:\/\/www.ghostysky.com\/product\/ouster-os0-64-rev7-sr\/#primaryimage\",\"url\":\"https:\/\/www.ghostysky.com\/wp-content\/uploads\/2025\/10\/GH_Ouster-Ouster-OS0-32-Rev7_1.png\",\"contentUrl\":\"https:\/\/www.ghostysky.com\/wp-content\/uploads\/2025\/10\/GH_Ouster-Ouster-OS0-32-Rev7_1.png\",\"width\":800,\"height\":800},{\"@type\":\"BreadcrumbList\",\"@id\":\"https:\/\/www.ghostysky.com\/product\/ouster-os0-64-rev7-sr\/#breadcrumb\",\"itemListElement\":[{\"@type\":\"ListItem\",\"position\":1,\"name\":\"Home\",\"item\":\"https:\/\/www.ghostysky.com\/\"},{\"@type\":\"ListItem\",\"position\":2,\"name\":\"Shop\",\"item\":\"https:\/\/www.ghostysky.com\/shop\/\"},{\"@type\":\"ListItem\",\"position\":3,\"name\":\"Ouster OS0-64 Rev7 SR\"}]},{\"@type\":\"WebSite\",\"@id\":\"https:\/\/www.ghostysky.com\/#website\",\"url\":\"https:\/\/www.ghostysky.com\/\",\"name\":\"Ghostysky\",\"description\":\"Delivering professional drones and services\",\"publisher\":{\"@id\":\"https:\/\/www.ghostysky.com\/#organization\"},\"potentialAction\":[{\"@type\":\"SearchAction\",\"target\":{\"@type\":\"EntryPoint\",\"urlTemplate\":\"https:\/\/www.ghostysky.com\/?s={search_term_string}\"},\"query-input\":{\"@type\":\"PropertyValueSpecification\",\"valueRequired\":true,\"valueName\":\"search_term_string\"}}],\"inLanguage\":\"pt-PT\"},{\"@type\":\"Organization\",\"@id\":\"https:\/\/www.ghostysky.com\/#organization\",\"name\":\"Ghostysky\",\"url\":\"https:\/\/www.ghostysky.com\/\",\"logo\":{\"@type\":\"ImageObject\",\"inLanguage\":\"pt-PT\",\"@id\":\"https:\/\/www.ghostysky.com\/#\/schema\/logo\/image\/\",\"url\":\"https:\/\/www.ghostysky.com\/wp-content\/uploads\/2020\/06\/cropped-ghostyskylogo_text_white2.png\",\"contentUrl\":\"https:\/\/www.ghostysky.com\/wp-content\/uploads\/2020\/06\/cropped-ghostyskylogo_text_white2.png\",\"width\":169,\"height\":56,\"caption\":\"Ghostysky\"},\"image\":{\"@id\":\"https:\/\/www.ghostysky.com\/#\/schema\/logo\/image\/\"},\"sameAs\":[\"https:\/\/www.facebook.com\/people\/Ghostysky\/100057676170234\/\",\"https:\/\/x.com\/Gh0stysky\",\"https:\/\/www.linkedin.com\/company\/34739653\",\"https:\/\/www.instagram.com\/gh0stysky\"]}]}<\/script>\n<!-- \/ Yoast SEO plugin. -->","yoast_head_json":{"title":"Ouster OS0-64 Rev7 SR - Ghostysky","description":"O Ouster OS0-64 Rev7 SR \u00e9 um sensor LiDAR digital compacto, de alto desempenho e com campo de vis\u00e3o (FOV) ultra amplo, projetado para percep\u00e7\u00e3o de curto alcance e alta precis\u00e3o em aplica\u00e7\u00f5es exigentes, como rob\u00f3tica, automa\u00e7\u00e3o de armaz\u00e9ns e ve\u00edculos aut\u00f4nomos (VAs). A designa\u00e7\u00e3o &quot;SR&quot; significa curto alcance, otimizando o sensor para detec\u00e7\u00e3o em ambientes fechados e mapeamento ambiental detalhado, enquanto os 64 canais fornecem uma nuvem de pontos densa e de alta resolu\u00e7\u00e3o.","robots":{"index":"index","follow":"follow","max-snippet":"max-snippet:-1","max-image-preview":"max-image-preview:large","max-video-preview":"max-video-preview:-1"},"canonical":"https:\/\/www.ghostysky.com\/pt\/produto-2\/ouster-os0-64-rev7-sr\/","og_locale":"pt_PT","og_type":"article","og_title":"Ouster OS0-64 Rev7 SR - Ghostysky","og_description":"The Ouster OS0-64 Rev7 SR is a compact, high-performance ultra-wide field-of-view (FOV) digital LiDAR sensor designed for short-range, high-precision perception in demanding applications like robotics, warehouse automation, and autonomous vehicles (AVs).The \"SR\" designation stands for Short Range, optimizing the sensor for close-quarters detection and detailed environmental mapping, while the 64 channels provide a high-resolution, dense point cloud.","og_url":"https:\/\/www.ghostysky.com\/pt\/produto-2\/ouster-os0-64-rev7-sr\/","og_site_name":"Ghostysky","article_publisher":"https:\/\/www.facebook.com\/people\/Ghostysky\/100057676170234\/","article_modified_time":"2026-02-24T13:53:35+00:00","og_image":[{"width":800,"height":800,"url":"https:\/\/www.ghostysky.com\/wp-content\/uploads\/2025\/10\/GH_Ouster-Ouster-OS0-32-Rev7_1.png","type":"image\/png"}],"twitter_card":"summary_large_image","twitter_site":"@Gh0stysky","twitter_misc":{"Tempo estimado de leitura":"2 minutos"},"schema":{"@context":"https:\/\/schema.org","@graph":[{"@type":"WebPage","@id":"https:\/\/www.ghostysky.com\/product\/ouster-os0-64-rev7-sr\/","url":"https:\/\/www.ghostysky.com\/product\/ouster-os0-64-rev7-sr\/","name":"Ouster OS0-64 Rev7 SR - Ghostysky","isPartOf":{"@id":"https:\/\/www.ghostysky.com\/#website"},"primaryImageOfPage":{"@id":"https:\/\/www.ghostysky.com\/product\/ouster-os0-64-rev7-sr\/#primaryimage"},"image":{"@id":"https:\/\/www.ghostysky.com\/product\/ouster-os0-64-rev7-sr\/#primaryimage"},"thumbnailUrl":"https:\/\/www.ghostysky.com\/wp-content\/uploads\/2025\/10\/GH_Ouster-Ouster-OS0-32-Rev7_1.png","datePublished":"2025-10-19T12:00:09+00:00","dateModified":"2026-02-24T13:53:35+00:00","description":"O Ouster OS0-64 Rev7 SR \u00e9 um sensor LiDAR digital compacto, de alto desempenho e com campo de vis\u00e3o (FOV) ultra amplo, projetado para percep\u00e7\u00e3o de curto alcance e alta precis\u00e3o em aplica\u00e7\u00f5es exigentes, como rob\u00f3tica, automa\u00e7\u00e3o de armaz\u00e9ns e ve\u00edculos aut\u00f4nomos (VAs). A designa\u00e7\u00e3o &quot;SR&quot; significa curto alcance, otimizando o sensor para detec\u00e7\u00e3o em ambientes fechados e mapeamento ambiental detalhado, enquanto os 64 canais fornecem uma nuvem de pontos densa e de alta resolu\u00e7\u00e3o.","breadcrumb":{"@id":"https:\/\/www.ghostysky.com\/product\/ouster-os0-64-rev7-sr\/#breadcrumb"},"inLanguage":"pt-PT","potentialAction":[{"@type":"ReadAction","target":["https:\/\/www.ghostysky.com\/product\/ouster-os0-64-rev7-sr\/"]}]},{"@type":"ImageObject","inLanguage":"pt-PT","@id":"https:\/\/www.ghostysky.com\/product\/ouster-os0-64-rev7-sr\/#primaryimage","url":"https:\/\/www.ghostysky.com\/wp-content\/uploads\/2025\/10\/GH_Ouster-Ouster-OS0-32-Rev7_1.png","contentUrl":"https:\/\/www.ghostysky.com\/wp-content\/uploads\/2025\/10\/GH_Ouster-Ouster-OS0-32-Rev7_1.png","width":800,"height":800},{"@type":"BreadcrumbList","@id":"https:\/\/www.ghostysky.com\/product\/ouster-os0-64-rev7-sr\/#breadcrumb","itemListElement":[{"@type":"ListItem","position":1,"name":"Home","item":"https:\/\/www.ghostysky.com\/"},{"@type":"ListItem","position":2,"name":"Shop","item":"https:\/\/www.ghostysky.com\/shop\/"},{"@type":"ListItem","position":3,"name":"Ouster OS0-64 Rev7 SR"}]},{"@type":"WebSite","@id":"https:\/\/www.ghostysky.com\/#website","url":"https:\/\/www.ghostysky.com\/","name":"Ghostysky","description":"Fornecendo drones e servi\u00e7os profissionais","publisher":{"@id":"https:\/\/www.ghostysky.com\/#organization"},"potentialAction":[{"@type":"SearchAction","target":{"@type":"EntryPoint","urlTemplate":"https:\/\/www.ghostysky.com\/?s={search_term_string}"},"query-input":{"@type":"PropertyValueSpecification","valueRequired":true,"valueName":"search_term_string"}}],"inLanguage":"pt-PT"},{"@type":"Organization","@id":"https:\/\/www.ghostysky.com\/#organization","name":"Ghostysky","url":"https:\/\/www.ghostysky.com\/","logo":{"@type":"ImageObject","inLanguage":"pt-PT","@id":"https:\/\/www.ghostysky.com\/#\/schema\/logo\/image\/","url":"https:\/\/www.ghostysky.com\/wp-content\/uploads\/2020\/06\/cropped-ghostyskylogo_text_white2.png","contentUrl":"https:\/\/www.ghostysky.com\/wp-content\/uploads\/2020\/06\/cropped-ghostyskylogo_text_white2.png","width":169,"height":56,"caption":"Ghostysky"},"image":{"@id":"https:\/\/www.ghostysky.com\/#\/schema\/logo\/image\/"},"sameAs":["https:\/\/www.facebook.com\/people\/Ghostysky\/100057676170234\/","https:\/\/x.com\/Gh0stysky","https:\/\/www.linkedin.com\/company\/34739653","https:\/\/www.instagram.com\/gh0stysky"]}]}},"_links":{"self":[{"href":"https:\/\/www.ghostysky.com\/pt\/wp-json\/wp\/v2\/product\/22012","targetHints":{"allow":["GET"]}}],"collection":[{"href":"https:\/\/www.ghostysky.com\/pt\/wp-json\/wp\/v2\/product"}],"about":[{"href":"https:\/\/www.ghostysky.com\/pt\/wp-json\/wp\/v2\/types\/product"}],"replies":[{"embeddable":true,"href":"https:\/\/www.ghostysky.com\/pt\/wp-json\/wp\/v2\/comments?post=22012"}],"wp:featuredmedia":[{"embeddable":true,"href":"https:\/\/www.ghostysky.com\/pt\/wp-json\/wp\/v2\/media\/21979"}],"wp:attachment":[{"href":"https:\/\/www.ghostysky.com\/pt\/wp-json\/wp\/v2\/media?parent=22012"}],"wp:term":[{"taxonomy":"product_brand","embeddable":true,"href":"https:\/\/www.ghostysky.com\/pt\/wp-json\/wp\/v2\/product_brand?post=22012"},{"taxonomy":"product_cat","embeddable":true,"href":"https:\/\/www.ghostysky.com\/pt\/wp-json\/wp\/v2\/product_cat?post=22012"},{"taxonomy":"product_tag","embeddable":true,"href":"https:\/\/www.ghostysky.com\/pt\/wp-json\/wp\/v2\/product_tag?post=22012"}],"curies":[{"name":"wp","href":"https:\/\/api.w.org\/{rel}","templated":true}]}}