{"id":22014,"date":"2025-10-19T12:04:30","date_gmt":"2025-10-19T12:04:30","guid":{"rendered":"https:\/\/www.ghostysky.com\/?post_type=product&#038;p=22014"},"modified":"2026-02-24T14:00:27","modified_gmt":"2026-02-24T14:00:27","slug":"ouster-os0-128-rev7-sr","status":"publish","type":"product","link":"https:\/\/www.ghostysky.com\/pt\/product\/ouster-os0-128-rev7-sr\/","title":{"rendered":"Ouster OS0-128 Rev7 SR"},"content":{"rendered":"<div id=\"model-response-message-contentr_8cade3a3a392d67c\" class=\"markdown markdown-main-panel stronger enable-updated-hr-color\" dir=\"ltr\">\n<div id=\"model-response-message-contentr_13f1f7e95ab2a8ec\" class=\"markdown markdown-main-panel stronger enable-updated-hr-color\" dir=\"ltr\">\n<div id=\"model-response-message-contentr_30f8c942791a5642\" class=\"markdown markdown-main-panel stronger enable-updated-hr-color\" dir=\"ltr\">\n<h4>Principais recursos e benef\u00edcios<\/h4>\n<ul>\n<li><b><span class=\"citation-574\">Campo de vis\u00e3o vertical (FOV) ultra-amplo:<\/span><\/b><span class=\"citation-574 citation-end-574\"> Oferece um l\u00edder do setor <\/span><span class=\"math-inline\" data-math=\"\\mathbf{90^\\circ}\">90\u00ba <\/span><span class=\"citation-573 citation-end-573\">Campo de vis\u00e3o vertical (+-<\/span><span class=\"math-inline\" data-math=\"\\pm 45^\\circ\"> 45\u00ba <\/span><span class=\"citation-572 citation-end-572\">) e um <\/span><span class=\"math-inline\" data-math=\"\\mathbf{360^\\circ}\">360\u00ba <\/span><span class=\"citation-571 citation-end-571\">campo de vis\u00e3o horizontal, garantindo cobertura abrangente do ch\u00e3o at\u00e9 obst\u00e1culos acima da cabe\u00e7a.<\/span> Isso \u00e9 essencial para a percep\u00e7\u00e3o de campo pr\u00f3ximo, permitindo ver meios-fios, paletes ou pessoas bem pr\u00f3ximas ao sensor.<\/li>\n<li><b><span class=\"citation-570\">Alta resolu\u00e7\u00e3o:<\/span><\/b><span class=\"citation-570\"> Recursos <\/span><b><span class=\"citation-570\">128 canais<\/span><\/b><span class=\"citation-570\"> de resolu\u00e7\u00e3o vertical, permitindo a gera\u00e7\u00e3o de nuvens de pontos ultradensas e limpas com at\u00e9 <\/span><b><span class=\"citation-570\">5,2 milh\u00f5es de pontos por segundo (MPS)<\/span><\/b><span class=\"citation-570 citation-end-570\">.<\/span> <span class=\"citation-569 citation-end-569\">Esses dados de alta resolu\u00e7\u00e3o s\u00e3o essenciais para uma classifica\u00e7\u00e3o precisa de objetos e um mapeamento 3D n\u00edtido.<\/span><\/li>\n<li><b>Desempenho otimizado de curto alcance:<\/b> Com um configur\u00e1vel <b>alcance m\u00ednimo de apenas 0,3 m<\/b>, o sensor \u00e9 ideal para manobras em espa\u00e7os apertados, como armaz\u00e9ns ou \u00e1reas urbanas lotadas.<\/li>\n<li><b>Maior alcance:<\/b><span class=\"citation-568 citation-end-568\"> O Rev7, equipado com o chip L3, oferece um aumento pr\u00e1tico de alcance em rela\u00e7\u00e3o \u00e0s vers\u00f5es anteriores.<\/span> <span class=\"citation-567\">As especifica\u00e7\u00f5es t\u00edpicas incluem uma faixa de at\u00e9 <\/span><b><span class=\"citation-567\">35 m em um alvo refletivo 10%<\/span><\/b><span class=\"citation-567 citation-end-567\"> e uma faixa m\u00e1xima de medi\u00e7\u00e3o frequentemente superior a 100 m.<\/span><\/li>\n<li><b>Confiabilidade do Lidar Digital:<\/b><span class=\"citation-566\"> Constru\u00eddo com um design digital simples de estado s\u00f3lido e componentes de n\u00edvel automotivo, o OS0-128 Rev7 SR possui um longo tempo m\u00e9dio de falha (<\/span><b><span class=\"citation-566\">MTTF<\/span><\/b><span class=\"citation-566 citation-end-566\"> &gt;250.000 horas) e foi projetado para suportar ambientes operacionais adversos, incluindo uma faixa de temperatura operacional de\u00a0<\/span><span class=\"math-inline\" data-math=\"-40^\\circ \\text{C}\">-40\u00ba C<\/span><span class=\"citation-565 citation-end-565\"> para <\/span><span class=\"math-inline\" data-math=\"+60^\\circ \\text{C}\">+60\u00baC<\/span><span class=\"citation-564 citation-end-564\">.<\/span><\/li>\n<li><b>Robusto e compacto:<\/b> O sensor \u00e9 leve (aprox. <span class=\"math-inline\" data-math=\"\\mathbf{430}\">430<\/span><span class=\"citation-563 citation-end-563\">g sem tampa) e compacto (Di\u00e2metro: <\/span><span class=\"math-inline\" data-math=\"\\mathbf{87}\">87<\/span><span class=\"citation-562\">\u00a0mm), apresentando uma classifica\u00e7\u00e3o de prote\u00e7\u00e3o de entrada de <\/span><b><span class=\"citation-562\">IP68\/IP69K<\/span><\/b><span class=\"citation-562 citation-end-562\"> para opera\u00e7\u00e3o em todas as condi\u00e7\u00f5es clim\u00e1ticas e em todas as condi\u00e7\u00f5es.<\/span><\/li>\n<li><b><span class=\"citation-561\">Sa\u00edda de dados avan\u00e7ada:<\/span><\/b><span class=\"citation-561\"> Fornece n\u00e3o apenas dados de alcance, mas tamb\u00e9m <\/span><b><span class=\"citation-561\">refletividade calibrada<\/span><\/b><span class=\"citation-561\"> e <\/span><b><span class=\"citation-561\">dados de sinal e infravermelho pr\u00f3ximo (NIR) de n\u00edvel de c\u00e2mera<\/span><\/b><span class=\"citation-561\">, aprimorando algoritmos de percep\u00e7\u00e3o e permitindo dados mais claros mesmo em condi\u00e7\u00f5es de poeira ou neblina por meio de seus <\/span><b><span class=\"citation-561\">Retorno duplo<\/span><\/b><span class=\"citation-561 citation-end-561\"> modo.<\/span><\/li>\n<\/ul>\n<h4>Especifica\u00e7\u00f5es T\u00e9cnicas (Resumo)<\/h4>\n<table>\n<thead>\n<tr>\n<td><strong>Recurso<\/strong><\/td>\n<td><strong>Especifica\u00e7\u00f5es<\/strong><\/td>\n<\/tr>\n<\/thead>\n<tbody>\n<tr>\n<td><b>Resolu\u00e7\u00e3o Vertical<\/b><\/td>\n<td>128 canais<\/td>\n<\/tr>\n<tr>\n<td><b>Campo de vis\u00e3o vertical<\/b><\/td>\n<td><span class=\"math-inline\" data-math=\"90^\\circ\">90\u00ba<\/span> (<span class=\"math-inline\" data-math=\"\\pm 45^\\circ\">+- 45\u00ba<\/span>)<\/td>\n<\/tr>\n<tr>\n<td><b>Campo de vis\u00e3o horizontal<\/b><\/td>\n<td><span class=\"math-inline\" data-math=\"360^\\circ\">360\u00ba<\/span><\/td>\n<\/tr>\n<tr>\n<td><b>M\u00e1ximo de pontos por segundo<\/b><\/td>\n<td>At\u00e9 5.242.880<\/td>\n<\/tr>\n<tr>\n<td><b>Alcance (Refletividade 10%)<\/b><\/td>\n<td>Aproximadamente 15 m (perfil SR) at\u00e9 35 m (padr\u00e3o OS0-128 Rev7) a 100 klx de luz solar<\/td>\n<\/tr>\n<tr>\n<td><b>Alcance m\u00ednimo<\/b><\/td>\n<td><span class=\"math-inline\" data-math=\"0.3\">0.3<\/span>\u00a0m (configur\u00e1vel)<\/td>\n<\/tr>\n<tr>\n<td><b>Precis\u00e3o<\/b><\/td>\n<td>Alta precis\u00e3o (por exemplo, <span class=\"math-inline\" data-math=\"\\pm 1\">+- 1<\/span>\u00a0cm para <span class=\"math-inline\" data-math=\"\\pm 5\">+- 5<\/span>\u00a0cm alcance t\u00edpico dependendo da dist\u00e2ncia\/refletividade)<\/td>\n<\/tr>\n<tr>\n<td><b>Temperatura de opera\u00e7\u00e3o<\/b><\/td>\n<td><span class=\"math-inline\" data-math=\"-40^\\circ \\text{C}\">-40\u00baC<\/span> para <span class=\"math-inline\" data-math=\"+60^\\circ \\text{C}\">+60\u00baC<\/span><\/td>\n<\/tr>\n<tr>\n<td><b>Prote\u00e7\u00e3o de entrada<\/b><\/td>\n<td>IP68 \/ IP69K<\/td>\n<\/tr>\n<tr>\n<td><b>Interface<\/b><\/td>\n<td>UDP sobre Gigabit Ethernet (op\u00e7\u00e3o automotiva 1000BASE-T ou 1000BASE-T1)<\/td>\n<\/tr>\n<tr>\n<td><b>Devolu\u00e7\u00f5es<\/b><\/td>\n<td>At\u00e9 2 (modo de retorno duplo)<\/td>\n<\/tr>\n<tr>\n<td><b>Taxa de rota\u00e7\u00e3o<\/b><\/td>\n<td>10 ou 20 Hz (configur\u00e1vel)<\/td>\n<\/tr>\n<tr>\n<td><b>Peso<\/b><\/td>\n<td>Aprox. 430 g (sem tampa)<\/td>\n<\/tr>\n<\/tbody>\n<\/table>\n<\/div>\n<\/div>\n<\/div>","protected":false},"excerpt":{"rendered":"<p>O <b>Ouster OS0-128 Rev7 SR<\/b> \u00e9 um pr\u00eamio <b>vis\u00e3o ultra-ampla, sensor LiDAR digital de alta resolu\u00e7\u00e3o<\/b> projetado para percep\u00e7\u00e3o exigente de curto alcance em aplica\u00e7\u00f5es como rob\u00f3tica, ve\u00edculos aut\u00f4nomos, automa\u00e7\u00e3o industrial e mapeamento de alta defini\u00e7\u00e3o.<\/p>\n<p><span class=\"citation-575\">Este sensor faz parte da s\u00e9rie OS0 da Ouster, conhecida por seu pequeno formato e amplo campo de vis\u00e3o, mas o modelo Rev7 SR (Short Range) \u00e9 impulsionado pela pr\u00f3xima gera\u00e7\u00e3o <\/span><b><span class=\"citation-575\">Chip L3<\/span><\/b><span class=\"citation-575 citation-end-575\"> para fornecer melhorias significativas em alcance, resolu\u00e7\u00e3o e qualidade de dados para ambientes de curta dist\u00e2ncia.<\/span><\/p>","protected":false},"featured_media":21979,"comment_status":"open","ping_status":"closed","template":"","meta":[],"product_brand":[1140],"product_cat":[1139,1037,1040],"product_tag":[1142,1141,1143],"class_list":{"0":"post-22014","1":"product","2":"type-product","3":"status-publish","4":"has-post-thumbnail","6":"product_brand-ouster","7":"product_cat-ouster-lidars","8":"product_cat-robotics","9":"product_cat-sensors-robotics","10":"product_tag-ouster-dome-lidar","11":"product_tag-ouster-lidars","12":"product_tag-ouster-rev7-sr-series","14":"first","15":"onbackorder","16":"taxable","17":"shipping-taxable","18":"purchasable","19":"product-type-simple"},"yoast_head":"<!-- This site is optimized with the Yoast SEO plugin v27.4 - https:\/\/yoast.com\/product\/yoast-seo-wordpress\/ -->\n<title>Ouster OS0-128 Rev7 SR - Ghostysky<\/title>\n<meta name=\"description\" content=\"The Ouster OS0-128 Rev7 SR is a premium ultra-wide view, high-resolution digital LiDAR sensor engineered for demanding short-range perception in applications like robotics, autonomous vehicles, industrial automation, and high-definition mapping.This sensor is part of Ouster&#039;s OS0 series, known for its small form factor and wide field of view, but the Rev7 SR (Short Range) model is boosted by the next-generation L3 chip to deliver significant improvements in range, resolution, and data quality for close-quarters environments.\" \/>\n<meta name=\"robots\" content=\"index, follow, max-snippet:-1, max-image-preview:large, max-video-preview:-1\" \/>\n<link rel=\"canonical\" href=\"https:\/\/www.ghostysky.com\/pt\/produto-2\/ouster-os0-128-rev7-sr\/\" \/>\n<meta property=\"og:locale\" content=\"pt_PT\" \/>\n<meta property=\"og:type\" content=\"article\" \/>\n<meta property=\"og:title\" content=\"Ouster OS0-128 Rev7 SR - Ghostysky\" \/>\n<meta property=\"og:description\" content=\"The Ouster OS0-128 Rev7 SR is a premium ultra-wide view, high-resolution digital LiDAR sensor engineered for demanding short-range perception in applications like robotics, autonomous vehicles, industrial automation, and high-definition mapping.This sensor is part of Ouster&#039;s OS0 series, known for its small form factor and wide field of view, but the Rev7 SR (Short Range) model is boosted by the next-generation L3 chip to deliver significant improvements in range, resolution, and data quality for close-quarters environments.\" \/>\n<meta property=\"og:url\" content=\"https:\/\/www.ghostysky.com\/pt\/produto-2\/ouster-os0-128-rev7-sr\/\" \/>\n<meta property=\"og:site_name\" content=\"Ghostysky\" \/>\n<meta property=\"article:publisher\" content=\"https:\/\/www.facebook.com\/people\/Ghostysky\/100057676170234\/\" \/>\n<meta property=\"article:modified_time\" content=\"2026-02-24T14:00:27+00:00\" \/>\n<meta property=\"og:image\" content=\"https:\/\/www.ghostysky.com\/wp-content\/uploads\/2025\/10\/GH_Ouster-Ouster-OS0-32-Rev7_1.png\" \/>\n\t<meta property=\"og:image:width\" content=\"800\" \/>\n\t<meta property=\"og:image:height\" content=\"800\" \/>\n\t<meta property=\"og:image:type\" content=\"image\/png\" \/>\n<meta name=\"twitter:card\" content=\"summary_large_image\" \/>\n<meta name=\"twitter:site\" content=\"@Gh0stysky\" \/>\n<meta name=\"twitter:label1\" content=\"Tempo estimado de leitura\" \/>\n\t<meta name=\"twitter:data1\" content=\"2 minutos\" \/>\n<script type=\"application\/ld+json\" class=\"yoast-schema-graph\">{\"@context\":\"https:\\\/\\\/schema.org\",\"@graph\":[{\"@type\":\"WebPage\",\"@id\":\"https:\\\/\\\/www.ghostysky.com\\\/product\\\/ouster-os0-128-rev7-sr\\\/\",\"url\":\"https:\\\/\\\/www.ghostysky.com\\\/product\\\/ouster-os0-128-rev7-sr\\\/\",\"name\":\"Ouster OS0-128 Rev7 SR - Ghostysky\",\"isPartOf\":{\"@id\":\"https:\\\/\\\/www.ghostysky.com\\\/#website\"},\"primaryImageOfPage\":{\"@id\":\"https:\\\/\\\/www.ghostysky.com\\\/product\\\/ouster-os0-128-rev7-sr\\\/#primaryimage\"},\"image\":{\"@id\":\"https:\\\/\\\/www.ghostysky.com\\\/product\\\/ouster-os0-128-rev7-sr\\\/#primaryimage\"},\"thumbnailUrl\":\"https:\\\/\\\/www.ghostysky.com\\\/wp-content\\\/uploads\\\/2025\\\/10\\\/GH_Ouster-Ouster-OS0-32-Rev7_1.png\",\"datePublished\":\"2025-10-19T12:04:30+00:00\",\"dateModified\":\"2026-02-24T14:00:27+00:00\",\"description\":\"The Ouster OS0-128 Rev7 SR is a premium ultra-wide view, high-resolution digital LiDAR sensor engineered for demanding short-range perception in applications like robotics, autonomous vehicles, industrial automation, and high-definition mapping.This sensor is part of Ouster's OS0 series, known for its small form factor and wide field of view, but the Rev7 SR (Short Range) model is boosted by the next-generation L3 chip to deliver significant improvements in range, resolution, and data quality for close-quarters environments.\",\"breadcrumb\":{\"@id\":\"https:\\\/\\\/www.ghostysky.com\\\/product\\\/ouster-os0-128-rev7-sr\\\/#breadcrumb\"},\"inLanguage\":\"pt-PT\",\"potentialAction\":[{\"@type\":\"ReadAction\",\"target\":[\"https:\\\/\\\/www.ghostysky.com\\\/product\\\/ouster-os0-128-rev7-sr\\\/\"]}]},{\"@type\":\"ImageObject\",\"inLanguage\":\"pt-PT\",\"@id\":\"https:\\\/\\\/www.ghostysky.com\\\/product\\\/ouster-os0-128-rev7-sr\\\/#primaryimage\",\"url\":\"https:\\\/\\\/www.ghostysky.com\\\/wp-content\\\/uploads\\\/2025\\\/10\\\/GH_Ouster-Ouster-OS0-32-Rev7_1.png\",\"contentUrl\":\"https:\\\/\\\/www.ghostysky.com\\\/wp-content\\\/uploads\\\/2025\\\/10\\\/GH_Ouster-Ouster-OS0-32-Rev7_1.png\",\"width\":800,\"height\":800},{\"@type\":\"BreadcrumbList\",\"@id\":\"https:\\\/\\\/www.ghostysky.com\\\/product\\\/ouster-os0-128-rev7-sr\\\/#breadcrumb\",\"itemListElement\":[{\"@type\":\"ListItem\",\"position\":1,\"name\":\"Home\",\"item\":\"https:\\\/\\\/www.ghostysky.com\\\/\"},{\"@type\":\"ListItem\",\"position\":2,\"name\":\"Shop\",\"item\":\"https:\\\/\\\/www.ghostysky.com\\\/shop\\\/\"},{\"@type\":\"ListItem\",\"position\":3,\"name\":\"Ouster OS0-128 Rev7 SR\"}]},{\"@type\":\"WebSite\",\"@id\":\"https:\\\/\\\/www.ghostysky.com\\\/#website\",\"url\":\"https:\\\/\\\/www.ghostysky.com\\\/\",\"name\":\"Ghostysky\",\"description\":\"Delivering professional drones and services\",\"publisher\":{\"@id\":\"https:\\\/\\\/www.ghostysky.com\\\/#organization\"},\"potentialAction\":[{\"@type\":\"SearchAction\",\"target\":{\"@type\":\"EntryPoint\",\"urlTemplate\":\"https:\\\/\\\/www.ghostysky.com\\\/?s={search_term_string}\"},\"query-input\":{\"@type\":\"PropertyValueSpecification\",\"valueRequired\":true,\"valueName\":\"search_term_string\"}}],\"inLanguage\":\"pt-PT\"},{\"@type\":\"Organization\",\"@id\":\"https:\\\/\\\/www.ghostysky.com\\\/#organization\",\"name\":\"Ghostysky\",\"url\":\"https:\\\/\\\/www.ghostysky.com\\\/\",\"logo\":{\"@type\":\"ImageObject\",\"inLanguage\":\"pt-PT\",\"@id\":\"https:\\\/\\\/www.ghostysky.com\\\/#\\\/schema\\\/logo\\\/image\\\/\",\"url\":\"https:\\\/\\\/www.ghostysky.com\\\/wp-content\\\/uploads\\\/2020\\\/06\\\/cropped-ghostyskylogo_text_white2.png\",\"contentUrl\":\"https:\\\/\\\/www.ghostysky.com\\\/wp-content\\\/uploads\\\/2020\\\/06\\\/cropped-ghostyskylogo_text_white2.png\",\"width\":169,\"height\":56,\"caption\":\"Ghostysky\"},\"image\":{\"@id\":\"https:\\\/\\\/www.ghostysky.com\\\/#\\\/schema\\\/logo\\\/image\\\/\"},\"sameAs\":[\"https:\\\/\\\/www.facebook.com\\\/people\\\/Ghostysky\\\/100057676170234\\\/\",\"https:\\\/\\\/x.com\\\/Gh0stysky\",\"https:\\\/\\\/www.linkedin.com\\\/company\\\/34739653\",\"https:\\\/\\\/www.instagram.com\\\/gh0stysky\"]}]}<\/script>\n<!-- \/ Yoast SEO plugin. -->","yoast_head_json":{"title":"Ouster OS0-128 Rev7 SR - Ghostysky","description":"O Ouster OS0-128 Rev7 SR \u00e9 um sensor LiDAR digital premium de alta resolu\u00e7\u00e3o e vis\u00e3o ultra-ampla, projetado para percep\u00e7\u00e3o exigente de curto alcance em aplica\u00e7\u00f5es como rob\u00f3tica, ve\u00edculos aut\u00f4nomos, automa\u00e7\u00e3o industrial e mapeamento de alta defini\u00e7\u00e3o. Este sensor faz parte da s\u00e9rie OS0 da Ouster, conhecida por seu pequeno formato e amplo campo de vis\u00e3o, mas o modelo Rev7 SR (curto alcance) \u00e9 aprimorado pelo chip L3 de \u00faltima gera\u00e7\u00e3o para oferecer melhorias significativas em alcance, resolu\u00e7\u00e3o e qualidade de dados para ambientes de curta dist\u00e2ncia.","robots":{"index":"index","follow":"follow","max-snippet":"max-snippet:-1","max-image-preview":"max-image-preview:large","max-video-preview":"max-video-preview:-1"},"canonical":"https:\/\/www.ghostysky.com\/pt\/produto-2\/ouster-os0-128-rev7-sr\/","og_locale":"pt_PT","og_type":"article","og_title":"Ouster OS0-128 Rev7 SR - Ghostysky","og_description":"The Ouster OS0-128 Rev7 SR is a premium ultra-wide view, high-resolution digital LiDAR sensor engineered for demanding short-range perception in applications like robotics, autonomous vehicles, industrial automation, and high-definition mapping.This sensor is part of Ouster's OS0 series, known for its small form factor and wide field of view, but the Rev7 SR (Short Range) model is boosted by the next-generation L3 chip to deliver significant improvements in range, resolution, and data quality for close-quarters environments.","og_url":"https:\/\/www.ghostysky.com\/pt\/produto-2\/ouster-os0-128-rev7-sr\/","og_site_name":"Ghostysky","article_publisher":"https:\/\/www.facebook.com\/people\/Ghostysky\/100057676170234\/","article_modified_time":"2026-02-24T14:00:27+00:00","og_image":[{"width":800,"height":800,"url":"https:\/\/www.ghostysky.com\/wp-content\/uploads\/2025\/10\/GH_Ouster-Ouster-OS0-32-Rev7_1.png","type":"image\/png"}],"twitter_card":"summary_large_image","twitter_site":"@Gh0stysky","twitter_misc":{"Tempo estimado de leitura":"2 minutos"},"schema":{"@context":"https:\/\/schema.org","@graph":[{"@type":"WebPage","@id":"https:\/\/www.ghostysky.com\/product\/ouster-os0-128-rev7-sr\/","url":"https:\/\/www.ghostysky.com\/product\/ouster-os0-128-rev7-sr\/","name":"Ouster OS0-128 Rev7 SR - Ghostysky","isPartOf":{"@id":"https:\/\/www.ghostysky.com\/#website"},"primaryImageOfPage":{"@id":"https:\/\/www.ghostysky.com\/product\/ouster-os0-128-rev7-sr\/#primaryimage"},"image":{"@id":"https:\/\/www.ghostysky.com\/product\/ouster-os0-128-rev7-sr\/#primaryimage"},"thumbnailUrl":"https:\/\/www.ghostysky.com\/wp-content\/uploads\/2025\/10\/GH_Ouster-Ouster-OS0-32-Rev7_1.png","datePublished":"2025-10-19T12:04:30+00:00","dateModified":"2026-02-24T14:00:27+00:00","description":"O Ouster OS0-128 Rev7 SR \u00e9 um sensor LiDAR digital premium de alta resolu\u00e7\u00e3o e vis\u00e3o ultra-ampla, projetado para percep\u00e7\u00e3o exigente de curto alcance em aplica\u00e7\u00f5es como rob\u00f3tica, ve\u00edculos aut\u00f4nomos, automa\u00e7\u00e3o industrial e mapeamento de alta defini\u00e7\u00e3o. Este sensor faz parte da s\u00e9rie OS0 da Ouster, conhecida por seu pequeno formato e amplo campo de vis\u00e3o, mas o modelo Rev7 SR (curto alcance) \u00e9 aprimorado pelo chip L3 de \u00faltima gera\u00e7\u00e3o para oferecer melhorias significativas em alcance, resolu\u00e7\u00e3o e qualidade de dados para ambientes de curta dist\u00e2ncia.","breadcrumb":{"@id":"https:\/\/www.ghostysky.com\/product\/ouster-os0-128-rev7-sr\/#breadcrumb"},"inLanguage":"pt-PT","potentialAction":[{"@type":"ReadAction","target":["https:\/\/www.ghostysky.com\/product\/ouster-os0-128-rev7-sr\/"]}]},{"@type":"ImageObject","inLanguage":"pt-PT","@id":"https:\/\/www.ghostysky.com\/product\/ouster-os0-128-rev7-sr\/#primaryimage","url":"https:\/\/www.ghostysky.com\/wp-content\/uploads\/2025\/10\/GH_Ouster-Ouster-OS0-32-Rev7_1.png","contentUrl":"https:\/\/www.ghostysky.com\/wp-content\/uploads\/2025\/10\/GH_Ouster-Ouster-OS0-32-Rev7_1.png","width":800,"height":800},{"@type":"BreadcrumbList","@id":"https:\/\/www.ghostysky.com\/product\/ouster-os0-128-rev7-sr\/#breadcrumb","itemListElement":[{"@type":"ListItem","position":1,"name":"Home","item":"https:\/\/www.ghostysky.com\/"},{"@type":"ListItem","position":2,"name":"Shop","item":"https:\/\/www.ghostysky.com\/shop\/"},{"@type":"ListItem","position":3,"name":"Ouster OS0-128 Rev7 SR"}]},{"@type":"WebSite","@id":"https:\/\/www.ghostysky.com\/#website","url":"https:\/\/www.ghostysky.com\/","name":"Ghostysky","description":"Fornecendo drones e servi\u00e7os profissionais","publisher":{"@id":"https:\/\/www.ghostysky.com\/#organization"},"potentialAction":[{"@type":"SearchAction","target":{"@type":"EntryPoint","urlTemplate":"https:\/\/www.ghostysky.com\/?s={search_term_string}"},"query-input":{"@type":"PropertyValueSpecification","valueRequired":true,"valueName":"search_term_string"}}],"inLanguage":"pt-PT"},{"@type":"Organization","@id":"https:\/\/www.ghostysky.com\/#organization","name":"Ghostysky","url":"https:\/\/www.ghostysky.com\/","logo":{"@type":"ImageObject","inLanguage":"pt-PT","@id":"https:\/\/www.ghostysky.com\/#\/schema\/logo\/image\/","url":"https:\/\/www.ghostysky.com\/wp-content\/uploads\/2020\/06\/cropped-ghostyskylogo_text_white2.png","contentUrl":"https:\/\/www.ghostysky.com\/wp-content\/uploads\/2020\/06\/cropped-ghostyskylogo_text_white2.png","width":169,"height":56,"caption":"Ghostysky"},"image":{"@id":"https:\/\/www.ghostysky.com\/#\/schema\/logo\/image\/"},"sameAs":["https:\/\/www.facebook.com\/people\/Ghostysky\/100057676170234\/","https:\/\/x.com\/Gh0stysky","https:\/\/www.linkedin.com\/company\/34739653","https:\/\/www.instagram.com\/gh0stysky"]}]}},"_links":{"self":[{"href":"https:\/\/www.ghostysky.com\/pt\/wp-json\/wp\/v2\/product\/22014","targetHints":{"allow":["GET"]}}],"collection":[{"href":"https:\/\/www.ghostysky.com\/pt\/wp-json\/wp\/v2\/product"}],"about":[{"href":"https:\/\/www.ghostysky.com\/pt\/wp-json\/wp\/v2\/types\/product"}],"replies":[{"embeddable":true,"href":"https:\/\/www.ghostysky.com\/pt\/wp-json\/wp\/v2\/comments?post=22014"}],"version-history":[{"count":1,"href":"https:\/\/www.ghostysky.com\/pt\/wp-json\/wp\/v2\/product\/22014\/revisions"}],"predecessor-version":[{"id":24257,"href":"https:\/\/www.ghostysky.com\/pt\/wp-json\/wp\/v2\/product\/22014\/revisions\/24257"}],"wp:featuredmedia":[{"embeddable":true,"href":"https:\/\/www.ghostysky.com\/pt\/wp-json\/wp\/v2\/media\/21979"}],"wp:attachment":[{"href":"https:\/\/www.ghostysky.com\/pt\/wp-json\/wp\/v2\/media?parent=22014"}],"wp:term":[{"taxonomy":"product_brand","embeddable":true,"href":"https:\/\/www.ghostysky.com\/pt\/wp-json\/wp\/v2\/product_brand?post=22014"},{"taxonomy":"product_cat","embeddable":true,"href":"https:\/\/www.ghostysky.com\/pt\/wp-json\/wp\/v2\/product_cat?post=22014"},{"taxonomy":"product_tag","embeddable":true,"href":"https:\/\/www.ghostysky.com\/pt\/wp-json\/wp\/v2\/product_tag?post=22014"}],"curies":[{"name":"wp","href":"https:\/\/api.w.org\/{rel}","templated":true}]}}